{"id":11556,"date":"2023-11-29T10:30:30","date_gmt":"2023-11-29T10:30:30","guid":{"rendered":"https:\/\/moverdb.com\/?page_id=11556"},"modified":"2026-01-08T15:24:11","modified_gmt":"2026-01-08T15:24:11","slug":"moving-companies-us-connecticut","status":"publish","type":"page","link":"https:\/\/moverdb.com\/tr\/moving-companies\/moving-companies-us-connecticut\/","title":{"rendered":"Connecticut'taki En \u0130yi 3 Uluslararas\u0131 Nakliye \u015eirketi"},"content":{"rendered":"<p>E\u011fer ta\u015f\u0131n\u0131yorsan\u0131z, a\u015fa\u011f\u0131daki hizmetleri almak isteyebilirsiniz <a href=\"https:\/\/moverdb.com\/tr\/moving-companies\/\" data-internallinksmanager029f6b8e52c=\"79\" title=\"\u00c7evrimi\u00e7i En \u0130yi 25 Uluslararas\u0131 Nakliye \u015eirketi\">ta\u015finma \u015fi\u0307rketi\u0307<\/a> desteklemek ve y\u00fck\u00fc azaltmak i\u00e7in. Ta\u015f\u0131nman\u0131n planlanmas\u0131, e\u015fyalar\u0131n\u0131z\u0131n paketlenmesi, nakliyenin ayarlanmas\u0131 ve uluslararas\u0131 ta\u015f\u0131nmalarda g\u00fcmr\u00fck i\u015flemlerinin y\u00fcr\u00fct\u00fclmesi konular\u0131nda yard\u0131mc\u0131 olabilirler. A\u015fa\u011f\u0131da a\u015fa\u011f\u0131dakilerin bir listesini derledik <a href=\"https:\/\/moverdb.com\/tr\/moving-to-the-united-states\/moving-to-connecticut\/\" data-internallinksmanager029f6b8e52c=\"444\" title=\"Connecticut&#039;a m\u0131 Ta\u015f\u0131n\u0131yorsunuz? 2026 Ya\u015fam Maliyetleri ve Yer De\u011fi\u015ftirme \u0130pu\u00e7lar\u0131\">Connecticut<\/a> temelli <a href=\"https:\/\/moverdb.com\/tr\/international-removals\/\" data-internallinksmanager029f6b8e52c=\"27\" title=\"36 \u0130ngiltere&#039;deki En \u0130yi Uluslararas\u0131 Nakliye \u015eirketleri\">nakli\u0307ye \u015fi\u0307rketleri\u0307<\/a> \u00fcyesi olan <a href=\"https:\/\/moverdb.com\/tr\/iam\/\" data-internallinksmanager029f6b8e52c=\"23\" title=\"Uluslararas\u0131 Ta\u015f\u0131mac\u0131lar Birli\u011fi (IAM) A\u00e7\u0131klamas\u0131\">Uluslararas\u0131 Ta\u015f\u0131mac\u0131lar Birli\u011fi<\/a> (IAM) ve\/veya <a href=\"https:\/\/moverdb.com\/tr\/fidi-faim\/\" data-internallinksmanager029f6b8e52c=\"16\" title=\"FIDI &amp; FAIM (FIDI Akredite Uluslararas\u0131 Ta\u015f\u0131mac\u0131) A\u00e7\u0131klamas\u0131\">FIDI<\/a> Ta\u015f\u0131nman\u0131zda size yard\u0131mc\u0131 olabilecek Akredite Uluslararas\u0131 Ta\u015f\u0131y\u0131c\u0131 (FAIM).<\/p>\n<h2><strong>1. Brimar Yer De\u011fi\u015ftirme<\/strong><\/h2>\n<p><img loading=\"lazy\" decoding=\"async\" class=\"alignnone size-full wp-image-11277\" src=\"https:\/\/moverdb.com\/wp-content\/uploads\/Brimar-Relocations-international-moving-company.png\" alt=\"Brimar Relocations uluslararas\u0131 ta\u015f\u0131ma \u015firketi\" width=\"1440\" height=\"679\" data-wp-pid=\"11277\" srcset=\"https:\/\/moverdb.com\/wp-content\/uploads\/Brimar-Relocations-international-moving-company.png 1440w, https:\/\/moverdb.com\/wp-content\/uploads\/Brimar-Relocations-international-moving-company-300x141.png 300w, https:\/\/moverdb.com\/wp-content\/uploads\/Brimar-Relocations-international-moving-company-1024x483.png 1024w, https:\/\/moverdb.com\/wp-content\/uploads\/Brimar-Relocations-international-moving-company-18x8.png 18w, https:\/\/moverdb.com\/wp-content\/uploads\/Brimar-Relocations-international-moving-company-600x283.png 600w\" sizes=\"auto, (max-width: 1440px) 100vw, 1440px\" \/><\/p>\n<ul>\n<li>Ulusal hamleler<\/li>\n<li>Uluslararas\u0131 ta\u015f\u0131nmalar<\/li>\n<li>Ev ta\u015f\u0131ma<\/li>\n<li>Kurumsal ta\u015f\u0131nmalar<\/li>\n<li>Kap\u0131dan kap\u0131ya hizmet<\/li>\n<li>Ula\u015f\u0131m d\u00fczenlemeleri<\/li>\n<li>G\u00fcmr\u00fck deste\u011fi<\/li>\n<li>G\u00fczel sanatlar i\u015fleme<\/li>\n<li>Sigorta<\/li>\n<li>Depolama tesisleri<\/li>\n<\/ul>\n<p>Brimar Relocations 2007 y\u0131l\u0131nda kurulmu\u015f uluslararas\u0131 bir ta\u015f\u0131ma \u015firketidir ve merkezi Stamford'dad\u0131r. <a href=\"https:\/\/moverdb.com\/tr\/moving-to-france\/moving-to-paris\/\" data-internallinksmanager029f6b8e52c=\"407\" title=\"Paris&#039;e mi Ta\u015f\u0131n\u0131yorsunuz? 2026 Ya\u015fam Maliyetleri &amp; Yer De\u011fi\u015ftirme \u0130pu\u00e7lar\u0131\">Paris<\/a>. Uluslararas\u0131 ta\u015f\u0131malar\u0131n ger\u00e7ekle\u015ftirilmesinde kendilerine yard\u0131mc\u0131 olan d\u00fcnya \u00e7ap\u0131nda geli\u015fmi\u015f bir acente a\u011f\u0131na sahiptirler. IAM \u00fcyesidirler ve 14 y\u0131ll\u0131k deneyime sahiptirler.<\/p>\n<p>Brimar Relocation ulusal ve uluslararas\u0131 ta\u015f\u0131nma ve yer de\u011fi\u015ftirme hizmetleri sunar ve kurumsal ta\u015f\u0131nmalarda uzmanla\u015fm\u0131\u015ft\u0131r ve g\u00fczel sanatlarla ilgilenebilir. E\u015fyalar\u0131n\u0131z\u0131n var\u0131\u015f noktan\u0131za ta\u015f\u0131nmas\u0131 i\u00e7in gerekli d\u00fczenlemeleri yapacaklar\u0131 kap\u0131dan kap\u0131ya ta\u015f\u0131ma hizmetleri sunarlar ve bu hizmetlere sand\u0131klama ve depolama ile temel sigorta teminat\u0131 da dahildir.<\/p>\n<p>Web sitesi: <a href=\"http:\/\/www.brimarrelo.com\" target=\"_blank\" rel=\"noopener\">http:\/\/www.brimarrelo.com<\/a><\/p>\n<h2><strong>2. Meyer<\/strong><\/h2>\n<p><img loading=\"lazy\" decoding=\"async\" class=\"alignnone size-full wp-image-11376\" src=\"https:\/\/moverdb.com\/wp-content\/uploads\/Meyer-international-moving-company.png\" alt=\"Meyer uluslararas\u0131 nakliye \u015firketi\" width=\"1440\" height=\"680\" data-wp-pid=\"11376\" srcset=\"https:\/\/moverdb.com\/wp-content\/uploads\/Meyer-international-moving-company.png 1440w, https:\/\/moverdb.com\/wp-content\/uploads\/Meyer-international-moving-company-300x142.png 300w, https:\/\/moverdb.com\/wp-content\/uploads\/Meyer-international-moving-company-1024x484.png 1024w, https:\/\/moverdb.com\/wp-content\/uploads\/Meyer-international-moving-company-18x9.png 18w, https:\/\/moverdb.com\/wp-content\/uploads\/Meyer-international-moving-company-600x283.png 600w\" sizes=\"auto, (max-width: 1440px) 100vw, 1440px\" \/><\/p>\n<ul>\n<li>Yerel ve uzun mesafeli ta\u015f\u0131nmalar<\/li>\n<li>Uluslararas\u0131 ta\u015f\u0131nmalar<\/li>\n<li>Konutlar\u0131n ta\u015f\u0131nmas\u0131<\/li>\n<li>Ofis ta\u015f\u0131nmalar\u0131<\/li>\n<li>Kurumsal ta\u015f\u0131nmalar<\/li>\n<li>Kap\u0131dan kap\u0131ya hizmet<\/li>\n<li>\u00d6zel ta\u015f\u0131nma koordinat\u00f6r\u00fc<\/li>\n<li>Paketleme se\u00e7enekleri<\/li>\n<li><a href=\"https:\/\/moverdb.com\/tr\/car-transport-shipping\/\" data-internallinksmanager029f6b8e52c=\"2\" title=\"2026 Uluslararas\u0131 Ara\u00e7 Ta\u015f\u0131ma &amp; Ara\u00e7 Nakliye Fiyatlar\u0131\">Ara\u00e7 nakliyesi<\/a><\/li>\n<li>Depolama \u00e7\u00f6z\u00fcmleri<\/li>\n<\/ul>\n<p>Meyer, 1915 y\u0131l\u0131nda kurulan ve merkezi Stratford'da bulunan bir lojistik, yer de\u011fi\u015ftirme ve depolama \u00e7\u00f6z\u00fcmleri \u015firketidir. United Van Lines a\u011f\u0131n\u0131n bir par\u00e7as\u0131 olan Meyer, hizmetlerini sunarken kendilerine destek olacak ta\u015f\u0131ma \u015firketlerine eri\u015fim sa\u011flamaktad\u0131r. IAM'nin 108 y\u0131ll\u0131k tecr\u00fcbeye sahip bir \u00fcyesidir.<\/p>\n<p>Meyer, ta\u015f\u0131nma gereksinimlerinizi ve hacminizi de\u011ferlendirmek i\u00e7in bir ta\u015f\u0131nma dan\u0131\u015fmanl\u0131\u011f\u0131 sunar. Ta\u015f\u0131nman\u0131z\u0131n t\u00fcm y\u00f6nlerini y\u00f6netecek tek bir irtibat noktas\u0131 olarak \u00f6zel bir ta\u015f\u0131nma koordinat\u00f6r\u00fc sa\u011flarlar. \u0130htiya\u00e7lar\u0131n\u0131z i\u00e7in en iyi ta\u015f\u0131nma \u00e7\u00f6z\u00fcm\u00fcn\u00fc arayacak ve tam paketleme hizmeti veya kendi kendine paketleme se\u00e7ene\u011fi ile kap\u0131dan kap\u0131ya hizmet sunacaklard\u0131r.<\/p>\n<p>Web sitesi: <a href=\"http:\/\/www.williambmeyer.com\" target=\"_blank\" rel=\"noopener\">http:\/\/www.williambmeyer.com<\/a><\/p>\n<h2><strong>3. WorldCare Evcil Hayvan Ta\u015f\u0131mac\u0131l\u0131\u011f\u0131<\/strong><\/h2>\n<p><img loading=\"lazy\" decoding=\"async\" class=\"alignnone size-full wp-image-11481\" src=\"https:\/\/moverdb.com\/wp-content\/uploads\/WorldCare-Pet-Transport-international-moving-company.png\" alt=\"WorldCare Pet Transport uluslararas\u0131 ta\u015f\u0131ma \u015firketi\" width=\"1440\" height=\"683\" data-wp-pid=\"11481\" srcset=\"https:\/\/moverdb.com\/wp-content\/uploads\/WorldCare-Pet-Transport-international-moving-company.png 1440w, https:\/\/moverdb.com\/wp-content\/uploads\/WorldCare-Pet-Transport-international-moving-company-300x142.png 300w, https:\/\/moverdb.com\/wp-content\/uploads\/WorldCare-Pet-Transport-international-moving-company-1024x486.png 1024w, https:\/\/moverdb.com\/wp-content\/uploads\/WorldCare-Pet-Transport-international-moving-company-18x9.png 18w, https:\/\/moverdb.com\/wp-content\/uploads\/WorldCare-Pet-Transport-international-moving-company-600x285.png 600w\" sizes=\"auto, (max-width: 1440px) 100vw, 1440px\" \/><\/p>\n<ul>\n<li>\u00dclke \u00e7ap\u0131nda hizmet<\/li>\n<li>Uluslararas\u0131 hizmet<\/li>\n<li>\u00d6zel evcil hayvan ta\u015f\u0131ma<\/li>\n<li>Kurumsal evcil hayvan ta\u015f\u0131nmalar\u0131<\/li>\n<li>Kapsaml\u0131 hizmet<\/li>\n<li>Kap\u0131dan kap\u0131ya hizmet<\/li>\n<li>Her t\u00fcrl\u00fc evcil hayvan i\u00e7in hizmet vermektedir<\/li>\n<li>Etkin ula\u015f\u0131m\u0131n d\u00fczenlenmesi<\/li>\n<li>U\u00e7u\u015f ta\u015f\u0131y\u0131c\u0131lar\u0131<\/li>\n<li>Veterinerlik hizmetleri<\/li>\n<\/ul>\n<p>WorldCare Pet Transport, 10 y\u0131l\u0131 a\u015fk\u0131n s\u00fcredir faaliyet g\u00f6steren uluslararas\u0131 bir evcil hayvan ta\u015f\u0131ma \u015firketidir. Ev e\u015fyas\u0131 nakliyecileri, yer de\u011fi\u015ftirme y\u00f6netimi firmalar\u0131 ve insan kaynaklar\u0131 g\u00f6revlileri ile \u00e7al\u0131\u015fmaktad\u0131rlar. USDA'ya acil i\u015fleyici olarak kay\u0131tl\u0131d\u0131rlar. IAM \u00fcyesidirler ve 22 y\u0131ll\u0131k deneyime sahiptirler.<\/p>\n<p>WorldCare Pet Transport, evcil hayvan\u0131n\u0131z\u0131 d\u00fcnyan\u0131n herhangi bir yerinden al\u0131p teslim eden kapsaml\u0131 bir evcil hayvan ta\u015f\u0131ma hizmeti sunmaktad\u0131r. En do\u011frudan ve uygun maliyetli u\u00e7u\u015flar\u0131 sa\u011flaman\u0131n yan\u0131 s\u0131ra her boyutta onayl\u0131 u\u00e7u\u015f ta\u015f\u0131y\u0131c\u0131lar\u0131 sa\u011flayarak t\u00fcm seyahat d\u00fczenlemelerini tamamlarlar. Sa\u011fl\u0131k muayeneleri, kan \u00f6rnekleri, sertifikalar ve mikro\u00e7ipler dahil olmak \u00fczere veterinerlik hizmetlerini d\u00fczenlerler.<\/p>\n<p>Web sitesi: <a href=\"http:\/\/www.WorldCarePet.com\" target=\"_blank\" rel=\"noopener\">http:\/\/www.WorldCarePet.com<\/a><\/p>","protected":false},"excerpt":{"rendered":"<p>If you are moving, you may want to employ the services of a moving company to support and lessen the load. They can help with planning the move, packing your belongings, arranging transport and handling customs for international moves. Below we have compiled a list of Connecticut based removal companies that are members of the [&hellip;]<\/p>\n","protected":false},"author":4,"featured_media":11277,"parent":190,"menu_order":0,"comment_status":"closed","ping_status":"closed","template":"","meta":{"_genesis_hide_title":false,"_genesis_hide_breadcrumbs":false,"_genesis_hide_singular_image":false,"_genesis_hide_footer_widgets":false,"_genesis_custom_body_class":"","_genesis_custom_post_class":"","_genesis_layout":"","footnotes":""},"class_list":{"0":"post-11556","1":"page","2":"type-page","3":"status-publish","4":"has-post-thumbnail","6":"entry"},"_links":{"self":[{"href":"https:\/\/moverdb.com\/tr\/wp-json\/wp\/v2\/pages\/11556","targetHints":{"allow":["GET"]}}],"collection":[{"href":"https:\/\/moverdb.com\/tr\/wp-json\/wp\/v2\/pages"}],"about":[{"href":"https:\/\/moverdb.com\/tr\/wp-json\/wp\/v2\/types\/page"}],"author":[{"embeddable":true,"href":"https:\/\/moverdb.com\/tr\/wp-json\/wp\/v2\/users\/4"}],"replies":[{"embeddable":true,"href":"https:\/\/moverdb.com\/tr\/wp-json\/wp\/v2\/comments?post=11556"}],"version-history":[{"count":1,"href":"https:\/\/moverdb.com\/tr\/wp-json\/wp\/v2\/pages\/11556\/revisions"}],"predecessor-version":[{"id":11557,"href":"https:\/\/moverdb.com\/tr\/wp-json\/wp\/v2\/pages\/11556\/revisions\/11557"}],"up":[{"embeddable":true,"href":"https:\/\/moverdb.com\/tr\/wp-json\/wp\/v2\/pages\/190"}],"wp:featuredmedia":[{"embeddable":true,"href":"https:\/\/moverdb.com\/tr\/wp-json\/wp\/v2\/media\/11277"}],"wp:attachment":[{"href":"https:\/\/moverdb.com\/tr\/wp-json\/wp\/v2\/media?parent=11556"}],"curies":[{"name":"wp","href":"https:\/\/api.w.org\/{rel}","templated":true}]}}