{"id":11554,"date":"2023-11-29T10:46:40","date_gmt":"2023-11-29T10:46:40","guid":{"rendered":"https:\/\/moverdb.com\/?page_id=11554"},"modified":"2026-01-08T15:25:05","modified_gmt":"2026-01-08T15:25:05","slug":"moving-companies-us-colorado","status":"publish","type":"page","link":"https:\/\/moverdb.com\/tr\/moving-companies\/moving-companies-us-colorado\/","title":{"rendered":"Colorado'daki En \u0130yi 5 Uluslararas\u0131 Nakliye \u015eirketi"},"content":{"rendered":"<p>Ta\u015f\u0131nmak, organize edilmesi ve yap\u0131lmas\u0131 gereken pek \u00e7ok \u015fey nedeniyle stresli bir zaman olabilir, bu nedenle bir <a href=\"https:\/\/moverdb.com\/tr\/moving-companies\/\" data-internallinksmanager029f6b8e52c=\"79\" title=\"\u00c7evrimi\u00e7i En \u0130yi 25 Uluslararas\u0131 Nakliye \u015eirketi\">ta\u015finma \u015fi\u0307rketi\u0307<\/a> y\u00fck\u00fc azaltmaya yard\u0131mc\u0131 olabilir. Planlama, paketleme, g\u00fcmr\u00fck d\u00fczenlemeleri ve nakliye konular\u0131nda yard\u0131mc\u0131 olabilirler. A\u015fa\u011f\u0131da a\u015fa\u011f\u0131dakilerin bir listesini derledik <a href=\"https:\/\/moverdb.com\/tr\/moving-to-the-united-states\/moving-to-colorado\/\" data-internallinksmanager029f6b8e52c=\"399\" title=\"Colorado&#039;ya m\u0131 ta\u015f\u0131n\u0131yorsunuz? 2026 Ya\u015fam Maliyetleri ve Yer De\u011fi\u015ftirme \u0130pu\u00e7lar\u0131\">Colorado<\/a> temelli <a href=\"https:\/\/moverdb.com\/tr\/international-removals\/\" data-internallinksmanager029f6b8e52c=\"27\" title=\"36 \u0130ngiltere&#039;deki En \u0130yi Uluslararas\u0131 Nakliye \u015eirketleri\">nakli\u0307ye \u015fi\u0307rketleri\u0307<\/a> \u00fcyesi olan <a href=\"https:\/\/moverdb.com\/tr\/iam\/\" data-internallinksmanager029f6b8e52c=\"23\" title=\"Uluslararas\u0131 Ta\u015f\u0131mac\u0131lar Birli\u011fi (IAM) A\u00e7\u0131klamas\u0131\">Uluslararas\u0131 Ta\u015f\u0131mac\u0131lar Birli\u011fi<\/a> (IAM) ve\/veya <a href=\"https:\/\/moverdb.com\/tr\/fidi-faim\/\" data-internallinksmanager029f6b8e52c=\"16\" title=\"FIDI &amp; FAIM (FIDI Akredite Uluslararas\u0131 Ta\u015f\u0131mac\u0131) A\u00e7\u0131klamas\u0131\">FIDI<\/a> Ta\u015f\u0131nman\u0131zda size yard\u0131mc\u0131 olabilecek Akredite Uluslararas\u0131 Ta\u015f\u0131y\u0131c\u0131 (FAIM).<\/p>\n<div id=\"ez-toc-container\" class=\"ez-toc-v2_0_82_2 ez-toc-wrap-left counter-hierarchy ez-toc-counter ez-toc-transparent ez-toc-container-direction\">\n<div class=\"ez-toc-title-container\">\n<p class=\"ez-toc-title\" style=\"cursor:inherit\">B\u00f6l\u00fcmler<\/p>\n<span class=\"ez-toc-title-toggle\"><a href=\"#\" class=\"ez-toc-pull-right ez-toc-btn ez-toc-btn-xs ez-toc-btn-default ez-toc-toggle\" aria-label=\"\u0130\u00e7indekiler Tablosunu A\u00e7\/Kapat\"><span class=\"ez-toc-js-icon-con\"><span class=\"\"><span class=\"eztoc-hide\" style=\"display:none;\">Ge\u00e7i\u015f<\/span><span class=\"ez-toc-icon-toggle-span\"><svg style=\"fill: #999;color:#999\" xmlns=\"http:\/\/www.w3.org\/2000\/svg\" class=\"list-377408\" width=\"20px\" height=\"20px\" viewbox=\"0 0 24 24\" fill=\"none\"><path d=\"M6 6H4v2h2V6zm14 0H8v2h12V6zM4 11h2v2H4v-2zm16 0H8v2h12v-2zM4 16h2v2H4v-2zm16 0H8v2h12v-2z\" fill=\"currentColor\"><\/path><\/svg><svg style=\"fill: #999;color:#999\" class=\"arrow-unsorted-368013\" xmlns=\"http:\/\/www.w3.org\/2000\/svg\" width=\"10px\" height=\"10px\" viewbox=\"0 0 24 24\" version=\"1.2\" baseprofile=\"tiny\"><path d=\"M18.2 9.3l-6.2-6.3-6.2 6.3c-.2.2-.3.4-.3.7s.1.5.3.7c.2.2.4.3.7.3h11c.3 0 .5-.1.7-.3.2-.2.3-.5.3-.7s-.1-.5-.3-.7zM5.8 14.7l6.2 6.3 6.2-6.3c.2-.2.3-.5.3-.7s-.1-.5-.3-.7c-.2-.2-.4-.3-.7-.3h-11c-.3 0-.5.1-.7.3-.2.2-.3.5-.3.7s.1.5.3.7z\"\/><\/svg><\/span><\/span><\/span><\/a><\/span><\/div>\n<nav><ul class='ez-toc-list ez-toc-list-level-1 eztoc-toggle-hide-by-default' ><li class='ez-toc-page-1 ez-toc-heading-level-2'><a class=\"ez-toc-link ez-toc-heading-1\" href=\"https:\/\/moverdb.com\/tr\/moving-companies\/moving-companies-us-colorado\/#1_Atlantic_Relocation_Systems\" >1. Atlantik Yer De\u011fi\u015ftirme Sistemleri<\/a><\/li><li class='ez-toc-page-1 ez-toc-heading-level-2'><a class=\"ez-toc-link ez-toc-heading-2\" href=\"https:\/\/moverdb.com\/tr\/moving-companies\/moving-companies-us-colorado\/#2_Baileys_Moving_Storage\" >2. Bailey's Ta\u015f\u0131nma ve Depolama<\/a><\/li><li class='ez-toc-page-1 ez-toc-heading-level-2'><a class=\"ez-toc-link ez-toc-heading-3\" href=\"https:\/\/moverdb.com\/tr\/moving-companies\/moving-companies-us-colorado\/#3_Gallagher_Transport\" >3. Gallagher Ta\u015f\u0131mac\u0131l\u0131k<\/a><\/li><li class='ez-toc-page-1 ez-toc-heading-level-2'><a class=\"ez-toc-link ez-toc-heading-4\" href=\"https:\/\/moverdb.com\/tr\/moving-companies\/moving-companies-us-colorado\/#4_Graebel\" >4. Graebel<\/a><\/li><li class='ez-toc-page-1 ez-toc-heading-level-2'><a class=\"ez-toc-link ez-toc-heading-5\" href=\"https:\/\/moverdb.com\/tr\/moving-companies\/moving-companies-us-colorado\/#5_Johnson_Storage_Moving\" >5. Johnson Depolama &amp; Ta\u015f\u0131mac\u0131l\u0131k<\/a><\/li><\/ul><\/nav><\/div>\n<h2><span class=\"ez-toc-section\" id=\"1_Atlantic_Relocation_Systems\"><\/span><strong>1. Atlantik Yer De\u011fi\u015ftirme Sistemleri<\/strong><span class=\"ez-toc-section-end\"><\/span><\/h2>\n<p><img loading=\"lazy\" decoding=\"async\" class=\"alignnone size-full wp-image-11262\" src=\"https:\/\/moverdb.com\/wp-content\/uploads\/Atlantic-Relocation-Systems-international-moving-company.png\" alt=\"Atlantic Relocation Systems uluslararas\u0131 ta\u015f\u0131ma \u015firketi\" width=\"1440\" height=\"677\" data-wp-pid=\"11262\" srcset=\"https:\/\/moverdb.com\/wp-content\/uploads\/Atlantic-Relocation-Systems-international-moving-company.png 1440w, https:\/\/moverdb.com\/wp-content\/uploads\/Atlantic-Relocation-Systems-international-moving-company-300x141.png 300w, https:\/\/moverdb.com\/wp-content\/uploads\/Atlantic-Relocation-Systems-international-moving-company-1024x481.png 1024w, https:\/\/moverdb.com\/wp-content\/uploads\/Atlantic-Relocation-Systems-international-moving-company-18x8.png 18w, https:\/\/moverdb.com\/wp-content\/uploads\/Atlantic-Relocation-Systems-international-moving-company-600x282.png 600w\" sizes=\"auto, (max-width: 1440px) 100vw, 1440px\" \/><\/p>\n<ul>\n<li>Yerel ve uzun mesafeli ta\u015f\u0131nmalar<\/li>\n<li>Uluslararas\u0131 ta\u015f\u0131nmalar<\/li>\n<li>Konut Ta\u015f\u0131malar\u0131<\/li>\n<li>Ticari ve ofis ta\u015f\u0131malar\u0131<\/li>\n<li>Uluslararas\u0131 ta\u015f\u0131nma koordinat\u00f6r\u00fc<\/li>\n<li>Paketleme hizmeti<\/li>\n<li>Kara, hava ve deniz yoluyla ula\u015f\u0131m<\/li>\n<li>Dok\u00fcmantasyon deste\u011fi<\/li>\n<li>Sanat eseri i\u015fleme<\/li>\n<li>Depolama tesisleri<\/li>\n<\/ul>\n<p>Atlantic Relocation Systems, 1984 y\u0131l\u0131nda \u0130stanbul'da kurulmu\u015f bir konut ve i\u015fyeri ta\u015f\u0131ma \u015firketidir. <a href=\"https:\/\/moverdb.com\/tr\/moving-to-denver\/\" data-internallinksmanager029f6b8e52c=\"42\" title=\"Denver&#039;a m\u0131 ta\u015f\u0131n\u0131yorsunuz? 2026 Ya\u015fam Maliyetleri &amp; Yer De\u011fi\u015ftirme \u0130pu\u00e7lar\u0131\">Denver<\/a> konumlar\u0131 ile <a href=\"https:\/\/moverdb.com\/tr\/moving-to-the-united-states\/moving-to-california\/\" data-internallinksmanager029f6b8e52c=\"330\" title=\"Kaliforniya&#039;ya Ta\u015f\u0131nmak m\u0131? 2026 Ya\u015fam Maliyetleri ve Yer De\u011fi\u015ftirme \u0130pu\u00e7lar\u0131\">Kaliforniya<\/a>, <a href=\"https:\/\/moverdb.com\/tr\/moving-to-the-united-states\/moving-to-illinois\/\" data-internallinksmanager029f6b8e52c=\"401\" title=\"Illinois&#039;e Ta\u015f\u0131nmak m\u0131? 2026 Ya\u015fam Maliyetleri ve Yer De\u011fi\u015ftirme \u0130pu\u00e7lar\u0131\">Illinois<\/a>, <a href=\"https:\/\/moverdb.com\/tr\/moving-to-the-united-states\/moving-to-arizona\/\" data-internallinksmanager029f6b8e52c=\"385\" title=\"Arizona&#039;ya m\u0131 ta\u015f\u0131n\u0131yorsunuz? 2026 Ya\u015fam Maliyetleri &amp; Yer De\u011fi\u015ftirme \u0130pu\u00e7lar\u0131\">Arizona<\/a>, <a href=\"https:\/\/moverdb.com\/tr\/moving-to-the-united-states\/moving-to-florida\/\" data-internallinksmanager029f6b8e52c=\"331\" title=\"Florida&#039;ya Ta\u015f\u0131nmak m\u0131? 2026 Ya\u015fam Maliyetleri ve Yer De\u011fi\u015ftirme \u0130pu\u00e7lar\u0131\">Florida<\/a>, <a href=\"https:\/\/moverdb.com\/tr\/moving-to-the-united-states\/moving-to-texas\/\" data-internallinksmanager029f6b8e52c=\"397\" title=\"Teksas&#039;a Ta\u015f\u0131nmak m\u0131? 2026 Ya\u015fam Maliyetleri ve Yer De\u011fi\u015ftirme \u0130pu\u00e7lar\u0131\">Teksas<\/a> ve <a href=\"https:\/\/moverdb.com\/tr\/moving-to-the-united-states\/moving-to-georgia\/\" data-internallinksmanager029f6b8e52c=\"402\" title=\"Georgia&#039;ya Ta\u015f\u0131nmak m\u0131? 2026 Ya\u015fam Maliyetleri ve Yer De\u011fi\u015ftirme \u0130pu\u00e7lar\u0131\">G\u00fcrcistan<\/a>. Atlas Van Lines'\u0131n bir temsilcisidirler ve ulusal ve uluslararas\u0131 ta\u015f\u0131nmalarda onlara yard\u0131mc\u0131 olacak bir uluslararas\u0131 ta\u015f\u0131ma acenteleri a\u011f\u0131na sahiptirler. IAM \u00fcyesidirler ve 26 y\u0131ll\u0131k deneyime sahiptirler.<\/p>\n<p>Atlantic Relocation Systems, yerel ta\u015f\u0131nmalar i\u00e7in \u00fccretsiz ev i\u00e7i fiyat teklifi sunmakta ve uluslararas\u0131 ta\u015f\u0131nmalar i\u00e7in bir uluslararas\u0131 ta\u015f\u0131nma koordinat\u00f6r\u00fc tahsis etmektedir. Ta\u015f\u0131nma koordinat\u00f6rleri, nakliye d\u00fczenlemeleri ve destekleyici belgeler dahil olmak \u00fczere ta\u015f\u0131nman\u0131z\u0131n t\u00fcm lojisti\u011fini organize edecektir.<\/p>\n<p>Web sitesi: <a href=\"http:\/\/www.atlanticrelocation.com\/denver\/\" target=\"_blank\" rel=\"noopener\">http:\/\/www.atlanticrelocation.com\/denver\/<\/a><\/p>\n<h2><span class=\"ez-toc-section\" id=\"2_Baileys_Moving_Storage\"><\/span><strong>2. Bailey's Ta\u015f\u0131nma ve Depolama<\/strong><span class=\"ez-toc-section-end\"><\/span><\/h2>\n<p><img loading=\"lazy\" decoding=\"async\" class=\"alignnone size-full wp-image-11266\" src=\"https:\/\/moverdb.com\/wp-content\/uploads\/Baileys-Moving-Storage-international-moving-company.png\" alt=\"Baileys Moving &amp; Storage uluslararas\u0131 ta\u015f\u0131ma \u015firketi\" width=\"1440\" height=\"680\" data-wp-pid=\"11266\" srcset=\"https:\/\/moverdb.com\/wp-content\/uploads\/Baileys-Moving-Storage-international-moving-company.png 1440w, https:\/\/moverdb.com\/wp-content\/uploads\/Baileys-Moving-Storage-international-moving-company-300x142.png 300w, https:\/\/moverdb.com\/wp-content\/uploads\/Baileys-Moving-Storage-international-moving-company-1024x484.png 1024w, https:\/\/moverdb.com\/wp-content\/uploads\/Baileys-Moving-Storage-international-moving-company-18x9.png 18w, https:\/\/moverdb.com\/wp-content\/uploads\/Baileys-Moving-Storage-international-moving-company-600x283.png 600w\" sizes=\"auto, (max-width: 1440px) 100vw, 1440px\" \/><\/p>\n<ul>\n<li>Yerel ve uzun mesafeli ta\u015f\u0131nmalar<\/li>\n<li>Uluslararas\u0131 ta\u015f\u0131nmalar<\/li>\n<li>Ev ta\u015f\u0131ma<\/li>\n<li>\u0130\u015f hamleleri<\/li>\n<li>Hareket y\u00f6netimi<\/li>\n<li>Paketleme hizmeti<\/li>\n<li>Ula\u015f\u0131m d\u00fczenlemeleri<\/li>\n<li>G\u00fcmr\u00fck deste\u011fi<\/li>\n<li>Sigorta<\/li>\n<li>K\u0131sa ve uzun s\u00fcreli g\u00fcvenli depolama<\/li>\n<\/ul>\n<p>Bailey's Moving &amp; Storage, \u0130stanbul merkezli bir ta\u015f\u0131ma \u015firketidir. <a href=\"https:\/\/moverdb.com\/tr\/moving-to-the-united-states\/moving-to-utah\/\" data-internallinksmanager029f6b8e52c=\"439\" title=\"Utah&#039;a m\u0131 Ta\u015f\u0131n\u0131yorsunuz? 2026 Ya\u015fam Maliyetleri ve Yer De\u011fi\u015ftirme \u0130pu\u00e7lar\u0131\">Utah<\/a> ve Colorado'da 1952 y\u0131l\u0131nda kurulmu\u015ftur. Hizmetlerini sunarken onlar\u0131 destekleyen ulusal ve uluslararas\u0131 bir ta\u015f\u0131ma acenteleri a\u011f\u0131na sahiptirler ve Allied Van Lines'\u0131n bir acentesidirler. IAM \u00fcyesidirler ve 71 y\u0131ll\u0131k deneyime sahiptirler.<\/p>\n<p>Bailey's Moving &amp; Storage \u00fccretsiz bir ta\u015f\u0131nma tahmini sunar ve size m\u00fcmk\u00fcn olan en iyi fiyatl\u0131 ta\u015f\u0131nmay\u0131 sa\u011flar. E\u015fyalar\u0131n\u0131z\u0131 korumak i\u00e7in uygun paketleme malzemeleri kullanan profesyonel e\u011fitimli paketleyicilerle paketleme hizmeti sa\u011flarlar. \u0130ster yerel, ister eyaletler aras\u0131 veya uluslararas\u0131 olsun, e\u015fyalar\u0131n\u0131z\u0131n gidece\u011finiz yere ta\u015f\u0131nmas\u0131n\u0131 ayarlayacaklard\u0131r.<\/p>\n<p>Web sitesi: <a href=\"https:\/\/baileysallied.com\" target=\"_blank\" rel=\"noopener\">https:\/\/baileysallied.com<\/a><\/p>\n<h2><span class=\"ez-toc-section\" id=\"3_Gallagher_Transport\"><\/span><strong>3. Gallagher Ta\u015f\u0131mac\u0131l\u0131k<\/strong><span class=\"ez-toc-section-end\"><\/span><\/h2>\n<p><img loading=\"lazy\" decoding=\"async\" class=\"alignnone size-full wp-image-11324\" src=\"https:\/\/moverdb.com\/wp-content\/uploads\/Gallagher-Transport-international-moving-company.png\" alt=\"Gallagher Transport uluslararas\u0131 nakliye \u015firketi\" width=\"1440\" height=\"669\" data-wp-pid=\"11324\" srcset=\"https:\/\/moverdb.com\/wp-content\/uploads\/Gallagher-Transport-international-moving-company.png 1440w, https:\/\/moverdb.com\/wp-content\/uploads\/Gallagher-Transport-international-moving-company-300x139.png 300w, https:\/\/moverdb.com\/wp-content\/uploads\/Gallagher-Transport-international-moving-company-1024x476.png 1024w, https:\/\/moverdb.com\/wp-content\/uploads\/Gallagher-Transport-international-moving-company-18x8.png 18w, https:\/\/moverdb.com\/wp-content\/uploads\/Gallagher-Transport-international-moving-company-600x279.png 600w\" sizes=\"auto, (max-width: 1440px) 100vw, 1440px\" \/><\/p>\n<ul>\n<li>Ulusal y\u00fck ta\u015f\u0131mac\u0131l\u0131\u011f\u0131<\/li>\n<li>Uluslararas\u0131 ta\u015f\u0131mac\u0131l\u0131k<\/li>\n<li>Lojistik y\u00f6netimi<\/li>\n<li>Ki\u015fiselle\u015ftirilmi\u015f \u00e7\u00f6z\u00fcmler<\/li>\n<li>Kap\u0131dan kap\u0131ya teslimat<\/li>\n<li>Hava, kara ve deniz yoluyla ula\u015f\u0131m<\/li>\n<li>G\u00f6nderi takibi<\/li>\n<li>G\u00fcmr\u00fck i\u015flemleri<\/li>\n<li>Sigorta<\/li>\n<li>Depolama tesisleri<\/li>\n<\/ul>\n<p>Gallagher Transport \u00f6zel bir komisyoncu ve <a href=\"https:\/\/moverdb.com\/tr\/freight-forwarder\/\" data-internallinksmanager029f6b8e52c=\"17\" title=\"Freight Forwarder &amp; NVOCC Uluslararas\u0131 Maliyet ve \u015eirketler Rehberi\">navlun nakli\u0307yeci\u0307si\u0307<\/a> 1990 y\u0131l\u0131nda <a href=\"https:\/\/moverdb.com\/tr\/moving-to-the-united-states\/moving-to-oregon\/\" data-internallinksmanager029f6b8e52c=\"395\" title=\"Oregon&#039;a Ta\u015f\u0131nmak m\u0131? 2026 Ya\u015fam Maliyetleri ve Yer De\u011fi\u015ftirme \u0130pu\u00e7lar\u0131\">Oregon<\/a> Denver'da ofisleri var, <a href=\"https:\/\/moverdb.com\/tr\/moving-to-houston\/\" data-internallinksmanager029f6b8e52c=\"47\" title=\"Houston&#039;a m\u0131 ta\u015f\u0131n\u0131yorsunuz? 2026 Ya\u015fam Maliyetleri ve Yer De\u011fi\u015ftirme \u0130pu\u00e7lar\u0131\">Houston<\/a>, <a href=\"https:\/\/moverdb.com\/tr\/moving-to-los-angeles\/\" data-internallinksmanager029f6b8e52c=\"51\" title=\"Los Angeles&#039;a m\u0131 ta\u015f\u0131n\u0131yorsunuz? 2026 LA Ya\u015fam Maliyetleri ve Yer De\u011fi\u015ftirme \u0130pu\u00e7lar\u0131\">Los Angeles<\/a>, Portland ve <a href=\"https:\/\/moverdb.com\/tr\/moving-to-san-francisco\/\" data-internallinksmanager029f6b8e52c=\"63\" title=\"San Francisco&#039;ya m\u0131 ta\u015f\u0131n\u0131yorsunuz? 2026 Ya\u015fam Maliyetleri &amp; Yer De\u011fi\u015ftirme \u0130pu\u00e7lar\u0131\">San Francisco<\/a>. IAM'nin 29 y\u0131ll\u0131k tecr\u00fcbeye sahip bir \u00fcyesidirler ve bu da onlara yard\u0131mc\u0131 olmak i\u00e7in uluslararas\u0131 bir ta\u015f\u0131ma sa\u011flay\u0131c\u0131lar\u0131 a\u011f\u0131na eri\u015fim sa\u011flar.<\/p>\n<p>Gallagher Transport, g\u00fcmr\u00fck komisyonculu\u011funu i\u00e7eren ancak herhangi bir paketleme hizmeti i\u00e7ermeyen nakliye hizmetleri sunmaktad\u0131r. E\u015fyalar\u0131n\u0131z\u0131n kara, hava veya deniz yoluyla kap\u0131dan kap\u0131ya bir var\u0131\u015f noktas\u0131ndan di\u011ferine ta\u015f\u0131nmas\u0131n\u0131n lojisti\u011fini y\u00f6neteceklerdir. G\u00f6nderiyi takip edecek ve g\u00fcmr\u00fckten ge\u00e7mesini ve sigortalanmas\u0131n\u0131 sa\u011flayacaklard\u0131r.<\/p>\n<p>Web sitesi: <a href=\"http:\/\/www.gallaghertransport.com\" target=\"_blank\" rel=\"noopener\">http:\/\/www.gallaghertransport.com<\/a><\/p>\n<h2><span class=\"ez-toc-section\" id=\"4_Graebel\"><\/span><strong>4. Graebel<\/strong><span class=\"ez-toc-section-end\"><\/span><\/h2>\n<p><img loading=\"lazy\" decoding=\"async\" class=\"alignnone size-full wp-image-11333\" src=\"https:\/\/moverdb.com\/wp-content\/uploads\/Graebel-international-moving-company.png\" alt=\"Graebel uluslararas\u0131 nakliye \u015firketi\" width=\"1440\" height=\"678\" data-wp-pid=\"11333\" srcset=\"https:\/\/moverdb.com\/wp-content\/uploads\/Graebel-international-moving-company.png 1440w, https:\/\/moverdb.com\/wp-content\/uploads\/Graebel-international-moving-company-300x141.png 300w, https:\/\/moverdb.com\/wp-content\/uploads\/Graebel-international-moving-company-1024x482.png 1024w, https:\/\/moverdb.com\/wp-content\/uploads\/Graebel-international-moving-company-18x8.png 18w, https:\/\/moverdb.com\/wp-content\/uploads\/Graebel-international-moving-company-600x283.png 600w\" sizes=\"auto, (max-width: 1440px) 100vw, 1440px\" \/><\/p>\n<ul>\n<li>Uluslararas\u0131 ta\u015f\u0131nmalar<\/li>\n<li>Hane halk\u0131 ta\u015f\u0131nmalar\u0131<\/li>\n<li>Kurumsal ta\u015f\u0131nmalar<\/li>\n<li>Ki\u015fiselle\u015ftirilmi\u015f hizmet<\/li>\n<li>Paketleme hizmetleri<\/li>\n<li>Kalk\u0131\u015f hizmetleri<\/li>\n<li>Destinasyon hizmetleri<\/li>\n<li>Yerle\u015ftirme hizmetleri<\/li>\n<li>Ev ve okul aramalar\u0131<\/li>\n<li>Geri g\u00f6nderme hizmetleri<\/li>\n<\/ul>\n<p>Graebel, 1950 y\u0131l\u0131nda kurulan ve Denver'daki genel merkezleri de dahil olmak \u00fczere d\u00fcnya \u00e7ap\u0131nda 16 lokasyona sahip tam hizmetli bir ta\u015f\u0131nma y\u00f6netimi \u015firketidir. Ev e\u015fyalar\u0131n\u0131 d\u00fcnya \u00e7ap\u0131nda alt\u0131 k\u0131tada 165'ten fazla \u00fclkeye ta\u015f\u0131mak i\u00e7in bir dizi hizmet orta\u011f\u0131yla birlikte \u00e7al\u0131\u015fmaktad\u0131r. \u015eirket, 69 y\u0131ll\u0131k deneyimiyle IAM \u00fcyesidir.<\/p>\n<p>Graebel, \u00e7al\u0131\u015fanlar\u0131n yer de\u011fi\u015ftirmesi ve k\u00fcresel hareketlilik programlar\u0131yla i\u015fletmeleri destekleme konusunda uzmanla\u015fm\u0131\u015ft\u0131r. \u00c7al\u0131\u015fanlara, evlerinin sat\u0131\u015f\u0131n\u0131 y\u00f6netme veya kira s\u00f6zle\u015fmelerini iptal etme, paketleme, vize ve g\u00f6\u00e7menlik hizmetleri de dahil olmak \u00fczere ayr\u0131l\u0131\u015f hizmetleri sunmaktad\u0131r. Var\u0131\u015f hizmetleri aras\u0131nda oryantasyon, ev ve okul arama, kirac\u0131 hizmetleri, yerle\u015fme hizmetleri ve paketlerin a\u00e7\u0131lmas\u0131 yer almaktad\u0131r.<\/p>\n<p>Web sitesi: <a href=\"http:\/\/www.graebel.com\" target=\"_blank\" rel=\"noopener\">http:\/\/www.graebel.com<\/a><\/p>\n<h2><span class=\"ez-toc-section\" id=\"5_Johnson_Storage_Moving\"><\/span><strong>5. Johnson Depolama &amp; Ta\u015f\u0131mac\u0131l\u0131k<\/strong><span class=\"ez-toc-section-end\"><\/span><\/h2>\n<p><img loading=\"lazy\" decoding=\"async\" class=\"alignnone size-full wp-image-11356\" src=\"https:\/\/moverdb.com\/wp-content\/uploads\/Johnson-Storage-Moving-international-moving-company.png\" alt=\"Johnson Storage &amp; Moving uluslararas\u0131 ta\u015f\u0131ma \u015firketi\" width=\"1440\" height=\"677\" data-wp-pid=\"11356\" srcset=\"https:\/\/moverdb.com\/wp-content\/uploads\/Johnson-Storage-Moving-international-moving-company.png 1440w, https:\/\/moverdb.com\/wp-content\/uploads\/Johnson-Storage-Moving-international-moving-company-300x141.png 300w, https:\/\/moverdb.com\/wp-content\/uploads\/Johnson-Storage-Moving-international-moving-company-1024x481.png 1024w, https:\/\/moverdb.com\/wp-content\/uploads\/Johnson-Storage-Moving-international-moving-company-18x8.png 18w, https:\/\/moverdb.com\/wp-content\/uploads\/Johnson-Storage-Moving-international-moving-company-600x282.png 600w\" sizes=\"auto, (max-width: 1440px) 100vw, 1440px\" \/><\/p>\n<ul>\n<li>Yerel ve uzun mesafeli ta\u015f\u0131nmalar<\/li>\n<li>Uluslararas\u0131 ta\u015f\u0131nmalar<\/li>\n<li>Konut Ta\u015f\u0131malar\u0131<\/li>\n<li>Ticari ve ofis ta\u015f\u0131malar\u0131<\/li>\n<li>Kurumsal ta\u015f\u0131nmalar<\/li>\n<li>Ki\u015fisel ta\u015f\u0131nma dan\u0131\u015fman\u0131<\/li>\n<li>Paketleme hizmeti<\/li>\n<li>Ula\u015f\u0131m d\u00fczenlemeleri<\/li>\n<li>G\u00fcmr\u00fck i\u015flemleri<\/li>\n<li>Depolama tesisleri<\/li>\n<\/ul>\n<p>Johnson Storage &amp; Moving 1900 y\u0131l\u0131nda Denver'da kurulmu\u015f, Colorado ve Kaliforniya'da lokasyonlar\u0131 olan k\u00fcresel bir lojistik \u015firketidir, <a href=\"https:\/\/moverdb.com\/tr\/moving-to-the-united-states\/moving-to-kansas\/\" data-internallinksmanager029f6b8e52c=\"464\" title=\"Kansas&#039;a Ta\u015f\u0131nmak m\u0131? 2024 Ya\u015fam Maliyetleri ve Yer De\u011fi\u015ftirme \u0130pu\u00e7lar\u0131\">Kansas<\/a>, <a href=\"https:\/\/moverdb.com\/tr\/moving-to-the-united-states\/moving-to-new-mexico\/\" data-internallinksmanager029f6b8e52c=\"455\" title=\"New Mexico&#039;ya m\u0131 ta\u015f\u0131n\u0131yorsunuz? 2024 Ya\u015fam Maliyetleri &amp; Yer De\u011fi\u015ftirme \u0130pu\u00e7lar\u0131\">New Mexico<\/a>, Texas, <a href=\"https:\/\/moverdb.com\/tr\/moving-to-the-united-states\/moving-to-wyoming\/\" data-internallinksmanager029f6b8e52c=\"449\" title=\"Wyoming&#039;e mi ta\u015f\u0131n\u0131yorsunuz? 2024 Ya\u015fam Maliyetleri &amp; Yer De\u011fi\u015ftirme \u0130pu\u00e7lar\u0131\">Wyoming<\/a> ve <a href=\"https:\/\/moverdb.com\/tr\/moving-to-the-united-states\/moving-to-missouri\/\" data-internallinksmanager029f6b8e52c=\"460\" title=\"Missouri&#039;ye Ta\u015f\u0131nmak m\u0131? 2024 Ya\u015fam Maliyetleri ve Yer De\u011fi\u015ftirme \u0130pu\u00e7lar\u0131\">Missouri<\/a>. United Van Lines ve Mayflower Transit'in bir \u00fcyesidirler ve t\u00fcm b\u00f6lgede daha geni\u015f bir kapsama alan\u0131 sa\u011flarlar. <a href=\"https:\/\/moverdb.com\/tr\/moving-to-the-united-states\/\" data-internallinksmanager029f6b8e52c=\"94\" title=\"Amerika Birle\u015fik Devletleri&#039;ne mi ta\u015f\u0131n\u0131yorsunuz? 2026 Ya\u015fam Maliyetleri ve Yer De\u011fi\u015ftirme \u0130pu\u00e7lar\u0131\">ABD<\/a>. IAM'nin 123 y\u0131ll\u0131k tecr\u00fcbeye sahip bir \u00fcyesidir ve FIDI taraf\u0131ndan akredite edilmi\u015ftir.<\/p>\n<p>Johnson Storage &amp; Moving \u00fccretsiz ev i\u00e7i veya sanal fiyat teklifi sunar ve size her ad\u0131mda destek olacak ki\u015fisel bir ta\u015f\u0131nma dan\u0131\u015fman\u0131 sa\u011flar. \u0130htiya\u00e7lar\u0131n\u0131z\u0131 kar\u015f\u0131layan ki\u015fisel bir ta\u015f\u0131nma plan\u0131 olu\u015fturacaklard\u0131r. Eksiksiz bir paketleme hizmeti sunarlar ve g\u00fcmr\u00fck i\u015flemlerini hallederler.<\/p>\n<p>Web sitesi: <a href=\"https:\/\/www.johnsonstorage.com\" target=\"_blank\" rel=\"noopener\">https:\/\/www.johnsonstorage.com<\/a><\/p>","protected":false},"excerpt":{"rendered":"<p>Moving can be a stressful time with so many things to organise and do, so engaging the services of a moving company could help reduce the load. They can assist with planning, packing, customs arrangements and transportation. Below we have compiled a list of Colorado based removal companies that are members of the International Association [&hellip;]<\/p>\n","protected":false},"author":4,"featured_media":11262,"parent":190,"menu_order":0,"comment_status":"closed","ping_status":"closed","template":"","meta":{"_genesis_hide_title":false,"_genesis_hide_breadcrumbs":false,"_genesis_hide_singular_image":false,"_genesis_hide_footer_widgets":false,"_genesis_custom_body_class":"","_genesis_custom_post_class":"","_genesis_layout":"","footnotes":""},"class_list":{"0":"post-11554","1":"page","2":"type-page","3":"status-publish","4":"has-post-thumbnail","6":"entry"},"_links":{"self":[{"href":"https:\/\/moverdb.com\/tr\/wp-json\/wp\/v2\/pages\/11554","targetHints":{"allow":["GET"]}}],"collection":[{"href":"https:\/\/moverdb.com\/tr\/wp-json\/wp\/v2\/pages"}],"about":[{"href":"https:\/\/moverdb.com\/tr\/wp-json\/wp\/v2\/types\/page"}],"author":[{"embeddable":true,"href":"https:\/\/moverdb.com\/tr\/wp-json\/wp\/v2\/users\/4"}],"replies":[{"embeddable":true,"href":"https:\/\/moverdb.com\/tr\/wp-json\/wp\/v2\/comments?post=11554"}],"version-history":[{"count":1,"href":"https:\/\/moverdb.com\/tr\/wp-json\/wp\/v2\/pages\/11554\/revisions"}],"predecessor-version":[{"id":11555,"href":"https:\/\/moverdb.com\/tr\/wp-json\/wp\/v2\/pages\/11554\/revisions\/11555"}],"up":[{"embeddable":true,"href":"https:\/\/moverdb.com\/tr\/wp-json\/wp\/v2\/pages\/190"}],"wp:featuredmedia":[{"embeddable":true,"href":"https:\/\/moverdb.com\/tr\/wp-json\/wp\/v2\/media\/11262"}],"wp:attachment":[{"href":"https:\/\/moverdb.com\/tr\/wp-json\/wp\/v2\/media?parent=11554"}],"curies":[{"name":"wp","href":"https:\/\/api.w.org\/{rel}","templated":true}]}}