{"id":11548,"date":"2023-11-29T10:41:59","date_gmt":"2023-11-29T10:41:59","guid":{"rendered":"https:\/\/moverdb.com\/?page_id=11548"},"modified":"2026-01-08T15:24:37","modified_gmt":"2026-01-08T15:24:37","slug":"moving-companies-us-alexandria","status":"publish","type":"page","link":"https:\/\/moverdb.com\/tr\/moving-companies\/moving-companies-us-alexandria\/","title":{"rendered":"\u0130skenderiye'deki En \u0130yi 4 Uluslararas\u0131 Nakliye \u015eirketi"},"content":{"rendered":"<p>Ta\u015f\u0131nmak, organize edilmesi gereken pek \u00e7ok \u015feyin oldu\u011fu yo\u011fun bir d\u00f6nem olabilir, bu y\u00fczden pek \u00e7ok insan <a href=\"https:\/\/moverdb.com\/tr\/moving-companies\/\" data-internallinksmanager029f6b8e52c=\"79\" title=\"\u00c7evrimi\u00e7i En \u0130yi 25 Uluslararas\u0131 Nakliye \u015eirketi\">ta\u015finma \u015fi\u0307rketi\u0307<\/a> E\u015fyalar\u0131n\u0131z\u0131 paketleyebildikleri, y\u00fckleyip ta\u015f\u0131yabildikleri ve var\u0131\u015f noktas\u0131nda bo\u015faltabildikleri i\u00e7in. A\u015fa\u011f\u0131da \u0130skenderiye merkezli nakliye \u015firketlerinin bir listesini derledik <a href=\"https:\/\/moverdb.com\/tr\/international-removals\/\" data-internallinksmanager029f6b8e52c=\"27\" title=\"36 \u0130ngiltere&#039;deki En \u0130yi Uluslararas\u0131 Nakliye \u015eirketleri\">nakli\u0307ye \u015fi\u0307rketleri\u0307<\/a> \u00fcyesi olan <a href=\"https:\/\/moverdb.com\/tr\/iam\/\" data-internallinksmanager029f6b8e52c=\"23\" title=\"Uluslararas\u0131 Ta\u015f\u0131mac\u0131lar Birli\u011fi (IAM) A\u00e7\u0131klamas\u0131\">Uluslararas\u0131 Ta\u015f\u0131mac\u0131lar Birli\u011fi<\/a> (IAM) ve\/veya <a href=\"https:\/\/moverdb.com\/tr\/fidi-faim\/\" data-internallinksmanager029f6b8e52c=\"16\" title=\"FIDI &amp; FAIM (FIDI Akredite Uluslararas\u0131 Ta\u015f\u0131mac\u0131) A\u00e7\u0131klamas\u0131\">FIDI<\/a> Ta\u015f\u0131nman\u0131zda size yard\u0131mc\u0131 olabilecek Akredite Uluslararas\u0131 Ta\u015f\u0131y\u0131c\u0131 (FAIM).<\/p>\n<div id=\"ez-toc-container\" class=\"ez-toc-v2_0_82_2 ez-toc-wrap-left counter-hierarchy ez-toc-counter ez-toc-transparent ez-toc-container-direction\">\n<div class=\"ez-toc-title-container\">\n<p class=\"ez-toc-title\" style=\"cursor:inherit\">B\u00f6l\u00fcmler<\/p>\n<span class=\"ez-toc-title-toggle\"><a href=\"#\" class=\"ez-toc-pull-right ez-toc-btn ez-toc-btn-xs ez-toc-btn-default ez-toc-toggle\" aria-label=\"\u0130\u00e7indekiler Tablosunu A\u00e7\/Kapat\"><span class=\"ez-toc-js-icon-con\"><span class=\"\"><span class=\"eztoc-hide\" style=\"display:none;\">Ge\u00e7i\u015f<\/span><span class=\"ez-toc-icon-toggle-span\"><svg style=\"fill: #999;color:#999\" xmlns=\"http:\/\/www.w3.org\/2000\/svg\" class=\"list-377408\" width=\"20px\" height=\"20px\" viewbox=\"0 0 24 24\" fill=\"none\"><path d=\"M6 6H4v2h2V6zm14 0H8v2h12V6zM4 11h2v2H4v-2zm16 0H8v2h12v-2zM4 16h2v2H4v-2zm16 0H8v2h12v-2z\" fill=\"currentColor\"><\/path><\/svg><svg style=\"fill: #999;color:#999\" class=\"arrow-unsorted-368013\" xmlns=\"http:\/\/www.w3.org\/2000\/svg\" width=\"10px\" height=\"10px\" viewbox=\"0 0 24 24\" version=\"1.2\" baseprofile=\"tiny\"><path d=\"M18.2 9.3l-6.2-6.3-6.2 6.3c-.2.2-.3.4-.3.7s.1.5.3.7c.2.2.4.3.7.3h11c.3 0 .5-.1.7-.3.2-.2.3-.5.3-.7s-.1-.5-.3-.7zM5.8 14.7l6.2 6.3 6.2-6.3c.2-.2.3-.5.3-.7s-.1-.5-.3-.7c-.2-.2-.4-.3-.7-.3h-11c-.3 0-.5.1-.7.3-.2.2-.3.5-.3.7s.1.5.3.7z\"\/><\/svg><\/span><\/span><\/span><\/a><\/span><\/div>\n<nav><ul class='ez-toc-list ez-toc-list-level-1 eztoc-toggle-hide-by-default' ><li class='ez-toc-page-1 ez-toc-heading-level-2'><a class=\"ez-toc-link ez-toc-heading-1\" href=\"https:\/\/moverdb.com\/tr\/moving-companies\/moving-companies-us-alexandria\/#1_International_Moving_Service\" >1. Uluslararas\u0131 Ta\u015f\u0131nma Hizmeti<\/a><\/li><li class='ez-toc-page-1 ez-toc-heading-level-2'><a class=\"ez-toc-link ez-toc-heading-2\" href=\"https:\/\/moverdb.com\/tr\/moving-companies\/moving-companies-us-alexandria\/#2_Kinetix_International_Logistics\" >2. Kinetix Uluslararas\u0131 Lojistik<\/a><\/li><li class='ez-toc-page-1 ez-toc-heading-level-2'><a class=\"ez-toc-link ez-toc-heading-3\" href=\"https:\/\/moverdb.com\/tr\/moving-companies\/moving-companies-us-alexandria\/#3_Knopf_International\" >3. Knopf Uluslararas\u0131<\/a><\/li><li class='ez-toc-page-1 ez-toc-heading-level-2'><a class=\"ez-toc-link ez-toc-heading-4\" href=\"https:\/\/moverdb.com\/tr\/moving-companies\/moving-companies-us-alexandria\/#4_Victory_Van_Corporation\" >4. Victory Van Corporation<\/a><\/li><\/ul><\/nav><\/div>\n<h2><span class=\"ez-toc-section\" id=\"1_International_Moving_Service\"><\/span><strong>1. Uluslararas\u0131 Ta\u015f\u0131nma Hizmeti<\/strong><span class=\"ez-toc-section-end\"><\/span><\/h2>\n<p><img loading=\"lazy\" decoding=\"async\" class=\"alignnone size-full wp-image-8331\" src=\"https:\/\/moverdb.com\/wp-content\/uploads\/International-Moving-Services-moving-company.png\" alt=\"Uluslararas\u0131 Ta\u015f\u0131mac\u0131l\u0131k Hizmetleri ta\u015f\u0131ma \u015firketi\" width=\"1440\" height=\"681\" data-wp-pid=\"8331\" srcset=\"https:\/\/moverdb.com\/wp-content\/uploads\/International-Moving-Services-moving-company.png 1440w, https:\/\/moverdb.com\/wp-content\/uploads\/International-Moving-Services-moving-company-300x142.png 300w, https:\/\/moverdb.com\/wp-content\/uploads\/International-Moving-Services-moving-company-1024x484.png 1024w, https:\/\/moverdb.com\/wp-content\/uploads\/International-Moving-Services-moving-company-18x9.png 18w, https:\/\/moverdb.com\/wp-content\/uploads\/International-Moving-Services-moving-company-600x284.png 600w\" sizes=\"auto, (max-width: 1440px) 100vw, 1440px\" \/><\/p>\n<ul>\n<li>Ulusal hamleler<\/li>\n<li>Uluslararas\u0131 ta\u015f\u0131nmalar<\/li>\n<li>Konut Ta\u015f\u0131malar\u0131<\/li>\n<li>Kurumsal hamleler<\/li>\n<li>Kap\u0131dan kap\u0131ya hizmet<\/li>\n<li>Paketleme hizmeti<\/li>\n<li>Ula\u015f\u0131m d\u00fczenlemeleri<\/li>\n<li>Ara\u00e7 ta\u015f\u0131mac\u0131l\u0131\u011f\u0131<\/li>\n<li>Sigorta<\/li>\n<li>G\u00fcvenli k\u0131sa ve uzun s\u00fcreli depolama<\/li>\n<\/ul>\n<p>International Moving Service 1974 y\u0131l\u0131nda kurulmu\u015f uluslararas\u0131 bir nakliye ve ta\u015f\u0131ma \u015firketidir. Merkezleri \u0130skenderiye'de olup Jersey ve Norfolk'ta \u015fubeleri bulunmaktad\u0131r. Her yere kap\u0131dan kap\u0131ya hizmet sunmak i\u00e7in d\u00fcnyan\u0131n d\u00f6rt bir yan\u0131ndaki var\u0131\u015f acenteleriyle birlikte \u00e7al\u0131\u015f\u0131rlar. IAM'nin 49 y\u0131ll\u0131k tecr\u00fcbeye sahip bir \u00fcyesidir.<\/p>\n<p>Uluslararas\u0131 Ta\u015f\u0131nma Hizmeti, yeni konutunuza yerle\u015fmenizi ve gerekirse g\u00fcvenli tesislerde k\u0131sa veya uzun s\u00fcreli olarak depolanman\u0131z\u0131 i\u00e7eren her \u015fey dahil bir ta\u015f\u0131nma hizmeti sunar. Y\u00fcksek kaliteli ambalaj malzemeleri ve k\u0131r\u0131lgan e\u015fyalar i\u00e7in \u00f6zel yap\u0131m ah\u015fap kasalar i\u00e7eren ki\u015fiselle\u015ftirilmi\u015f bir kap\u0131dan kap\u0131ya hizmet sunarlar.<\/p>\n<p>Web sitesi: <a href=\"http:\/\/www.imsmover.com\" target=\"_blank\" rel=\"noopener\">http:\/\/www.imsmover.com<\/a><\/p>\n<h2><span class=\"ez-toc-section\" id=\"2_Kinetix_International_Logistics\"><\/span><strong>2. Kinetix Uluslararas\u0131 Lojistik<\/strong><span class=\"ez-toc-section-end\"><\/span><\/h2>\n<p><img loading=\"lazy\" decoding=\"async\" class=\"alignnone size-full wp-image-11358\" src=\"https:\/\/moverdb.com\/wp-content\/uploads\/Kinetix-International-Logistics-moving-company.png\" alt=\"Kinetix Uluslararas\u0131 Lojistik ta\u015f\u0131ma \u015firketi\" width=\"1440\" height=\"683\" data-wp-pid=\"11358\" srcset=\"https:\/\/moverdb.com\/wp-content\/uploads\/Kinetix-International-Logistics-moving-company.png 1440w, https:\/\/moverdb.com\/wp-content\/uploads\/Kinetix-International-Logistics-moving-company-300x142.png 300w, https:\/\/moverdb.com\/wp-content\/uploads\/Kinetix-International-Logistics-moving-company-1024x486.png 1024w, https:\/\/moverdb.com\/wp-content\/uploads\/Kinetix-International-Logistics-moving-company-18x9.png 18w, https:\/\/moverdb.com\/wp-content\/uploads\/Kinetix-International-Logistics-moving-company-600x285.png 600w\" sizes=\"auto, (max-width: 1440px) 100vw, 1440px\" \/><\/p>\n<ul>\n<li>Ulusal hamleler<\/li>\n<li>Uluslararas\u0131 ta\u015f\u0131nmalar<\/li>\n<li>Ev ta\u015f\u0131ma<\/li>\n<li>Kurumsal ta\u015f\u0131nmalar<\/li>\n<li>Kap\u0131dan kap\u0131ya hizmet<\/li>\n<li>Paketleme hizmeti<\/li>\n<li>Kara, deniz ve hava ta\u015f\u0131mac\u0131l\u0131\u011f\u0131<\/li>\n<li>G\u00fcmr\u00fck i\u015flemleri<\/li>\n<li><a href=\"https:\/\/moverdb.com\/tr\/car-transport-shipping\/\" data-internallinksmanager029f6b8e52c=\"2\" title=\"2026 Uluslararas\u0131 Ara\u00e7 Ta\u015f\u0131ma &amp; Ara\u00e7 Nakliye Fiyatlar\u0131\">Ara\u00e7 nakliyesi<\/a><\/li>\n<li>Depolama tesisleri<\/li>\n<\/ul>\n<p>Kinetix International Logistics, 1986 y\u0131l\u0131nda \u0130skenderiye'de kurulmu\u015f bir proje lojisti\u011fi ve k\u00fcresel mobilite \u015firketidir, <a href=\"https:\/\/moverdb.com\/tr\/moving-to-the-united-states\/moving-to-new-york\/\" data-internallinksmanager029f6b8e52c=\"332\" title=\"New York&#039;a (Eyalet) m\u0131 Ta\u015f\u0131n\u0131yorsunuz? 2026 Ya\u015fam Maliyetleri &amp; Yer De\u011fi\u015ftirme \u0130pu\u00e7lar\u0131\">New York<\/a> ve <a href=\"https:\/\/moverdb.com\/tr\/moving-to-san-francisco\/\" data-internallinksmanager029f6b8e52c=\"63\" title=\"San Francisco&#039;ya m\u0131 ta\u015f\u0131n\u0131yorsunuz? 2026 Ya\u015fam Maliyetleri &amp; Yer De\u011fi\u015ftirme \u0130pu\u00e7lar\u0131\">San Francisco<\/a>. Hizmetlerini uluslararas\u0131 alanda 140'tan fazla \u00fclkede sunmak i\u00e7in ba\u011f\u0131ms\u0131z bir ta\u015f\u0131nma ve var\u0131\u015f acenteleri a\u011f\u0131n\u0131 kullanmaktad\u0131rlar. IAM \u00fcyesidirler ve 13 y\u0131ll\u0131k deneyime sahiptirler.<\/p>\n<p>Kinetix International Logistics, ta\u015f\u0131nma gereksinimlerinizi de\u011ferlendirmek i\u00e7in ta\u015f\u0131nma \u00f6ncesi bir anket ile kap\u0131dan kap\u0131ya hizmetler sunar. E\u015fyalar\u0131n\u0131z\u0131 var\u0131\u015f noktan\u0131za sevkiyat i\u00e7in g\u00fcvenli bir \u015fekilde paketleyecek ve sand\u0131klayacak bir paketleme hizmeti sunarlar. Basit g\u00f6nderilerden 20' konteynerlere kadar kara, hava ve deniz yoluyla ula\u015f\u0131m sa\u011flarlar.<\/p>\n<p>Web sitesi: <a href=\"https:\/\/kinetixlogistics.com\/\" target=\"_blank\" rel=\"noopener\">https:\/\/kinetixlogistics.com\/<\/a><\/p>\n<h2><span class=\"ez-toc-section\" id=\"3_Knopf_International\"><\/span><strong>3. Knopf Uluslararas\u0131<\/strong><span class=\"ez-toc-section-end\"><\/span><\/h2>\n<p><img loading=\"lazy\" decoding=\"async\" class=\"alignnone size-full wp-image-11359\" src=\"https:\/\/moverdb.com\/wp-content\/uploads\/Knopf-International-moving-company.png\" alt=\"Knopf Uluslararas\u0131 Nakliyat \u015eirketi\" width=\"1440\" height=\"681\" data-wp-pid=\"11359\" srcset=\"https:\/\/moverdb.com\/wp-content\/uploads\/Knopf-International-moving-company.png 1440w, https:\/\/moverdb.com\/wp-content\/uploads\/Knopf-International-moving-company-300x142.png 300w, https:\/\/moverdb.com\/wp-content\/uploads\/Knopf-International-moving-company-1024x484.png 1024w, https:\/\/moverdb.com\/wp-content\/uploads\/Knopf-International-moving-company-18x9.png 18w, https:\/\/moverdb.com\/wp-content\/uploads\/Knopf-International-moving-company-600x284.png 600w\" sizes=\"auto, (max-width: 1440px) 100vw, 1440px\" \/><\/p>\n<ul>\n<li>Yerel ve ulusal hamleler<\/li>\n<li>Uluslararas\u0131 ta\u015f\u0131nmalar<\/li>\n<li>Konut Ta\u015f\u0131malar\u0131<\/li>\n<li>Kurumsal ta\u015f\u0131nmalar<\/li>\n<li>Kap\u0131dan kap\u0131ya hizmet<\/li>\n<li>Ki\u015fisel hizmet<\/li>\n<li>Paketleme hizmeti<\/li>\n<li>Kara, deniz ve hava ta\u015f\u0131mac\u0131l\u0131\u011f\u0131<\/li>\n<li>Konteyner se\u00e7enekleri<\/li>\n<li>Depolama tesisleri<\/li>\n<\/ul>\n<p>Knopf International, ofisleri \u0130skenderiye'de bulunan bir ta\u015f\u0131ma \u015firketidir. D\u00fcnya \u00e7ap\u0131ndaki ta\u015f\u0131nmalarda kendilerini destekleyen uluslararas\u0131 bir ta\u015f\u0131ma \u015firketleri a\u011f\u0131na sahiptirler. \u015eirket 44 y\u0131ll\u0131k tecr\u00fcbesiyle IAM \u00fcyesidir.<\/p>\n<p>Knopf International, bireylerin ve \u015firket \u00e7al\u0131\u015fanlar\u0131n\u0131n evlerini ta\u015f\u0131mak i\u00e7in kap\u0131dan kap\u0131ya ta\u015f\u0131ma hizmeti sunmaktad\u0131r. Ta\u015f\u0131nma s\u0131ras\u0131nda e\u015fyalar\u0131n\u0131z\u0131 korumak i\u00e7in uzman paketleyiciler ve en kaliteli paketleme malzemeleri ve k\u0131r\u0131lgan e\u015fyalar i\u00e7in \u00f6zel olarak \u00fcretilmi\u015f ah\u015fap kasalar kullanan bir paketleme hizmeti sunarlar. Bir envanter haz\u0131rlayacak ve kutular\u0131n\u0131z\u0131 etiketleyeceklerdir. Kara, hava ve deniz yoluyla 20' veya 40' konteynerler i\u00e7eren nakliye hizmeti sunabilirler.<\/p>\n<p>Web sitesi: <a href=\"http:\/\/knopfinternational.com\" target=\"_blank\" rel=\"noopener\">http:\/\/knopfinternational.com<\/a><\/p>\n<h2><span class=\"ez-toc-section\" id=\"4_Victory_Van_Corporation\"><\/span><strong>4. Victory Van Corporation<\/strong><span class=\"ez-toc-section-end\"><\/span><\/h2>\n<p><img loading=\"lazy\" decoding=\"async\" class=\"alignnone size-full wp-image-11471\" src=\"https:\/\/moverdb.com\/wp-content\/uploads\/Victory-Van-Corporation-international-moving-company.png\" alt=\"Victory Van Corporation uluslararas\u0131 nakliye \u015firketi\" width=\"1440\" height=\"678\" data-wp-pid=\"11471\" srcset=\"https:\/\/moverdb.com\/wp-content\/uploads\/Victory-Van-Corporation-international-moving-company.png 1440w, https:\/\/moverdb.com\/wp-content\/uploads\/Victory-Van-Corporation-international-moving-company-300x141.png 300w, https:\/\/moverdb.com\/wp-content\/uploads\/Victory-Van-Corporation-international-moving-company-1024x482.png 1024w, https:\/\/moverdb.com\/wp-content\/uploads\/Victory-Van-Corporation-international-moving-company-18x8.png 18w, https:\/\/moverdb.com\/wp-content\/uploads\/Victory-Van-Corporation-international-moving-company-600x283.png 600w\" sizes=\"auto, (max-width: 1440px) 100vw, 1440px\" \/><\/p>\n<ul>\n<li>Yerel ve eyaletler aras\u0131 ta\u015f\u0131nmalar<\/li>\n<li>Uluslararas\u0131 ta\u015f\u0131nmalar<\/li>\n<li>Konut Ta\u015f\u0131malar\u0131<\/li>\n<li>Ofis ta\u015f\u0131ma<\/li>\n<li>Hareket koordinat\u00f6r\u00fc<\/li>\n<li>Tam hizmet \u00e7\u00f6z\u00fcm\u00fc<\/li>\n<li>Paketleme hizmeti<\/li>\n<li>Hava, demiryolu, kara ve deniz ta\u015f\u0131mac\u0131l\u0131\u011f\u0131<\/li>\n<li>G\u00fcmr\u00fck evraklar\u0131<\/li>\n<li>K\u0131sa ve uzun s\u00fcreli depolama<\/li>\n<\/ul>\n<p>Victory Van Corporation, 1928 y\u0131l\u0131nda kurulmu\u015f bir ta\u015f\u0131ma ve depolama \u015firketidir ve \u0130skenderiye'de lokasyonlar\u0131 bulunmaktad\u0131r, <a href=\"https:\/\/moverdb.com\/tr\/moving-to-the-united-states\/moving-to-maryland\/\" data-internallinksmanager029f6b8e52c=\"467\" title=\"Maryland&#039;e mi ta\u015f\u0131n\u0131yorsunuz? 2024 Ya\u015fam Maliyetleri &amp; Yer De\u011fi\u015ftirme \u0130pu\u00e7lar\u0131\">Maryland<\/a>, <a href=\"https:\/\/moverdb.com\/tr\/moving-to-the-united-states\/moving-to-florida\/\" data-internallinksmanager029f6b8e52c=\"331\" title=\"Florida&#039;ya Ta\u015f\u0131nmak m\u0131? 2026 Ya\u015fam Maliyetleri ve Yer De\u011fi\u015ftirme \u0130pu\u00e7lar\u0131\">Florida<\/a> ve Kuzey <a href=\"https:\/\/moverdb.com\/tr\/moving-to-the-united-states\/moving-to-virginia\/\" data-internallinksmanager029f6b8e52c=\"442\" title=\"Virginia&#039;ya Ta\u015f\u0131nmak m\u0131? 2026 Ya\u015fam Maliyetleri ve Yer De\u011fi\u015ftirme \u0130pu\u00e7lar\u0131\">Virginia<\/a>. Allied Van Lines acentesidirler, bu da onlara uluslararas\u0131 ta\u015f\u0131nmalarda destek olmak i\u00e7in d\u00fcnya \u00e7ap\u0131nda daha geni\u015f bir ta\u015f\u0131ma acenteleri a\u011f\u0131na eri\u015fim sa\u011flar. Onlar 95 y\u0131ll\u0131k deneyime sahip bir IAM \u00fcyesidir.<\/p>\n<p>Victory Van Corporation'\u0131n ta\u015f\u0131nma koordinat\u00f6rleri, yerel veya uzun mesafeli ta\u015f\u0131nman\u0131z\u0131n her ad\u0131m\u0131n\u0131 planlaman\u0131za yard\u0131mc\u0131 olacakt\u0131r. Sanal veya evde ta\u015f\u0131nma tahmini sunarlar ve tam hizmet \u00e7\u00f6z\u00fcm\u00fc ve b\u00fct\u00e7enizi a\u015fmayan \u00f6zel bir ta\u015f\u0131nma plan\u0131 sa\u011flayabilirler.<\/p>\n<p>Web sitesi: <a href=\"http:\/\/www.victoryvan.com\" target=\"_blank\" rel=\"noopener\">http:\/\/www.victoryvan.com<\/a><\/p>","protected":false},"excerpt":{"rendered":"<p>Moving can be a busy time with so many things to organise which is why so many people get a moving company involved as they can pack your items, load and transport them and unload them at the destination. Below we have compiled a list of Alexandria based removal companies that are members of the [&hellip;]<\/p>\n","protected":false},"author":4,"featured_media":11349,"parent":190,"menu_order":0,"comment_status":"closed","ping_status":"closed","template":"","meta":{"_genesis_hide_title":false,"_genesis_hide_breadcrumbs":false,"_genesis_hide_singular_image":false,"_genesis_hide_footer_widgets":false,"_genesis_custom_body_class":"","_genesis_custom_post_class":"","_genesis_layout":"","footnotes":""},"class_list":{"0":"post-11548","1":"page","2":"type-page","3":"status-publish","4":"has-post-thumbnail","6":"entry"},"_links":{"self":[{"href":"https:\/\/moverdb.com\/tr\/wp-json\/wp\/v2\/pages\/11548","targetHints":{"allow":["GET"]}}],"collection":[{"href":"https:\/\/moverdb.com\/tr\/wp-json\/wp\/v2\/pages"}],"about":[{"href":"https:\/\/moverdb.com\/tr\/wp-json\/wp\/v2\/types\/page"}],"author":[{"embeddable":true,"href":"https:\/\/moverdb.com\/tr\/wp-json\/wp\/v2\/users\/4"}],"replies":[{"embeddable":true,"href":"https:\/\/moverdb.com\/tr\/wp-json\/wp\/v2\/comments?post=11548"}],"version-history":[{"count":1,"href":"https:\/\/moverdb.com\/tr\/wp-json\/wp\/v2\/pages\/11548\/revisions"}],"predecessor-version":[{"id":11549,"href":"https:\/\/moverdb.com\/tr\/wp-json\/wp\/v2\/pages\/11548\/revisions\/11549"}],"up":[{"embeddable":true,"href":"https:\/\/moverdb.com\/tr\/wp-json\/wp\/v2\/pages\/190"}],"wp:featuredmedia":[{"embeddable":true,"href":"https:\/\/moverdb.com\/tr\/wp-json\/wp\/v2\/media\/11349"}],"wp:attachment":[{"href":"https:\/\/moverdb.com\/tr\/wp-json\/wp\/v2\/media?parent=11548"}],"curies":[{"name":"wp","href":"https:\/\/api.w.org\/{rel}","templated":true}]}}