{"id":11546,"date":"2023-11-29T10:47:36","date_gmt":"2023-11-29T10:47:36","guid":{"rendered":"https:\/\/moverdb.com\/?page_id=11546"},"modified":"2026-01-08T15:25:02","modified_gmt":"2026-01-08T15:25:02","slug":"moving-companies-us-alaska","status":"publish","type":"page","link":"https:\/\/moverdb.com\/tr\/moving-companies\/moving-companies-us-alaska\/","title":{"rendered":"Alaska'daki En \u0130yi 5 Uluslararas\u0131 Nakliye \u015eirketi"},"content":{"rendered":"<p>E\u011fer \u015fu anda <a href=\"https:\/\/moverdb.com\/tr\/moving-to-the-united-states\/moving-to-alaska\/\" data-internallinksmanager029f6b8e52c=\"384\" title=\"Alaska&#039;ya m\u0131 ta\u015f\u0131n\u0131yorsunuz? 2026 Ya\u015fam Maliyetleri ve Yer De\u011fi\u015ftirme \u0130pu\u00e7lar\u0131\">Alaska<\/a> Alaska'ya ta\u015f\u0131nmay\u0131 planl\u0131yorsan\u0131z veya yurtd\u0131\u015f\u0131ndan Alaska'ya ta\u015f\u0131n\u0131yorsan\u0131z, size yard\u0131mc\u0131 olmas\u0131 i\u00e7in bir ta\u015f\u0131ma \u015firketinden hizmet almak isteyebilirsiniz. <a href=\"https:\/\/moverdb.com\/tr\/moving-companies\/\" data-internallinksmanager029f6b8e52c=\"79\" title=\"\u00c7evrimi\u00e7i En \u0130yi 25 Uluslararas\u0131 Nakliye \u015eirketi\">Nakliye \u015firketleri<\/a> e\u015fyalar\u0131n\u0131z\u0131 paketleyerek, y\u00fckleyerek ve ta\u015f\u0131yarak \u00fczerinizdeki y\u00fck\u00fc ve bask\u0131y\u0131 hafifletebilir. A\u015fa\u011f\u0131da Alaska'da faaliyet g\u00f6steren <a href=\"https:\/\/moverdb.com\/tr\/international-removals\/\" data-internallinksmanager029f6b8e52c=\"27\" title=\"36 \u0130ngiltere&#039;deki En \u0130yi Uluslararas\u0131 Nakliye \u015eirketleri\">nakli\u0307ye \u015fi\u0307rketleri\u0307<\/a> \u00fcyesi olan <a href=\"https:\/\/moverdb.com\/tr\/iam\/\" data-internallinksmanager029f6b8e52c=\"23\" title=\"Uluslararas\u0131 Ta\u015f\u0131mac\u0131lar Birli\u011fi (IAM) A\u00e7\u0131klamas\u0131\">Uluslararas\u0131 Ta\u015f\u0131mac\u0131lar Birli\u011fi<\/a> (IAM) ve\/veya <a href=\"https:\/\/moverdb.com\/tr\/fidi-faim\/\" data-internallinksmanager029f6b8e52c=\"16\" title=\"FIDI &amp; FAIM (FIDI Akredite Uluslararas\u0131 Ta\u015f\u0131mac\u0131) A\u00e7\u0131klamas\u0131\">FIDI<\/a> Ta\u015f\u0131nman\u0131zda size yard\u0131mc\u0131 olabilecek Akredite Uluslararas\u0131 Ta\u015f\u0131mac\u0131 (FAIM).<\/p>\n<div id=\"ez-toc-container\" class=\"ez-toc-v2_0_82_2 ez-toc-wrap-left counter-hierarchy ez-toc-counter ez-toc-transparent ez-toc-container-direction\">\n<div class=\"ez-toc-title-container\">\n<p class=\"ez-toc-title\" style=\"cursor:inherit\">B\u00f6l\u00fcmler<\/p>\n<span class=\"ez-toc-title-toggle\"><a href=\"#\" class=\"ez-toc-pull-right ez-toc-btn ez-toc-btn-xs ez-toc-btn-default ez-toc-toggle\" aria-label=\"\u0130\u00e7indekiler Tablosunu A\u00e7\/Kapat\"><span class=\"ez-toc-js-icon-con\"><span class=\"\"><span class=\"eztoc-hide\" style=\"display:none;\">Ge\u00e7i\u015f<\/span><span class=\"ez-toc-icon-toggle-span\"><svg style=\"fill: #999;color:#999\" xmlns=\"http:\/\/www.w3.org\/2000\/svg\" class=\"list-377408\" width=\"20px\" height=\"20px\" viewbox=\"0 0 24 24\" fill=\"none\"><path d=\"M6 6H4v2h2V6zm14 0H8v2h12V6zM4 11h2v2H4v-2zm16 0H8v2h12v-2zM4 16h2v2H4v-2zm16 0H8v2h12v-2z\" fill=\"currentColor\"><\/path><\/svg><svg style=\"fill: #999;color:#999\" class=\"arrow-unsorted-368013\" xmlns=\"http:\/\/www.w3.org\/2000\/svg\" width=\"10px\" height=\"10px\" viewbox=\"0 0 24 24\" version=\"1.2\" baseprofile=\"tiny\"><path d=\"M18.2 9.3l-6.2-6.3-6.2 6.3c-.2.2-.3.4-.3.7s.1.5.3.7c.2.2.4.3.7.3h11c.3 0 .5-.1.7-.3.2-.2.3-.5.3-.7s-.1-.5-.3-.7zM5.8 14.7l6.2 6.3 6.2-6.3c.2-.2.3-.5.3-.7s-.1-.5-.3-.7c-.2-.2-.4-.3-.7-.3h-11c-.3 0-.5.1-.7.3-.2.2-.3.5-.3.7s.1.5.3.7z\"\/><\/svg><\/span><\/span><\/span><\/a><\/span><\/div>\n<nav><ul class='ez-toc-list ez-toc-list-level-1 eztoc-toggle-hide-by-default' ><li class='ez-toc-page-1 ez-toc-heading-level-2'><a class=\"ez-toc-link ez-toc-heading-1\" href=\"https:\/\/moverdb.com\/tr\/moving-companies\/moving-companies-us-alaska\/#1_Alisons_Relocations\" >1. Alisons Yer De\u011fi\u015ftirmeleri<\/a><\/li><li class='ez-toc-page-1 ez-toc-heading-level-2'><a class=\"ez-toc-link ez-toc-heading-2\" href=\"https:\/\/moverdb.com\/tr\/moving-companies\/moving-companies-us-alaska\/#2_Continental_Van_Lines\" >2. Continental Van Lines<\/a><\/li><li class='ez-toc-page-1 ez-toc-heading-level-2'><a class=\"ez-toc-link ez-toc-heading-3\" href=\"https:\/\/moverdb.com\/tr\/moving-companies\/moving-companies-us-alaska\/#3_Golden_North_Van_Lines\" >3. Golden North Van Lines<\/a><\/li><li class='ez-toc-page-1 ez-toc-heading-level-2'><a class=\"ez-toc-link ez-toc-heading-4\" href=\"https:\/\/moverdb.com\/tr\/moving-companies\/moving-companies-us-alaska\/#4_Royal_Alaskan_Movers\" >4. Royal Alaska Ta\u015f\u0131y\u0131c\u0131lar\u0131<\/a><\/li><li class='ez-toc-page-1 ez-toc-heading-level-2'><a class=\"ez-toc-link ez-toc-heading-5\" href=\"https:\/\/moverdb.com\/tr\/moving-companies\/moving-companies-us-alaska\/#5_Sourdough_Express\" >5. Ek\u015fi Maya Ekspresi<\/a><\/li><\/ul><\/nav><\/div>\n<h2><span class=\"ez-toc-section\" id=\"1_Alisons_Relocations\"><\/span><strong>1. Alisons Yer De\u011fi\u015ftirmeleri<\/strong><span class=\"ez-toc-section-end\"><\/span><\/h2>\n<p><img loading=\"lazy\" decoding=\"async\" class=\"alignnone size-full wp-image-11250\" src=\"https:\/\/moverdb.com\/wp-content\/uploads\/Alisons-Relocation-international-moving-company.png\" alt=\"Alisons Relocation uluslararas\u0131 ta\u015f\u0131ma \u015firketi\" width=\"1440\" height=\"678\" data-wp-pid=\"11250\" srcset=\"https:\/\/moverdb.com\/wp-content\/uploads\/Alisons-Relocation-international-moving-company.png 1440w, https:\/\/moverdb.com\/wp-content\/uploads\/Alisons-Relocation-international-moving-company-300x141.png 300w, https:\/\/moverdb.com\/wp-content\/uploads\/Alisons-Relocation-international-moving-company-1024x482.png 1024w, https:\/\/moverdb.com\/wp-content\/uploads\/Alisons-Relocation-international-moving-company-18x8.png 18w, https:\/\/moverdb.com\/wp-content\/uploads\/Alisons-Relocation-international-moving-company-600x283.png 600w\" sizes=\"auto, (max-width: 1440px) 100vw, 1440px\" \/><\/p>\n<ul>\n<li>Ulusal hamleler<\/li>\n<li>Uluslararas\u0131 ta\u015f\u0131nmalar<\/li>\n<li>Konut Ta\u015f\u0131malar\u0131<\/li>\n<li>Ofis ve end\u00fcstriyel ta\u015f\u0131nmalar<\/li>\n<li>Kurumsal ta\u015f\u0131nma<\/li>\n<li>Kap\u0131dan kap\u0131ya hizmet<\/li>\n<li>Paketleme se\u00e7enekleri<\/li>\n<li>Okyanus, hava, kamyon ve demiryolu ile ta\u015f\u0131mac\u0131l\u0131k<\/li>\n<li>G\u00fcmr\u00fck komisyonculu\u011fu<\/li>\n<li>Depolama tesisleri<\/li>\n<\/ul>\n<p>Alison's Relocations 1998 y\u0131l\u0131nda Anchorage'da kurulmu\u015f bir ta\u015f\u0131ma ve depolama \u015firketidir. IAM \u00fcyesidirler ve 26 y\u0131ll\u0131k deneyime sahiptirler, bu da onlara destek olmak i\u00e7in uluslararas\u0131 bir ta\u015f\u0131ma acenteleri a\u011f\u0131 sa\u011flar.<\/p>\n<p>Alison's Relocations, tek bir irtibat noktas\u0131 ile kap\u0131dan kap\u0131ya ta\u015f\u0131ma hizmetleri sunmaktad\u0131r. Tam hizmet, k\u0131r\u0131lgan e\u015fyalar ve mobilyalar i\u00e7in k\u0131smi paketleme, kendi kendine paketleme ve kendi kendine paketleme ve y\u00fckleme se\u00e7eneklerini i\u00e7eren \u00e7e\u015fitli paketleme hizmetleri sunarlar. Paketleme hizmetleri, mobilyalar\u0131 tamponlay\u0131p saracak ve kutulanabilir t\u00fcm e\u015fyalar\u0131 g\u00fcvenli bir \u015fekilde paketleyecektir. E\u015fyalar\u0131n\u0131z\u0131 ta\u015f\u0131yacak, ta\u015f\u0131ma y\u00f6netim sistemindeki hareketlerini takip edecek ve g\u00fcmr\u00fck i\u015flemlerini ger\u00e7ekle\u015ftireceklerdir.<\/p>\n<p>Web sitesi: <a href=\"https:\/\/alisonsrelo.com\/\" target=\"_blank\" rel=\"noopener\">https:\/\/alisonsrelo.com\/<\/a><\/p>\n<h2><span class=\"ez-toc-section\" id=\"2_Continental_Van_Lines\"><\/span><strong>2. Continental Van Lines<\/strong><span class=\"ez-toc-section-end\"><\/span><\/h2>\n<p><img loading=\"lazy\" decoding=\"async\" class=\"alignnone size-full wp-image-11295\" src=\"https:\/\/moverdb.com\/wp-content\/uploads\/Continental-Van-Lines-moving-company.png\" alt=\"Continental Van Lines nakliye \u015firketi\" width=\"1440\" height=\"680\" data-wp-pid=\"11295\" srcset=\"https:\/\/moverdb.com\/wp-content\/uploads\/Continental-Van-Lines-moving-company.png 1440w, https:\/\/moverdb.com\/wp-content\/uploads\/Continental-Van-Lines-moving-company-300x142.png 300w, https:\/\/moverdb.com\/wp-content\/uploads\/Continental-Van-Lines-moving-company-1024x484.png 1024w, https:\/\/moverdb.com\/wp-content\/uploads\/Continental-Van-Lines-moving-company-18x9.png 18w, https:\/\/moverdb.com\/wp-content\/uploads\/Continental-Van-Lines-moving-company-600x283.png 600w\" sizes=\"auto, (max-width: 1440px) 100vw, 1440px\" \/><\/p>\n<ul>\n<li>Ulusal hamleler<\/li>\n<li>Uluslararas\u0131 ta\u015f\u0131nmalar<\/li>\n<li>Konut Ta\u015f\u0131malar\u0131<\/li>\n<li>\u0130\u015f hamleleri<\/li>\n<li>Kap\u0131dan kap\u0131ya hizmet<\/li>\n<li>Paketleme deste\u011fi<\/li>\n<li>Ta\u015f\u0131mac\u0131l\u0131\u011f\u0131n d\u00fczenlenmesi<\/li>\n<li>G\u00fcmr\u00fckleme yard\u0131m\u0131<\/li>\n<li>Ara\u00e7 ta\u015f\u0131mac\u0131l\u0131\u011f\u0131<\/li>\n<li>Depolama tesisleri<\/li>\n<\/ul>\n<p>Continental Van Lines, 1952 y\u0131l\u0131nda kurulan ve Anchorage, Fife ve Tacoma'da \u015fubeleri bulunan tam hizmetli bir ta\u015f\u0131ma \u015firketidir. \u015eirket 77 y\u0131ll\u0131k tecr\u00fcbesiyle IAM \u00fcyesidir ve FIDI taraf\u0131ndan akredite edilmi\u015ftir. Ayr\u0131ca Van Lines'\u0131n da dahil oldu\u011fu a\u011flar\u0131n bir par\u00e7as\u0131d\u0131rlar ve bu da onlara birlikte \u00e7al\u0131\u015fabilecekleri uluslararas\u0131 ta\u015f\u0131ma acenteleri a\u011f\u0131 sa\u011flar.<\/p>\n<p>Continental Van Lines'\u0131n ta\u015f\u0131nma koordinat\u00f6rleri, ister kendin yap ta\u015f\u0131nmas\u0131 ister tam bir beyaz eldiven \u00e7\u00f6z\u00fcm\u00fc olsun, ihtiya\u00e7lar\u0131n\u0131z\u0131 ve b\u00fct\u00e7enizi kar\u015f\u0131lamak i\u00e7in \u00f6zelle\u015ftirilmi\u015f bir ta\u015f\u0131nma plan\u0131 olu\u015fturacakt\u0131r. Tam hizmet paketleme ve ambalaj a\u00e7ma hizmetlerinin yan\u0131 s\u0131ra mobilyalar\u0131n s\u00f6k\u00fclmesi ve yeniden monte edilmesi ve sand\u0131klama hizmetleri de sunmaktad\u0131rlar.<\/p>\n<p>Web sitesi: <a href=\"https:\/\/www.continentalvan.com\/international-mover\/\" target=\"_blank\" rel=\"noopener\">https:\/\/www.continentalvan.com\/international-mover\/<\/a><\/p>\n<h2><span class=\"ez-toc-section\" id=\"3_Golden_North_Van_Lines\"><\/span><strong>3. Golden North Van Lines<\/strong><span class=\"ez-toc-section-end\"><\/span><\/h2>\n<p><img loading=\"lazy\" decoding=\"async\" class=\"alignnone size-full wp-image-11329\" src=\"https:\/\/moverdb.com\/wp-content\/uploads\/Golden-North-Van-Lines-international-moving-company.png\" alt=\"Golden North Van Lines uluslararas\u0131 ta\u015f\u0131ma \u015firketi\" width=\"1440\" height=\"681\" data-wp-pid=\"11329\" srcset=\"https:\/\/moverdb.com\/wp-content\/uploads\/Golden-North-Van-Lines-international-moving-company.png 1440w, https:\/\/moverdb.com\/wp-content\/uploads\/Golden-North-Van-Lines-international-moving-company-300x142.png 300w, https:\/\/moverdb.com\/wp-content\/uploads\/Golden-North-Van-Lines-international-moving-company-1024x484.png 1024w, https:\/\/moverdb.com\/wp-content\/uploads\/Golden-North-Van-Lines-international-moving-company-18x9.png 18w, https:\/\/moverdb.com\/wp-content\/uploads\/Golden-North-Van-Lines-international-moving-company-600x284.png 600w\" sizes=\"auto, (max-width: 1440px) 100vw, 1440px\" \/><\/p>\n<ul>\n<li>Ulusal hamleler<\/li>\n<li>Uluslararas\u0131 ta\u015f\u0131nmalar<\/li>\n<li>Konut Ta\u015f\u0131malar\u0131<\/li>\n<li>Ticari ve ofis ta\u015f\u0131malar\u0131<\/li>\n<li>Ki\u015fiye \u00f6zel hizmetler<\/li>\n<li>Paketleme hizmeti<\/li>\n<li>Ula\u015f\u0131m d\u00fczenlemeleri<\/li>\n<li>G\u00fcmr\u00fck deste\u011fi<\/li>\n<li>Konsiyerj hizmetleri<\/li>\n<li>K\u0131sa ve uzun s\u00fcreli depolama<\/li>\n<\/ul>\n<p>Golden North Van Lines 1976 y\u0131l\u0131nda kurulmu\u015f, Anchorage ve Fairbanks'te ofisleri bulunan bir ta\u015f\u0131ma \u015firketidir. Van Lines i\u00e7in bir acentedir ve d\u00fcnya \u00e7ap\u0131ndaki ta\u015f\u0131nmalarda onlara yard\u0131mc\u0131 olmak i\u00e7in uluslararas\u0131 bir ta\u015f\u0131ma \u015firketleri a\u011f\u0131na eri\u015fime sahiptirler. \u015eirket 49 y\u0131ll\u0131k tecr\u00fcbesiyle IAM \u00fcyesidir.<\/p>\n<p>Golden North Van Lines, ulusal ve uluslararas\u0131 d\u00fczeyde \u00f6zel ta\u015f\u0131nma ve yer de\u011fi\u015ftirme hizmetleri sunmaktad\u0131r. Ta\u015f\u0131nma hizmetleri, evler ve i\u015fletmeler i\u00e7in konsiyerj tarz\u0131 ta\u015f\u0131nma hizmetlerini i\u00e7erir. E\u015fyalar\u0131n\u0131z\u0131 ta\u015f\u0131ma s\u0131ras\u0131nda korumak i\u00e7in paketleme hizmeti sunarlar ve e\u015fyalar\u0131n\u0131z\u0131n var\u0131\u015f noktan\u0131za g\u00fcvenli bir \u015fekilde ta\u015f\u0131nmas\u0131n\u0131 sa\u011flarlar.<\/p>\n<p>Web sitesi: <a href=\"https:\/\/www.goldennorthvanlines.com\/\" target=\"_blank\" rel=\"noopener\">https:\/\/www.goldennorthvanlines.com\/<\/a><\/p>\n<h2><span class=\"ez-toc-section\" id=\"4_Royal_Alaskan_Movers\"><\/span><strong>4. Royal Alaska Ta\u015f\u0131y\u0131c\u0131lar\u0131<\/strong><span class=\"ez-toc-section-end\"><\/span><\/h2>\n<p><img loading=\"lazy\" decoding=\"async\" class=\"alignnone size-full wp-image-11428\" src=\"https:\/\/moverdb.com\/wp-content\/uploads\/Royal-Alaskan-Movers-international-moving-company.png\" alt=\"Royal Alaskan Movers uluslararas\u0131 nakliye \u015firketi\" width=\"1440\" height=\"680\" data-wp-pid=\"11428\" srcset=\"https:\/\/moverdb.com\/wp-content\/uploads\/Royal-Alaskan-Movers-international-moving-company.png 1440w, https:\/\/moverdb.com\/wp-content\/uploads\/Royal-Alaskan-Movers-international-moving-company-300x142.png 300w, https:\/\/moverdb.com\/wp-content\/uploads\/Royal-Alaskan-Movers-international-moving-company-1024x484.png 1024w, https:\/\/moverdb.com\/wp-content\/uploads\/Royal-Alaskan-Movers-international-moving-company-18x9.png 18w, https:\/\/moverdb.com\/wp-content\/uploads\/Royal-Alaskan-Movers-international-moving-company-600x283.png 600w\" sizes=\"auto, (max-width: 1440px) 100vw, 1440px\" \/><\/p>\n<ul>\n<li>Yerel ve ulusal yer de\u011fi\u015ftirmeler<\/li>\n<li>Uluslararas\u0131 ta\u015f\u0131nmalar<\/li>\n<li>Hane halk\u0131 ta\u015f\u0131nmalar\u0131<\/li>\n<li>\u0130\u015fletme ta\u015f\u0131nmalar\u0131<\/li>\n<li>Ki\u015fiselle\u015ftirilmi\u015f hizmet<\/li>\n<li>Ta\u015f\u0131nma plan\u0131<\/li>\n<li>Paketleme hizmeti<\/li>\n<li>Kara, deniz ve hava ta\u015f\u0131mac\u0131l\u0131\u011f\u0131<\/li>\n<li>Ara\u00e7 ta\u015f\u0131mac\u0131l\u0131\u011f\u0131<\/li>\n<li>Depolama tesisleri<\/li>\n<\/ul>\n<p>Royal Alaskan Movers, 2010 y\u0131l\u0131nda kurulmu\u015f ve merkezi Anchorage'da bulunan bir ta\u015f\u0131ma \u015firketidir. Kendilerine k\u00fcresel ta\u015f\u0131nma deneyimi ve deste\u011fi sa\u011flayan The DeWitt Companies'in bir par\u00e7as\u0131d\u0131r. \u015eirket, 13 y\u0131ll\u0131k tecr\u00fcbesiyle IAM \u00fcyesidir.<\/p>\n<p>Royal Alaskan Movers, ta\u015f\u0131nma gereksinimlerinizi de\u011ferlendirmek ve size bir fiyat teklifi vermek i\u00e7in sanal bir anket ile ki\u015fiselle\u015ftirilmi\u015f bir ta\u015f\u0131nma hizmeti sunar. \u0130htiya\u00e7lar\u0131n\u0131z\u0131 kar\u015f\u0131lamak i\u00e7in en verimli ve uygun fiyatl\u0131 ta\u015f\u0131ma ve depolama se\u00e7ene\u011fini arayacaklard\u0131r. Tam hizmet paketleme sa\u011flarlar ve mobilyalar\u0131n\u0131z\u0131 sarar ve var\u0131\u015fta ambalajlar\u0131n\u0131 a\u00e7arlar. Bir envanter sa\u011flarlar ve var\u0131\u015f noktan\u0131z neresi olursa olsun nakliyeyi ayarlarlar.<\/p>\n<p>Web sitesi: <a href=\"https:\/\/www.royalalaskanmovers.com\/\" target=\"_blank\" rel=\"noopener\">https:\/\/www.royalalaskanmovers.com\/<\/a><\/p>\n<h2><span class=\"ez-toc-section\" id=\"5_Sourdough_Express\"><\/span><strong>5. Ek\u015fi Maya Ekspresi<\/strong><span class=\"ez-toc-section-end\"><\/span><\/h2>\n<p><img loading=\"lazy\" decoding=\"async\" class=\"alignnone size-full wp-image-11447\" src=\"https:\/\/moverdb.com\/wp-content\/uploads\/Sordough-Express-international-moving-company.png\" alt=\"Sourdough Express uluslararas\u0131 ta\u015f\u0131ma \u015firketi\" width=\"1440\" height=\"680\" data-wp-pid=\"11447\" srcset=\"https:\/\/moverdb.com\/wp-content\/uploads\/Sordough-Express-international-moving-company.png 1440w, https:\/\/moverdb.com\/wp-content\/uploads\/Sordough-Express-international-moving-company-300x142.png 300w, https:\/\/moverdb.com\/wp-content\/uploads\/Sordough-Express-international-moving-company-1024x484.png 1024w, https:\/\/moverdb.com\/wp-content\/uploads\/Sordough-Express-international-moving-company-18x9.png 18w, https:\/\/moverdb.com\/wp-content\/uploads\/Sordough-Express-international-moving-company-600x283.png 600w\" sizes=\"auto, (max-width: 1440px) 100vw, 1440px\" \/><\/p>\n<ul>\n<li>Yerel ve eyaletler aras\u0131 ta\u015f\u0131nmalar<\/li>\n<li>Uluslararas\u0131 ta\u015f\u0131nmalar<\/li>\n<li>Konut Ta\u015f\u0131malar\u0131<\/li>\n<li>Kurumsal ve ofis ta\u015f\u0131nmalar\u0131<\/li>\n<li>\u00c7al\u0131\u015fan yer de\u011fi\u015ftirmeleri<\/li>\n<li>Ta\u015f\u0131nma \u00f6ncesi anket<\/li>\n<li>\u00d6zel ta\u015f\u0131ma plan\u0131<\/li>\n<li>Paketleme hizmeti<\/li>\n<li>Ula\u015f\u0131m d\u00fczenlemeleri9<\/li>\n<li>Depolama tesisleri<\/li>\n<\/ul>\n<p>Sourdough Express, 1898 y\u0131l\u0131nda kurulan Anchorage ve Fairbanks merkezli bir tam hizmet ta\u015f\u0131ma ve depolama \u015firketidir. IAM'nin 125 y\u0131ll\u0131k tecr\u00fcbeye sahip bir \u00fcyesidirler ve bu da onlara yard\u0131mc\u0131 olabilecek d\u00fcnya \u00e7ap\u0131nda bir ta\u015f\u0131ma \u015firketleri a\u011f\u0131na eri\u015fim sa\u011flar.<\/p>\n<p>Sourdough Express, ta\u015f\u0131nma gereksinimlerinizi belirlemek i\u00e7in ta\u015f\u0131nma \u00f6ncesi bir anket yapacak ve ard\u0131ndan ta\u015f\u0131nman\u0131z\u0131n her ad\u0131m\u0131 i\u00e7in \u00f6zel bir ta\u015f\u0131nma ve paketleme plan\u0131 olu\u015fturacakt\u0131r. E\u015fyalar\u0131n\u0131z\u0131 ta\u015f\u0131ma s\u0131ras\u0131nda korumak i\u00e7in e\u011fitilmi\u015f profesyonel paketleyiciler kullanan bir paketleme hizmeti sunarlar. Ofis ta\u015f\u0131nmalar\u0131nda, i\u015finizin durma s\u00fcresini en aza indirmeye yard\u0131mc\u0131 olmak i\u00e7in bir Ta\u015f\u0131nma Dan\u0131\u015fman\u0131 sa\u011flanacakt\u0131r.<\/p>\n<p>Web sitesi: <a href=\"https:\/\/sourdoughexpress.com\/\" target=\"_blank\" rel=\"noopener\">https:\/\/sourdoughexpress.com\/<\/a><\/p>","protected":false},"excerpt":{"rendered":"<p>If you currently live in Alaska and are planning a move or are moving to Alaska from abroad, you might want to engage the services of a moving company to assist you. Moving companies can lighten the load and pressure on you by packing, loading and transporting your belongings. Below we have compiled a list [&hellip;]<\/p>\n","protected":false},"author":4,"featured_media":11250,"parent":190,"menu_order":0,"comment_status":"closed","ping_status":"closed","template":"","meta":{"_genesis_hide_title":false,"_genesis_hide_breadcrumbs":false,"_genesis_hide_singular_image":false,"_genesis_hide_footer_widgets":false,"_genesis_custom_body_class":"","_genesis_custom_post_class":"","_genesis_layout":"","footnotes":""},"class_list":{"0":"post-11546","1":"page","2":"type-page","3":"status-publish","4":"has-post-thumbnail","6":"entry"},"_links":{"self":[{"href":"https:\/\/moverdb.com\/tr\/wp-json\/wp\/v2\/pages\/11546","targetHints":{"allow":["GET"]}}],"collection":[{"href":"https:\/\/moverdb.com\/tr\/wp-json\/wp\/v2\/pages"}],"about":[{"href":"https:\/\/moverdb.com\/tr\/wp-json\/wp\/v2\/types\/page"}],"author":[{"embeddable":true,"href":"https:\/\/moverdb.com\/tr\/wp-json\/wp\/v2\/users\/4"}],"replies":[{"embeddable":true,"href":"https:\/\/moverdb.com\/tr\/wp-json\/wp\/v2\/comments?post=11546"}],"version-history":[{"count":1,"href":"https:\/\/moverdb.com\/tr\/wp-json\/wp\/v2\/pages\/11546\/revisions"}],"predecessor-version":[{"id":11547,"href":"https:\/\/moverdb.com\/tr\/wp-json\/wp\/v2\/pages\/11546\/revisions\/11547"}],"up":[{"embeddable":true,"href":"https:\/\/moverdb.com\/tr\/wp-json\/wp\/v2\/pages\/190"}],"wp:featuredmedia":[{"embeddable":true,"href":"https:\/\/moverdb.com\/tr\/wp-json\/wp\/v2\/media\/11250"}],"wp:attachment":[{"href":"https:\/\/moverdb.com\/tr\/wp-json\/wp\/v2\/media?parent=11546"}],"curies":[{"name":"wp","href":"https:\/\/api.w.org\/{rel}","templated":true}]}}