{"id":1075,"date":"2016-08-04T14:25:42","date_gmt":"2016-08-04T14:25:42","guid":{"rendered":"http:\/\/moverdb.com\/?page_id=1075"},"modified":"2026-01-08T15:20:29","modified_gmt":"2026-01-08T15:20:29","slug":"kuzey-amerikan-van-hatlari","status":"publish","type":"page","link":"https:\/\/moverdb.com\/tr\/north-american-van-lines\/","title":{"rendered":"North American Van Lines: Uluslararas\u0131 Ta\u015f\u0131nma Yorumlar\u0131"},"content":{"rendered":"<p>North American Van Lines, m\u00fc\u015fterilerine uluslararas\u0131, kurumsal ve yurti\u00e7i ta\u015f\u0131nmalar i\u00e7in hizmetler sunmaktad\u0131r. Bu hizmetlerin bir listesi, \u015firket profili ve de\u011ferlendirmeleri ile birlikte a\u015fa\u011f\u0131da yer almaktad\u0131r.<\/p>\n<p><strong>Bireyler ve \u015eirketler i\u00e7in Uluslararas\u0131 Ta\u015f\u0131nma<\/strong><\/p>\n<ul>\n<li> Kap\u0131dan kap\u0131ya servis<\/li>\n<li> E\u015fyalar\u0131n paketlenmesi, doldurulmas\u0131 ve korunmas\u0131<\/li>\n<li> Mobilyalar\u0131n s\u00f6k\u00fclmesi<\/li>\n<li> <a href=\"https:\/\/moverdb.com\/tr\/konteyner-tasimaciligi\/\">Gemi konteynerleri<\/a> her uygulama i\u00e7in<\/li>\n<li> Maliyet etkinli\u011fi i\u00e7in nelerin paketlenece\u011fi ve nelerin sat\u0131laca\u011f\u0131 konusunda tavsiyeler<\/li>\n<li> G\u00fcmr\u00fck i\u015flemlerinde yard\u0131m<\/li>\n<li> Mobilyalar\u0131n teslimat\u0131 ve yeniden montaj\u0131<\/li>\n<li> 7\/24 \u00e7evrimi\u00e7i g\u00f6nderi takibi<\/li>\n<li> De\u011fer koruma program\u0131<\/li>\n<li> K\u0131sa s\u00fcreli ve uzun s\u00fcreli depolama ayarland\u0131<\/li>\n<\/ul>\n<p><strong>Yer De\u011fi\u015ftirme \u00d6zel Hizmetleri<\/strong><\/p>\n<ul>\n<li> Ev sat\u0131n alma ve ge\u00e7ici ya\u015fam yard\u0131m\u0131<\/li>\n<li> Finans ve sigorta sa\u011flay\u0131c\u0131 yard\u0131m\u0131<\/li>\n<li> K\u00fclt\u00fcrler aras\u0131 e\u011fitim<\/li>\n<li> Dil e\u011fitimi<\/li>\n<li> \u00c7ocuk bak\u0131m\u0131 ve okul y\u00f6nlendirmeleri<\/li>\n<li> T\u0131bbi bak\u0131m ve re\u00e7ete de\u011fi\u015fimi<\/li>\n<li> Otomobil al\u0131m\u0131 ve hizmetleri<\/li>\n<li> S\u00fcr\u00fc\u015f dersleri<\/li>\n<\/ul>\n<p><strong>Kurumsal Ta\u015f\u0131nma<\/strong><\/p>\n<ul>\n<li> Paketleme ve sand\u0131klama<\/li>\n<li> Depolama<\/li>\n<li> Sevkiyat<\/li>\n<li> Ki\u015fisel ta\u015f\u0131nma koordinat\u00f6r\u00fc<\/li>\n<li> Ev sat\u0131\u015f ve sat\u0131n alma yard\u0131m\u0131<\/li>\n<li> Alan y\u00f6nelimi<\/li>\n<li> E\u015f yard\u0131m\u0131<\/li>\n<li> \u0130potek hizmetleri<\/li>\n<li> Yerle\u015ftirme hizmetleri<\/li>\n<\/ul>\n<p><strong>Ta\u015f\u0131nma Hizmetleri<\/strong><\/p>\n<ul>\n<li> Paketleme ve a\u00e7ma - kendiniz yap\u0131n, sadece k\u0131r\u0131labilir e\u015fyalar veya tam paket<\/li>\n<li> Geni\u015f ambalaj malzemesi se\u00e7enekleri<\/li>\n<li> Mobilyalar\u0131n demontaj\u0131 ve yeniden montaj\u0131<\/li>\n<li> Bo\u015faltma<\/li>\n<li> Gerekirse ambalaj\u0131ndan \u00e7\u0131karma<\/li>\n<li> Enkaz\u0131n bertaraf edilmesi<\/li>\n<li> Uzun s\u00fcreli ve k\u0131sa s\u00fcreli depolama<\/li>\n<li> Ev ta\u015f\u0131ma<\/li>\n<li> Yerel ta\u015f\u0131ma<\/li>\n<li> Uzun mesafe ta\u015f\u0131ma<\/li>\n<li> Askeri ta\u015f\u0131nma<\/li>\n<li> \u00dclke \u00e7ap\u0131nda ta\u015f\u0131nma<\/li>\n<li> Eyaletler aras\u0131 ta\u015f\u0131nma<\/li>\n<li> Ekspres k\u00fc\u00e7\u00fck g\u00f6nderi<\/li>\n<li> Ulusal nakliyeciler<\/li>\n<\/ul>\n<p><strong>\u00d6zel Hareketler<\/strong><\/p>\n<ul>\n<li> Piyanolar<\/li>\n<li> Sanat ve antikalar<\/li>\n<li> Tekneler<\/li>\n<li> <a href=\"https:\/\/moverdb.com\/tr\/araba-tasima-nakliye\/\">Ara\u00e7lar<\/a><\/li>\n<li> Konteynerler<\/li>\n<\/ul>\n<h2>North American Van Lines \u015eirket Profili<\/h2>\n<p>North American Van Lines kamyon ta\u015f\u0131mac\u0131l\u0131\u011f\u0131 faaliyetlerine ilk olarak 1933 y\u0131l\u0131nda 12 acente ile ba\u015flad\u0131. Be\u015f y\u0131l sonra 120'den fazla acentesi vard\u0131. \u015eirket hem yerel, hem ulusal hem de uluslararas\u0131 d\u00fczeyde ev ve ofis ta\u015f\u0131mac\u0131l\u0131\u011f\u0131 yapmaktad\u0131r. North American Van Lines 1998 y\u0131l\u0131nda SIRVA Inc. \u015firketinin bir yan kurulu\u015fu haline gelmi\u015ftir. <\/p>\n<p>\u015eirketin yakla\u015f\u0131k 8.000 \u00e7al\u0131\u015fan\u0131 bulunmaktad\u0131r ve <strong>1,694 kamyon<\/strong>. Ara\u00e7lar\u0131n\u0131n \u015fu ana kadar <strong>37,256,707 mil<\/strong>.<\/p>\n<p>North American Van Lines'\u0131n Kuzey Amerika'da 500'den fazla acentesi bulunmaktad\u0131r. T\u00fcm g\u00f6nderileri her zaman tam olarak tespit etmek i\u00e7in uydu takibine sahiptirler. Ayr\u0131ca, y\u00fckleme iskelesi olmadan b\u00fcy\u00fck e\u015fyalar\u0131 y\u00fcklemelerine ve bo\u015faltmalar\u0131na olanak tan\u0131yan vin\u00e7li minib\u00fcsler kullan\u0131yorlar. <\/p>\n<p>\u015eirket, t\u00fcm \u00e7al\u0131\u015fanlar\u0131n\u0131 ve acentelerini m\u00fcmk\u00fcn olan en y\u00fcksek standartta e\u011fitmek i\u00e7in bir Kalite Program\u0131 uygulam\u0131\u015ft\u0131r.<\/p>\n<p>North American Van Lines akreditasyonlar\u0131 ve ba\u011flant\u0131lar\u0131:<\/p>\n<ul>\n<li> Ter\u00f6rizme Kar\u015f\u0131 G\u00fcmr\u00fck-Ticaret Ortakl\u0131\u011f\u0131 Uyumlu (C-TPAT)<\/li>\n<li> <a href=\"https:\/\/moverdb.com\/tr\/amsa\/\">Amerikan Ta\u015f\u0131nma ve Depolama Birli\u011fi<\/a> (<a href=\"https:\/\/moverdb.com\/tr\/amsa\/\" data-internallinksmanager029f6b8e52c=\"5\" title=\"Amerikan Ta\u015f\u0131nma ve Depolama Birli\u011fi (AMSA) A\u00e7\u0131klamas\u0131\">AMSA<\/a>) - <a href=\"https:\/\/moverdb.com\/tr\/rim-promover\/\">ProMover<\/a><\/li>\n<li> BBB Akredite \u0130\u015fletme<\/li>\n<li> <a href=\"https:\/\/moverdb.com\/tr\/kanada-nakliyeciler-dernegi\/\">Kanada Ta\u015f\u0131mac\u0131lar Birli\u011fi<\/a> (<a href=\"https:\/\/moverdb.com\/tr\/canadian-association-of-movers\/\" data-internallinksmanager029f6b8e52c=\"11\" title=\"Kanada Ta\u015f\u0131mac\u0131lar Birli\u011fi (CAM) A\u00e7\u0131klamas\u0131\">CAM<\/a>)<\/li>\n<\/ul>\n<h2>North American Van Lines Yorumlar\u0131<\/h2>\n<p><strong>Olumlu:<\/strong><\/p>\n<ul>\n<li>  <em>\"Her zaman ta\u015f\u0131n\u0131r\u0131z ve bu \u015fimdiye kadar ya\u015fad\u0131\u011f\u0131m\u0131z en iyi ta\u015f\u0131nmayd\u0131. \u0130\u015flerin bu kadar harika gitti\u011fi bir ta\u015f\u0131nma ya\u015famam\u0131\u015ft\u0131k. Her \u015fey harikayd\u0131.\"<\/em> - Justin P m\u00fc\u015fteri <a href=\"https:\/\/www.northamerican.com\/\" target=\"_blank\" rel=\"noopener\">web sitelerinden referans<\/a>.<\/li>\n<li> <em>\"Her zaman zaman\u0131nda, verimli, cana yak\u0131n ve ger\u00e7ekten yard\u0131msever. Aptallar\u0131m\u0131z y\u00fcklendikten ve tart\u0131ld\u0131ktan sonra asl\u0131nda teklif edilen miktardan daha az \u00fccretlendirilmemiz ho\u015f bir s\u00fcrpriz oldu! Onlar\u0131 kesinlikle tavsiye ederim!<\/em>\" - Candace arac\u0131l\u0131\u011f\u0131yla <a href=\"http:\/\/www.bbb.org\/northernindiana\/business-reviews\/movers\/north-american-van-lines-in-fort-wayne-in-90077877\/customer-reviews\" target=\"_blank\" rel=\"noopener\">BBB<\/a><\/li>\n<li> <em>\"Uzun, r\u00fczgarl\u0131, dar bir araba yolu olan bir evden y\u00fczlerce mil \u00f6tedeki ba\u015fka bir eve ta\u015f\u0131nmak hi\u00e7bir nakliyeci i\u00e7in kolay bir i\u015f de\u011fildi. Ancak North American Van Lines, ta\u015f\u0131nmay\u0131 daha az stresli hale getiren harika bir deneyim sa\u011flad\u0131... ve s\u00f6ylemeye cesaret edebilir miyim, e\u011flenceli mi?\"<\/em> - Phyllis arac\u0131l\u0131\u011f\u0131yla <a href=\"https:\/\/www.facebook.com\/northAmericanVL\/reviews#\" target=\"_blank\" rel=\"noopener\">Facebook<\/a><\/li>\n<\/ul>\n<p><strong>Olumsuz:<\/strong><\/p>\n<ul>\n<li> <em>\"Bu \u015firketle berbat bir deneyim ya\u015fad\u0131m. Onlar\u0131 Baltimore'dan buraya ta\u015f\u0131nmak i\u00e7in kulland\u0131m. <a href=\"https:\/\/moverdb.com\/tr\/san-franciscoya-tasinma\/\">San Francisco<\/a>.  Onlar yerel <a href=\"https:\/\/moverdb.com\/tr\/moving-companies\/\" data-internallinksmanager029f6b8e52c=\"79\" title=\"\u00c7evrimi\u00e7i En \u0130yi 25 Uluslararas\u0131 Nakliye \u015eirketi\">ta\u015finma \u015fi\u0307rketleri\u0307<\/a> E\u015fyalar\u0131n\u0131z\u0131 almak ve b\u0131rakmak i\u00e7in North American ile anla\u015f\u0131n.\"<\/em> - Nick arac\u0131l\u0131\u011f\u0131yla <a href=\"http:\/\/www.mymovingreviews.com\/movers\/north-american-van-lines-287#33438\" target=\"_blank\" rel=\"noopener\">MyMovingReviews<\/a><\/li>\n<li> <em>\"Ta\u015f\u0131nmak <a href=\"https:\/\/moverdb.com\/tr\/moving-companies\/moving-companies-peru\/\" data-internallinksmanager029f6b8e52c=\"273\" title=\"Peru&#039;daki En \u0130yi 9 Uluslararas\u0131 Nakliye \u015eirketi\">Peru<\/a> i\u00e7in <a href=\"https:\/\/moverdb.com\/tr\/moving-to-the-united-states\/moving-to-iowa\/\" data-internallinksmanager029f6b8e52c=\"463\" title=\"Iowa&#039;ya m\u0131 Ta\u015f\u0131n\u0131yorsunuz? 2024 Ya\u015fam Maliyetleri &amp; Yer De\u011fi\u015ftirme \u0130pu\u00e7lar\u0131\">Iowa<\/a> tam bir kabustu. En k\u00f6t\u00fcs\u00fc de kamyonun North American Van Lines'\u0131n \"profesyonelleri\" taraf\u0131ndan bo\u015falt\u0131lmas\u0131yd\u0131.\"<\/em> - Arthur arac\u0131l\u0131\u011f\u0131yla <a href=\"https:\/\/www.consumeraffairs.com\/movers\/north_american.htm\" target=\"_blank\" rel=\"noopener\">T\u00fcketici \u0130\u015fleri<\/a><\/li>\n<li> <em>\"E\u015fyalar\u0131m evden al\u0131nal\u0131 10 g\u00fcn oldu. <a href=\"https:\/\/moverdb.com\/tr\/moving-to-the-united-states\/moving-to-oklahoma\/\" data-internallinksmanager029f6b8e52c=\"453\" title=\"Oklahoma&#039;ya m\u0131 ta\u015f\u0131n\u0131yorsunuz? 2024 Ya\u015fam Maliyetleri &amp; Yer De\u011fi\u015ftirme \u0130pu\u00e7lar\u0131\">Oklahoma<\/a>Teslimat s\u00fcresinin bitmesine sadece 2 i\u015f g\u00fcn\u00fc kald\u0131 ve \u015eOF\u00d6R\u00dcN E\u015eYALARIMI ALMADI\u011eINI yeni \u00f6\u011frendiler.\"<\/em> - \u00fczerinden <a href=\"http:\/\/north-american-van-lines.pissedconsumer.com\/left-my-stuff-behind-20160401821464.html\" target=\"_blank\" rel=\"noopener\">K\u0131zg\u0131n T\u00fcketici<\/a><\/li>\n<\/ul>\n<div itemprop=\"review\" itemscope itemtype=\"http:\/\/schema.org\/Review\">\n<span itemprop=\"author\" itemscope=\"\" itemtype=\"http:\/\/schema.org\/Organization\"><span itemprop=\"name\">MoverDB.com<\/span><\/span> \u00c7evrimi\u00e7i Web Sitesi \u0130ncelemesi i\u00e7in <span itemprop=\"itemreviewed\" itemscope=\"\" itemtype=\"http:\/\/schema.org\/Brand\"><span itemprop=\"name\">North American Van Lines<\/span><\/span>:<\/p>\n<ol>\n<li> Web sitesinde a\u00e7\u0131k ileti\u015fim bilgileri (telefon numaras\u0131 dahil): <strong>Evet<\/strong><\/li>\n<li> Almas\u0131 kolay <a href=\"https:\/\/moverdb.com\/tr\/alintilar\/\">uluslararas\u0131 ta\u015f\u0131ma teklifleri<\/a>? (\u00c7evrimi\u00e7i tahmin talep formu): <strong>Evet<\/strong><\/li>\n<li> Web sitesinde net bilgiler: <strong>Evet<\/strong>Yurt i\u00e7i ve yurt d\u0131\u015f\u0131 ta\u015f\u0131nmalar hakk\u0131nda bir\u00e7ok bilgi.<\/li>\n<li> Uluslararas\u0131 tan\u0131nm\u0131\u015f ta\u015f\u0131ma organizasyonlar\u0131na \u00fcyelik: <strong>Evet<\/strong>, yukar\u0131ya bak\u0131n<\/li>\n<li> M\u00fc\u015fterilerin listesi ve\/veya \u00f6nceki m\u00fc\u015fteri referanslar\u0131. <strong>Evet,<\/strong> Sayfada bir\u00e7ok referans var, ancak \u00e7o\u011fu olduk\u00e7a k\u0131sa.<\/li>\n<\/ol>\n<div itemprop=\"reviewRating\" itemscope itemtype=\"http:\/\/schema.org\/Rating\"><meta itemprop=\"worstRating\" content = \"0\" \/><meta itemprop=\"bestRating\" content=\"4.5\" \/><meta itemprop=\"ratingValue\" content=\"5\"><\/div>\n<p><strong>Genel puan: 4,5\/5<\/strong><br \/>\n<strong>\u0130nceleme Tarihi:<\/strong> <span itemprop=\"datePublished\" content=\"2016-08-24\">04\/08\/2016<\/span>\n<\/div>\n<p>Hakk\u0131nda daha fazlas\u0131n\u0131 okuyun <a href=\"https:\/\/moverdb.com\/tr\/tasinma-si%cc%87rketleri%cc%87\/\">uluslararas\u0131 nakliyeciler<\/a>, <a href=\"https:\/\/moverdb.com\/tr\/us-canada-movers\/\">Kanada ve ABD nakliyecileri<\/a> ve bizim <a href=\"https:\/\/moverdb.com\/tr\/yorumlar\/\">hareketli inceleme s\u00fcreci<\/a>.<\/p>\n<p><strong>Web siteleri:<\/strong><br \/>\n<a href=\"https:\/\/moverdb.com\/tr\/moving-to-the-united-states\/\" data-internallinksmanager029f6b8e52c=\"94\" title=\"Amerika Birle\u015fik Devletleri&#039;ne mi ta\u015f\u0131n\u0131yorsunuz? 2026 Ya\u015fam Maliyetleri ve Yer De\u011fi\u015ftirme \u0130pu\u00e7lar\u0131\">ABD<\/a>: <a href=\"https:\/\/www.northamerican.com\/\" target=\"_blank\" rel=\"noopener\">https:\/\/www.northamerican.com\/<\/a><br \/>\n<a href=\"https:\/\/moverdb.com\/tr\/moving-to-canada\/\" data-internallinksmanager029f6b8e52c=\"265\" title=\"Kanada&#039;ya Ta\u015f\u0131nmak m\u0131? 2026 Ya\u015fam Maliyetleri ve Yer De\u011fi\u015ftirme \u0130pu\u00e7lar\u0131\">Kanada<\/a>: <a href=\"http:\/\/www.northamericanvanlines.ca\/\" target=\"_blank\" rel=\"noopener\">http:\/\/www.northamericanvanlines.ca\/<\/a><\/p>","protected":false},"excerpt":{"rendered":"<p>North American Van Lines offer their customers services for international, corporate and domestic moves. A list of these services follows, together with a company profile and reviews. International Moving for Individuals and Companies Door to door service Packing, padding and protecting belongings Disassembling furniture Ship containers for every application Advice on what to pack and [&hellip;]<\/p>\n","protected":false},"author":1,"featured_media":0,"parent":0,"menu_order":0,"comment_status":"closed","ping_status":"closed","template":"","meta":{"_genesis_hide_title":false,"_genesis_hide_breadcrumbs":false,"_genesis_hide_singular_image":false,"_genesis_hide_footer_widgets":false,"_genesis_custom_body_class":"","_genesis_custom_post_class":"","_genesis_layout":"","footnotes":""},"class_list":{"0":"post-1075","1":"page","2":"type-page","3":"status-publish","5":"entry"},"_links":{"self":[{"href":"https:\/\/moverdb.com\/tr\/wp-json\/wp\/v2\/pages\/1075","targetHints":{"allow":["GET"]}}],"collection":[{"href":"https:\/\/moverdb.com\/tr\/wp-json\/wp\/v2\/pages"}],"about":[{"href":"https:\/\/moverdb.com\/tr\/wp-json\/wp\/v2\/types\/page"}],"author":[{"embeddable":true,"href":"https:\/\/moverdb.com\/tr\/wp-json\/wp\/v2\/users\/1"}],"replies":[{"embeddable":true,"href":"https:\/\/moverdb.com\/tr\/wp-json\/wp\/v2\/comments?post=1075"}],"version-history":[{"count":11,"href":"https:\/\/moverdb.com\/tr\/wp-json\/wp\/v2\/pages\/1075\/revisions"}],"predecessor-version":[{"id":6227,"href":"https:\/\/moverdb.com\/tr\/wp-json\/wp\/v2\/pages\/1075\/revisions\/6227"}],"wp:attachment":[{"href":"https:\/\/moverdb.com\/tr\/wp-json\/wp\/v2\/media?parent=1075"}],"curies":[{"name":"wp","href":"https:\/\/api.w.org\/{rel}","templated":true}]}}