{"id":1065,"date":"2016-08-09T14:39:24","date_gmt":"2016-08-09T14:39:24","guid":{"rendered":"http:\/\/moverdb.com\/?page_id=1065"},"modified":"2026-01-08T14:47:45","modified_gmt":"2026-01-08T14:47:45","slug":"bekins-van-lines","status":"publish","type":"page","link":"https:\/\/moverdb.com\/tr\/bekins-van-lines\/","title":{"rendered":"Bekins Van Lines: Uluslararas\u0131 Ta\u015f\u0131nma Hizmetleri &amp; Yorumlar"},"content":{"rendered":"<p>Bekins Van Lines Indianapolis IN merkezli bir \u015firkettir. M\u00fc\u015fterilerine a\u015fa\u011f\u0131da \u015firket profili ve de\u011ferlendirmeleri ile birlikte listelenen \u00e7e\u015fitli hizmetler sunmaktad\u0131rlar.<\/p>\n<p><strong>Uluslararas\u0131 Ta\u015f\u0131nma<\/strong><\/p>\n<ul>\n<li> Crown Relocations ile birlikte ki\u015fiselle\u015ftirilmi\u015f hizmet<\/li>\n<li> Kap\u0131dan kap\u0131ya servis<\/li>\n<li> Paketleme - kendin yap, se\u00e7ilmi\u015f \u00fcr\u00fcnler veya tam hizmet<\/li>\n<li> Depolama - k\u0131sa ve uzun vadeli<\/li>\n<li> Evcil hayvanlar\u0131n ta\u015f\u0131nmas\u0131<\/li>\n<li> G\u00f6\u00e7menlik hizmetleri<\/li>\n<li> K\u00fclt\u00fcrleraras\u0131 e\u011fitim<\/li>\n<li> Dil e\u011fitimi<\/li>\n<li> Ev sat\u0131\u015f hizmetleri<\/li>\n<li> M\u00fclk y\u00f6netimi<\/li>\n<li> \u00d6nizleme gezisi hizmetleri<\/li>\n<li> Ev bulma yard\u0131m\u0131<\/li>\n<li> Okul arama<\/li>\n<li> Var\u0131\u015f sonras\u0131 oryantasyon<\/li>\n<li> Ortak kariyer deste\u011fi<\/li>\n<li> Tamirci ve ev yard\u0131m hizmetleri<\/li>\n<li> Mobilya kiralama<\/li>\n<li> G\u00f6rev ba\u015f\u0131nda destek<\/li>\n<\/ul>\n<p><strong>Paketleme ve Depolama<\/strong><\/p>\n<ul>\n<li> Uzun ve k\u0131sa s\u00fcreli depolama<\/li>\n<li> G\u00fcvenli tesisler<\/li>\n<li> Eri\u015fim i\u00e7in 24 saat \u00f6nceden bildirim<\/li>\n<li> Kendin yap, se\u00e7ilmi\u015f \u00fcr\u00fcnler veya tam hizmet paketleme<\/li>\n<li> Karton ve kutu tedariki<\/li>\n<li> Koruyucu sarg\u0131 birlikte verilir<\/li>\n<li> Bant, etiketler ve ke\u00e7eli kalemler<\/li>\n<\/ul>\n<p><strong>Devlet ve Askeri Ta\u015f\u0131nma Hizmetleri<\/strong><\/p>\n<ul>\n<li> GSA nakliye hizmeti sa\u011flay\u0131c\u0131s\u0131<\/li>\n<li> CHAMP kapsam\u0131nda kalifiye ve desteklenmektedir<\/li>\n<li> Kap\u0131dan kap\u0131ya<\/li>\n<\/ul>\n<p><strong>\u00c7al\u0131\u015fan Yer De\u011fi\u015ftirme<\/strong><\/p>\n<ul>\n<li> \u00d6zel ta\u015f\u0131nma y\u00f6neticisi<\/li>\n<li> Kap\u0131dan kap\u0131ya<\/li>\n<\/ul>\n<p><strong>Konut Ta\u015f\u0131malar\u0131<\/strong><\/p>\n<ul>\n<li> Kap\u0131dan kap\u0131ya<\/li>\n<li> Evde <a href=\"https:\/\/moverdb.com\/tr\/quotes\/\" data-internallinksmanager029f6b8e52c=\"26\" title=\"Uluslararas\u0131 Ta\u015f\u0131nma Fiyatlar\u0131: Nakliyecinize Sorman\u0131z Gereken 12 Soru\">ta\u015f\u0131nma teklifi<\/a><\/li>\n<li> Tam hizmet paketleme, y\u00fckleme ve bo\u015faltma<\/li>\n<li> Paketleme - kendin yap, k\u0131r\u0131labilir e\u015fyalar veya tam hizmet<\/li>\n<li> Tedarik edilen ambalaj malzemeleri<\/li>\n<li> Depolama mevcut<\/li>\n<li> Mobilyalar\u0131n s\u00f6k\u00fclmesi ve yeniden montaj\u0131<\/li>\n<li> Mobilya, demirba\u015f ve ekipmanlar\u0131n ta\u015f\u0131nmas\u0131<\/li>\n<li> Piyanolar\u0131 ta\u015f\u0131y\u0131n, <a href=\"https:\/\/moverdb.com\/tr\/araba-tasima-nakliye\/\">ara\u00e7lar<\/a>, tekneler ve daha fazlas\u0131<\/li>\n<li> Hareketli koruma<\/li>\n<\/ul>\n<p><strong>\u00d6zel Ta\u015f\u0131nma Hizmetleri<\/strong><\/p>\n<ul>\n<li> T\u0131bbi ekipman ta\u015f\u0131mac\u0131l\u0131\u011f\u0131<\/li>\n<li> A\u011f\u0131r makine ta\u015f\u0131mac\u0131l\u0131\u011f\u0131<\/li>\n<li> FFE ta\u015f\u0131mac\u0131l\u0131\u011f\u0131<\/li>\n<li> Ofis ekipmanlar\u0131<\/li>\n<li> Bilgisayarlar ve BT ekipmanlar\u0131<\/li>\n<li> E\u015fsiz mobilya par\u00e7alar\u0131<\/li>\n<li> Cihaz ta\u015f\u0131ma<\/li>\n<li> Ma\u011faza demirba\u015flar\u0131<\/li>\n<li> A\u011f\u0131rlama ta\u015f\u0131ma hizmetleri<\/li>\n<\/ul>\n<h2>Bekins Van Lines \u015eirket Profili<\/h2>\n<p>Bekins Van Lines 125 y\u0131l \u00f6nce John ve Martin Bekins taraf\u0131ndan Sioux City'de kurulmu\u015ftur, <a href=\"https:\/\/moverdb.com\/tr\/moving-to-the-united-states\/moving-to-iowa\/\" data-internallinksmanager029f6b8e52c=\"463\" title=\"Iowa&#039;ya m\u0131 Ta\u015f\u0131n\u0131yorsunuz? 2024 Ya\u015fam Maliyetleri &amp; Yer De\u011fi\u015ftirme \u0130pu\u00e7lar\u0131\">Iowa<\/a>. 3 atl\u0131 arac\u0131 ve 12 \u00e7al\u0131\u015fan\u0131 vard\u0131. \u015eu anda d\u00fcnyan\u0131n en b\u00fcy\u00fck d\u00f6rd\u00fcnc\u00fc minib\u00fcs hatt\u0131. <a href=\"https:\/\/moverdb.com\/tr\/moving-to-the-united-states\/\" data-internallinksmanager029f6b8e52c=\"94\" title=\"Amerika Birle\u015fik Devletleri&#039;ne mi ta\u015f\u0131n\u0131yorsunuz? 2026 Ya\u015fam Maliyetleri ve Yer De\u011fi\u015ftirme \u0130pu\u00e7lar\u0131\">Birle\u015fik Devletler<\/a> ve \u00fclkenin 95%'sinden fazlas\u0131na hizmet vermektedir. Bekins Van Lines \u015fu konularda uzmanla\u015fm\u0131\u015ft\u0131r <a href=\"https:\/\/moverdb.com\/tr\/konteyner-tasimaciligi\/\" target=\"_blank\" rel=\"noopener\">uluslararasi g\u00f6nderi\u0307m<\/a>, yer de\u011fi\u015ftirmeler ve y\u00fcksek de\u011ferli e\u015fyalar\u0131n ta\u015f\u0131nmas\u0131.<\/p>\n<p>Bekins Van Lines'\u0131n sahibi art\u0131k <a href=\"https:\/\/moverdb.com\/tr\/wheaton\/\" target=\"_blank\" rel=\"noopener\">Wheaton Van Lines<\/a>. Ev ta\u015f\u0131malar\u0131, kurumsal ta\u015f\u0131malar, uluslararas\u0131 ta\u015f\u0131malar ve askeri ta\u015f\u0131malar sunmaya devam etmektedir. <\/p>\n<p>Bekins, Wheaton Van Lines ile birlikte uluslararas\u0131 ta\u015f\u0131nmalarda m\u00fc\u015fterilerine yard\u0131mc\u0131 olmak i\u00e7in Crown Relocations ile ortakl\u0131k kurdu. Bekins'in 350 acentesi bulunmaktad\u0131r ve bu acenteler \u015firketin tam hizmet olarak faaliyet g\u00f6stermesini sa\u011flamaktad\u0131r. <a href=\"https:\/\/moverdb.com\/tr\/moving-companies\/\" data-internallinksmanager029f6b8e52c=\"79\" title=\"\u00c7evrimi\u00e7i En \u0130yi 25 Uluslararas\u0131 Nakliye \u015eirketi\">ta\u015finma \u015fi\u0307rketi\u0307<\/a>.<\/p>\n<p>Bekins Van Lines \u00fcyelikleri ve akreditasyonlar\u0131:<\/p>\n<ul>\n<li> <a href=\"https:\/\/moverdb.com\/tr\/amsa\/\" target=\"_blank\" rel=\"noopener\">Amerikan Ta\u015f\u0131nma ve Depolama Birli\u011fi<\/a> (<a href=\"https:\/\/moverdb.com\/tr\/amsa\/\" data-internallinksmanager029f6b8e52c=\"5\" title=\"Amerikan Ta\u015f\u0131nma ve Depolama Birli\u011fi (AMSA) A\u00e7\u0131klamas\u0131\">AMSA<\/a>) - <a href=\"https:\/\/moverdb.com\/tr\/rim-promover\/\" target=\"_blank\" rel=\"noopener\">ProMover<\/a><\/li>\n<li> Ulusal K\u0131demli Ta\u015f\u0131nma Y\u00f6neticileri Birli\u011fi (NASMM)<\/li>\n<li> Better Business Bureau (BBB) Akredite \u0130\u015fletme A+<\/li>\n<\/ul>\n<h2>Bekins Van Lines Yorumlar\u0131<\/h2>\n<p><strong>Olumlu:<\/strong><\/p>\n<ul>\n<li> <em>\"\u0130stanbul'dan ta\u015f\u0131nmam i\u00e7in herhangi bir nakliye \u015firketi kullanmaktan korkuyordum. <a href=\"https:\/\/moverdb.com\/tr\/san-josea-tasinmak\/\">San Jose<\/a> i\u00e7in <a href=\"https:\/\/moverdb.com\/tr\/moving-to-the-united-states\/moving-to-oregon\/\" data-internallinksmanager029f6b8e52c=\"395\" title=\"Oregon&#039;a Ta\u015f\u0131nmak m\u0131? 2026 Ya\u015fam Maliyetleri ve Yer De\u011fi\u015ftirme \u0130pu\u00e7lar\u0131\">Oregon<\/a>. \u0130nternette pek \u00e7ok ara\u015ft\u0131rma yapt\u0131m ve sonunda iki ki\u015fisel tavsiye ve verdikleri fiyat teklifi nedeniyle Bekins'i se\u00e7tim. Kolay bir s\u00fcre\u00e7ti, nakliyeciler e\u015fyalar\u0131ma b\u00fcy\u00fck \u00f6zen g\u00f6sterdiler ve s\u00f6yledikleri zamanda teslim ettiler.\"<\/em> - S. N. arac\u0131l\u0131\u011f\u0131yla <a href=\"http:\/\/www.yelp.com\/biz\/bekins-van-lines-indianapolis-4?hrid=sAKPuUdvUtx9Pe5VoZlhZQ&#038;utm_campaign=www_review_share_popup&#038;utm_medium=copy_link&#038;utm_source=(direct)\" target=\"_blank\" rel=\"noopener\">Yelp<\/a><\/li>\n<li> <em>\"Ofisimizin ta\u015f\u0131nmas\u0131 i\u00e7in ola\u011fan teklifleri ald\u0131k ve Bekins en iyi ve en ayr\u0131nt\u0131l\u0131 teklifi verdi.\"<\/em> - Tampa'dan Wanda arac\u0131l\u0131\u011f\u0131yla <a href=\"https:\/\/www.consumeraffairs.com\/movers\/bekins_van_lines.htm\" target=\"_blank\" rel=\"noopener\">T\u00fcketici \u0130\u015fleri<\/a><\/li>\n<li> <em>\"Bu m\u00fc\u015fteri i\u015fletmeyi bir arkada\u015f\u0131na, aile \u00fcyesine, kom\u015fusuna veya meslekta\u015f\u0131na tavsiye eder.\"<\/em> - Cindy R arac\u0131l\u0131\u011f\u0131yla <a href=\"http:\/\/www.bbb.org\/indy\/business-reviews\/movers\/bekins-van-lines-inc-in-indianapolis-in-90013818\/Customer-Reviews\" target=\"_blank\" rel=\"noopener\">BBB<\/a><\/li>\n<li> <em>\"T\u00fcm ta\u015f\u0131ma ekibi harikayd\u0131. Eksperler ve koordinat\u00f6rler \u00e7ok d\u00fc\u015f\u00fcnceliydi.\"<\/em> - Paul D arac\u0131l\u0131\u011f\u0131yla <a href=\"http:\/\/www.mymovingreviews.com\/movers\/bekins-van-lines-303#54527\" target=\"_blank\" rel=\"noopener\">MyMoivingReviews.com<\/a><\/li>\n<\/ul>\n<p><strong>Olumsuz:<\/strong><\/p>\n<ul>\n<li> \"<em>Ger\u00e7ekten berbat bir deneyim - \u00e7ok say\u0131da hasarl\u0131 \u00fcr\u00fcn ve profesyonel olmayan hizmet.\" <\/em>Kelly H arac\u0131l\u0131\u011f\u0131yla <a href=\"http:\/\/www.yelp.com\/biz\/bekins-van-lines-indianapolis-4?hrid=mPlbHKmtD2adpffBELLyBA&#038;utm_campaign=www_review_share_popup&#038;utm_medium=copy_link&#038;utm_source=(direct)\" target=\"_blank\" rel=\"noopener\">Yelp<\/a> <\/li>\n<li> <em>\"Acente taraf\u0131ndan tarif edilen m\u00fckemmel hareket bir kabusa d\u00f6n\u00fc\u015ft\u00fc.\"<\/em> - Marcel of Lake Park arac\u0131l\u0131\u011f\u0131yla <a href=\"https:\/\/www.consumeraffairs.com\/movers\/bekins_van_lines.htm\" target=\"_blank\" rel=\"noopener\">T\u00fcketici \u0130\u015fleri<\/a> <\/li>\n<li> <em>\"Bu deneyimle ilgili olumsuz birka\u00e7 \u015fey vard\u0131.\"<\/em> - David S arac\u0131l\u0131\u011f\u0131yla <a href=\"http:\/\/www.bbb.org\/indy\/business-reviews\/movers\/bekins-van-lines-inc-in-indianapolis-in-90013818\/Customer-Reviews\" target=\"_blank\" rel=\"noopener\">BBB<\/a> <\/li>\n<li> \"<em>Bekins ta\u015f\u0131ma ve depolama \u015firketinin g\u00fcvenilmez oldu\u011funu g\u00f6rd\u00fcm.\" <\/em> D Langdon arac\u0131l\u0131\u011f\u0131yla <a href=\"http:\/\/www.mymovingreviews.com\/movers\/bekins-van-lines-303#37287\" target=\"_blank\" rel=\"noopener\">MyMoivingReviews.com<\/a><\/li>\n<\/ul>\n<div itemprop=\"review\" itemscope itemtype=\"http:\/\/schema.org\/Review\">\n<span itemprop=\"author\" itemscope=\"\" itemtype=\"http:\/\/schema.org\/Organization\"><span itemprop=\"name\">MoverDB.com<\/span><\/span> \u00c7evrimi\u00e7i Web Sitesi \u0130ncelemesi i\u00e7in <span itemprop=\"itemreviewed\" itemscope=\"\" itemtype=\"http:\/\/schema.org\/Brand\"><span itemprop=\"name\">Bekins Van Lines<\/span><\/span>:<\/p>\n<ol>\n<li> Web sitesinde a\u00e7\u0131k ileti\u015fim bilgileri (telefon numaras\u0131 dahil): <strong>Evet<\/strong><\/li>\n<li> Almas\u0131 kolay <a href=\"https:\/\/moverdb.com\/tr\/alintilar\/\">uluslararas\u0131 ta\u015f\u0131ma teklifleri<\/a>? (\u00c7evrimi\u00e7i tahmin talep formu): <strong>Evet<\/strong><\/li>\n<li> Web sitesinde net bilgiler: <strong>Evet,<\/strong> sitede bir\u00e7ok rehber, video ve di\u011fer kaynaklar bulunmaktad\u0131r.<\/li>\n<li> Uluslararas\u0131 tan\u0131nm\u0131\u015f ta\u015f\u0131ma organizasyonlar\u0131na \u00fcyelik: <strong>Evet<\/strong>, yukar\u0131ya bak\u0131n<\/li>\n<li> M\u00fc\u015fterilerin listesi ve\/veya \u00f6nceki m\u00fc\u015fteri referanslar\u0131. <strong>Evet,<\/strong> kendilerine ait <a href=\"https:\/\/www.bekins.com\/why-bekins\/reviews-testimonials\/\" target=\"_blank\" rel=\"noopener\">yorumlar ve referanslar sayfas\u0131.<\/a><\/li>\n<\/ol>\n<div itemprop=\"reviewRating\" itemscope itemtype=\"http:\/\/schema.org\/Rating\"><meta itemprop=\"worstRating\" content = \"0\" \/><meta itemprop=\"bestRating\" content=\"5\" \/><meta itemprop=\"ratingValue\" content=\"5\"><\/div>\n<p><strong>Genel puan: 5\/5<\/strong><br \/>\n<strong>\u0130nceleme Tarihi:<\/strong> <span itemprop=\"datePublished\" content=\"2016-08-08\">08\/08\/2016<\/span>\n<\/div>\n<p>Hakk\u0131nda daha fazlas\u0131n\u0131 okuyun <a href=\"https:\/\/moverdb.com\/tr\/tasinma-si%cc%87rketleri%cc%87\/\">uluslararas\u0131 ta\u015f\u0131ma \u015firketleri<\/a>, <a href=\"https:\/\/moverdb.com\/tr\/us-canada-movers\/\">ABD'li nakliyeciler<\/a> ve bizim <a href=\"https:\/\/moverdb.com\/tr\/yorumlar\/\">g\u00f6zden ge\u00e7irme s\u00fcreci<\/a>.<\/p>\n<p><strong>Web sitesi:<\/strong> <a href=\"https:\/\/www.bekins.com\/\" target=\"_blank\" rel=\"noopener\">https:\/\/www.bekins.com<\/a><\/p>","protected":false},"excerpt":{"rendered":"<p>Bekins Van Lines are based in Indianapolis IN. They offer their customers a variety of services which are listed below, together with a company profile and reviews. International Moving Personalised service together with Crown Relocations Door to door service Packing &#8211; do it yourself, selected items or full service Storage &#8211; short and long term [&hellip;]<\/p>\n","protected":false},"author":1,"featured_media":0,"parent":0,"menu_order":0,"comment_status":"closed","ping_status":"closed","template":"","meta":{"_genesis_hide_title":false,"_genesis_hide_breadcrumbs":false,"_genesis_hide_singular_image":false,"_genesis_hide_footer_widgets":false,"_genesis_custom_body_class":"","_genesis_custom_post_class":"","_genesis_layout":"","footnotes":""},"class_list":{"0":"post-1065","1":"page","2":"type-page","3":"status-publish","5":"entry"},"_links":{"self":[{"href":"https:\/\/moverdb.com\/tr\/wp-json\/wp\/v2\/pages\/1065","targetHints":{"allow":["GET"]}}],"collection":[{"href":"https:\/\/moverdb.com\/tr\/wp-json\/wp\/v2\/pages"}],"about":[{"href":"https:\/\/moverdb.com\/tr\/wp-json\/wp\/v2\/types\/page"}],"author":[{"embeddable":true,"href":"https:\/\/moverdb.com\/tr\/wp-json\/wp\/v2\/users\/1"}],"replies":[{"embeddable":true,"href":"https:\/\/moverdb.com\/tr\/wp-json\/wp\/v2\/comments?post=1065"}],"version-history":[{"count":9,"href":"https:\/\/moverdb.com\/tr\/wp-json\/wp\/v2\/pages\/1065\/revisions"}],"predecessor-version":[{"id":6181,"href":"https:\/\/moverdb.com\/tr\/wp-json\/wp\/v2\/pages\/1065\/revisions\/6181"}],"wp:attachment":[{"href":"https:\/\/moverdb.com\/tr\/wp-json\/wp\/v2\/media?parent=1065"}],"curies":[{"name":"wp","href":"https:\/\/api.w.org\/{rel}","templated":true}]}}