{"id":1064,"date":"2016-08-12T14:50:41","date_gmt":"2016-08-12T14:50:41","guid":{"rendered":"http:\/\/moverdb.com\/?page_id=1064"},"modified":"2026-01-08T13:18:24","modified_gmt":"2026-01-08T13:18:24","slug":"graebel-van-lines","status":"publish","type":"page","link":"https:\/\/moverdb.com\/tr\/graebel-van-lines\/","title":{"rendered":"Graebel Van Lines: Uluslararas\u0131 Ta\u015f\u0131nma Hizmetleri &amp; Yorumlar"},"content":{"rendered":"<p>Graebel Van Lines'\u0131n merkezi Aurora, CO'da bulunmaktad\u0131r. \u015eirket m\u00fc\u015fterilerine a\u015fa\u011f\u0131da listelenen geni\u015f bir hizmet yelpazesi sunmaktad\u0131r. Ayr\u0131ca bir \u015firket profili ve incelemeler de bulunmaktad\u0131r.<\/p>\n<p><strong>Uluslararas\u0131 Ta\u015f\u0131nma<\/strong><\/p>\n<ul>\n<li> \u00d6zel bir m\u00fc\u015fteri hizmetleri koordinat\u00f6r\u00fc atan\u0131r<\/li>\n<li> Detayl\u0131 ev i\u00e7i anket<\/li>\n<li> \u00d6zelle\u015ftirilmi\u015f ta\u015f\u0131nma plan\u0131<\/li>\n<li> Kap\u0131dan kap\u0131ya<\/li>\n<li> Uluslararas\u0131 e\u011fitimli paketleyiciler ve y\u00fckleyiciler<\/li>\n<li> En kaliteli ambalaj malzemeleri<\/li>\n<li> \u00d6zel sand\u0131klama<\/li>\n<li> \u00d6nde gelen lisansl\u0131 k\u00fcresel ta\u015f\u0131y\u0131c\u0131larla koordinasyon<\/li>\n<li> Depolama tesisleri - baz\u0131lar\u0131 iklim kontroll\u00fc<\/li>\n<li> G\u00fcmr\u00fck i\u015flemleri<\/li>\n<li> Teslimat ve ambalaj a\u00e7ma<\/li>\n<\/ul>\n<p><strong>Konut Ta\u015f\u0131malar\u0131<\/strong><\/p>\n<ul>\n<li> Kap\u0131dan kap\u0131ya servis<\/li>\n<li> Ta\u015f\u0131nma boyunca tek temas noktas\u0131<\/li>\n<li> Gerekirse ambalajlama ve a\u00e7ma<\/li>\n<li> Yerel, uzun mesafe ve uluslararas\u0131 ta\u015f\u0131nmalar<\/li>\n<li> Uzun ve k\u0131sa s\u00fcreli depolama tesisleri<\/li>\n<\/ul>\n<p><strong>\u00c7al\u0131\u015fma Alan\u0131 Hareketleri<\/strong><\/p>\n<ul>\n<li> Kat plan\u0131ndan \u00f6nce ve sonra<\/li>\n<li> Detayl\u0131 envanter<\/li>\n<li> Uzun ve k\u0131sa s\u00fcreli depolama<\/li>\n<li> Bilgisayar sistemlerinin ba\u011flant\u0131s\u0131n\u0131n kesilmesi ve yeniden ba\u011flanmas\u0131<\/li>\n<li> Mobilya demontaj\u0131 ve yeniden montaj\u0131<\/li>\n<li> Sorumlu varl\u0131k elden \u00e7\u0131karma<\/li>\n<li> \u015eirket merkezi, ofis ve tek seferlik ofis ta\u015f\u0131malar\u0131.<\/li>\n<li> Alt y\u00fcklenici, veri, telefon ve elektrik koordinasyonu.<\/li>\n<li> Ekipman, insan, malzeme ve toplam maliyetler i\u00e7in do\u011fru ofis ta\u015f\u0131ma tahminleri.<\/li>\n<li> Ta\u015f\u0131-Ekle-De\u011fi\u015ftir (MAC) y\u00f6netimi.<\/li>\n<li> Kan\u0131tlanm\u0131\u015f ofis ta\u015f\u0131ma kontrol listeleri, planlama ve s\u00fcre\u00e7leri.<\/li>\n<li> Kay\u0131tlar\u0131n saklanmas\u0131 ve imhas\u0131.<\/li>\n<li> Y\u00fcksek yo\u011funluklu dosyalama sistemleri ve depolama \u00e7\u00f6z\u00fcmleri.<\/li>\n<li> <a href=\"https:\/\/moverdb.com\/tr\/british-association-of-removers\/\" data-internallinksmanager029f6b8e52c=\"9\" title=\"\u0130ngiliz S\u00f6k\u00fcmc\u00fcler Birli\u011fi (BAR) A\u00e7\u0131klamas\u0131\">Bar<\/a>-kodlu envanter y\u00f6netimi.<\/li>\n<li> Kamyon y\u00fck\u00fcnden daha az, kamyon y\u00fck\u00fc ve yast\u0131kl\u0131 kamyonet hizmetleri dahil olmak \u00fczere d\u00fcnya \u00e7ap\u0131nda ta\u015f\u0131mac\u0131l\u0131k.<\/li>\n<li> Depo ve da\u011f\u0131t\u0131m hizmetleri.<\/li>\n<li> Tam Zaman\u0131nda teslimat hizmetleri.<\/li>\n<li> Tek kaynakl\u0131 lojistik hizmetleri ve y\u00f6netimi.<\/li>\n<li> Sistem mobilyalar\u0131n\u0131n nakliyesi, teslimat\u0131, kurulumu ve yeniden yap\u0131land\u0131r\u0131lmas\u0131.<\/li>\n<li> A\u011f\u0131rlama sekt\u00f6r\u00fc mobilya, demirba\u015f ve ekipman (FF&amp;E) hizmetleri.<\/li>\n<li> Sa\u011fl\u0131k sekt\u00f6r\u00fc ta\u015f\u0131ma hizmetleri.<\/li>\n<\/ul>\n<p><strong>\u015eirket, H\u00fck\u00fcmet ve Askeri Hareketler<\/strong><\/p>\n<ul>\n<li> Cezaevleri B\u00fcrosu<\/li>\n<li> Marshals Service<\/li>\n<li> Uyu\u015fturucu ile M\u00fccadele \u0130daresi (DEA)<\/li>\n<li> Gazi \u0130\u015fleri Dairesi (VA)<\/li>\n<li> Federal Soru\u015fturma B\u00fcrosu (FBI)<\/li>\n<li> N\u00fcfus Say\u0131m B\u00fcrosu<\/li>\n<li> Hastal\u0131k Kontrol ve \u00d6nleme Merkezleri (CDC)<\/li>\n<li> \u0130\u00e7 Gelir Servisi (IRS)<\/li>\n<\/ul>\n<h2>Graebel Van Lines \u015eirket Profili<\/h2>\n<p>Graebel Van Lines, \u00f6zel sekt\u00f6re ait en b\u00fcy\u00fck <a href=\"https:\/\/moverdb.com\/tr\/moving-companies\/\" data-internallinksmanager029f6b8e52c=\"79\" title=\"\u00c7evrimi\u00e7i En \u0130yi 25 Uluslararas\u0131 Nakliye \u015eirketi\">ta\u015finma \u015fi\u0307rketi\u0307<\/a> i\u00e7inde <a href=\"https:\/\/moverdb.com\/tr\/moving-to-the-united-states\/\" data-internallinksmanager029f6b8e52c=\"94\" title=\"Amerika Birle\u015fik Devletleri&#039;ne mi ta\u015f\u0131n\u0131yorsunuz? 2026 Ya\u015fam Maliyetleri ve Yer De\u011fi\u015ftirme \u0130pu\u00e7lar\u0131\">Birle\u015fik Devletler<\/a> ve merkezi Aurora, CO'da bulunmaktad\u0131r. \u015eirket 66 y\u0131ld\u0131r d\u00fcnya \u00e7ap\u0131nda ve ABD i\u00e7inde aileleri, i\u015fletmeleri, devlet ve askeri personeli ta\u015f\u0131maktad\u0131r. <\/p>\n<p>\u015eirket, ister bir ofisin yenilenmesi gibi k\u00fc\u00e7\u00fck bir i\u015f olsun, ister bir hastanenin yeni bir binaya ta\u015f\u0131nmas\u0131 gibi b\u00fcy\u00fck bir g\u00f6rev olsun, her m\u00fc\u015fterinin ihtiyac\u0131 i\u00e7in tam hizmet \u00e7\u00f6z\u00fcmleri sunmaktad\u0131r.<\/p>\n<p>Graebel Van Lines \u00fclke \u00e7ap\u0131nda 4 milyon feet kare depolama alan\u0131na sahiptir ve 828 ta\u015f\u0131ma arac\u0131 i\u015fletmektedir. \u015eirketin t\u00fcm personeli en y\u00fcksek standartlarda e\u011fitilmi\u015ftir.<\/p>\n<p>Graebel Van Lines \u00fcyelikleri ve akreditasyonlar\u0131:<\/p>\n<ul>\n<li> <a href=\"https:\/\/moverdb.com\/tr\/rim-promover\/\">ProMover<\/a><\/li>\n<li> <a href=\"https:\/\/moverdb.com\/tr\/amsa\/\" target=\"_blank\" rel=\"noopener\">Amerikan Ta\u015f\u0131nma ve Depolama Birli\u011fi<\/a> (<a href=\"https:\/\/moverdb.com\/tr\/amsa\/\" data-internallinksmanager029f6b8e52c=\"5\" title=\"Amerikan Ta\u015f\u0131nma ve Depolama Birli\u011fi (AMSA) A\u00e7\u0131klamas\u0131\">AMSA<\/a>)<\/li>\n<li> Uluslararas\u0131 Ofis Ta\u015f\u0131ma Enstit\u00fcs\u00fc (IOMI)<\/li>\n<\/ul>\n<h2>Graebel Van Lines Yorumlar\u0131<\/h2>\n<p><strong>Olumlu:<\/strong><\/p>\n<ul>\n<li> <em>\"Graebel Van Lines ta\u015f\u0131nmamda ola\u011fan\u00fcst\u00fc bir i\u015f \u00e7\u0131kard\u0131. Beni k\u0131sa s\u00fcrede, zaman\u0131nda ta\u015f\u0131d\u0131lar ve her \u015fey istedi\u011fim yere ula\u015ft\u0131.\" <\/em> - Michelle T arac\u0131l\u0131\u011f\u0131yla <a href=\"https:\/\/www.yelp.com\/biz\/graebel-van-lines-kent\" target=\"_blank\" rel=\"noopener\">Yelp<\/a><\/li>\n<li>  <em>\"Bunu g\u00f6nderiyorum \u00e7\u00fcnk\u00fc Graebel's hakk\u0131nda bir\u00e7ok k\u00f6t\u00fc yorum g\u00f6rd\u00fcm ve benim deneyimim olumluydu.\"<\/em> - Sue Sok arac\u0131l\u0131\u011f\u0131yla <a href=\"http:\/\/www.mymovingreviews.com\/movers\/graebel-406#28293\" target=\"_blank\" rel=\"noopener\">MyMovingReviews.com<\/a><\/li>\n<\/ul>\n<p><strong>Olumsuz:<\/strong><\/p>\n<ul>\n<li> \"<em>Graebel'i \u00fc\u00e7 ta\u015f\u0131nma i\u00e7in kulland\u0131m ve her deneyim daha da k\u00f6t\u00fcye gidiyor.\"<\/em> - Michael C arac\u0131l\u0131\u011f\u0131yla <a href=\"http:\/\/www.yelp.com\/biz\/graebel-van-lines-san-jose?hrid=KdToWSepoqbs7wLCd4UE0A&#038;utm_campaign=www_review_share_popup&#038;utm_medium=copy_link&#038;utm_source=(direct)\" target=\"_blank\" rel=\"noopener\">Yelp<\/a> <\/li>\n<li> \"<em>Bu \u015firketi tavsiye etmiyorum!!!\"<\/em> Don Mcnasby arac\u0131l\u0131\u011f\u0131yla <a href=\"http:\/\/www.mymovingreviews.com\/movers\/graebel-406#47223\" target=\"_blank\" rel=\"noopener\">MyMovingReviews.com<\/a><\/li>\n<\/ul>\n<div itemprop=\"review\" itemscope itemtype=\"http:\/\/schema.org\/Review\">\n<span itemprop=\"author\" itemscope=\"\" itemtype=\"http:\/\/schema.org\/Organization\"><span itemprop=\"name\">MoverDB.com<\/span><\/span> \u00c7evrimi\u00e7i Web Sitesi \u0130ncelemesi i\u00e7in <span itemprop=\"itemreviewed\" itemscope=\"\" itemtype=\"http:\/\/schema.org\/Brand\"><span itemprop=\"name\">Graebel Van Lines<\/span><\/span>:<\/p>\n<ol>\n<li> Web sitesinde a\u00e7\u0131k ileti\u015fim bilgileri (telefon numaras\u0131 dahil): <strong>Evet<\/strong><\/li>\n<li> Almas\u0131 kolay <a href=\"https:\/\/moverdb.com\/tr\/alintilar\/\">uluslararas\u0131 ta\u015f\u0131ma teklifleri<\/a>? (\u00c7evrimi\u00e7i tahmin talep formu): <strong>Evet<\/strong><\/li>\n<li> Web sitesinde net bilgiler: <strong>Baz\u0131lar\u0131<\/strong>, Web sitesi \u00e7ok fazla ayr\u0131nt\u0131l\u0131 bilgi i\u00e7ermiyor. Bunun \u00f6zelle\u015ftirilmi\u015f planla birlikte sa\u011flanaca\u011f\u0131 varsay\u0131lmaktad\u0131r.<\/li>\n<li> Uluslararas\u0131 tan\u0131nm\u0131\u015f ta\u015f\u0131ma organizasyonlar\u0131na \u00fcyelik: <strong>Evet<\/strong>, (yukar\u0131ya bak\u0131n)<\/li>\n<li> M\u00fc\u015fterilerin listesi ve\/veya \u00f6nceki m\u00fc\u015fteri referanslar\u0131: <strong>Hay\u0131r<\/strong> Bununla birlikte, web sitesinde h\u00fck\u00fcmet ve Fortune 500 \u015firketleri aras\u0131nda favori bir nakliyeci olduklar\u0131ndan bahsediliyor.<\/li>\n<\/ol>\n<div itemprop=\"reviewRating\" itemscope itemtype=\"http:\/\/schema.org\/Rating\"><meta itemprop=\"worstRating\" content = \"0\" \/><meta itemprop=\"bestRating\" content=\"5\" \/><meta itemprop=\"ratingValue\" content=\"3.5\"><\/div>\n<p><strong>Genel puan: 3,5\/5<\/strong><br \/>\n<strong>\u0130nceleme Tarihi:<\/strong> <span itemprop=\"datePublished\" content=\"2016-08-11\">11\/08\/2016<\/span>\n<\/div>\n<p>Hakk\u0131nda daha fazlas\u0131n\u0131 okuyun <a href=\"https:\/\/moverdb.com\/tr\/tasinma-si%cc%87rketleri%cc%87\/\">uluslararas\u0131 nakliyeciler<\/a>, <a href=\"https:\/\/moverdb.com\/tr\/us-canada-movers\/\">Amerikan ta\u015f\u0131ma \u015firketleri<\/a> ve bizim <a href=\"https:\/\/moverdb.com\/tr\/yorumlar\/\">g\u00f6zden ge\u00e7irme s\u00fcreci<\/a>.<\/p>\n<p><strong>Web sitesi:<\/strong> <a href=\"https:\/\/www.graebelmoving.com\" target=\"_blank\" rel=\"noopener\">https:\/\/www.graebelmoving.com<\/a><\/p>","protected":false},"excerpt":{"rendered":"<p>Graebel Van Lines is headquartered in Aurora, CO. The company offers its customers a wide range of services which are listed below. There also follows a company profile and reviews. International Moving A dedicated customer service coordinator is assigned Detailed in-home survey Customised move plan Door to door Internationally trained packers and loaders Finest quality [&hellip;]<\/p>\n","protected":false},"author":1,"featured_media":0,"parent":0,"menu_order":0,"comment_status":"closed","ping_status":"closed","template":"","meta":{"_genesis_hide_title":false,"_genesis_hide_breadcrumbs":false,"_genesis_hide_singular_image":false,"_genesis_hide_footer_widgets":false,"_genesis_custom_body_class":"","_genesis_custom_post_class":"","_genesis_layout":"","footnotes":""},"class_list":{"0":"post-1064","1":"page","2":"type-page","3":"status-publish","5":"entry"},"_links":{"self":[{"href":"https:\/\/moverdb.com\/tr\/wp-json\/wp\/v2\/pages\/1064","targetHints":{"allow":["GET"]}}],"collection":[{"href":"https:\/\/moverdb.com\/tr\/wp-json\/wp\/v2\/pages"}],"about":[{"href":"https:\/\/moverdb.com\/tr\/wp-json\/wp\/v2\/types\/page"}],"author":[{"embeddable":true,"href":"https:\/\/moverdb.com\/tr\/wp-json\/wp\/v2\/users\/1"}],"replies":[{"embeddable":true,"href":"https:\/\/moverdb.com\/tr\/wp-json\/wp\/v2\/comments?post=1064"}],"version-history":[{"count":6,"href":"https:\/\/moverdb.com\/tr\/wp-json\/wp\/v2\/pages\/1064\/revisions"}],"predecessor-version":[{"id":6216,"href":"https:\/\/moverdb.com\/tr\/wp-json\/wp\/v2\/pages\/1064\/revisions\/6216"}],"wp:attachment":[{"href":"https:\/\/moverdb.com\/tr\/wp-json\/wp\/v2\/media?parent=1064"}],"curies":[{"name":"wp","href":"https:\/\/api.w.org\/{rel}","templated":true}]}}