{"id":1061,"date":"2016-07-25T20:41:24","date_gmt":"2016-07-25T20:41:24","guid":{"rendered":"http:\/\/moverdb.com\/?page_id=1061"},"modified":"2026-01-08T15:30:30","modified_gmt":"2026-01-08T15:30:30","slug":"u-pack-tasima","status":"publish","type":"page","link":"https:\/\/moverdb.com\/tr\/u-pack-moving\/","title":{"rendered":"U-Pack Ta\u015f\u0131mac\u0131l\u0131k: Uluslararas\u0131 Ta\u015f\u0131nma Hizmetleri &amp; Yorumlar"},"content":{"rendered":"<p>ABF U-Pack Moving, m\u00fc\u015fterilerine ta\u015f\u0131nma ve kendi kendine paketleme ve a\u00e7ma i\u00e7in \u00e7e\u015fitli hizmetler sunmaktad\u0131r. <a href=\"https:\/\/moverdb.com\/tr\/moving-to-the-united-states\/\" data-internallinksmanager029f6b8e52c=\"94\" title=\"Amerika Birle\u015fik Devletleri&#039;ne mi ta\u015f\u0131n\u0131yorsunuz? 2026 Ya\u015fam Maliyetleri ve Yer De\u011fi\u015ftirme \u0130pu\u00e7lar\u0131\">ABD<\/a>, <a href=\"https:\/\/moverdb.com\/tr\/moving-to-canada\/\" data-internallinksmanager029f6b8e52c=\"265\" title=\"Kanada&#039;ya Ta\u015f\u0131nmak m\u0131? 2026 Ya\u015fam Maliyetleri ve Yer De\u011fi\u015ftirme \u0130pu\u00e7lar\u0131\">Kanada<\/a> ve Porto Riko. <\/p>\n<p>Bu hizmetler, bir \u015firket profili ve incelemelerle birlikte a\u015fa\u011f\u0131da listelenmi\u015ftir.<\/p>\n<p><strong>Sunulan Hareket T\u00fcrleri<\/strong><\/p>\n<ul>\n<li> \u00dclkeler aras\u0131 ta\u015f\u0131nma<\/li>\n<li> Uzun mesafe ta\u015f\u0131ma - ABD, Kanada, Porto Riko<\/li>\n<li> Kap\u0131dan kap\u0131ya ta\u015f\u0131ma<\/li>\n<li> Kendi kendine hareket<\/li>\n<li> Y\u00fckleyicileri saatlik kiralay\u0131n <\/li>\n<li> Askeri ta\u015f\u0131nma<\/li>\n<li> \u00dcniversite ta\u015f\u0131nmas\u0131<\/li>\n<li> K\u00fc\u00e7\u00fck hamleler<\/li>\n<\/ul>\n<p><strong>Hareketli Ekipmanlar<\/strong><\/p>\n<ul>\n<li> Ta\u015f\u0131ma r\u00f6morklar\u0131<\/li>\n<li> Ta\u015f\u0131nma &amp; <a href=\"https:\/\/moverdb.com\/tr\/konteyner-tasimaciligi\/\" target=\"_blank\" rel=\"noopener\">Nakliye konteynerleri<\/a><\/li>\n<\/ul>\n<p><strong>Depolama<\/strong><\/p>\n<ul>\n<li> Treyler depolama<\/li>\n<li> ReloCube depolama<\/li>\n<li> Yerinde depolama<\/li>\n<li> Ta\u015f\u0131nabilir depolama<\/li>\n<\/ul>\n<h2>U-Pack Ta\u015f\u0131mac\u0131l\u0131k \u015eirket Profili<\/h2>\n<p>ABF U-Pack 1 Ocak'ta faaliyete ge\u00e7ti<sup>st<\/sup> Ekim 1997 ve ABF Freight'\u0131n bir par\u00e7as\u0131d\u0131r. \u015eirketin amac\u0131, m\u00fc\u015fterilere \"siz paketleyin, biz g\u00f6t\u00fcrelim\" se\u00e7ene\u011fi sunarak ta\u015f\u0131nmay\u0131 daha ekonomik hale getirmekti. M\u00fc\u015fteriler kendi e\u015fyalar\u0131n\u0131 paketliyor ve \u015firket taraf\u0131ndan sa\u011flanan bir treyler veya konteynere y\u00fckl\u00fcyor. <\/p>\n<p>Daha sonra bir U-Pack s\u00fcr\u00fcc\u00fcs\u00fc mallar\u0131 m\u00fc\u015fterinin bo\u015faltt\u0131\u011f\u0131 ve paketledi\u011fi var\u0131\u015f yerine g\u00f6t\u00fcr\u00fcr. M\u00fc\u015fteriler mallar\u0131n\u0131 \u00e7evrimi\u00e7i bir takip sistemi arac\u0131l\u0131\u011f\u0131yla takip edebilirler.<\/p>\n<p>ABF Moving U-Pack, kuruldu\u011fu 1997 y\u0131l\u0131ndan bu yana 850.000'den fazla aileyi ta\u015f\u0131m\u0131\u015f ve 1 milyar milden fazla yol kat etmi\u015ftir. \u015eirket, Amerika Birle\u015fik Devletleri, Kanada ve Porto Riko'da n\u00fcfusu 30.000'in \u00fczerinde olan neredeyse her \u015fehre do\u011frudan ba\u011flant\u0131 sa\u011flamaktad\u0131r - bu da 44.000 farkl\u0131 topluluk anlam\u0131na gelmektedir.<\/p>\n<p><strong>AFB U-Pack akreditasyonlar\u0131 ve ba\u011flant\u0131lar\u0131:<\/strong><\/p>\n<ul>\n<li> BBB Akredite \u0130\u015fletme A+<\/li>\n<\/ul>\n<h2>U-Pack Ta\u015f\u0131mac\u0131l\u0131k Yorumlar\u0131<\/h2>\n<p><strong>Pozitif<\/strong><\/p>\n<ul>\n<li> \"<em>S\u0131n\u0131r \u00f6tesi (ABD\/Kanada) i\u00e7in U-Pack'i \u015fiddetle tavsiye ederim.\"<\/em> - Laura J arac\u0131l\u0131\u011f\u0131yla <a href=\"http:\/\/www.yelp.com\/user_details?userid=MFsoomxJ9wmWksnuhEbsWQ\" target=\"_blank\" rel=\"noopener\">Yelp<\/a> <\/li>\n<li> \"<em>Upack ile Uhaul aras\u0131ndaki araba ta\u015f\u0131ma se\u00e7eneklerimi de\u011ferlendirirken, Upack'in en iyi yol oldu\u011funa hi\u00e7 \u015f\u00fcphe yok.\"<\/em> - Lee arac\u0131l\u0131\u011f\u0131yla <a href=\"http:\/\/www.mymovingreviews.com\/movers\/u-pack-2041#54792\" target=\"_blank\" rel=\"noopener\">MyMovingReviews.com<\/a><\/li>\n<li> \"<em>En iyi fiyat, zamanl\u0131l\u0131k ve profesyonellik ile birlikte genel olarak b\u00fcy\u00fck m\u00fc\u015fteri memnuniyeti.\"<\/em> - B Anderson arac\u0131l\u0131\u011f\u0131yla <a href=\"https:\/\/www.trustpilot.com\/users\/563a175f0000ff0001e81099\" target=\"_blank\" rel=\"noopener\">Trustpilot<\/a> <\/li>\n<li> \"<em>En iyisi <a href=\"https:\/\/moverdb.com\/tr\/moving-companies\/\" data-internallinksmanager029f6b8e52c=\"79\" title=\"\u00c7evrimi\u00e7i En \u0130yi 25 Uluslararas\u0131 Nakliye \u015eirketi\">ta\u015finma \u015fi\u0307rketi\u0307<\/a> Herkese tavsiye ederim.\"<\/em> - Beatrice F arac\u0131l\u0131\u011f\u0131yla <a href=\"https:\/\/www.sitejabber.com\/reviews\/www.upack.com#6\" target=\"_blank\" rel=\"noopener\">SiteJabber<\/a> <\/li>\n<\/ul>\n<p><strong>Negatif<\/strong><\/p>\n<ul>\n<li> \"<em>Bu \u015firketi kullanmay\u0131n. Pi\u015fman olursunuz. Yapt\u0131\u011f\u0131m en k\u00f6t\u00fc hatayd\u0131. Bana tasarruf etmem gerekenden daha fazla paraya mal oldu.\"<\/em> - Christina arac\u0131l\u0131\u011f\u0131yla <a href=\"http:\/\/www.yelp.com\/user_details?userid=h6i4pikiNvzwmw8VvAOvrw\" target=\"_blank\" rel=\"noopener\">Yelp<\/a> <\/li>\n<li> \"<em>T\u00fcm hayat\u0131m\u0131z\u0131 Amerika'n\u0131n \u00f6b\u00fcr ucuna ta\u015f\u0131d\u0131k. E\u015fyalar\u0131m\u0131z\u0131 almaya gitti\u011fimizde o kadar \u00e7ok \u015fey hasar g\u00f6rm\u00fc\u015ft\u00fc ki inan\u0131l\u0131r gibi de\u011fildi.\"<\/em> - Sarah arac\u0131l\u0131\u011f\u0131yla <a href=\"http:\/\/www.mymovingreviews.com\/movers\/u-pack-2041#54608\" target=\"_blank\" rel=\"noopener\">MyMovingReviews.com<\/a> <\/li>\n<li> \"<em>Kamyonun \u00f6\u011fleden sonra 2 ile 6 aras\u0131nda gelece\u011fi s\u00f6ylendi. Ak\u015fam 5'te yard\u0131m i\u00e7in nakliyeciler tutuldu. Kamyon ak\u015fam 6'da gelmedi.\" <\/em> - Cliff Gragg arac\u0131l\u0131\u011f\u0131yla <a href=\"https:\/\/www.trustpilot.com\/users\/561008750000ff0001e06238\" target=\"_blank\" rel=\"noopener\">TrustPilot<\/a> <\/li>\n<li> \"<em>Profesyonelce de\u011fil. Halen U-Pack ile bir ta\u015f\u0131nma s\u00fcrecinin ortas\u0131nday\u0131z.\"<\/em> - Karen W arac\u0131l\u0131\u011f\u0131yla <a href=\"https:\/\/www.sitejabber.com\/reviews\/www.upack.com#5\" target=\"_blank\" rel=\"noopener\">SiteJabber<\/a> <\/li>\n<\/ul>\n<div itemprop=\"review\" itemscope itemtype=\"http:\/\/schema.org\/Review\">\n<span itemprop=\"author\" itemscope=\"\" itemtype=\"http:\/\/schema.org\/Organization\"><span itemprop=\"name\">MoverDB.com<\/span><\/span> \u00c7evrimi\u00e7i Web Sitesi \u0130ncelemesi i\u00e7in <span itemprop=\"itemreviewed\" itemscope=\"\" itemtype=\"http:\/\/schema.org\/Brand\"><span itemprop=\"name\">U-Pack Ta\u015f\u0131mac\u0131l\u0131k<\/span><\/span>:<\/p>\n<ol>\n<li> Web sitesinde a\u00e7\u0131k ileti\u015fim bilgileri (telefon numaras\u0131 dahil): <strong>Evet<\/strong><\/li>\n<li> Almas\u0131 kolay <a href=\"https:\/\/moverdb.com\/tr\/alintilar\/\">uluslararas\u0131 ta\u015f\u0131ma teklifleri<\/a>? (\u00c7evrimi\u00e7i tahmin talep formu): <strong>Evet<\/strong><\/li>\n<li> Web sitesinde net bilgiler: <strong>Evet,<\/strong> Web sitesi, \u015firketin sundu\u011fu her \u015fey hakk\u0131nda m\u00fckemmel bir genel bak\u0131\u015f sunuyor.<\/li>\n<li> Uluslararas\u0131 tan\u0131nm\u0131\u015f ta\u015f\u0131ma organizasyonlar\u0131na \u00fcyelik: <strong>Evet<\/strong>, yukar\u0131ya bak\u0131n<\/li>\n<li> M\u00fc\u015fterilerin listesi ve\/veya \u00f6nceki m\u00fc\u015fteri referanslar\u0131: <strong>Evet,<\/strong> Sitede bir\u00e7ok m\u00fc\u015fteri yorumu bulunmaktad\u0131r.<\/li>\n<\/ol>\n<div itemprop=\"reviewRating\" itemscope itemtype=\"http:\/\/schema.org\/Rating\"><meta itemprop=\"worstRating\" content = \"0\" \/><meta itemprop=\"bestRating\" content=\"5\" \/><meta itemprop=\"ratingValue\" content=\"5\"><\/div>\n<p><strong>Genel puan: 5\/5<\/strong><br \/>\n<strong>\u0130nceleme Tarihi:<\/strong> <span itemprop=\"datePublished\" content=\"2016-07-25\">25\/07\/2016<\/span>\n<\/div>\n<p>Di\u011ferleri hakk\u0131nda daha fazlas\u0131n\u0131 okuyun <a href=\"https:\/\/moverdb.com\/tr\/tasinma-si%cc%87rketleri%cc%87\/\">uluslararas\u0131 ta\u015f\u0131ma \u015firketleri<\/a>, <a href=\"https:\/\/moverdb.com\/tr\/us-canada-movers\/\">ABD ta\u015f\u0131ma \u015firketleri<\/a> ve bizim <a href=\"https:\/\/moverdb.com\/tr\/yorumlar\/\">i\u0307nceleme s\u00fcreci\u0307 a\u00e7iklamasi<\/a>.<\/p>\n<p><strong>Web sitesi:<\/strong> <a href=\"http:\/\/www.upack.com\" target=\"_blank\" rel=\"noopener\">http:\/\/www.upack.com<\/a><\/p>","protected":false},"excerpt":{"rendered":"<p>ABF U-Pack Moving offers its customers a variety of services for moving and self-packing and unpacking within the US, Canada and Puerto Rico. These services are listed below, together with a company profile and reviews. Types of Moves on Offer Cross-country moving Long distance moving &#8211; US, Canada, Puerto Rico Door to door moving Self-moving [&hellip;]<\/p>\n","protected":false},"author":1,"featured_media":0,"parent":0,"menu_order":0,"comment_status":"closed","ping_status":"closed","template":"","meta":{"_genesis_hide_title":false,"_genesis_hide_breadcrumbs":false,"_genesis_hide_singular_image":false,"_genesis_hide_footer_widgets":false,"_genesis_custom_body_class":"","_genesis_custom_post_class":"","_genesis_layout":"","footnotes":""},"class_list":{"0":"post-1061","1":"page","2":"type-page","3":"status-publish","5":"entry"},"_links":{"self":[{"href":"https:\/\/moverdb.com\/tr\/wp-json\/wp\/v2\/pages\/1061","targetHints":{"allow":["GET"]}}],"collection":[{"href":"https:\/\/moverdb.com\/tr\/wp-json\/wp\/v2\/pages"}],"about":[{"href":"https:\/\/moverdb.com\/tr\/wp-json\/wp\/v2\/types\/page"}],"author":[{"embeddable":true,"href":"https:\/\/moverdb.com\/tr\/wp-json\/wp\/v2\/users\/1"}],"replies":[{"embeddable":true,"href":"https:\/\/moverdb.com\/tr\/wp-json\/wp\/v2\/comments?post=1061"}],"version-history":[{"count":6,"href":"https:\/\/moverdb.com\/tr\/wp-json\/wp\/v2\/pages\/1061\/revisions"}],"predecessor-version":[{"id":6248,"href":"https:\/\/moverdb.com\/tr\/wp-json\/wp\/v2\/pages\/1061\/revisions\/6248"}],"wp:attachment":[{"href":"https:\/\/moverdb.com\/tr\/wp-json\/wp\/v2\/media?parent=1061"}],"curies":[{"name":"wp","href":"https:\/\/api.w.org\/{rel}","templated":true}]}}