{"id":1060,"date":"2016-08-21T20:38:32","date_gmt":"2016-08-21T20:38:32","guid":{"rendered":"http:\/\/moverdb.com\/?page_id=1060"},"modified":"2026-01-08T15:20:47","modified_gmt":"2026-01-08T15:20:47","slug":"suddath","status":"publish","type":"page","link":"https:\/\/moverdb.com\/tr\/suddath\/","title":{"rendered":"Suddath Uluslararas\u0131 Ta\u015f\u0131nma ve Yer De\u011fi\u015ftirme Yorumlar\u0131"},"content":{"rendered":"<p>Suddath, m\u00fc\u015fterilerine hem uluslararas\u0131 hem de yerel olarak tam hizmet ta\u015f\u0131ma ve depolama sunmaktad\u0131r. Bunlar, \u015firket profili ve de\u011ferlendirmeleri ile birlikte a\u015fa\u011f\u0131da listelenmi\u015ftir.<\/p>\n<p><strong>Uluslararas\u0131 Ta\u015f\u0131nma ve Depolama<\/strong><\/p>\n<ul>\n<li> Ev e\u015fyalar\u0131n\u0131n nakliyesi<\/li>\n<li> Atanm\u0131\u015f hareket dan\u0131\u015fman\u0131<\/li>\n<li> Ta\u015f\u0131nma \u00f6ncesi kiti<\/li>\n<li> G\u00fcmr\u00fck bilgileri ve dan\u0131\u015fmanl\u0131\u011f\u0131<\/li>\n<li> Hedef bilgileri<\/li>\n<li> Depolama tesisleri<\/li>\n<li> De\u011ferleme veya sigorta dan\u0131\u015fmanl\u0131\u011f\u0131<\/li>\n<\/ul>\n<p><strong>Kurumsal ta\u015f\u0131nma politikas\u0131 ve program y\u00f6netimi<\/strong><\/p>\n<ul>\n<li> Yer de\u011fi\u015ftirme politikas\u0131n\u0131n g\u00f6zden ge\u00e7irilmesi ve\/veya geli\u015ftirilmesi<\/li>\n<li> Politika y\u00f6netimi<\/li>\n<li> \u00d6zel, deneyimli hesap y\u00f6netimi ekibi<\/li>\n<li> \u00d6l\u00e7\u00fclebilir metriklere sahip kalite g\u00fcvence program\u0131<\/li>\n<li> \u00c7evrimi\u00e7i eri\u015fim veya raporlama ve sevkiyat takibi<\/li>\n<\/ul>\n<p><strong>Di\u011fer k\u00fcresel mobilite hizmetleri<\/strong><\/p>\n<ul>\n<li> K\u00fcresel politika k\u0131yaslamas\u0131, g\u00f6zden ge\u00e7irme ve geli\u015ftirme<\/li>\n<li> Ayr\u0131lma ve ev sat\u0131\u015f hizmetleri<\/li>\n<li> Maliyet tahminleri<\/li>\n<li> Aday de\u011ferlendirmesi<\/li>\n<li> Vergi ve sosyal g\u00fcvenlik dan\u0131\u015fmanl\u0131\u011f\u0131<\/li>\n<li> Devam eden g\u00f6revlendirme hizmetleri<\/li>\n<li> Atama \u00f6ncesi gezi<\/li>\n<li> K\u00fclt\u00fcrleraras\u0131, i\u015f bilinci ve dil e\u011fitimi<\/li>\n<li> Ara\u00e7 kiralama veya finansman<\/li>\n<li> Okul arama<\/li>\n<li> Geri d\u00f6n\u00fc\u015f program\u0131<\/li>\n<\/ul>\n<p><strong>D\u00fcnya \u00c7ap\u0131nda Devlet Ta\u015f\u0131ma ve Depolama<\/strong><\/p>\n<ul>\n<li> Devlet ve ordu i\u00e7in tam hizmet ta\u015f\u0131mac\u0131l\u0131\u011f\u0131<\/li>\n<\/ul>\n<p><strong><a href=\"https:\/\/moverdb.com\/tr\/moving-to-the-united-states\/\" data-internallinksmanager029f6b8e52c=\"94\" title=\"Amerika Birle\u015fik Devletleri&#039;ne mi ta\u015f\u0131n\u0131yorsunuz? 2026 Ya\u015fam Maliyetleri ve Yer De\u011fi\u015ftirme \u0130pu\u00e7lar\u0131\">ABD<\/a> Konut Ta\u015f\u0131ma ve Depolama<\/strong><\/p>\n<p><strong>Kurumsal Ta\u015f\u0131nma<\/strong><\/p>\n<ul>\n<li> Politika de\u011ferlendirmesi ve isti\u015fareyi ta\u015f\u0131y\u0131n<\/li>\n<li> Hareket y\u00f6netimi<\/li>\n<li> Grup hareketleri<\/li>\n<li> Tek temas noktas\u0131<\/li>\n<li> Ev e\u015fyas\u0131 ta\u015f\u0131mac\u0131l\u0131\u011f\u0131<\/li>\n<li> Di\u011fer yer de\u011fi\u015ftirme hizmetleri (emlakla ilgili hizmetler, ipotekler, ev bulma, var\u0131\u015f yeri hizmetleri dahil)<\/li>\n<\/ul>\n<p><strong>Konut, \u00d6zel Yer De\u011fi\u015ftirme<\/strong><\/p>\n<ul>\n<li> Ta\u015f\u0131nma \u00f6ncesi tahmini<\/li>\n<li> \u00d6zel ta\u015f\u0131nma koordinat\u00f6r\u00fc<\/li>\n<li> Paketleme hizmetleri (ba\u015flang\u0131\u00e7ta ve var\u0131\u015fta)<\/li>\n<li> Paketleme malzemeleri<\/li>\n<li> G\u00f6nderi takibi<\/li>\n<li> Depolama hizmetleri<\/li>\n<li> Ta\u015f\u0131nma ve gayrimenkulle ilgili hizmetler<\/li>\n<\/ul>\n<h2>Suddath \u015eirket Profili<\/h2>\n<p>Suddath, Suddath Van Lines ve Suddath Relocations Systems 1919 y\u0131l\u0131nda Jacksonville'de kurulmu\u015f bir \u015firketler ailesidir, <a href=\"https:\/\/moverdb.com\/tr\/moving-to-the-united-states\/moving-to-florida\/\" data-internallinksmanager029f6b8e52c=\"331\" title=\"Florida&#039;ya Ta\u015f\u0131nmak m\u0131? 2026 Ya\u015fam Maliyetleri ve Yer De\u011fi\u015ftirme \u0130pu\u00e7lar\u0131\">Florida<\/a> Carl Suddath taraf\u0131ndan yeni film end\u00fcstrisine hizmet vermek i\u00e7in bir minib\u00fcs, iki kat\u0131r ve iki tur arabas\u0131 ile \u015firket kuruldu. \u015eimdi ABD'de ofisleri var ve <a href=\"https:\/\/moverdb.com\/tr\/moving-to-canada\/\" data-internallinksmanager029f6b8e52c=\"265\" title=\"Kanada&#039;ya Ta\u015f\u0131nmak m\u0131? 2026 Ya\u015fam Maliyetleri ve Yer De\u011fi\u015ftirme \u0130pu\u00e7lar\u0131\">Kanada<\/a> ve d\u00fcnya \u00e7ap\u0131nda geni\u015f bir acente a\u011f\u0131na sahiptir.<\/p>\n<p>Suddath, bireyler, \u015firketler, devlet ve ordu i\u00e7in uluslararas\u0131 ve yerel olarak y\u0131lda 75.000'den fazla ta\u015f\u0131ma ger\u00e7ekle\u015ftirmektedir. <\/p>\n<p>ABD h\u00fck\u00fcmeti ile birlikte Fortune 500 \u015firketlerinden baz\u0131lar\u0131n\u0131n en iyi m\u00fc\u015fterileri olmas\u0131yla gurur duymaktad\u0131rlar. Suddath, ilk fiyat teklifinden ambalaj a\u00e7ma ve ta\u015f\u0131nma hizmetlerine kadar eksiksiz bir hizmet sunmaktad\u0131r.<\/p>\n<p>Suddath a\u015fa\u011f\u0131daki akreditasyonlara ve ba\u011flant\u0131lara sahiptir:<\/p>\n<ul>\n<li> <a href=\"https:\/\/moverdb.com\/tr\/fidi-faim\/\">FIDI<\/a><\/li>\n<li> Overseas Moving Network International (OMNI)<\/li>\n<li> <a href=\"https:\/\/moverdb.com\/tr\/iam\/\">Uluslararas\u0131 Ta\u015f\u0131mac\u0131lar Birli\u011fi<\/a> (<a href=\"https:\/\/moverdb.com\/tr\/iam\/\" data-internallinksmanager029f6b8e52c=\"23\" title=\"Uluslararas\u0131 Ta\u015f\u0131mac\u0131lar Birli\u011fi (IAM) A\u00e7\u0131klamas\u0131\">IAM<\/a>)<\/li>\n<li> <a href=\"https:\/\/moverdb.com\/tr\/lacma\/\" target=\"_blank\" rel=\"noopener\">Latin Amerika ve Karayipler Uluslararas\u0131 Ta\u015f\u0131mac\u0131lar Birli\u011fi<\/a> (<a href=\"https:\/\/moverdb.com\/tr\/lacma\/\" data-internallinksmanager029f6b8e52c=\"28\" title=\"Latin Amerika ve Karayipler Uluslararas\u0131 Ta\u015f\u0131mac\u0131lar Birli\u011fi (LACMA)\">LACMA<\/a>)<\/li>\n<li> Pan Amerikan Uluslararas\u0131 Ta\u015f\u0131mac\u0131lar Birli\u011fi (PAIMA)<\/li>\n<li> <a href=\"https:\/\/moverdb.com\/tr\/british-association-of-removers\/\" target=\"_blank\" rel=\"noopener\">\u0130ngiliz S\u00f6k\u00fcmc\u00fcler Birli\u011fi<\/a> (<a href=\"https:\/\/moverdb.com\/tr\/british-association-of-removers\/\" data-internallinksmanager029f6b8e52c=\"9\" title=\"\u0130ngiliz S\u00f6k\u00fcmc\u00fcler Birli\u011fi (BAR) A\u00e7\u0131klamas\u0131\">BAR<\/a>)<\/li>\n<li> <a href=\"https:\/\/moverdb.com\/tr\/calisan-yer-degistirme-konseyi\/\" target=\"_blank\" rel=\"noopener\">D\u00fcnya \u00c7ap\u0131nda ERC<\/a><\/li>\n<li> \u0130nsan Kaynaklar\u0131 Y\u00f6netimi Derne\u011fi (SHRM)<\/li>\n<li> Ter\u00f6rizme Kar\u015f\u0131 M\u00fc\u015fteri Ticaret Ortakl\u0131\u011f\u0131 (C-TPAT)<\/li>\n<li> <a href=\"https:\/\/moverdb.com\/tr\/iata\/\" target=\"_blank\" rel=\"noopener\">IATA<\/a><\/li>\n<li> Better Business Bureau (BBB)<\/li>\n<li> ISO 9001-2008<\/li>\n<li> Brookfield K\u00fcresel Yer De\u011fi\u015ftirme Hizmetleri<\/li>\n<li> <a href=\"https:\/\/moverdb.com\/tr\/fidi-faim\/\" data-internallinksmanager029f6b8e52c=\"16\" title=\"FIDI &amp; FAIM (FIDI Akredite Uluslararas\u0131 Ta\u015f\u0131mac\u0131) A\u00e7\u0131klamas\u0131\">FAIM<\/a> Art\u0131<\/li>\n<li> Sertifikal\u0131 Ofis Ta\u015f\u0131mac\u0131l\u0131\u011f\u0131 - Uluslararas\u0131 Ofis Ta\u015f\u0131ma Enstit\u00fcs\u00fc<\/li>\n<li> <a href=\"https:\/\/moverdb.com\/tr\/rim-promover\/\" target=\"_blank\" rel=\"noopener\">ProMover<\/a><\/li>\n<li> Genel Hizmetler \u0130daresi (GSA)<\/li>\n<\/ul>\n<p><strong>Suddath Nakliyat Yorumlar\u0131<\/strong><\/p>\n<p><strong>Olumlu:<\/strong><\/p>\n<ul>\n<li> <em>\"Ta\u015f\u0131nma s\u00fcrecimin her ad\u0131m\u0131nda bana yard\u0131mc\u0131 oldular.\"<\/em> - Alan H arac\u0131l\u0131\u011f\u0131yla <a href=\"http:\/\/www.yelp.com\/biz\/suddath-relocation-systems-jacksonville-3?hrid=aZPhVuYjTxAl3ImKZTmp1A&#038;utm_campaign=www_review_share_popup&#038;utm_medium=copy_link&#038;utm_source=(direct)\" target=\"_blank\" rel=\"noopener\">Yelp<\/a><\/li>\n<li> <em>\"Suddath ba\u015f\u0131ndan sonuna kadar m\u00fckemmel bir i\u015f \u00e7\u0131kard\u0131 - temastan ara\u015ft\u0131rmaya, y\u00fcklemeden bo\u015faltmaya kadar ve programa uygun davrand\u0131lar. A\u011f\u0131r i\u015fleri yapan 4 adama ve \u015fof\u00f6re \u00f6zel olarak te\u015fekk\u00fcr ederim.\"<\/em> - Wayne Ernest arac\u0131l\u0131\u011f\u0131yla <a href=\"http:\/\/reviews.birdeye.com\/suddath-relocation-systems-388913888\" target=\"_blank\" rel=\"noopener\">BirdEye<\/a> <\/li>\n<\/ul>\n<p><strong>Olumsuz:<\/strong><\/p>\n<ul>\n<li> <em>\"Birka\u00e7 e-postadan sonra Suddath'taki iyi insanlar $7,500 de\u011ferindeki kay\u0131p e\u015fyalar\u0131m i\u00e7in bana $2,350 teklif ettiler.\" <\/em>Aaron C arac\u0131l\u0131\u011f\u0131yla <a href=\"http:\/\/www.yelp.com\/biz\/suddath-relocation-systems-jacksonville-3?hrid=NyswOKGKwwPmsuorvGtzew&#038;utm_campaign=www_review_share_popup&#038;utm_medium=copy_link&#038;utm_source=(direct)\" target=\"_blank\" rel=\"noopener\">Yelp<\/a> <\/li>\n<li> \"Son 15 y\u0131lda birka\u00e7 kez ta\u015f\u0131nd\u0131m ve bu kesinlikle en k\u00f6t\u00fcs\u00fcyd\u00fc. <a href=\"https:\/\/moverdb.com\/tr\/moving-companies\/\" data-internallinksmanager029f6b8e52c=\"79\" title=\"\u00c7evrimi\u00e7i En \u0130yi 25 Uluslararas\u0131 Nakliye \u015eirketi\">ta\u015finma \u015fi\u0307rketi\u0307<\/a> \u015eimdiye kadar hi\u00e7 \u00e7al\u0131\u015fmad\u0131m.\" - Peter Burgess arac\u0131l\u0131\u011f\u0131yla <a href=\"http:\/\/www.mymovingreviews.com\/movers\/suddath-120#26803\" target=\"_blank\" rel=\"noopener\">MyMovingReviews.com<\/a><\/li>\n<\/ul>\n<div itemprop=\"review\" itemscope itemtype=\"http:\/\/schema.org\/Review\">\n<span itemprop=\"author\" itemscope=\"\" itemtype=\"http:\/\/schema.org\/Organization\"><span itemprop=\"name\">MoverDB.com<\/span><\/span> \u00c7evrimi\u00e7i Web Sitesi \u0130ncelemesi i\u00e7in <span itemprop=\"itemreviewed\" itemscope=\"\" itemtype=\"http:\/\/schema.org\/Brand\"><span itemprop=\"name\">Suddath<\/span><\/span>:<\/p>\n<ol>\n<li> Web sitesinde a\u00e7\u0131k ileti\u015fim bilgileri (telefon numaras\u0131 dahil): <strong>Evet<\/strong><\/li>\n<li> Almas\u0131 kolay <a href=\"https:\/\/moverdb.com\/tr\/alintilar\/\">uluslararas\u0131 ta\u015f\u0131ma teklifleri<\/a>? (\u00c7evrimi\u00e7i tahmin talep formu): <strong>Evet<\/strong><\/li>\n<li> Web sitesinde net bilgiler: <strong>K\u0131smi<\/strong>, Web sitesi bir\u00e7ok sayfa i\u00e7eriyor ancak \u00e7o\u011fu bilgi olduk\u00e7a genel.<\/li>\n<li> Uluslararas\u0131 tan\u0131nm\u0131\u015f ta\u015f\u0131ma organizasyonlar\u0131na \u00fcyelik: <strong>Evet<\/strong>, bir\u00e7ok, yukar\u0131ya bak\u0131n<\/li>\n<li> M\u00fc\u015fterilerin listesi ve\/veya \u00f6nceki m\u00fc\u015fteri referanslar\u0131: <strong>Biraz,<\/strong> vaka \u00e7al\u0131\u015fmalar\u0131 var ancak ayr\u0131nt\u0131l\u0131 incelemeler veya referanslar yok.<\/li>\n<\/ol>\n<div itemprop=\"reviewRating\" itemscope itemtype=\"http:\/\/schema.org\/Rating\"><meta itemprop=\"worstRating\" content = \"0\" \/><meta itemprop=\"bestRating\" content=\"5\" \/><meta itemprop=\"ratingValue\" content=\"4\"><\/div>\n<p><strong>Genel puan: 4\/5<\/strong><br \/>\n<strong>\u0130nceleme Tarihi:<\/strong> <span itemprop=\"datePublished\" content=\"2016-08-21\">21\/08\/2016<\/span>\n<\/div>\n<p>Hakk\u0131nda daha fazlas\u0131n\u0131 okuyun <a href=\"https:\/\/moverdb.com\/tr\/tasinma-si%cc%87rketleri%cc%87\/\">uluslararas\u0131 nakliyeciler<\/a>, <a href=\"https:\/\/moverdb.com\/tr\/us-canada-movers\/\">Kuzey Amerika nakliyecileri<\/a> ve bizim <a href=\"https:\/\/moverdb.com\/tr\/yorumlar\/\">g\u00f6zden ge\u00e7irme s\u00fcreci<\/a>.<\/p>\n<p><strong>Web sitesi:<\/strong> <a href=\"http:\/\/suddath.com\" target=\"_blank\" rel=\"noopener\">http:\/\/suddath.com<\/a><\/p>","protected":false},"excerpt":{"rendered":"<p>Suddath offers its clients full service moving and storage both internationally and locally. These are listed below, together with a company profile and reviews. International Moving and Storage Shipment of household goods Assigned move counsellor Pre-move kit Customs information and counselling Destination information Storage facilities Valuation or insurance counselling Corporate relocation policy and program management [&hellip;]<\/p>\n","protected":false},"author":1,"featured_media":0,"parent":0,"menu_order":0,"comment_status":"closed","ping_status":"closed","template":"","meta":{"_genesis_hide_title":false,"_genesis_hide_breadcrumbs":false,"_genesis_hide_singular_image":false,"_genesis_hide_footer_widgets":false,"_genesis_custom_body_class":"","_genesis_custom_post_class":"","_genesis_layout":"","footnotes":""},"class_list":{"0":"post-1060","1":"page","2":"type-page","3":"status-publish","5":"entry"},"_links":{"self":[{"href":"https:\/\/moverdb.com\/tr\/wp-json\/wp\/v2\/pages\/1060","targetHints":{"allow":["GET"]}}],"collection":[{"href":"https:\/\/moverdb.com\/tr\/wp-json\/wp\/v2\/pages"}],"about":[{"href":"https:\/\/moverdb.com\/tr\/wp-json\/wp\/v2\/types\/page"}],"author":[{"embeddable":true,"href":"https:\/\/moverdb.com\/tr\/wp-json\/wp\/v2\/users\/1"}],"replies":[{"embeddable":true,"href":"https:\/\/moverdb.com\/tr\/wp-json\/wp\/v2\/comments?post=1060"}],"version-history":[{"count":6,"href":"https:\/\/moverdb.com\/tr\/wp-json\/wp\/v2\/pages\/1060\/revisions"}],"predecessor-version":[{"id":6242,"href":"https:\/\/moverdb.com\/tr\/wp-json\/wp\/v2\/pages\/1060\/revisions\/6242"}],"wp:attachment":[{"href":"https:\/\/moverdb.com\/tr\/wp-json\/wp\/v2\/media?parent=1060"}],"curies":[{"name":"wp","href":"https:\/\/api.w.org\/{rel}","templated":true}]}}