{"id":1059,"date":"2016-08-21T14:56:28","date_gmt":"2016-08-21T14:56:28","guid":{"rendered":"http:\/\/moverdb.com\/?page_id=1059"},"modified":"2026-01-08T14:47:35","modified_gmt":"2026-01-08T14:47:35","slug":"arpin-van-lines","status":"publish","type":"page","link":"https:\/\/moverdb.com\/tr\/arpin-van-lines\/","title":{"rendered":"Arpin Van Lines: Ta\u015f\u0131nma Hizmetleri &amp; Yorumlar"},"content":{"rendered":"<p>Arpin Van Lines, West Warwick, RI merkezli olup m\u00fc\u015fterilerine hem uluslararas\u0131 hem de yerel olarak geni\u015f bir hizmet yelpazesi sunmaktad\u0131r. Bu hizmetler, \u015firket profili ve de\u011ferlendirmelerle birlikte a\u015fa\u011f\u0131da listelenmi\u015ftir. Uluslararas\u0131 ta\u015f\u0131nma i\u015flemleri de <a href=\"https:\/\/moverdb.com\/tr\/arpin-uluslararasi\/\">Arpin Uluslararas\u0131<\/a>.<\/p>\n<p><strong>Uluslararas\u0131 Ta\u015f\u0131malar<\/strong><\/p>\n<ul>\n<li> \u00c7ok k\u00fclt\u00fcrl\u00fc ve \u00e7ok dilli personel<\/li>\n<li> \u00d6zel uluslararas\u0131 ta\u015f\u0131nma koordinat\u00f6r\u00fc<\/li>\n<li> Kap\u0131dan kap\u0131ya<\/li>\n<li> Paketleme ve ambalaj a\u00e7ma<\/li>\n<li> Mobilya ve\/veya e\u015fyalar\u0131n demontaj\u0131 ve yeniden montaj\u0131<\/li>\n<li> G\u00fcmr\u00fck konusunda yard\u0131m<\/li>\n<li> S\u0131n\u0131r \u00f6tesi hareketler - <a href=\"https:\/\/moverdb.com\/tr\/moving-to-canada\/\" data-internallinksmanager029f6b8e52c=\"265\" title=\"Kanada&#039;ya Ta\u015f\u0131nmak m\u0131? 2026 Ya\u015fam Maliyetleri ve Yer De\u011fi\u015ftirme \u0130pu\u00e7lar\u0131\">Kanada<\/a><\/li>\n<\/ul>\n<p><strong>GSA ve Askeri Hareketler<\/strong><\/p>\n<ul>\n<li> Askeri<\/li>\n<li> Devlet\/GSA<\/li>\n<li> Veteran hareketleri<\/li>\n<li> Askeri makyaj<\/li>\n<\/ul>\n<p><strong>Ev Ta\u015f\u0131malar\u0131<\/strong><\/p>\n<ul>\n<li> Yerel hamleler<\/li>\n<li> Uzun mesafeli ta\u015f\u0131nmalar<\/li>\n<li> \u00dcst d\u00fczey hamleler<\/li>\n<li> K\u00fc\u00e7\u00fck ta\u015f\u0131ma \u00e7\u00f6z\u00fcm\u00fc<\/li>\n<\/ul>\n<p><strong>Depolama<\/strong><\/p>\n<ul>\n<li> Uzun vadeli<\/li>\n<li> K\u0131sa vadeli<\/li>\n<li> Baz\u0131 iklim kontroll\u00fc depolar<\/li>\n<li> Konteynerli depolama<\/li>\n<\/ul>\n<h2>Arpin Van Lines \u015eirket Profili<\/h2>\n<p>Arpin Van Lines 1900 y\u0131l\u0131nda kurulmu\u015ftur ve bu nedenle 100 y\u0131l\u0131 a\u015fk\u0131n bir s\u00fcredir insanlar\u0131 ve i\u015fletmeleri ta\u015f\u0131maktad\u0131r ve hala bir aile \u015firketidir. <\/p>\n<p>\u015eirket, m\u00fckemmele yak\u0131n veya m\u00fckemmel yerel, uzun mesafe ve uluslararas\u0131 ta\u015f\u0131malar ger\u00e7ekle\u015ftirmekten gurur duymaktad\u0131r. D\u00fcnya genelinde 385 acentesi bulunmaktad\u0131r. <a href=\"https:\/\/moverdb.com\/tr\/moving-to-the-united-states\/\" data-internallinksmanager029f6b8e52c=\"94\" title=\"Amerika Birle\u015fik Devletleri&#039;ne mi ta\u015f\u0131n\u0131yorsunuz? 2026 Ya\u015fam Maliyetleri ve Yer De\u011fi\u015ftirme \u0130pu\u00e7lar\u0131\">Birle\u015fik Devletler<\/a> ve vaat etti\u011fi kaliteyi sunmak i\u00e7in d\u00fcnya \u00e7ap\u0131nda en iyi, g\u00fcvenilir ajanslarla ortakl\u0131k kurmu\u015ftur.<\/p>\n<p>\u015eirketin ana odak noktas\u0131 ta\u015f\u0131nmad\u0131r. ABD i\u00e7inde ve k\u00fcresel olarak ta\u015f\u0131nma \u015firketleriyle ortakl\u0131k yapmaktad\u0131r. Arpin Van Lines y\u0131lda yakla\u015f\u0131k 14.000 GSA ve askeri ta\u015f\u0131ma ger\u00e7ekle\u015ftirmektedir.<\/p>\n<p>Arpin Van Lines, Save the Children, Habitat for Humanity ve Audubon Society of <a href=\"https:\/\/moverdb.com\/tr\/moving-to-the-united-states\/moving-to-rhode-island\/\" data-internallinksmanager029f6b8e52c=\"450\" title=\"Rhode Island&#039;a m\u0131 ta\u015f\u0131n\u0131yorsunuz? 2024 Ya\u015fam Maliyetleri &amp; Yer De\u011fi\u015ftirme \u0130pu\u00e7lar\u0131\">Rhode Island<\/a>. \u015eirket, karbon ayak izini azaltt\u0131\u011f\u0131 i\u00e7in bir\u00e7ok \u00f6d\u00fcl almas\u0131n\u0131 sa\u011flayan s\u0131k\u0131 bir ye\u015fil politika y\u00fcr\u00fctmektedir.<\/p>\n<p>Arpin Van Lines a\u015fa\u011f\u0131daki akreditasyonlara ve ba\u011flant\u0131lara sahiptir:<\/p>\n<ul>\n<li> Bu <a href=\"https:\/\/moverdb.com\/tr\/amsa\/\">Amerikan Ta\u015f\u0131nma ve Depolama Birli\u011fi<\/a> (<a href=\"https:\/\/moverdb.com\/tr\/amsa\/\" data-internallinksmanager029f6b8e52c=\"5\" title=\"Amerikan Ta\u015f\u0131nma ve Depolama Birli\u011fi (AMSA) A\u00e7\u0131klamas\u0131\">AMSA<\/a>)<\/li>\n<li> <a href=\"https:\/\/moverdb.com\/tr\/calisan-yer-degistirme-konseyi\/\">D\u00fcnya \u00c7ap\u0131nda ERC<\/a><\/li>\n<li> Ulusal K\u0131demli Ta\u015f\u0131nma Y\u00f6neticileri Birli\u011fi (NASMM)<\/li>\n<li> Sertifikal\u0131 <a href=\"https:\/\/moverdb.com\/tr\/rim-promover\/\">ProMover<\/a><\/li>\n<li> Better Business Bureau (BBB) A+<\/li>\n<li> SmartWay Nakliye Orta\u011f\u0131<\/li>\n<li> ISSP<\/li>\n<\/ul>\n<h2>Arpin Van Lines Yorumlar\u0131<\/h2>\n<p><strong>Olumlu:<\/strong><\/p>\n<ul>\n<li> <em>\"Neden bu kadar \u00e7ok k\u00f6t\u00fc yorum oldu\u011fundan emin de\u011filim ama di\u011fer yandan m\u00fckemmel bir deneyim ya\u015fad\u0131m! Ta\u015f\u0131nma i\u015flemini ger\u00e7ekle\u015ftiren yerel i\u015ftirak veya \u015firketin itibar\u0131 olabilir. Her iki durumda da benim deneyimim ba\u015ftan sona harikayd\u0131!\"<\/em> - Jay Cee arac\u0131l\u0131\u011f\u0131yla <a href=\"http:\/\/www.yelp.com\/biz\/arpin-van-lines-west-warwick-2?hrid=OS55XvTTjsx1-lntFW5mvw&#038;utm_campaign=www_review_share_popup&#038;utm_medium=copy_link&#038;utm_source=(direct)\" target=\"_blank\" rel=\"noopener\">Yelp<\/a><\/li>\n<li> \"Arpin Van Lines'\u0131n elemanlar\u0131n\u0131n bizim i\u00e7in ger\u00e7ekten inan\u0131lmaz bir i\u015f \u00e7\u0131kard\u0131klar\u0131n\u0131 s\u00f6ylemeliyim. Tam zaman\u0131nda geldiler ve t\u00fcm ta\u015f\u0131nma s\u00fcrecini \u00e7ok kolay hale getirdiler.\"<\/em> - Emmanuel P. arac\u0131l\u0131\u011f\u0131yla <a href=\"https:\/\/www.customerlobby.com\/reviews\/28943\/arpin-van-lines-inc\/review\/877013\" target=\"_blank\" rel=\"noopener\">M\u00fc\u015fteri Lobisi<\/a> <\/li>\n<li> <em>\"Ta\u015f\u0131nma i\u015fleminden ne kadar memnun ve mutlu oldu\u011fumu s\u00f6ylemek istedim.  Ofis beni kontrol ediyordu ve ger\u00e7ekten de benim ve ailem i\u00e7in her \u015feyin nas\u0131l gitti\u011fiyle ilgileniyordu.\"<\/em> - Yuriko Sprott arac\u0131l\u0131\u011f\u0131yla <a href=\"http:\/\/www.mymovingreviews.com\/movers\/arpin-van-lines-664#39723\" target=\"_blank\" rel=\"noopener\">MyMovingReviews.com<\/a> <\/li>\n<\/ul>\n<p><strong>Olumsuz:<\/strong><\/p>\n<ul>\n<li> \"<em>Buradan ta\u015f\u0131nd\u0131k <a href=\"https:\/\/moverdb.com\/tr\/moving-to-the-united-states\/moving-to-illinois\/\" data-internallinksmanager029f6b8e52c=\"401\" title=\"Illinois&#039;e Ta\u015f\u0131nmak m\u0131? 2026 Ya\u015fam Maliyetleri ve Yer De\u011fi\u015ftirme \u0130pu\u00e7lar\u0131\">Illinois<\/a> Sacramento'ya gittim ve deneyimim KORKUN\u00c7TU.\" <\/em>John W arac\u0131l\u0131\u011f\u0131yla <a href=\"http:\/\/www.yelp.com\/biz\/arpin-van-lines-west-warwick-2?hrid=_dchwV9PFPdLsH2-htD5dA&#038;utm_campaign=www_review_share_popup&#038;utm_medium=copy_link&#038;utm_source=(direct)\" target=\"_blank\" rel=\"noopener\">Yelp<\/a><\/li>\n<li> <em>\"Bu \u015firketi kullanmaman\u0131z\u0131 umdu\u011fumu kelimelerle ifade edemem. E\u015fimin i\u015fi nedeniyle 7 kez eyalet d\u0131\u015f\u0131na ta\u015f\u0131nd\u0131k ve hi\u00e7 bu kadar beceriksizli\u011fe tan\u0131k olmam\u0131\u015ft\u0131m.\"<\/em> - Marci R. arac\u0131l\u0131\u011f\u0131yla <a href=\"https:\/\/www.customerlobby.com\/reviews\/28943\/arpin-van-lines-inc\/review\/854697\" target=\"_blank\" rel=\"noopener\">M\u00fc\u015fteri Lobisi<\/a><\/li>\n<li> <em>\"Nereden ba\u015flasam... Fiyat teklifi almak 2 hafta s\u00fcrd\u00fc, \u015fu anda 3 g\u00fcn geciktiler ve hamile e\u015fim ve ben onlar gelene kadar bir tak\u0131m \u00e7antas\u0131yla \u015fi\u015fme yatakta uyumak zorunda kalaca\u011f\u0131z.\"<\/em> - Mmonahan arac\u0131l\u0131\u011f\u0131yla <a href=\"http:\/\/www.mymovingreviews.com\/movers\/arpin-van-lines-664#55388\" target=\"_blank\" rel=\"noopener\">MyMovingReviews.com<\/a> <\/li>\n<\/ul>\n<div itemprop=\"review\" itemscope itemtype=\"http:\/\/schema.org\/Review\">\n<span itemprop=\"author\" itemscope=\"\" itemtype=\"http:\/\/schema.org\/Organization\"><span itemprop=\"name\">MoverDB.com<\/span><\/span> \u00c7evrimi\u00e7i Web Sitesi \u0130ncelemesi i\u00e7in <span itemprop=\"itemreviewed\" itemscope=\"\" itemtype=\"http:\/\/schema.org\/Brand\"><span itemprop=\"name\">Arpin Van Lines<\/span><\/span>:<\/p>\n<ol>\n<li> Web sitesinde a\u00e7\u0131k ileti\u015fim bilgileri (telefon numaras\u0131 dahil): <strong>Evet<\/strong><\/li>\n<li> Almas\u0131 kolay <a href=\"https:\/\/moverdb.com\/tr\/alintilar\/\">uluslararas\u0131 ta\u015f\u0131ma teklifleri<\/a>? (\u00c7evrimi\u00e7i tahmin talep formu): <strong>Evet<\/strong><\/li>\n<li> Web sitesinde net bilgiler: <strong>Evet,<\/strong> web sitesinde k\u0131lavuzlar ve videolar var.<\/li>\n<li> Uluslararas\u0131 tan\u0131nm\u0131\u015f ta\u015f\u0131ma organizasyonlar\u0131na \u00fcyelik: <strong>Evet<\/strong>, (yukar\u0131ya bak\u0131n)<\/li>\n<li> M\u00fc\u015fterilerin listesi ve\/veya \u00f6nceki m\u00fc\u015fteri referanslar\u0131. <strong>K\u0131smi<\/strong> M\u00fc\u015fteri referanslar\u0131n\u0131 M\u00fc\u015fteri Lobisi arac\u0131l\u0131\u011f\u0131yla listeliyorlar, yukar\u0131ya bak\u0131n<\/li>\n<\/ol>\n<div itemprop=\"reviewRating\" itemscope itemtype=\"http:\/\/schema.org\/Rating\"><meta itemprop=\"worstRating\" content = \"0\" \/><meta itemprop=\"bestRating\" content=\"5\" \/><meta itemprop=\"ratingValue\" content=\"4\"><\/div>\n<p><strong>Genel puan: 4\/5<\/strong><br \/>\n<strong>\u0130nceleme Tarihi:<\/strong> <span itemprop=\"datePublished\" content=\"2016-08-21\">21\/08\/2016<\/span>\n<\/div>\n<p>Hakk\u0131nda daha fazlas\u0131n\u0131 okuyun <a href=\"https:\/\/moverdb.com\/tr\/tasinma-si%cc%87rketleri%cc%87\/\">uluslararas\u0131 nakliyeciler<\/a>, <a href=\"https:\/\/moverdb.com\/tr\/us-canada-movers\/\">ABD'li nakliyeciler<\/a> ve bizim <a href=\"https:\/\/moverdb.com\/tr\/yorumlar\/\">g\u00f6zden ge\u00e7irme s\u00fcreci<\/a>.<\/p>\n<p><strong>Web sitesi:<\/strong> <a href=\"http:\/\/www.arpin.com\" target=\"_blank\" rel=\"noopener\">http:\/\/www.arpin.com<\/a><\/p>","protected":false},"excerpt":{"rendered":"<p>Arpin Van Lines is based in West Warwick, RI and offers its customers a wide range of services both internationally and locally. These services are listed below, together with a company profile and reviews. International moves are also handled by Arpin International. International Moves Multicultural and multilingual staff Dedicated international move coordinator Door to door [&hellip;]<\/p>\n","protected":false},"author":1,"featured_media":0,"parent":0,"menu_order":0,"comment_status":"closed","ping_status":"closed","template":"","meta":{"_genesis_hide_title":false,"_genesis_hide_breadcrumbs":false,"_genesis_hide_singular_image":false,"_genesis_hide_footer_widgets":false,"_genesis_custom_body_class":"","_genesis_custom_post_class":"","_genesis_layout":"","footnotes":""},"class_list":{"0":"post-1059","1":"page","2":"type-page","3":"status-publish","5":"entry"},"_links":{"self":[{"href":"https:\/\/moverdb.com\/tr\/wp-json\/wp\/v2\/pages\/1059","targetHints":{"allow":["GET"]}}],"collection":[{"href":"https:\/\/moverdb.com\/tr\/wp-json\/wp\/v2\/pages"}],"about":[{"href":"https:\/\/moverdb.com\/tr\/wp-json\/wp\/v2\/types\/page"}],"author":[{"embeddable":true,"href":"https:\/\/moverdb.com\/tr\/wp-json\/wp\/v2\/users\/1"}],"replies":[{"embeddable":true,"href":"https:\/\/moverdb.com\/tr\/wp-json\/wp\/v2\/comments?post=1059"}],"version-history":[{"count":7,"href":"https:\/\/moverdb.com\/tr\/wp-json\/wp\/v2\/pages\/1059\/revisions"}],"predecessor-version":[{"id":6176,"href":"https:\/\/moverdb.com\/tr\/wp-json\/wp\/v2\/pages\/1059\/revisions\/6176"}],"wp:attachment":[{"href":"https:\/\/moverdb.com\/tr\/wp-json\/wp\/v2\/media?parent=1059"}],"curies":[{"name":"wp","href":"https:\/\/api.w.org\/{rel}","templated":true}]}}