{"id":1058,"date":"2016-07-25T21:05:23","date_gmt":"2016-07-25T21:05:23","guid":{"rendered":"http:\/\/moverdb.com\/?page_id=1058"},"modified":"2026-01-08T14:40:09","modified_gmt":"2026-01-08T14:40:09","slug":"mayflower-transit","status":"publish","type":"page","link":"https:\/\/moverdb.com\/tr\/mayflower-transit\/","title":{"rendered":"Mayflower Transit: Uluslararas\u0131 Ta\u015f\u0131nma Hizmetleri &amp; Yorumlar"},"content":{"rendered":"<p>Mayflower Transit, m\u00fc\u015fterilerine a\u015fa\u011f\u0131da listelenen bir dizi yurti\u00e7i ve uluslararas\u0131 ta\u015f\u0131ma hizmeti sunmaktad\u0131r. Ayr\u0131ca bir \u015firket profili ve incelemeler de bulunmaktad\u0131r.<\/p>\n<p><strong>Uluslararas\u0131 Ta\u015f\u0131mac\u0131lar<\/strong><\/p>\n<p>Atama \u00d6ncesi Hizmetler<\/p>\n<ul>\n<li> Vize ve g\u00f6\u00e7menlik hizmetleri<\/li>\n<li> \u00d6n izleme gezisi ve alan oryantasyonu<\/li>\n<li> \u00dclke ve k\u00fclt\u00fcr bilgileri<\/li>\n<\/ul>\n<p>Ta\u015f\u0131nma Hizmetleri<\/p>\n<ul>\n<li> Ta\u015f\u0131nma \u00f6ncesi planlama<\/li>\n<li> E\u015fyalar\u0131n ta\u015f\u0131nmas\u0131<\/li>\n<li> Ta\u015f\u0131nman\u0131n y\u00f6netilmesi<\/li>\n<li> G\u00f6nderi takibi<\/li>\n<\/ul>\n<p>Uluslararas\u0131 Destinasyon Hizmetleri<\/p>\n<ul>\n<li> K\u00fclt\u00fcrel ve dil e\u011fitimi<\/li>\n<li> Okul yard\u0131m\u0131<\/li>\n<li> Partner\/e\u015f deste\u011fi<\/li>\n<li> Hizmete yerle\u015fme<\/li>\n<li> Kalk\u0131\u015f yard\u0131m\u0131<\/li>\n<\/ul>\n<p>Koruma Hizmetleri<\/p>\n<ul>\n<li> A\u011f\u0131rl\u0131k \u00e7arpan\u0131<\/li>\n<li> Y\u00fcksek de\u011ferli envanter<\/li>\n<li> Kalem kalem de\u011ferlenmi\u015f envanter<\/li>\n<\/ul>\n<p>Konut Yard\u0131m\u0131<\/p>\n<ul>\n<li> Ev bulma hizmetleri<\/li>\n<li> Ge\u00e7ici konaklama<\/li>\n<li> M\u00fclk ve kira y\u00f6netimi<\/li>\n<\/ul>\n<p><strong><a href=\"https:\/\/moverdb.com\/tr\/moving-to-canada\/\" data-internallinksmanager029f6b8e52c=\"265\" title=\"Kanada&#039;ya Ta\u015f\u0131nmak m\u0131? 2026 Ya\u015fam Maliyetleri ve Yer De\u011fi\u015ftirme \u0130pu\u00e7lar\u0131\">Kanada'ya Ta\u015f\u0131nma<\/a><\/strong><\/p>\n<ul>\n<li> Gerekli belgeler ve d\u00fczenlemeler<\/li>\n<li> E\u015fyalar\u0131n nakliyesi hakk\u0131nda bilgi<\/li>\n<li> Hakk\u0131nda bilgi <a href=\"https:\/\/moverdb.com\/tr\/araba-tasima-nakliye\/\">nakliye ara\u00e7lar\u0131<\/a><\/li>\n<\/ul>\n<p><strong>Hareket T\u00fcrleri<\/strong><\/p>\n<ul>\n<li> Ev ta\u015f\u0131mac\u0131lar\u0131 - k\u0131sa ve uzun mesafe<\/li>\n<li> Yerel nakliyeciler<\/li>\n<li> Kurumsal nakliyeciler<\/li>\n<li> Askeri ve resmi nakliyeciler<\/li>\n<li> <a href=\"https:\/\/moverdb.com\/tr\/tasinma-si%cc%87rketleri%cc%87\/\" target=\"_blank\" rel=\"noopener\">Uluslararas\u0131 nakliyeciler<\/a><\/li>\n<\/ul>\n<p><strong>Ta\u015f\u0131nma Hizmetleri<\/strong><\/p>\n<ul>\n<li> Paketleme ve ambalaj a\u00e7ma<\/li>\n<li> Hareketli koruma<\/li>\n<li> Oto ta\u015f\u0131ma<\/li>\n<li> Depolama<\/li>\n<li> Temizlik hizmeti<\/li>\n<li> Enkaz toplama<\/li>\n<li> Ev sinema sistemi ve\/veya bilgisayar kurulumu<\/li>\n<li> Bah\u00e7\u0131vanl\u0131k hizmeti<\/li>\n<li> Gayrimenkul hizmetleri<\/li>\n<\/ul>\n<h2>Mayflower Transit \u015eirket Profili<\/h2>\n<p>Mayflower Transit 1927 y\u0131l\u0131nda Conrad M. Gentry ve Don F. Kenworthy taraf\u0131ndan Indianapolis'te kuruldu. Kurucu \u00fcyeler, insanlara e\u015fyalar\u0131n\u0131 demiryoluyla ta\u015f\u0131mak i\u00e7in bir alternatif sunmak istediler. <\/p>\n<p>\u0130kinci D\u00fcnya Sava\u015f\u0131'n\u0131n sonunda \u015firket geni\u015flemi\u015f ve art\u0131k \u015firket \u00e7al\u0131\u015fanlar\u0131n\u0131n ta\u015f\u0131nmas\u0131 ve ticari fuarlar\u0131n d\u00fczenlenmesi gibi hizmetleri de kapsar hale gelmi\u015fti. <\/p>\n<p>1995 y\u0131l\u0131nda Mayflower Transit, bir \u015firket olan UniGroup'a kat\u0131ld\u0131. <strong>$1,7 milyar<\/strong> d\u00fcnya \u00e7ap\u0131nda ta\u015f\u0131nma, nakliye ve depolama hizmetleri sunan bir \u015firkettir. Mayflower Transit, kendin yap ta\u015f\u0131nma ve depolamadan \u0131smarlama tam hizmete kadar \u00e7ok \u00e7e\u015fitli hizmetler sunmaktad\u0131r. <\/p>\n<p><strong>Mayflower Transit ba\u011flant\u0131lar\u0131 ve akreditasyonlar\u0131:<\/strong><\/p>\n<ul>\n<li> Ulusal Kalite G\u00fcvencesi <a href=\"https:\/\/moverdb.com\/tr\/moving-to-the-united-states\/\" data-internallinksmanager029f6b8e52c=\"94\" title=\"Amerika Birle\u015fik Devletleri&#039;ne mi ta\u015f\u0131n\u0131yorsunuz? 2026 Ya\u015fam Maliyetleri ve Yer De\u011fi\u015ftirme \u0130pu\u00e7lar\u0131\">ABD<\/a> (NQA) ISO 9001:2008<\/li>\n<li> <a href=\"https:\/\/moverdb.com\/tr\/amsa\/\">Amerikan Ta\u015f\u0131nma ve Depolama Birli\u011fi<\/a> (<a href=\"https:\/\/moverdb.com\/tr\/amsa\/\" data-internallinksmanager029f6b8e52c=\"5\" title=\"Amerikan Ta\u015f\u0131nma ve Depolama Birli\u011fi (AMSA) A\u00e7\u0131klamas\u0131\">AMSA<\/a>) - <a href=\"https:\/\/moverdb.com\/tr\/rim-promover\/\">ProMover<\/a><\/li>\n<\/ul>\n<h2>Mayflower Transit Yorumlar\u0131<\/h2>\n<p><strong>Olumlu:<\/strong><\/p>\n<ul>\n<li> \"<em>Zaman\u0131nda geldiler, yeni adresimize zaman\u0131nda vard\u0131lar ve \u00f6dedi\u011fimiz nihai fiyat TAM OLARAK bize ba\u015ftan teklif ettikleri fiyatt\u0131! \"<\/em> - Paul I arac\u0131l\u0131\u011f\u0131yla <a href=\"http:\/\/www.mymovingreviews.com\/movers\/mayflower-movers-181#38117\" target=\"_blank\" rel=\"noopener\">MyMovingReviews.com<\/a> <\/li>\n<li> \"<em>Yataklar\u0131 kurarak, paketleme i\u00e7in s\u00f6k\u00fclmesi gereken mobilyalar\u0131 yeniden monte ederek bizim i\u00e7in m\u00fckemmel bir i\u015f \u00e7\u0131kard\u0131lar. E\u015fim de ben de ta\u015f\u0131nma \u015feklimizden \u00e7ok memnun kald\u0131k.\"<\/em> - Jon arac\u0131l\u0131\u011f\u0131yla <a href=\"https:\/\/www.consumeraffairs.com\/movers\/mayflower.html?page=3\" target=\"_blank\" rel=\"noopener\">T\u00fcketici \u0130\u015fleri<\/a> <\/li>\n<\/ul>\n<p><strong>Olumsuz:<\/strong><\/p>\n<ul>\n<li> \"<em>E\u011fer 0 y\u0131ld\u0131z verebilseydim, kesinlikle verirdim.\"<\/em> - Bill M. arac\u0131l\u0131\u011f\u0131yla <a href=\"http:\/\/www.mymovingreviews.com\/movers\/mayflower-movers-181#41675\" target=\"_blank\" rel=\"noopener\">MyMovingReviews.com<\/a><\/li>\n<li> \"<em>Ke\u015fke ta\u015f\u0131nmadan \u00f6nce yorumlar\u0131 okusayd\u0131k. Deneyim ba\u015ftan sona korkun\u00e7tu\" <\/em> - Alison arac\u0131l\u0131\u011f\u0131yla <a href=\"https:\/\/www.consumeraffairs.com\/movers\/mayflower.html?page=3\" target=\"_blank\" rel=\"noopener\">T\u00fcketici \u0130\u015fleri<\/a><\/li>\n<\/ul>\n<div itemprop=\"review\" itemscope itemtype=\"http:\/\/schema.org\/Review\">\n<span itemprop=\"author\" itemscope=\"\" itemtype=\"http:\/\/schema.org\/Organization\"><span itemprop=\"name\">MoverDB.com<\/span><\/span> \u00c7evrimi\u00e7i Web Sitesi \u0130ncelemesi i\u00e7in <span itemprop=\"itemreviewed\" itemscope=\"\" itemtype=\"http:\/\/schema.org\/Brand\"><span itemprop=\"name\">Mayflower Transit<\/span><\/span>:<\/p>\n<ol>\n<li> Web sitesinde a\u00e7\u0131k ileti\u015fim bilgileri (telefon numaras\u0131 dahil): <strong>Evet<\/strong><\/li>\n<li> Almas\u0131 kolay <a href=\"https:\/\/moverdb.com\/tr\/alintilar\/\">uluslararas\u0131 ta\u015f\u0131ma teklifleri<\/a>? (\u00c7evrimi\u00e7i tahmin talep formu): <strong>Evet<\/strong><\/li>\n<li> Web sitesinde net bilgiler: <strong>Evet.<\/strong> Web sitesi \u00e7ok say\u0131da bilgi i\u00e7eriyor ve fiyat teklifi istendi\u011finde daha fazlas\u0131 mevcut.<\/li>\n<li> Uluslararas\u0131 tan\u0131nm\u0131\u015f ta\u015f\u0131ma organizasyonlar\u0131na \u00fcyelik: <strong>Evet<\/strong>, yukar\u0131ya bak\u0131n.<\/li>\n<li> M\u00fc\u015fterilerin listesi ve\/veya \u00f6nceki m\u00fc\u015fteri referanslar\u0131: <strong>Evet<\/strong>Sitede bir\u00e7ok olumlu m\u00fc\u015fteri yorumu bulunmaktad\u0131r.<\/li>\n<\/ol>\n<div itemprop=\"reviewRating\" itemscope itemtype=\"http:\/\/schema.org\/Rating\"><meta itemprop=\"worstRating\" content = \"0\" \/><meta itemprop=\"bestRating\" content=\"5\" \/><meta itemprop=\"ratingValue\" content=\"4.5\"><\/div>\n<p><strong>Genel puan: 4,5\/5<\/strong><br \/>\n<strong>\u0130nceleme Tarihi:<\/strong> <span itemprop=\"datePublished\" content=\"2016-07-25\">25\/07\/2016<\/span>\n<\/div>\n<p>Hakk\u0131nda daha fazlas\u0131n\u0131 okuyun <a href=\"https:\/\/moverdb.com\/tr\/tasinma-si%cc%87rketleri%cc%87\/\">uluslararas\u0131 ta\u015f\u0131ma \u015firketleri<\/a>, <a href=\"https:\/\/moverdb.com\/tr\/us-canada-movers\/\">ABD yurti\u00e7i nakliyecileri<\/a> hakk\u0131nda daha fazla bilgi edinin <a href=\"https:\/\/moverdb.com\/tr\/yorumlar\/\">g\u00f6zden ge\u00e7irme s\u00fcreci<\/a>.<\/p>\n<p><strong>Web sitesi:<\/strong> <a href=\"http:\/\/www.mayflower.com\/\" target=\"_blank\" rel=\"noopener\">http:\/\/www.mayflower.com<\/a><\/p>","protected":false},"excerpt":{"rendered":"<p>Mayflower Transit offers its customers a range of domestic and international moving services, which are listed below. There also follows a company profile and reviews. International Movers Pre-assignment Services Visa and immigration services Preview trip and area orientation Country and culture information Moving Services Pre-move planning Transportation of belongings Managing the move Shipment tracking International [&hellip;]<\/p>\n","protected":false},"author":1,"featured_media":0,"parent":0,"menu_order":0,"comment_status":"closed","ping_status":"closed","template":"","meta":{"_genesis_hide_title":false,"_genesis_hide_breadcrumbs":false,"_genesis_hide_singular_image":false,"_genesis_hide_footer_widgets":false,"_genesis_custom_body_class":"","_genesis_custom_post_class":"","_genesis_layout":"","footnotes":""},"class_list":{"0":"post-1058","1":"page","2":"type-page","3":"status-publish","5":"entry"},"_links":{"self":[{"href":"https:\/\/moverdb.com\/tr\/wp-json\/wp\/v2\/pages\/1058","targetHints":{"allow":["GET"]}}],"collection":[{"href":"https:\/\/moverdb.com\/tr\/wp-json\/wp\/v2\/pages"}],"about":[{"href":"https:\/\/moverdb.com\/tr\/wp-json\/wp\/v2\/types\/page"}],"author":[{"embeddable":true,"href":"https:\/\/moverdb.com\/tr\/wp-json\/wp\/v2\/users\/1"}],"replies":[{"embeddable":true,"href":"https:\/\/moverdb.com\/tr\/wp-json\/wp\/v2\/comments?post=1058"}],"version-history":[{"count":7,"href":"https:\/\/moverdb.com\/tr\/wp-json\/wp\/v2\/pages\/1058\/revisions"}],"predecessor-version":[{"id":13174,"href":"https:\/\/moverdb.com\/tr\/wp-json\/wp\/v2\/pages\/1058\/revisions\/13174"}],"wp:attachment":[{"href":"https:\/\/moverdb.com\/tr\/wp-json\/wp\/v2\/media?parent=1058"}],"curies":[{"name":"wp","href":"https:\/\/api.w.org\/{rel}","templated":true}]}}