{"id":1057,"date":"2016-08-21T14:07:37","date_gmt":"2016-08-21T14:07:37","guid":{"rendered":"http:\/\/moverdb.com\/?page_id=1057"},"modified":"2026-01-08T15:20:46","modified_gmt":"2026-01-08T15:20:46","slug":"stevens-worldwide-van-lines","status":"publish","type":"page","link":"https:\/\/moverdb.com\/tr\/stevens-worldwide-van-lines\/","title":{"rendered":"Stevens Worldwide Van Lines: Uluslararas\u0131 Ta\u015f\u0131nma Yorumlar\u0131"},"content":{"rendered":"<p>Stevens Worldwide Van Lines'\u0131n merkezi Saginaw MI'da bulunmaktad\u0131r. \u015eirket, m\u00fc\u015fterilerine a\u015fa\u011f\u0131da listelenen geni\u015f bir hizmet yelpazesi sunmaktad\u0131r. Ayr\u0131ca bir \u015firket profili ve incelemeler de bulunmaktad\u0131r.<\/p>\n<p><strong>Uluslararas\u0131 Ta\u015f\u0131nma<\/strong><\/p>\n<ul>\n<li> Ki\u015fisel ev ta\u015f\u0131ma<\/li>\n<li> DOD uluslararas\u0131 ta\u015f\u0131nma<\/li>\n<li> GSA uluslararas\u0131 ta\u015f\u0131ma<\/li>\n<li> Kurumsal ta\u015f\u0131nma<\/li>\n<li> <a href=\"https:\/\/moverdb.com\/tr\/yuk-i%cc%87leti%cc%87ci%cc%87si%cc%87\/\">Y\u00fck Ta\u015f\u0131mac\u0131l\u0131\u011f\u0131<\/a><\/li>\n<li> Kap\u0131dan kap\u0131ya tam hizmet<\/li>\n<li> Stevens Her \u00fclke i\u00e7in uluslararas\u0131 ta\u015f\u0131nma uzmanlar\u0131.<\/li>\n<li> M\u00fc\u015fterinin ihtiya\u00e7lar\u0131n\u0131n belirlenmesine yard\u0131mc\u0131 olun<\/li>\n<li> Paketleme, ta\u015f\u0131ma, y\u00f6nlendirme gibi mevcut t\u00fcm uluslararas\u0131 ta\u015f\u0131nma ve yer de\u011fi\u015ftirme hizmetlerini a\u00e7\u0131klay\u0131n, <a href=\"https:\/\/moverdb.com\/tr\/konteyner-tasimaciligi\/\">nakliye<\/a>, depolama ve sigorta<\/li>\n<li> Stevens International'\u0131n g\u00f6revlerini ve m\u00fc\u015fterinin ta\u015f\u0131nma \u00f6ncesinde, s\u0131ras\u0131nda ve sonras\u0131ndaki sorumluluklar\u0131n\u0131 ana hatlar\u0131yla belirtin<\/li>\n<li> Sa\u011flay\u0131n <a href=\"https:\/\/moverdb.com\/tr\/alintilar\/\">do\u011fru tahmin<\/a><\/li>\n<li> Ta\u015f\u0131nman\u0131n t\u00fcm lojisti\u011fini planlay\u0131n<\/li>\n<li> Pazarl\u0131k <a href=\"https:\/\/moverdb.com\/tr\/tasinma-maliyetleri\/\">en iyi fiyatlar<\/a><\/li>\n<li> Kullan\u0131lan ta\u015f\u0131y\u0131c\u0131lar\u0131 ve arac\u0131lar\u0131 denetlemek ve ta\u015f\u0131nman\u0131n her a\u015famas\u0131n\u0131 izlemek<\/li>\n<li> T\u00fcm belgelerin do\u011fru ve zaman\u0131nda dolduruldu\u011fundan ve g\u00f6nderildi\u011finden emin olun<\/li>\n<li> Sevkiyat dan\u0131\u015fman\u0131n\u0131n veya deniza\u015f\u0131r\u0131 acentenin talimatlar\u0131na g\u00f6re sevkiyat\u0131n servisinden sorumlu olmaya devam edin<\/li>\n<li> Uygun malzeme, i\u015fg\u00fcc\u00fc ve ekipman\u0131n sevk edilmesi<\/li>\n<\/ul>\n<p><strong>Stevens Uluslararas\u0131 Ta\u015f\u0131nma Koordinat\u00f6rleri<\/strong><\/p>\n<ul>\n<li> Uluslararas\u0131 nakliye ve ta\u015f\u0131nma sekt\u00f6r\u00fcnde deneyimli<\/li>\n<li> \u00c7ok dilli yeteneklere sahip<\/li>\n<li> G\u00fcmr\u00fck y\u00f6netmeliklerine ve di\u011fer \u00f6nemli bilgilere a\u015finad\u0131r ve belgelerin ta\u015f\u0131nmas\u0131 ve i\u015flenmesine yard\u0131mc\u0131 olabilir<\/li>\n<li> Tek servis kontrol\u00fc sa\u011flay\u0131n<\/li>\n<li> Ta\u015f\u0131nma \u00f6ncesi ve devam eden dan\u0131\u015fmanl\u0131k sa\u011flay\u0131n<\/li>\n<li> Var\u0131\u015f \u00fclkesi ve g\u00fcmr\u00fck bilgileri konusunda yard\u0131mc\u0131 olabilir<\/li>\n<li> S\u00fcrekli ileti\u015fim ve hizmet takibi sa\u011flay\u0131n<\/li>\n<li> A\u00e7\u0131k\u00e7a tan\u0131mlanm\u0131\u015f haz\u0131rlama ve i\u015fleme prosed\u00fcrlerini takip edin<\/li>\n<li> Kapsaml\u0131, h\u0131zland\u0131r\u0131lm\u0131\u015f ve adil talep \u00e7\u00f6z\u00fcm uygulamalar\u0131n\u0131 kullanmak<\/li>\n<\/ul>\n<p><strong>Ev Ta\u015f\u0131ma<\/strong><\/p>\n<ul>\n<li> Yerel ta\u015f\u0131ma<\/li>\n<li> Eyalet d\u0131\u015f\u0131na ta\u015f\u0131nma<\/li>\n<li> Uzun mesafe ta\u015f\u0131ma<\/li>\n<li> Eyaletler aras\u0131 ta\u015f\u0131nma<\/li>\n<li> \u00dclke \u00e7ap\u0131nda ta\u015f\u0131nma<\/li>\n<li> K\u00fc\u00e7\u00fck ta\u015f\u0131nma program\u0131<\/li>\n<li> Paketleme ve ambalaj a\u00e7ma<\/li>\n<li> Kutu ve ambalaj malzemeleri tedarik edilir<\/li>\n<li> K\u0131sa ve uzun s\u00fcreli depolama mevcuttur<\/li>\n<\/ul>\n<p><strong>Kurumsal Ta\u015f\u0131nma<\/strong><\/p>\n<ul>\n<li> Tam hizmet mevcuttur<\/li>\n<li> \u00d6zel ta\u015f\u0131nma dan\u0131\u015fman\u0131<\/li>\n<li> Bilgisayar sistemlerinin ta\u015f\u0131nmas\u0131<\/li>\n<li> Proje y\u00f6netimi<\/li>\n<li> Ofis ve end\u00fcstriyel ta\u015f\u0131nmalar<\/li>\n<li> Varl\u0131k y\u00f6netimi\/ depolama<\/li>\n<li> Ulusal ta\u015f\u0131nma y\u00f6netimi<\/li>\n<li> MAC hizmetleri<\/li>\n<li> Kay\u0131t y\u00f6netimi<\/li>\n<li> Ekipman hareketleri<\/li>\n<li> Dosya yer de\u011fi\u015ftirme<\/li>\n<li> Laboratuvar hareketleri<\/li>\n<\/ul>\n<p><strong>Devlet ve Askeri Ta\u015f\u0131nma<\/strong><\/p>\n<p><strong>Din Adamlar\u0131n\u0131n Ta\u015f\u0131nmas\u0131<\/strong><\/p>\n<h2>Stevens Worldwide Van Lines \u015eirket Profili<\/h2>\n<p>Frederick H. Stevens Jr. 1905 y\u0131l\u0131nda Stevens Worldwide Van Lines'\u0131 kurdu. Bir at ve y\u00fck arabas\u0131 kullanarak bagajlar\u0131 <a href=\"https:\/\/moverdb.com\/tr\/moving-to-the-united-states\/moving-to-michigan\/\" data-internallinksmanager029f6b8e52c=\"414\" title=\"Michigan&#039;a Ta\u015f\u0131nmak m\u0131? 2026 Ya\u015fam Maliyetleri ve Yer De\u011fi\u015ftirme \u0130pu\u00e7lar\u0131\">Michigan<\/a> Saginaw'daki Merkez Yolcu Deposu. Bug\u00fcn Stevens'\u0131n d\u00fcnya \u00e7ap\u0131nda 125 acentesi bulunmaktad\u0131r. <a href=\"https:\/\/moverdb.com\/tr\/moving-to-the-united-states\/\" data-internallinksmanager029f6b8e52c=\"94\" title=\"Amerika Birle\u015fik Devletleri&#039;ne mi ta\u015f\u0131n\u0131yorsunuz? 2026 Ya\u015fam Maliyetleri ve Yer De\u011fi\u015ftirme \u0130pu\u00e7lar\u0131\">Birle\u015fik Devletler<\/a> ve kapsaml\u0131 bir uluslararas\u0131 b\u00f6l\u00fcm\u00fc bulunmaktad\u0131r. \u015eirket b\u00fcnyesinde d\u00f6rd\u00fcnc\u00fc ve be\u015finci ku\u015fak Stevens'lar y\u00f6netici pozisyonunda bulunmaktad\u0131r.<\/p>\n<p>Stevens Worldwide Van Lines, Amerika Birle\u015fik Devletleri i\u00e7inde ve d\u00fcnya \u00e7ap\u0131nda evleri, i\u015fletmeleri, h\u00fck\u00fcmet ve askeri personeli ve din adamlar\u0131n\u0131 ta\u015f\u0131r. \u015eirket, karbon ayak izini azaltmak i\u00e7in bir\u00e7ok ye\u015fil inisiyatif uygulam\u0131\u015ft\u0131r. Ayr\u0131ca hem uluslararas\u0131 hem de yerel olarak \u00e7e\u015fitli hay\u0131r kurumlar\u0131n\u0131 desteklemektedir.<\/p>\n<p>Stevens Worldwide Van Lines a\u015fa\u011f\u0131daki akreditasyonlara ve ba\u011flant\u0131lara sahiptir:<\/p>\n<ul>\n<li> ISO 9001<\/li>\n<li> <a href=\"https:\/\/moverdb.com\/tr\/fidi-faim\/\">FIDI<\/a><\/li>\n<li> <a href=\"https:\/\/moverdb.com\/tr\/fidi-faim\/\" data-internallinksmanager029f6b8e52c=\"16\" title=\"FIDI &amp; FAIM (FIDI Akredite Uluslararas\u0131 Ta\u015f\u0131mac\u0131) A\u00e7\u0131klamas\u0131\">FAIM<\/a><\/li>\n<li> <a href=\"https:\/\/moverdb.com\/tr\/iam\/\">Uluslararas\u0131 Ta\u015f\u0131mac\u0131lar Birli\u011fi<\/a> (<a href=\"https:\/\/moverdb.com\/tr\/iam\/\" data-internallinksmanager029f6b8e52c=\"23\" title=\"Uluslararas\u0131 Ta\u015f\u0131mac\u0131lar Birli\u011fi (IAM) A\u00e7\u0131klamas\u0131\">IAM<\/a>)<\/li>\n<li> <a href=\"https:\/\/moverdb.com\/tr\/lacma\/\">Latin Amerika ve Karayipler Uluslararas\u0131 Ta\u015f\u0131mac\u0131lar Birli\u011fi<\/a> (<a href=\"https:\/\/moverdb.com\/tr\/lacma\/\" data-internallinksmanager029f6b8e52c=\"28\" title=\"Latin Amerika ve Karayipler Uluslararas\u0131 Ta\u015f\u0131mac\u0131lar Birli\u011fi (LACMA)\">LACMA<\/a>)<\/li>\n<li> <a href=\"https:\/\/moverdb.com\/tr\/amsa\/\">Amerikan Ta\u015f\u0131nma ve Depolama Birli\u011fi<\/a> (<a href=\"https:\/\/moverdb.com\/tr\/amsa\/\" data-internallinksmanager029f6b8e52c=\"5\" title=\"Amerikan Ta\u015f\u0131nma ve Depolama Birli\u011fi (AMSA) A\u00e7\u0131klamas\u0131\">AMSA<\/a>) - <a href=\"https:\/\/moverdb.com\/tr\/rim-promover\/\">ProMover<\/a><\/li>\n<li> BBB A+<\/li>\n<\/ul>\n<h2>Stevens Worldwide Van Lines Yorumlar\u0131<\/h2>\n<p><strong>Olumlu:<\/strong><\/p>\n<ul>\n<li> <em>\"Ba\u015f\u0131ndan sonuna kadar Stevens ile ya\u015fad\u0131\u011f\u0131m\u0131z ta\u015f\u0131nma deneyimi ola\u011fan\u00fcst\u00fcyd\u00fc!\"<\/em> - Martin arac\u0131l\u0131\u011f\u0131yla <a href=\"http:\/\/stevensworldwide.com\/testimonials\" target=\"_blank\" rel=\"noopener\">Stevens m\u00fc\u015fteri referanslar\u0131<\/a><\/li>\n<li> \"<em>Stevens Worldwide ile ya\u015fad\u0131\u011f\u0131m\u0131z deneyim ba\u015f\u0131ndan sonuna kadar birinci s\u0131n\u0131ft\u0131.\" <\/em> - Michael arac\u0131l\u0131\u011f\u0131yla <a href=\"http:\/\/www.yelp.com\/biz\/stevens-worldwide-van-lines-saginaw-4?hrid=IQoARxOFSez8PQ9c5gUSmQ&#038;utm_campaign=www_review_share_popup&#038;utm_medium=copy_link&#038;utm_source=(direct)\" target=\"_blank\" rel=\"noopener\">Yelp<\/a><\/li>\n<li> \"<em>Deneyim beklentileri a\u015ft\u0131. \u00c7ok \u00f6nemli, sat\u0131\u015f teklifi ger\u00e7ek fiyatla ayn\u0131 \u00e7izgideydi. \u0130kinci olarak, paketleme i\u015finden bunalm\u0131\u015ft\u0131k. Nakliyeci bir g\u00fcn \u00f6ncesinden ihtiya\u00e7lar\u0131m\u0131z\u0131 s\u00f6ylememizi istedi ve her \u015feyin yap\u0131lmas\u0131 i\u00e7in gereken insan g\u00fcc\u00fcn\u00fc sa\u011flad\u0131lar. \"<\/em> - Bill Counts arac\u0131l\u0131\u011f\u0131yla <a href=\"http:\/\/www.mymovingreviews.com\/movers\/stevens-van-lines-825#49902\" target=\"_blank\" rel=\"noopener\">MyMovingReviews.com<\/a><\/li>\n<li> \"<em>\u00c7ok g\u00fcler y\u00fczl\u00fc personel.\"<\/em> - Bir Google Kullan\u0131c\u0131s\u0131 arac\u0131l\u0131\u011f\u0131yla <a href=\"http:\/\/reviews.birdeye.com\/stevens-worldwide-van-lines-951509696\" target=\"_blank\" rel=\"noopener\">BirdEye<\/a> <\/li>\n<\/ul>\n<p><strong>Olumsuz:<\/strong><\/p>\n<ul>\n<li> <em>\"Bir y\u0131ld\u0131z bile onlar i\u00e7in \u00e7ok fazla.\"<\/em> - Michael M arac\u0131l\u0131\u011f\u0131yla <a href=\"http:\/\/www.yelp.com\/biz\/stevens-worldwide-van-lines-saginaw-4?hrid=7erY_4bReACOHR_0idQdUQ&#038;utm_campaign=www_review_share_popup&#038;utm_medium=copy_link&#038;utm_source=(direct)\" target=\"_blank\" rel=\"noopener\">Yelp<\/a><\/li>\n<li> <em>\"Amat\u00f6r \u015fof\u00f6r\u00fcn 3 i\u015fe yaramaz yard\u0131mc\u0131yla birlikte bodrumlu 2 yatak odal\u0131 bir evi y\u00fcklemesi 14 saat s\u00fcrd\u00fc.\"<\/em> - Steve arac\u0131l\u0131\u011f\u0131yla <a href=\"http:\/\/www.mymovingreviews.com\/movers\/stevens-van-lines-825#55538\" target=\"_blank\" rel=\"noopener\">MyMovingReviews.com<\/a> <\/li>\n<li> \"<em>Bundan daha tats\u0131z bir deneyim ya\u015fayamazd\u0131k.\"<\/em> - Brian Gibson arac\u0131l\u0131\u011f\u0131yla <a href=\"http:\/\/reviews.birdeye.com\/stevens-worldwide-van-lines-951509696\" target=\"_blank\" rel=\"noopener\">BirdEye<\/a> <\/li>\n<\/ul>\n<div itemprop=\"review\" itemscope itemtype=\"http:\/\/schema.org\/Review\">\n<span itemprop=\"author\" itemscope=\"\" itemtype=\"http:\/\/schema.org\/Organization\"><span itemprop=\"name\">MoverDB.com<\/span><\/span> \u00c7evrimi\u00e7i Web Sitesi \u0130ncelemesi i\u00e7in <span itemprop=\"itemreviewed\" itemscope=\"\" itemtype=\"http:\/\/schema.org\/Brand\"><span itemprop=\"name\">Stevens Worldwide Van Lines<\/span><\/span>:<\/p>\n<ol>\n<li> Web sitesinde a\u00e7\u0131k ileti\u015fim bilgileri (telefon numaras\u0131 dahil): <strong>Evet<\/strong><\/li>\n<li> Almas\u0131 kolay <a href=\"https:\/\/moverdb.com\/tr\/alintilar\/\">uluslararas\u0131 ta\u015f\u0131ma teklifleri<\/a>? (\u00c7evrimi\u00e7i tahmin talep formu): <strong>Evet<\/strong><\/li>\n<li> Web sitesinde net bilgiler: <strong>Evet,<\/strong> Ta\u015f\u0131nmadan \u00f6nce ne yapman\u0131z gerekti\u011fine dair iyi miktarda bilgi.<\/li>\n<li> Uluslararas\u0131 tan\u0131nm\u0131\u015f ta\u015f\u0131ma organizasyonlar\u0131na \u00fcyelik: <strong>Evet<\/strong>, bir\u00e7o\u011fu yukar\u0131ya bak\u0131n\u0131z<\/li>\n<li> M\u00fc\u015fterilerin listesi ve\/veya \u00f6nceki m\u00fc\u015fteri referanslar\u0131. <strong>Evet,<\/strong> Sitede bir\u00e7ok olumlu m\u00fc\u015fteri yorumu ve referanslar\u0131 bulunmaktad\u0131r.<\/li>\n<\/ol>\n<div itemprop=\"reviewRating\" itemscope itemtype=\"http:\/\/schema.org\/Rating\"><meta itemprop=\"worstRating\" content = \"0\" \/><meta itemprop=\"bestRating\" content=\"5\" \/><meta itemprop=\"ratingValue\" content=\"4.5\"><\/div>\n<p><strong>Genel puan: 4,5\/5<\/strong><br \/>\n<strong>\u0130nceleme Tarihi:<\/strong> <span itemprop=\"datePublished\" content=\"2016-08-21\">21\/08\/2016<\/span>\n<\/div>\n<p>Hakk\u0131nda daha fazlas\u0131n\u0131 okuyun <a href=\"https:\/\/moverdb.com\/tr\/tasinma-si%cc%87rketleri%cc%87\/\">uluslararas\u0131 ta\u015f\u0131ma \u015firketleri<\/a>, <a href=\"https:\/\/moverdb.com\/tr\/us-canada-movers\/\">ABD ta\u015f\u0131ma \u015firketleri<\/a> ve bizim <a href=\"https:\/\/moverdb.com\/tr\/yorumlar\/\">i\u0307nceleme s\u00fcreci\u0307 a\u00e7iklandi<\/a>.<\/p>\n<p><strong>Web sitesi:<\/strong> <a href=\"http:\/\/stevensworldwide.com\/\" target=\"_blank\" rel=\"noopener\">http:\/\/stevensworldwide.com<\/a><\/p>","protected":false},"excerpt":{"rendered":"<p>Stevens Worldwide Van Lines is based in Saginaw MI. The company offers its customers a wide range of services which are listed below. There also follows a company profile and reviews. International Moving Personal household moving DOD international moving GSA international moving Corporate moving Freight forwarding Full door to door service Stevens International relocation specialists [&hellip;]<\/p>\n","protected":false},"author":1,"featured_media":0,"parent":0,"menu_order":0,"comment_status":"closed","ping_status":"closed","template":"","meta":{"_genesis_hide_title":false,"_genesis_hide_breadcrumbs":false,"_genesis_hide_singular_image":false,"_genesis_hide_footer_widgets":false,"_genesis_custom_body_class":"","_genesis_custom_post_class":"","_genesis_layout":"","footnotes":""},"class_list":{"0":"post-1057","1":"page","2":"type-page","3":"status-publish","5":"entry"},"_links":{"self":[{"href":"https:\/\/moverdb.com\/tr\/wp-json\/wp\/v2\/pages\/1057","targetHints":{"allow":["GET"]}}],"collection":[{"href":"https:\/\/moverdb.com\/tr\/wp-json\/wp\/v2\/pages"}],"about":[{"href":"https:\/\/moverdb.com\/tr\/wp-json\/wp\/v2\/types\/page"}],"author":[{"embeddable":true,"href":"https:\/\/moverdb.com\/tr\/wp-json\/wp\/v2\/users\/1"}],"replies":[{"embeddable":true,"href":"https:\/\/moverdb.com\/tr\/wp-json\/wp\/v2\/comments?post=1057"}],"version-history":[{"count":7,"href":"https:\/\/moverdb.com\/tr\/wp-json\/wp\/v2\/pages\/1057\/revisions"}],"predecessor-version":[{"id":6241,"href":"https:\/\/moverdb.com\/tr\/wp-json\/wp\/v2\/pages\/1057\/revisions\/6241"}],"wp:attachment":[{"href":"https:\/\/moverdb.com\/tr\/wp-json\/wp\/v2\/media?parent=1057"}],"curies":[{"name":"wp","href":"https:\/\/api.w.org\/{rel}","templated":true}]}}