{"id":1041,"date":"2016-10-25T05:39:31","date_gmt":"2016-10-25T05:39:31","guid":{"rendered":"http:\/\/moverdb.com\/?page_id=1041"},"modified":"2026-01-08T14:47:33","modified_gmt":"2026-01-08T14:47:33","slug":"armstrong-relocation","status":"publish","type":"page","link":"https:\/\/moverdb.com\/tr\/armstrong-relocation\/","title":{"rendered":"Armstrong Relocation: Uluslararas\u0131 Ta\u015f\u0131nma Yorumlar\u0131"},"content":{"rendered":"<p>Armstrong Relocation, m\u00fc\u015fterilerine sundu\u011fu \u00e7ok say\u0131da ta\u015f\u0131nma hizmetine sahiptir. Bunlar a\u015fa\u011f\u0131da bir \u015firket profili ve incelemelerle birlikte listelenmi\u015ftir.<\/p>\n<p><strong>Uluslararas\u0131 Ta\u015f\u0131nma Hizmetleri<\/strong><\/p>\n<ul>\n<li> Ta\u015f\u0131nma \u00f6ncesi planlama<\/li>\n<li> Ki\u015fisel ta\u015f\u0131nma y\u00f6netimi ve \u00f6zel tasarlanm\u0131\u015f ta\u015f\u0131nma planlamas\u0131<\/li>\n<li> \u00dccretsiz ta\u015f\u0131nma haz\u0131rl\u0131k paketi<\/li>\n<li> Tam veya k\u0131smi paketleme\/ambalaj a\u00e7ma<\/li>\n<li> Sand\u0131klama ve \u00f6zel paketleme<\/li>\n<li> M\u00fclkiyet korumas\u0131<\/li>\n<li> Hava, okyanus ve\/veya kara ta\u015f\u0131mac\u0131l\u0131\u011f\u0131<\/li>\n<li> \u0130hracat veya ithalat belgeleri<\/li>\n<li> <a href=\"https:\/\/moverdb.com\/tr\/yuk-i%cc%87leti%cc%87ci%cc%87si%cc%87\/\">Y\u00fck Ta\u015f\u0131mac\u0131l\u0131\u011f\u0131<\/a><\/li>\n<li> G\u00fcmr\u00fck i\u015flemleri<\/li>\n<li> Destinasyon hizmetleri<\/li>\n<li> \u00c7evrimi\u00e7i ta\u015f\u0131nma takibi<\/li>\n<li> De\u011ferleme kapsam\u0131<\/li>\n<li> Hasar y\u00f6netimi<\/li>\n<li> K\u0131sa ve uzun s\u00fcreli depolama<\/li>\n<li> Enkaz kald\u0131rma<\/li>\n<\/ul>\n<p><strong>Uluslararas\u0131 Destinasyon Hizmetleri<\/strong><\/p>\n<ul>\n<li> Oryantasyon<\/li>\n<li> Karar \u00f6ncesi dan\u0131\u015fma<\/li>\n<li> Sosyal g\u00fcvenlik ve ehliyet yard\u0131m\u0131<\/li>\n<li> Kira imzalama yard\u0131m\u0131<\/li>\n<li> Ta\u015f\u0131nmaya y\u00f6nelik denetim yard\u0131m\u0131<\/li>\n<li> \u00d6n izleme program\u0131\/tan\u0131ma turu<\/li>\n<li> Ev sat\u0131n alma yard\u0131m\u0131<\/li>\n<li> Tam hizmet ev bulma<\/li>\n<li> E\u015flikli kiral\u0131k tur<\/li>\n<li> Ya\u015fam maliyeti analizi (COLA)<\/li>\n<li> Okul yard\u0131m\u0131<\/li>\n<li> Yerle\u015fme yard\u0131m\u0131<\/li>\n<li> Kalk\u0131\u015f hizmetleri<\/li>\n<\/ul>\n<p><strong>Kurumsal Ta\u015f\u0131nma<\/strong><\/p>\n<ul>\n<li> Politika dan\u0131\u015fmanl\u0131\u011f\u0131 ve geli\u015ftirme<\/li>\n<li> Ev e\u015fyas\u0131 ta\u015f\u0131ma y\u00f6netimi<\/li>\n<li> Grup ta\u015f\u0131ma<\/li>\n<li> G\u00f6t\u00fcr\u00fc bedel<\/li>\n<li> Ev e\u015fyalar\u0131n\u0131n ta\u015f\u0131nmas\u0131<\/li>\n<li> <a href=\"https:\/\/moverdb.com\/tr\/konteyner-tasimaciligi\/\">Tam hizmet konteyner ta\u015f\u0131mac\u0131l\u0131\u011f\u0131<\/a><\/li>\n<li> \u00d6zelle\u015ftirilmi\u015f raporlama<\/li>\n<li> \u00c7evrimi\u00e7i ta\u015f\u0131nma takibi<\/li>\n<li> De\u011ferleme kapsam\u0131<\/li>\n<li> Hasar y\u00f6netimi<\/li>\n<li> K\u0131sa ve uzun s\u00fcreli depolama<\/li>\n<li> Sand\u0131klama ve \u00f6zel paketleme<\/li>\n<li> \u00dcst d\u00fczey konsiyerj hizmetleri<\/li>\n<li> Da\u011f\u0131n\u0131kl\u0131\u011f\u0131 giderme, sahneleme ve d\u00fczenleme<\/li>\n<li> Kamu hizmeti ba\u011flant\u0131 hizmetleri<\/li>\n<li> Emlak\u00e7\u0131 se\u00e7imi ve ev pazarlama plan\u0131<\/li>\n<li> Ev sat\u0131\u015f\u0131 ve ev al\u0131m\u0131nda nakit geri \u00f6demesi<\/li>\n<li> \u00dccretsiz hedef bilgi paketi<\/li>\n<li> Ge\u00e7ici ya\u015fam<\/li>\n<li> \u0130potek yard\u0131m\u0131<\/li>\n<\/ul>\n<p><strong>Konut Ta\u015f\u0131malar\u0131<\/strong><\/p>\n<ul>\n<li> \u00dccretsiz fiyat teklifi<\/li>\n<li> Ta\u015f\u0131nma y\u00f6netimi ve planlamas\u0131<\/li>\n<li> \u00d6zel ta\u015f\u0131nma koordinat\u00f6r\u00fc<\/li>\n<li> Tam veya k\u0131smi paketleme\/ambalaj a\u00e7ma<\/li>\n<li> M\u00fclkiyet korumas\u0131<\/li>\n<li> Ambalaj malzemeleri<\/li>\n<li> Ev e\u015fyalar\u0131n\u0131n ta\u015f\u0131nmas\u0131<\/li>\n<li> Sigorta kapsam\u0131<\/li>\n<li> K\u0131sa\/uzun s\u00fcreli depolama<\/li>\n<li> Sand\u0131klama hizmetleri<\/li>\n<li> Tam hizmet ta\u015f\u0131ma se\u00e7ene\u011fi<\/li>\n<li> Kamu hizmetleri ba\u011flant\u0131 hizmeti<\/li>\n<li> Nakit geri \u00f6demeli gayrimenkul ev sat\u0131\u015f\/sat\u0131n alma planlar\u0131<\/li>\n<li> Evreleme ve organizasyon<\/li>\n<\/ul>\n<p><strong>Tesis Ta\u015f\u0131malar\u0131<\/strong><\/p>\n<ul>\n<li> Ofis<\/li>\n<li> End\u00fcstriyel<\/li>\n<li> Sa\u011fl\u0131k Hizmetleri<\/li>\n<li> H\u00fck\u00fcmet<\/li>\n<\/ul>\n<h2>Armstrong Relocation \u015eirket Profili<\/h2>\n<p>Armstrong Transfer and Storage 1922 y\u0131l\u0131nda kuruldu ve 1957 y\u0131l\u0131nda Memphis'te faaliyet g\u00f6stermeye ba\u015flayan kay\u0131nbiraderler Clyde Springer ve Jim Watson taraf\u0131ndan sat\u0131n al\u0131nd\u0131, <a href=\"https:\/\/moverdb.com\/tr\/moving-to-the-united-states\/moving-to-tennessee\/\" data-internallinksmanager029f6b8e52c=\"406\" title=\"Tennessee&#039;ye Ta\u015f\u0131nmak m\u0131? 2026 Ya\u015fam Maliyetleri ve Yer De\u011fi\u015ftirme \u0130pu\u00e7lar\u0131\">Tennessee<\/a> ve \u015firkete Armstrong Relocation ad\u0131n\u0131 verdiler. Bug\u00fcn hala bu iki beyefendinin \u00fc\u00e7\u00fcnc\u00fc ku\u015fa\u011f\u0131 taraf\u0131ndan aile \u015firketi olarak y\u00f6netilmektedir. <\/p>\n<p>Armstrong Relocation bug\u00fcn T\u00fcrkiye'nin en b\u00fcy\u00fck mal acentesidir. <a href=\"https:\/\/moverdb.com\/tr\/united-van-lines\/\">United Van Lines<\/a> ve T\u00fcrkiye'de 22 ofisi bulunmaktad\u0131r. <a href=\"https:\/\/moverdb.com\/tr\/moving-to-the-united-states\/\" data-internallinksmanager029f6b8e52c=\"94\" title=\"Amerika Birle\u015fik Devletleri&#039;ne mi ta\u015f\u0131n\u0131yorsunuz? 2026 Ya\u015fam Maliyetleri ve Yer De\u011fi\u015ftirme \u0130pu\u00e7lar\u0131\">ABD<\/a>Ayr\u0131ca uluslararas\u0131 m\u00fc\u015fterilerini idare etmek i\u00e7in d\u00fcnya \u00e7ap\u0131nda bir acenteler zinciri. Armstrong Relocation'\u0131n misyon beyan\u0131, kalitede m\u00fckemmellik sunmay\u0131 ve m\u00fc\u015fteri memnuniyetini sa\u011flamay\u0131 i\u00e7erir.<\/p>\n<p>Armstrong Relocation a\u015fa\u011f\u0131daki ba\u011flant\u0131lara ve akreditasyonlara sahiptir:<\/p>\n<ul>\n<li> <a href=\"https:\/\/moverdb.com\/tr\/british-association-of-removers\/\">\u0130ngiliz S\u00f6k\u00fcmc\u00fcler Birli\u011fi<\/a> (<a href=\"https:\/\/moverdb.com\/tr\/british-association-of-removers\/\" data-internallinksmanager029f6b8e52c=\"9\" title=\"\u0130ngiliz S\u00f6k\u00fcmc\u00fcler Birli\u011fi (BAR) A\u00e7\u0131klamas\u0131\">BAR<\/a>)<\/li>\n<li> <a href=\"https:\/\/moverdb.com\/tr\/fidi-faim\/\">Uluslararas\u0131 Ta\u015f\u0131mac\u0131l\u0131k \u015eirketleri Federasyonu<\/a> (<a href=\"https:\/\/moverdb.com\/tr\/fidi-faim\/\" data-internallinksmanager029f6b8e52c=\"16\" title=\"FIDI &amp; FAIM (FIDI Akredite Uluslararas\u0131 Ta\u015f\u0131mac\u0131) A\u00e7\u0131klamas\u0131\">FIDI<\/a>)<\/li>\n<li> Gurbet\u00e7i Y\u00f6netimi Forumu<\/li>\n<li> Dolayl\u0131 Hava Ta\u015f\u0131y\u0131c\u0131<\/li>\n<li> <a href=\"https:\/\/moverdb.com\/tr\/iata\/\">Uluslararas\u0131 Hava Ta\u015f\u0131mac\u0131l\u0131\u011f\u0131 Birli\u011fi<\/a> (<a href=\"https:\/\/moverdb.com\/tr\/iata\/\" data-internallinksmanager029f6b8e52c=\"22\" title=\"Uluslararas\u0131 Hava Ta\u015f\u0131mac\u0131l\u0131\u011f\u0131 Birli\u011fi (IATA) A\u00e7\u0131klamas\u0131\">IATA<\/a>)<\/li>\n<li> <a href=\"https:\/\/moverdb.com\/tr\/iam\/\">Uluslararas\u0131 Ta\u015f\u0131mac\u0131lar Birli\u011fi<\/a> (<a href=\"https:\/\/moverdb.com\/tr\/iam\/\" data-internallinksmanager029f6b8e52c=\"23\" title=\"Uluslararas\u0131 Ta\u015f\u0131mac\u0131lar Birli\u011fi (IAM) A\u00e7\u0131klamas\u0131\">IAM<\/a>)<\/li>\n<li> Uluslararas\u0131 Tesis Y\u00f6netimi Derne\u011fi<\/li>\n<li> Uluslararas\u0131 Standardizasyon \u00d6rg\u00fct\u00fc<\/li>\n<li> <a href=\"https:\/\/moverdb.com\/tr\/lacma\/\">Latin Amerika ve Karayipler Uluslararas\u0131 Ta\u015f\u0131mac\u0131lar Birli\u011fi<\/a> (<a href=\"https:\/\/moverdb.com\/tr\/lacma\/\" data-internallinksmanager029f6b8e52c=\"28\" title=\"Latin Amerika ve Karayipler Uluslararas\u0131 Ta\u015f\u0131mac\u0131lar Birli\u011fi (LACMA)\">LACMA<\/a>)<\/li>\n<li> Overseas Moving Network International (OMNI)<\/li>\n<li> Deniza\u015f\u0131r\u0131 Nakliyeciler Derne\u011fi (OSA) - Kurucu \u00fcye<\/li>\n<li> \u0130nsan Kaynaklar\u0131 Y\u00f6netimi Derne\u011fi<\/li>\n<li> ABD G\u00fcmr\u00fck ve S\u0131n\u0131r Koruma<\/li>\n<li> <a href=\"https:\/\/moverdb.com\/tr\/calisan-yer-degistirme-konseyi\/\">D\u00fcnya \u00c7ap\u0131nda \u00c7al\u0131\u015fan Yer De\u011fi\u015ftirme Konseyi<\/a><\/li>\n<li> Smartway<\/li>\n<li> <a href=\"https:\/\/moverdb.com\/tr\/united-van-lines\/\">United Van Lines<\/a><\/li>\n<\/ul>\n<h2>Armstrong Relocation Yorumlar\u0131<\/h2>\n<p><strong>Olumlu:<\/strong><\/p>\n<ul>\n<li> <em>\"Armstrong ekibi ta\u015f\u0131nmay\u0131 ger\u00e7ekten keyifli bir deneyim haline getirdi!\"<\/em> Kay T arac\u0131l\u0131\u011f\u0131yla <a href=\"https:\/\/www.yelp.com\/biz\/armstrong-relocation-carrollton-4?hrid=LJyHKGw95UdYmBHHZwyr5Q&#038;utm_campaign=www_review_share_popup&#038;utm_medium=copy_link&#038;utm_source=(direct)\" target=\"_blank\" rel=\"noopener\">Yelp<\/a><\/li>\n<li> <em>\"Ta\u015f\u0131nma s\u00fcrecimin bu kadar kolay ge\u00e7ti\u011fine inanam\u0131yorum. \u00c7ok kolayd\u0131 ve hi\u00e7 stres ya\u015famad\u0131m. Erin her zaman ihtiyac\u0131m olan t\u00fcm bilgilere sahip oldu\u011fumdan emin oldu ve s\u0131k s\u0131k kontrol etmek i\u00e7in arad\u0131. E\u011fer tekrar ta\u015f\u0131nma durumunda kal\u0131rsam, beni oraya g\u00f6t\u00fcrmesi i\u00e7in kesinlikle Armstrong Relation'\u0131 kullanaca\u011f\u0131m!\"<\/em> - Bfunte arac\u0131l\u0131\u011f\u0131yla <a href=\"http:\/\/www.mymovingreviews.com\/movers\/armstrong-relocation-2671#50688\" target=\"_blank\" rel=\"noopener\">MyMovingReviews.com<\/a> <\/li>\n<li> <em>\"Armstrong ekibimiz ola\u011fan\u00fcst\u00fcyd\u00fc! Ola\u011fan\u00fcst\u00fc bir m\u00fc\u015fteri hizmeti sundular ve g\u00fcler y\u00fczl\u00fc, yard\u0131msever, iyi organize olmu\u015f, verimli ve profesyonellerdi. \u015eimdiye kadar sahip oldu\u011fumuz en iyi ta\u015f\u0131nma ekibiydi!\"<\/em> - Armstrong Web Sitesinden M.M m\u00fc\u015fteri referans\u0131<\/li>\n<\/ul>\n<p><strong>Olumsuz:<\/strong><\/p>\n<ul>\n<li> \"<em>Ke\u015fke onlara s\u0131f\u0131r y\u0131ld\u0131z verebilseydim. Hayat\u0131m\u0131n en k\u00f6t\u00fc deneyimiydi.\"<\/em> Natalie M arac\u0131l\u0131\u011f\u0131yla <a href=\"https:\/\/www.yelp.com\/biz\/armstrong-relocation-carrollton-4?hrid=caooXxcr-ZmkltnMtL6R_g&#038;utm_campaign=www_review_share_popup&#038;utm_medium=copy_link&#038;utm_source=(direct)\" target=\"_blank\" rel=\"noopener\">Yelp<\/a><\/li>\n<li> <em>\"Bence yerel bir ta\u015f\u0131nma i\u00e7in Armstrong makul bir se\u00e7im olabilir. Ancak daha uzun s\u00fcreli ta\u015f\u0131nmalarda teslimat s\u00fcresini tahmin etme ve teslimat taraf\u0131ndaki acenteyle ileti\u015fim kurma konusunda daha iyi bir i\u015f \u00e7\u0131karmalar\u0131 gerekiyor.\"<\/em> - \u00fczerinden <a href=\"http:\/\/www.bbb.org\/chicago\/business-reviews\/movers\/armstrong-relocation-co-in-glendale-hts-il-12008868\/customer-reviews\" target=\"_blank\" rel=\"noopener\">BBB<\/a><\/li>\n<li> <em>\"Onlara \u00e7ok k\u0131zg\u0131n\u0131m. Tavan aras\u0131ndaki t\u00fcm e\u015fyalar\u0131m\u0131 a\u00e7m\u0131\u015flar. Sorun de\u011fil \u00e7\u00fcnk\u00fc k\u0131r\u0131lmalar\u0131n\u0131 istemiyorum. Ama her \u015fey birbirine kar\u0131\u015fm\u0131\u015ft\u0131.\"<\/em> - Mistie arac\u0131l\u0131\u011f\u0131yla <a href=\"https:\/\/www.facebook.com\/ArmstrongRelocationDallas\/reviews\/\" target=\"_blank\" rel=\"noopener\">Facebook<\/a><\/li>\n<\/ul>\n<div itemprop=\"review\" itemscope itemtype=\"http:\/\/schema.org\/Review\">\n<span itemprop=\"author\" itemscope=\"\" itemtype=\"http:\/\/schema.org\/Organization\"><span itemprop=\"name\">MoverDB.com<\/span><\/span> \u00c7evrimi\u00e7i Web Sitesi \u0130ncelemesi i\u00e7in <span itemprop=\"itemreviewed\" itemscope=\"\" itemtype=\"http:\/\/schema.org\/Brand\"><span itemprop=\"name\">Armstrong Ta\u015f\u0131nma<\/span><\/span>:<\/p>\n<ol>\n<li> Web sitesinde a\u00e7\u0131k ileti\u015fim bilgileri (telefon numaras\u0131 dahil): <strong>Evet<\/strong><\/li>\n<li> Almas\u0131 kolay <a href=\"https:\/\/moverdb.com\/tr\/alintilar\/\">uluslararas\u0131 ta\u015f\u0131ma teklifleri<\/a>? (\u00c7evrimi\u00e7i tahmin talep formu): <strong>Evet<\/strong><\/li>\n<li> Web sitesinde net bilgiler: <strong>Evet<\/strong>Web sitesi, m\u00fc\u015fterilere \u015firketten ne beklemeleri gerekti\u011fi konusunda iyi bir fikir veriyor.<\/li>\n<li> Uluslararas\u0131 tan\u0131nm\u0131\u015f ta\u015f\u0131ma organizasyonlar\u0131na \u00fcyelik: <strong>Evet<\/strong>, bir\u00e7ok, yukar\u0131ya bak\u0131n<\/li>\n<li> M\u00fc\u015fterilerin listesi ve\/veya \u00f6nceki m\u00fc\u015fteri referanslar\u0131: <strong>Evet<\/strong>Ancak bunlar, \u00f6zel bir a\u00e7\u0131l\u0131\u015f sayfas\u0131nda de\u011fil, web sitesinin etraf\u0131nda da\u011f\u0131n\u0131k olarak bulunur. Dahas\u0131, web'in d\u00f6rt bir yan\u0131ndan gelen incelemeleri biraz kar\u0131\u015f\u0131k.<\/li>\n<\/ol>\n<div itemprop=\"reviewRating\" itemscope itemtype=\"http:\/\/schema.org\/Rating\"><meta itemprop=\"worstRating\" content = \"0\" \/><meta itemprop=\"bestRating\" content=\"5\" \/><meta itemprop=\"ratingValue\" content=\"4\"><\/div>\n<p><strong>Genel puan: 4\/5<\/strong><br \/>\n<strong>\u0130nceleme Tarihi:<\/strong> <span itemprop=\"datePublished\" content=\"2016-10-25\">25\/10\/2016<\/span>\n<\/div>\n<p>Hakk\u0131nda daha fazlas\u0131n\u0131 okuyun <a href=\"https:\/\/moverdb.com\/tr\/tasinma-si%cc%87rketleri%cc%87\/\">uluslararas\u0131 ta\u015f\u0131ma \u015firketleri<\/a>, <a href=\"https:\/\/moverdb.com\/tr\/us-canada-movers\/\">Uzun mesafe ve eyaletler aras\u0131 nakliyeciler<\/a> ve bizim <a href=\"https:\/\/moverdb.com\/tr\/yorumlar\/\">g\u00f6zden ge\u00e7irme s\u00fcreci<\/a>.<\/p>\n<p><strong>Web sitesi:<\/strong> <a href=\"http:\/\/www.armstrongrelocation.com\" target=\"_blank\" rel=\"noopener\">http:\/\/www.armstrongrelocation.com<\/a><\/p>","protected":false},"excerpt":{"rendered":"<p>Armstrong Relocation has an abundance of moving services which it offers its customers. These are listed below together with a company profile and reviews. International Moving Services Pre-move planning Personal move management and custom-designed move planning Free move preparation packet Full or partial packing\/unpacking Crating and specialty packing Property protection Air, ocean and\/or land transportation [&hellip;]<\/p>\n","protected":false},"author":1,"featured_media":0,"parent":0,"menu_order":0,"comment_status":"closed","ping_status":"closed","template":"","meta":{"_genesis_hide_title":false,"_genesis_hide_breadcrumbs":false,"_genesis_hide_singular_image":false,"_genesis_hide_footer_widgets":false,"_genesis_custom_body_class":"","_genesis_custom_post_class":"","_genesis_layout":"","footnotes":""},"class_list":{"0":"post-1041","1":"page","2":"type-page","3":"status-publish","5":"entry"},"_links":{"self":[{"href":"https:\/\/moverdb.com\/tr\/wp-json\/wp\/v2\/pages\/1041","targetHints":{"allow":["GET"]}}],"collection":[{"href":"https:\/\/moverdb.com\/tr\/wp-json\/wp\/v2\/pages"}],"about":[{"href":"https:\/\/moverdb.com\/tr\/wp-json\/wp\/v2\/types\/page"}],"author":[{"embeddable":true,"href":"https:\/\/moverdb.com\/tr\/wp-json\/wp\/v2\/users\/1"}],"replies":[{"embeddable":true,"href":"https:\/\/moverdb.com\/tr\/wp-json\/wp\/v2\/comments?post=1041"}],"version-history":[{"count":3,"href":"https:\/\/moverdb.com\/tr\/wp-json\/wp\/v2\/pages\/1041\/revisions"}],"predecessor-version":[{"id":6174,"href":"https:\/\/moverdb.com\/tr\/wp-json\/wp\/v2\/pages\/1041\/revisions\/6174"}],"wp:attachment":[{"href":"https:\/\/moverdb.com\/tr\/wp-json\/wp\/v2\/media?parent=1041"}],"curies":[{"name":"wp","href":"https:\/\/api.w.org\/{rel}","templated":true}]}}