{"id":1040,"date":"2016-11-21T22:14:01","date_gmt":"2016-11-21T22:14:01","guid":{"rendered":"http:\/\/moverdb.com\/?page_id=1040"},"modified":"2026-01-08T14:40:11","modified_gmt":"2026-01-08T14:40:11","slug":"mccollisters-tasinma","status":"publish","type":"page","link":"https:\/\/moverdb.com\/tr\/mccollisters-moving\/","title":{"rendered":"McCollister's Ta\u015f\u0131mac\u0131l\u0131k Grubu: Uluslararas\u0131 Ta\u015f\u0131mac\u0131l\u0131k Yorumlar\u0131"},"content":{"rendered":"<p>McCollister's Nakliye Grubu, UniGroup'un bir temsilcisidir. \u015eirket, m\u00fc\u015fterilerine a\u015fa\u011f\u0131da \u015firket profili ve de\u011ferlendirmeleri ile birlikte listelenen bir\u00e7ok ta\u015f\u0131ma hizmeti sunmaktad\u0131r.<\/p>\n<p><strong>Uluslararas\u0131 Ta\u015f\u0131malar<\/strong><\/p>\n<ul>\n<li> \u00d6zel lojistik koordinat\u00f6r\u00fc<\/li>\n<li> Kap\u0131dan kap\u0131ya hizmet<\/li>\n<li> Tam hizmet<\/li>\n<li> Haval\u0131 minib\u00fcs hizmeti<\/li>\n<li> Hava ve deniz ta\u015f\u0131mac\u0131l\u0131\u011f\u0131<\/li>\n<li> K\u0131sa ve uzun s\u00fcreli depolama<\/li>\n<\/ul>\n<p><strong>Ticari Ta\u015f\u0131malar<\/strong><\/p>\n<ul>\n<li> Ofis\/tesis ta\u015f\u0131nmas\u0131<\/li>\n<li> Veri Merkezi ta\u015f\u0131nmas\u0131 ve BT hizmetleri<\/li>\n<li> \u0130\u00e7 mekan operasyonlar\u0131<\/li>\n<li> Sistem mobilyalar\u0131<\/li>\n<li> Ticari depolama<\/li>\n<li> K\u0131sa ve uzun s\u00fcreli depolama<\/li>\n<\/ul>\n<p><strong>Ev Ta\u015f\u0131malar\u0131<\/strong><\/p>\n<ul>\n<li> Konut Ta\u015f\u0131malar\u0131<\/li>\n<li> Askeri hamleler<\/li>\n<li> Kendin Yap Hareketleri<\/li>\n<li> \u00d6\u011frenciler i\u00e7in UPASS<\/li>\n<li> Kurumsal ta\u015f\u0131nmalar<\/li>\n<li> Tam hizmet<\/li>\n<li> Kap\u0131dan kap\u0131ya<\/li>\n<li> K\u0131sa ve uzun s\u00fcreli depolama<\/li>\n<\/ul>\n<p><strong>\u00d6zel Ta\u015f\u0131mac\u0131l\u0131k<\/strong><\/p>\n<ul>\n<li> T\u0131bbi ekipman ta\u015f\u0131nmas\u0131<\/li>\n<li> Dondurulmu\u015f\/kriyojenik ta\u015f\u0131ma<\/li>\n<li> Sanat ve antikalar<\/li>\n<li> Ticaret fuarlar\u0131<\/li>\n<li> G\u00fcne\u015f enerjisi end\u00fcstrisi<\/li>\n<li> Beyaz eldiven\/dolgulu minib\u00fcs<\/li>\n<li> \u0130klim kontroll\u00fc<\/li>\n<li> Askeri ta\u015f\u0131mac\u0131l\u0131k<\/li>\n<li> Oto ta\u015f\u0131ma<\/li>\n<li> E\u011flence<\/li>\n<\/ul>\n<h2>McCollister's Transportation Group \u015eirket Profili<\/h2>\n<p>McCollister's Ta\u015f\u0131mac\u0131l\u0131k Grubu 1945 y\u0131l\u0131nda H. Daniel McCollister taraf\u0131ndan kurulmu\u015ftur. McCollister's \u00f6zel bir \u015firkettir ve a\u015fa\u011f\u0131dakileri i\u00e7eren UniGroup Inc. i\u00e7in bir acentedir <a href=\"https:\/\/moverdb.com\/tr\/united-van-lines\/\">United Van Lines<\/a> ve <a href=\"https:\/\/moverdb.com\/tr\/mayflower-transit\/\">Mayflower Transit<\/a>. <\/p>\n<p>Merkezi Burlington'da, <a href=\"https:\/\/moverdb.com\/tr\/moving-to-the-united-states\/moving-to-new-jersey\/\" data-internallinksmanager029f6b8e52c=\"417\" title=\"New Jersey&#039;e mi ta\u015f\u0131n\u0131yorsunuz? 2026 Ya\u015fam Maliyetleri &amp; Yer De\u011fi\u015ftirme \u0130pu\u00e7lar\u0131\">New Jersey<\/a>\u015eirket, 1.000'in \u00fczerinde tam zamanl\u0131 \u00e7al\u0131\u015fana sahiptir ve 1.000'in \u00fczerinde ara\u00e7 ve ta\u015f\u0131ma ekipman\u0131 i\u015fletmektedir.<\/p>\n<p>McCollister's \u00fc\u00e7 ana b\u00f6l\u00fcme sahiptir: \u00e7al\u0131\u015fanlar\u0131n yeniden yerle\u015ftirilmesi, ticari hizmetler ve y\u00fcksek de\u011ferli \u00fcr\u00fcn lojisti\u011fi. \u015eirket, ba\u015far\u0131s\u0131n\u0131n a\u015fa\u011f\u0131dakilerden kaynakland\u0131\u011f\u0131n\u0131 belirtmektedir <em>\"esnek \u00e7\u00f6z\u00fcmler, kaliteli hizmet, g\u00fcvenlik, verimlilik ve h\u0131z.\"<\/em> <\/p>\n<p>McCollister's Transportation Group a\u015fa\u011f\u0131daki akreditasyonlara ve ba\u011flant\u0131lara sahiptir:<\/p>\n<ul>\n<li> <a href=\"https:\/\/moverdb.com\/tr\/iam\/\">Uluslararas\u0131 Ta\u015f\u0131mac\u0131lar Birli\u011fi<\/a> (<a href=\"https:\/\/moverdb.com\/tr\/iam\/\" data-internallinksmanager029f6b8e52c=\"23\" title=\"Uluslararas\u0131 Ta\u015f\u0131mac\u0131lar Birli\u011fi (IAM) A\u00e7\u0131klamas\u0131\">IAM<\/a>)<\/li>\n<li> <a href=\"https:\/\/moverdb.com\/tr\/amsa\/\">AMSA<\/a><\/li>\n<li> C-TPAT Sertifikal\u0131 Ta\u015f\u0131y\u0131c\u0131<\/li>\n<li> <a href=\"https:\/\/moverdb.com\/tr\/rim-promover\/\">Sertifikal\u0131 ProMover<\/a><\/li>\n<li> <a href=\"https:\/\/moverdb.com\/tr\/calisan-yer-degistirme-konseyi\/\">\u00c7al\u0131\u015fan Yer De\u011fi\u015ftirme Konseyi<\/a><\/li>\n<li> <a href=\"https:\/\/moverdb.com\/tr\/moving-to-the-united-states\/\" data-internallinksmanager029f6b8e52c=\"94\" title=\"Amerika Birle\u015fik Devletleri&#039;ne mi ta\u015f\u0131n\u0131yorsunuz? 2026 Ya\u015fam Maliyetleri ve Yer De\u011fi\u015ftirme \u0130pu\u00e7lar\u0131\">ABD<\/a> \u00c7evre Koruma Ajans\u0131 - SmartWay<\/li>\n<li> New Jersey Depocular ve Ta\u015f\u0131mac\u0131lar Derne\u011fi<\/li>\n<li> Better Business Bureau (BBB)<\/li>\n<\/ul>\n<h2>McCollister's Transportation Group Yorumlar\u0131<\/h2>\n<p><strong>Olumlu:<\/strong><\/p>\n<ul>\n<li> <em>\"Genel olarak deneyimden \u00e7ok memnun kald\u0131m, k\u00fc\u00e7\u00fck aksakl\u0131klar olsa bile, sorunlar\u0131n \u00e7\u00f6z\u00fclme \u015fekli ger\u00e7ekten profesyonel bir \u015firket olduklar\u0131n\u0131 g\u00f6steriyor.\"<\/em> - Sherif arac\u0131l\u0131\u011f\u0131yla <a href=\"https:\/\/www.yelp.com\/biz\/mccollisters-transportation-group-burlington?hrid=DrSyWKiICkF8QIFDonWtLQ&#038;utm_campaign=www_review_share_popup&#038;utm_medium=copy_link&#038;utm_source=(direct)\" target=\"_blank\" rel=\"noopener\">Yelp<\/a>.<\/li>\n<li> <em>\"\u0130lk telefon g\u00f6r\u00fc\u015fmesinden kamyondan inen son kutuya kadar harika bir deneyim. Kesinlikle tavsiye ederim!\"<\/em> - Sharon arac\u0131l\u0131\u011f\u0131yla <a href=\"https:\/\/www.facebook.com\/pg\/McCollisters\/reviews\/\" target=\"_blank\" rel=\"noopener\">Facebook<\/a><\/li>\n<\/ul>\n<p><strong>Olumsuz:<\/strong><\/p>\n<ul>\n<li> <em>\"Bu inceleme 5 Y\u0131ld\u0131z olurdu, ancak ekiplerinden birinin benden ve ailemden \u00e7ald\u0131\u011f\u0131 ger\u00e7e\u011fi i\u00e7in.\"<\/em> - Mike arac\u0131l\u0131\u011f\u0131yla <a href=\"https:\/\/www.bbb.org\/new-jersey\/business-reviews\/movers\/mccollister-s-transportation-in-burlington-nj-80001208\/reviews-and-complaints\" target=\"_blank\" rel=\"noopener\">BBB<\/a><\/li>\n<li> <em>\"Genelde bu sitede payla\u015f\u0131m yapmam ama bu \u015firketle KORKUN\u00c7 bir deneyim ya\u015fad\u0131m.\"<\/em> - BK arac\u0131l\u0131\u011f\u0131yla <a href=\"http:\/\/www.mymovingreviews.com\/movers\/mccollister-s-5188#48089\" target=\"_blank\" rel=\"noopener\">MyMovingReviews<\/a><\/li>\n<\/ul>\n<div itemprop=\"review\" itemscope itemtype=\"http:\/\/schema.org\/Review\">\n<span itemprop=\"author\" itemscope=\"\" itemtype=\"http:\/\/schema.org\/Organization\"><span itemprop=\"name\">MoverDB.com<\/span><\/span> \u00c7evrimi\u00e7i Web Sitesi \u0130ncelemesi i\u00e7in <span itemprop=\"itemreviewed\" itemscope=\"\" itemtype=\"http:\/\/schema.org\/Brand\"><span itemprop=\"name\">McCollister's Ta\u015f\u0131mac\u0131l\u0131k Grubu<\/span><\/span>:<\/p>\n<ol>\n<li> Web sitesinde a\u00e7\u0131k ileti\u015fim bilgileri (telefon numaras\u0131 dahil): <strong>Evet<\/strong><\/li>\n<li> Almas\u0131 kolay <a href=\"https:\/\/moverdb.com\/tr\/alintilar\/\">uluslararas\u0131 ta\u015f\u0131ma teklifleri<\/a>? (\u00c7evrimi\u00e7i tahmin talep formu): <strong>Evet<\/strong><\/li>\n<li> Web sitesinde net bilgiler: <strong>Baz\u0131lar\u0131<\/strong> Web sitesi \u00e7ok fazla ayr\u0131nt\u0131l\u0131 bilgi i\u00e7ermiyor.<\/li>\n<li> Uluslararas\u0131 tan\u0131nm\u0131\u015f ta\u015f\u0131ma organizasyonlar\u0131na \u00fcyelik: <strong>Evet<\/strong>, yukar\u0131ya bak\u0131n.<\/li>\n<li> M\u00fc\u015fterilerin listesi ve\/veya \u00f6nceki m\u00fc\u015fteri referanslar\u0131: <strong>Hay\u0131r<\/strong>Ancak baz\u0131 incelemelerin yer ald\u0131\u011f\u0131 bir Facebook sayfalar\u0131 var. Web'in geri kalan\u0131ndan gelen yorumlar biraz kar\u0131\u015f\u0131k, ancak olumsuzdan daha olumlu.<\/li>\n<\/ol>\n<div itemprop=\"reviewRating\" itemscope itemtype=\"http:\/\/schema.org\/Rating\"><meta itemprop=\"worstRating\" content = \"0\" \/><meta itemprop=\"bestRating\" content=\"5\" \/><meta itemprop=\"ratingValue\" content=\"3.5\"><\/div>\n<p><strong>Genel puan: 3,5\/5<\/strong><br \/>\n<strong>\u0130nceleme Tarihi:<\/strong> <span itemprop=\"datePublished\" content=\"2016-11-21\">21\/11\/2016<\/span>\n<\/div>\n<p>Hakk\u0131nda daha fazlas\u0131n\u0131 okuyun <a href=\"https:\/\/moverdb.com\/tr\/tasinma-si%cc%87rketleri%cc%87\/\">en i\u0307yi\u0307 uluslararasi ta\u015fima \u015fi\u0307rketleri\u0307<\/a>, <a href=\"https:\/\/moverdb.com\/tr\/us-canada-movers\/\">ABD'li nakliyeciler<\/a> ve bizim <a href=\"https:\/\/moverdb.com\/tr\/yorumlar\/\">g\u00f6zden ge\u00e7irme s\u00fcreci<\/a>.<\/p>\n<p><strong>Web sitesi:<\/strong> <a href=\"https:\/\/www.mccollisters.com\/\" target=\"_blank\" rel=\"noopener\">https:\/\/www.mccollisters.com\/<\/a><\/p>","protected":false},"excerpt":{"rendered":"<p>McCollister&#8217;s Transportation Group is an agent of the UniGroup. The company offers its clients many moving services which are listed below, together with a company profile and reviews. International Moves Dedicated logistics coordinator Door-to-door service Full service Air ride van service Air and sea freight Short and long term storage Commercial Moves Office\/facility relocation Data [&hellip;]<\/p>\n","protected":false},"author":1,"featured_media":0,"parent":0,"menu_order":0,"comment_status":"closed","ping_status":"closed","template":"","meta":{"_genesis_hide_title":false,"_genesis_hide_breadcrumbs":false,"_genesis_hide_singular_image":false,"_genesis_hide_footer_widgets":false,"_genesis_custom_body_class":"","_genesis_custom_post_class":"","_genesis_layout":"","footnotes":""},"class_list":{"0":"post-1040","1":"page","2":"type-page","3":"status-publish","5":"entry"},"_links":{"self":[{"href":"https:\/\/moverdb.com\/tr\/wp-json\/wp\/v2\/pages\/1040","targetHints":{"allow":["GET"]}}],"collection":[{"href":"https:\/\/moverdb.com\/tr\/wp-json\/wp\/v2\/pages"}],"about":[{"href":"https:\/\/moverdb.com\/tr\/wp-json\/wp\/v2\/types\/page"}],"author":[{"embeddable":true,"href":"https:\/\/moverdb.com\/tr\/wp-json\/wp\/v2\/users\/1"}],"replies":[{"embeddable":true,"href":"https:\/\/moverdb.com\/tr\/wp-json\/wp\/v2\/comments?post=1040"}],"version-history":[{"count":7,"href":"https:\/\/moverdb.com\/tr\/wp-json\/wp\/v2\/pages\/1040\/revisions"}],"predecessor-version":[{"id":13175,"href":"https:\/\/moverdb.com\/tr\/wp-json\/wp\/v2\/pages\/1040\/revisions\/13175"}],"wp:attachment":[{"href":"https:\/\/moverdb.com\/tr\/wp-json\/wp\/v2\/media?parent=1040"}],"curies":[{"name":"wp","href":"https:\/\/api.w.org\/{rel}","templated":true}]}}