{"id":1039,"date":"2016-10-26T05:36:32","date_gmt":"2016-10-26T05:36:32","guid":{"rendered":"http:\/\/moverdb.com\/?page_id=1039"},"modified":"2026-01-08T15:30:40","modified_gmt":"2026-01-08T15:30:40","slug":"williams-tasima-depolama","status":"publish","type":"page","link":"https:\/\/moverdb.com\/tr\/williams-moving-storage\/","title":{"rendered":"Williams Ta\u015f\u0131nma &amp; Depolama: Uluslararas\u0131 Ta\u015f\u0131nma Yorumlar\u0131"},"content":{"rendered":"<p>Williams Moving &amp; Storage Ltd Lethbridge'de bulunmaktad\u0131r, <a href=\"https:\/\/moverdb.com\/tr\/moving-to-canada\/\" data-internallinksmanager029f6b8e52c=\"265\" title=\"Kanada&#039;ya Ta\u015f\u0131nmak m\u0131? 2026 Ya\u015fam Maliyetleri ve Yer De\u011fi\u015ftirme \u0130pu\u00e7lar\u0131\">Kanada<\/a>. \u015eirket, m\u00fc\u015fterilerine a\u015fa\u011f\u0131da \u015firket profili ve incelemeleriyle birlikte listelenen bir dizi ta\u015f\u0131ma hizmeti sunmaktad\u0131r.<\/p>\n<p><strong>Uluslararas\u0131 Ta\u015f\u0131malar<\/strong><\/p>\n<ul>\n<li> Demiryolu, gemi veya hava yoluyla ta\u015f\u0131ma<\/li>\n<li> Atanm\u0131\u015f ta\u015f\u0131nma y\u00f6neticisi<\/li>\n<li> D\u00fcnya \u00e7ap\u0131nda kap\u0131dan kap\u0131ya hizmet<\/li>\n<li> Paketleme - tam hizmet, k\u0131r\u0131labilir e\u015fyalar veya kendi kendine paketleme<\/li>\n<li> Paketleme malzemeleri<\/li>\n<li> G\u00fcmr\u00fck i\u015flemleri<\/li>\n<li> Ambalajdan \u00e7\u0131karma - tam hizmet, k\u0131r\u0131labilir e\u015fyalar veya kendi kendine ambalajdan \u00e7\u0131karma<\/li>\n<li> Uzun ve k\u0131sa s\u00fcreli depolama<\/li>\n<\/ul>\n<p><strong>Kurumsal ve Ticari Ta\u015f\u0131nmalar<\/strong><\/p>\n<ul>\n<li> Kap\u0131dan kap\u0131ya<\/li>\n<li> Atanm\u0131\u015f ta\u015f\u0131nma y\u00f6neticisi<\/li>\n<li> Hassas malzemeler i\u00e7in belirlenmi\u015f ekip<\/li>\n<li> Atanm\u0131\u015f kurulum ekibi<\/li>\n<\/ul>\n<p><strong>Konut Ta\u015f\u0131malar\u0131<\/strong><\/p>\n<ul>\n<li> Tam hizmet mevcuttur<\/li>\n<li> Atanm\u0131\u015f ta\u015f\u0131nma y\u00f6neticisi<\/li>\n<li> Tedarik edilen ambalaj malzemeleri<\/li>\n<li> Paketleme - tam hizmet, k\u0131r\u0131labilir e\u015fyalar veya kendin yap<\/li>\n<li> Ambalajdan \u00e7\u0131karma - tam hizmet, k\u0131r\u0131labilir e\u015fyalar veya kendin yap<\/li>\n<\/ul>\n<p><strong>Kendin Yap Hareketleri<\/strong><\/p>\n<ul>\n<li> Kamyon ve paketleme malzemeleri tedarik edildi<\/li>\n<li> Paketleme ve y\u00fckleme i\u00e7in 8 saat<\/li>\n<li> Depoya ta\u015f\u0131nd\u0131<\/li>\n<li> Var\u0131\u015f noktas\u0131nda - Bo\u015faltmak i\u00e7in 8 saat<\/li>\n<\/ul>\n<h2>Williams Moving &amp; Storage \u015eirket Profili<\/h2>\n<p><em><strong>L\u00fctfen dikkat<\/strong> Williams Moving &amp; Storage'\u0131n <a href=\"http:\/\/globalnews.ca\/news\/1787201\/after-86-years-williams-moving-and-storage-files-for-bankruptcy\/\" target=\"_blank\" rel=\"noopener\">2015'te iflas ba\u015fvurusunda bulundu<\/a>. Ancak, Williams Moving &amp; Storage (Cranbrook) Ltd. halen faaliyettedir ve a\u015fa\u011f\u0131da profili verilmi\u015ftir.<\/em><\/p>\n<p>Williams Ta\u015f\u0131mac\u0131l\u0131k ve Depolama 1929 y\u0131l\u0131nda kurulmu\u015ftur. Bireyleri ve \u015firketleri hem yerel hem de uluslararas\u0131 olarak ta\u015f\u0131r. \u015eirket kurumsal ve ticari, konut ve i\u015fyeri ta\u015f\u0131mac\u0131l\u0131\u011f\u0131nda uzmanla\u015fm\u0131\u015ft\u0131r. <a href=\"https:\/\/moverdb.com\/tr\/konteyner-tasimaciligi\/\">uluslararasi ta\u015finmalar<\/a>. <\/p>\n<p>Yenilik\u00e7i hizmetlerinden biri de dar b\u00fct\u00e7eli m\u00fc\u015fteriler i\u00e7in ideal olan kendin yap ta\u015f\u0131nma hizmetidir. <\/p>\n<p>Williams Moving &amp; Storage, e\u015fyalar\u0131n\u0131z\u0131 kolayl\u0131kla, h\u0131zla ve zarar vermeden ta\u015f\u0131yacaklar\u0131n\u0131 garanti ettikleri son derece uzmanla\u015fm\u0131\u015f ta\u015f\u0131ma ekipmanlar\u0131na sahiptir.<\/p>\n<p>Williams Moving &amp; Storage a\u015fa\u011f\u0131daki akreditasyonlara ve ba\u011flant\u0131lara sahiptir:<\/p>\n<ul>\n<li> <a href=\"https:\/\/moverdb.com\/tr\/fidi-faim\/\">Uluslararas\u0131 Ta\u015f\u0131mac\u0131lar Federasyonu<\/a> (<a href=\"https:\/\/moverdb.com\/tr\/fidi-faim\/\" data-internallinksmanager029f6b8e52c=\"16\" title=\"FIDI &amp; FAIM (FIDI Akredite Uluslararas\u0131 Ta\u015f\u0131mac\u0131) A\u00e7\u0131klamas\u0131\">FIDI<\/a>)<\/li>\n<li> <a href=\"https:\/\/moverdb.com\/tr\/fidi-faim\/\">FIDI Akredite Uluslararas\u0131 Ta\u015f\u0131mac\u0131lar<\/a> (FAIM)<\/li>\n<li> <a href=\"https:\/\/moverdb.com\/tr\/iam\/\">Uluslararas\u0131 Ta\u015f\u0131mac\u0131lar Birli\u011fi<\/a> (<a href=\"https:\/\/moverdb.com\/tr\/iam\/\" data-internallinksmanager029f6b8e52c=\"23\" title=\"Uluslararas\u0131 Ta\u015f\u0131mac\u0131lar Birli\u011fi (IAM) A\u00e7\u0131klamas\u0131\">IAM<\/a>)<\/li>\n<li> Overseas Moving Network International (OMNI)<\/li>\n<li> A\u011f\u0131rlama End\u00fcstrisi A\u011f\u0131 (NEWH)<\/li>\n<li> Ticari Ta\u015f\u0131nma A\u011f\u0131 (CRN)<\/li>\n<li> <a href=\"https:\/\/moverdb.com\/tr\/united-van-lines\/\">United Van Lines<\/a> (Kanada)<\/li>\n<\/ul>\n<h2>Williams Moving &amp; Storage Yorumlar\u0131<\/h2>\n<p><strong>Olumlu:<\/strong><\/p>\n<ul>\n<li> \"<em>Bu, ba\u015f\u0131ndan sonuna kadar u\u011fra\u015fmak i\u00e7in harika bir \u015firketti. Teklif veren ki\u015fi \u00e7ok profesyoneldi ve t\u00fcm sorular\u0131m\u0131 yan\u0131tlama konusunda \u00e7ok sab\u0131rl\u0131yd\u0131. Ta\u015f\u0131nma g\u00fcn\u00fcnde i\u015fler \u00e7ok sorunsuz gitti. Ta\u015f\u0131nma ekibi verimli ve e\u015fyalar\u0131ma \u00e7ok dikkatliydi.\"<\/em> - Shairoz arac\u0131l\u0131\u011f\u0131yla <a href=\"https:\/\/homestars.com\/companies\/229930-williams-moving-and-storage\/reviews\/61856\" target=\"_blank\" rel=\"noopener\">HomeStars<\/a> <\/li>\n<\/ul>\n<p><strong>Olumsuz:<\/strong><\/p>\n<ul>\n<li> <em>\"Williams Ta\u015f\u0131nma ve Depolama kendilerinden utanmal\u0131. Sizin huzurunuzu umursamayan ve \u00e7al\u0131\u015fmak istemeyen s\u0131radan i\u015f\u00e7ilerle geliyorlar.\"<\/em> - Julie B. arac\u0131l\u0131\u011f\u0131yla <a href=\"http:\/\/www.bbb.org\/calgary\/business-reviews\/movers\/williams-moving-and-storage-lethbridge-in-lethbridge-ab-36707\/customer-reviews\" target=\"_blank\" rel=\"noopener\">BBB<\/a><\/li>\n<\/ul>\n<div itemprop=\"review\" itemscope itemtype=\"http:\/\/schema.org\/Review\">\n<span itemprop=\"author\" itemscope=\"\" itemtype=\"http:\/\/schema.org\/Organization\"><span itemprop=\"name\">MoverDB.com<\/span><\/span> \u00c7evrimi\u00e7i Web Sitesi \u0130ncelemesi i\u00e7in <span itemprop=\"itemreviewed\" itemscope=\"\" itemtype=\"http:\/\/schema.org\/Brand\"><span itemprop=\"name\">Williams Ta\u015f\u0131nma &amp; Depolama<\/span><\/span>:<\/p>\n<ol>\n<li> Web sitesinde a\u00e7\u0131k ileti\u015fim bilgileri (telefon numaras\u0131 dahil): <strong>Evet<\/strong><\/li>\n<li> Almas\u0131 kolay <a href=\"https:\/\/moverdb.com\/tr\/alintilar\/\">uluslararas\u0131 ta\u015f\u0131ma teklifleri<\/a>? (\u00c7evrimi\u00e7i tahmin talep formu): <strong>Evet<\/strong><\/li>\n<li> Web sitesinde net bilgiler: <strong>Hay\u0131r<\/strong>, Web sitesi size \u015firket veya sunulan hizmetler hakk\u0131nda \u00e7ok az \u015fey s\u00f6yl\u00fcyor.<\/li>\n<li> Uluslararas\u0131 tan\u0131nm\u0131\u015f ta\u015f\u0131ma organizasyonlar\u0131na \u00fcyelik: <strong>Evet<\/strong>, bir\u00e7ok, yukar\u0131ya bak\u0131n<\/li>\n<li> M\u00fc\u015fterilerin listesi ve\/veya \u00f6nceki m\u00fc\u015fteri referanslar\u0131: <strong>Hay\u0131r,<\/strong> ve internetteki yorumlar olduk\u00e7a kar\u0131\u015f\u0131k.<\/li>\n<\/ol>\n<div itemprop=\"reviewRating\" itemscope itemtype=\"http:\/\/schema.org\/Rating\"><meta itemprop=\"worstRating\" content = \"0\" \/><meta itemprop=\"bestRating\" content=\"5\" \/><meta itemprop=\"ratingValue\" content=\"3\"><\/div>\n<p><strong>Genel puan: 3\/5<\/strong><br \/>\n<strong>\u0130nceleme Tarihi:<\/strong> <span itemprop=\"datePublished\" content=\"2016-10-26\">21\/08\/2016<\/span>\n<\/div>\n<p>Hakk\u0131nda daha fazlas\u0131n\u0131 okuyun <a href=\"https:\/\/moverdb.com\/tr\/tasinma-si%cc%87rketleri%cc%87\/\">En iyi ta\u015f\u0131ma \u015firketleri<\/a>, <a href=\"https:\/\/moverdb.com\/tr\/us-canada-movers\/\">Kanadal\u0131 ta\u015f\u0131ma \u015firketleri<\/a> ve bizim <a href=\"https:\/\/moverdb.com\/tr\/yorumlar\/\">g\u00f6zden ge\u00e7irme s\u00fcreci<\/a>.<\/p>\n<p><strong>Web sitesi:<\/strong> <a href=\"http:\/\/williamsmovingltd.com\/\" target=\"_blank\" rel=\"noopener\">http:\/\/williamsmovingltd.com\/<\/a><\/p>","protected":false},"excerpt":{"rendered":"<p>Williams Moving &#038; Storage Ltd is located in Lethbridge, Canada. The company offers its customers a range of moving services which are listed below, together with a company profile and reviews. International Moves Move by rail, ship or air Assigned move manager Door-to-door service worldwide Packing &#8211; full service, fragile items or self-pack Packing supplies [&hellip;]<\/p>\n","protected":false},"author":1,"featured_media":0,"parent":0,"menu_order":0,"comment_status":"closed","ping_status":"closed","template":"","meta":{"_genesis_hide_title":false,"_genesis_hide_breadcrumbs":false,"_genesis_hide_singular_image":false,"_genesis_hide_footer_widgets":false,"_genesis_custom_body_class":"","_genesis_custom_post_class":"","_genesis_layout":"","footnotes":""},"class_list":{"0":"post-1039","1":"page","2":"type-page","3":"status-publish","5":"entry"},"_links":{"self":[{"href":"https:\/\/moverdb.com\/tr\/wp-json\/wp\/v2\/pages\/1039","targetHints":{"allow":["GET"]}}],"collection":[{"href":"https:\/\/moverdb.com\/tr\/wp-json\/wp\/v2\/pages"}],"about":[{"href":"https:\/\/moverdb.com\/tr\/wp-json\/wp\/v2\/types\/page"}],"author":[{"embeddable":true,"href":"https:\/\/moverdb.com\/tr\/wp-json\/wp\/v2\/users\/1"}],"replies":[{"embeddable":true,"href":"https:\/\/moverdb.com\/tr\/wp-json\/wp\/v2\/comments?post=1039"}],"version-history":[{"count":4,"href":"https:\/\/moverdb.com\/tr\/wp-json\/wp\/v2\/pages\/1039\/revisions"}],"predecessor-version":[{"id":6252,"href":"https:\/\/moverdb.com\/tr\/wp-json\/wp\/v2\/pages\/1039\/revisions\/6252"}],"wp:attachment":[{"href":"https:\/\/moverdb.com\/tr\/wp-json\/wp\/v2\/media?parent=1039"}],"curies":[{"name":"wp","href":"https:\/\/api.w.org\/{rel}","templated":true}]}}