{"id":1038,"date":"2016-11-05T17:02:13","date_gmt":"2016-11-05T17:02:13","guid":{"rendered":"http:\/\/moverdb.com\/?page_id=1038"},"modified":"2026-01-08T15:20:27","modified_gmt":"2026-01-08T15:20:27","slug":"national-van-lines","status":"publish","type":"page","link":"https:\/\/moverdb.com\/tr\/national-van-lines\/","title":{"rendered":"National Van Lines: Uluslararas\u0131 Ta\u015f\u0131nma Yorumlar\u0131"},"content":{"rendered":"<p>National Van Lines m\u00fc\u015fterilerine geni\u015f bir yelpazede ta\u015f\u0131nma hizmetleri sunmaktad\u0131r. Bunlar a\u015fa\u011f\u0131da bir \u015firket profili ve incelemelerle birlikte listelenmi\u015ftir.<\/p>\n<p><strong>Uluslararas\u0131 Ta\u015f\u0131malar<\/strong><\/p>\n<ul>\n<li> Bireysel ve kurumsal<\/li>\n<li> \u00d6zel ta\u015f\u0131nma koordinat\u00f6r\u00fc<\/li>\n<li> Ta\u015f\u0131nma s\u00fcrecinin t\u00fcm y\u00f6nleri hakk\u0131nda dan\u0131\u015fmanl\u0131k<\/li>\n<li> Dok\u00fcmantasyon gerekliliklerine ili\u015fkin rehberlik<\/li>\n<li> <a href=\"https:\/\/moverdb.com\/tr\/alintilar\/\">Kap\u0131dan kap\u0131ya maliyet tahminleri<\/a> i\u00e7in <a href=\"https:\/\/moverdb.com\/tr\/konteyner-tasimaciligi\/\">okyanus veya hava yoluyla nakliye<\/a><\/li>\n<li> G\u00f6nderinin g\u00fcvenli bir \u015fekilde ula\u015ft\u0131\u011f\u0131ndan emin olmak i\u00e7in takip<\/li>\n<li> Ta\u015f\u0131nman\u0131n her ad\u0131m\u0131n\u0131n koordinasyonu<\/li>\n<li> Olas\u0131 bir hak talebi durumunda yard\u0131m<\/li>\n<\/ul>\n<p><strong>Uzmanl\u0131k Hareketleri<\/strong><\/p>\n<ul>\n<li> Ma\u011faza demirba\u015flar\u0131<\/li>\n<li> Elektronik<\/li>\n<li> Ticaret fuarlar\u0131<\/li>\n<li> Oyun ekipmanlar\u0131<\/li>\n<li> Slot makineleri<\/li>\n<li> Oto ta\u015f\u0131ma<\/li>\n<li> Piyano ta\u015f\u0131ma<\/li>\n<li> Hareketli sanat<\/li>\n<li> B\u00fcy\u00fckbaba saati ve antika nakliyecileri<\/li>\n<li> Bilardo masas\u0131 ta\u015f\u0131y\u0131c\u0131lar\u0131<\/li>\n<\/ul>\n<p><strong>Kurumsal Ta\u015f\u0131nma<\/strong><\/p>\n<ul>\n<li> Uluslararas\u0131 ve yerel<\/li>\n<li> Bir \u00e7al\u0131\u015fan veya t\u00fcm ofis<\/li>\n<li> Bilgisayar ve elektronik e\u015fya ta\u015f\u0131y\u0131c\u0131lar\u0131<\/li>\n<li> Laboratuvar ve t\u0131bbi ekipman ta\u015f\u0131y\u0131c\u0131lar\u0131<\/li>\n<\/ul>\n<p><strong>Ev Ta\u015f\u0131malar\u0131<\/strong><\/p>\n<ul>\n<li> Yerel hamleler<\/li>\n<li> Uzun mesafeli ta\u015f\u0131nmalar<\/li>\n<li> Kros<\/li>\n<li> Eyaletleraras\u0131<\/li>\n<li> Eyalet \u0130\u00e7i<\/li>\n<li> Ulusal<\/li>\n<li> Kap\u0131dan kap\u0131ya<\/li>\n<li> Sunulan tam hizmet<\/li>\n<\/ul>\n<p><strong>Depolama<\/strong><\/p>\n<ul>\n<li> Uzun ve k\u0131sa vadeli<\/li>\n<li> \u0130klim kontroll\u00fc<\/li>\n<li> 7\/24 g\u00fcvenlik<\/li>\n<\/ul>\n<h2>National Van Lines \u015eirket Profili<\/h2>\n<p>National Van Lines'\u0131n \u015fu anki CEO'su Maureen Beal, \u015firketin kurucusu F. J. McKee'nin torunudur. McKee bu i\u015fe <a href=\"https:\/\/moverdb.com\/tr\/si%cc%87kagoya-tasinma\/\">Chicago<\/a> 1901 y\u0131l\u0131nda buz ve k\u00f6m\u00fcr da\u011f\u0131t\u0131m\u0131 i\u00e7in bir at arabas\u0131 ve bir midilli ile yola \u00e7\u0131kt\u0131. <\/p>\n<p>\u015eirket o zamandan beri geli\u015fti ve \u015fimdi insanlar\u0131, \u015firketleri ve askeri personeli yerel ve d\u00fcnya \u00e7ap\u0131nda ta\u015f\u0131yor. Bu s\u00fcre\u00e7te yard\u0131mc\u0131 olmak \u00fczere 400'den fazla acentesi bulunmaktad\u0131r.<\/p>\n<p>\u015eirketin slogan\u0131 olan \"An\u0131lar\u0131n\u0131z\u0131 Ta\u015f\u0131y\u0131n\", hem personele hem de m\u00fc\u015fterilere ki\u015fisel e\u015fyalar\u0131n de\u011ferli oldu\u011funu ve her zaman \u00f6zenle ele al\u0131naca\u011f\u0131n\u0131 hat\u0131rlat\u0131yor.<\/p>\n<p>National Van Lines a\u015fa\u011f\u0131daki akreditasyonlara ve ba\u011flant\u0131lara sahiptir:<\/p>\n<ul>\n<li> <a href=\"https:\/\/moverdb.com\/tr\/rim-promover\/\">Sertifikal\u0131 ProMover<\/a><\/li>\n<li> Better Business Bureau Akredite (BBB)<\/li>\n<li> Movers.Com Do\u011frulanm\u0131\u015f Ta\u015f\u0131y\u0131c\u0131<\/li>\n<li> <a href=\"https:\/\/moverdb.com\/tr\/fidi-faim\/\">FIDI<\/a><\/li>\n<\/ul>\n<h2>National Van Lines Yorumlar\u0131<\/h2>\n<p><strong>Olumlu:<\/strong><\/p>\n<ul>\n<li> <em>\"Mobilyalar\u0131m\u0131n teslim al\u0131nmas\u0131ndan ve teslim edilmesinden \u00e7ok memnun kald\u0131m. Dave de \u00e7ok profesyoneldi ve bana adil bir fiyat teklifi sundu.\"<\/em> - Bari \u015firket referans sayfas\u0131 arac\u0131l\u0131\u011f\u0131yla<\/li>\n<li> <em>\"National Van Lines zaman\u0131nda teslim ald\u0131, zaman\u0131nda teslim etti ve hi\u00e7bir \u015fey kaybolmad\u0131 ya da k\u0131r\u0131lmad\u0131.\"<\/em> - Gail arac\u0131l\u0131\u011f\u0131yla <a href=\"https:\/\/www.yelp.co.uk\/biz\/national-van-lines-broadview?hrid=xrO9qdjtpdZ-DKkGynhkBw&#038;utm_campaign=www_review_share_popup&#038;utm_medium=copy_link&#038;utm_source=(direct)\" target=\"_blank\" rel=\"noopener\">Yelp<\/a><\/li>\n<li> <em>\"S\u00f6yleyecek tek bir kelimem var. MUHTE\u015eEM!\"<\/em> - Lori arac\u0131l\u0131\u011f\u0131yla <a href=\"http:\/\/www.mymovingreviews.com\/movers\/national-van-lines-256#59528\" target=\"_blank\" rel=\"noopener\">MyMovingReviews.com<\/a><\/li>\n<\/ul>\n<p><strong>Olumsuz:<\/strong><\/p>\n<ul>\n<li> <em>\"Son 8 y\u0131lda 5-6 kez ta\u015f\u0131nd\u0131m ve hi\u00e7 b\u00f6yle bir deneyim ya\u015famad\u0131m.\"<\/em> - Cindy arac\u0131l\u0131\u011f\u0131yla <a href=\"https:\/\/www.consumeraffairs.com\/movers\/national.htm\" target=\"_blank\" rel=\"noopener\">T\u00fcketici \u0130\u015fleri<\/a><\/li>\n<li> <em>\"National Van Lines ev e\u015fyalar\u0131m\u0131 \u015fof\u00f6r taraf\u0131ndan bana s\u00f6ylenen tarihte teslim etmedi. Bana faturam\u0131n tarihi verdi\u011fini s\u00f6ylediler ama sorun \u015fu ki bana hi\u00e7 fatura gelmedi. Teslimat s\u0131ras\u0131nda e\u015fyalar\u0131m\u0131n yar\u0131s\u0131ndan fazlas\u0131 eksikti.\"<\/em> - Franchon arac\u0131l\u0131\u011f\u0131yla <a href=\"http:\/\/www.bbb.org\/chicago\/business-reviews\/movers\/national-van-lines-inc-in-broadview-il-5114\/customer-reviews\" target=\"_blank\" rel=\"noopener\">BBB<\/a><\/li>\n<li> <em>\"National Van Lines ile ya\u015fad\u0131\u011f\u0131m\u0131z deneyim tam bir kabustu. \u0130mzay\u0131 atan temsilci <a href=\"https:\/\/moverdb.com\/tr\/moving-to-the-united-states\/\" data-internallinksmanager029f6b8e52c=\"94\" title=\"Amerika Birle\u015fik Devletleri&#039;ne mi ta\u015f\u0131n\u0131yorsunuz? 2026 Ya\u015fam Maliyetleri ve Yer De\u011fi\u015ftirme \u0130pu\u00e7lar\u0131\">Biz<\/a> Onunla tan\u0131\u015ft\u0131\u011f\u0131m\u0131zda \u00e7ok profesyonel ve verimli g\u00f6r\u00fcn\u00fcyordu. Korkun\u00e7 bir karma\u015fan\u0131n i\u00e7ine girece\u011fimizi hi\u00e7 d\u00fc\u015f\u00fcnmemi\u015ftik.\"<\/em> - \u00fczerinden <a href=\"http:\/\/moving-companies.credio.com\/l\/21\/National-Van-Lines\" target=\"_blank\" rel=\"noopener\">Credio<\/a><\/li>\n<\/ul>\n<div itemprop=\"review\" itemscope itemtype=\"http:\/\/schema.org\/Review\">\n<span itemprop=\"author\" itemscope=\"\" itemtype=\"http:\/\/schema.org\/Organization\"><span itemprop=\"name\">MoverDB.com<\/span><\/span> \u00c7evrimi\u00e7i Web Sitesi \u0130ncelemesi i\u00e7in <span itemprop=\"itemreviewed\" itemscope=\"\" itemtype=\"http:\/\/schema.org\/Brand\"><span itemprop=\"name\">National Van Lines<\/span><\/span>:<\/p>\n<ol>\n<li> Web sitesinde a\u00e7\u0131k ileti\u015fim bilgileri (telefon numaras\u0131 dahil): <strong>Evet<\/strong><\/li>\n<li> Almas\u0131 kolay <a href=\"https:\/\/moverdb.com\/tr\/alintilar\/\">uluslararas\u0131 ta\u015f\u0131ma teklifleri<\/a>? (\u00c7evrimi\u00e7i tahmin talep formu): <strong>Evet<\/strong><\/li>\n<li> Web sitesinde net bilgiler: <strong>Evet<\/strong> web sitesi hizmetlerini \u00f6zetlemekte ve ayr\u0131ca faydal\u0131 k\u0131lavuzlar sunmaktad\u0131r.<\/li>\n<li> Uluslararas\u0131 tan\u0131nm\u0131\u015f ta\u015f\u0131ma organizasyonlar\u0131na \u00fcyelik: <strong>Evet<\/strong><\/li>\n<li> M\u00fc\u015fterilerin listesi ve\/veya \u00f6nceki m\u00fc\u015fteri referanslar\u0131: <strong>Evet<\/strong> Sitede olumlu m\u00fc\u015fteri referanslar\u0131 var, ancak internetin geri kalan\u0131nda birka\u00e7 olumsuz referans var.<\/li>\n<\/ol>\n<div itemprop=\"reviewRating\" itemscope itemtype=\"http:\/\/schema.org\/Rating\"><meta itemprop=\"worstRating\" content = \"0\" \/><meta itemprop=\"bestRating\" content=\"5\" \/><meta itemprop=\"ratingValue\" content=\"4.5\"><\/div>\n<p><strong>Genel puan: 4,5\/5<\/strong><br \/>\n<strong>\u0130nceleme Tarihi:<\/strong> <span itemprop=\"datePublished\" content=\"2016-11-05\">05\/11\/2016<\/span>\n<\/div>\n<p>Hakk\u0131nda daha fazlas\u0131n\u0131 okuyun <a href=\"https:\/\/moverdb.com\/tr\/tasinma-si%cc%87rketleri%cc%87\/\">en i\u0307yi\u0307 uluslararasi ta\u015fima \u015fi\u0307rketleri\u0307<\/a>, <a href=\"https:\/\/moverdb.com\/tr\/us-canada-movers\/\">ABD'li nakliyeciler<\/a> ve bizim <a href=\"https:\/\/moverdb.com\/tr\/yorumlar\/\">g\u00f6zden ge\u00e7irme s\u00fcreci<\/a>.<\/p>\n<p><strong>Web sitesi:<\/strong> <a href=\"http:\/\/www.nationalvanlines.com\/\" target=\"_blank\" rel=\"noopener\">http:\/\/www.nationalvanlines.com\/<\/a><\/p>","protected":false},"excerpt":{"rendered":"<p>National Van Lines offers its customers a wide range of moving services. These are listed below together with a company profile and reviews. International Moves Individual and corporate Dedicated move coordinator Counselling on all aspects of the moving process Guidance on documentation requirements Door-to-door cost estimates for shipping by ocean or air Tracking to ensure [&hellip;]<\/p>\n","protected":false},"author":1,"featured_media":0,"parent":0,"menu_order":0,"comment_status":"closed","ping_status":"closed","template":"","meta":{"_genesis_hide_title":false,"_genesis_hide_breadcrumbs":false,"_genesis_hide_singular_image":false,"_genesis_hide_footer_widgets":false,"_genesis_custom_body_class":"","_genesis_custom_post_class":"","_genesis_layout":"","footnotes":""},"class_list":{"0":"post-1038","1":"page","2":"type-page","3":"status-publish","5":"entry"},"_links":{"self":[{"href":"https:\/\/moverdb.com\/tr\/wp-json\/wp\/v2\/pages\/1038","targetHints":{"allow":["GET"]}}],"collection":[{"href":"https:\/\/moverdb.com\/tr\/wp-json\/wp\/v2\/pages"}],"about":[{"href":"https:\/\/moverdb.com\/tr\/wp-json\/wp\/v2\/types\/page"}],"author":[{"embeddable":true,"href":"https:\/\/moverdb.com\/tr\/wp-json\/wp\/v2\/users\/1"}],"replies":[{"embeddable":true,"href":"https:\/\/moverdb.com\/tr\/wp-json\/wp\/v2\/comments?post=1038"}],"version-history":[{"count":6,"href":"https:\/\/moverdb.com\/tr\/wp-json\/wp\/v2\/pages\/1038\/revisions"}],"predecessor-version":[{"id":6225,"href":"https:\/\/moverdb.com\/tr\/wp-json\/wp\/v2\/pages\/1038\/revisions\/6225"}],"wp:attachment":[{"href":"https:\/\/moverdb.com\/tr\/wp-json\/wp\/v2\/media?parent=1038"}],"curies":[{"name":"wp","href":"https:\/\/api.w.org\/{rel}","templated":true}]}}