{"id":1037,"date":"2016-11-21T06:45:07","date_gmt":"2016-11-21T06:45:07","guid":{"rendered":"http:\/\/moverdb.com\/?page_id=1037"},"modified":"2026-01-08T14:47:47","modified_gmt":"2026-01-08T14:47:47","slug":"berger-muttefi%cc%87ki%cc%87","status":"publish","type":"page","link":"https:\/\/moverdb.com\/tr\/berger-allied\/","title":{"rendered":"Berger Allied (Transfer &amp; Depolama): Uluslararas\u0131 Ta\u015f\u0131nma Yorumlar\u0131"},"content":{"rendered":"<p>Berger Allied (resmi ad\u0131yla Berger Transfer &amp; Storage) St. Paul, MN'de yerle\u015fiktir. M\u00fc\u015fterilerine, \u015firket profili ve incelemelerle birlikte a\u015fa\u011f\u0131da listelenen bir dizi ta\u015f\u0131ma hizmeti sunmaktad\u0131r.<\/p>\n<p><strong>Uluslararas\u0131 Ta\u015f\u0131nma<\/strong><\/p>\n<ul>\n<li> Ta\u015f\u0131nma Haz\u0131rl\u0131\u011f\u0131<\/li>\n<li> Dan\u0131\u015fma ve Anket<\/li>\n<li> Dok\u00fcmantasyon<\/li>\n<li> G\u00fcvenlikle \u0130lgili Hususlar<\/li>\n<li> Paketleme ve Y\u00fckleme<\/li>\n<li> E\u015fyalar\u0131n\u0131z\u0131 do\u011frudan bir nakliye konteynerine canl\u0131 olarak y\u00fckler<\/li>\n<li> G\u00fcmr\u00fck \u0130\u015flemleri<\/li>\n<li> Teslimat ve Paketten \u00c7\u0131karma<\/li>\n<\/ul>\n<p><strong>Konut Ta\u015f\u0131ma<\/strong><\/p>\n<ul>\n<li> Hareket Planlama<\/li>\n<li> Uzun Mesafe Ta\u015f\u0131nma<\/li>\n<li> Tam hizmet paketleme<\/li>\n<li> Kendi kendine paketleme<\/li>\n<li> <a href=\"https:\/\/moverdb.com\/tr\/araba-tasima-nakliye\/\">Ara\u00e7<\/a>, tekne ve motosiklet nakliyesi<\/li>\n<li> Montaj\/demontaj<\/li>\n<li> Cihazlar\u0131n yeniden ba\u011flanmas\u0131\/ba\u011flant\u0131s\u0131n\u0131n kesilmesi<\/li>\n<li> Ambalaj a\u00e7ma ve enkaz kald\u0131rma<\/li>\n<li> Online g\u00f6nderi takibi<\/li>\n<li> K\u0131demli Ta\u015f\u0131nma Hizmetleri<\/li>\n<\/ul>\n<p><strong>Kurumsal Ta\u015f\u0131nma Hizmetleri<\/strong><\/p>\n<ul>\n<li> Yer De\u011fi\u015ftirme Dan\u0131\u015fmanlar\u0131<\/li>\n<li> \u015eirketinizin kendine \u00f6zg\u00fc k\u00fclt\u00fcr\u00fcne, politikalar\u0131na ve b\u00fct\u00e7e hedeflerine uygun yer de\u011fi\u015ftirme program\u0131.<\/li>\n<li> \u00d6zel ta\u015f\u0131nma koordinat\u00f6rleri <\/li>\n<\/ul>\n<p><strong>Ticari Ta\u015f\u0131nma Hizmetleri<\/strong><\/p>\n<ul>\n<li> Ofis ta\u015f\u0131ma<\/li>\n<li> Kay\u0131t saklama<\/li>\n<li> Depolama<\/li>\n<li> \u00d6zel ta\u015f\u0131mac\u0131l\u0131k<\/li>\n<li> Varl\u0131k y\u00f6netimi<\/li>\n<li> CAD alan planlamas\u0131<\/li>\n<li> Yerinde proje y\u00f6netimi<\/li>\n<\/ul>\n<h2>Berger Allied \u015eirket Profili<\/h2>\n<p>Berger Transfer ve Depolama 1910 y\u0131l\u0131ndan beri faaliyet g\u00f6stermektedir. Bireyler, \u015firketler ve devlet kurumlar\u0131 ile \u00e7al\u0131\u015fmaktad\u0131r. En b\u00fcy\u00fck g\u00fc\u00e7lerinin kaliteli m\u00fc\u015fteri hizmetlerine odaklanmak oldu\u011funa inan\u0131yorlar.<\/p>\n<p>600'den fazla kamyonet ve kamyondan olu\u015fan bir filoya sahipler ve y\u0131lda yakla\u015f\u0131k 24.000 ailenin ta\u015f\u0131nmas\u0131n\u0131 koordine ediyorlar. Ayr\u0131ca United Way, Junior Achievements, Boy Scouts ve Girl Scouts of America, March of Dimes, Special Olympics ve Move For Hunger i\u00e7in fon toplanmas\u0131na yard\u0131mc\u0131 oluyorlar.<\/p>\n<p>Berger Transfer ve Depolama a\u015fa\u011f\u0131daki akreditasyonlara ve ba\u011flant\u0131lara sahiptir:<\/p>\n<ul>\n<li> <a href=\"https:\/\/moverdb.com\/tr\/amsa\/\">AMSA<\/a><\/li>\n<li> AHFA<\/li>\n<li> <a href=\"https:\/\/moverdb.com\/tr\/iam\/\">IAM<\/a><\/li>\n<li> ATA<\/li>\n<li> <a href=\"https:\/\/moverdb.com\/tr\/rim-promover\/\">Promover<\/a><\/li>\n<li> <a href=\"https:\/\/moverdb.com\/tr\/calisan-yer-degistirme-konseyi\/\">D\u00fcnya \u00c7ap\u0131nda ERC<\/a><\/li>\n<li> PSA<\/li>\n<li> A\u00e7l\u0131k \u0130\u00e7in Hareket Et<\/li>\n<li> BBB Akredite \u0130\u015fletme<\/li>\n<\/ul>\n<h2>Berger Allied (Transfer ve Depolama) Yorumlar\u0131<\/h2>\n<p><strong>Olumlu:<\/strong><\/p>\n<ul>\n<li> <em>\"Berger Allied ile ya\u015fad\u0131\u011f\u0131m\u0131z \u00fclkeler aras\u0131 ta\u015f\u0131nma deneyimi olabildi\u011fince iyiydi!\"<\/em> - Paul M arac\u0131l\u0131\u011f\u0131yla <a href=\"https:\/\/www.yelp.com\/biz\/berger-allied-van-lines-austin?hrid=r3MbhX4j_6c1VOPPSbKe_g&#038;utm_campaign=www_review_share_popup&#038;utm_medium=copy_link&#038;utm_source=(direct)\" target=\"_blank\" rel=\"noopener\">Yelp<\/a> <\/li>\n<li> <em>\"Las Vegas'taki Berger ekibi tek kelimeyle harika. Sadece yetkin ve cana yak\u0131n de\u011filler, ayn\u0131 zamanda m\u00fc\u015fteri hizmetleri de muhtemelen \u015fimdiye kadar kar\u015f\u0131la\u015ft\u0131\u011f\u0131m en iyisi.\"<\/em> - Viki arac\u0131l\u0131\u011f\u0131yla <a href=\"https:\/\/www.facebook.com\/pg\/bergermoving\/reviews\/\" target=\"_blank\" rel=\"noopener\">Facebook<\/a><\/li>\n<li> <em>\"Zaman\u0131nda geldiler. T\u00fcm mobilyalar\u0131 pedlerle sard\u0131lar ve her \u015feyin do\u011fru yap\u0131ld\u0131\u011f\u0131ndan emin olmak i\u00e7in ekstra zaman harcad\u0131lar. Hi\u00e7bir duvar\u0131n zarar g\u00f6rmedi\u011finden emin olmak i\u00e7in zaman ay\u0131rd\u0131lar.\"<\/em> - Daniel arac\u0131l\u0131\u011f\u0131yla <a href=\"http:\/\/www.movingcompanyreviews.com\/MN\/St-Paul\/berger-transfer-storage-60973\" target=\"_blank\" rel=\"noopener\">MovingCompanyReviews.com<\/a><\/li>\n<\/ul>\n<p><strong>Olumsuz:<\/strong><\/p>\n<ul>\n<li> <em>\"Tavsiye \u00fczerine Berger'i bir ta\u015f\u0131nma i\u00e7in i\u015fe ald\u0131m. <a href=\"https:\/\/moverdb.com\/tr\/moving-to-the-united-states\/moving-to-minnesota\/\" data-internallinksmanager029f6b8e52c=\"443\" title=\"Minnesota&#039;ya Ta\u015f\u0131nmak m\u0131? 2026 Ya\u015fam Maliyetleri ve Yer De\u011fi\u015ftirme \u0130pu\u00e7lar\u0131\">Minnesota<\/a> i\u00e7in <a href=\"https:\/\/moverdb.com\/tr\/moving-to-the-united-states\/moving-to-california\/\" data-internallinksmanager029f6b8e52c=\"330\" title=\"Kaliforniya&#039;ya Ta\u015f\u0131nmak m\u0131? 2026 Ya\u015fam Maliyetleri ve Yer De\u011fi\u015ftirme \u0130pu\u00e7lar\u0131\">Kaliforniya<\/a>. Ba\u015fka \u015firketlere ve fiyat tekliflerine bakm\u0131\u015ft\u0131m, ne yaz\u0131k ki fiyat teklifini tamamlayan ki\u015fiye dayanarak Berger'i se\u00e7tim.\"<\/em> - Via <a href=\"https:\/\/www.bbb.org\/minnesota\/business-reviews\/movers\/berger-transfer-storage-inc-in-saint-paul-mn-103\/reviews-and-complaints\" target=\"_blank\" rel=\"noopener\">BBB wesbite<\/a><\/li>\n<li> <em>\"\u015eimdiye kadarki en k\u00f6t\u00fc m\u00fc\u015fteri hizmetleri. Alt\u0131 ay boyunca yanl\u0131\u015f faturaland\u0131r\u0131ld\u0131ktan ve \u00e7\u00f6zmeye \u00e7al\u0131\u015fmak i\u00e7in say\u0131s\u0131z e-posta ve telefon g\u00f6r\u00fc\u015fmesinden sonra, \u00fcr\u00fcnlerimin a\u00e7\u0131k art\u0131rmaya \u00e7\u0131kar\u0131ld\u0131\u011f\u0131 s\u00f6ylendi.\"<\/em> - Kyle vi <a href=\"https:\/\/www.facebook.com\/pg\/bergermoving\/reviews\/\" target=\"_blank\" rel=\"noopener\">Facebook<\/a><\/li>\n<\/li>\n<li> <em>\"Berger Allied Van Lines, T\u00fcrkiye'deki en k\u00f6t\u00fc paketleme, ta\u015f\u0131ma ve depolama i\u015fini yapt\u0131. <a href=\"https:\/\/moverdb.com\/tr\/moving-to-the-united-states\/\" data-internallinksmanager029f6b8e52c=\"94\" title=\"Amerika Birle\u015fik Devletleri&#039;ne mi ta\u015f\u0131n\u0131yorsunuz? 2026 Ya\u015fam Maliyetleri ve Yer De\u011fi\u015ftirme \u0130pu\u00e7lar\u0131\">Biz<\/a>.\"<\/em> - Letty arac\u0131l\u0131\u011f\u0131yla <a href=\"https:\/\/www.yelp.com\/biz\/berger-allied-van-lines-austin?hrid=AMtotqlDmWIUelyZT7YKAw&#038;utm_campaign=www_review_share_popup&#038;utm_medium=copy_link&#038;utm_source=(direct)\" target=\"_blank\" rel=\"noopener\">Yelp<\/a><\/li>\n<\/ul>\n<div itemprop=\"review\" itemscope itemtype=\"http:\/\/schema.org\/Review\">\n<span itemprop=\"author\" itemscope=\"\" itemtype=\"http:\/\/schema.org\/Organization\"><span itemprop=\"name\">MoverDB.com<\/span><\/span> \u00c7evrimi\u00e7i Web Sitesi \u0130ncelemesi i\u00e7in <span itemprop=\"itemreviewed\" itemscope=\"\" itemtype=\"http:\/\/schema.org\/Brand\"><span itemprop=\"name\">Berger Allied<\/span><\/span>:<\/p>\n<ol>\n<li> Web sitesinde a\u00e7\u0131k ileti\u015fim bilgileri (telefon numaras\u0131 dahil): <strong>Evet<\/strong><\/li>\n<li> Almas\u0131 kolay <a href=\"https:\/\/moverdb.com\/tr\/alintilar\/\">uluslararas\u0131 ta\u015f\u0131ma teklifleri<\/a>? (\u00c7evrimi\u00e7i tahmin talep formu): <strong>Evet<\/strong><\/li>\n<li> Web sitesinde net bilgiler: <strong>K\u0131smi<\/strong>iyi miktarda genel ta\u015f\u0131nma bilgisi var ama \u00e7ok spesifik bir \u015fey yok.<\/li>\n<li> Uluslararas\u0131 tan\u0131nm\u0131\u015f ta\u015f\u0131ma organizasyonlar\u0131na \u00fcyelik: <strong>Evet<\/strong>, bir\u00e7ok, yukar\u0131ya bak\u0131n<\/li>\n<li> M\u00fc\u015fterilerin listesi ve\/veya \u00f6nceki m\u00fc\u015fteri referanslar\u0131: <strong>Hay\u0131r<\/strong>Web sitesinde bulabildi\u011fimiz hi\u00e7bir referans yok ve web'deki incelemeler biraz kar\u0131\u015f\u0131k. <\/li>\n<\/ol>\n<div itemprop=\"reviewRating\" itemscope itemtype=\"http:\/\/schema.org\/Rating\"><meta itemprop=\"worstRating\" content = \"0\" \/><meta itemprop=\"bestRating\" content=\"5\" \/><meta itemprop=\"ratingValue\" content=\"3.5\"><\/div>\n<p><strong>Genel puan: 3,5\/5<\/strong><br \/>\n<strong>\u0130nceleme Tarihi:<\/strong> <span itemprop=\"datePublished\" content=\"2016-11-21\">21\/11\/2016<\/span>\n<\/div>\n<p>Hakk\u0131nda daha fazlas\u0131n\u0131 okuyun <a href=\"https:\/\/moverdb.com\/tr\/tasinma-si%cc%87rketleri%cc%87\/\">uluslararas\u0131 ta\u015f\u0131ma \u015firketleri<\/a>, <a href=\"https:\/\/moverdb.com\/tr\/us-canada-movers\/\">ABD'li nakliyeciler<\/a> ve bizim <a href=\"https:\/\/moverdb.com\/tr\/yorumlar\/\">g\u00f6zden ge\u00e7irme s\u00fcreci<\/a>.<\/p>\n<p><strong>Web sitesi:<\/strong> <a href=\"https:\/\/www.bergerallied.com\" target=\"_blank\" rel=\"noopener\">https:\/\/www.bergerallied.com<\/a><\/p>","protected":false},"excerpt":{"rendered":"<p>Berger Allied (officially Berger Transfer &#038; Storage) is based in St. Paul, MN. It offers its customers a range of moving services which are listed below, together with a company profile and reviews. International Moving Move Preparation Consultation and Survey Documentation Safety Considerations Packing and Loading Live loads your items directly into a shipping container [&hellip;]<\/p>\n","protected":false},"author":1,"featured_media":0,"parent":0,"menu_order":0,"comment_status":"closed","ping_status":"closed","template":"","meta":{"_genesis_hide_title":false,"_genesis_hide_breadcrumbs":false,"_genesis_hide_singular_image":false,"_genesis_hide_footer_widgets":false,"_genesis_custom_body_class":"","_genesis_custom_post_class":"","_genesis_layout":"","footnotes":""},"class_list":{"0":"post-1037","1":"page","2":"type-page","3":"status-publish","5":"entry"},"_links":{"self":[{"href":"https:\/\/moverdb.com\/tr\/wp-json\/wp\/v2\/pages\/1037","targetHints":{"allow":["GET"]}}],"collection":[{"href":"https:\/\/moverdb.com\/tr\/wp-json\/wp\/v2\/pages"}],"about":[{"href":"https:\/\/moverdb.com\/tr\/wp-json\/wp\/v2\/types\/page"}],"author":[{"embeddable":true,"href":"https:\/\/moverdb.com\/tr\/wp-json\/wp\/v2\/users\/1"}],"replies":[{"embeddable":true,"href":"https:\/\/moverdb.com\/tr\/wp-json\/wp\/v2\/comments?post=1037"}],"version-history":[{"count":6,"href":"https:\/\/moverdb.com\/tr\/wp-json\/wp\/v2\/pages\/1037\/revisions"}],"predecessor-version":[{"id":6183,"href":"https:\/\/moverdb.com\/tr\/wp-json\/wp\/v2\/pages\/1037\/revisions\/6183"}],"wp:attachment":[{"href":"https:\/\/moverdb.com\/tr\/wp-json\/wp\/v2\/media?parent=1037"}],"curies":[{"name":"wp","href":"https:\/\/api.w.org\/{rel}","templated":true}]}}