{"id":1036,"date":"2016-11-05T16:39:46","date_gmt":"2016-11-05T16:39:46","guid":{"rendered":"http:\/\/moverdb.com\/?page_id=1036"},"modified":"2026-01-08T14:47:46","modified_gmt":"2026-01-08T14:47:46","slug":"beltmann-relocation","status":"publish","type":"page","link":"https:\/\/moverdb.com\/tr\/beltmann-relocation\/","title":{"rendered":"Beltmann Relocation Group: Uluslararas\u0131 Ta\u015f\u0131nma Yorumlar\u0131"},"content":{"rendered":"<p>Beltmann Relocation Group, m\u00fc\u015fterilerine uluslararas\u0131 ve yerel olarak \u00e7e\u015fitli ta\u015f\u0131nma hizmetleri sunmaktad\u0131r. Bu hizmetler, \u015firket profili ve de\u011ferlendirmelerle birlikte a\u015fa\u011f\u0131da listelenmi\u015ftir.<\/p>\n<p><strong>Uluslararas\u0131 Ta\u015f\u0131malar<\/strong><\/p>\n<ul>\n<li> Uluslararas\u0131 kurumsal ta\u015f\u0131nmalar<\/li>\n<li> Bireysel hamleler<\/li>\n<li> Birle\u015fmi\u015f Milletler<\/li>\n<li> G\u00fcmr\u00fck ve g\u00f6\u00e7menlik konular\u0131nda yard\u0131m ve rehberlik<\/li>\n<li> Evcil hayvanlar\u0131n ta\u015f\u0131nmas\u0131 konusunda yard\u0131m<\/li>\n<li> Kap\u0131dan kap\u0131ya<\/li>\n<li> Hareket y\u00f6neticisi tahsis edildi<\/li>\n<li> Tam hizmet mevcuttur<\/li>\n<li> Sigorta ayarland\u0131<\/li>\n<\/ul>\n<p><strong>Ofis ve End\u00fcstriyel Ta\u015f\u0131malar<\/strong><\/p>\n<ul>\n<li> Yerel ve uzun mesafeli ofis ta\u015f\u0131nmas\u0131<\/li>\n<li> Departmanlar aras\u0131 ta\u015f\u0131nma<\/li>\n<li> Bilgisayar ve elektronik e\u015fyalar\u0131n ta\u015f\u0131nmas\u0131<\/li>\n<li> Alan planlamas\u0131 ve tasar\u0131m\u0131<\/li>\n<li> Ta\u015f\u0131nma \u00f6ncesi planlama toplant\u0131lar\u0131<\/li>\n<li> Yerinde g\u00f6zetim<\/li>\n<li> Ta\u015f\u0131nma sonras\u0131 hizmetler<\/li>\n<li> End\u00fcstriyel ta\u015f\u0131nma yard\u0131m\u0131<\/li>\n<li> Y\u00fcksek g\u00fcvenlikli ta\u015f\u0131ma<\/li>\n<li> Hassas bilgilerin ta\u015f\u0131nmas\u0131<\/li>\n<li> Sigorta ayarland\u0131<\/li>\n<\/ul>\n<p><strong>Kurumsal Ta\u015f\u0131nma<\/strong><\/p>\n<ul>\n<li> \u00dcst d\u00fczey y\u00f6neticiler i\u00e7in y\u00f6netici ta\u015f\u0131nma hizmetleri<\/li>\n<li> Hareket y\u00f6neticisi <\/li>\n<li> Kap\u0131dan kap\u0131ya<\/li>\n<li> Paketleme ve ambalaj a\u00e7ma<\/li>\n<li> G\u00f6nderi takibi<\/li>\n<li> Sigorta ayarland\u0131<\/li>\n<\/ul>\n<p><strong>Ev Ta\u015f\u0131malar\u0131<\/strong><\/p>\n<ul>\n<li> Yerel hamleler<\/li>\n<li> Uzun mesafeli ta\u015f\u0131nmalar<\/li>\n<li> Kap\u0131dan kap\u0131ya<\/li>\n<li> Paketleme ve ambalaj a\u00e7ma<\/li>\n<li> Sigorta ayarland\u0131<\/li>\n<\/ul>\n<p><strong>Depolama<\/strong><\/p>\n<ul>\n<li> Uzun veya k\u0131sa vadeli<\/li>\n<li> Is\u0131tmal\u0131 depo <\/li>\n<li> Kapal\u0131 depolama kasas\u0131nda saklan\u0131r<\/li>\n<li> CCTV<\/li>\n<li> Yang\u0131n ve ha\u015fere korumas\u0131<\/li>\n<\/ul>\n<h2>Beltmann Relocation \u015eirket Profili<\/h2>\n<p>Beltmann Group, Battina ailesi taraf\u0131ndan 1955 y\u0131l\u0131nda kurulmu\u015ftur ve halen aile \u015firketi olarak faaliyet g\u00f6stermektedir. T\u00fcrkiye'nin en b\u00fcy\u00fck ve en eski acentelerinden biridir. <a href=\"https:\/\/moverdb.com\/tr\/kuzey-amerikan-van-hatlari\/\">North American Van Lines<\/a> ve genel merkezi <a href=\"https:\/\/moverdb.com\/tr\/minneapolise-tasinmak\/\">Minneapolis<\/a>. <\/p>\n<p>Beltmann Group, farkl\u0131 \u00f6zelliklere sahip 700'\u00fcn \u00fczerinde hareketli ara\u00e7tan olu\u015fan bir filonun gururlu sahibidir ve 14 \u015fubeye sahiptir.<\/p>\n<p>Beltmann taahh\u00fcd\u00fc \"M\u00fc\u015fteri ol\" \u015feklindedir. Her \u00e7al\u0131\u015fan, kendisini m\u00fc\u015fterinin yerine koymaya ve ona kendisine davran\u0131lmas\u0131n\u0131 istedi\u011fi gibi davranmaya te\u015fvik edilir. \u015eirket, Habitat for Humanity'nin gururlu bir destek\u00e7isidir.<\/p>\n<p>Beltmann Relocation a\u015fa\u011f\u0131daki ba\u011flant\u0131lara ve akreditasyonlara sahiptir:<\/p>\n<ul>\n<li> <a href=\"https:\/\/moverdb.com\/tr\/rim-promover\/\">Kay\u0131tl\u0131 Uluslararas\u0131 Ta\u015f\u0131mac\u0131<\/a> (<a href=\"https:\/\/moverdb.com\/tr\/rim-promover\/\" data-internallinksmanager029f6b8e52c=\"76\" title=\"RIM Uluslararas\u0131 ProMover Sertifikasyonu A\u00e7\u0131klamas\u0131\">RIM<\/a>)<\/li>\n<li> <a href=\"https:\/\/moverdb.com\/tr\/rim-promover\/\">ProMover<\/a><\/li>\n<li> <a href=\"https:\/\/moverdb.com\/tr\/amsa\/\">Amerikan Ta\u015f\u0131nma ve Depolama Birli\u011fi<\/a> (<a href=\"https:\/\/moverdb.com\/tr\/amsa\/\" data-internallinksmanager029f6b8e52c=\"5\" title=\"Amerikan Ta\u015f\u0131nma ve Depolama Birli\u011fi (AMSA) A\u00e7\u0131klamas\u0131\">AMSA<\/a>)<\/li>\n<li> Kuzey Amerika Kalite \u00d6d\u00fcl\u00fc Sahibi<\/li>\n<li> Better Business Bureau Akredite (BBB)<\/li>\n<\/ul>\n<p><strong>Beltmann Relocation Yorumlar\u0131<\/strong><\/p>\n<p><strong>Olumlu:<\/strong><\/p>\n<ul>\n<li> <em>\"Ta\u015f\u0131nmam\u0131zda her \u015fey harika gitti. \u015eof\u00f6r ve her iki taraftaki ekip iyi \u00e7al\u0131\u015ft\u0131.\"<\/em> - Craig Beltmann referans sayfas\u0131 arac\u0131l\u0131\u011f\u0131yla<\/li>\n<li> <em>\"Y\u0131llar i\u00e7inde birka\u00e7 kez ta\u015f\u0131nd\u0131k ve Beltman'\u0131n a\u00e7\u0131k ara en iyisi oldu\u011funu s\u00f6ylemek zorunday\u0131m. E\u015fyalar\u0131m\u0131z\u0131 paketleme ve y\u00fcklemeden teslimata kadar g\u00f6sterdikleri \u00f6zen dikkate de\u011ferdi.\"<\/em> - Abby arac\u0131l\u0131\u011f\u0131yla <a href=\"https:\/\/www.facebook.com\/pg\/BeltmannRelocation\/reviews\/\" target=\"_blank\" rel=\"noopener\">Facebook<\/a><\/li>\n<\/ul>\n<p><strong>Olumsuz:<\/strong><\/p>\n<ul>\n<li> <em>\"Paketleri a\u00e7man\u0131n hen\u00fcz 1\/3'\u00fcn\u00fc bile tamamlamad\u0131k ve \u015fimdiden elimizde hasarl\u0131 ya da k\u0131r\u0131k en az 15 par\u00e7al\u0131k bir liste var. Baz\u0131 kutulara e\u015fyalar \u00f6ylece at\u0131lm\u0131\u015f, sar\u0131lmam\u0131\u015f ya da sabitlenmemi\u015f.\"<\/em> Amy arac\u0131l\u0131\u011f\u0131yla <a href=\"https:\/\/www.facebook.com\/pg\/BeltmannRelocation\/reviews\/\" target=\"_blank\" rel=\"noopener\">Facebook<\/a><\/li>\n<li> <em>\"Kendinize bir iyilik yap\u0131n. Bu \u015firketi kullanmay\u0131n. Numaralar\u0131n\u0131 silin, sizi aramalar\u0131n\u0131 engelleyin. S\u00fcrecin teklif k\u0131sm\u0131 (i\u015finizi nerede kazanmaya \u00e7al\u0131\u015ft\u0131klar\u0131n\u0131 biliyorsunuz) harikayd\u0131. Mallar\u0131 teslim almak ba\u015fparmak yukar\u0131ya, teslim etmek ise ba\u015fparmak a\u015fa\u011f\u0131ya.\"<\/em> - Kim arac\u0131l\u0131\u011f\u0131yla <a href=\"https:\/\/www.yelp.com\/biz\/beltmann-relocation-group-glendale-heights?hrid=tJAoAv--s6WetooAeYOQew&#038;utm_campaign=www_review_share_popup&#038;utm_medium=copy_link&#038;utm_source=(direct)\" target=\"_blank\" rel=\"noopener\">Yelp<\/a><\/li>\n<\/ul>\n<div itemprop=\"review\" itemscope itemtype=\"http:\/\/schema.org\/Review\">\n<span itemprop=\"author\" itemscope=\"\" itemtype=\"http:\/\/schema.org\/Organization\"><span itemprop=\"name\">MoverDB.com<\/span><\/span> \u00c7evrimi\u00e7i Web Sitesi \u0130ncelemesi i\u00e7in <span itemprop=\"itemreviewed\" itemscope=\"\" itemtype=\"http:\/\/schema.org\/Brand\"><span itemprop=\"name\">Beltmann Relocation Group<\/span><\/span>:<\/p>\n<ol>\n<li> Web sitesinde a\u00e7\u0131k ileti\u015fim bilgileri (telefon numaras\u0131 dahil): <strong>Evet<\/strong><\/li>\n<li> Almas\u0131 kolay <a href=\"https:\/\/moverdb.com\/tr\/alintilar\/\">uluslararas\u0131 ta\u015f\u0131ma teklifleri<\/a>? (\u00c7evrimi\u00e7i tahmin talep formu): <strong>Evet<\/strong><\/li>\n<li> Web sitesinde net bilgiler: <strong>Evet<\/strong>Web sitesi, SSS ve ipu\u00e7lar\u0131 da dahil olmak \u00fczere ta\u015f\u0131nmalar i\u00e7in faydal\u0131 kaynaklara sahiptir.<\/li>\n<li> Uluslararas\u0131 tan\u0131nm\u0131\u015f ta\u015f\u0131ma organizasyonlar\u0131na \u00fcyelik: <strong>Evet<\/strong>, bir\u00e7ok, yukar\u0131ya bak\u0131n<\/li>\n<li> M\u00fc\u015fterilerin listesi ve\/veya \u00f6nceki m\u00fc\u015fteri referanslar\u0131: <strong>Evet,<\/strong> Web sitesinde olumlu referanslar var ancak internetteki yorumlar biraz daha kar\u0131\u015f\u0131k.<\/li>\n<\/ol>\n<div itemprop=\"reviewRating\" itemscope itemtype=\"http:\/\/schema.org\/Rating\"><meta itemprop=\"worstRating\" content = \"0\" \/><meta itemprop=\"bestRating\" content=\"5\" \/><meta itemprop=\"ratingValue\" content=\"4.5\"><\/div>\n<p><strong>Genel puan: 4,5\/5<\/strong><br \/>\n<strong>\u0130nceleme Tarihi:<\/strong> <span itemprop=\"datePublished\" content=\"2016-11-05\">05\/11\/2016<\/span>\n<\/div>\n<p>Hakk\u0131nda daha fazlas\u0131n\u0131 okuyun <a href=\"https:\/\/moverdb.com\/tr\/tasinma-si%cc%87rketleri%cc%87\/\">uluslararas\u0131 nakliyeciler<\/a>, <a href=\"https:\/\/moverdb.com\/tr\/us-canada-movers\/\">ABD yurti\u00e7i nakliyecileri<\/a> ve bizim <a href=\"https:\/\/moverdb.com\/tr\/yorumlar\/\">g\u00f6zden ge\u00e7irme s\u00fcreci<\/a>.<\/p>\n<p><strong>Web sitesi:<\/strong> <a href=\"http:\/\/www.beltmann.com\/\" target=\"_blank\" rel=\"noopener\">http:\/\/www.beltmann.com\/<\/a><\/p>","protected":false},"excerpt":{"rendered":"<p>The Beltmann Relocation Group offers its customers a variety of moving services internationally and locally. These services are listed below together with a company profile and reviews. International Moves International corporate moves Individual moves United Nations Assistance and guidance with customs and immigration Assistance with pet relocation Door-to-door Move manager allocated Full service available Insurance [&hellip;]<\/p>\n","protected":false},"author":1,"featured_media":0,"parent":0,"menu_order":0,"comment_status":"closed","ping_status":"closed","template":"","meta":{"_genesis_hide_title":false,"_genesis_hide_breadcrumbs":false,"_genesis_hide_singular_image":false,"_genesis_hide_footer_widgets":false,"_genesis_custom_body_class":"","_genesis_custom_post_class":"","_genesis_layout":"","footnotes":""},"class_list":{"0":"post-1036","1":"page","2":"type-page","3":"status-publish","5":"entry"},"_links":{"self":[{"href":"https:\/\/moverdb.com\/tr\/wp-json\/wp\/v2\/pages\/1036","targetHints":{"allow":["GET"]}}],"collection":[{"href":"https:\/\/moverdb.com\/tr\/wp-json\/wp\/v2\/pages"}],"about":[{"href":"https:\/\/moverdb.com\/tr\/wp-json\/wp\/v2\/types\/page"}],"author":[{"embeddable":true,"href":"https:\/\/moverdb.com\/tr\/wp-json\/wp\/v2\/users\/1"}],"replies":[{"embeddable":true,"href":"https:\/\/moverdb.com\/tr\/wp-json\/wp\/v2\/comments?post=1036"}],"version-history":[{"count":6,"href":"https:\/\/moverdb.com\/tr\/wp-json\/wp\/v2\/pages\/1036\/revisions"}],"predecessor-version":[{"id":6182,"href":"https:\/\/moverdb.com\/tr\/wp-json\/wp\/v2\/pages\/1036\/revisions\/6182"}],"wp:attachment":[{"href":"https:\/\/moverdb.com\/tr\/wp-json\/wp\/v2\/media?parent=1036"}],"curies":[{"name":"wp","href":"https:\/\/api.w.org\/{rel}","templated":true}]}}