{"id":1034,"date":"2017-01-10T06:29:27","date_gmt":"2017-01-10T06:29:27","guid":{"rendered":"http:\/\/moverdb.com\/?page_id=1034"},"modified":"2026-01-08T13:18:31","modified_gmt":"2026-01-08T13:18:31","slug":"hilldrup-tasima-depolama","status":"publish","type":"page","link":"https:\/\/moverdb.com\/tr\/hilldrup-moving-storage\/","title":{"rendered":"Hilldrup Ta\u015f\u0131nma &amp; Depolama: Uluslararas\u0131 Ta\u015f\u0131nma Yorumlar\u0131"},"content":{"rendered":"<p>Hilldrup Moving and Storage Stafford VA'da yerle\u015fiktir. \u015eirket, m\u00fc\u015fterilerine \u015firket profili ve incelemelerle birlikte a\u015fa\u011f\u0131da listelenen \u00e7e\u015fitli hizmetler sunmaktad\u0131r.<\/p>\n<p><strong>Uluslararas\u0131 Ta\u015f\u0131nma Hizmetleri<\/strong><\/p>\n<p>Yer De\u011fi\u015ftirme Yard\u0131m\u0131<\/p>\n<ul>\n<li> \u0130nsan Kaynaklar\u0131 Dan\u0131\u015fmanl\u0131\u011f\u0131 ve Stratejik Planlama<\/li>\n<li> Pazarlama Deste\u011fi<\/li>\n<li> Ev Sat\u0131\u015f Program\u0131<\/li>\n<li> Gider Y\u00f6netimi<\/li>\n<li> Ge\u00e7ici Ya\u015fam D\u00fczenlemesi<\/li>\n<li> Uluslararas\u0131 G\u00f6revlendirme Hizmetleri<\/li>\n<li> Var\u0131\u015f Yeri ve Yerle\u015fme Hizmetleri<\/li>\n<li> Ta\u015f\u0131nma Y\u00f6netimi Programlar\u0131<\/li>\n<li> Tazminat, Vergi ve Bordro Hususlar\u0131<\/li>\n<li> \u00d6zelle\u015ftirilmi\u015f Raporlama<\/li>\n<li> G\u00f6t\u00fcr\u00fc Bedel Y\u00f6netimi<\/li>\n<\/ul>\n<p>Hareket Y\u00f6netimi<\/p>\n<ul>\n<li> \u00d6zel uluslararas\u0131 ta\u015f\u0131nma dan\u0131\u015fman\u0131<\/li>\n<li> T\u00fcm i\u00e7 ve deniz\/hava ta\u015f\u0131mac\u0131l\u0131\u011f\u0131n\u0131 y\u00f6netmek<\/li>\n<li> Pasaport, vize, g\u00fcmr\u00fck konular\u0131nda yard\u0131m<\/li>\n<\/ul>\n<p>Depolama Kapasiteleri<\/p>\n<ul>\n<li> Uzun s\u00fcreli ve k\u0131sa s\u00fcreli depolama<\/li>\n<li> D\u00fcnyan\u0131n d\u00f6rt bir yan\u0131ndaki depolama depolar\u0131na s\u0131n\u0131rs\u0131z eri\u015fim<\/li>\n<li> 7\/24 g\u00fcvenlik<\/li>\n<li> Sprinkler ve yang\u0131n s\u00f6nd\u00fcrme sistemleri<\/li>\n<li> DOD sertifikal\u0131<\/li>\n<li> 200.000 feet kare iklim kontroll\u00fc depolama alan\u0131 mevcuttur<\/li>\n<li> Otomobiller, tekneler ve karavanlar<\/li>\n<li> Uzun s\u00fcreli depolanan ara\u00e7lar i\u00e7in bak\u0131m.<\/li>\n<\/ul>\n<p><strong>Kurumsal Ta\u015f\u0131nma - Uluslararas\u0131 ve Yerel<\/strong><\/p>\n<p>Kalk\u0131\u015f Hizmetleri<\/p>\n<ul>\n<li> Ev Pazarlama Deste\u011fi<\/li>\n<li> M\u00fclk Y\u00f6netimi<\/li>\n<li> Ev E\u015fyalar\u0131n\u0131n Sevkiyat\u0131<\/li>\n<li> Seyahat Yard\u0131m\u0131<\/li>\n<\/ul>\n<p>Destinasyon Hizmetleri<\/p>\n<ul>\n<li> Var\u0131\u015f Yeri Oryantasyonu<\/li>\n<li> Ev Bulma Yard\u0131m\u0131<\/li>\n<li> \u0130potek Yard\u0131m\u0131<\/li>\n<li> Ge\u00e7ici Konut<\/li>\n<li> Kira Yard\u0131m\u0131<\/li>\n<li> Aile Ge\u00e7i\u015f Yard\u0131m\u0131<\/li>\n<\/ul>\n<p>K\u00fcresel G\u00f6revlendirme<\/p>\n<ul>\n<li> Alan Oryantasyonu<\/li>\n<li> Ge\u00e7ici Ya\u015fam<\/li>\n<li> Dil E\u011fitimi<\/li>\n<li> Vize ve G\u00f6\u00e7menlik Hizmetleri<\/li>\n<li> Kirac\u0131l\u0131k Y\u00f6netimi<\/li>\n<li> Maliyet Tahminleri<\/li>\n<li> Ev Bulma<\/li>\n<li> Yerle\u015ftirme Hizmetleri<\/li>\n<li> K\u00fclt\u00fcrler Aras\u0131 E\u011fitim<\/li>\n<li> Okul ve E\u011fitim Arama Yard\u0131m\u0131<\/li>\n<li> E\u015f\/Partner Destek Programlar\u0131<\/li>\n<\/ul>\n<p><strong>H\u00fck\u00fcmet ve Askeri<\/strong><\/p>\n<ul>\n<li> \u015eAMP\u0130YON<\/li>\n<li> DOD Ev Ta\u015f\u0131ma<\/li>\n<li> Tam yer de\u011fi\u015ftirme federal tedarik program\u0131<\/li>\n<li> Ofis ta\u015f\u0131nmas\u0131 federal tedarik program\u0131<\/li>\n<\/ul>\n<p><strong>Konut Ta\u015f\u0131ma Hizmetleri<\/strong><\/p>\n<ul>\n<li> Kap\u0131dan kap\u0131ya<\/li>\n<li> Tam hizmet mevcuttur<\/li>\n<li> Uzun ve k\u0131sa s\u00fcreli depolama mevcuttur<\/li>\n<li> Paketleme ve ambalaj a\u00e7ma<\/li>\n<li> Sigorta ayarland\u0131<\/li>\n<li> Otomobil ta\u015f\u0131mac\u0131l\u0131\u011f\u0131<\/li>\n<\/ul>\n<p><strong>Ticari Ta\u015f\u0131nma Hizmetleri<\/strong><\/p>\n<ul>\n<li> D\u00fcnya \u00e7ap\u0131nda ta\u015f\u0131nma y\u00f6netimi<\/li>\n<li> \u00dclke \u00e7ap\u0131nda ofis ta\u015f\u0131nmalar\u0131<\/li>\n<li> Kamp\u00fcs ayarlar\u0131<\/li>\n<li> B\u00fct\u00e7e\/maliyet analizi<\/li>\n<li> Kurulum<\/li>\n<li> Yeniden Yap\u0131land\u0131rma<\/li>\n<li> Varl\u0131k y\u00f6netimi<\/li>\n<li> Depolama<\/li>\n<li> BT ba\u011flant\u0131s\u0131n\u0131 kesme\/yeniden ba\u011flama<\/li>\n<li> BT i\u00e7in \u00f6zel tasar\u0131m ihtiya\u00e7 analizi<\/li>\n<li> Web tabanl\u0131 tasfiye<\/li>\n<\/ul>\n<h2>Hilldrup Ta\u015f\u0131mac\u0131l\u0131k &amp; Depolama \u015eirket Profili<\/h2>\n<p>Bay R G Hilldrup, \u015fimdiki Hilldrup Ta\u015f\u0131mac\u0131l\u0131k ve Depolama \u015eirketi olan \u015firketi 1903 y\u0131l\u0131nda kurdu. \u015eirket 1940'larda \u00e7al\u0131\u015fanlar\u0131ndan biri olan Bay C B McDaniel'e sat\u0131ld\u0131. Hilldrup 1964 y\u0131l\u0131nda <a href=\"https:\/\/moverdb.com\/tr\/united-van-lines\/\">United Van Lines<\/a> Bu da \u015firketin hizmetlerini \u00f6nemli \u00f6l\u00e7\u00fcde geni\u015fletmesini sa\u011flad\u0131. \u015eirket art\u0131k bireylere ve kurumsal m\u00fc\u015fterilere yerel, ulusal ve uluslararas\u0131 ta\u015f\u0131malar\u0131n yan\u0131 s\u0131ra kapsaml\u0131 depolama olanaklar\u0131 da sunuyor. <\/p>\n<p>Hilldrup \u015fu anda \u00fc\u00e7\u00fcnc\u00fc ku\u015fak McDaniel'ler taraf\u0131ndan y\u00f6netiliyor ve \u015firket ailenin g\u00fcc\u00fcne y\u00fcrekten inan\u0131yor. Bu anlay\u0131\u015f\u0131 m\u00fc\u015fterilerine de aktar\u0131yorlar. Hilldrup geri vermeyi seviyor ve toplumlar\u0131ndaki bir\u00e7ok hay\u0131r kurumunu destekliyor.<\/p>\n<p>Hilldrup Moving and Storage a\u015fa\u011f\u0131daki akreditasyonlara ve ba\u011flant\u0131lara sahiptir:<\/p>\n<ul>\n<li> <a href=\"https:\/\/moverdb.com\/tr\/amsa\/\">Amerikan Ta\u015f\u0131nma ve Depolama Birli\u011fi<\/a> (<a href=\"https:\/\/moverdb.com\/tr\/amsa\/\" data-internallinksmanager029f6b8e52c=\"5\" title=\"Amerikan Ta\u015f\u0131nma ve Depolama Birli\u011fi (AMSA) A\u00e7\u0131klamas\u0131\">AMSA<\/a>)<\/li>\n<li> <a href=\"https:\/\/moverdb.com\/tr\/rim-promover\/\">AMSA'n\u0131n Kay\u0131tl\u0131 Uluslararas\u0131 Ta\u015f\u0131mac\u0131 (RIM) Sertifikas\u0131<\/a><\/li>\n<li> Amerikan Kamyoncular Birli\u011fi (ATA)<\/li>\n<li> T\u00fcm \u015fube lokasyonlar\u0131 i\u00e7in Better Business Bureau<\/li>\n<li> Uluslararas\u0131 Atama Y\u00f6netimi Merkezi (CIAM)<\/li>\n<li> Merkezi Ev E\u015fyas\u0131 Trafik Y\u00f6netim Program\u0131 (CHAMP)<\/li>\n<li> Sertifikal\u0131 Yer De\u011fi\u015ftirme Uzman\u0131 (CRP) Atamalar\u0131<\/li>\n<li> CoreNet Global<\/li>\n<li> <a href=\"https:\/\/moverdb.com\/tr\/calisan-yer-degistirme-konseyi\/\">\u00c7al\u0131\u015fan Yer De\u011fi\u015ftirme Konseyi<\/a> (<a href=\"https:\/\/moverdb.com\/tr\/employee-relocation-council\/\" data-internallinksmanager029f6b8e52c=\"83\" title=\"D\u00fcnya \u00c7ap\u0131nda \u00c7al\u0131\u015fan Yer De\u011fi\u015ftirme Konseyi (ERC) A\u00e7\u0131klamas\u0131\">ERC<\/a>)<\/li>\n<li> Federal Denizcilik Komisyonu<\/li>\n<li> <a href=\"https:\/\/moverdb.com\/tr\/fidi-faim\/\">F\u00e9d\u00e9ration Internationale des D\u00e9m\u00e9nageurs Internationaux \/ Uluslararas\u0131 Ta\u015f\u0131mac\u0131l\u0131k \u015eirketleri Federasyonu<\/a> (<a href=\"https:\/\/moverdb.com\/tr\/fidi-faim\/\" data-internallinksmanager029f6b8e52c=\"16\" title=\"FIDI &amp; FAIM (FIDI Akredite Uluslararas\u0131 Ta\u015f\u0131mac\u0131) A\u00e7\u0131klamas\u0131\">FIDI<\/a>)<\/li>\n<li> FIDI FAIM\/ISO Sertifikasyonu<\/li>\n<li> K\u00fcresel Hareketlilik Uzman\u0131 (GMS) Atamalar\u0131<\/li>\n<li> <a href=\"https:\/\/moverdb.com\/tr\/hgfaa\/\">Ev E\u015fyas\u0131 Ta\u015f\u0131mac\u0131lar\u0131 Derne\u011fi<\/a> (HHGFA)<\/li>\n<li> <a href=\"https:\/\/moverdb.com\/tr\/iata\/\">Uluslararas\u0131 Hava Ta\u015f\u0131mac\u0131l\u0131\u011f\u0131 Birli\u011fi<\/a> (<a href=\"https:\/\/moverdb.com\/tr\/iata\/\" data-internallinksmanager029f6b8e52c=\"22\" title=\"Uluslararas\u0131 Hava Ta\u015f\u0131mac\u0131l\u0131\u011f\u0131 Birli\u011fi (IATA) A\u00e7\u0131klamas\u0131\">IATA<\/a>)<\/li>\n<li> <a href=\"https:\/\/moverdb.com\/tr\/iam\/\">Uluslararas\u0131 Ta\u015f\u0131mac\u0131lar Birli\u011fi<\/a> (<a href=\"https:\/\/moverdb.com\/tr\/iam\/\" data-internallinksmanager029f6b8e52c=\"23\" title=\"Uluslararas\u0131 Ta\u015f\u0131mac\u0131lar Birli\u011fi (IAM) A\u00e7\u0131klamas\u0131\">IAM<\/a>)<\/li>\n<li> Uluslararas\u0131 Tesis Y\u00f6netimi Birli\u011fi (IFMA)<\/li>\n<li> ISO 9001:2000 Sertifikas\u0131<\/li>\n<li> <a href=\"https:\/\/moverdb.com\/tr\/lacma\/\">Latin Amerika ve Karayipler Ta\u015f\u0131mac\u0131lar Birli\u011fi<\/a> (<a href=\"https:\/\/moverdb.com\/tr\/lacma\/\" data-internallinksmanager029f6b8e52c=\"28\" title=\"Latin Amerika ve Karayipler Uluslararas\u0131 Ta\u015f\u0131mac\u0131lar Birli\u011fi (LACMA)\">LACMA<\/a>)<\/li>\n<li> Uluslararas\u0131 Profesyonel \u00c7al\u0131\u015fan Yer De\u011fi\u015ftirme Konseyi (PERC International)<\/li>\n<li> <a href=\"https:\/\/moverdb.com\/tr\/rim-promover\/\">ProMover<\/a><\/li>\n<li> UniGroup Worldwide Sertifikal\u0131 Uluslararas\u0131 Acente Forwarder<\/li>\n<li> UniGroup Worldwide UTS Agent Forwarder<\/li>\n<\/ul>\n<h2>Hilldrup Ta\u015f\u0131mac\u0131l\u0131k &amp; Depolama Yorumlar\u0131<\/h2>\n<p><strong>Olumlu:<\/strong><\/p>\n<ul>\n<li> <em>\"Her \u015feyi ta\u015f\u0131d\u0131lar ve harika bir i\u015f \u00e7\u0131kard\u0131lar.  Arka ofis de sorular\u0131 yan\u0131tlamak ve ta\u015f\u0131nmayla ilgili her \u015feyi bildi\u011fimizden emin olmak konusunda olduk\u00e7a harikayd\u0131.\"<\/em> - Michael S. arac\u0131l\u0131\u011f\u0131yla <a href=\"https:\/\/www.yelp.co.uk\/biz\/hilldrup-moving-and-storage-stafford?hrid=hESxKCc7GvTBdlp-kN4udw&#038;utm_campaign=www_review_share_popup&#038;utm_medium=copy_link&#038;utm_source=(direct)\" target=\"_blank\" rel=\"noopener\">Yelp<\/a>.<\/li>\n<li> <em>\"Bu \u015firketten daha mutlu olamazd\u0131k, tekliften son teslimata kadar zaman\u0131nda, profesyonel, nazik ve \u00e7ok arkada\u015f canl\u0131s\u0131yd\u0131lar.\"<\/em> - Yarbs arac\u0131l\u0131\u011f\u0131yla <a href=\"https:\/\/www.bbb.org\/richmond\/business-reviews\/movers\/hilldrup-moving-storage-in-stafford-va-37026248\/reviews-and-complaints\" target=\"_blank\" rel=\"noopener\">BBB<\/a><\/li>\n<\/ul>\n<p><strong>Olumsuz:<\/strong><\/p>\n<ul>\n<li> <em>\"Bu adamlar berbat. Profesyonel nakliyeciler ald\u0131\u011f\u0131n\u0131zda baz\u0131 \u015feylerin k\u0131r\u0131lmas\u0131n\u0131 bekledi\u011finizi biliyorum, bu sadece s\u00fcrecin bir par\u00e7as\u0131. Sorun \u015fu ki, ger\u00e7ekten aptalca hatalar y\u00fcz\u00fcnden k\u0131r\u0131lan \u015feyler bulduk.\"<\/em> - Nick T. arac\u0131l\u0131\u011f\u0131yla <a href=\"https:\/\/www.yelp.co.uk\/biz\/hilldrup-moving-and-storage-stafford?hrid=tgu5ZfofrNJ6h_HXaIX9PQ&#038;utm_campaign=www_review_share_popup&#038;utm_medium=copy_link&#038;utm_source=(direct)\" target=\"_blank\" rel=\"noopener\">Yelp<\/a><\/li>\n<li> <em>\"Hilldrup'tan gelen \u015fof\u00f6r\u00fcn bo\u015faltma konusunda hi\u00e7bir deneyimi yoktu ve e\u015fyalar\u0131 y\u00fcksek binalara getiriyordu. Bu \u00e7ok k\u00f6t\u00fc ve hi\u00e7 profesyonelce de\u011fil.\"<\/em> - Sharad arac\u0131l\u0131\u011f\u0131yla <a href=\"https:\/\/www.mymovingreviews.com\/movers\/hilldrup-3657\" target=\"_blank\" rel=\"noopener\">MyMoingReviews.com<\/a><\/li>\n<\/ul>\n<div itemprop=\"review\" itemscope itemtype=\"http:\/\/schema.org\/Review\">\n<span itemprop=\"author\" itemscope=\"\" itemtype=\"http:\/\/schema.org\/Organization\"><span itemprop=\"name\">MoverDB.com<\/span><\/span> \u00c7evrimi\u00e7i Web Sitesi \u0130ncelemesi i\u00e7in <span itemprop=\"itemreviewed\" itemscope=\"\" itemtype=\"http:\/\/schema.org\/Brand\"><span itemprop=\"name\">Hilldrup Ta\u015f\u0131nma ve Depolama<\/span><\/span>:<\/p>\n<ol>\n<li> Web sitesinde a\u00e7\u0131k ileti\u015fim bilgileri (telefon numaras\u0131 dahil): <strong>Evet<\/strong><\/li>\n<li> Almas\u0131 kolay <a href=\"https:\/\/moverdb.com\/tr\/alintilar\/\">uluslararas\u0131 ta\u015f\u0131ma teklifleri<\/a>? (\u00c7evrimi\u00e7i tahmin talep formu): <strong>Evet<\/strong><\/li>\n<li> Web sitesinde net bilgiler: <strong>Evet,<\/strong> Web sitesi iyi tasarlanm\u0131\u015f ve sunulan \u00fcr\u00fcn ve hizmetleri net bir \u015fekilde \u00f6zetliyor.<\/li>\n<li> Uluslararas\u0131 tan\u0131nm\u0131\u015f ta\u015f\u0131ma organizasyonlar\u0131na \u00fcyelik: <strong>Evet<\/strong>, bir\u00e7ok, yukar\u0131ya bak\u0131n<\/li>\n<li> M\u00fc\u015fterilerin listesi ve\/veya \u00f6nceki m\u00fc\u015fteri referanslar\u0131. <strong>Evet,<\/strong> Web sitelerinde \u00f6d\u00fcllerini ve ba\u011flant\u0131lar\u0131n\u0131 listelerken m\u00fc\u015fteri referanslar\u0131n\u0131n bir listesini bulamad\u0131k. Bununla birlikte, genellikle web'in d\u00f6rt bir yan\u0131ndan gelen postie incelemeleri var.<\/li>\n<\/ol>\n<div itemprop=\"reviewRating\" itemscope itemtype=\"http:\/\/schema.org\/Rating\"><meta itemprop=\"worstRating\" content = \"0\" \/><meta itemprop=\"bestRating\" content=\"5\" \/><meta itemprop=\"ratingValue\" content=\"4.5\"><\/div>\n<p><strong>Genel puan: 4,5\/5<\/strong><br \/>\n<strong>\u0130nceleme Tarihi:<\/strong> <span itemprop=\"datePublished\" content=\"2017-01-10\">10\/01\/2017<\/span>\n<\/div>\n<p>Hakk\u0131nda daha fazlas\u0131n\u0131 okuyun <a href=\"https:\/\/moverdb.com\/tr\/tasinma-si%cc%87rketleri%cc%87\/\">uluslararas\u0131 ta\u015f\u0131ma \u015firketleri<\/a>, <a href=\"https:\/\/moverdb.com\/tr\/us-canada-movers\/\">ev ta\u015fima \u015fi\u0307rketleri\u0307<\/a> ve bizim <a href=\"https:\/\/moverdb.com\/tr\/yorumlar\/\">i\u0307nceleme s\u00fcreci\u0307 a\u00e7iklandi<\/a>.<\/p>\n<p><strong>Web sitesi:<\/strong> <a href=\"https:\/\/www.hilldrup.com\/\" target=\"_blank\" rel=\"noopener\">https:\/\/www.hilldrup.com\/<\/a><\/p>","protected":false},"excerpt":{"rendered":"<p>Hilldrup Moving and Storage is based in Stafford VA. The company offers its client a variety of services which are listed below, together with a company profile and reviews. International Moving Services Relocation Assistance Human Resource Consulting and Strategic Planning Marketing Assistance Home Sales Program Expense Administration Temporary Living Arrangement International Assignment Services Destination and [&hellip;]<\/p>\n","protected":false},"author":1,"featured_media":0,"parent":0,"menu_order":0,"comment_status":"closed","ping_status":"closed","template":"","meta":{"_genesis_hide_title":false,"_genesis_hide_breadcrumbs":false,"_genesis_hide_singular_image":false,"_genesis_hide_footer_widgets":false,"_genesis_custom_body_class":"","_genesis_custom_post_class":"","_genesis_layout":"","footnotes":""},"class_list":{"0":"post-1034","1":"page","2":"type-page","3":"status-publish","5":"entry"},"_links":{"self":[{"href":"https:\/\/moverdb.com\/tr\/wp-json\/wp\/v2\/pages\/1034","targetHints":{"allow":["GET"]}}],"collection":[{"href":"https:\/\/moverdb.com\/tr\/wp-json\/wp\/v2\/pages"}],"about":[{"href":"https:\/\/moverdb.com\/tr\/wp-json\/wp\/v2\/types\/page"}],"author":[{"embeddable":true,"href":"https:\/\/moverdb.com\/tr\/wp-json\/wp\/v2\/users\/1"}],"replies":[{"embeddable":true,"href":"https:\/\/moverdb.com\/tr\/wp-json\/wp\/v2\/comments?post=1034"}],"version-history":[{"count":3,"href":"https:\/\/moverdb.com\/tr\/wp-json\/wp\/v2\/pages\/1034\/revisions"}],"predecessor-version":[{"id":6220,"href":"https:\/\/moverdb.com\/tr\/wp-json\/wp\/v2\/pages\/1034\/revisions\/6220"}],"wp:attachment":[{"href":"https:\/\/moverdb.com\/tr\/wp-json\/wp\/v2\/media?parent=1034"}],"curies":[{"name":"wp","href":"https:\/\/api.w.org\/{rel}","templated":true}]}}