{"id":1032,"date":"2016-11-24T06:36:56","date_gmt":"2016-11-24T06:36:56","guid":{"rendered":"http:\/\/moverdb.com\/?page_id=1032"},"modified":"2026-01-08T14:47:59","modified_gmt":"2026-01-08T14:47:59","slug":"coleman-worldwide-moving","status":"publish","type":"page","link":"https:\/\/moverdb.com\/tr\/coleman-worldwide-moving\/","title":{"rendered":"Coleman Worldwide Moving: Uluslararas\u0131 Ta\u015f\u0131nma Yorumlar\u0131"},"content":{"rendered":"<p>Coleman Worldwide Moving, Coleman American Moving Services &amp; Coleman Allied olarak da bilinir ve bir\u00e7ok uluslararas\u0131 ta\u015f\u0131ma hizmeti sunar. Bunlar a\u015fa\u011f\u0131da bir \u015firket profili ve incelemelerle birlikte listelenmi\u015ftir.<\/p>\n<p><strong>Uluslararas\u0131 Ta\u015f\u0131mac\u0131lar<\/strong><\/p>\n<ul>\n<li> Tam hizmet paketleme<\/li>\n<li> Ki\u015fisel ta\u015f\u0131nma koordinat\u00f6r\u00fc<\/li>\n<li> \u00d6zel sand\u0131klama<\/li>\n<li> <a href=\"https:\/\/moverdb.com\/tr\/araba-tasima-nakliye\/\">Ara\u00e7 nakliyesi<\/a><\/li>\n<li> On line g\u00f6nderi takibi<\/li>\n<li> Uzun ve k\u0131sa s\u00fcreli depolama<\/li>\n<li> Paketten \u00c7\u0131karma<\/li>\n<li> Enkaz kald\u0131rma<\/li>\n<\/ul>\n<p><strong>Kurumsal Ta\u015f\u0131nma<\/strong><\/p>\n<ul>\n<li> Tam hizmet paketleme<\/li>\n<li> Ki\u015fisel ta\u015f\u0131nma koordinat\u00f6r\u00fc<\/li>\n<li> Bir \u00e7al\u0131\u015fandan t\u00fcm personele kadar<\/li>\n<li> Paketten \u00c7\u0131karma<\/li>\n<li> <a href=\"https:\/\/moverdb.com\/tr\/car-transport-shipping\/\" data-internallinksmanager029f6b8e52c=\"2\" title=\"2026 Uluslararas\u0131 Ara\u00e7 Ta\u015f\u0131ma &amp; Ara\u00e7 Nakliye Fiyatlar\u0131\">Ara\u00e7 nakliyesi<\/a><\/li>\n<li> Ambalaj a\u00e7ma ve enkaz kald\u0131rma<\/li>\n<li> Online g\u00f6nderi takibi<\/li>\n<\/ul>\n<p><strong>Ticari Ta\u015f\u0131y\u0131c\u0131lar<\/strong><\/p>\n<ul>\n<li> End\u00fcstriyel ta\u015f\u0131ma<\/li>\n<li> H\u00fck\u00fcmet ta\u015f\u0131n\u0131yor<\/li>\n<li> Ofis ta\u015f\u0131ma<\/li>\n<li> Bilgisayar ve elektronik e\u015fyalar\u0131n ta\u015f\u0131nmas\u0131<\/li>\n<li> Kurumsal ta\u015f\u0131nma<\/li>\n<\/ul>\n<p><strong>Devlet ve Askeri Ta\u015f\u0131mac\u0131lar<\/strong><\/p>\n<ul>\n<li> Ki\u015fisel ta\u015f\u0131nma koordinat\u00f6r\u00fc<\/li>\n<li> Tam hizmet paketleme<\/li>\n<li> S\u0131k\u0131 hareket protokollerini takip edin<\/li>\n<\/ul>\n<p><strong>Ev Ta\u015f\u0131mac\u0131lar\u0131<\/strong><\/p>\n<ul>\n<li> Ki\u015fisel ta\u015f\u0131nma koordinat\u00f6r\u00fc<\/li>\n<li> Her boyutta i\u015f<\/li>\n<li> Sunulan tam hizmet<\/li>\n<li> Paketleme ve ambalaj a\u00e7ma<\/li>\n<li> K\u0131sa ve uzun s\u00fcreli depolama<\/li>\n<\/ul>\n<h2>Coleman Worldwide Moving \u015eirket Profili<\/h2>\n<p>Coleman Worldwide Moving 1914'ten beri varl\u0131\u011f\u0131n\u0131 s\u00fcrd\u00fcrmektedir ve \u015fu anda Coleman World Group'un bir par\u00e7as\u0131d\u0131r. Hayata 8 at ve iki vagonla ba\u015flayan \u015firket \u015fu anda bireyler ve \u015firketler i\u00e7in uluslararas\u0131, uzun mesafe, yerel ve \u00fclke \u00e7ap\u0131nda ta\u015f\u0131malara odaklanmaktad\u0131r.<\/p>\n<p>Ayn\u0131 zamanda Coleman American Moving Services olarak da bilinir ve <a href=\"https:\/\/moverdb.com\/tr\/allied-van-lines\/\">Allied Ta\u015f\u0131mac\u0131l\u0131k<\/a> grubun ba\u011fl\u0131 \u015firketleri.<\/p>\n<p>Coleman'\u0131n T\u00fcrkiye'de \u015firkete ait 50'den fazla ofisi bulunmaktad\u0131r. <a href=\"https:\/\/moverdb.com\/tr\/moving-to-the-united-states\/\" data-internallinksmanager029f6b8e52c=\"94\" title=\"Amerika Birle\u015fik Devletleri&#039;ne mi ta\u015f\u0131n\u0131yorsunuz? 2026 Ya\u015fam Maliyetleri ve Yer De\u011fi\u015ftirme \u0130pu\u00e7lar\u0131\">ABD<\/a> ve d\u00fcnya \u00e7ap\u0131nda 175 \u00fclkede 400'den fazla acentesi bulunmaktad\u0131r. Kurucular\u0131n\u0131n 1914 y\u0131l\u0131nda verdi\u011fi hizmetin ayn\u0131s\u0131n\u0131 vermeye kararl\u0131 bir aile \u015firketidir. <\/p>\n<p>Coleman Worldwide Moving a\u015fa\u011f\u0131daki akreditasyonlara ve ba\u011flant\u0131lara sahiptir:<\/p>\n<ul>\n<li> <a href=\"https:\/\/moverdb.com\/tr\/rim-promover\/\">ProMover<\/a><\/li>\n<li> <a href=\"https:\/\/moverdb.com\/tr\/amsa\/\">AMSA<\/a><\/li>\n<li> BBB akredite<\/li>\n<li> Allied Kalite \u00d6d\u00fcl\u00fc Sahibi<\/li>\n<li> A\u00e7l\u0131k \u0130\u00e7in Hareket Et<\/li>\n<\/ul>\n<p><strong>Coleman Worldwide Moving Yorumlar\u0131<\/strong><\/p>\n<p><strong>Olumlu:<\/strong><\/p>\n<ul>\n<li> <em>\"Harika Hizmet... Kolay... Stressiz ta\u015f\u0131nma. Do\u011fru ta\u015f\u0131nma tahmini sa\u011flad\u0131. Her yerde profesyonel personel. Tahminden teslimata kadar. Profesyonel ve Dost\u00e7a kar\u015f\u0131lama, Ta\u015f\u0131ma ve Teslimat. \u00c7ok te\u015fekk\u00fcr ederim.\"<\/em>  - Anthony arac\u0131l\u0131\u011f\u0131yla <a href=\"http:\/\/www.colemanallied.com\/moving-reviews\/\" target=\"_blank\" rel=\"noopener\">\u015fi\u0307rket web si\u0307tesi\u0307<\/a><\/li>\n<li> <em>\"90 ya\u015f\u0131ndaki babam ve ben Coleman Worldwide Moving'den daha fazla memnun olamazd\u0131k.\"<\/em> - Tori arac\u0131l\u0131\u011f\u0131yla <a href=\"https:\/\/www.yelp.com\/biz\/coleman-american-moving-services-san-diego?hrid=Ofenf__KAOD4xnvo73xHNw&#038;utm_campaign=www_review_share_popup&#038;utm_medium=copy_link&#038;utm_source=(direct)\" target=\"_blank\" rel=\"noopener\">Yelp<\/a> (Coleman American Moving Services i\u00e7in)<\/li>\n<li> <em>\"Ta\u015f\u0131nma i\u015findeydim ama ilk kez m\u00fc\u015fteri oldum. Y\u00fckleme i\u00e7in g\u00f6nderilen elemanlar nazik, iyi huylu ve \u00e7al\u0131\u015fkand\u0131. Tam da benim yerel yard\u0131m ararken i\u015fe alaca\u011f\u0131m t\u00fcrden adamlar.\"<\/em> - Donna arac\u0131l\u0131\u011f\u0131yla <a href=\"https:\/\/www.facebook.com\/pg\/colemanallied\/reviews\/\" target=\"_blank\" rel=\"noopener\">Facebook sayfas\u0131<\/a><\/li>\n<li> <em>\"Allied ile ta\u015f\u0131nma konusunda her zaman iyi deneyimlerim oldu ancak bu ta\u015f\u0131nma di\u011ferlerini \u00e7ok a\u015ft\u0131! Benim i\u00e7in ger\u00e7ekten stressiz bir ta\u015f\u0131nma oldu.\"<\/em> - Marlena arac\u0131l\u0131\u011f\u0131yla <a href=\"http:\/\/www.mymovingreviews.com\/movers\/coleman-worldwide-moving-3905#59102\" target=\"_blank\" rel=\"noopener\">MyMovingReviews<\/a><\/li>\n<\/ul>\n<p><strong>Olumsuz:<\/strong><\/p>\n<ul>\n<li> <em>\"Eyaletler aras\u0131 ta\u015f\u0131nmam\u0131z\u0131 ger\u00e7ekle\u015ftiren Coleman\/Allied Worldwide ile deneyimlerimiz (<a href=\"https:\/\/moverdb.com\/tr\/moving-to-the-united-states\/moving-to-alabama\/\" data-internallinksmanager029f6b8e52c=\"448\" title=\"Alabama&#039;ya m\u0131 Ta\u015f\u0131n\u0131yorsunuz? 2024 Ya\u015fam Maliyetleri &amp; Yer De\u011fi\u015ftirme \u0130pu\u00e7lar\u0131\">Alabama<\/a> i\u00e7in <a href=\"https:\/\/moverdb.com\/tr\/moving-to-the-united-states\/moving-to-north-carolina\/\" data-internallinksmanager029f6b8e52c=\"411\" title=\"Kuzey Carolina&#039;ya Ta\u015f\u0131nmak m\u0131? 2026 Ya\u015fam Maliyetleri ve Yer De\u011fi\u015ftirme \u0130pu\u00e7lar\u0131\">Kuzey Carolina<\/a>) sorunlarla doluydu.\"<\/em> - Sarah arac\u0131l\u0131\u011f\u0131yla <a href=\"https:\/\/www.bbb.org\/csal\/business-reviews\/movers\/coleman-worldwide-moving-in-midland-city-al-4001673\/reviews-and-complaints\" target=\"_blank\" rel=\"noopener\">BBB<\/a><\/li>\n<li> <em>\"Bu deneyimin y\u00fczeyini bile kaz\u0131mad\u0131m. Anlatacak daha \u00e7ok \u015fey var ama en az\u0131ndan en k\u00f6t\u00fcn\u00fcn en k\u00f6t\u00fcs\u00fcn\u00fc ifade etmek istedim.\"<\/em> - Kristin arac\u0131l\u0131\u011f\u0131yla <a href=\"https:\/\/www.consumeraffairs.com\/movers\/allied_van_lines.htm\" target=\"_blank\" rel=\"noopener\">T\u00fcketici \u0130li\u015fkileri<\/a><\/li>\n<li> <em>\"BUNU KULLANMAYIN <a href=\"https:\/\/moverdb.com\/tr\/moving-companies\/\" data-internallinksmanager029f6b8e52c=\"79\" title=\"\u00c7evrimi\u00e7i En \u0130yi 25 Uluslararas\u0131 Nakliye \u015eirketi\">TA\u015eIMACILIK \u015e\u0130RKET\u0130<\/a>.  St Pete'de \u00e7ok gecikmeli bir ba\u015flang\u0131\u00e7tan sonra tropikal bir f\u0131rt\u0131na s\u0131ras\u0131nda bizi i\u00e7eri ta\u015f\u0131makta \u0131srar ettiler. <a href=\"https:\/\/moverdb.com\/tr\/atlantaya-tasinma\/\">Atlanta<\/a>.\"<\/em> - Becky arac\u0131l\u0131\u011f\u0131yla <a href=\"https:\/\/www.yelp.com\/biz\/coleman-worldwide-moving-fairburn\" target=\"_blank\" rel=\"noopener\">Yelp<\/a><\/li>\n<li> <em>\"Ordunun bu \u015firketi ta\u015f\u0131y\u0131c\u0131 olmaktan \u00e7\u0131karmas\u0131 gerekiyor. Evimin paketlenmesinden teslimat ve makbuzlara kadar bu \u015firketle \u015fahsen sorunlar ya\u015fad\u0131m.\"<\/em> - Shawni arac\u0131l\u0131\u011f\u0131yla <a href=\"https:\/\/www.facebook.com\/pg\/colemanallied\/reviews\/\" target=\"_blank\" rel=\"noopener\">Facebook sayfas\u0131<\/a><\/li>\n<\/ul>\n<div itemprop=\"review\" itemscope itemtype=\"http:\/\/schema.org\/Review\">\n<span itemprop=\"author\" itemscope=\"\" itemtype=\"http:\/\/schema.org\/Organization\"><span itemprop=\"name\">MoverDB.com<\/span><\/span> \u00c7evrimi\u00e7i Web Sitesi \u0130ncelemesi i\u00e7in <span itemprop=\"itemreviewed\" itemscope=\"\" itemtype=\"http:\/\/schema.org\/Brand\"><span itemprop=\"name\">Coleman Worldwide Ta\u015f\u0131mac\u0131l\u0131k<\/span><\/span>:<\/p>\n<ol>\n<li> Web sitesinde a\u00e7\u0131k ileti\u015fim bilgileri (telefon numaras\u0131 dahil): <strong>Evet<\/strong><\/li>\n<li> Almas\u0131 kolay <a href=\"https:\/\/moverdb.com\/tr\/alintilar\/\">uluslararas\u0131 ta\u015f\u0131ma teklifleri<\/a>? (\u00c7evrimi\u00e7i tahmin talep formu): <strong>Evet<\/strong><\/li>\n<li> Web sitesinde net bilgiler: <strong>Baz\u0131lar\u0131<\/strong>Hizmetleri hakk\u0131nda bilgi olsa da bunun \u00f6tesinde pek bir \u015fey yok.<\/li>\n<li> Uluslararas\u0131 tan\u0131nm\u0131\u015f ta\u015f\u0131ma organizasyonlar\u0131na \u00fcyelik: <strong>Evet<\/strong>Di\u011fer bir\u00e7ok ta\u015f\u0131ma \u015firketi kadar olmasa da.<\/li>\n<li> M\u00fc\u015fterilerin listesi ve\/veya \u00f6nceki m\u00fc\u015fteri referanslar\u0131: <strong>Evet<\/strong>Web sitesinde bir\u00e7ok olumlu m\u00fc\u015fteri referans\u0131 var, ancak web'in geri kalan\u0131ndan gelen incelemeler biraz daha kar\u0131\u015f\u0131k.<\/li>\n<\/ol>\n<div itemprop=\"reviewRating\" itemscope itemtype=\"http:\/\/schema.org\/Rating\"><meta itemprop=\"worstRating\" content = \"0\" \/><meta itemprop=\"bestRating\" content=\"5\" \/><meta itemprop=\"ratingValue\" content=\"4\"><\/div>\n<p><strong>Genel puan: 4\/5<\/strong><br \/>\n<strong>\u0130nceleme Tarihi:<\/strong> <span itemprop=\"datePublished\" content=\"2016-11-24\">24\/11\/2016<\/span>\n<\/div>\n<p>Hakk\u0131nda daha fazlas\u0131n\u0131 okuyun <a href=\"https:\/\/moverdb.com\/tr\/tasinma-si%cc%87rketleri%cc%87\/\">en i\u0307yi\u0307 uluslararasi ta\u015fimacilar<\/a>, <a href=\"https:\/\/moverdb.com\/tr\/us-canada-movers\/\">Amerika Birle\u015fik Devletleri'ndeki nakliyeciler<\/a> ve bizim <a href=\"https:\/\/moverdb.com\/tr\/yorumlar\/\">g\u00f6zden ge\u00e7irme s\u00fcreci<\/a>.<\/p>\n<p><strong>Web sitesi:<\/strong> <a href=\"http:\/\/www.colemanallied.com\/\" target=\"_blank\" rel=\"noopener\">http:\/\/www.colemanallied.com\/<\/a><\/p>","protected":false},"excerpt":{"rendered":"<p>Coleman Worldwide Moving also known as Coleman American Moving Services &#038; Coleman Allied offers many international moving services. These are listed below, together with a company profile and reviews. International Movers Full service packing Personal move coordinator Custom crating Vehicle shipping On line shipment tracking Long and short term storage Unpacking Debris removal Corporate Relocation [&hellip;]<\/p>\n","protected":false},"author":1,"featured_media":0,"parent":0,"menu_order":0,"comment_status":"closed","ping_status":"closed","template":"","meta":{"_genesis_hide_title":false,"_genesis_hide_breadcrumbs":false,"_genesis_hide_singular_image":false,"_genesis_hide_footer_widgets":false,"_genesis_custom_body_class":"","_genesis_custom_post_class":"","_genesis_layout":"","footnotes":""},"class_list":{"0":"post-1032","1":"page","2":"type-page","3":"status-publish","5":"entry"},"_links":{"self":[{"href":"https:\/\/moverdb.com\/tr\/wp-json\/wp\/v2\/pages\/1032","targetHints":{"allow":["GET"]}}],"collection":[{"href":"https:\/\/moverdb.com\/tr\/wp-json\/wp\/v2\/pages"}],"about":[{"href":"https:\/\/moverdb.com\/tr\/wp-json\/wp\/v2\/types\/page"}],"author":[{"embeddable":true,"href":"https:\/\/moverdb.com\/tr\/wp-json\/wp\/v2\/users\/1"}],"replies":[{"embeddable":true,"href":"https:\/\/moverdb.com\/tr\/wp-json\/wp\/v2\/comments?post=1032"}],"version-history":[{"count":5,"href":"https:\/\/moverdb.com\/tr\/wp-json\/wp\/v2\/pages\/1032\/revisions"}],"predecessor-version":[{"id":6193,"href":"https:\/\/moverdb.com\/tr\/wp-json\/wp\/v2\/pages\/1032\/revisions\/6193"}],"wp:attachment":[{"href":"https:\/\/moverdb.com\/tr\/wp-json\/wp\/v2\/media?parent=1032"}],"curies":[{"name":"wp","href":"https:\/\/api.w.org\/{rel}","templated":true}]}}