{"id":10263,"date":"2023-06-22T15:31:17","date_gmt":"2023-06-22T15:31:17","guid":{"rendered":"https:\/\/moverdb.com\/?page_id=10263"},"modified":"2026-01-08T15:24:56","modified_gmt":"2026-01-08T15:24:56","slug":"moving-companies-zimbabwe","status":"publish","type":"page","link":"https:\/\/moverdb.com\/tr\/moving-companies\/moving-companies-zimbabwe\/","title":{"rendered":"Zimbabve'deki En \u0130yi 4 Uluslararas\u0131 Nakliye \u015eirketi"},"content":{"rendered":"<p>Bir ta\u015f\u0131nma planlad\u0131\u011f\u0131n\u0131zda, \u00f6zellikle de \u00fclkeler aras\u0131nda, yap\u0131lacak \u00e7ok \u015fey oldu\u011fu i\u00e7in bunalt\u0131c\u0131 olabilir. Bir nakliye \u015firketi <a href=\"https:\/\/moverdb.com\/tr\/moving-companies\/\" data-internallinksmanager029f6b8e52c=\"79\" title=\"\u00c7evrimi\u00e7i En \u0130yi 25 Uluslararas\u0131 Nakliye \u015eirketi\">ta\u015finma \u015fi\u0307rketi\u0307<\/a> bu y\u00fck\u00fc hafifletebilir ve ta\u015f\u0131nman\u0131z\u0131 daha sorunsuz hale getirebilir. A\u015fa\u011f\u0131da Zimbabve merkezli bir liste derledik <a href=\"https:\/\/moverdb.com\/tr\/international-removals\/\" data-internallinksmanager029f6b8e52c=\"27\" title=\"36 \u0130ngiltere&#039;deki En \u0130yi Uluslararas\u0131 Nakliye \u015eirketleri\">nakli\u0307ye \u015fi\u0307rketleri\u0307<\/a> \u00fcyesi olan <a href=\"https:\/\/moverdb.com\/tr\/iam\/\" data-internallinksmanager029f6b8e52c=\"23\" title=\"Uluslararas\u0131 Ta\u015f\u0131mac\u0131lar Birli\u011fi (IAM) A\u00e7\u0131klamas\u0131\">Uluslararas\u0131 Ta\u015f\u0131mac\u0131lar Birli\u011fi<\/a> (IAM) ve\/veya <a href=\"https:\/\/moverdb.com\/tr\/fidi-faim\/\" data-internallinksmanager029f6b8e52c=\"16\" title=\"FIDI &amp; FAIM (FIDI Akredite Uluslararas\u0131 Ta\u015f\u0131mac\u0131) A\u00e7\u0131klamas\u0131\">FIDI<\/a> Ta\u015f\u0131nman\u0131zda size yard\u0131mc\u0131 olabilecek Akredite Uluslararas\u0131 Ta\u015f\u0131y\u0131c\u0131 (FAIM).<\/p>\n<div id=\"ez-toc-container\" class=\"ez-toc-v2_0_82_2 ez-toc-wrap-left counter-hierarchy ez-toc-counter ez-toc-transparent ez-toc-container-direction\">\n<div class=\"ez-toc-title-container\">\n<p class=\"ez-toc-title\" style=\"cursor:inherit\">B\u00f6l\u00fcmler<\/p>\n<span class=\"ez-toc-title-toggle\"><a href=\"#\" class=\"ez-toc-pull-right ez-toc-btn ez-toc-btn-xs ez-toc-btn-default ez-toc-toggle\" aria-label=\"\u0130\u00e7indekiler Tablosunu A\u00e7\/Kapat\"><span class=\"ez-toc-js-icon-con\"><span class=\"\"><span class=\"eztoc-hide\" style=\"display:none;\">Ge\u00e7i\u015f<\/span><span class=\"ez-toc-icon-toggle-span\"><svg style=\"fill: #999;color:#999\" xmlns=\"http:\/\/www.w3.org\/2000\/svg\" class=\"list-377408\" width=\"20px\" height=\"20px\" viewbox=\"0 0 24 24\" fill=\"none\"><path d=\"M6 6H4v2h2V6zm14 0H8v2h12V6zM4 11h2v2H4v-2zm16 0H8v2h12v-2zM4 16h2v2H4v-2zm16 0H8v2h12v-2z\" fill=\"currentColor\"><\/path><\/svg><svg style=\"fill: #999;color:#999\" class=\"arrow-unsorted-368013\" xmlns=\"http:\/\/www.w3.org\/2000\/svg\" width=\"10px\" height=\"10px\" viewbox=\"0 0 24 24\" version=\"1.2\" baseprofile=\"tiny\"><path d=\"M18.2 9.3l-6.2-6.3-6.2 6.3c-.2.2-.3.4-.3.7s.1.5.3.7c.2.2.4.3.7.3h11c.3 0 .5-.1.7-.3.2-.2.3-.5.3-.7s-.1-.5-.3-.7zM5.8 14.7l6.2 6.3 6.2-6.3c.2-.2.3-.5.3-.7s-.1-.5-.3-.7c-.2-.2-.4-.3-.7-.3h-11c-.3 0-.5.1-.7.3-.2.2-.3.5-.3.7s.1.5.3.7z\"\/><\/svg><\/span><\/span><\/span><\/a><\/span><\/div>\n<nav><ul class='ez-toc-list ez-toc-list-level-1 eztoc-toggle-hide-by-default' ><li class='ez-toc-page-1 ez-toc-heading-level-2'><a class=\"ez-toc-link ez-toc-heading-1\" href=\"https:\/\/moverdb.com\/tr\/moving-companies\/moving-companies-zimbabwe\/#1_Biddulphs_International\" >1. Biddulphs Uluslararas\u0131<\/a><\/li><li class='ez-toc-page-1 ez-toc-heading-level-2'><a class=\"ez-toc-link ez-toc-heading-2\" href=\"https:\/\/moverdb.com\/tr\/moving-companies\/moving-companies-zimbabwe\/#2_Chavilon_International_Movers_Logistics\" >2. Chavilon Uluslararas\u0131 Ta\u015f\u0131mac\u0131l\u0131k &amp; Lojistik<\/a><\/li><li class='ez-toc-page-1 ez-toc-heading-level-2'><a class=\"ez-toc-link ez-toc-heading-3\" href=\"https:\/\/moverdb.com\/tr\/moving-companies\/moving-companies-zimbabwe\/#3_Glens_Removal_Storage\" >3. Glens S\u00f6k\u00fcm &amp; Depolama<\/a><\/li><li class='ez-toc-page-1 ez-toc-heading-level-2'><a class=\"ez-toc-link ez-toc-heading-4\" href=\"https:\/\/moverdb.com\/tr\/moving-companies\/moving-companies-zimbabwe\/#4_Stuttafords\" >4. Stuttafords<\/a><\/li><\/ul><\/nav><\/div>\n<h2><span class=\"ez-toc-section\" id=\"1_Biddulphs_International\"><\/span><strong>1. Biddulphs Uluslararas\u0131<\/strong><img loading=\"lazy\" decoding=\"async\" class=\"alignnone size-full wp-image-10090\" style=\"font-size: 16px;\" src=\"https:\/\/moverdb.com\/wp-content\/uploads\/Biddulphs-International-Zimbabwe-moving-company.png\" alt=\"Biddulphs Uluslararas\u0131 Zimbabve ta\u015f\u0131ma \u015firketi\" width=\"1440\" height=\"670\" data-wp-pid=\"10090\" srcset=\"https:\/\/moverdb.com\/wp-content\/uploads\/Biddulphs-International-Zimbabwe-moving-company.png 1440w, https:\/\/moverdb.com\/wp-content\/uploads\/Biddulphs-International-Zimbabwe-moving-company-300x140.png 300w, https:\/\/moverdb.com\/wp-content\/uploads\/Biddulphs-International-Zimbabwe-moving-company-1024x476.png 1024w, https:\/\/moverdb.com\/wp-content\/uploads\/Biddulphs-International-Zimbabwe-moving-company-18x8.png 18w, https:\/\/moverdb.com\/wp-content\/uploads\/Biddulphs-International-Zimbabwe-moving-company-600x279.png 600w\" sizes=\"auto, (max-width: 1440px) 100vw, 1440px\" \/><span class=\"ez-toc-section-end\"><\/span><\/h2>\n<ul>\n<li>Yerel hamleler<\/li>\n<li>Uluslararas\u0131 ta\u015f\u0131nmalar<\/li>\n<li>Ev ta\u015f\u0131ma<\/li>\n<li>\u0130\u015fletme ta\u015f\u0131nmalar\u0131<\/li>\n<li>Paketleme hizmeti<\/li>\n<li>Kara, hava ve deniz yoluyla ula\u015f\u0131m<\/li>\n<li>Konteyner se\u00e7enekleri<\/li>\n<li>G\u00fcmr\u00fck i\u015flemleri<\/li>\n<li>Transit sigortas\u0131<\/li>\n<li>Depolama tesisleri<\/li>\n<\/ul>\n<p>Biddulphs International, 1928 y\u0131l\u0131nda kurulmu\u015f ve merkezi Harare'de bulunan uluslararas\u0131 bir ta\u015f\u0131ma \u015firketidir. Uluslararas\u0131 ta\u015f\u0131nmalarda kendilerine yard\u0131mc\u0131 olmak i\u00e7in uluslararas\u0131 kalite standartlar\u0131na uyan d\u00fcnya \u00e7ap\u0131nda bir ta\u015f\u0131ma ortaklar\u0131 a\u011f\u0131na sahiptirler. \u015eirket 87 y\u0131ll\u0131k tecr\u00fcbesiyle IAM \u00fcyesidir.<\/p>\n<p>Biddulphs International'\u0131n ta\u015f\u0131nma dan\u0131\u015fmanlar\u0131, ta\u015f\u0131nman\u0131z i\u00e7in en ekonomik se\u00e7enekler konusunda size tavsiyelerde bulunacakt\u0131r. E\u015fyalar\u0131n\u0131z\u0131 ta\u015f\u0131ma s\u0131ras\u0131nda koruyacak profesyonel paketleyiciler sa\u011flarlar. Nakliyeyi ayarlayacak, g\u00fcmr\u00fck i\u015flemlerini denetleyecek ve transit sigortas\u0131 sa\u011flayacaklard\u0131r. Tam konteyner y\u00fckleri, par\u00e7a konteyner y\u00fckleri ve grupaj se\u00e7enekleri sunarlar.<\/p>\n<p>Web sitesi: <a href=\"https:\/\/www.biddulphs.co.zw\/\" target=\"_blank\" rel=\"noopener\">https:\/\/www.biddulphs.co.zw\/<\/a><\/p>\n<h2><span class=\"ez-toc-section\" id=\"2_Chavilon_International_Movers_Logistics\"><\/span><strong>2. Chavilon Uluslararas\u0131 Ta\u015f\u0131mac\u0131l\u0131k &amp; Lojistik<\/strong><span class=\"ez-toc-section-end\"><\/span><\/h2>\n<p><img loading=\"lazy\" decoding=\"async\" class=\"alignnone size-full wp-image-10093\" src=\"https:\/\/moverdb.com\/wp-content\/uploads\/Chavilon-International-moving-company.png\" alt=\"Chavilon Uluslararas\u0131 Ta\u015f\u0131mac\u0131l\u0131k \u015eirketi\" width=\"1440\" height=\"679\" data-wp-pid=\"10093\" srcset=\"https:\/\/moverdb.com\/wp-content\/uploads\/Chavilon-International-moving-company.png 1440w, https:\/\/moverdb.com\/wp-content\/uploads\/Chavilon-International-moving-company-300x141.png 300w, https:\/\/moverdb.com\/wp-content\/uploads\/Chavilon-International-moving-company-1024x483.png 1024w, https:\/\/moverdb.com\/wp-content\/uploads\/Chavilon-International-moving-company-18x8.png 18w, https:\/\/moverdb.com\/wp-content\/uploads\/Chavilon-International-moving-company-600x283.png 600w\" sizes=\"auto, (max-width: 1440px) 100vw, 1440px\" \/><\/p>\n<ul>\n<li>Ulusal hamleler<\/li>\n<li>Uluslararas\u0131 ta\u015f\u0131nmalar<\/li>\n<li>Hane halk\u0131 ta\u015f\u0131nmalar\u0131<\/li>\n<li>Kurumsal ve ofis ta\u015f\u0131nmalar\u0131<\/li>\n<li>Paketleme hizmeti<\/li>\n<li>Karayolu, demiryolu, hava ve deniz ta\u015f\u0131mac\u0131l\u0131\u011f\u0131<\/li>\n<li>G\u00fcmr\u00fck i\u015flemleri<\/li>\n<li>G\u00fczel sanatlar ve antika ta\u015f\u0131nmalar\u0131<\/li>\n<li>Ara\u00e7 ta\u015f\u0131ma<\/li>\n<li>Depolama tesisleri<\/li>\n<\/ul>\n<p>Chavilon International Movers &amp; Logistics, Harare merkezli bir yer de\u011fi\u015ftirme ve lojistik \u015firketidir ve ana ve karde\u015f \u015firketleri <a href=\"https:\/\/moverdb.com\/tr\/moving-companies\/moving-companies-mozambique\/\" data-internallinksmanager029f6b8e52c=\"286\" title=\"Mozambik&#039;teki En \u0130yi 4 Uluslararas\u0131 Nakliye \u015eirketi\">Mozambik<\/a>, Angola, <a href=\"https:\/\/moverdb.com\/tr\/moving-companies\/botswana-moving-companies\/\" data-internallinksmanager029f6b8e52c=\"167\" title=\"Botsvana&#039;daki En \u0130yi Uluslararas\u0131 Nakliye \u015eirketleri\">Botsvana<\/a>, <a href=\"https:\/\/moverdb.com\/tr\/moving-companies\/moving-companies-malawi\/\" data-internallinksmanager029f6b8e52c=\"295\" title=\"Malavi&#039;deki En \u0130yi Uluslararas\u0131 Nakliye \u015eirketleri\">Malavi<\/a> ve Zambiya. Ayr\u0131ca, d\u00fcnya \u00e7ap\u0131nda hizmet sunmak i\u00e7in uluslararas\u0131 bir ta\u015f\u0131ma \u015firketleri a\u011f\u0131na eri\u015fimleri vard\u0131r. Yedi y\u0131ll\u0131k deneyime sahip bir IAM \u00fcyesidirler.<\/p>\n<p>Chavilon International Movers &amp; Logistics, Zimbabve i\u00e7inde, Zimbabve'ye ve Zimbabve'den kap\u0131dan kap\u0131ya ta\u015f\u0131ma hizmetleri i\u00e7in ki\u015fiselle\u015ftirilmi\u015f bir hizmet sunmaktad\u0131r. Ayr\u0131ca kap\u0131dan kap\u0131ya<a href=\"https:\/\/moverdb.com\/tr\/top-49-container-ports\/\" data-internallinksmanager029f6b8e52c=\"80\" title=\"2025 Y\u0131l\u0131nda En B\u00fcy\u00fck ve En Yo\u011fun 49 Konteyner Liman\u0131\">Liman<\/a> ve paketleme ve a\u00e7ma gibi ta\u015f\u0131ma i\u015flemlerinin daha fazlas\u0131n\u0131 kendiniz yapman\u0131za olanak tan\u0131yan limandan limana hizmetler. Paketleme hizmetlerinde, e\u015fyalar\u0131n\u0131z\u0131 ta\u015f\u0131ma s\u0131ras\u0131nda korumak i\u00e7in uluslararas\u0131 kabul g\u00f6rm\u00fc\u015f malzemeler kullan\u0131l\u0131r.<\/p>\n<p>Web sitesi: <a href=\"http:\/\/www.chavilonmovers.com\/\" target=\"_blank\" rel=\"noopener\">http:\/\/www.chavilonmovers.com\/<\/a><\/p>\n<h2><span class=\"ez-toc-section\" id=\"3_Glens_Removal_Storage\"><\/span><strong>3. Glens S\u00f6k\u00fcm &amp; Depolama<\/strong><span class=\"ez-toc-section-end\"><\/span><\/h2>\n<p><img loading=\"lazy\" decoding=\"async\" class=\"alignnone size-full wp-image-10128\" src=\"https:\/\/moverdb.com\/wp-content\/uploads\/Glens-Removals-Storage-international-moving-company.png\" alt=\"Glens Removals &amp; Storage uluslararas\u0131 nakliye \u015firketi\" width=\"1440\" height=\"680\" data-wp-pid=\"10128\" srcset=\"https:\/\/moverdb.com\/wp-content\/uploads\/Glens-Removals-Storage-international-moving-company.png 1440w, https:\/\/moverdb.com\/wp-content\/uploads\/Glens-Removals-Storage-international-moving-company-300x142.png 300w, https:\/\/moverdb.com\/wp-content\/uploads\/Glens-Removals-Storage-international-moving-company-1024x484.png 1024w, https:\/\/moverdb.com\/wp-content\/uploads\/Glens-Removals-Storage-international-moving-company-18x9.png 18w, https:\/\/moverdb.com\/wp-content\/uploads\/Glens-Removals-Storage-international-moving-company-600x283.png 600w\" sizes=\"auto, (max-width: 1440px) 100vw, 1440px\" \/><\/p>\n<ul>\n<li>Yerel ve ulusal hamleler<\/li>\n<li>Uluslararas\u0131 ta\u015f\u0131nmalar<\/li>\n<li>Ev ta\u015f\u0131ma<\/li>\n<li>Ofis ta\u015f\u0131ma<\/li>\n<li>Kap\u0131dan kap\u0131ya ta\u015f\u0131nmalar<\/li>\n<li>Paketleme hizmeti<\/li>\n<li>Sevkiyat<\/li>\n<li>G\u00fcmr\u00fck i\u015flemleri<\/li>\n<li>Sigorta<\/li>\n<li>K\u0131sa ve uzun s\u00fcreli depolama<\/li>\n<\/ul>\n<p>Glens Removal &amp; Storage, 1952'den beri Zimbabve genelinde ofisleri ve depolar\u0131 ile faaliyet g\u00f6steren bir nakliye \u015firketidir. <a href=\"https:\/\/moverdb.com\/tr\/moving-to-south-africa\/\" data-internallinksmanager029f6b8e52c=\"347\" title=\"G\u00fcney Afrika&#039;ya m\u0131 ta\u015f\u0131n\u0131yorsunuz? 2026 Ya\u015fam Maliyetleri &amp; Yer De\u011fi\u015ftirme \u0130pu\u00e7lar\u0131\">G\u00fcney Afrika<\/a>, Zambiya, Malavi ve Mozambik. D\u00fcnya \u00e7ap\u0131nda hizmet sa\u011flamak i\u00e7in uluslararas\u0131 acenteler ve nakliye \u015firketleri ile \u00e7al\u0131\u015fmaktad\u0131rlar. IAM'nin 71 y\u0131ll\u0131k tecr\u00fcbeye sahip bir \u00fcyesidir ve FIDI taraf\u0131ndan akredite edilmi\u015ftir.<\/p>\n<p>Glens Removal &amp; Storage, uluslararas\u0131 ta\u015f\u0131nma standartlar\u0131n\u0131 kar\u015f\u0131layan kap\u0131dan kap\u0131ya hizmetler sunmaktad\u0131r. E\u015fyalar\u0131n\u0131z\u0131 var\u0131\u015f noktan\u0131za g\u00fcvenli bir \u015fekilde ula\u015ft\u0131rmak i\u00e7in sand\u0131klama dahil profesyonel paketleme hizmetleri sunarlar. E\u015fyalar\u0131n ta\u015f\u0131nmas\u0131n\u0131 ayarlarlar ve a\u015fa\u011f\u0131daki se\u00e7eneklerden birini sunarlar <a href=\"https:\/\/moverdb.com\/tr\/shipping-container-sizes-and-dimensions\/\" data-internallinksmanager029f6b8e52c=\"247\" title=\"Nakliye Konteyneri Boyutlar\u0131 ve \u00d6l\u00e7\u00fcleri i\u00e7in Nihai K\u0131lavuz\">konteyner boyutlar\u0131<\/a> ve ta\u015f\u0131nman\u0131z i\u00e7in konsolidasyon hizmetleri.<\/p>\n<p>Web sitesi: <a href=\"http:\/\/www.glensremovals.com\" target=\"_blank\" rel=\"noopener\">http:\/\/www.glensremovals.com<\/a><\/p>\n<h2><span class=\"ez-toc-section\" id=\"4_Stuttafords\"><\/span><strong>4. Stuttafords<\/strong><span class=\"ez-toc-section-end\"><\/span><\/h2>\n<p><img loading=\"lazy\" decoding=\"async\" class=\"alignnone size-full wp-image-10188\" src=\"https:\/\/moverdb.com\/wp-content\/uploads\/Stuttafords-Zimbabwe-international-moving-company.png\" alt=\"Stuttafords Zimbabve uluslararas\u0131 nakliye \u015firketi\" width=\"1440\" height=\"681\" data-wp-pid=\"10188\" srcset=\"https:\/\/moverdb.com\/wp-content\/uploads\/Stuttafords-Zimbabwe-international-moving-company.png 1440w, https:\/\/moverdb.com\/wp-content\/uploads\/Stuttafords-Zimbabwe-international-moving-company-300x142.png 300w, https:\/\/moverdb.com\/wp-content\/uploads\/Stuttafords-Zimbabwe-international-moving-company-1024x484.png 1024w, https:\/\/moverdb.com\/wp-content\/uploads\/Stuttafords-Zimbabwe-international-moving-company-18x9.png 18w, https:\/\/moverdb.com\/wp-content\/uploads\/Stuttafords-Zimbabwe-international-moving-company-600x284.png 600w\" sizes=\"auto, (max-width: 1440px) 100vw, 1440px\" \/><\/p>\n<ul>\n<li>Yerel ve ulusal yer de\u011fi\u015ftirmeler<\/li>\n<li>Uluslararas\u0131 ta\u015f\u0131nmalar<\/li>\n<li>Konut Ta\u015f\u0131malar\u0131<\/li>\n<li>Kurumsal ta\u015f\u0131nmalar<\/li>\n<li>Kap\u0131dan kap\u0131ya ta\u015f\u0131nmalar<\/li>\n<li>Paketleme hizmeti<\/li>\n<li>Karayolu, hava ve deniz ta\u015f\u0131mac\u0131l\u0131\u011f\u0131<\/li>\n<li>Se\u00e7enekli konteyner boyutlar\u0131<\/li>\n<li>G\u00fcmr\u00fck i\u015flemleri<\/li>\n<li>Depolama tesisleri<\/li>\n<\/ul>\n<p>Stuttafords, Zimbabve, Malavi ve Zambiya'da \u015fubeleri bulunan bir lojistik ve kargo \u015firketidir. Zimbabve ofisleri Harare ve Bulawayo'dad\u0131r. IAM'nin 66 y\u0131ll\u0131k tecr\u00fcbeye sahip bir \u00fcyesidir ve FIDI taraf\u0131ndan akredite edilmi\u015ftir; bu da hizmetlerini uluslararas\u0131 standartlarda sunduklar\u0131 ve ayn\u0131 standartlar\u0131 sunan bir ta\u015f\u0131ma \u015firketleri a\u011f\u0131na sahip olduklar\u0131 anlam\u0131na gelmektedir.<\/p>\n<p>Stuttafords, Zimbabve i\u00e7inde ve Zimbabve'den konutlar ve \u015firketler i\u00e7in kap\u0131dan kap\u0131ya ta\u015f\u0131nma ve yer de\u011fi\u015ftirme hizmetleri sunmaktad\u0131r. Mallar\u0131n\u0131z\u0131n nakliye s\u0131ras\u0131nda zarar g\u00f6rmemesini sa\u011flayacak profesyonel bir paketleme hizmeti sunarlar. G\u00fcmr\u00fck i\u015flemleri ile birlikte nakliyeyi ayarlayacaklard\u0131r.<\/p>\n<p>Web sitesi: <a href=\"http:\/\/www.stuttafordszim.com\" target=\"_blank\" rel=\"noopener\">http:\/\/www.stuttafordszim.com<\/a><\/p>","protected":false},"excerpt":{"rendered":"<p>When you are planning a move, especially between countries it can be overwhelming with so much to do. Employing a moving company can ease this burden and make your move smoother. Below we have compiled a list of Zimbabwe based removal companies that are members of the International Association of Movers (IAM) and\/or FIDI Accredited [&hellip;]<\/p>\n","protected":false},"author":4,"featured_media":10090,"parent":190,"menu_order":0,"comment_status":"closed","ping_status":"closed","template":"","meta":{"_genesis_hide_title":false,"_genesis_hide_breadcrumbs":false,"_genesis_hide_singular_image":false,"_genesis_hide_footer_widgets":false,"_genesis_custom_body_class":"","_genesis_custom_post_class":"","_genesis_layout":"","footnotes":""},"class_list":{"0":"post-10263","1":"page","2":"type-page","3":"status-publish","4":"has-post-thumbnail","6":"entry"},"_links":{"self":[{"href":"https:\/\/moverdb.com\/tr\/wp-json\/wp\/v2\/pages\/10263","targetHints":{"allow":["GET"]}}],"collection":[{"href":"https:\/\/moverdb.com\/tr\/wp-json\/wp\/v2\/pages"}],"about":[{"href":"https:\/\/moverdb.com\/tr\/wp-json\/wp\/v2\/types\/page"}],"author":[{"embeddable":true,"href":"https:\/\/moverdb.com\/tr\/wp-json\/wp\/v2\/users\/4"}],"replies":[{"embeddable":true,"href":"https:\/\/moverdb.com\/tr\/wp-json\/wp\/v2\/comments?post=10263"}],"version-history":[{"count":2,"href":"https:\/\/moverdb.com\/tr\/wp-json\/wp\/v2\/pages\/10263\/revisions"}],"predecessor-version":[{"id":10265,"href":"https:\/\/moverdb.com\/tr\/wp-json\/wp\/v2\/pages\/10263\/revisions\/10265"}],"up":[{"embeddable":true,"href":"https:\/\/moverdb.com\/tr\/wp-json\/wp\/v2\/pages\/190"}],"wp:featuredmedia":[{"embeddable":true,"href":"https:\/\/moverdb.com\/tr\/wp-json\/wp\/v2\/media\/10090"}],"wp:attachment":[{"href":"https:\/\/moverdb.com\/tr\/wp-json\/wp\/v2\/media?parent=10263"}],"curies":[{"name":"wp","href":"https:\/\/api.w.org\/{rel}","templated":true}]}}