{"id":10255,"date":"2023-11-22T15:17:48","date_gmt":"2023-11-22T15:17:48","guid":{"rendered":"https:\/\/moverdb.com\/?page_id=10255"},"modified":"2026-01-08T15:29:27","modified_gmt":"2026-01-08T15:29:27","slug":"moving-companies-venezuela","status":"publish","type":"page","link":"https:\/\/moverdb.com\/tr\/moving-companies\/moving-companies-venezuela\/","title":{"rendered":"Venezuela'daki En \u0130yi 6 Uluslararas\u0131 Nakliye \u015eirketi"},"content":{"rendered":"<p>\u00d6zellikle \u00fclke de\u011fi\u015ftiriyorsan\u0131z ta\u015f\u0131nmak karma\u015f\u0131k olabilir. Bu nedenle, Venezuela i\u00e7inde, Venezuela'ya veya Venezuela'dan ta\u015f\u0131nmay\u0131 planl\u0131yorsan\u0131z, bir <a href=\"https:\/\/moverdb.com\/tr\/moving-companies\/\" data-internallinksmanager029f6b8e52c=\"79\" title=\"\u00c7evrimi\u00e7i En \u0130yi 25 Uluslararas\u0131 Nakliye \u015eirketi\">ta\u015finma \u015fi\u0307rketi\u0307<\/a> ta\u015f\u0131nman\u0131zda size yard\u0131mc\u0131 olmak i\u00e7in. A\u015fa\u011f\u0131da Venezuela merkezli bir liste derledik <a href=\"https:\/\/moverdb.com\/tr\/international-removals\/\" data-internallinksmanager029f6b8e52c=\"27\" title=\"36 \u0130ngiltere&#039;deki En \u0130yi Uluslararas\u0131 Nakliye \u015eirketleri\">nakli\u0307ye \u015fi\u0307rketleri\u0307<\/a> \u00fcyesi olan <a href=\"https:\/\/moverdb.com\/tr\/iam\/\" data-internallinksmanager029f6b8e52c=\"23\" title=\"Uluslararas\u0131 Ta\u015f\u0131mac\u0131lar Birli\u011fi (IAM) A\u00e7\u0131klamas\u0131\">Uluslararas\u0131 Ta\u015f\u0131mac\u0131lar Birli\u011fi<\/a> (IAM) ve\/veya <a href=\"https:\/\/moverdb.com\/tr\/fidi-faim\/\" data-internallinksmanager029f6b8e52c=\"16\" title=\"FIDI &amp; FAIM (FIDI Akredite Uluslararas\u0131 Ta\u015f\u0131mac\u0131) A\u00e7\u0131klamas\u0131\">FIDI<\/a> Ta\u015f\u0131nman\u0131zda size yard\u0131mc\u0131 olabilecek Akredite Uluslararas\u0131 Ta\u015f\u0131mac\u0131 (FAIM).<\/p>\n<div id=\"ez-toc-container\" class=\"ez-toc-v2_0_82_2 ez-toc-wrap-left counter-hierarchy ez-toc-counter ez-toc-transparent ez-toc-container-direction\">\n<div class=\"ez-toc-title-container\">\n<p class=\"ez-toc-title\" style=\"cursor:inherit\">B\u00f6l\u00fcmler<\/p>\n<span class=\"ez-toc-title-toggle\"><a href=\"#\" class=\"ez-toc-pull-right ez-toc-btn ez-toc-btn-xs ez-toc-btn-default ez-toc-toggle\" aria-label=\"\u0130\u00e7indekiler Tablosunu A\u00e7\/Kapat\"><span class=\"ez-toc-js-icon-con\"><span class=\"\"><span class=\"eztoc-hide\" style=\"display:none;\">Ge\u00e7i\u015f<\/span><span class=\"ez-toc-icon-toggle-span\"><svg style=\"fill: #999;color:#999\" xmlns=\"http:\/\/www.w3.org\/2000\/svg\" class=\"list-377408\" width=\"20px\" height=\"20px\" viewbox=\"0 0 24 24\" fill=\"none\"><path d=\"M6 6H4v2h2V6zm14 0H8v2h12V6zM4 11h2v2H4v-2zm16 0H8v2h12v-2zM4 16h2v2H4v-2zm16 0H8v2h12v-2z\" fill=\"currentColor\"><\/path><\/svg><svg style=\"fill: #999;color:#999\" class=\"arrow-unsorted-368013\" xmlns=\"http:\/\/www.w3.org\/2000\/svg\" width=\"10px\" height=\"10px\" viewbox=\"0 0 24 24\" version=\"1.2\" baseprofile=\"tiny\"><path d=\"M18.2 9.3l-6.2-6.3-6.2 6.3c-.2.2-.3.4-.3.7s.1.5.3.7c.2.2.4.3.7.3h11c.3 0 .5-.1.7-.3.2-.2.3-.5.3-.7s-.1-.5-.3-.7zM5.8 14.7l6.2 6.3 6.2-6.3c.2-.2.3-.5.3-.7s-.1-.5-.3-.7c-.2-.2-.4-.3-.7-.3h-11c-.3 0-.5.1-.7.3-.2.2-.3.5-.3.7s.1.5.3.7z\"\/><\/svg><\/span><\/span><\/span><\/a><\/span><\/div>\n<nav><ul class='ez-toc-list ez-toc-list-level-1 eztoc-toggle-hide-by-default' ><li class='ez-toc-page-1 ez-toc-heading-level-2'><a class=\"ez-toc-link ez-toc-heading-1\" href=\"https:\/\/moverdb.com\/tr\/moving-companies\/moving-companies-venezuela\/#1_AMP_Movers_International\" >1. AMP Movers Uluslararas\u0131<\/a><\/li><li class='ez-toc-page-1 ez-toc-heading-level-2'><a class=\"ez-toc-link ez-toc-heading-2\" href=\"https:\/\/moverdb.com\/tr\/moving-companies\/moving-companies-venezuela\/#2_Clover_International\" >2. Clover Uluslararas\u0131<\/a><\/li><li class='ez-toc-page-1 ez-toc-heading-level-2'><a class=\"ez-toc-link ez-toc-heading-3\" href=\"https:\/\/moverdb.com\/tr\/moving-companies\/moving-companies-venezuela\/#3_Equixpress\" >3. Equixpress<\/a><\/li><li class='ez-toc-page-1 ez-toc-heading-level-2'><a class=\"ez-toc-link ez-toc-heading-4\" href=\"https:\/\/moverdb.com\/tr\/moving-companies\/moving-companies-venezuela\/#4_JJ_Mari_International_Movers\" >4. JJ Mari Uluslararas\u0131 Ta\u015f\u0131mac\u0131l\u0131k<\/a><\/li><li class='ez-toc-page-1 ez-toc-heading-level-2'><a class=\"ez-toc-link ez-toc-heading-5\" href=\"https:\/\/moverdb.com\/tr\/moving-companies\/moving-companies-venezuela\/#5_Moving_Life\" >5. Hareketli Ya\u015fam<\/a><\/li><li class='ez-toc-page-1 ez-toc-heading-level-2'><a class=\"ez-toc-link ez-toc-heading-6\" href=\"https:\/\/moverdb.com\/tr\/moving-companies\/moving-companies-venezuela\/#6_Mudanzas_Internacionales_Global\" >6. Mudanzas Internacionales Global<\/a><\/li><\/ul><\/nav><\/div>\n<h2><span class=\"ez-toc-section\" id=\"1_AMP_Movers_International\"><\/span><strong>1. AMP Movers Uluslararas\u0131<\/strong><span class=\"ez-toc-section-end\"><\/span><\/h2>\n<p><img loading=\"lazy\" decoding=\"async\" class=\"alignnone size-full wp-image-10077\" src=\"https:\/\/moverdb.com\/wp-content\/uploads\/AMP-Movers-International-moving-company.png\" alt=\"AMP Movers uluslararas\u0131 ta\u015f\u0131ma \u015firketi\" width=\"1440\" height=\"680\" data-wp-pid=\"10077\" srcset=\"https:\/\/moverdb.com\/wp-content\/uploads\/AMP-Movers-International-moving-company.png 1440w, https:\/\/moverdb.com\/wp-content\/uploads\/AMP-Movers-International-moving-company-300x142.png 300w, https:\/\/moverdb.com\/wp-content\/uploads\/AMP-Movers-International-moving-company-1024x484.png 1024w, https:\/\/moverdb.com\/wp-content\/uploads\/AMP-Movers-International-moving-company-18x9.png 18w, https:\/\/moverdb.com\/wp-content\/uploads\/AMP-Movers-International-moving-company-600x283.png 600w\" sizes=\"auto, (max-width: 1440px) 100vw, 1440px\" \/><\/p>\n<ul>\n<li>Ulusal hamleler<\/li>\n<li>Uluslararas\u0131 ta\u015f\u0131nmalar<\/li>\n<li>Ev ta\u015f\u0131ma<\/li>\n<li>Paketleme hizmeti<\/li>\n<li>Ta\u015f\u0131man\u0131n d\u00fczenlenmesi<\/li>\n<li>G\u00fcmr\u00fck prosed\u00fcrleri<\/li>\n<li>Sanat eserlerinin i\u015flenmesi<\/li>\n<li>Ara\u00e7 ta\u015f\u0131mac\u0131l\u0131\u011f\u0131<\/li>\n<li>Sigorta<\/li>\n<li>Depolama tesisleri<\/li>\n<\/ul>\n<p>AMP Movers International, 10 y\u0131l\u0131 a\u015fk\u0131n deneyime sahip ve merkezi Caracas'ta bulunan ulusal ve uluslararas\u0131 bir ta\u015f\u0131ma \u015firketidir. Hizmetlerini uluslararas\u0131 olarak sunmalar\u0131nda onlar\u0131 destekleyen d\u00fcnya \u00e7ap\u0131nda bir nakliye acenteleri a\u011f\u0131na sahiptirler. IAM \u00fcyesidirler.<\/p>\n<p>AMP Movers International, ta\u015f\u0131nma \u00f6ncesi anket ve fiyat teklifi ile ba\u015flayan ki\u015fiselle\u015ftirilmi\u015f ta\u015f\u0131nma deste\u011fi sunar. K\u0131r\u0131lgan e\u015fyalar i\u00e7in ekstra koruma da dahil olmak \u00fczere i\u00e7erik i\u00e7in tasarlanm\u0131\u015f \u00f6zel ambalaj malzemeleri kullanan profesyonel bir paketleme hizmeti sunarlar. Var\u0131\u015fta ambalaj\u0131n a\u00e7\u0131lmas\u0131, mobilyalar\u0131n yerle\u015ftirilmesi ve malzemelerin \u00e7\u0131kar\u0131lmas\u0131na yard\u0131mc\u0131 olurlar. Ayr\u0131ca sanat eserleri ve antikalar, ara\u00e7 transferleri ve depolama hizmetleri de sunmaktad\u0131rlar.<\/p>\n<p>Web sitesi: <a href=\"http:\/\/www.ampmovers.com\" target=\"_blank\" rel=\"noopener\">http:\/\/www.ampmovers.com<\/a><\/p>\n<h2><span class=\"ez-toc-section\" id=\"2_Clover_International\"><\/span><strong>2. Clover Uluslararas\u0131<\/strong><span class=\"ez-toc-section-end\"><\/span><\/h2>\n<p><img loading=\"lazy\" decoding=\"async\" class=\"alignnone size-full wp-image-10094\" src=\"https:\/\/moverdb.com\/wp-content\/uploads\/Clover-International-moving-company.png\" alt=\"Clover Uluslararas\u0131 Ta\u015f\u0131mac\u0131l\u0131k \u015eirketi\" width=\"1440\" height=\"684\" data-wp-pid=\"10094\" srcset=\"https:\/\/moverdb.com\/wp-content\/uploads\/Clover-International-moving-company.png 1440w, https:\/\/moverdb.com\/wp-content\/uploads\/Clover-International-moving-company-300x143.png 300w, https:\/\/moverdb.com\/wp-content\/uploads\/Clover-International-moving-company-1024x486.png 1024w, https:\/\/moverdb.com\/wp-content\/uploads\/Clover-International-moving-company-18x9.png 18w, https:\/\/moverdb.com\/wp-content\/uploads\/Clover-International-moving-company-600x285.png 600w\" sizes=\"auto, (max-width: 1440px) 100vw, 1440px\" \/><\/p>\n<ul>\n<li>Ulusal hamleler<\/li>\n<li>Uluslararas\u0131 ta\u015f\u0131nmalar<\/li>\n<li>Konut Ta\u015f\u0131malar\u0131<\/li>\n<li>Kurumsal ve ofis ta\u015f\u0131nmalar\u0131<\/li>\n<li>Paketleme hizmeti<\/li>\n<li>G\u00fcmr\u00fck y\u00f6netimi<\/li>\n<li>Evcil hayvan ve ara\u00e7 ta\u015f\u0131mac\u0131l\u0131\u011f\u0131<\/li>\n<li>Temizlik Hizmetleri<\/li>\n<li>Sigorta<\/li>\n<li>Depolama tesisleri<\/li>\n<\/ul>\n<p>Clover International, yakla\u015f\u0131k 60 y\u0131ll\u0131k deneyime sahip ve merkezi Caracas'ta bulunan bir lojistik ve ta\u015f\u0131ma \u015firketidir. \u015eirket 59 y\u0131ll\u0131k deneyimiyle IAM \u00fcyesidir ve FIDI taraf\u0131ndan akredite edilmi\u015ftir; bu da y\u00fcksek standartlarda \u00e7al\u0131\u015ft\u0131klar\u0131 ve birlikte \u00e7al\u0131\u015fmak i\u00e7in bu d\u00fczeyde faaliyet g\u00f6steren bir ta\u015f\u0131ma acenteleri a\u011f\u0131na sahip olduklar\u0131 anlam\u0131na gelir.<\/p>\n<p>Clover International, ev ve i\u015f e\u015fyalar\u0131n\u0131n yan\u0131 s\u0131ra evcil hayvanlar ve ara\u00e7lar i\u00e7in Venezuela i\u00e7inde, Venezuela'ya ve Venezuela'dan uzmanla\u015fm\u0131\u015f ta\u015f\u0131ma hizmetleri sunmaktad\u0131r. E\u015fyalar\u0131n\u0131z i\u00e7in sigorta ile birlikte var\u0131\u015f noktan\u0131za kadar nakliye ve g\u00fcmr\u00fck y\u00f6netimi ayarlayacaklard\u0131r. E\u015fyalar\u0131n\u0131z\u0131 korumak i\u00e7in y\u00fcksek kaliteli malzemeler ve g\u00fcvenlik standartlar\u0131 kullan\u0131rlar.<\/p>\n<p>Web sitesi: <a href=\"https:\/\/www.cloverve.com\/\" target=\"_blank\" rel=\"noopener\">https:\/\/www.cloverve.com\/<\/a><\/p>\n<h2><span class=\"ez-toc-section\" id=\"3_Equixpress\"><\/span><strong>3. Equixpress<\/strong><span class=\"ez-toc-section-end\"><\/span><\/h2>\n<p><img loading=\"lazy\" decoding=\"async\" class=\"alignnone size-full wp-image-10112\" src=\"https:\/\/moverdb.com\/wp-content\/uploads\/Equixpress-international-moving-company.png\" alt=\"Equixpress uluslararas\u0131 nakliye \u015firketi\" width=\"1440\" height=\"680\" data-wp-pid=\"10112\" srcset=\"https:\/\/moverdb.com\/wp-content\/uploads\/Equixpress-international-moving-company.png 1440w, https:\/\/moverdb.com\/wp-content\/uploads\/Equixpress-international-moving-company-300x142.png 300w, https:\/\/moverdb.com\/wp-content\/uploads\/Equixpress-international-moving-company-1024x484.png 1024w, https:\/\/moverdb.com\/wp-content\/uploads\/Equixpress-international-moving-company-18x9.png 18w, https:\/\/moverdb.com\/wp-content\/uploads\/Equixpress-international-moving-company-600x283.png 600w\" sizes=\"auto, (max-width: 1440px) 100vw, 1440px\" \/><\/p>\n<ul>\n<li>Ulusal hamleler<\/li>\n<li>Uluslararas\u0131 ta\u015f\u0131nmalar<\/li>\n<li>Ev ta\u015f\u0131ma<\/li>\n<li>Ticari lojistik<\/li>\n<li>Paketleme hizmeti<\/li>\n<li>Hava, deniz ve kara ta\u015f\u0131mac\u0131l\u0131\u011f\u0131<\/li>\n<li>G\u00fcmr\u00fck komisyonculu\u011fu<\/li>\n<li><a href=\"https:\/\/moverdb.com\/tr\/car-transport-shipping\/\" data-internallinksmanager029f6b8e52c=\"2\" title=\"2026 Uluslararas\u0131 Ara\u00e7 Ta\u015f\u0131ma &amp; Ara\u00e7 Nakliye Fiyatlar\u0131\">Ara\u00e7 nakliyesi<\/a><\/li>\n<li>T\u00fcm risk sigortas\u0131<\/li>\n<li>Depolama tesisleri<\/li>\n<\/ul>\n<p>Equixpress 1963 y\u0131l\u0131nda kurulmu\u015f ve merkezi Karakas'ta bulunan uluslararas\u0131 bir ta\u015f\u0131ma \u015firketidir. IAM \u00fcyesi olan Equixpress, 60 y\u0131ll\u0131k deneyimiyle d\u00fcnyan\u0131n her yerinde hizmet verebilmek i\u00e7in uluslararas\u0131 bir ta\u015f\u0131ma acenteleri a\u011f\u0131na eri\u015fim sa\u011flamaktad\u0131r.<\/p>\n<p>Equixpress, ta\u015f\u0131nma s\u00fcrecinin t\u00fcm y\u00f6nlerini ele alan ki\u015fiselle\u015ftirilmi\u015f bir ta\u015f\u0131nma hizmeti sunar. E\u015fyalar\u0131n\u0131z\u0131 g\u00fcvenli bir \u015fekilde paketler ve var\u0131\u015f noktan\u0131za hava, deniz ya da karayolu ile nakliyesini g\u00fcmr\u00fck arac\u0131l\u0131\u011f\u0131 ve t\u00fcm risk sigortas\u0131 dahil olarak ayarlar. En kaliteli ambalaj malzemeleri ve kutular\u0131 kullan\u0131rlar ve \u00f6zel yap\u0131m ah\u015fap kasalar yapmak da dahil olmak \u00fczere k\u0131r\u0131lgan e\u015fyalara \u00f6zel \u00f6zen g\u00f6sterirler.<\/p>\n<p>Web sitesi: <a href=\"http:\/\/www.equixpress.com\" target=\"_blank\" rel=\"noopener\">http:\/\/www.equixpress.com<\/a><\/p>\n<h2><span class=\"ez-toc-section\" id=\"4_JJ_Mari_International_Movers\"><\/span><strong>4. JJ Mari Uluslararas\u0131 Ta\u015f\u0131mac\u0131l\u0131k<\/strong><span class=\"ez-toc-section-end\"><\/span><\/h2>\n<p><img loading=\"lazy\" decoding=\"async\" class=\"alignnone size-full wp-image-10142\" src=\"https:\/\/moverdb.com\/wp-content\/uploads\/JJ-Mari-International-Movers-moving-company.png\" alt=\"JJ Mari International Movers ta\u015f\u0131ma \u015firketi\" width=\"1440\" height=\"680\" data-wp-pid=\"10142\" srcset=\"https:\/\/moverdb.com\/wp-content\/uploads\/JJ-Mari-International-Movers-moving-company.png 1440w, https:\/\/moverdb.com\/wp-content\/uploads\/JJ-Mari-International-Movers-moving-company-300x142.png 300w, https:\/\/moverdb.com\/wp-content\/uploads\/JJ-Mari-International-Movers-moving-company-1024x484.png 1024w, https:\/\/moverdb.com\/wp-content\/uploads\/JJ-Mari-International-Movers-moving-company-18x9.png 18w, https:\/\/moverdb.com\/wp-content\/uploads\/JJ-Mari-International-Movers-moving-company-600x283.png 600w\" sizes=\"auto, (max-width: 1440px) 100vw, 1440px\" \/><\/p>\n<ul>\n<li>Yerel Ta\u015f\u0131malar<\/li>\n<li>Uluslararas\u0131 ta\u015f\u0131nmalar<\/li>\n<li>Ev ta\u015f\u0131ma<\/li>\n<li>Kurumsal Ta\u015f\u0131malar<\/li>\n<li>Paketleme hizmeti<\/li>\n<li>Hava ve deniz kargosu<\/li>\n<li>G\u00fcmr\u00fck komisyonculu\u011fu<\/li>\n<li>Sanat eserlerinin i\u015flenmesi<\/li>\n<li>Ara\u00e7 transferleri<\/li>\n<li>Depolama tesisleri<\/li>\n<\/ul>\n<p>JJ Mari International Movers, 35 y\u0131l\u0131 a\u015fk\u0131n deneyime sahip ve merkezi Karakas'ta bulunan uluslararas\u0131 bir lojistik ve nakliye \u015firketidir. \u015eirket, 23 y\u0131ll\u0131k deneyimiyle IAM \u00fcyesidir ve y\u00fcksek standartlarda faaliyet g\u00f6steren uluslararas\u0131 ta\u015f\u0131ma acenteleri a\u011flar\u0131na eri\u015fim sa\u011flayan FIDI taraf\u0131ndan akredite edilmi\u015ftir.<\/p>\n<p>JJ Mari International Movers, evler, \u015firketler ve diplomatlar i\u00e7in kap\u0131dan kap\u0131ya ta\u015f\u0131ma hizmetleri sunmaktad\u0131r. E\u015fyalar\u0131n\u0131z\u0131 paketleyip a\u00e7acak ve sanat eserleri ve antikalar da dahil olmak \u00fczere k\u0131r\u0131lgan e\u015fyalara ekstra \u00f6zen g\u00f6sterecek y\u00fcksek e\u011fitimli personel sa\u011flarlar. Ara\u00e7 transferlerini de i\u00e7erebilen g\u00fcmr\u00fck komisyonculu\u011fu ile hava veya deniz yoluyla uluslararas\u0131 ta\u015f\u0131mac\u0131l\u0131\u011f\u0131 ayarlayacaklard\u0131r.<\/p>\n<p>Web sitesi: <a href=\"http:\/\/www.jjmarimovers.net\" target=\"_blank\" rel=\"noopener\">http:\/\/www.jjmarimovers.net<\/a><\/p>\n<h2><span class=\"ez-toc-section\" id=\"5_Moving_Life\"><\/span><strong>5. Hareketli Ya\u015fam<\/strong><span class=\"ez-toc-section-end\"><\/span><\/h2>\n<p><img loading=\"lazy\" decoding=\"async\" class=\"alignnone size-full wp-image-10160\" src=\"https:\/\/moverdb.com\/wp-content\/uploads\/Moving-Life-international-moving-company.png\" alt=\"Moving Life uluslararas\u0131 ta\u015f\u0131ma \u015firketi\" width=\"1440\" height=\"679\" data-wp-pid=\"10160\" srcset=\"https:\/\/moverdb.com\/wp-content\/uploads\/Moving-Life-international-moving-company.png 1440w, https:\/\/moverdb.com\/wp-content\/uploads\/Moving-Life-international-moving-company-300x141.png 300w, https:\/\/moverdb.com\/wp-content\/uploads\/Moving-Life-international-moving-company-1024x483.png 1024w, https:\/\/moverdb.com\/wp-content\/uploads\/Moving-Life-international-moving-company-18x8.png 18w, https:\/\/moverdb.com\/wp-content\/uploads\/Moving-Life-international-moving-company-600x283.png 600w\" sizes=\"auto, (max-width: 1440px) 100vw, 1440px\" \/><\/p>\n<ul>\n<li>Yerel ve ulusal hamleler<\/li>\n<li>Uluslararas\u0131 ta\u015f\u0131nmalar<\/li>\n<li>Ev ta\u015f\u0131ma<\/li>\n<li>Ofis ta\u015f\u0131ma<\/li>\n<li>Kap\u0131dan kap\u0131ya hizmet<\/li>\n<li>Paketleme hizmeti<\/li>\n<li>Hava ve deniz ta\u015f\u0131mac\u0131l\u0131\u011f\u0131<\/li>\n<li>G\u00fcmr\u00fck prosed\u00fcrleri<\/li>\n<li>Sanat i\u015fleme<\/li>\n<li>Ara\u00e7 transferleri<\/li>\n<\/ul>\n<p>Moving Life, 19 y\u0131l\u0131 a\u015fk\u0131n deneyime sahip ve merkezi Karakas'ta bulunan uluslararas\u0131 bir ta\u015f\u0131ma \u015firketidir. D\u00fcnya \u00e7ap\u0131nda hizmet sunmak i\u00e7in 170 \u00fclkeyi kapsayan 2.000'den fazla \u00fcyeden olu\u015fan bir a\u011f taraf\u0131ndan desteklenmektedir. Sekiz y\u0131ll\u0131k deneyime sahip bir IAM \u00fcyesidir.<\/p>\n<p>Moving Life, ta\u015f\u0131nma ihtiya\u00e7lar\u0131n\u0131z\u0131 belirlemek i\u00e7in ta\u015f\u0131nma \u00f6ncesi bir ziyaretle ba\u015flayan kap\u0131dan kap\u0131ya ta\u015f\u0131nma hizmetleri sunar. E\u015fyalar\u0131n\u0131z\u0131 uluslararas\u0131 standartlar taraf\u0131ndan tan\u0131nan profesyonel teknikler kullanarak paketleyecek ve bir envanter olu\u015fturacaklard\u0131r. Paketlenmi\u015f e\u015fyalar\u0131n\u0131z\u0131 hava ta\u015f\u0131mac\u0131l\u0131\u011f\u0131 i\u00e7in \u00f6zel yap\u0131m ah\u015fap kamyonetlere veya deniz nakliyesi i\u00e7in metal konteynerlere y\u00fckleyecek ve g\u00fcmr\u00fck i\u015flemlerini tamamlayacaklard\u0131r.<\/p>\n<p>Web sitesi: <a href=\"http:\/\/www.movinglife.com.ve\" target=\"_blank\" rel=\"noopener\">http:\/\/www.movinglife.com.ve<\/a><\/p>\n<h2><span class=\"ez-toc-section\" id=\"6_Mudanzas_Internacionales_Global\"><\/span><strong>6. Mudanzas Internacionales Global<\/strong><span class=\"ez-toc-section-end\"><\/span><\/h2>\n<p><img loading=\"lazy\" decoding=\"async\" class=\"alignnone size-full wp-image-10162\" src=\"https:\/\/moverdb.com\/wp-content\/uploads\/Mudanzas-Internacionales-Global-moving-company.png\" alt=\"Mudanzas Internacionales K\u00fcresel ta\u015f\u0131ma \u015firketi\" width=\"1440\" height=\"682\" data-wp-pid=\"10162\" srcset=\"https:\/\/moverdb.com\/wp-content\/uploads\/Mudanzas-Internacionales-Global-moving-company.png 1440w, https:\/\/moverdb.com\/wp-content\/uploads\/Mudanzas-Internacionales-Global-moving-company-300x142.png 300w, https:\/\/moverdb.com\/wp-content\/uploads\/Mudanzas-Internacionales-Global-moving-company-1024x485.png 1024w, https:\/\/moverdb.com\/wp-content\/uploads\/Mudanzas-Internacionales-Global-moving-company-18x9.png 18w, https:\/\/moverdb.com\/wp-content\/uploads\/Mudanzas-Internacionales-Global-moving-company-600x284.png 600w\" sizes=\"auto, (max-width: 1440px) 100vw, 1440px\" \/><\/p>\n<ul>\n<li>Yerel ve ulusal hamleler<\/li>\n<li>Uluslararas\u0131 ta\u015f\u0131nmalar<\/li>\n<li>Konut Ta\u015f\u0131malar\u0131<\/li>\n<li>Ta\u015f\u0131nma \u00f6ncesi anket<\/li>\n<li>Paketleme hizmeti<\/li>\n<li>Nakliye d\u00fczenlemeleri<\/li>\n<li>G\u00fcmr\u00fck deste\u011fi<\/li>\n<li>Hareket takibi<\/li>\n<li>Uluslararas\u0131 standartlar\u0131 kar\u015f\u0131lay\u0131n<\/li>\n<li>Ge\u00e7ici depolama<\/li>\n<\/ul>\n<p>Mudanzas Internacionales Global 1988 y\u0131l\u0131nda kurulmu\u015f ve merkezi Caracas'ta bulunan bir ta\u015f\u0131ma \u015firketidir. \u015eirket 35 y\u0131ll\u0131k deneyimiyle IAM \u00fcyesidir ve FIDI taraf\u0131ndan akredite edilmi\u015ftir. Bu \u00fcyelikler, d\u00fcnyan\u0131n d\u00f6rt bir yan\u0131ndaki ta\u015f\u0131nmalarda onlara destek olmak i\u00e7in uluslararas\u0131 ta\u015f\u0131ma \u015firketlerinden olu\u015fan bir a\u011f ile \u00e7al\u0131\u015fmalar\u0131n\u0131 sa\u011flar.<\/p>\n<p>Mudanzas Internacionales Global, uluslararas\u0131 standartlarda ki\u015fiselle\u015ftirilmi\u015f bir ta\u015f\u0131nma hizmeti sunmaktad\u0131r. Ta\u015f\u0131nma gereksinimlerinizi de\u011ferlendirmek ve en iyi ta\u015f\u0131nma se\u00e7enekleri i\u00e7in \u00f6nerilerde bulunmak \u00fczere bir \u00f6n ara\u015ft\u0131rma sunarlar. Deneyimli paketleyicileri, e\u015fyalar\u0131n\u0131z\u0131 korumak i\u00e7in uluslararas\u0131 d\u00fczenlemelere uygun en kaliteli ambalaj malzemelerini kullanacakt\u0131r.<\/p>\n<p>Web sitesi: <a href=\"http:\/\/www.miglobal.com\" target=\"_blank\" rel=\"noopener\">http:\/\/www.miglobal.com<\/a><\/p>","protected":false},"excerpt":{"rendered":"<p>Moving can be complex especially if you are moving country. So, if you are planning on moving within, to or from Venezuela, then you may want to engage a moving company to assist you with your move. Below we have compiled a list of Venezuela based removal companies that are members of the International Association [&hellip;]<\/p>\n","protected":false},"author":4,"featured_media":10077,"parent":190,"menu_order":0,"comment_status":"closed","ping_status":"closed","template":"","meta":{"_genesis_hide_title":false,"_genesis_hide_breadcrumbs":false,"_genesis_hide_singular_image":false,"_genesis_hide_footer_widgets":false,"_genesis_custom_body_class":"","_genesis_custom_post_class":"","_genesis_layout":"","footnotes":""},"class_list":{"0":"post-10255","1":"page","2":"type-page","3":"status-publish","4":"has-post-thumbnail","6":"entry"},"_links":{"self":[{"href":"https:\/\/moverdb.com\/tr\/wp-json\/wp\/v2\/pages\/10255","targetHints":{"allow":["GET"]}}],"collection":[{"href":"https:\/\/moverdb.com\/tr\/wp-json\/wp\/v2\/pages"}],"about":[{"href":"https:\/\/moverdb.com\/tr\/wp-json\/wp\/v2\/types\/page"}],"author":[{"embeddable":true,"href":"https:\/\/moverdb.com\/tr\/wp-json\/wp\/v2\/users\/4"}],"replies":[{"embeddable":true,"href":"https:\/\/moverdb.com\/tr\/wp-json\/wp\/v2\/comments?post=10255"}],"version-history":[{"count":1,"href":"https:\/\/moverdb.com\/tr\/wp-json\/wp\/v2\/pages\/10255\/revisions"}],"predecessor-version":[{"id":10256,"href":"https:\/\/moverdb.com\/tr\/wp-json\/wp\/v2\/pages\/10255\/revisions\/10256"}],"up":[{"embeddable":true,"href":"https:\/\/moverdb.com\/tr\/wp-json\/wp\/v2\/pages\/190"}],"wp:featuredmedia":[{"embeddable":true,"href":"https:\/\/moverdb.com\/tr\/wp-json\/wp\/v2\/media\/10077"}],"wp:attachment":[{"href":"https:\/\/moverdb.com\/tr\/wp-json\/wp\/v2\/media?parent=10255"}],"curies":[{"name":"wp","href":"https:\/\/api.w.org\/{rel}","templated":true}]}}