{"id":10253,"date":"2023-06-22T15:36:35","date_gmt":"2023-06-22T15:36:35","guid":{"rendered":"https:\/\/moverdb.com\/?page_id=10253"},"modified":"2026-01-08T15:23:53","modified_gmt":"2026-01-08T15:23:53","slug":"moving-companies-uzbekistan","status":"publish","type":"page","link":"https:\/\/moverdb.com\/tr\/moving-companies\/moving-companies-uzbekistan\/","title":{"rendered":"\u00d6zbekistan'daki En \u0130yi 2 Uluslararas\u0131 Nakliye \u015eirketi"},"content":{"rendered":"<p>\u00d6zbekistan i\u00e7inde, \u00d6zbekistan'a veya \u00d6zbekistan'dan ta\u015f\u0131nmay\u0131 m\u0131 planl\u0131yorsunuz? O zaman bir <a href=\"https:\/\/moverdb.com\/tr\/moving-companies\/\" data-internallinksmanager029f6b8e52c=\"79\" title=\"\u00c7evrimi\u00e7i En \u0130yi 25 Uluslararas\u0131 Nakliye \u015eirketi\">ta\u015finma \u015fi\u0307rketi\u0307<\/a> Uluslararas\u0131 ta\u015f\u0131nmalar i\u00e7in paketleme, nakliye ve g\u00fcmr\u00fck i\u015flemlerinde size yard\u0131mc\u0131 olabilecek ki\u015filer, ta\u015f\u0131nman\u0131z\u0131 ger\u00e7ekten kolayla\u015ft\u0131rabilir. A\u015fa\u011f\u0131da \u00d6zbekistan merkezli bir liste derledik <a href=\"https:\/\/moverdb.com\/tr\/international-removals\/\" data-internallinksmanager029f6b8e52c=\"27\" title=\"36 \u0130ngiltere&#039;deki En \u0130yi Uluslararas\u0131 Nakliye \u015eirketleri\">nakli\u0307ye \u015fi\u0307rketleri\u0307<\/a> \u00fcyesi olan <a href=\"https:\/\/moverdb.com\/tr\/iam\/\" data-internallinksmanager029f6b8e52c=\"23\" title=\"Uluslararas\u0131 Ta\u015f\u0131mac\u0131lar Birli\u011fi (IAM) A\u00e7\u0131klamas\u0131\">Uluslararas\u0131 Ta\u015f\u0131mac\u0131lar Birli\u011fi<\/a> (IAM) ve\/veya <a href=\"https:\/\/moverdb.com\/tr\/fidi-faim\/\" data-internallinksmanager029f6b8e52c=\"16\" title=\"FIDI &amp; FAIM (FIDI Akredite Uluslararas\u0131 Ta\u015f\u0131mac\u0131) A\u00e7\u0131klamas\u0131\">FIDI<\/a> Ta\u015f\u0131nman\u0131zda size yard\u0131mc\u0131 olabilecek Akredite Uluslararas\u0131 Ta\u015f\u0131mac\u0131 (FAIM).<\/p>\n<h2><strong>1. Hareket Bir<\/strong><\/h2>\n<p><img loading=\"lazy\" decoding=\"async\" class=\"alignnone size-full wp-image-10159\" src=\"https:\/\/moverdb.com\/wp-content\/uploads\/Move-One-international-moving-company-1.png\" alt=\"Move One uluslararas\u0131 ta\u015f\u0131ma \u015firketi\" width=\"1440\" height=\"676\" data-wp-pid=\"10159\" srcset=\"https:\/\/moverdb.com\/wp-content\/uploads\/Move-One-international-moving-company-1.png 1440w, https:\/\/moverdb.com\/wp-content\/uploads\/Move-One-international-moving-company-1-300x141.png 300w, https:\/\/moverdb.com\/wp-content\/uploads\/Move-One-international-moving-company-1-1024x481.png 1024w, https:\/\/moverdb.com\/wp-content\/uploads\/Move-One-international-moving-company-1-18x8.png 18w, https:\/\/moverdb.com\/wp-content\/uploads\/Move-One-international-moving-company-1-600x282.png 600w\" sizes=\"auto, (max-width: 1440px) 100vw, 1440px\" \/><\/p>\n<ul>\n<li>Ulusal hamleler<\/li>\n<li>Uluslararas\u0131 ta\u015f\u0131nmalar<\/li>\n<li>Ev ta\u015f\u0131ma<\/li>\n<li>Ticari lojistik<\/li>\n<li>Yer de\u011fi\u015ftirme hizmetleri<\/li>\n<li>Paketleme hizmeti<\/li>\n<li>Ula\u015f\u0131m d\u00fczenlemeleri<\/li>\n<li>G\u00fcmr\u00fck deste\u011fi<\/li>\n<li>Evcil hayvan ve ara\u00e7 ta\u015f\u0131mac\u0131l\u0131\u011f\u0131<\/li>\n<li>Depolama tesisleri<\/li>\n<\/ul>\n<p>Move One, 1992 y\u0131l\u0131nda kurulan ve Do\u011fu Avrupa, Afrika, Orta Do\u011fu, Balkanlar ve BDT'de 80'den fazla ofisi bulunan bir lojistik, ta\u015f\u0131ma ve k\u00fcresel mobilite \u00e7\u00f6z\u00fcmleri \u015firketidir. \u00d6zbekistan ofisleri Ta\u015fkent'tedir. Uluslararas\u0131 hizmetler sunmak i\u00e7in bir ofis ve acente a\u011f\u0131na sahiptirler. Yedi y\u0131ll\u0131k hizmetiyle IAM \u00fcyesidir.<\/p>\n<p>Move One, paketleme hizmeti, nakliye d\u00fczenlemeleri ve g\u00fcmr\u00fck deste\u011fi sa\u011flayarak ta\u015f\u0131nman\u0131z\u0131n sorunsuz ge\u00e7mesini koordine edecektir. \u0130zinler ve vizeler, hayvan nakliyesi, otomobil nakliyesi, fazla bagaj ve depolama dahil olmak \u00fczere ek hizmetler sunarlar. Ta\u015f\u0131nma hizmetleri aras\u0131nda ev ve okul arama, ge\u00e7ici konaklama, oryantasyon ve yerle\u015fme deste\u011fi yer almaktad\u0131r.<\/p>\n<p>Web sitesi: <a href=\"https:\/\/www.moveoneinc.com\" target=\"_blank\" rel=\"noopener\">https:\/\/www.moveoneinc.com<\/a><\/p>\n<h2><strong>2. Gosselin<\/strong><\/h2>\n<p><img loading=\"lazy\" decoding=\"async\" class=\"alignnone size-full wp-image-10132\" src=\"https:\/\/moverdb.com\/wp-content\/uploads\/Gosselin-Uzbekistan-international-moving-company.png\" alt=\"Gosselin \u00d6zbekistan uluslararas\u0131 nakliye \u015firketi\" width=\"1440\" height=\"680\" data-wp-pid=\"10132\" srcset=\"https:\/\/moverdb.com\/wp-content\/uploads\/Gosselin-Uzbekistan-international-moving-company.png 1440w, https:\/\/moverdb.com\/wp-content\/uploads\/Gosselin-Uzbekistan-international-moving-company-300x142.png 300w, https:\/\/moverdb.com\/wp-content\/uploads\/Gosselin-Uzbekistan-international-moving-company-1024x484.png 1024w, https:\/\/moverdb.com\/wp-content\/uploads\/Gosselin-Uzbekistan-international-moving-company-18x9.png 18w, https:\/\/moverdb.com\/wp-content\/uploads\/Gosselin-Uzbekistan-international-moving-company-600x283.png 600w\" sizes=\"auto, (max-width: 1440px) 100vw, 1440px\" \/><\/p>\n<ul>\n<li>Ulusal hamleler<\/li>\n<li>Uluslararas\u0131 ta\u015f\u0131nmalar<\/li>\n<li>Ev ta\u015f\u0131ma<\/li>\n<li>Ofis ta\u015f\u0131ma<\/li>\n<li>Kap\u0131dan kap\u0131ya hizmet<\/li>\n<li>Paketleme hizmeti<\/li>\n<li>Nakliye d\u00fczenlemeleri<\/li>\n<li>G\u00fczel sanat hareketleri<\/li>\n<li>Araba ve evcil hayvan ta\u015f\u0131ma<\/li>\n<li>Depolama \u00e7\u00f6z\u00fcmleri<\/li>\n<\/ul>\n<p>Gosselin, 1930 y\u0131l\u0131nda kurulan ve \u00d6zbekistan'daki Ta\u015fkent de dahil olmak \u00fczere Avrupa, Kafkasya ve Orta Asya'da 34 \u00fclkede ofisi bulunan uluslararas\u0131 bir ta\u015f\u0131ma \u015firketidir. Uluslararas\u0131 hizmetler sunmak i\u00e7in kendi ofislerini ve d\u00fcnyan\u0131n d\u00f6rt bir yan\u0131ndaki ta\u015f\u0131ma ortaklar\u0131ndan olu\u015fan bir a\u011f\u0131 kullanmaktad\u0131rlar. IAM \u00fcyesidirler.<\/p>\n<p>Gosselin, d\u00fcnyan\u0131n herhangi bir yerine ta\u015f\u0131nman\u0131za yard\u0131mc\u0131 olmak i\u00e7in profesyonel nakliyecilerle kap\u0131dan kap\u0131ya ta\u015f\u0131ma hizmeti sunar. E\u015fyalar\u0131n\u0131z\u0131 g\u00fcvenli bir \u015fekilde paketleyecek, mobilyalar\u0131 s\u00f6k\u00fcp monte edecek ve var\u0131\u015fta ambalajlar\u0131n\u0131 a\u00e7acaklard\u0131r. \u00c7evre dostu ambalaj malzemeleri kullan\u0131rlar ve nakliye sigortas\u0131n\u0131 da dahil ederler. G\u00fczel sanatlar ta\u015f\u0131mac\u0131l\u0131\u011f\u0131 da dahil olmak \u00fczere ek hizmetler sunarlar, <a href=\"https:\/\/moverdb.com\/tr\/car-transport-shipping\/\" data-internallinksmanager029f6b8e52c=\"2\" title=\"2026 Uluslararas\u0131 Ara\u00e7 Ta\u015f\u0131ma &amp; Ara\u00e7 Nakliye Fiyatlar\u0131\">araba nakliyesi<\/a>, evcil hayvan ta\u015f\u0131ma ve depolama \u00e7\u00f6z\u00fcmleri.<\/p>\n<p>Web sitesi: <a href=\"https:\/\/gosselin-moving.com\/uzbekistan\" target=\"_blank\" rel=\"noopener\">https:\/\/gosselin-moving.com\/uzbekistan<\/a><\/p>","protected":false},"excerpt":{"rendered":"<p>Are you planning on moving within, to or from Uzbekistan? Then engaging a moving company who can assist you with packing, arranging transport and handling customs for international moves can really ease your move. Below we have compiled a list of Uzbekistan based removal companies that are members of the International Association of Movers (IAM) [&hellip;]<\/p>\n","protected":false},"author":4,"featured_media":10159,"parent":190,"menu_order":0,"comment_status":"closed","ping_status":"closed","template":"","meta":{"_genesis_hide_title":false,"_genesis_hide_breadcrumbs":false,"_genesis_hide_singular_image":false,"_genesis_hide_footer_widgets":false,"_genesis_custom_body_class":"","_genesis_custom_post_class":"","_genesis_layout":"","footnotes":""},"class_list":{"0":"post-10253","1":"page","2":"type-page","3":"status-publish","4":"has-post-thumbnail","6":"entry"},"_links":{"self":[{"href":"https:\/\/moverdb.com\/tr\/wp-json\/wp\/v2\/pages\/10253","targetHints":{"allow":["GET"]}}],"collection":[{"href":"https:\/\/moverdb.com\/tr\/wp-json\/wp\/v2\/pages"}],"about":[{"href":"https:\/\/moverdb.com\/tr\/wp-json\/wp\/v2\/types\/page"}],"author":[{"embeddable":true,"href":"https:\/\/moverdb.com\/tr\/wp-json\/wp\/v2\/users\/4"}],"replies":[{"embeddable":true,"href":"https:\/\/moverdb.com\/tr\/wp-json\/wp\/v2\/comments?post=10253"}],"version-history":[{"count":1,"href":"https:\/\/moverdb.com\/tr\/wp-json\/wp\/v2\/pages\/10253\/revisions"}],"predecessor-version":[{"id":10254,"href":"https:\/\/moverdb.com\/tr\/wp-json\/wp\/v2\/pages\/10253\/revisions\/10254"}],"up":[{"embeddable":true,"href":"https:\/\/moverdb.com\/tr\/wp-json\/wp\/v2\/pages\/190"}],"wp:featuredmedia":[{"embeddable":true,"href":"https:\/\/moverdb.com\/tr\/wp-json\/wp\/v2\/media\/10159"}],"wp:attachment":[{"href":"https:\/\/moverdb.com\/tr\/wp-json\/wp\/v2\/media?parent=10253"}],"curies":[{"name":"wp","href":"https:\/\/api.w.org\/{rel}","templated":true}]}}