{"id":10249,"date":"2023-06-22T15:38:39","date_gmt":"2023-06-22T15:38:39","guid":{"rendered":"https:\/\/moverdb.com\/?page_id=10249"},"modified":"2026-01-08T15:24:29","modified_gmt":"2026-01-08T15:24:29","slug":"moving-companies-uruguay","status":"publish","type":"page","link":"https:\/\/moverdb.com\/tr\/moving-companies\/moving-companies-uruguay\/","title":{"rendered":"Uruguay'daki En \u0130yi 3 Uluslararas\u0131 Nakliye \u015eirketi"},"content":{"rendered":"<p>Evinizi veya i\u015f yerinizi ta\u015f\u0131mak, yap\u0131lmas\u0131 ve d\u00fczenlenmesi gereken \u00e7ok \u015fey olan tela\u015fl\u0131 ve stresli bir zaman olabilir. \u0130\u015fte bu noktada <a href=\"https:\/\/moverdb.com\/tr\/moving-companies\/\" data-internallinksmanager029f6b8e52c=\"79\" title=\"\u00c7evrimi\u00e7i En \u0130yi 25 Uluslararas\u0131 Nakliye \u015eirketi\">ta\u015finma \u015fi\u0307rketi\u0307<\/a> paketleme, nakliye ayarlama ve \u00fclkeler aras\u0131 ta\u015f\u0131nmalar i\u00e7in g\u00fcmr\u00fck d\u00fczenlemelerini yapma gibi bir\u00e7ok g\u00f6revi \u00fcstlenerek size yard\u0131mc\u0131 olabilir. A\u015fa\u011f\u0131da Uruguay'da faaliyet g\u00f6steren <a href=\"https:\/\/moverdb.com\/tr\/international-removals\/\" data-internallinksmanager029f6b8e52c=\"27\" title=\"36 \u0130ngiltere&#039;deki En \u0130yi Uluslararas\u0131 Nakliye \u015eirketleri\">nakli\u0307ye \u015fi\u0307rketleri\u0307<\/a> \u00fcyesi olan <a href=\"https:\/\/moverdb.com\/tr\/iam\/\" data-internallinksmanager029f6b8e52c=\"23\" title=\"Uluslararas\u0131 Ta\u015f\u0131mac\u0131lar Birli\u011fi (IAM) A\u00e7\u0131klamas\u0131\">Uluslararas\u0131 Ta\u015f\u0131mac\u0131lar Birli\u011fi<\/a> (IAM) ve\/veya <a href=\"https:\/\/moverdb.com\/tr\/fidi-faim\/\" data-internallinksmanager029f6b8e52c=\"16\" title=\"FIDI &amp; FAIM (FIDI Akredite Uluslararas\u0131 Ta\u015f\u0131mac\u0131) A\u00e7\u0131klamas\u0131\">FIDI<\/a> Ta\u015f\u0131nman\u0131zda size yard\u0131mc\u0131 olabilecek Akredite Uluslararas\u0131 Ta\u015f\u0131y\u0131c\u0131 (FAIM).<\/p>\n<h2><strong>1. AB Hareketli<\/strong><\/h2>\n<p><img loading=\"lazy\" decoding=\"async\" class=\"alignnone size-full wp-image-10064\" src=\"https:\/\/moverdb.com\/wp-content\/uploads\/AB-Moving-international-moving-company.png\" alt=\"AB Moving uluslararas\u0131 ta\u015f\u0131ma \u015firketi\" width=\"1440\" height=\"679\" data-wp-pid=\"10064\" srcset=\"https:\/\/moverdb.com\/wp-content\/uploads\/AB-Moving-international-moving-company.png 1440w, https:\/\/moverdb.com\/wp-content\/uploads\/AB-Moving-international-moving-company-300x141.png 300w, https:\/\/moverdb.com\/wp-content\/uploads\/AB-Moving-international-moving-company-1024x483.png 1024w, https:\/\/moverdb.com\/wp-content\/uploads\/AB-Moving-international-moving-company-18x8.png 18w, https:\/\/moverdb.com\/wp-content\/uploads\/AB-Moving-international-moving-company-600x283.png 600w\" sizes=\"auto, (max-width: 1440px) 100vw, 1440px\" \/><\/p>\n<ul>\n<li>Ulusal hamleler<\/li>\n<li>Uluslararas\u0131 ta\u015f\u0131nmalar<\/li>\n<li>Ev ta\u015f\u0131ma<\/li>\n<li>\u0130\u015f hamleleri<\/li>\n<li>Yer de\u011fi\u015ftirme hizmetleri<\/li>\n<li>Profesyonel paketleme<\/li>\n<li>Hava, deniz ve kara ta\u015f\u0131mac\u0131l\u0131\u011f\u0131<\/li>\n<li>Sanat i\u015fleme<\/li>\n<li>Evcil hayvanlar\u0131n ta\u015f\u0131nmas\u0131<\/li>\n<li>G\u00fcvenli depolama<\/li>\n<\/ul>\n<p>AB Moving, 25 y\u0131l\u0131 a\u015fk\u0131n deneyime sahip uluslararas\u0131 bir ta\u015f\u0131nma ve yer de\u011fi\u015ftirme \u015firketidir ve merkezi Montevideo'dad\u0131r. D\u00fcnyan\u0131n her yerine ta\u015f\u0131nmalar\u0131n\u0131 sa\u011flayan d\u00fcnya \u00e7ap\u0131nda bir temsilci a\u011f\u0131na sahiptirler. \u015eirket, 15 y\u0131ll\u0131k hizmetiyle IAM \u00fcyesidir.<\/p>\n<p>AB Moving, ihtiya\u00e7lar\u0131n\u0131za g\u00f6re uyarlanm\u0131\u015f ve kap\u0131dan kap\u0131ya hizmet sunan ki\u015fiselle\u015ftirilmi\u015f hizmetler sa\u011flar. E\u015fyalar\u0131n\u0131z\u0131 korumak i\u00e7in y\u00fcksek kaliteli malzemeler ve \u00f6zel yap\u0131m ah\u015fap iskeletler kullanan profesyonel bir paketleme hizmeti sunarlar. Gerekli t\u00fcm belgelerle birlikte hava, deniz veya karayolu ile nakliyeyi ayarlarlar.<\/p>\n<p>Web sitesi: <a href=\"http:\/\/www.ab.com.uy\" target=\"_blank\" rel=\"noopener\">http:\/\/www.ab.com.uy<\/a><\/p>\n<h2><strong>2. Autogiro<\/strong><\/h2>\n<p><img loading=\"lazy\" decoding=\"async\" class=\"alignnone size-full wp-image-10085\" src=\"https:\/\/moverdb.com\/wp-content\/uploads\/Autogiro-international-moving-company.png\" alt=\"Autogiro uluslararas\u0131 nakliye \u015firketi\" width=\"1440\" height=\"682\" data-wp-pid=\"10085\" srcset=\"https:\/\/moverdb.com\/wp-content\/uploads\/Autogiro-international-moving-company.png 1440w, https:\/\/moverdb.com\/wp-content\/uploads\/Autogiro-international-moving-company-300x142.png 300w, https:\/\/moverdb.com\/wp-content\/uploads\/Autogiro-international-moving-company-1024x485.png 1024w, https:\/\/moverdb.com\/wp-content\/uploads\/Autogiro-international-moving-company-18x9.png 18w, https:\/\/moverdb.com\/wp-content\/uploads\/Autogiro-international-moving-company-600x284.png 600w\" sizes=\"auto, (max-width: 1440px) 100vw, 1440px\" \/><\/p>\n<ul>\n<li>Ulusal hamleler<\/li>\n<li>Uluslararas\u0131 ta\u015f\u0131nmalar<\/li>\n<li>Konut Ta\u015f\u0131malar\u0131<\/li>\n<li>Kurumsal Ta\u015f\u0131malar<\/li>\n<li>Yer de\u011fi\u015ftirme hizmetleri<\/li>\n<li>Paketleme hizmeti<\/li>\n<li>Ula\u015f\u0131m d\u00fczenlemeleri<\/li>\n<li>Sanat eseri i\u015fleme<\/li>\n<li>Evcil hayvan ta\u015f\u0131mac\u0131l\u0131\u011f\u0131<\/li>\n<li>G\u00fcvenli depolama<\/li>\n<\/ul>\n<p>Autogiro, 1925 y\u0131l\u0131nda kurulmu\u015f ve Montevideo merkezli bir nakliye ve kargo ta\u015f\u0131mac\u0131l\u0131\u011f\u0131 \u015firketidir. Uluslararas\u0131 hizmetler sunmalar\u0131na yard\u0131mc\u0131 olmak i\u00e7in d\u00fcnya \u00e7ap\u0131nda y\u00fcksek standartlarda hizmet veren acentelerle ba\u011flar kurmu\u015flard\u0131r. \u015eirket 98 y\u0131ll\u0131k hizmetiyle IAM \u00fcyesidir ve FIDI taraf\u0131ndan akredite edilmi\u015ftir.<\/p>\n<p>Autogiro \u00f6ncelikle ta\u015f\u0131nma hacminizi tahmin edecek ve g\u00fcmr\u00fck tavsiyeleri ile birlikte kap\u0131dan kap\u0131ya ta\u015f\u0131nma i\u00e7in bir fiyat teklifi sunacakt\u0131r. E\u015fyalar\u0131n\u0131z\u0131 paketleyecek ve MDF \u00e7ekmecelerde koruyacak ve k\u0131r\u0131labilir e\u015fyalar i\u00e7in uluslararas\u0131 standartlar\u0131 kar\u015f\u0131layacaklard\u0131r. E\u015fyalar\u0131n\u0131z\u0131 bir konteynere ya da ah\u015fap kasalara y\u00fckleyecek ve bir envanter sunarak var\u0131\u015f noktan\u0131za ta\u015f\u0131yacaklard\u0131r.<\/p>\n<p>Web sitesi: <a href=\"http:\/\/www.autogiro.com.uy\" target=\"_blank\" rel=\"noopener\">http:\/\/www.autogiro.com.uy<\/a><\/p>\n<h2><strong>3. Uruvan<\/strong><\/h2>\n<p><img loading=\"lazy\" decoding=\"async\" class=\"alignnone size-full wp-image-10251\" src=\"https:\/\/moverdb.com\/wp-content\/uploads\/Uruvan-international-moving-company-1.png\" alt=\"Uruvan uluslararas\u0131 nakliye \u015firketi\" width=\"1440\" height=\"709\" data-wp-pid=\"10251\" srcset=\"https:\/\/moverdb.com\/wp-content\/uploads\/Uruvan-international-moving-company-1.png 1440w, https:\/\/moverdb.com\/wp-content\/uploads\/Uruvan-international-moving-company-1-300x148.png 300w, https:\/\/moverdb.com\/wp-content\/uploads\/Uruvan-international-moving-company-1-1024x504.png 1024w, https:\/\/moverdb.com\/wp-content\/uploads\/Uruvan-international-moving-company-1-18x9.png 18w, https:\/\/moverdb.com\/wp-content\/uploads\/Uruvan-international-moving-company-1-600x295.png 600w\" sizes=\"auto, (max-width: 1440px) 100vw, 1440px\" \/><\/p>\n<ul>\n<li>Ulusal Ta\u015f\u0131malar<\/li>\n<li>Uluslararas\u0131 Ta\u015f\u0131malar<\/li>\n<li>Ev ta\u015f\u0131ma<\/li>\n<li>Kurumsal Ta\u015f\u0131malar<\/li>\n<li>Yer de\u011fi\u015ftirme hizmetleri<\/li>\n<li>Paketleme hizmeti<\/li>\n<li>G\u00fcmr\u00fck i\u015flemleri<\/li>\n<li>Sanat ta\u015f\u0131mac\u0131l\u0131\u011f\u0131<\/li>\n<li>Evcil hayvan ta\u015f\u0131mac\u0131l\u0131\u011f\u0131<\/li>\n<li>Depolama tesisleri<\/li>\n<\/ul>\n<p>Uruvan, 1982 y\u0131l\u0131nda kurulan ve Punta del Etse'de bir ofisi bulunan Montevideo merkezli, nakliye ve depolama hizmetleri sunan ulusal ve uluslararas\u0131 bir nakliye \u015firketidir. Uruguay'da ve uluslararas\u0131 alanda hizmet sunmak i\u00e7in d\u00fcnya \u00e7ap\u0131nda acentelerle \u00e7al\u0131\u015fmaktad\u0131r. \u015eirket 41 y\u0131ll\u0131k hizmetiyle IAM \u00fcyesidir ve FIDI taraf\u0131ndan akredite edilmi\u015ftir.<\/p>\n<p>Uruvan, ihtiya\u00e7lar\u0131n\u0131z\u0131 de\u011ferlendirmek ve bir fiyat teklifi sunmak i\u00e7in bir ev anketi ile ba\u015flayan kap\u0131dan kap\u0131ya ta\u015f\u0131ma hizmetleri sunmaktad\u0131r. Ta\u015f\u0131nma i\u015fleminizi koordine eder ve nakliye, paketleme ve g\u00fcmr\u00fckleme i\u015flemlerini d\u00fczenler. Profesyonel ta\u015f\u0131ma ekipleri, e\u015fyalar\u0131n\u0131z\u0131 yeni evinize ta\u015f\u0131n\u0131rken korumak i\u00e7in uygun ambalaj malzemeleriyle paketleyecektir.<\/p>\n<p>Web sitesi: <a href=\"http:\/\/www.uruvan.com.uy\" target=\"_blank\" rel=\"noopener\">http:\/\/www.uruvan.com.uy<\/a><\/p>","protected":false},"excerpt":{"rendered":"<p>Moving home or your business can be a hectic and stressful time with a lot to do and arrange. This is where a moving company can help you by taking on many of the tasks such as packing, arranging transportation and handling customs arrangements for inter-country moves. Below we have compiled a list of Uruguay [&hellip;]<\/p>\n","protected":false},"author":4,"featured_media":10064,"parent":190,"menu_order":0,"comment_status":"closed","ping_status":"closed","template":"","meta":{"_genesis_hide_title":false,"_genesis_hide_breadcrumbs":false,"_genesis_hide_singular_image":false,"_genesis_hide_footer_widgets":false,"_genesis_custom_body_class":"","_genesis_custom_post_class":"","_genesis_layout":"","footnotes":""},"class_list":{"0":"post-10249","1":"page","2":"type-page","3":"status-publish","4":"has-post-thumbnail","6":"entry"},"_links":{"self":[{"href":"https:\/\/moverdb.com\/tr\/wp-json\/wp\/v2\/pages\/10249","targetHints":{"allow":["GET"]}}],"collection":[{"href":"https:\/\/moverdb.com\/tr\/wp-json\/wp\/v2\/pages"}],"about":[{"href":"https:\/\/moverdb.com\/tr\/wp-json\/wp\/v2\/types\/page"}],"author":[{"embeddable":true,"href":"https:\/\/moverdb.com\/tr\/wp-json\/wp\/v2\/users\/4"}],"replies":[{"embeddable":true,"href":"https:\/\/moverdb.com\/tr\/wp-json\/wp\/v2\/comments?post=10249"}],"version-history":[{"count":1,"href":"https:\/\/moverdb.com\/tr\/wp-json\/wp\/v2\/pages\/10249\/revisions"}],"predecessor-version":[{"id":10252,"href":"https:\/\/moverdb.com\/tr\/wp-json\/wp\/v2\/pages\/10249\/revisions\/10252"}],"up":[{"embeddable":true,"href":"https:\/\/moverdb.com\/tr\/wp-json\/wp\/v2\/pages\/190"}],"wp:featuredmedia":[{"embeddable":true,"href":"https:\/\/moverdb.com\/tr\/wp-json\/wp\/v2\/media\/10064"}],"wp:attachment":[{"href":"https:\/\/moverdb.com\/tr\/wp-json\/wp\/v2\/media?parent=10249"}],"curies":[{"name":"wp","href":"https:\/\/api.w.org\/{rel}","templated":true}]}}