{"id":10227,"date":"2023-06-22T15:49:08","date_gmt":"2023-06-22T15:49:08","guid":{"rendered":"https:\/\/moverdb.com\/?page_id=10227"},"modified":"2026-01-08T15:30:19","modified_gmt":"2026-01-08T15:30:19","slug":"moving-companies-tajikistan","status":"publish","type":"page","link":"https:\/\/moverdb.com\/tr\/moving-companies\/moving-companies-tajikistan\/","title":{"rendered":"Tacikistan'daki En \u0130yi Uluslararas\u0131 Nakliye \u015eirketleri"},"content":{"rendered":"<p>Tacikistan i\u00e7inde, Tacikistan'a veya Tacikistan'dan ta\u015f\u0131nmay\u0131 m\u0131 planl\u0131yorsunuz? O zaman bir nakliye \u015firketinin hizmetlerinden yararlanmak isteyebilirsiniz. <a href=\"https:\/\/moverdb.com\/tr\/moving-companies\/\" data-internallinksmanager029f6b8e52c=\"79\" title=\"\u00c7evrimi\u00e7i En \u0130yi 25 Uluslararas\u0131 Nakliye \u015eirketi\">ta\u015finma \u015fi\u0307rketi\u0307<\/a> paketlemenize, nakliyeyi ayarlaman\u0131za ve g\u00fcmr\u00fck i\u015flemlerini halletmenize yard\u0131mc\u0131 olmak i\u00e7in. A\u015fa\u011f\u0131da Tacikistan merkezli bir liste derledik <a href=\"https:\/\/moverdb.com\/tr\/international-removals\/\" data-internallinksmanager029f6b8e52c=\"27\" title=\"36 \u0130ngiltere&#039;deki En \u0130yi Uluslararas\u0131 Nakliye \u015eirketleri\">nakli\u0307ye \u015fi\u0307rketleri\u0307<\/a> \u00fcyesi olan <a href=\"https:\/\/moverdb.com\/tr\/iam\/\" data-internallinksmanager029f6b8e52c=\"23\" title=\"Uluslararas\u0131 Ta\u015f\u0131mac\u0131lar Birli\u011fi (IAM) A\u00e7\u0131klamas\u0131\">Uluslararas\u0131 Ta\u015f\u0131mac\u0131lar Birli\u011fi<\/a> (IAM) ve\/veya <a href=\"https:\/\/moverdb.com\/tr\/fidi-faim\/\" data-internallinksmanager029f6b8e52c=\"16\" title=\"FIDI &amp; FAIM (FIDI Akredite Uluslararas\u0131 Ta\u015f\u0131mac\u0131) A\u00e7\u0131klamas\u0131\">FIDI<\/a> Ta\u015f\u0131nman\u0131zda size yard\u0131mc\u0131 olabilecek Akredite Uluslararas\u0131 Ta\u015f\u0131y\u0131c\u0131 (FAIM).<\/p>\n<h2><strong>Dunyo Kargo<\/strong><\/h2>\n<p><img loading=\"lazy\" decoding=\"async\" class=\"alignnone size-full wp-image-10106\" src=\"https:\/\/moverdb.com\/wp-content\/uploads\/Dunyo-Cargo-international-moving-company.png\" alt=\"Dunyo Cargo uluslararas\u0131 ta\u015f\u0131ma \u015firketi\" width=\"1440\" height=\"680\" data-wp-pid=\"10106\" srcset=\"https:\/\/moverdb.com\/wp-content\/uploads\/Dunyo-Cargo-international-moving-company.png 1440w, https:\/\/moverdb.com\/wp-content\/uploads\/Dunyo-Cargo-international-moving-company-300x142.png 300w, https:\/\/moverdb.com\/wp-content\/uploads\/Dunyo-Cargo-international-moving-company-1024x484.png 1024w, https:\/\/moverdb.com\/wp-content\/uploads\/Dunyo-Cargo-international-moving-company-18x9.png 18w, https:\/\/moverdb.com\/wp-content\/uploads\/Dunyo-Cargo-international-moving-company-600x283.png 600w\" sizes=\"auto, (max-width: 1440px) 100vw, 1440px\" \/><\/p>\n<ul>\n<li>Ulusal ta\u015f\u0131nmalar<\/li>\n<li>Uluslararas\u0131 ta\u015f\u0131nmalar<\/li>\n<li>Hane halk\u0131 ta\u015f\u0131nmalar\u0131<\/li>\n<li>Ofis ta\u015f\u0131nmalar\u0131<\/li>\n<li>Yer de\u011fi\u015ftirme y\u00f6neticisi<\/li>\n<li>Paketleme hizmeti<\/li>\n<li>Nakliye d\u00fczenlemeleri<\/li>\n<li>G\u00fcmr\u00fck i\u015flemleri<\/li>\n<li>Evcil hayvan ve <a href=\"https:\/\/moverdb.com\/tr\/car-transport-shipping\/\" data-internallinksmanager029f6b8e52c=\"2\" title=\"2026 Uluslararas\u0131 Ara\u00e7 Ta\u015f\u0131ma &amp; Ara\u00e7 Nakliye Fiyatlar\u0131\">ara\u00e7 nakli\u0307yesi\u0307<\/a><\/li>\n<li>Depolama tesisleri<\/li>\n<\/ul>\n<p>Dunyo Cargo, 1994 y\u0131l\u0131nda kurulan ve merkezi Du\u015fanbe'de bulunan bir ta\u015f\u0131mac\u0131l\u0131k ve lojistik \u015firketidir. D\u00fcnya \u00e7ap\u0131nda geni\u015f bir ortak a\u011f\u0131na sahiptirler ve bu da onlara hizmetleri i\u00e7in k\u00fcresel kapsama alan\u0131 sa\u011flar. \u015eirket, 14 y\u0131ll\u0131k hizmetiyle IAM \u00fcyesidir.<\/p>\n<p>Dunyo Cargo, ta\u015f\u0131nman\u0131z\u0131n her ad\u0131m\u0131n\u0131 y\u00f6netmek i\u00e7in deneyimli ta\u015f\u0131nma y\u00f6neticileri sa\u011flar. Uluslararas\u0131 kalite standartlar\u0131n\u0131 kar\u015f\u0131layan nitelikli paketleyiciler ve ambalaj malzemeleri kullanan bir paketleme hizmeti sunarlar. Teslimat\u0131n\u0131z\u0131 ayarlay\u0131p planlayacak ve g\u00fcmr\u00fck i\u015flemlerini halledeceklerdir. Ayr\u0131ca evcil hayvanlar\u0131n ve ara\u00e7lar\u0131n ta\u015f\u0131nmas\u0131n\u0131 da ayarlayabilirler.<\/p>\n<p>Web sitesi: <a href=\"https:\/\/dunyocargo.com\" target=\"_blank\" rel=\"noopener\">https:\/\/dunyocargo.com<\/a><\/p>","protected":false},"excerpt":{"rendered":"<p>Are you planning on moving within, to or from Tajikistan? Then you might want to employ the services of a moving company to help you pack, arrange transport and handle customs. Below we have compiled a list of Tajikistan based removal companies that are members of the International Association of Movers (IAM) and\/or FIDI Accredited [&hellip;]<\/p>\n","protected":false},"author":4,"featured_media":10106,"parent":190,"menu_order":0,"comment_status":"closed","ping_status":"closed","template":"","meta":{"_genesis_hide_title":false,"_genesis_hide_breadcrumbs":false,"_genesis_hide_singular_image":false,"_genesis_hide_footer_widgets":false,"_genesis_custom_body_class":"","_genesis_custom_post_class":"","_genesis_layout":"","footnotes":""},"class_list":{"0":"post-10227","1":"page","2":"type-page","3":"status-publish","4":"has-post-thumbnail","6":"entry"},"_links":{"self":[{"href":"https:\/\/moverdb.com\/tr\/wp-json\/wp\/v2\/pages\/10227","targetHints":{"allow":["GET"]}}],"collection":[{"href":"https:\/\/moverdb.com\/tr\/wp-json\/wp\/v2\/pages"}],"about":[{"href":"https:\/\/moverdb.com\/tr\/wp-json\/wp\/v2\/types\/page"}],"author":[{"embeddable":true,"href":"https:\/\/moverdb.com\/tr\/wp-json\/wp\/v2\/users\/4"}],"replies":[{"embeddable":true,"href":"https:\/\/moverdb.com\/tr\/wp-json\/wp\/v2\/comments?post=10227"}],"version-history":[{"count":1,"href":"https:\/\/moverdb.com\/tr\/wp-json\/wp\/v2\/pages\/10227\/revisions"}],"predecessor-version":[{"id":10228,"href":"https:\/\/moverdb.com\/tr\/wp-json\/wp\/v2\/pages\/10227\/revisions\/10228"}],"up":[{"embeddable":true,"href":"https:\/\/moverdb.com\/tr\/wp-json\/wp\/v2\/pages\/190"}],"wp:featuredmedia":[{"embeddable":true,"href":"https:\/\/moverdb.com\/tr\/wp-json\/wp\/v2\/media\/10106"}],"wp:attachment":[{"href":"https:\/\/moverdb.com\/tr\/wp-json\/wp\/v2\/media?parent=10227"}],"curies":[{"name":"wp","href":"https:\/\/api.w.org\/{rel}","templated":true}]}}