{"id":10225,"date":"2023-06-22T15:49:55","date_gmt":"2023-06-22T15:49:55","guid":{"rendered":"https:\/\/moverdb.com\/?page_id=10225"},"modified":"2026-01-08T15:30:18","modified_gmt":"2026-01-08T15:30:18","slug":"moving-companies-taiwan","status":"publish","type":"page","link":"https:\/\/moverdb.com\/tr\/moving-companies\/moving-companies-taiwan\/","title":{"rendered":"Tayvan'daki En \u0130yi Uluslararas\u0131 Nakliye \u015eirketleri"},"content":{"rendered":"<p>E\u011fer ta\u015f\u0131nmay\u0131 d\u00fc\u015f\u00fcn\u00fcyorsan\u0131z, o zaman bir ta\u015f\u0131nma dan\u0131\u015fman\u0131n\u0131n hizmetlerinden yararlanmay\u0131 d\u00fc\u015f\u00fcnebilirsiniz. <a href=\"https:\/\/moverdb.com\/tr\/moving-companies\/\" data-internallinksmanager029f6b8e52c=\"79\" title=\"\u00c7evrimi\u00e7i En \u0130yi 25 Uluslararas\u0131 Nakliye \u015eirketi\">ta\u015finma \u015fi\u0307rketi\u0307<\/a> Yurtd\u0131\u015f\u0131na ta\u015f\u0131n\u0131yorsan\u0131z paketleme, nakliye d\u00fczenlemeleri ve ihracat\/ithalat gereksinimleri konusunda size yard\u0131mc\u0131 olmak i\u00e7in. A\u015fa\u011f\u0131da Tayvan merkezli bir liste derledik <a href=\"https:\/\/moverdb.com\/tr\/international-removals\/\" data-internallinksmanager029f6b8e52c=\"27\" title=\"36 \u0130ngiltere&#039;deki En \u0130yi Uluslararas\u0131 Nakliye \u015eirketleri\">nakli\u0307ye \u015fi\u0307rketleri\u0307<\/a> \u00fcyesi olan <a href=\"https:\/\/moverdb.com\/tr\/iam\/\" data-internallinksmanager029f6b8e52c=\"23\" title=\"Uluslararas\u0131 Ta\u015f\u0131mac\u0131lar Birli\u011fi (IAM) A\u00e7\u0131klamas\u0131\">Uluslararas\u0131 Ta\u015f\u0131mac\u0131lar Birli\u011fi<\/a> (IAM) ve\/veya <a href=\"https:\/\/moverdb.com\/tr\/fidi-faim\/\" data-internallinksmanager029f6b8e52c=\"16\" title=\"FIDI &amp; FAIM (FIDI Akredite Uluslararas\u0131 Ta\u015f\u0131mac\u0131) A\u00e7\u0131klamas\u0131\">FIDI<\/a> Ta\u015f\u0131nman\u0131zda size yard\u0131mc\u0131 olabilecek Akredite Uluslararas\u0131 Ta\u015f\u0131mac\u0131 (FAIM).<\/p>\n<h2><strong>Crown Van Lines<\/strong><\/h2>\n<p><img loading=\"lazy\" decoding=\"async\" class=\"alignnone size-full wp-image-10095\" src=\"https:\/\/moverdb.com\/wp-content\/uploads\/Crown-Van-Lines-Taiwan-international-moving-company.png\" alt=\"Crown Van Lines Tayvan uluslararas\u0131 nakliye \u015firketi\" width=\"1440\" height=\"682\" data-wp-pid=\"10095\" srcset=\"https:\/\/moverdb.com\/wp-content\/uploads\/Crown-Van-Lines-Taiwan-international-moving-company.png 1440w, https:\/\/moverdb.com\/wp-content\/uploads\/Crown-Van-Lines-Taiwan-international-moving-company-300x142.png 300w, https:\/\/moverdb.com\/wp-content\/uploads\/Crown-Van-Lines-Taiwan-international-moving-company-1024x485.png 1024w, https:\/\/moverdb.com\/wp-content\/uploads\/Crown-Van-Lines-Taiwan-international-moving-company-18x9.png 18w, https:\/\/moverdb.com\/wp-content\/uploads\/Crown-Van-Lines-Taiwan-international-moving-company-600x284.png 600w\" sizes=\"auto, (max-width: 1440px) 100vw, 1440px\" \/><\/p>\n<ul>\n<li>Ulusal Ta\u015f\u0131malar<\/li>\n<li>Uluslararas\u0131 Ta\u015f\u0131malar<\/li>\n<li>Evden eve nakliyat<\/li>\n<li>\u0130\u015f hizmetleri<\/li>\n<li>Yer de\u011fi\u015ftirme hizmetleri<\/li>\n<li>Paketleme hizmeti<\/li>\n<li>Kara, deniz ve hava ta\u015f\u0131mac\u0131l\u0131\u011f\u0131<\/li>\n<li>G\u00fcmr\u00fck komisyonculu\u011fu<\/li>\n<li>Evcil hayvanlar\u0131n ta\u015f\u0131nmas\u0131<\/li>\n<li>Depolama tesisleri<\/li>\n<\/ul>\n<p>Crown Van Lines 1979 y\u0131l\u0131nda kurulmu\u015f ve merkezi Taipei'de bulunan uluslararas\u0131 bir ta\u015f\u0131ma \u015firketidir. Uluslararas\u0131 ta\u015f\u0131nmalarda kendilerine yard\u0131mc\u0131 olmak i\u00e7in d\u00fcnya \u00e7ap\u0131nda g\u00fcvenilir bir acente a\u011f\u0131na sahiptirler. \u015eirket 44 y\u0131ll\u0131k hizmetiyle IAM \u00fcyesidir ve FIDI taraf\u0131ndan akredite edilmi\u015ftir.<\/p>\n<p>Crown Van Lines, deneyimli paketleyicilerle kap\u0131dan kap\u0131ya paketleme ve teslimat hizmetleri sunmaktad\u0131r. E\u015fyalar\u0131n\u0131z\u0131 ta\u015f\u0131ma s\u0131ras\u0131nda korumak i\u00e7in y\u00fcksek kaliteli ambalajlar sunarlar ve g\u00fcmr\u00fck komisyonculu\u011fu ile kara, deniz veya hava yoluyla nakliyeyi ayarlarlar. Evcil hayvanlar\u0131n\u0131z\u0131 yan\u0131n\u0131za alman\u0131za da yard\u0131mc\u0131 olabilirler. Ev ve okul arama, t\u0131bbi yard\u0131m ve oryantasyonu i\u00e7eren ta\u015f\u0131nma hizmetleri sunarlar.<\/p>\n<p>Web sitesi: <a href=\"http:\/\/www.crownvan.com\/\" target=\"_blank\" rel=\"noopener\">http:\/\/www.crownvan.com\/<\/a><\/p>\n<h2>Tayvan \u0130\u00e7in Di\u011fer Faydal\u0131 K\u0131lavuzlar<\/h2>\n<ul>\n<li> <a href=\"https:\/\/moverdb.com\/tr\/konteyner-tasimaciligi\/tayvan\/\">2024 Tayvan'a ve Tayvan'dan Deniz Ta\u015f\u0131mac\u0131l\u0131\u011f\u0131 Konteyner Nakliye Fiyatlar\u0131<\/a><\/li>\n<li> <a href=\"https:\/\/moverdb.com\/tr\/living-in-taiwan\/\">21 Tayvan'da Ya\u015famaya Dair Ta\u015f\u0131nmadan \u00d6nce Bilinmesi Gereken S\u0131rlar<\/a><\/li>\n<\/ul>","protected":false},"excerpt":{"rendered":"<p>If you are thinking about moving then you might want to consider engaging the services of a moving company to assist you with packing, transportation arrangements and export\/import requirements if moving abroad. Below we have compiled a list of Taiwan based removal companies that are members of the International Association of Movers (IAM) and\/or FIDI [&hellip;]<\/p>\n","protected":false},"author":4,"featured_media":10095,"parent":190,"menu_order":0,"comment_status":"closed","ping_status":"closed","template":"","meta":{"_genesis_hide_title":false,"_genesis_hide_breadcrumbs":false,"_genesis_hide_singular_image":false,"_genesis_hide_footer_widgets":false,"_genesis_custom_body_class":"","_genesis_custom_post_class":"","_genesis_layout":"","footnotes":""},"class_list":{"0":"post-10225","1":"page","2":"type-page","3":"status-publish","4":"has-post-thumbnail","6":"entry"},"_links":{"self":[{"href":"https:\/\/moverdb.com\/tr\/wp-json\/wp\/v2\/pages\/10225","targetHints":{"allow":["GET"]}}],"collection":[{"href":"https:\/\/moverdb.com\/tr\/wp-json\/wp\/v2\/pages"}],"about":[{"href":"https:\/\/moverdb.com\/tr\/wp-json\/wp\/v2\/types\/page"}],"author":[{"embeddable":true,"href":"https:\/\/moverdb.com\/tr\/wp-json\/wp\/v2\/users\/4"}],"replies":[{"embeddable":true,"href":"https:\/\/moverdb.com\/tr\/wp-json\/wp\/v2\/comments?post=10225"}],"version-history":[{"count":3,"href":"https:\/\/moverdb.com\/tr\/wp-json\/wp\/v2\/pages\/10225\/revisions"}],"predecessor-version":[{"id":18286,"href":"https:\/\/moverdb.com\/tr\/wp-json\/wp\/v2\/pages\/10225\/revisions\/18286"}],"up":[{"embeddable":true,"href":"https:\/\/moverdb.com\/tr\/wp-json\/wp\/v2\/pages\/190"}],"wp:featuredmedia":[{"embeddable":true,"href":"https:\/\/moverdb.com\/tr\/wp-json\/wp\/v2\/media\/10095"}],"wp:attachment":[{"href":"https:\/\/moverdb.com\/tr\/wp-json\/wp\/v2\/media?parent=10225"}],"curies":[{"name":"wp","href":"https:\/\/api.w.org\/{rel}","templated":true}]}}