{"id":10215,"date":"2023-06-22T15:54:43","date_gmt":"2023-06-22T15:54:43","guid":{"rendered":"https:\/\/moverdb.com\/?page_id=10215"},"modified":"2026-01-08T15:29:29","modified_gmt":"2026-01-08T15:29:29","slug":"moving-companies-sri-lanka","status":"publish","type":"page","link":"https:\/\/moverdb.com\/tr\/moving-companies\/moving-companies-sri-lanka\/","title":{"rendered":"Sri Lanka'daki En \u0130yi 7 Uluslararas\u0131 Nakliye \u015eirketi"},"content":{"rendered":"<p>Ta\u015f\u0131nmay\u0131 m\u0131 planl\u0131yorsunuz? O zaman bir nakliye \u015firketinin hizmetlerinden yararlanmak isteyebilirsiniz. <a href=\"https:\/\/moverdb.com\/tr\/moving-companies\/\" data-internallinksmanager029f6b8e52c=\"79\" title=\"\u00c7evrimi\u00e7i En \u0130yi 25 Uluslararas\u0131 Nakliye \u015eirketi\">ta\u015finma \u015fi\u0307rketi\u0307<\/a> Yurtd\u0131\u015f\u0131na ta\u015f\u0131n\u0131rken paketleme, nakliye ve g\u00fcmr\u00fck i\u015flemlerinde size yard\u0131mc\u0131 olabilirler. A\u015fa\u011f\u0131da Sri Lanka'da faaliyet g\u00f6steren <a href=\"https:\/\/moverdb.com\/tr\/international-removals\/\" data-internallinksmanager029f6b8e52c=\"27\" title=\"36 \u0130ngiltere&#039;deki En \u0130yi Uluslararas\u0131 Nakliye \u015eirketleri\">nakli\u0307ye \u015fi\u0307rketleri\u0307<\/a> \u00fcyesi olan <a href=\"https:\/\/moverdb.com\/tr\/iam\/\" data-internallinksmanager029f6b8e52c=\"23\" title=\"Uluslararas\u0131 Ta\u015f\u0131mac\u0131lar Birli\u011fi (IAM) A\u00e7\u0131klamas\u0131\">Uluslararas\u0131 Ta\u015f\u0131mac\u0131lar Birli\u011fi<\/a> (IAM) ve\/veya <a href=\"https:\/\/moverdb.com\/tr\/fidi-faim\/\" data-internallinksmanager029f6b8e52c=\"16\" title=\"FIDI &amp; FAIM (FIDI Akredite Uluslararas\u0131 Ta\u015f\u0131mac\u0131) A\u00e7\u0131klamas\u0131\">FIDI<\/a> Ta\u015f\u0131nman\u0131zda size yard\u0131mc\u0131 olabilecek Akredite Uluslararas\u0131 Ta\u015f\u0131mac\u0131 (FAIM).<\/p>\n<div id=\"ez-toc-container\" class=\"ez-toc-v2_0_82_2 ez-toc-wrap-left counter-hierarchy ez-toc-counter ez-toc-transparent ez-toc-container-direction\">\n<div class=\"ez-toc-title-container\">\n<p class=\"ez-toc-title\" style=\"cursor:inherit\">B\u00f6l\u00fcmler<\/p>\n<span class=\"ez-toc-title-toggle\"><a href=\"#\" class=\"ez-toc-pull-right ez-toc-btn ez-toc-btn-xs ez-toc-btn-default ez-toc-toggle\" aria-label=\"\u0130\u00e7indekiler Tablosunu A\u00e7\/Kapat\"><span class=\"ez-toc-js-icon-con\"><span class=\"\"><span class=\"eztoc-hide\" style=\"display:none;\">Ge\u00e7i\u015f<\/span><span class=\"ez-toc-icon-toggle-span\"><svg style=\"fill: #999;color:#999\" xmlns=\"http:\/\/www.w3.org\/2000\/svg\" class=\"list-377408\" width=\"20px\" height=\"20px\" viewbox=\"0 0 24 24\" fill=\"none\"><path d=\"M6 6H4v2h2V6zm14 0H8v2h12V6zM4 11h2v2H4v-2zm16 0H8v2h12v-2zM4 16h2v2H4v-2zm16 0H8v2h12v-2z\" fill=\"currentColor\"><\/path><\/svg><svg style=\"fill: #999;color:#999\" class=\"arrow-unsorted-368013\" xmlns=\"http:\/\/www.w3.org\/2000\/svg\" width=\"10px\" height=\"10px\" viewbox=\"0 0 24 24\" version=\"1.2\" baseprofile=\"tiny\"><path d=\"M18.2 9.3l-6.2-6.3-6.2 6.3c-.2.2-.3.4-.3.7s.1.5.3.7c.2.2.4.3.7.3h11c.3 0 .5-.1.7-.3.2-.2.3-.5.3-.7s-.1-.5-.3-.7zM5.8 14.7l6.2 6.3 6.2-6.3c.2-.2.3-.5.3-.7s-.1-.5-.3-.7c-.2-.2-.4-.3-.7-.3h-11c-.3 0-.5.1-.7.3-.2.2-.3.5-.3.7s.1.5.3.7z\"\/><\/svg><\/span><\/span><\/span><\/a><\/span><\/div>\n<nav><ul class='ez-toc-list ez-toc-list-level-1 eztoc-toggle-hide-by-default' ><li class='ez-toc-page-1 ez-toc-heading-level-2'><a class=\"ez-toc-link ez-toc-heading-1\" href=\"https:\/\/moverdb.com\/tr\/moving-companies\/moving-companies-sri-lanka\/#1_Aitken_Spence\" >1. Aitken Spence<\/a><\/li><li class='ez-toc-page-1 ez-toc-heading-level-2'><a class=\"ez-toc-link ez-toc-heading-2\" href=\"https:\/\/moverdb.com\/tr\/moving-companies\/moving-companies-sri-lanka\/#2_Asian_Movers\" >2. Asyal\u0131 Movers<\/a><\/li><li class='ez-toc-page-1 ez-toc-heading-level-2'><a class=\"ez-toc-link ez-toc-heading-3\" href=\"https:\/\/moverdb.com\/tr\/moving-companies\/moving-companies-sri-lanka\/#3_Don_Carolis_Sons\" >3. Don Carolis &amp; O\u011fullar\u0131<\/a><\/li><li class='ez-toc-page-1 ez-toc-heading-level-2'><a class=\"ez-toc-link ez-toc-heading-4\" href=\"https:\/\/moverdb.com\/tr\/moving-companies\/moving-companies-sri-lanka\/#4_Horizon_Relocations\" >4. Ufuk Ta\u015f\u0131malar\u0131<\/a><\/li><li class='ez-toc-page-1 ez-toc-heading-level-2'><a class=\"ez-toc-link ez-toc-heading-5\" href=\"https:\/\/moverdb.com\/tr\/moving-companies\/moving-companies-sri-lanka\/#5_Trans_World_Movers\" >5. Trans World Movers<\/a><\/li><li class='ez-toc-page-1 ez-toc-heading-level-2'><a class=\"ez-toc-link ez-toc-heading-6\" href=\"https:\/\/moverdb.com\/tr\/moving-companies\/moving-companies-sri-lanka\/#6_Trans-Global_Relocations\" >6. K\u00fcresel \u00d6tesi Yer De\u011fi\u015ftirmeler<\/a><\/li><li class='ez-toc-page-1 ez-toc-heading-level-2'><a class=\"ez-toc-link ez-toc-heading-7\" href=\"https:\/\/moverdb.com\/tr\/moving-companies\/moving-companies-sri-lanka\/#7_Worldwide_Movers\" >7. D\u00fcnya \u00c7ap\u0131nda Ta\u015f\u0131y\u0131c\u0131lar<\/a><\/li><\/ul><\/nav><\/div>\n<h2><span class=\"ez-toc-section\" id=\"1_Aitken_Spence\"><\/span><strong>1. Aitken Spence<\/strong><span class=\"ez-toc-section-end\"><\/span><\/h2>\n<p><img loading=\"lazy\" decoding=\"async\" class=\"alignnone size-full wp-image-10071\" src=\"https:\/\/moverdb.com\/wp-content\/uploads\/Aitken-Spence-international-moving-company.png\" alt=\"Aitken Spence uluslararas\u0131 ta\u015f\u0131ma \u015firketi\" width=\"1440\" height=\"676\" data-wp-pid=\"10071\" srcset=\"https:\/\/moverdb.com\/wp-content\/uploads\/Aitken-Spence-international-moving-company.png 1440w, https:\/\/moverdb.com\/wp-content\/uploads\/Aitken-Spence-international-moving-company-300x141.png 300w, https:\/\/moverdb.com\/wp-content\/uploads\/Aitken-Spence-international-moving-company-1024x481.png 1024w, https:\/\/moverdb.com\/wp-content\/uploads\/Aitken-Spence-international-moving-company-18x8.png 18w, https:\/\/moverdb.com\/wp-content\/uploads\/Aitken-Spence-international-moving-company-600x282.png 600w\" sizes=\"auto, (max-width: 1440px) 100vw, 1440px\" \/><\/p>\n<ul>\n<li>Ulusal hamleler<\/li>\n<li>Uluslararas\u0131 ta\u015f\u0131nmalar<\/li>\n<li>Ev ta\u015f\u0131ma<\/li>\n<li>\u015eirket lojisti\u011fi<\/li>\n<li>Fuar hizmetleri<\/li>\n<li>U\u00e7tan uca \u00e7\u00f6z\u00fcmler<\/li>\n<li>Hava, deniz ve kara ta\u015f\u0131mac\u0131l\u0131\u011f\u0131<\/li>\n<li>G\u00fcmr\u00fck i\u015flemleri<\/li>\n<li>Evcil hayvanlar\u0131n ta\u015f\u0131nmas\u0131<\/li>\n<li>Depolama tesisleri<\/li>\n<\/ul>\n<p>Aitken Spence, 1868 y\u0131l\u0131ndan bu yana faaliyet g\u00f6steren ve Colombo, Sri Lanka da dahil olmak \u00fczere sekiz \u00fclkede faaliyet g\u00f6steren \u00e7ok sekt\u00f6rl\u00fc bir i\u015fletmedir. Nakliye faaliyetleri aras\u0131nda ta\u015f\u0131nma ve yer de\u011fi\u015ftirme de yer almaktad\u0131r. Kendi \u015fubelerini ve onlar\u0131 desteklemek i\u00e7in k\u00fcresel bir ticaret ve lojistik \u015firketleri a\u011f\u0131n\u0131 kullanmaktad\u0131rlar. \u015eirket 44 y\u0131ll\u0131k hizmetiyle IAM \u00fcyesidir.<\/p>\n<p>Aitken Spence, k\u00fcresel varl\u0131\u011f\u0131 ile u\u00e7tan uca entegre \u00e7\u00f6z\u00fcmler sunmaktad\u0131r. D\u00fcnyan\u0131n herhangi bir yerine ta\u015f\u0131nan ev sahipleri i\u00e7in sorunsuz ta\u015f\u0131ma ve yer de\u011fi\u015ftirme hizmetleri sunarlar. E\u015fyalar\u0131n\u0131z\u0131 ve evcil hayvanlar\u0131n\u0131z\u0131 yeni evinize ta\u015f\u0131yabilirler. G\u00fcmr\u00fck i\u015flemleri ile birlikte nakliyeyi ayarlarlar.<\/p>\n<p>Web sitesi: <a href=\"http:\/\/www.acecargo.lk\" target=\"_blank\" rel=\"noopener\">http:\/\/www.acecargo.lk<\/a><\/p>\n<h2><span class=\"ez-toc-section\" id=\"2_Asian_Movers\"><\/span><strong>2. Asyal\u0131 Movers<\/strong><span class=\"ez-toc-section-end\"><\/span><\/h2>\n<p><img loading=\"lazy\" decoding=\"async\" class=\"alignnone size-full wp-image-10079\" src=\"https:\/\/moverdb.com\/wp-content\/uploads\/Asian-Movers-international-moving-company.png\" alt=\"Asian Movers uluslararas\u0131 ta\u015f\u0131ma \u015firketi\" width=\"1440\" height=\"681\" data-wp-pid=\"10079\" srcset=\"https:\/\/moverdb.com\/wp-content\/uploads\/Asian-Movers-international-moving-company.png 1440w, https:\/\/moverdb.com\/wp-content\/uploads\/Asian-Movers-international-moving-company-300x142.png 300w, https:\/\/moverdb.com\/wp-content\/uploads\/Asian-Movers-international-moving-company-1024x484.png 1024w, https:\/\/moverdb.com\/wp-content\/uploads\/Asian-Movers-international-moving-company-18x9.png 18w, https:\/\/moverdb.com\/wp-content\/uploads\/Asian-Movers-international-moving-company-600x284.png 600w\" sizes=\"auto, (max-width: 1440px) 100vw, 1440px\" \/><\/p>\n<ul>\n<li>Yerel ve ulusal hamleler<\/li>\n<li>Uluslararas\u0131 ta\u015f\u0131nmalar<\/li>\n<li>Ev ta\u015f\u0131ma<\/li>\n<li>Kurumsal ve ofis ta\u015f\u0131nmalar\u0131<\/li>\n<li>Kap\u0131dan kap\u0131ya hizmet<\/li>\n<li>Paketleme hizmeti<\/li>\n<li>Kara, deniz ve hava ta\u015f\u0131mac\u0131l\u0131\u011f\u0131<\/li>\n<li>G\u00fcmr\u00fck i\u015flemleri<\/li>\n<li>Sigorta<\/li>\n<li>Depolama \u00e7\u00f6z\u00fcmleri<\/li>\n<\/ul>\n<p>Asian Movers, Sri Lanka'da kurulmu\u015f \u00f6zelle\u015ftirilmi\u015f bir ta\u015f\u0131ma \u00e7\u00f6z\u00fcmleri \u015firketidir ve <a href=\"https:\/\/moverdb.com\/tr\/moving-to-the-maldives\/\" data-internallinksmanager029f6b8e52c=\"387\" title=\"Maldivler&#039;e mi ta\u015f\u0131n\u0131yorsunuz? 2026 Ya\u015fam Maliyetleri &amp; Yer De\u011fi\u015ftirme \u0130pu\u00e7lar\u0131\">Maldivler<\/a> 2013 y\u0131l\u0131nda. Uluslararas\u0131 ta\u015f\u0131ma birliklerine \u00fcyelikleri sayesinde hizmetleri i\u00e7in k\u00fcresel bir eri\u015fime sahiptirler. IAM'\u0131n 10 y\u0131ll\u0131k bir \u00fcyesidirler.<\/p>\n<p>Asian Movers, ister tam bir ta\u015f\u0131nma hizmetine ister sadece bir kamyon ve nakliyecilere ihtiyac\u0131n\u0131z olsun, size \u00f6zel bir ta\u015f\u0131nma hizmeti sunar. Kap\u0131dan kap\u0131ya hizmetleri, t\u00fcm e\u015fyalar\u0131n\u0131z\u0131 g\u00fcvenli bir \u015fekilde paketlemeyi ve bir envanter olu\u015fturmay\u0131, y\u00fcklemeyi, var\u0131\u015f noktan\u0131za ta\u015f\u0131may\u0131 ve bo\u015faltmay\u0131 i\u00e7erebilir. Kargo ve g\u00fcmr\u00fckleme belgelerinin yan\u0131 s\u0131ra sigorta konusunda da yard\u0131mc\u0131 olurlar.<\/p>\n<p>Web sitesi: <a href=\"http:\/\/www.asianmovers.com\/\" target=\"_blank\" rel=\"noopener\">http:\/\/www.asianmovers.com\/<\/a><\/p>\n<h2><span class=\"ez-toc-section\" id=\"3_Don_Carolis_Sons\"><\/span><strong>3. Don Carolis &amp; O\u011fullar\u0131<\/strong><span class=\"ez-toc-section-end\"><\/span><\/h2>\n<p><em><img loading=\"lazy\" decoding=\"async\" class=\"alignnone size-full wp-image-10102\" src=\"https:\/\/moverdb.com\/wp-content\/uploads\/Don-Carolis-Sons-international-moving-company.png\" alt=\"Don Carolis &amp; Sons uluslararas\u0131 nakliye \u015firketi\" width=\"1440\" height=\"679\" data-wp-pid=\"10102\" srcset=\"https:\/\/moverdb.com\/wp-content\/uploads\/Don-Carolis-Sons-international-moving-company.png 1440w, https:\/\/moverdb.com\/wp-content\/uploads\/Don-Carolis-Sons-international-moving-company-300x141.png 300w, https:\/\/moverdb.com\/wp-content\/uploads\/Don-Carolis-Sons-international-moving-company-1024x483.png 1024w, https:\/\/moverdb.com\/wp-content\/uploads\/Don-Carolis-Sons-international-moving-company-18x8.png 18w, https:\/\/moverdb.com\/wp-content\/uploads\/Don-Carolis-Sons-international-moving-company-600x283.png 600w\" sizes=\"auto, (max-width: 1440px) 100vw, 1440px\" \/><\/em><\/p>\n<ul>\n<li>Ulusal hamleler<\/li>\n<li>Uluslararas\u0131 ta\u015f\u0131nmalar<\/li>\n<li>Ev ta\u015f\u0131ma<\/li>\n<li>Organizasyonel hamleler<\/li>\n<li>Ki\u015fiye \u00f6zel hizmet<\/li>\n<li>Hareket koordinat\u00f6r\u00fc<\/li>\n<li>Paketleme hizmeti<\/li>\n<li>Ula\u015f\u0131m d\u00fczenlemeleri<\/li>\n<li>Paket a\u00e7ma se\u00e7enekleri<\/li>\n<li>Tam de\u011ferli koruma<\/li>\n<\/ul>\n<p>Don Carolis &amp; Sons, 150 y\u0131l\u0131 a\u015fk\u0131n s\u00fcredir faaliyet g\u00f6steren ve merkezi Kolombo'da bulunan bir mobilya \u00fcreticisi, perakendecisi ve ihracat\u00e7\u0131s\u0131d\u0131r. IAM \u00fcyesidirler ve bu sayede uluslararas\u0131 ta\u015f\u0131nmalarda kendilerine destek olacak uluslararas\u0131 bir ta\u015f\u0131ma acenteleri a\u011f\u0131na eri\u015fimleri vard\u0131r.<\/p>\n<p>Don Carolis &amp; Sons, zaman \u00e7izelgesi, b\u00fct\u00e7e ve e\u015fyalar a\u00e7\u0131s\u0131ndan ihtiya\u00e7lar\u0131n\u0131z\u0131 kar\u015f\u0131lamak i\u00e7in \u00f6zel bir paketleme hizmeti sunman\u0131n yan\u0131 s\u0131ra, ta\u015f\u0131nman\u0131z boyunca size destek olacak bir ta\u015f\u0131nma koordinat\u00f6r\u00fc sa\u011flar. T\u00fcm planlar\u0131nda y\u00fckleme, ta\u015f\u0131ma ve bo\u015faltma dahil olmak \u00fczere e\u015fyalar\u0131n\u0131zla ilgileneceklerdir. Planlar\u0131 aras\u0131nda sizin ambalaj\u0131 a\u00e7man\u0131z, k\u0131smi ambalaj a\u00e7ma ve mobilya yerle\u015ftirme ve tam ambalaj a\u00e7ma yer al\u0131r.<\/p>\n<p>Web sitesi: <a href=\"http:\/\/www.doncarolis.com\" target=\"_blank\" rel=\"noopener\">http:\/\/www.doncarolis.com<\/a><\/p>\n<h2><span class=\"ez-toc-section\" id=\"4_Horizon_Relocations\"><\/span><strong>4. Ufuk Ta\u015f\u0131malar\u0131<\/strong><span class=\"ez-toc-section-end\"><\/span><\/h2>\n<p><img loading=\"lazy\" decoding=\"async\" class=\"alignnone size-full wp-image-10136\" src=\"https:\/\/moverdb.com\/wp-content\/uploads\/Horizon-Relocations-international-moving-company.png\" alt=\"Horizon Relocations uluslararas\u0131 ta\u015f\u0131ma \u015firketi\" width=\"1440\" height=\"626\" data-wp-pid=\"10136\" srcset=\"https:\/\/moverdb.com\/wp-content\/uploads\/Horizon-Relocations-international-moving-company.png 1440w, https:\/\/moverdb.com\/wp-content\/uploads\/Horizon-Relocations-international-moving-company-300x130.png 300w, https:\/\/moverdb.com\/wp-content\/uploads\/Horizon-Relocations-international-moving-company-1024x445.png 1024w, https:\/\/moverdb.com\/wp-content\/uploads\/Horizon-Relocations-international-moving-company-18x8.png 18w, https:\/\/moverdb.com\/wp-content\/uploads\/Horizon-Relocations-international-moving-company-600x261.png 600w\" sizes=\"auto, (max-width: 1440px) 100vw, 1440px\" \/><\/p>\n<ul>\n<li>Yerel ve ulusal hamleler<\/li>\n<li>Uluslararas\u0131 ta\u015f\u0131nmalar<\/li>\n<li>Ev ta\u015f\u0131ma<\/li>\n<li>Ki\u015fisel e\u015fya teslimat\u0131<\/li>\n<li>Kap\u0131dan kap\u0131ya hizmet<\/li>\n<li>Paketleme<\/li>\n<li>Nakliye d\u00fczenlemeleri<\/li>\n<li>G\u00fcmr\u00fck i\u015flemleri<\/li>\n<li>Sigorta<\/li>\n<li>Depolama tesisleri<\/li>\n<\/ul>\n<p>Horizon Relocations, Kolombo merkezli bir yurti\u00e7i ve uluslararas\u0131 ta\u015f\u0131nma ve yer de\u011fi\u015ftirme \u015firketidir. IAM \u00fcyesidirler, bu da onlara uluslararas\u0131 hizmetler sa\u011flamada yard\u0131mc\u0131 olabilecek uluslararas\u0131 bir ta\u015f\u0131ma acenteleri a\u011f\u0131na eri\u015fim sa\u011flar.<\/p>\n<p>Horizon Relocations, ki\u015fisel ve ev e\u015fyalar\u0131n\u0131n yerel, ulusal ve uluslararas\u0131 ta\u015f\u0131nmas\u0131 i\u00e7in kap\u0131dan kap\u0131ya ta\u015f\u0131ma hizmetleri sunmaktad\u0131r. K\u00fc\u00e7\u00fck ve b\u00fcy\u00fck hacimli e\u015fyalar i\u00e7in, e\u015fyalar\u0131n g\u00fcvenli bir \u015fekilde ula\u015fmas\u0131 i\u00e7in nakliye s\u0131ras\u0131nda korunmas\u0131na y\u00f6nelik paketleme ve muhafaza da dahil olmak \u00fczere hizmetler sunarlar. E\u015fyalar\u0131n\u0131z\u0131n nakliyesini veya var\u0131\u015f noktan\u0131za g\u00fcmr\u00fckleme ile g\u00f6nderilmesini ayarlayacaklard\u0131r.<\/p>\n<p>Web sitesi: <a href=\"http:\/\/www.horizonrelocations.lk\" target=\"_blank\" rel=\"noopener\">http:\/\/www.horizonrelocations.lk<\/a><\/p>\n<h2><span class=\"ez-toc-section\" id=\"5_Trans_World_Movers\"><\/span><strong>5. Trans World Movers<\/strong><span class=\"ez-toc-section-end\"><\/span><\/h2>\n<p><img loading=\"lazy\" decoding=\"async\" class=\"alignnone size-full wp-image-10196\" src=\"https:\/\/moverdb.com\/wp-content\/uploads\/Trans-World-Movers-international-moving-company.png\" alt=\"Trans World Movers uluslararas\u0131 ta\u015f\u0131ma \u015firketi\" width=\"1440\" height=\"675\" data-wp-pid=\"10196\" srcset=\"https:\/\/moverdb.com\/wp-content\/uploads\/Trans-World-Movers-international-moving-company.png 1440w, https:\/\/moverdb.com\/wp-content\/uploads\/Trans-World-Movers-international-moving-company-300x141.png 300w, https:\/\/moverdb.com\/wp-content\/uploads\/Trans-World-Movers-international-moving-company-1024x480.png 1024w, https:\/\/moverdb.com\/wp-content\/uploads\/Trans-World-Movers-international-moving-company-18x8.png 18w, https:\/\/moverdb.com\/wp-content\/uploads\/Trans-World-Movers-international-moving-company-600x281.png 600w\" sizes=\"auto, (max-width: 1440px) 100vw, 1440px\" \/><\/p>\n<ul>\n<li>Yerel hamleler<\/li>\n<li>Uluslararas\u0131 ta\u015f\u0131nmalar<\/li>\n<li>Ev ta\u015f\u0131ma<\/li>\n<li>Kurumsal hamleler<\/li>\n<li>Kap\u0131dan kap\u0131ya \u00e7\u00f6z\u00fcmler<\/li>\n<li>Paketleme hizmeti<\/li>\n<li>Hava, deniz ve karayolu ta\u015f\u0131mac\u0131l\u0131\u011f\u0131<\/li>\n<li>G\u00fcmr\u00fck i\u015flemleri<\/li>\n<li>Ara\u00e7 ve evcil hayvan ta\u015f\u0131mac\u0131l\u0131\u011f\u0131<\/li>\n<li>Depolama tesisleri<\/li>\n<\/ul>\n<p>Trans World Movers, 1973 y\u0131l\u0131nda kurulan ve bireylere, diplomatlara ve \u015firketlere hizmet veren Kolombo merkezli bir ta\u015f\u0131ma \u00e7\u00f6z\u00fcmleri i\u015fletmesidir. Uluslararas\u0131 ta\u015f\u0131nmalarda kendilerine destek olmak i\u00e7in d\u00fcnya \u00e7ap\u0131nda yerle\u015fik bir temsilci ve acente a\u011f\u0131na sahiptirler. \u015eirket, 50 y\u0131ll\u0131k hizmetiyle IAM \u00fcyesidir.<\/p>\n<p>Trans World Movers, yerel ve uluslararas\u0131 alanda kap\u0131dan kap\u0131ya ta\u015f\u0131ma hizmetleri sunmaktad\u0131r. Ta\u015f\u0131ma s\u0131ras\u0131nda e\u015fyalar\u0131 korumak i\u00e7in uluslararas\u0131 standartlar\u0131 kar\u015f\u0131layan bir paketleme hizmeti sunarlar. E\u015fyalar\u0131n\u0131z\u0131n karayolu, havayolu ve denizyolu ile transit ge\u00e7i\u015fini g\u00fcmr\u00fck i\u015flemleri ile birlikte d\u00fczenlerler. Evcil hayvan ta\u015f\u0131ma da dahil olmak \u00fczere ek hizmetler sunarlar, <a href=\"https:\/\/moverdb.com\/tr\/car-transport-shipping\/\" data-internallinksmanager029f6b8e52c=\"2\" title=\"2026 Uluslararas\u0131 Ara\u00e7 Ta\u015f\u0131ma &amp; Ara\u00e7 Nakliye Fiyatlar\u0131\">ara\u00e7 nakli\u0307yesi\u0307<\/a> ve depolama \u00e7\u00f6z\u00fcmleri.<\/p>\n<p>Web sitesi: <a href=\"http:\/\/www.transworldmovers.com\" target=\"_blank\" rel=\"noopener\">http:\/\/www.transworldmovers.com<\/a><\/p>\n<h2><span class=\"ez-toc-section\" id=\"6_Trans-Global_Relocations\"><\/span><strong>6. K\u00fcresel \u00d6tesi Yer De\u011fi\u015ftirmeler<\/strong><span class=\"ez-toc-section-end\"><\/span><\/h2>\n<p><img loading=\"lazy\" decoding=\"async\" class=\"alignnone size-full wp-image-10197\" src=\"https:\/\/moverdb.com\/wp-content\/uploads\/Trans-Global-Relocations-international-moving-company.png\" alt=\"Trans-Global Relocations uluslararas\u0131 ta\u015f\u0131ma \u015firketi\" width=\"1440\" height=\"681\" data-wp-pid=\"10197\" srcset=\"https:\/\/moverdb.com\/wp-content\/uploads\/Trans-Global-Relocations-international-moving-company.png 1440w, https:\/\/moverdb.com\/wp-content\/uploads\/Trans-Global-Relocations-international-moving-company-300x142.png 300w, https:\/\/moverdb.com\/wp-content\/uploads\/Trans-Global-Relocations-international-moving-company-1024x484.png 1024w, https:\/\/moverdb.com\/wp-content\/uploads\/Trans-Global-Relocations-international-moving-company-18x9.png 18w, https:\/\/moverdb.com\/wp-content\/uploads\/Trans-Global-Relocations-international-moving-company-600x284.png 600w\" sizes=\"auto, (max-width: 1440px) 100vw, 1440px\" \/><\/p>\n<ul>\n<li>Yerel ve ulusal hamleler<\/li>\n<li>Uluslararas\u0131 ta\u015f\u0131nmalar<\/li>\n<li>Ev ta\u015f\u0131ma<\/li>\n<li>Kap\u0131dan kap\u0131ya hizmet<\/li>\n<li>Profesyonel paketleme<\/li>\n<li>Deniz ve hava ta\u015f\u0131mac\u0131l\u0131\u011f\u0131<\/li>\n<li>G\u00fcmr\u00fck i\u015flemleri<\/li>\n<li>Evcil hayvanlar\u0131n ta\u015f\u0131nmas\u0131<\/li>\n<li>Ara\u00e7 kullan\u0131m\u0131<\/li>\n<li>G\u00fcvenli depolama<\/li>\n<\/ul>\n<p>Trans-Global Relocations, Kolombo merkezli bir ta\u015f\u0131nma ve yer de\u011fi\u015ftirme \u015firketidir. IAM \u00fcyesidirler ve bu da onlara deniza\u015f\u0131r\u0131 ta\u015f\u0131nmalarda \u00e7al\u0131\u015fmak \u00fczere uluslararas\u0131 bir ta\u015f\u0131nma acenteleri a\u011f\u0131 sa\u011flar.<\/p>\n<p>Trans-Global Relocations, ta\u015f\u0131nma gereksinimlerinizi de\u011ferlendirmek i\u00e7in evde bir anket sunar ve ihtiya\u00e7lar\u0131n\u0131za g\u00f6re haz\u0131rl\u0131k ve en uygun maliyetli ta\u015f\u0131nma y\u00f6ntemi hakk\u0131nda tavsiyeler i\u00e7eren bir ta\u015f\u0131nma plan\u0131 olu\u015fturur. E\u015fyalar\u0131n\u0131z\u0131n profesyonel bir \u015fekilde paketlenmesini de i\u00e7eren kap\u0131dan kap\u0131ya bir hizmet sunarak, e\u015fyalar\u0131n\u0131z\u0131n deniz ya da hava yoluyla g\u00fcvenli bir \u015fekilde uluslararas\u0131 seyahat etmesini ve g\u00fcmr\u00fck i\u015flemlerinin tamamlanmas\u0131n\u0131 sa\u011flarlar. Ayr\u0131ca evcil hayvan ta\u015f\u0131ma, araba ta\u015f\u0131ma ve depolama gibi ek hizmetler de sunmaktad\u0131rlar.<\/p>\n<p>Web sitesi: <a href=\"http:\/\/www.t-grelo.com\" target=\"_blank\" rel=\"noopener\">http:\/\/www.t-grelo.com<\/a><\/p>\n<h2><span class=\"ez-toc-section\" id=\"7_Worldwide_Movers\"><\/span><strong>7. D\u00fcnya \u00c7ap\u0131nda Ta\u015f\u0131y\u0131c\u0131lar<\/strong><span class=\"ez-toc-section-end\"><\/span><\/h2>\n<p><img loading=\"lazy\" decoding=\"async\" class=\"alignnone size-full wp-image-10209\" src=\"https:\/\/moverdb.com\/wp-content\/uploads\/Worldwide-Movers-international-moving-company.png\" alt=\"Worldwide Movers uluslararas\u0131 ta\u015f\u0131ma \u015firketi\" width=\"1440\" height=\"674\" data-wp-pid=\"10209\" srcset=\"https:\/\/moverdb.com\/wp-content\/uploads\/Worldwide-Movers-international-moving-company.png 1440w, https:\/\/moverdb.com\/wp-content\/uploads\/Worldwide-Movers-international-moving-company-300x140.png 300w, https:\/\/moverdb.com\/wp-content\/uploads\/Worldwide-Movers-international-moving-company-1024x479.png 1024w, https:\/\/moverdb.com\/wp-content\/uploads\/Worldwide-Movers-international-moving-company-18x8.png 18w, https:\/\/moverdb.com\/wp-content\/uploads\/Worldwide-Movers-international-moving-company-600x281.png 600w\" sizes=\"auto, (max-width: 1440px) 100vw, 1440px\" \/><\/p>\n<ul>\n<li>Ulusal hamleler<\/li>\n<li>Uluslararas\u0131 ta\u015f\u0131nmalar<\/li>\n<li>Ev ta\u015f\u0131ma<\/li>\n<li>Yer de\u011fi\u015ftirme hizmetleri<\/li>\n<li>Kap\u0131dan kap\u0131ya veya kap\u0131dan<a href=\"https:\/\/moverdb.com\/tr\/top-49-container-ports\/\" data-internallinksmanager029f6b8e52c=\"80\" title=\"2025 Y\u0131l\u0131nda En B\u00fcy\u00fck ve En Yo\u011fun 49 Konteyner Liman\u0131\">Liman<\/a> hizmet<\/li>\n<li>Paketleme hizmeti<\/li>\n<li>Kara, hava veya deniz yoluyla ula\u015f\u0131m<\/li>\n<li>G\u00fcmr\u00fck komisyonculu\u011fu<\/li>\n<li>Evcil hayvan ta\u015f\u0131ma<\/li>\n<li>Ara\u00e7 ta\u015f\u0131mac\u0131l\u0131\u011f\u0131<\/li>\n<\/ul>\n<p>Worldwide Movers, 2009 y\u0131l\u0131nda kurulmu\u015f ve merkezi Kolombo'da bulunan bir paketleme ve ta\u015f\u0131ma \u015firketidir. IAM'nin 15 y\u0131ll\u0131k bir \u00fcyesi ve ayn\u0131 zamanda Asya Yer De\u011fi\u015ftirme Derne\u011fi'nin bir \u00fcyesidir, bu \u00fcyelikler d\u00fcnyan\u0131n her yerinde ta\u015f\u0131nma hizmeti vermelerini sa\u011flar.<\/p>\n<p>Worldwide Movers, ulusal ve uluslararas\u0131 alanda kap\u0131dan kap\u0131ya veya kap\u0131dan limana ta\u015f\u0131ma hizmeti sunmaktad\u0131r. E\u015fyalar\u0131n\u0131z\u0131n g\u00fcvenli bir \u015fekilde paketlenmesini, mobilya ve demirba\u015flar\u0131n s\u00f6k\u00fcl\u00fcp yeniden monte edilmesini i\u00e7eren bir paketleme hizmeti sunarlar. Ayr\u0131ca ara\u00e7lar\u0131n\u0131z\u0131 ve evcil hayvanlar\u0131n\u0131z\u0131 da ta\u015f\u0131man\u0131za yard\u0131mc\u0131 olabilirler. Ev ve okul arama, oryantasyon, b\u00f6lge turlar\u0131 ve hizmet\u00e7i hizmetlerini i\u00e7eren ta\u015f\u0131nma hizmetleri sa\u011flarlar.<\/p>\n<p>Web sitesi: <a href=\"https:\/\/w-movers.com\/\" target=\"_blank\" rel=\"noopener\">https:\/\/w-movers.com\/<\/a><\/p>","protected":false},"excerpt":{"rendered":"<p>Are you planning on moving? Then you may want to enlist the services of a moving company as they can assist you with packing, transportation and handling customs when moving abroad. Below we have compiled a list of Sri Lanka based removal companies that are members of the International Association of Movers (IAM) and\/or FIDI [&hellip;]<\/p>\n","protected":false},"author":4,"featured_media":10071,"parent":190,"menu_order":0,"comment_status":"closed","ping_status":"closed","template":"","meta":{"_genesis_hide_title":false,"_genesis_hide_breadcrumbs":false,"_genesis_hide_singular_image":false,"_genesis_hide_footer_widgets":false,"_genesis_custom_body_class":"","_genesis_custom_post_class":"","_genesis_layout":"","footnotes":""},"class_list":{"0":"post-10215","1":"page","2":"type-page","3":"status-publish","4":"has-post-thumbnail","6":"entry"},"_links":{"self":[{"href":"https:\/\/moverdb.com\/tr\/wp-json\/wp\/v2\/pages\/10215","targetHints":{"allow":["GET"]}}],"collection":[{"href":"https:\/\/moverdb.com\/tr\/wp-json\/wp\/v2\/pages"}],"about":[{"href":"https:\/\/moverdb.com\/tr\/wp-json\/wp\/v2\/types\/page"}],"author":[{"embeddable":true,"href":"https:\/\/moverdb.com\/tr\/wp-json\/wp\/v2\/users\/4"}],"replies":[{"embeddable":true,"href":"https:\/\/moverdb.com\/tr\/wp-json\/wp\/v2\/comments?post=10215"}],"version-history":[{"count":1,"href":"https:\/\/moverdb.com\/tr\/wp-json\/wp\/v2\/pages\/10215\/revisions"}],"predecessor-version":[{"id":10216,"href":"https:\/\/moverdb.com\/tr\/wp-json\/wp\/v2\/pages\/10215\/revisions\/10216"}],"up":[{"embeddable":true,"href":"https:\/\/moverdb.com\/tr\/wp-json\/wp\/v2\/pages\/190"}],"wp:featuredmedia":[{"embeddable":true,"href":"https:\/\/moverdb.com\/tr\/wp-json\/wp\/v2\/media\/10071"}],"wp:attachment":[{"href":"https:\/\/moverdb.com\/tr\/wp-json\/wp\/v2\/media?parent=10215"}],"curies":[{"name":"wp","href":"https:\/\/api.w.org\/{rel}","templated":true}]}}