{"id":955,"date":"2016-07-24T19:52:53","date_gmt":"2016-07-24T19:52:53","guid":{"rendered":"http:\/\/moverdb.com\/?page_id=955"},"modified":"2026-01-08T15:21:02","modified_gmt":"2026-01-08T15:21:02","slug":"us-canada-movers","status":"publish","type":"page","link":"https:\/\/moverdb.com\/sv\/us-canada-movers\/","title":{"rendered":"Topp 100 inhemska och internationella flyttfirmor i USA och Kanada"},"content":{"rendered":"<p>Nedan hittar du en lista \u00f6ver de 100 st\u00f6rsta inhemska och utl\u00e4ndska f\u00f6retagen. <a href=\"https:\/\/moverdb.com\/sv\/flyttfirmor\/\">internationella flyttfirmor<\/a> the <a href=\"https:\/\/moverdb.com\/sv\/moving-to-the-united-states\/\" data-internallinksmanager029f6b8e52c=\"94\" title=\"Flyttar du till USA? 2026 Levnadskostnader och flyttningstips\">F\u00f6renta staterna<\/a> och <a href=\"https:\/\/moverdb.com\/sv\/moving-to-canada\/\" data-internallinksmanager029f6b8e52c=\"265\" title=\"Flytta till Kanada? 2026 Levnadskostnader och flyttningstips\">Kanada<\/a> baserat p\u00e5 antalet registrerade lastbilar i deras flotta. <\/p>\n<p>Ett av dessa f\u00f6retag \u00e4r troligen det r\u00e4tta f\u00f6r din internationella, l\u00e5ngv\u00e4ga och\/eller mellanstatliga flytt.<\/p>\n<p><img loading=\"lazy\" decoding=\"async\" width=\"720\" height=\"480\" src=\"https:\/\/moverdb.com\/wp-content\/uploads\/Moving-truck.jpeg\" alt=\"Flyttbil\" class=\"aligncenter size-full wp-image-1083\" srcset=\"https:\/\/moverdb.com\/wp-content\/uploads\/Moving-truck.jpeg 720w, https:\/\/moverdb.com\/wp-content\/uploads\/Moving-truck-300x200.jpeg 300w, https:\/\/moverdb.com\/wp-content\/uploads\/Moving-truck-600x400.jpeg 600w\" sizes=\"auto, (max-width: 720px) 100vw, 720px\" \/><\/p>\n<p>Uppgifterna kommer fr\u00e5n <a href=\"http:\/\/www.movingcompanyreviews.com\/100-largest-moving-companies-of-the-us-and-canada\" target=\"_blank\" rel=\"noopener\">Flyttf\u00f6retagReviews.com<\/a> som visar den senaste flottans storlek och \u00e4ven var varje f\u00f6retag har sitt huvudkontor.<\/p>\n<p>Du kan l\u00e4sa profiler om varje f\u00f6retag nedan: <\/p>\n<ol>\n<li> <a href=\"https:\/\/moverdb.com\/sv\/united-van-lines\/\"><strong>United Van Lines<\/strong><\/a> - Erbjuder b\u00e5de inrikes flyttar inom USA och Kanada och internationella flyttar runt om i v\u00e4rlden.<\/li>\n<li> <a href=\"https:\/\/moverdb.com\/sv\/u-pack-moving\/\"><strong>U-Pack Moving<\/strong><\/a> - ABF U-Pack Moving erbjuder sina kunder en m\u00e4ngd olika tj\u00e4nster f\u00f6r flyttning och sj\u00e4lvpackning och uppackning inom USA, Kanada och Puerto Rico. <\/li>\n<li> <a href=\"https:\/\/moverdb.com\/sv\/atlas-van-lines-international\/\"><strong>Atlas Van Lines<\/strong><\/a> - Erbjuder inrikes flyttar under Atlas Van Lines varum\u00e4rke och internationella flyttar under Atlas Van Lines International. B\u00e5da \u00e4gs av Atlas World Group.<\/li>\n<li> <a href=\"https:\/\/moverdb.com\/sv\/mayflower-transit\/\"><strong>Mayflower Transit<\/strong><\/a> - Mayflower Transit erbjuder ett brett utbud av tj\u00e4nster, fr\u00e5n flyttning och f\u00f6rvaring f\u00f6r egen r\u00e4kning till skr\u00e4ddarsydda internationella tj\u00e4nster. <\/li>\n<li> <a href=\"https:\/\/moverdb.com\/sv\/allied-van-lines\/\"><strong>Allied Van Lines<\/strong><\/a> - Allied Van Lines Inc ligger i Fort Wayne, IN, och f\u00f6retaget erbjuder sina kunder en m\u00e4ngd olika tj\u00e4nster, bland annat sp\u00e5rning av f\u00f6rs\u00e4ndelser dygnet runt, hj\u00e4lp med tullklarering, engelsktalande personal i b\u00e5da \u00e4ndar av flytten och borttagning av f\u00f6rpackningsmaterial.<\/li>\n<li> <a href=\"https:\/\/moverdb.com\/sv\/north-american-van-lines\/\"><strong>North American Van Lines<\/strong><\/a> - North American Van Lines erbjuder sina kunder tj\u00e4nster f\u00f6r internationella, f\u00f6retags- och inrikes flyttar.<\/li>\n<li> <a href=\"https:\/\/moverdb.com\/sv\/wheaton\/\"><strong>Wheaton World Wide Moving<\/strong><\/a> - Wheaton World Wide Moving (tidigare Wheaton Van Lines) erbjuder sina kunder en rad olika tj\u00e4nster, fr\u00e5n internationella flyttar till lokala flyttar.<\/li>\n<li> <a href=\"https:\/\/moverdb.com\/sv\/bekins-van-lines\/\"><strong>Bekins Van Lines<\/strong><\/a> - Bekins Van Lines har sitt s\u00e4te i Indianapolis IN. De erbjuder sina kunder en m\u00e4ngd olika flyttj\u00e4nster, inklusive internationella flyttar och flyttar av h\u00f6gt v\u00e4rde.<\/li>\n<li> <a href=\"https:\/\/moverdb.com\/sv\/graebel-van-lines\/\"><strong>Graebel Van Lines<\/strong><\/a> - Graebel Van Lines har sitt huvudkontor i Aurora, CO, och till f\u00f6retagets kunder h\u00f6r Fortune 500-f\u00f6retag samt DEA, FBI, IRS och CDC.<\/li>\n<li> <a href=\"https:\/\/moverdb.com\/sv\/arpin-van-lines\/\"><strong>Arpin Van Lines<\/strong><\/a> - Arpin Van Lines har sitt s\u00e4te i West Warwick, RI och utf\u00f6r milit\u00e4ra och hush\u00e5llsrelaterade flyttningar b\u00e5de nationellt och internationellt. De erbjuder ocks\u00e5 lagringstj\u00e4nster som klimatkontrollerad lagring och containerf\u00f6rvaring.<\/li>\n<li> <a href=\"https:\/\/moverdb.com\/sv\/stevens-worldwide-van-lines\/\">Stevens Worldwide Van Lines<\/a> - Stevens Worldwide Van Lines har sitt s\u00e4te i Saginaw MI och erbjuder lokala, internationella, l\u00e5ngv\u00e4ga och l\u00e5ngv\u00e4ga flyttningar f\u00f6r hush\u00e5ll, f\u00f6retag, milit\u00e4rer och pr\u00e4ster.<\/li>\n<li> <a href=\"https:\/\/moverdb.com\/sv\/amj-campbell-van-lines\/\">AMJ Campbell Van Lines<\/a> - AMJ Campbell Van Lines har sitt s\u00e4te i <a href=\"https:\/\/moverdb.com\/sv\/flytta-till-toronto\/\">Toronto<\/a>, Kanada och \u00e4r ett av Kanadas st\u00f6rsta f\u00f6retag. <a href=\"https:\/\/moverdb.com\/sv\/moving-companies\/\" data-internallinksmanager029f6b8e52c=\"79\" title=\"Topp 25 internationella flyttfirmor p\u00e5 n\u00e4tet\">flyttfirmor<\/a> f\u00f6r b\u00e5de inhemska och internationella flyttar.<\/li>\n<li> <a href=\"https:\/\/moverdb.com\/sv\/suddath\/\">Suddath<\/a> - En familj av f\u00f6retag som erbjuder en rad olika inhemska och internationella flyttj\u00e4nster, inklusive flyttningar av bost\u00e4der, f\u00f6retag och myndigheter.<\/li>\n<li> <a href=\"https:\/\/moverdb.com\/sv\/covan-world-wide\/\">Covan WorldWide Moving<\/a> - Covan har \u00f6ver 200 enheter som arbetar mellan olika delstater och 600 f\u00f6r lokala flyttningar. F\u00f6retagets m\u00e5l \u00e4r att vara ledande inom internationella transporttj\u00e4nster.<\/li>\n<li> <a href=\"https:\/\/moverdb.com\/sv\/armstrong-relokalisering\/\">Armstrong flyttning<\/a> - Armstrong Relocation \u00e4r i dag den st\u00f6rsta varuagenten f\u00f6r United Van Lines och har 22 kontor i USA.<\/li>\n<li> <a href=\"https:\/\/moverdb.com\/sv\/williams-moving-storage\/\">Williams Moving &amp; Storage<\/a> - Williams Moving and Storage \u00e4r ett kanadensiskt flyttf\u00f6retag som flyttar privatpersoner och f\u00f6retag b\u00e5de lokalt och internationellt.<\/li>\n<li> <a href=\"https:\/\/moverdb.com\/sv\/beltmann-relocation\/\">Beltmann Relocation Group<\/a> - F\u00f6retaget startades av familjen Battina 1955 och \u00e4r fortfarande familje\u00e4gt och drivs av familjen. Det \u00e4r en av de st\u00f6rsta och \u00e4ldsta agenterna f\u00f6r North American Van Lines.<\/li>\n<li> <a href=\"https:\/\/moverdb.com\/sv\/national-van-lines\/\">National Van Lines<\/a> - F\u00f6retagets motto \u00e4r \"Moving Your Memories\", vilket \u00e4r en p\u00e5minnelse till b\u00e5de personal och kunder om att personliga tillh\u00f6righeter \u00e4r v\u00e4rdefulla och alltid kommer att hanteras med omsorg.<\/li>\n<li> <a href=\"https:\/\/moverdb.com\/sv\/berger-allierad\/\">Berger Allied (\u00d6verf\u00f6ring och lagring)<\/a> - Berger Transfer and Storage har varit verksamt sedan 1910. De arbetar med privatpersoner, f\u00f6retag och myndigheter. <\/li>\n<li> Lawrence Transportation Systems<\/li>\n<li> <a href=\"https:\/\/moverdb.com\/sv\/mccollisters-flyttning\/\">McCollister's Transportation Group<\/a> - McCollister's \u00e4r ett privat f\u00f6retag och \u00e4r agent f\u00f6r UniGroup Inc. som omfattar United Van Lines och Mayflower Transit. (se ovan)<\/li>\n<li> <a href=\"https:\/\/moverdb.com\/sv\/coleman-worldwide-moving\/\">Coleman Worldwide Moving<\/a> - Coleman Worldwide Moving, \u00e4ven k\u00e4nt som Coleman American Moving Services &amp; Coleman Allied, erbjuder b\u00e5de inhemska och internationella flyttar.<\/li>\n<li> <a href=\"https:\/\/moverdb.com\/sv\/hilldrup-moving-storage\/\">Hilldrup Moving &amp; Storage<\/a> - Erbjuder tj\u00e4nster som flytthj\u00e4lp, flyttledning, lagring, avg\u00e5ngstj\u00e4nster, destinationstj\u00e4nster och mer.<\/li>\n<li> <a href=\"https:\/\/moverdb.com\/sv\/american-red-ball-transit\/\">American Red Ball Transit Company<\/a> - F\u00f6retaget \u00e4r baserat i Indianapolis och fokuserar p\u00e5 inrikes tj\u00e4nster inom USA.<\/li>\n<li> New World Van Lines<\/li>\n<li> Palmer Moving &amp; Storage<\/li>\n<li> Mergenthaler \u00f6verf\u00f6ring och lagring<\/li>\n<li> Scobey Moving and Storage LTD<\/li>\n<li> Corrigan Moving Systems<\/li>\n<li> Tri Star Freight System<\/li>\n<li> Sv\u00e4ltande studenter<\/li>\n<li> A-1 Freeman flyttfirmor<\/li>\n<li> Daryl Flood Flyttning och logistik<\/li>\n<li> JK flyttning och lagring<\/li>\n<li> Ace Relocation Systems<\/li>\n<li> Ford Storage &amp; Moving Company<\/li>\n<li> Budd Van Lines<\/li>\n<li> Planes flyttning och lagring<\/li>\n<li> Gentle Giant Moving Company<\/li>\n<li> <a href=\"https:\/\/moverdb.com\/sv\/island-movers\/\">Flyttfirmor p\u00e5 \u00f6n<\/a> - Erbjuder flyttj\u00e4nster till och fr\u00e5n Hawaii\u00f6arna b\u00e5de fr\u00e5n USA och internationellt.<\/li>\n<li> Mesa Moving &amp; Storage<\/li>\n<li> Amerikanska internationella flyttfirmor<\/li>\n<li> Amerikanska flyttfirmor<\/li>\n<li> Arnoff Moving &amp; Storage,<\/li>\n<li> Fidelity Moving &amp; Storage Company<\/li>\n<li> Lile International Companies<\/li>\n<li> Carlyle Van Lines<\/li>\n<li> R\u00e4tt flyttfirma<\/li>\n<li> Andrews Van Lines<\/li>\n<li> Sherwood Van Lines<\/li>\n<li> Bisson Moving &amp; Storage<\/li>\n<li> Bohren's Moving &amp; Storage,<\/li>\n<li> Select Van &amp; Storage<\/li>\n<li> Broadway Express<\/li>\n<li> FlatRate flyttning<\/li>\n<li> Smith Dray Line &amp; Storage<\/li>\n<li> Surdeg Express<\/li>\n<li> South Hills flyttfirmor<\/li>\n<li> Fisher North American<\/li>\n<li> Interstate Van Lines\/Interstate Worldwide<\/li>\n<li> Ward North American<\/li>\n<li> \u00d6st <a href=\"https:\/\/moverdb.com\/sv\/moving-to-the-united-states\/moving-to-tennessee\/\" data-internallinksmanager029f6b8e52c=\"406\" title=\"Flyttar till Tennessee? 2026 Levnadskostnader &amp; tips om flytt\">Tennessee<\/a> R\u00f6rligt\/Tv\u00e5 m\u00e4n och en lastbil<\/li>\n<li> Imlach-gruppen<\/li>\n<li> Air Van Moving<\/li>\n<li> Legacy Transportation Services<\/li>\n<li> Tippet-Richardson<\/li>\n<li> Atlantic Relocation Systems<\/li>\n<li> Carey Moving &amp; Storage<\/li>\n<li> En Arnold World Class Relocation<\/li>\n<li> William B. Meyer<\/li>\n<li> Horizon Moving Systems<\/li>\n<li> Parks flyttning och lagring<\/li>\n<li> Highland Moving &amp; Storage<\/li>\n<li> Delancey Street flyttning och transport<\/li>\n<li> Armstrong flyttning<\/li>\n<li> Federala f\u00f6retag<\/li>\n<li> Hoyt's Moving &amp; Storage<\/li>\n<li> Johnson Storage and Moving<\/li>\n<li> Nor-Cal Moving Services<\/li>\n<li> <a href=\"https:\/\/moverdb.com\/sv\/royal-hawaiian-movers\/\">Royal Hawaiian flyttfirmor<\/a> - Royal Hawaiian Movers \u00e4r en del av DeWitt-koncernen som erbjuder sina kunder olika lokala, inter-\u00f6-, fastlands- och internationella flyttar.<\/li>\n<li> Central Van &amp; Storage,<\/li>\n<li> <a href=\"https:\/\/moverdb.com\/sv\/krona-flyttning\/\">Crown Moving Co<\/a> - Nu st\u00e4ngd, baserad i <a href=\"https:\/\/moverdb.com\/sv\/moving-to-seattle\/\" data-internallinksmanager029f6b8e52c=\"65\" title=\"Flyttar du till Seattle? 2022 levnadskostnader och flyttningstips\">Seattle<\/a>.<\/li>\n<li> Fry-Wagner Moving and Storage Co<\/li>\n<li> B. Von <a href=\"https:\/\/moverdb.com\/sv\/moving-to-france\/moving-to-paris\/\" data-internallinksmanager029f6b8e52c=\"407\" title=\"Flytta till Paris? 2026 Levnadskostnader och tips om flytt\">Paris<\/a> Flyttning och lagring<\/li>\n<li> O'Briens flytt och lagring<\/li>\n<li> Piqua Transfer &amp; Storage Company<\/li>\n<li> Joyce Van Lines,<\/li>\n<li> Plycon Transportation Group<\/li>\n<li> AAA Moving &amp; Storage<\/li>\n<li> Aaction Moving &amp; Storage<\/li>\n<li> Alero flytt och lagring<\/li>\n<li> DMS Moving Systems<\/li>\n<li> George Moving &amp; Storage<\/li>\n<li> Glen Ellyn Storage Corporation<\/li>\n<li> Piepho Flyttning och lagring<\/li>\n<li> Eagle Van Lines<\/li>\n<li> Roadrunner Moving and Storage<\/li>\n<li> Lint Van Lines<\/li>\n<li> \u00d6verf\u00f6ring fr\u00e5n Stilla havet<\/li>\n<li> Paxton Van Lines<\/li>\n<\/ol>","protected":false},"excerpt":{"rendered":"<p>Below you will find a list of the top 100 largest domestic and international moving companies the United States and Canada based on the number of registered trucks in their fleet. One of these companies is likely to be the right one for your international, long distance and\/or interstate move. The data comes from MovingCompanyReviews.com [&hellip;]<\/p>\n","protected":false},"author":1,"featured_media":1083,"parent":0,"menu_order":0,"comment_status":"closed","ping_status":"closed","template":"","meta":{"_genesis_hide_title":false,"_genesis_hide_breadcrumbs":false,"_genesis_hide_singular_image":false,"_genesis_hide_footer_widgets":false,"_genesis_custom_body_class":"","_genesis_custom_post_class":"","_genesis_layout":"","footnotes":""},"class_list":{"0":"post-955","1":"page","2":"type-page","3":"status-publish","4":"has-post-thumbnail","6":"entry"},"_links":{"self":[{"href":"https:\/\/moverdb.com\/sv\/wp-json\/wp\/v2\/pages\/955","targetHints":{"allow":["GET"]}}],"collection":[{"href":"https:\/\/moverdb.com\/sv\/wp-json\/wp\/v2\/pages"}],"about":[{"href":"https:\/\/moverdb.com\/sv\/wp-json\/wp\/v2\/types\/page"}],"author":[{"embeddable":true,"href":"https:\/\/moverdb.com\/sv\/wp-json\/wp\/v2\/users\/1"}],"replies":[{"embeddable":true,"href":"https:\/\/moverdb.com\/sv\/wp-json\/wp\/v2\/comments?post=955"}],"version-history":[{"count":40,"href":"https:\/\/moverdb.com\/sv\/wp-json\/wp\/v2\/pages\/955\/revisions"}],"predecessor-version":[{"id":6247,"href":"https:\/\/moverdb.com\/sv\/wp-json\/wp\/v2\/pages\/955\/revisions\/6247"}],"wp:featuredmedia":[{"embeddable":true,"href":"https:\/\/moverdb.com\/sv\/wp-json\/wp\/v2\/media\/1083"}],"wp:attachment":[{"href":"https:\/\/moverdb.com\/sv\/wp-json\/wp\/v2\/media?parent=955"}],"curies":[{"name":"wp","href":"https:\/\/api.w.org\/{rel}","templated":true}]}}