{"id":9525,"date":"2023-06-08T12:37:11","date_gmt":"2023-06-08T12:37:11","guid":{"rendered":"https:\/\/moverdb.com\/?page_id=9525"},"modified":"2026-01-08T15:24:26","modified_gmt":"2026-01-08T15:24:26","slug":"moving-companies-slovenia","status":"publish","type":"page","link":"https:\/\/moverdb.com\/sv\/moving-companies\/moving-companies-slovenia\/","title":{"rendered":"3 b\u00e4sta internationella flyttfirmor i Slovenien"},"content":{"rendered":"<p>Att flytta kan vara en stressig tid med m\u00e5nga saker att ordna, s\u00e4rskilt om du flyttar utomlands. Om du planerar en flytt inom, till eller fr\u00e5n <a href=\"https:\/\/moverdb.com\/sv\/moving-to-slovenia\/\" data-internallinksmanager029f6b8e52c=\"392\" title=\"Flyttar du till Slovenien? 2026 Levnadskostnader &amp; tips om flytt\">Slovenien<\/a> d\u00e5 anlita tj\u00e4nster fr\u00e5n en <a href=\"https:\/\/moverdb.com\/sv\/moving-companies\/\" data-internallinksmanager029f6b8e52c=\"79\" title=\"Topp 25 internationella flyttfirmor p\u00e5 n\u00e4tet\">flyttfirma<\/a> kan hj\u00e4lpa till att l\u00e4tta p\u00e5 b\u00f6rdan. Nedan har vi sammanst\u00e4llt en lista \u00f6ver Slovenienbaserade <a href=\"https:\/\/moverdb.com\/sv\/international-removals\/\" data-internallinksmanager029f6b8e52c=\"27\" title=\"36 b\u00e4sta internationella flyttfirmor i Storbritannien\">flyttfirmor<\/a> som \u00e4r medlemmar i <a href=\"https:\/\/moverdb.com\/sv\/iam\/\" data-internallinksmanager029f6b8e52c=\"23\" title=\"International Association of Movers (IAM) f\u00f6rklaras\">Internationella sammanslutningen av flyttfirmor<\/a> (IAM) och\/eller <a href=\"https:\/\/moverdb.com\/sv\/fidi-faim\/\" data-internallinksmanager029f6b8e52c=\"16\" title=\"FIDI &amp; FAIM (FIDI Accredited International Mover) f\u00f6rklaras\">FIDI<\/a> Accredited International Mover (FAIM) som kan hj\u00e4lpa dig med din flytt.<\/p>\n<h2><strong>1. DB Schenker<\/strong><\/h2>\n<p><img loading=\"lazy\" decoding=\"async\" class=\"alignnone size-full wp-image-9351\" src=\"https:\/\/moverdb.com\/wp-content\/uploads\/DB-Schenker-Slovenvia-international-moving-company.png\" alt=\"DB Schenker Slovenvia internationell flyttfirma\" width=\"1440\" height=\"673\" data-wp-pid=\"9351\" srcset=\"https:\/\/moverdb.com\/wp-content\/uploads\/DB-Schenker-Slovenvia-international-moving-company.png 1440w, https:\/\/moverdb.com\/wp-content\/uploads\/DB-Schenker-Slovenvia-international-moving-company-300x140.png 300w, https:\/\/moverdb.com\/wp-content\/uploads\/DB-Schenker-Slovenvia-international-moving-company-1024x479.png 1024w, https:\/\/moverdb.com\/wp-content\/uploads\/DB-Schenker-Slovenvia-international-moving-company-18x8.png 18w, https:\/\/moverdb.com\/wp-content\/uploads\/DB-Schenker-Slovenvia-international-moving-company-600x280.png 600w\" sizes=\"auto, (max-width: 1440px) 100vw, 1440px\" \/><\/p>\n<ul>\n<li>Nationella flyttningar<\/li>\n<li>Internationella flyttar<\/li>\n<li>Hush\u00e5llsflyttar<\/li>\n<li>F\u00f6retagsflyttar<\/li>\n<li>Skr\u00e4ddarsydd f\u00f6rpackning<\/li>\n<li>Land-, j\u00e4rnv\u00e4gs-, flyg- och sj\u00f6frakt<\/li>\n<li>Tullklarering<\/li>\n<li>Hantering av konstverk<\/li>\n<li>Specialiserad flotta och utrustning<\/li>\n<li>F\u00f6rvaringsutrymmen<\/li>\n<\/ul>\n<p>DB Schenker \u00e4r en global logistikleverant\u00f6r med ca 1 850 platser runt om i v\u00e4rlden och har varit verksam sedan 1872 och grundades i <a href=\"https:\/\/moverdb.com\/sv\/moving-to-austria\/\" data-internallinksmanager029f6b8e52c=\"343\" title=\"Flytta till \u00d6sterrike? 2026 Levnadskostnader &amp; tips om flytt\">\u00d6sterrike<\/a>. De har flera kontor i Slovenien, bland annat i Ljubljana, Maribor, Koper, Brnik och Skofja Loka. De \u00e4r medlemmar i IAM.<\/p>\n<p>DB Schenker erbjuder flytt- och relocationtj\u00e4nster inom, till och fr\u00e5n Slovenien. Deras tj\u00e4nster inkluderar en professionell packningstj\u00e4nst med skr\u00e4ddarsydda f\u00f6rpackningar som \u00e4r milj\u00f6v\u00e4nliga. De har sin egen flotta av luftfj\u00e4drade flyttfordon och lyftplattformar f\u00f6r att flytta dina tillh\u00f6righeter. De ordnar transport p\u00e5 land, j\u00e4rnv\u00e4g, flyg och till sj\u00f6ss med tullklarering av omlokaliseringsplaner.<\/p>\n<p>Webbplats: <a href=\"https:\/\/www.dbschenker.com\/si-en\/products\/removals\" target=\"_blank\" rel=\"noopener\">https:\/\/www.dbschenker.com\/si-en\/products\/removals<\/a><\/p>\n<h2><strong>2. Omlokaliseringar Ltd<\/strong><\/h2>\n<p><img loading=\"lazy\" decoding=\"async\" class=\"alignnone size-full wp-image-9417\" src=\"https:\/\/moverdb.com\/wp-content\/uploads\/Relocations-Ltd-international-moving-company.png\" alt=\"Relocations Ltd internationell flyttfirma\" width=\"1440\" height=\"673\" data-wp-pid=\"9417\" srcset=\"https:\/\/moverdb.com\/wp-content\/uploads\/Relocations-Ltd-international-moving-company.png 1440w, https:\/\/moverdb.com\/wp-content\/uploads\/Relocations-Ltd-international-moving-company-300x140.png 300w, https:\/\/moverdb.com\/wp-content\/uploads\/Relocations-Ltd-international-moving-company-1024x479.png 1024w, https:\/\/moverdb.com\/wp-content\/uploads\/Relocations-Ltd-international-moving-company-18x8.png 18w, https:\/\/moverdb.com\/wp-content\/uploads\/Relocations-Ltd-international-moving-company-600x280.png 600w\" sizes=\"auto, (max-width: 1440px) 100vw, 1440px\" \/><\/p>\n<ul>\n<li>Nationella flyttningar<\/li>\n<li>Internationella flyttar<\/li>\n<li>Hush\u00e5llsflyttar<\/li>\n<li>F\u00f6retagsflyttar<\/li>\n<li>F\u00f6rpackning av h\u00f6g kvalitet<\/li>\n<li>Transportarrangemang<\/li>\n<li>Tullklarering<\/li>\n<li>Transport av fordon<\/li>\n<li>Invandringstj\u00e4nster<\/li>\n<li>F\u00f6rvaringsutrymmen<\/li>\n<\/ul>\n<p>Relocations Ltd \u00e4r ett flyttf\u00f6retag som grundades 2006 och har sitt s\u00e4te i Ljubljana. De har ett team av flyttproffs i Slovenien och anv\u00e4nder verifierade partners utomlands som tillhandah\u00e5ller oberoende samordningstj\u00e4nster f\u00f6r flytthantering. De \u00e4r medlemmar i IAM.<\/p>\n<p>Relocations Ltd erbjuder ett urval av lokal assistans eller en komplett flyttj\u00e4nst f\u00f6r att hantera flyttar inom, till eller fr\u00e5n Slovenien. De tillhandah\u00e5ller tj\u00e4nster f\u00f6r hush\u00e5ll och f\u00f6retag som inkluderar fordonstransport och immigrationstj\u00e4nster. De kommer att ordna transport av dina tillh\u00f6righeter med tullklarering. De erbjuder ytterligare tj\u00e4nster inklusive bos\u00e4ttningstj\u00e4nster, avg\u00e5ngstj\u00e4nster, hem- och skols\u00f6kning, orientering, kulturell utbildning och hantverkstj\u00e4nster.<\/p>\n<p>Webbplats: <a href=\"http:\/\/www.relocations.si\" target=\"_blank\" rel=\"noopener\">http:\/\/www.relocations.si<\/a><\/p>\n<h2><strong>3. Vatovec<\/strong><\/h2>\n<p><img loading=\"lazy\" decoding=\"async\" class=\"alignnone size-full wp-image-9443\" src=\"https:\/\/moverdb.com\/wp-content\/uploads\/Vatovec-international-moving-company.png\" alt=\"Vatovec internationell flyttfirma\" width=\"1440\" height=\"680\" data-wp-pid=\"9443\" srcset=\"https:\/\/moverdb.com\/wp-content\/uploads\/Vatovec-international-moving-company.png 1440w, https:\/\/moverdb.com\/wp-content\/uploads\/Vatovec-international-moving-company-300x142.png 300w, https:\/\/moverdb.com\/wp-content\/uploads\/Vatovec-international-moving-company-1024x484.png 1024w, https:\/\/moverdb.com\/wp-content\/uploads\/Vatovec-international-moving-company-18x9.png 18w, https:\/\/moverdb.com\/wp-content\/uploads\/Vatovec-international-moving-company-600x283.png 600w\" sizes=\"auto, (max-width: 1440px) 100vw, 1440px\" \/><\/p>\n<ul>\n<li>Nationella flyttningar<\/li>\n<li>Internationella flyttningar<\/li>\n<li>Flyttning av hush\u00e5ll<\/li>\n<li>Flyttning av kontor<\/li>\n<li>Professionell f\u00f6rpackningstj\u00e4nst<\/li>\n<li>Transporter p\u00e5 land, i luften och till sj\u00f6ss<\/li>\n<li>Tullformaliteter<\/li>\n<li>R\u00f6rliga konstf\u00f6rem\u00e5l<\/li>\n<li>Transport av sm\u00e5 djur<\/li>\n<li>F\u00f6rvaringsutrymmen<\/li>\n<\/ul>\n<p>Vatovec \u00e4r en flyttfirma som grundades 1998 och har sitt s\u00e4te i Ljubljana. De har ett n\u00e4tverk av internationella kvalitetspartners \u00f6ver hela v\u00e4rlden f\u00f6r att hj\u00e4lpa till med internationella flyttar. De \u00e4r medlemmar i IAM med 25 \u00e5rs erfarenhet och \u00e4r ackrediterade av FIDI.<\/p>\n<p>Vatovec erbjuder flytt- och omlokaliseringstj\u00e4nster inom, till och fr\u00e5n Slovenien. De tillhandah\u00e5ller professionella packningstj\u00e4nster som s\u00e4kerst\u00e4ller att dina tillh\u00f6righeter \u00e4r s\u00e4kert packade och transporteras till din destination via land, flyg eller sj\u00f6 med tullformaliteter hanterade. Deras omlokaliseringstj\u00e4nster inkluderar uppeh\u00e5lls- och arbetstillst\u00e5nd, hem- och skols\u00f6kning, orientering, hitta reparat\u00f6rer och hantverkare.<\/p>\n<p>Webbplats: <a href=\"http:\/\/www.vatovec.si\" target=\"_blank\" rel=\"noopener\">http:\/\/www.vatovec.si<\/a><\/p>","protected":false},"excerpt":{"rendered":"<p>Moving can be a stressful time with a lot of things to arrange especially if you are moving overseas. If you are planning a move within, to or from Slovenia then employing the services of a moving company can help lighten the load. Below we have compiled a list of Slovenia based removal companies that [&hellip;]<\/p>\n","protected":false},"author":4,"featured_media":9351,"parent":190,"menu_order":0,"comment_status":"closed","ping_status":"closed","template":"","meta":{"_genesis_hide_title":false,"_genesis_hide_breadcrumbs":false,"_genesis_hide_singular_image":false,"_genesis_hide_footer_widgets":false,"_genesis_custom_body_class":"","_genesis_custom_post_class":"","_genesis_layout":"","footnotes":""},"class_list":{"0":"post-9525","1":"page","2":"type-page","3":"status-publish","4":"has-post-thumbnail","6":"entry"},"_links":{"self":[{"href":"https:\/\/moverdb.com\/sv\/wp-json\/wp\/v2\/pages\/9525","targetHints":{"allow":["GET"]}}],"collection":[{"href":"https:\/\/moverdb.com\/sv\/wp-json\/wp\/v2\/pages"}],"about":[{"href":"https:\/\/moverdb.com\/sv\/wp-json\/wp\/v2\/types\/page"}],"author":[{"embeddable":true,"href":"https:\/\/moverdb.com\/sv\/wp-json\/wp\/v2\/users\/4"}],"replies":[{"embeddable":true,"href":"https:\/\/moverdb.com\/sv\/wp-json\/wp\/v2\/comments?post=9525"}],"version-history":[{"count":1,"href":"https:\/\/moverdb.com\/sv\/wp-json\/wp\/v2\/pages\/9525\/revisions"}],"predecessor-version":[{"id":9526,"href":"https:\/\/moverdb.com\/sv\/wp-json\/wp\/v2\/pages\/9525\/revisions\/9526"}],"up":[{"embeddable":true,"href":"https:\/\/moverdb.com\/sv\/wp-json\/wp\/v2\/pages\/190"}],"wp:featuredmedia":[{"embeddable":true,"href":"https:\/\/moverdb.com\/sv\/wp-json\/wp\/v2\/media\/9351"}],"wp:attachment":[{"href":"https:\/\/moverdb.com\/sv\/wp-json\/wp\/v2\/media?parent=9525"}],"curies":[{"name":"wp","href":"https:\/\/api.w.org\/{rel}","templated":true}]}}