{"id":9518,"date":"2023-06-08T12:39:44","date_gmt":"2023-06-08T12:39:44","guid":{"rendered":"https:\/\/moverdb.com\/?page_id=9518"},"modified":"2026-01-08T15:24:25","modified_gmt":"2026-01-08T15:24:25","slug":"moving-companies-serbia","status":"publish","type":"page","link":"https:\/\/moverdb.com\/sv\/moving-companies\/moving-companies-serbia\/","title":{"rendered":"3 b\u00e4sta internationella flyttfirmor i Serbien"},"content":{"rendered":"<p>Om du planerar en flytt inom, till eller fr\u00e5n Serbien, kanske du \u00f6verv\u00e4ger att anlita en <a href=\"https:\/\/moverdb.com\/sv\/moving-companies\/\" data-internallinksmanager029f6b8e52c=\"79\" title=\"Topp 25 internationella flyttfirmor p\u00e5 n\u00e4tet\">flyttfirma<\/a> f\u00f6r att hj\u00e4lpa dig med packning, transport och dokumentation. Nedan har vi sammanst\u00e4llt en lista \u00f6ver serbiska <a href=\"https:\/\/moverdb.com\/sv\/international-removals\/\" data-internallinksmanager029f6b8e52c=\"27\" title=\"36 b\u00e4sta internationella flyttfirmor i Storbritannien\">flyttfirmor<\/a> som \u00e4r medlemmar i <a href=\"https:\/\/moverdb.com\/sv\/iam\/\" data-internallinksmanager029f6b8e52c=\"23\" title=\"International Association of Movers (IAM) f\u00f6rklaras\">Internationella sammanslutningen av flyttfirmor<\/a> (IAM) och\/eller <a href=\"https:\/\/moverdb.com\/sv\/fidi-faim\/\" data-internallinksmanager029f6b8e52c=\"16\" title=\"FIDI &amp; FAIM (FIDI Accredited International Mover) f\u00f6rklaras\">FIDI<\/a> Accredited International Mover (FAIM) som kan hj\u00e4lpa dig med din flytt.<\/p>\n<h2><strong>1. Omlokaliseringar p\u00e5 Balkan<\/strong><\/h2>\n<p><img loading=\"lazy\" decoding=\"async\" class=\"alignnone size-full wp-image-9337\" src=\"https:\/\/moverdb.com\/wp-content\/uploads\/Balkan-Relocations-international-moving-company.png\" alt=\"Balkan Relocations internationell flyttfirma\" width=\"1440\" height=\"677\" data-wp-pid=\"9337\" srcset=\"https:\/\/moverdb.com\/wp-content\/uploads\/Balkan-Relocations-international-moving-company.png 1440w, https:\/\/moverdb.com\/wp-content\/uploads\/Balkan-Relocations-international-moving-company-300x141.png 300w, https:\/\/moverdb.com\/wp-content\/uploads\/Balkan-Relocations-international-moving-company-1024x481.png 1024w, https:\/\/moverdb.com\/wp-content\/uploads\/Balkan-Relocations-international-moving-company-18x8.png 18w, https:\/\/moverdb.com\/wp-content\/uploads\/Balkan-Relocations-international-moving-company-600x282.png 600w\" sizes=\"auto, (max-width: 1440px) 100vw, 1440px\" \/><\/p>\n<ul>\n<li>Lokala flyttningar<\/li>\n<li>Internationella flyttar<\/li>\n<li>Hush\u00e5llsflyttar<\/li>\n<li>F\u00f6retagsflyttar<\/li>\n<li>F\u00f6rpackningsalternativ<\/li>\n<li>Mark-, sj\u00f6- och lufttransport<\/li>\n<li>Tulltj\u00e4nster<\/li>\n<li>Flyttning av husdjur<\/li>\n<li>F\u00f6rs\u00e4kring<\/li>\n<li>F\u00f6rvaringsutrymmen<\/li>\n<\/ul>\n<p>Balkan Relocations \u00e4r en flytt-, logistik- och transporttj\u00e4nst som \u00e4r verksam i Belgrad. De \u00e4r en del av ett globalt n\u00e4tverk av flyttagenter och servicepartners som hj\u00e4lper dem att leverera tj\u00e4nster utanf\u00f6r Serbien. De \u00e4r medlemmar i IAM med sex \u00e5rs erfarenhet.<\/p>\n<p>Balkan Relocations erbjuder en d\u00f6rr-till-d\u00f6rr flyttj\u00e4nst med ett urval av f\u00f6rpackningsalternativ som inkluderar endast \u00f6mt\u00e5lig f\u00f6rpackning, sj\u00e4lvf\u00f6rpackning med f\u00f6rpackningsmaterial som tillhandah\u00e5lls och fullst\u00e4ndig f\u00f6rpackningstj\u00e4nst. De erbjuder transport \u00f6ver hela v\u00e4rlden via mark, sj\u00f6 eller flyg med tullassistans och f\u00f6rs\u00e4kring. De erbjuder \u00e4ven installations- och monteringstj\u00e4nster, husdjursflyttar, omlokaliseringstj\u00e4nster och immigrationshj\u00e4lp.<\/p>\n<p>Webbplats: <a href=\"http:\/\/www.balkanrelocations.com\" target=\"_blank\" rel=\"noopener\">http:\/\/www.balkanrelocations.com<\/a><\/p>\n<h2><strong>2. Orphee Beinoglou<\/strong><\/h2>\n<p><img loading=\"lazy\" decoding=\"async\" class=\"alignnone size-full wp-image-9408\" src=\"https:\/\/moverdb.com\/wp-content\/uploads\/Orphee-Beinoglou-Serbia-international-moving-company.png\" alt=\"Orphee Beinoglou Serbien internationell flyttfirma\" width=\"1440\" height=\"680\" data-wp-pid=\"9408\" srcset=\"https:\/\/moverdb.com\/wp-content\/uploads\/Orphee-Beinoglou-Serbia-international-moving-company.png 1440w, https:\/\/moverdb.com\/wp-content\/uploads\/Orphee-Beinoglou-Serbia-international-moving-company-300x142.png 300w, https:\/\/moverdb.com\/wp-content\/uploads\/Orphee-Beinoglou-Serbia-international-moving-company-1024x484.png 1024w, https:\/\/moverdb.com\/wp-content\/uploads\/Orphee-Beinoglou-Serbia-international-moving-company-18x9.png 18w, https:\/\/moverdb.com\/wp-content\/uploads\/Orphee-Beinoglou-Serbia-international-moving-company-600x283.png 600w\" sizes=\"auto, (max-width: 1440px) 100vw, 1440px\" \/><\/p>\n<ul>\n<li>Lokala och nationella flyttningar<\/li>\n<li>Internationella flyttar<\/li>\n<li>Hush\u00e5llsflyttar<\/li>\n<li>Flyttning av kontor<\/li>\n<li>D\u00f6rr-till-d\u00f6rr-tj\u00e4nster<\/li>\n<li>F\u00f6rpackningstj\u00e4nst<\/li>\n<li>Sj\u00f6-, luft- och landtransporter<\/li>\n<li>Tullklarering<\/li>\n<li>F\u00f6rs\u00e4kring<\/li>\n<li>Lagringstj\u00e4nster<\/li>\n<\/ul>\n<p>Orphee Beinoglou \u00e4r en leverant\u00f6r av godstransporter och logistik som grundades 1923 i <a href=\"https:\/\/moverdb.com\/sv\/moving-to-greece\/\" data-internallinksmanager029f6b8e52c=\"353\" title=\"Flytta till Grekland? 2026 Levnadskostnader och tips om flytt\">Grekland<\/a> med dotterbolag p\u00e5 Balkan och i \u00f6stra Medelhavsomr\u00e5det. Deras kontor i Serbien ligger i Belgrad. De anv\u00e4nder ett globalt n\u00e4tverk som st\u00f6d f\u00f6r att tillhandah\u00e5lla tj\u00e4nster i andra l\u00e4nder. De \u00e4r medlemmar i IAM med fyra \u00e5rs tj\u00e4nstg\u00f6ring.<\/p>\n<p>Orphee Beinglou erbjuder personlig d\u00f6rr-till-d\u00f6rr-flyttservice med en unders\u00f6kning f\u00f6re flytten f\u00f6r att hj\u00e4lpa till att planera din flytt. De tillhandah\u00e5ller en packningstj\u00e4nst med hj\u00e4lp av specialiserade f\u00f6rpackningsmaterial och utbildade team. De transporterar dina tillh\u00f6righeter till sj\u00f6ss, i luften eller p\u00e5 land och hj\u00e4lper till med tullklarering innan de levererar dina tillh\u00f6righeter och hj\u00e4lper till att packa upp dem.<\/p>\n<p>Webbplats: <a href=\"https:\/\/orbit.rs\" target=\"_blank\" rel=\"noopener\">https:\/\/orbit.rs<\/a><\/p>\n<h2><strong>3. Vision 4 Logistik<\/strong><\/h2>\n<p><img loading=\"lazy\" decoding=\"async\" class=\"alignnone size-full wp-image-9444\" src=\"https:\/\/moverdb.com\/wp-content\/uploads\/Vision-4-Logistics-international-moving-company.png\" alt=\"Vision 4 Logistics internationell flyttfirma\" width=\"1440\" height=\"678\" data-wp-pid=\"9444\" srcset=\"https:\/\/moverdb.com\/wp-content\/uploads\/Vision-4-Logistics-international-moving-company.png 1440w, https:\/\/moverdb.com\/wp-content\/uploads\/Vision-4-Logistics-international-moving-company-300x141.png 300w, https:\/\/moverdb.com\/wp-content\/uploads\/Vision-4-Logistics-international-moving-company-1024x482.png 1024w, https:\/\/moverdb.com\/wp-content\/uploads\/Vision-4-Logistics-international-moving-company-18x8.png 18w, https:\/\/moverdb.com\/wp-content\/uploads\/Vision-4-Logistics-international-moving-company-600x283.png 600w\" sizes=\"auto, (max-width: 1440px) 100vw, 1440px\" \/><\/p>\n<ul>\n<li>Lokala flyttningar<\/li>\n<li>Internationella flyttar<\/li>\n<li>Hush\u00e5llsflyttar<\/li>\n<li>F\u00f6retagsflyttar<\/li>\n<li>D\u00f6rr-till-d\u00f6rr-tj\u00e4nster<\/li>\n<li>Sj\u00f6-, v\u00e4g-, j\u00e4rnv\u00e4gs- och flygfrakt<\/li>\n<li>Val av belastningsalternativ<\/li>\n<li>Tullf\u00f6rmedling<\/li>\n<li>Allriskf\u00f6rs\u00e4kring<\/li>\n<li>F\u00f6rvaringsutrymmen<\/li>\n<\/ul>\n<p>Vision 4 Logistics \u00e4r ett speditionsf\u00f6retag som grundades 2018 och har sitt s\u00e4te i Belgrad. De erbjuder internationella transporter genom sitt n\u00e4tverk av utvalda agenter \u00f6ver hela v\u00e4rlden. De \u00e4r medlemmar i IAM med fem \u00e5rs erfarenhet.<\/p>\n<p>Vision 4 Logistics erbjuder d\u00f6rr-till-d\u00f6rr-flyttj\u00e4nster f\u00f6r lokala och internationella flyttar. De har professionell personal och utrustning som \u00e4r utformad f\u00f6r att hj\u00e4lpa dem att flytta hush\u00e5ll och f\u00f6retagskunder. De erbjuder j\u00e4rnv\u00e4gs-, flyg-, v\u00e4g- och sj\u00f6transporter som inkluderar fulla containerlaster, mindre \u00e4n containerlaster, fulla lastbilslaster och mindre \u00e4n lastbilslaster. De erbjuder allriskf\u00f6rs\u00e4kring som en f\u00f6rebyggande \u00e5tg\u00e4rd.<\/p>\n<p>Webbplats: <a href=\"http:\/\/www.v4l.rs\" target=\"_blank\" rel=\"noopener\">http:\/\/www.v4l.rs<\/a><\/p>","protected":false},"excerpt":{"rendered":"<p>If you are planning a move within, to or from Serbia, you may be considering employing the services of a moving company to assist you with packing, transportation and documentation. Below we have compiled a list of Serbian removal companies that are members of the International Association of Movers (IAM) and\/or FIDI Accredited International Mover [&hellip;]<\/p>\n","protected":false},"author":4,"featured_media":9337,"parent":190,"menu_order":0,"comment_status":"closed","ping_status":"closed","template":"","meta":{"_genesis_hide_title":false,"_genesis_hide_breadcrumbs":false,"_genesis_hide_singular_image":false,"_genesis_hide_footer_widgets":false,"_genesis_custom_body_class":"","_genesis_custom_post_class":"","_genesis_layout":"","footnotes":""},"class_list":{"0":"post-9518","1":"page","2":"type-page","3":"status-publish","4":"has-post-thumbnail","6":"entry"},"_links":{"self":[{"href":"https:\/\/moverdb.com\/sv\/wp-json\/wp\/v2\/pages\/9518","targetHints":{"allow":["GET"]}}],"collection":[{"href":"https:\/\/moverdb.com\/sv\/wp-json\/wp\/v2\/pages"}],"about":[{"href":"https:\/\/moverdb.com\/sv\/wp-json\/wp\/v2\/types\/page"}],"author":[{"embeddable":true,"href":"https:\/\/moverdb.com\/sv\/wp-json\/wp\/v2\/users\/4"}],"replies":[{"embeddable":true,"href":"https:\/\/moverdb.com\/sv\/wp-json\/wp\/v2\/comments?post=9518"}],"version-history":[{"count":1,"href":"https:\/\/moverdb.com\/sv\/wp-json\/wp\/v2\/pages\/9518\/revisions"}],"predecessor-version":[{"id":9519,"href":"https:\/\/moverdb.com\/sv\/wp-json\/wp\/v2\/pages\/9518\/revisions\/9519"}],"up":[{"embeddable":true,"href":"https:\/\/moverdb.com\/sv\/wp-json\/wp\/v2\/pages\/190"}],"wp:featuredmedia":[{"embeddable":true,"href":"https:\/\/moverdb.com\/sv\/wp-json\/wp\/v2\/media\/9337"}],"wp:attachment":[{"href":"https:\/\/moverdb.com\/sv\/wp-json\/wp\/v2\/media?parent=9518"}],"curies":[{"name":"wp","href":"https:\/\/api.w.org\/{rel}","templated":true}]}}