{"id":945,"date":"2016-09-03T20:39:51","date_gmt":"2016-09-03T20:39:51","guid":{"rendered":"http:\/\/moverdb.com\/?page_id=945"},"modified":"2026-01-08T14:48:12","modified_gmt":"2026-01-08T14:48:12","slug":"dt-rorlig","status":"publish","type":"page","link":"https:\/\/moverdb.com\/sv\/dt-moving\/","title":{"rendered":"DT flyttar: Internationell flyttning och flyttning Recensioner"},"content":{"rendered":"<p>DT Moving \u00e4r en <a href=\"https:\/\/moverdb.com\/sv\/moving-to-the-uk\/\" data-internallinksmanager029f6b8e52c=\"93\" title=\"Flyttar du till Storbritannien? 2026 Levnadskostnader och flyttningstips\">STORBRITANNIEN<\/a> . <a href=\"https:\/\/moverdb.com\/sv\/moving-companies\/\" data-internallinksmanager029f6b8e52c=\"79\" title=\"Topp 25 internationella flyttfirmor p\u00e5 n\u00e4tet\">Internationellt flyttf\u00f6retag<\/a> som erbjuder sina kunder ett komplett utbud av tj\u00e4nster som listas nedan, tillsammans med en f\u00f6retagsprofil och recensioner.<\/p>\n<p><strong><a href=\"https:\/\/moverdb.com\/sv\/international-removals\/\" data-internallinksmanager029f6b8e52c=\"27\" title=\"36 b\u00e4sta internationella flyttfirmor i Storbritannien\">Internationella flyttar<\/a><\/strong><\/p>\n<ul>\n<li> Unders\u00f6kning f\u00f6re flytten, offert och resurser<\/li>\n<li> F\u00f6rpackning vid bostaden<\/li>\n<li> Transport med flyg, b\u00e5t eller v\u00e4g<\/li>\n<li> F\u00f6rs\u00e4kring som ordnas<\/li>\n<li> L\u00f6pande service med en flyttledare och en sp\u00e5rningstj\u00e4nst.<\/li>\n<li> Leverans till bostaden<\/li>\n<li> Lasta av dina varor fr\u00e5n containern\/lastbilen\/kassen och placera dem i det rum du vill ha.<\/li>\n<li> Placera skyddsmaterial f\u00f6r att ta hand om golv och v\u00e4ggar vid behov.<\/li>\n<li> Kontrollera varje levererat f\u00f6rem\u00e5l mot den ursprungliga f\u00f6rpackningsinventeringen (f\u00f6r att redovisa varje paket).<\/li>\n<li> Ta upp allt papper, stoppning och kartong som ing\u00e5r i f\u00f6rpackningen och ta bort det f\u00f6r \u00e5tervinning.<\/li>\n<li> Vi \u00e5termonterar alla f\u00f6ranm\u00e4lda f\u00f6rem\u00e5l \u00e5t dig, vilket inneb\u00e4r att du beh\u00f6ver oroa dig f\u00f6r en sak mindre. Vi kan ocks\u00e5 ordna en hantverkare som kan hj\u00e4lpa till med extra arbete om du beh\u00f6ver det.<\/li>\n<li> L\u00e5t dig kontrollera inventariet, artikel f\u00f6r artikel, och skriv under n\u00e4r du \u00e4r n\u00f6jd med leveransen.<\/li>\n<li> Tullklarering<\/li>\n<\/ul>\n<p><strong>Tj\u00e4nster p\u00e5 destinationen<\/strong><\/p>\n<ul>\n<li> S\u00f6kning efter bostadshyra<\/li>\n<li> S\u00f6kning av skola<\/li>\n<li> Orienteringstur<\/li>\n<li> Att bos\u00e4tta sig<\/li>\n<li> Kulturell utbildning<\/li>\n<li> Underh\u00e5ll till make\/maka<\/li>\n<li> Uthyrning av m\u00f6bler<\/li>\n<li> Tillf\u00e4lligt boende<\/li>\n<li> Tj\u00e4nster vid avresa<\/li>\n<li> Skatte- och invandringsr\u00e5dgivning<\/li>\n<\/ul>\n<p><strong>Konst och antikviteter<\/strong><\/p>\n<ul>\n<li> Service som skr\u00e4ddarsys f\u00f6r varje kund<\/li>\n<li> Konsulttj\u00e4nster<\/li>\n<li> Ordna hotell etc. f\u00f6r k\u00f6p\/leverans av resan.<\/li>\n<li> Antik samling<\/li>\n<li> F\u00f6rpackningstj\u00e4nst<\/li>\n<li> F\u00f6rs\u00e4ndelse<\/li>\n<li> F\u00f6rs\u00e4kring<\/li>\n<\/ul>\n<p><strong>Lagring<\/strong><\/p>\n<ul>\n<li> Storbritannien och <a href=\"https:\/\/moverdb.com\/sv\/moving-to-france\/\" data-internallinksmanager029f6b8e52c=\"315\" title=\"Flyttar du till Frankrike? 2026 Levnadskostnader och flyttningstips\">Frankrike<\/a> - kort- och l\u00e5ngtidsf\u00f6rvaring i specialbyggda f\u00f6rvaringscontainrar<\/li>\n<li> S\u00e4kerhet dygnet runt och kodad tillg\u00e5ng<\/li>\n<li> Temperaturkontrollerad<\/li>\n<li> Brandf\u00f6rebyggande och bev\u00e4pnat sprinklersystem<\/li>\n<li> Resten av v\u00e4rlden - n\u00e4tverkspartner tillhandah\u00e5ller s\u00e4ker lagring.<\/li>\n<\/ul>\n<p><strong>Kompletterande tj\u00e4nster<\/strong><\/p>\n<ul>\n<li> Handyman (demontering och montering av m\u00f6bler, utrustning, hyllor och andra f\u00f6rem\u00e5l)<\/li>\n<li> H\u00e4ngning av bilder<\/li>\n<li> Specialf\u00f6rpackningar (f\u00f6r \u00f6mt\u00e5liga eller v\u00e4rdefulla f\u00f6rem\u00e5l)<\/li>\n<li> St\u00e4dning av hus<\/li>\n<li> St\u00e4dservice (uppackning, tv\u00e4tt, undanr\u00f6jning av <a href=\"https:\/\/moverdb.com\/sv\/moving-to-china\/\" data-internallinksmanager029f6b8e52c=\"357\" title=\"Flytta till Kina? 2026 Levnadskostnader och tips om omlokalisering\">Kina<\/a>, glasvaror, kl\u00e4der, diverse hush\u00e5llsartiklar)<\/li>\n<li> Elektriker eller r\u00f6rmokare<\/li>\n<li> Avinstallation och installation av satellit-TV-antenn<\/li>\n<li> Specialiserad \"s\u00e4ker\" flyttning<\/li>\n<li> Flyttning och \u00e5termontering av f\u00f6nster- och d\u00f6rrkarmar<\/li>\n<li> Utomhushiss (specialhiss) f\u00f6r att komma in i bostaden via f\u00f6nster eller balkong p\u00e5 \u00f6vre v\u00e5ningen.<\/li>\n<li> Uthyrning av m\u00f6bler<\/li>\n<li> Restaurering och reparation av m\u00f6bler<\/li>\n<li> F\u00f6rvaring av bilar<\/li>\n<\/ul>\n<h2>DT Moving F\u00f6retagsprofil<\/h2>\n<p>DT Moving var tidigare k\u00e4nt som David Turner Worldwide Movers och har flyttat m\u00e4nniskor runt om i v\u00e4rlden sedan 1870. Grundarfamiljen \u00e4r fortfarande involverad i f\u00f6retaget som flyttar framst\u00e5ende f\u00f6retag och privatpersoner \u00f6ver hela v\u00e4rlden. <\/p>\n<p>DT Moving har kontor i b\u00e5de <a href=\"https:\/\/moverdb.com\/sv\/moving-to-london\/\">London<\/a> och <a href=\"https:\/\/moverdb.com\/sv\/moving-to-france\/moving-to-paris\/\" data-internallinksmanager029f6b8e52c=\"407\" title=\"Flytta till Paris? 2026 Levnadskostnader och tips om flytt\">Paris<\/a>. De \u00e4r stolta \u00f6ver sin erfarenhet och integritet och s\u00e4ger att den genomsnittliga tj\u00e4nstg\u00f6ringstiden f\u00f6r var och en av deras anst\u00e4llda \u00e4r cirka 15 \u00e5r. F\u00f6retagets v\u00e4rderingar omfattar tj\u00e4nstekvalitet, ansvar, efterlevnad och st\u00e4ndiga f\u00f6rb\u00e4ttringar.<\/p>\n<p>DT Moving s\u00e4ger att det hade en <strong>97% kundn\u00f6jdhet<\/strong> f\u00f6r 2015, vilket var en \u00f6kning fr\u00e5n 95% 2014.<\/p>\n<p>DT Moving har f\u00f6ljande ackrediteringar och anslutningar:<\/p>\n<ul>\n<li> FAIMPLUS-ackrediterad; oberoende granskad av Ernst &amp; Young.<\/li>\n<li> ISO 9001-2008 ackrediterad, inklusive BS EN 12522\/1 BS EN 12522\/2<\/li>\n<li> Grundande medlem av OMNI (The Overseas Moving Network International).<\/li>\n<li> <a href=\"https:\/\/moverdb.com\/sv\/fidi-faim\/\">FIDI<\/a> ansluten sedan 1950 (F\u00e9d\u00e9ration Internationale des D\u00e9m\u00e9nageurs Internationaux).<\/li>\n<li> C-TPAT-inspekterad av <a href=\"https:\/\/moverdb.com\/sv\/moving-to-the-united-states\/\" data-internallinksmanager029f6b8e52c=\"94\" title=\"Flyttar du till USA? 2026 Levnadskostnader och flyttningstips\">USA<\/a> tullar<\/li>\n<li> Auktoriserad medlem av The <a href=\"https:\/\/moverdb.com\/sv\/british-association-of-removers\/\">British Association of Removers (brittisk sammanslutning av flyttfirmor)<\/a>, DBA, den <a href=\"https:\/\/moverdb.com\/sv\/mtc\/\">Movers Trading Club<\/a> (<a href=\"https:\/\/moverdb.com\/sv\/mtc\/\" data-internallinksmanager029f6b8e52c=\"30\" title=\"Movers Trading Club (MTC) f\u00f6rklaras\">MTC<\/a>)<\/li>\n<li> Ledamot av <a href=\"https:\/\/moverdb.com\/sv\/eura\/\">EuRA<\/a> (Den <a href=\"https:\/\/moverdb.com\/sv\/eura\/\" data-internallinksmanager029f6b8e52c=\"13\" title=\"European Relocation Association (EuRA) f\u00f6rklaras\">Europeiska sammanslutningen f\u00f6r omlokalisering<\/a>)<\/li>\n<li> Ledamot av <a href=\"https:\/\/moverdb.com\/sv\/forening-for-yrkesverksamma-flyttare\/\">ARP<\/a> (Den <a href=\"https:\/\/moverdb.com\/sv\/association-relocation-professionals\/\" data-internallinksmanager029f6b8e52c=\"6\" title=\"F\u00f6rklaring av Association of Relocation Professionals (ARP)\">F\u00f6reningen f\u00f6r yrkesverksamma inom flyttning<\/a>)<\/li>\n<li> Ledamot av <a href=\"https:\/\/moverdb.com\/sv\/jag-ar\/\">IAM<\/a> (<a href=\"https:\/\/moverdb.com\/sv\/iam\/\" data-internallinksmanager029f6b8e52c=\"23\" title=\"International Association of Movers (IAM) f\u00f6rklaras\">Internationella sammanslutningen av flyttfirmor<\/a>)<\/li>\n<li> Ledamot av <a href=\"https:\/\/moverdb.com\/sv\/lacma\/\">LACMA<\/a> (Latin American &amp; Caribbean Movers Association)<\/li>\n<li> Ledamot av <a href=\"https:\/\/moverdb.com\/sv\/radet-for-omplacering-av-arbetstagare\/\">ERC i hela v\u00e4rlden<\/a> (F\u00f6reningen f\u00f6r arbetskraftsr\u00f6rlighet)<\/li>\n<li> F\u00f6rsta g\u00e5ngen <a href=\"https:\/\/moverdb.com\/sv\/fidi-faim\/\" data-internallinksmanager029f6b8e52c=\"16\" title=\"FIDI &amp; FAIM (FIDI Accredited International Mover) f\u00f6rklaras\">FAIM<\/a> ISO (numera FAIMPLUS) ackrediterad organisation<\/li>\n<\/ul>\n<h2>Recensioner av DT Moving<\/h2>\n<p><strong>Positivt<\/strong><\/p>\n<ul>\n<li> <em>\"De var otroligt professionella, artiga, snabba och effektiva. De f\u00f6rklarade allt och jag kan inte f\u00f6rest\u00e4lla mig hur de kunde ha gjort upplevelsen smidigare.\"<\/em> - Z. COHEN via DT Moving <a href=\"http:\/\/www.dtmoving.com\/about-us\/what-our-customers-say\" target=\"_blank\" rel=\"noopener\">Vad v\u00e5ra kunder s\u00e4ger<\/a>.<\/li>\n<li> \"<em>Jag har just flyttat fr\u00e5n London till <a href=\"https:\/\/moverdb.com\/sv\/flytta-till-nyc\/\">New York<\/a> och var mycket imponerad av flyttservicen fr\u00e5n b\u00f6rjan till slut. Det som kunde ha varit en mycket stressig tid blev mycket enkelt.\"<\/em> - Qype-anv\u00e4ndare, Dan via <a href=\"https:\/\/www.yelp.co.uk\/biz\/dt-moving-london?hrid=_lnG2UpJr3NSw73UR115Pw&#038;utm_campaign=www_review_share_popup&#038;utm_medium=copy_link&#038;utm_source=(direct)\" target=\"_blank\" rel=\"noopener\">Yelp<\/a><\/li>\n<li> \"DT Moving var utm\u00e4rkta fr\u00e5n b\u00f6rjan till slut.\" - MCalder via <a href=\"https:\/\/www.yell.com\/biz\/dt-moving-mitcham-3825953\/\" target=\"_blank\" rel=\"noopener\">Skrik<\/a><\/li>\n<li> \"Det h\u00e4r \u00e4r tredje g\u00e5ngen som jag och min man flyttar i jobbet och det var den b\u00e4sta servicen hittills.\" - Chris via <a href=\"http:\/\/www.allinlondon.co.uk\/directory\/1318\/74781.php\" target=\"_blank\" rel=\"noopener\">Alla i London<\/a>.<\/li>\n<\/ul>\n<p><strong>Negativ<\/strong><\/p>\n<p><em>Vi kunde inte hitta n\u00e5gra negativa recensioner p\u00e5 n\u00e4tet<\/em>.<\/p>\n<div itemprop=\"review\" itemscope itemtype=\"http:\/\/schema.org\/Review\">\n<span itemprop=\"author\" itemscope=\"\" itemtype=\"http:\/\/schema.org\/Organization\"><span itemprop=\"name\">MoverDB.com<\/span><\/span> Webbplatsgranskning p\u00e5 n\u00e4tet f\u00f6r <span itemprop=\"itemreviewed\" itemscope=\"\" itemtype=\"http:\/\/schema.org\/Brand\"><span itemprop=\"name\">DT Moving<\/span><\/span>:<\/p>\n<ol>\n<li> Tydliga kontaktuppgifter p\u00e5 webbplatsen (inklusive telefonnummer): <strong>Ja<\/strong><\/li>\n<li> L\u00e4tt att f\u00e5 <a href=\"https:\/\/moverdb.com\/sv\/citat\/\">offerter f\u00f6r internationella flyttningar<\/a>? (Formul\u00e4r f\u00f6r beg\u00e4ran om uppskattning online): <strong>Ja<\/strong><\/li>\n<li> Tydlig information p\u00e5 webbplatsen: <strong>Ja,<\/strong> Webbplatsen \u00e4r ganska omfattande och ger potentiella kunder en god uppfattning om vad f\u00f6retaget kan erbjuda.<\/li>\n<li> Medlemskap i internationellt erk\u00e4nda flyttorganisationer: <strong>Ja<\/strong>, se ovan.<\/li>\n<li> F\u00f6rteckning \u00f6ver kunder och\/eller tidigare kundreferenser: <strong>Ja,<\/strong>Det finns m\u00e5nga kundreferenser p\u00e5 webbplatsen och andra recensioner p\u00e5 n\u00e4tet \u00e4r positiva.<\/li>\n<\/ol>\n<div itemprop=\"reviewRating\" itemscope itemtype=\"http:\/\/schema.org\/Rating\"><meta itemprop=\"worstRating\" content = \"0\" \/><meta itemprop=\"bestRating\" content=\"5\" \/><meta itemprop=\"ratingValue\" content=\"5\"><\/div>\n<p><strong>Sammanfattande betyg: 5\/5<\/strong><br \/>\n<strong>Datum f\u00f6r granskning:<\/strong> <span itemprop=\"datePublished\" content=\"2016-09-03\">03\/09\/2016<\/span>\n<\/div>\n<p>L\u00e4s mer om <a href=\"https:\/\/moverdb.com\/sv\/internationella-flyttar\/\">internationella flyttningar<\/a> och v\u00e5r <a href=\"https:\/\/moverdb.com\/sv\/recensioner\/\">granskningsprocess.<\/a>.<\/p>\n<p><strong>Webbplats:<\/strong> <a href=\"http:\/\/www.dtmoving.com\" target=\"_blank\" rel=\"noopener\">http:\/\/www.dtmoving.com<\/a><\/p>","protected":false},"excerpt":{"rendered":"<p>DT Moving is a UK based international moving company which offers its clients a full range of services which are listed below, together with a company profile and reviews. International Removals Pre-move survey, quotation and resources Packing at residence Transport by air, sea or road Insurance arranged Ongoing service including a move manager and a [&hellip;]<\/p>\n","protected":false},"author":1,"featured_media":0,"parent":0,"menu_order":0,"comment_status":"closed","ping_status":"closed","template":"","meta":{"_genesis_hide_title":false,"_genesis_hide_breadcrumbs":false,"_genesis_hide_singular_image":false,"_genesis_hide_footer_widgets":false,"_genesis_custom_body_class":"","_genesis_custom_post_class":"","_genesis_layout":"","footnotes":""},"class_list":{"0":"post-945","1":"page","2":"type-page","3":"status-publish","5":"entry"},"_links":{"self":[{"href":"https:\/\/moverdb.com\/sv\/wp-json\/wp\/v2\/pages\/945","targetHints":{"allow":["GET"]}}],"collection":[{"href":"https:\/\/moverdb.com\/sv\/wp-json\/wp\/v2\/pages"}],"about":[{"href":"https:\/\/moverdb.com\/sv\/wp-json\/wp\/v2\/types\/page"}],"author":[{"embeddable":true,"href":"https:\/\/moverdb.com\/sv\/wp-json\/wp\/v2\/users\/1"}],"replies":[{"embeddable":true,"href":"https:\/\/moverdb.com\/sv\/wp-json\/wp\/v2\/comments?post=945"}],"version-history":[{"count":8,"href":"https:\/\/moverdb.com\/sv\/wp-json\/wp\/v2\/pages\/945\/revisions"}],"predecessor-version":[{"id":6201,"href":"https:\/\/moverdb.com\/sv\/wp-json\/wp\/v2\/pages\/945\/revisions\/6201"}],"wp:attachment":[{"href":"https:\/\/moverdb.com\/sv\/wp-json\/wp\/v2\/media?parent=945"}],"curies":[{"name":"wp","href":"https:\/\/api.w.org\/{rel}","templated":true}]}}