{"id":944,"date":"2016-09-04T13:58:08","date_gmt":"2016-09-04T13:58:08","guid":{"rendered":"http:\/\/moverdb.com\/?page_id=944"},"modified":"2026-01-08T14:48:19","modified_gmt":"2026-01-08T14:48:19","slug":"overskott-internationella-flyttare","status":"publish","type":"page","link":"https:\/\/moverdb.com\/sv\/excess-international-movers\/","title":{"rendered":"\u00d6verfl\u00f6diga internationella flyttfirmor: Internationell flyttning: Recensioner"},"content":{"rendered":"<p>Excess International Movers erbjuder f\u00f6retagskunder, privatpersoner och familjer ett brett utbud av tj\u00e4nster som listas nedan. D\u00e4r f\u00f6ljer ocks\u00e5 en f\u00f6retagsprofil och recensioner.<\/p>\n<p><strong><a href=\"https:\/\/moverdb.com\/sv\/international-removals\/\" data-internallinksmanager029f6b8e52c=\"27\" title=\"36 b\u00e4sta internationella flyttfirmor i Storbritannien\">Internationella flyttar<\/a><\/strong><\/p>\n<ul>\n<li> Luft, sj\u00f6 eller v\u00e4g<\/li>\n<li> D\u00f6rr till d\u00f6rr service<\/li>\n<li> S\u00e4rskild tj\u00e4nst f\u00f6r internationella flyttningar<\/li>\n<li> En flyttkoordinator som organiserar flytten fr\u00e5n b\u00f6rjan till slut och svarar p\u00e5 eventuella fr\u00e5gor.<\/li>\n<li> Packers and movers f\u00f6r att packa \u00e4godelar i det b\u00e4sta av branschen godk\u00e4nda f\u00f6rpackningsmaterialet - tillhandah\u00e5lls ocks\u00e5 av Excess International Movers.<\/li>\n<li> Flyttgods lastat p\u00e5 <a href=\"https:\/\/moverdb.com\/sv\/container-transport\/\">transportbeh\u00e5llare<\/a> eller som transporteras f\u00f6r att lastas ombord p\u00e5 luftfartyg.<\/li>\n<li> Varor klareras, levereras och lossas vid ditt nya hem, kontor, hotell eller annan slutdestination - eller g\u00f6rs tillg\u00e4ngliga f\u00f6r avh\u00e4mtning p\u00e5 vald flygplats.<\/li>\n<li> Avgifter f\u00f6r internationella flyttningar, tullklarering och terminalavgifter<\/li>\n<\/ul>\n<p><strong>Europeiska flyttar<\/strong><\/p>\n<ul>\n<li> D\u00f6rr till d\u00f6rr service<\/li>\n<li> S\u00e4rskild direkttj\u00e4nst. Dina tillh\u00f6righeter packas hemma hos dig och lastas och transporteras direkt till ditt nya hem i Europa. Du v\u00e4ljer sj\u00e4lv vilket leveransdatum som passar dina behov. <\/li>\n<li> Delad belastning. L\u00e4mpligt om du vill flytta varor i mindre partier d\u00e4r tidsramen \u00e4r mindre viktig. Samtidigt som du fortfarande erbjuder kunderna ett fast datum f\u00f6r h\u00e4mtning f\u00e5r du ett tidsf\u00f6nster f\u00f6r leverans f\u00f6re h\u00e4mtning och leveransdatumet bekr\u00e4ftas n\u00e4r schemat f\u00f6r delad last \u00e4r klart.<\/li>\n<li> En dedikerad flyttkoordinator som svarar p\u00e5 fr\u00e5gor och organiserar EU:s flytt fr\u00e5n b\u00f6rjan till slut.<\/li>\n<li> European Removals erbjuder professionell packning med hj\u00e4lp av branschgodk\u00e4nt f\u00f6rpackningsmaterial f\u00f6r att s\u00e4kerst\u00e4lla att dina \u00e4godelar \u00e4r s\u00e4kra under transporten.<\/li>\n<li> Flytten h\u00e4mtas, levereras och packas sedan upp i ditt nya hem med allt inneh\u00e5ll placerat efter behov.<\/li>\n<\/ul>\n<p><strong>Lagringstj\u00e4nster<\/strong><\/p>\n<ul>\n<li> 24-timmars bevakning<\/li>\n<li> Tilltr\u00e4de till varor kr\u00e4ver ett meddelande och kan medf\u00f6ra en till\u00e4ggsavgift.<\/li>\n<li> Rabatter f\u00f6r lagring f\u00f6r studenter<\/li>\n<li> Containerf\u00f6rvaring<\/li>\n<\/ul>\n<p><strong>Studenttj\u00e4nster<\/strong><\/p>\n<ul>\n<li> S\u00e4rskilda rabatterade minif\u00f6rflyttningar<\/li>\n<li> S\u00e4rskilt rabatterat alternativ f\u00f6r lagring av 5 l\u00e5dor<\/li>\n<li> Studerande <a href=\"https:\/\/moverdb.com\/sv\/rederier\/\">Internationell frakt<\/a><\/li>\n<\/ul>\n<p><strong>Ytterligare tj\u00e4nster<\/strong><\/p>\n<ul>\n<li> Frakt av bagage<\/li>\n<li> Ensamkommande bagage<\/li>\n<li> \u00d6verskottsbagage<\/li>\n<li> <a href=\"https:\/\/moverdb.com\/sv\/biltransport-frakt\/\">Transport av fordon<\/a><\/li>\n<li> Flyttning av f\u00f6retag<\/li>\n<li> Frakt av fin konst<\/li>\n<li> Import<\/li>\n<\/ul>\n<h2>Excess International Movers f\u00f6retagsprofil<\/h2>\n<p>Excess International Movers har funnits i \u00f6ver 30 \u00e5r och hanterar \u00f6ver 50 000 transporter per \u00e5r, b\u00e5de internationellt och lokalt. De s\u00e4ger att de kan hantera alla storlekar av flyttningar och kommer att g\u00f6ra det inom alla rimliga tidsramar. Excess International Movers h\u00e4vdar att de skickar till \u00f6ver 25 000 destinationer runt om i v\u00e4rlden.<\/p>\n<p>F\u00f6retaget t\u00e4cker alla aspekter av en flytt utomlands, fr\u00e5n den f\u00f6rsta offerten till att bos\u00e4tta sig i destinationslandet. De erbjuder transportl\u00f6sningar f\u00f6r privatpersoner, familjer och f\u00f6retag, inklusive m\u00e5nga v\u00e4lk\u00e4nda storf\u00f6retag.<\/p>\n<p>Excess International Movers ackrediteringar och anslutningar:<\/p>\n<ul>\n<li> <a href=\"https:\/\/moverdb.com\/sv\/british-association-of-removers\/\">Den brittiska sammanslutningen av flyttfirmor<\/a> (<a href=\"https:\/\/moverdb.com\/sv\/british-association-of-removers\/\" data-internallinksmanager029f6b8e52c=\"9\" title=\"British Association of Removers (BAR) f\u00f6rklaras\">BAR<\/a>)<\/li>\n<li> <a href=\"https:\/\/moverdb.com\/sv\/fidi-faim\/\">Federation of International Furniture Removers<\/a> (<a href=\"https:\/\/moverdb.com\/sv\/fidi-faim\/\" data-internallinksmanager029f6b8e52c=\"16\" title=\"FIDI &amp; FAIM (FIDI Accredited International Mover) f\u00f6rklaras\">FIDI<\/a>)<\/li>\n<li> <a href=\"https:\/\/moverdb.com\/sv\/hgfaa\/\">Household Goods Forwarders Association of America (f\u00f6reningen f\u00f6r spedit\u00f6rer av hush\u00e5llsvaror)<\/a> (HHGFAA)<\/li>\n<li> <a href=\"https:\/\/moverdb.com\/sv\/fidi-faim\/\">FAIM Plus<\/a><\/li>\n<li> <a href=\"https:\/\/moverdb.com\/sv\/mtc\/\">The Movers Trading Club<\/a> (<a href=\"https:\/\/moverdb.com\/sv\/mtc\/\" data-internallinksmanager029f6b8e52c=\"30\" title=\"Movers Trading Club (MTC) f\u00f6rklaras\">MTC<\/a>)<\/li>\n<li> The <a href=\"https:\/\/moverdb.com\/sv\/jag-ar\/\">Internationella sammanslutningen av flyttfirmor<\/a> (<a href=\"https:\/\/moverdb.com\/sv\/iam\/\" data-internallinksmanager029f6b8e52c=\"23\" title=\"International Association of Movers (IAM) f\u00f6rklaras\">IAM<\/a>)<\/li>\n<li> ISO 9001<\/li>\n<\/ul>\n<h2>Recensioner av Excess International Movers<\/h2>\n<p><strong>Positivt<\/strong><\/p>\n<ul>\n<li> <em>\"Fr\u00e5n b\u00f6rjan var det ett n\u00f6je att g\u00f6ra aff\u00e4rer med Excess Internationl Movers. De har mycket rimliga priser och guidar dig genom hela processen. H\u00e4mtningen och leveransen var s\u00f6ml\u00f6s och jag kunde inte vara n\u00f6jdare med tj\u00e4nsten. Rekommenderar starkt.\"<\/em> - Sophie Hay via <a href=\"http:\/\/www.excess-international.com\/reviews\" target=\"_blank\" rel=\"noopener\">sida f\u00f6r f\u00f6retags\u00f6versikt<\/a><\/li>\n<li> <em>\"Lysande service fr\u00e5n offert till leverans. Vi kan varmt rekommendera detta f\u00f6retag.\"<\/em> - Lisa via <a href=\"https:\/\/uk.trustpilot.com\/reviews\/57bc88a00000ff00097f3cfc\" target=\"_blank\" rel=\"noopener\">Trustpilot<\/a>.<\/li>\n<li> <em>\"Vi har nyligen flyttat fr\u00e5n <a href=\"https:\/\/moverdb.com\/sv\/moving-to-the-uk\/\" data-internallinksmanager029f6b8e52c=\"93\" title=\"Flyttar du till Storbritannien? 2026 Levnadskostnader och flyttningstips\">STORBRITANNIEN<\/a> till <a href=\"https:\/\/moverdb.com\/sv\/moving-to-canada\/\" data-internallinksmanager029f6b8e52c=\"265\" title=\"Flytta till Kanada? 2026 Levnadskostnader och flyttningstips\">Kanada<\/a>, och Excess International gjorde hela processen mycket sm\u00e4rtfri. Offerten var ganska exakt (slutkostnaden blev faktiskt n\u00e5got l\u00e4gre \u00e4n den ursprungliga offerten, vilket var bra - inga obehagliga \u00f6verraskningar i sista minuten), packarna gjorde ett bra jobb och Attila svarade g\u00e4rna p\u00e5 alla fr\u00e5gor vi hade.\"<\/em> - via <a href=\"http:\/\/www.reviewcentre.com\/Removal-Companies\/Excess-International-Movers-www-excess-international-com-review_2391382\" target=\"_blank\" rel=\"noopener\">Granskningscentrum<\/a><\/li>\n<li> <em>\"M\u00e4nnen som kom f\u00f6r att flytta och packa hush\u00e5llet var absolut #1 - f\u00f6rstklassiga med allt, h\u00e4ngivna h\u00e5rda arbetare och mycket artiga.\"<\/em> - Anton via <a href=\"http:\/\/www.shipping-international.com\/companies\/excess-international-movers.html\" target=\"_blank\" rel=\"noopener\">Shipping-International.com<\/a><\/li>\n<\/ul>\n<p><strong>Negativ<\/strong><\/p>\n<ul>\n<li> <em>\"Vi k\u00e4nde att vi hade fattat ett bra beslut efter att ha f\u00e5tt n\u00e5gra offerter, men tyv\u00e4rr blev det inte som f\u00f6rv\u00e4ntat.\"<\/em> - Lee\/Mrs Alexandria via <a href=\"https:\/\/uk.trustpilot.com\/reviews\/57b38afd0000ff00097cab0e\" target=\"_blank\" rel=\"noopener\">Trustpilot<\/a><\/li>\n<li> <em>\"Vi har fortfarande ett problem som g\u00e5r tillbaka till b\u00f6rjan av \u00e5ret (2015) med EIM n\u00e4r v\u00e5r container anl\u00e4nde till Nya Zeeland fr\u00e5n Storbritannien. EIM:s personal i Storbritannien tejpade ett h\u00e5l i containerns tak med sin egen packtejp.\"<\/em> - Robert Snijders via <a href=\"http:\/\/www.removalreviews.co.uk\/movingreviews\/move-from-uk-to-nz-10229\" target=\"_blank\" rel=\"noopener\">Omd\u00f6men om flyttning<\/a><\/li>\n<li> <em>\"Patetisk service och ingen ordentlig kommunikation. Jag skulle inte rekommendera att anv\u00e4nda dessa killar \u00f6verhuvudtaget. Min interaktion har varit mycket nedsl\u00e5ende och frustrerande.\"<\/em> - via <a href=\"http:\/\/www.reviewcentre.com\/Removal-Companies\/Excess-International-Movers-www-excess-international-com-review_3918175\" target=\"_blank\" rel=\"noopener\">Granskningscentrum<\/a><\/li>\n<li> <em>\"Ett absolut hemskt f\u00f6retag att ha att g\u00f6ra med, det k\u00e4ndes som att ha att g\u00f6ra med en inkassobolag n\u00e4r man pratade med dem i telefon.\" -<br \/>\nWill B. via <a href=\"https:\/\/www.yelp.co.uk\/biz\/excess-international-movers-london-2?hrid=gh9RC6mlebc__fP5wR0Q8g&#038;utm_campaign=www_review_share_popup&#038;utm_medium=copy_link&#038;utm_source=(direct)\" target=\"_blank\" rel=\"noopener\">Yelp<\/a><\/em><\/li>\n<\/ul>\n<div itemprop=\"review\" itemscope itemtype=\"http:\/\/schema.org\/Review\">\n<span itemprop=\"author\" itemscope=\"\" itemtype=\"http:\/\/schema.org\/Organization\"><span itemprop=\"name\">MoverDB.com<\/span><\/span> Webbplatsgranskning p\u00e5 n\u00e4tet f\u00f6r <span itemprop=\"itemreviewed\" itemscope=\"\" itemtype=\"http:\/\/schema.org\/Brand\"><span itemprop=\"name\">\u00d6verfl\u00f6diga internationella flyttfirmor<\/span><\/span>:<\/p>\n<ol>\n<li> Tydliga kontaktuppgifter p\u00e5 webbplatsen (inklusive telefonnummer): <strong>Ja<\/strong><\/li>\n<li> L\u00e4tt att f\u00e5 <a href=\"https:\/\/moverdb.com\/sv\/citat\/\">offerter f\u00f6r internationella flyttningar<\/a>? (Formul\u00e4r f\u00f6r beg\u00e4ran om uppskattning online): <strong>Ja<\/strong><\/li>\n<li> Tydlig information p\u00e5 webbplatsen: <strong>Ja,<\/strong> Informationen p\u00e5 webbplatsen \u00e4r ganska detaljerad och ger potentiella kunder en bra uppfattning om vad som erbjuds.<\/li>\n<li> Medlemskap i internationellt erk\u00e4nda flyttorganisationer: <strong>Ja<\/strong>, se ovan.<\/li>\n<li> F\u00f6rteckning \u00f6ver kunder och\/eller tidigare kundreferenser: <strong>Ja,<\/strong> Det finns m\u00e5nga positiva kundomd\u00f6men p\u00e5 deras webbplats, \u00e4ven om omd\u00f6mena p\u00e5 andra h\u00e5ll \u00e4r lite mer blandade.<\/li>\n<\/ol>\n<div itemprop=\"reviewRating\" itemscope itemtype=\"http:\/\/schema.org\/Rating\"><meta itemprop=\"worstRating\" content = \"0\" \/><meta itemprop=\"bestRating\" content=\"5\" \/><meta itemprop=\"ratingValue\" content=\"4\"><\/div>\n<p><strong>Sammanfattande betyg: 4\/5<\/strong><br \/>\n<strong>Datum f\u00f6r granskning:<\/strong> <span itemprop=\"datePublished\" content=\"2016-09-04\">04\/09\/2016<\/span>\n<\/div>\n<p>L\u00e4s mer om <a href=\"https:\/\/moverdb.com\/sv\/internationella-flyttar\/\">internationella flyttningar<\/a> och v\u00e5r <a href=\"https:\/\/moverdb.com\/sv\/recensioner\/\">granskningsprocess.<\/a>.<\/p>\n<p><strong>Webbplats:<\/strong> <a href=\"http:\/\/www.excess-international.com\/\" target=\"_blank\" rel=\"noopener\">http:\/\/www.excess-international.com<\/a><\/p>","protected":false},"excerpt":{"rendered":"<p>Excess International Movers offer corporate clients, individuals and families a wide range of services which are listed below. There also follows a company profile and reviews. International Removals Air, sea or road Door to door service Dedicated service for international relocations A move co-ordinator to organise removals from start to finish and answer any queries [&hellip;]<\/p>\n","protected":false},"author":1,"featured_media":0,"parent":0,"menu_order":0,"comment_status":"closed","ping_status":"closed","template":"","meta":{"_genesis_hide_title":false,"_genesis_hide_breadcrumbs":false,"_genesis_hide_singular_image":false,"_genesis_hide_footer_widgets":false,"_genesis_custom_body_class":"","_genesis_custom_post_class":"","_genesis_layout":"","footnotes":""},"class_list":{"0":"post-944","1":"page","2":"type-page","3":"status-publish","5":"entry"},"_links":{"self":[{"href":"https:\/\/moverdb.com\/sv\/wp-json\/wp\/v2\/pages\/944","targetHints":{"allow":["GET"]}}],"collection":[{"href":"https:\/\/moverdb.com\/sv\/wp-json\/wp\/v2\/pages"}],"about":[{"href":"https:\/\/moverdb.com\/sv\/wp-json\/wp\/v2\/types\/page"}],"author":[{"embeddable":true,"href":"https:\/\/moverdb.com\/sv\/wp-json\/wp\/v2\/users\/1"}],"replies":[{"embeddable":true,"href":"https:\/\/moverdb.com\/sv\/wp-json\/wp\/v2\/comments?post=944"}],"version-history":[{"count":8,"href":"https:\/\/moverdb.com\/sv\/wp-json\/wp\/v2\/pages\/944\/revisions"}],"predecessor-version":[{"id":6207,"href":"https:\/\/moverdb.com\/sv\/wp-json\/wp\/v2\/pages\/944\/revisions\/6207"}],"wp:attachment":[{"href":"https:\/\/moverdb.com\/sv\/wp-json\/wp\/v2\/media?parent=944"}],"curies":[{"name":"wp","href":"https:\/\/api.w.org\/{rel}","templated":true}]}}