{"id":943,"date":"2016-09-03T18:19:36","date_gmt":"2016-09-03T18:19:36","guid":{"rendered":"http:\/\/moverdb.com\/?page_id=943"},"modified":"2026-01-08T15:20:36","modified_gmt":"2026-01-08T15:20:36","slug":"robinsons","status":"publish","type":"page","link":"https:\/\/moverdb.com\/sv\/robinsons\/","title":{"rendered":"Robinsons flyttning: Internationell flyttning: Recensioner"},"content":{"rendered":"<p>Robinsons Relocation \u00e4r ett internationellt <a href=\"https:\/\/moverdb.com\/sv\/international-removals\/\" data-internallinksmanager029f6b8e52c=\"27\" title=\"36 b\u00e4sta internationella flyttfirmor i Storbritannien\">flyttfirma<\/a> som erbjuder sina kunder m\u00e5nga tj\u00e4nster f\u00f6r att hj\u00e4lpa dem att flytta utomlands. Tj\u00e4nsterna listas nedan tillsammans med en f\u00f6retagsprofil och recensioner.<\/p>\n<p><strong>Internationella flyttar<\/strong><\/p>\n<ul>\n<li> En dedikerad flyttledare<\/li>\n<li> D\u00f6rr till d\u00f6rr<\/li>\n<li> Sj\u00e4lvpackning eller professionell packning<\/li>\n<li> Luftfrakt eller sj\u00f6frakt <a href=\"https:\/\/moverdb.com\/sv\/container-transport\/\">internationell containertransport<\/a><\/li>\n<li> alternativ f\u00f6r full last och dellast<\/li>\n<li> Uppackning och \u00e5termontering<\/li>\n<li> Tullbist\u00e5nd<\/li>\n<li> F\u00f6rs\u00e4kring som ordnas<\/li>\n<li> Transport av bilar<\/li>\n<li> S\u00e4ndning av s\u00e4llskapsdjur<\/li>\n<li> Leverans av konst och antikviteter<\/li>\n<li> Flyttning av f\u00f6retag<\/li>\n<\/ul>\n<p><strong>Flyttj\u00e4nster<\/strong><\/p>\n<ul>\n<li> Omr\u00e5desorientering<\/li>\n<li> S\u00f6kning p\u00e5 hemsidan<\/li>\n<li> S\u00f6kning av skola<\/li>\n<li> Inskolningstj\u00e4nster<\/li>\n<li> L\u00f6pande st\u00f6d och hyresf\u00f6rvaltning<\/li>\n<li> Tj\u00e4nster vid avresa<\/li>\n<li> Visum och invandring<\/li>\n<li> Interkulturellt och spr\u00e5k<\/li>\n<li> Underh\u00e5ll till make\/maka<\/li>\n<\/ul>\n<p><strong>Lagring<\/strong><\/p>\n<ul>\n<li> L\u00e5ng och kort sikt<\/li>\n<li> F\u00f6rvaring av m\u00f6bler<\/li>\n<li> F\u00f6rvaring av fordon<\/li>\n<li> Kommersiell lagring<\/li>\n<li> F\u00f6rvaring av dokument<\/li>\n<li> 8 grenar att v\u00e4lja mellan<\/li>\n<li> Professionellt f\u00f6rpackad<\/li>\n<li> Automatisk f\u00f6rs\u00e4kring<\/li>\n<li> 24-timmars kamera\u00f6vervakning<\/li>\n<\/ul>\n<p><strong><a href=\"https:\/\/moverdb.com\/sv\/moving-to-the-uk\/\" data-internallinksmanager029f6b8e52c=\"93\" title=\"Flyttar du till Storbritannien? 2026 Levnadskostnader och flyttningstips\">STORBRITANNIEN<\/a> Flyttning av hus<\/strong><\/p>\n<ul>\n<li> D\u00f6rr till d\u00f6rr<\/li>\n<li> Fullst\u00e4ndig service<\/li>\n<li> Flyttning av f\u00f6retag<\/li>\n<\/ul>\n<h2>Robinsons Relocation F\u00f6retagsprofil<\/h2>\n<p>Robinsons grundades 1895 av Alfred Robinson och f\u00f6retaget b\u00f6rjade med att flytta kol. Konkurrensen var stor, s\u00e5 Alfred Robinson best\u00e4mde sig f\u00f6r att \u00f6verg\u00e5 till flyttverksamhet. <\/p>\n<p>F\u00f6retaget expanderade till internationella flyttningar p\u00e5 1960-talet i samband med massutvandringen till <a href=\"https:\/\/moverdb.com\/sv\/moving-to-australia\/living-in-australia\/\" data-internallinksmanager029f6b8e52c=\"240\" title=\"21 hemligheter om att bo i Australien som du b\u00f6r k\u00e4nna till innan du flyttar\">Australien<\/a>. Alfred Robinsons sonson \u00e4r idag f\u00f6retagets ordf\u00f6rande.<\/p>\n<p>Robinsons \u00e4r en av de fem st\u00f6rsta export\u00f6rerna av personliga varor i Storbritannien. Deras m\u00e5l \u00e4r att ge sina kunder, b\u00e5de privatpersoner och f\u00f6retag, en skr\u00e4ddarsydd plan f\u00f6r att se till att deras flytt g\u00e5r smidigt och utan dolda kostnader. <\/p>\n<p>F\u00f6retaget har sex specialbyggda lager i de st\u00f6rsta st\u00e4derna i Storbritannien. F\u00f6retaget har ocks\u00e5 en fordonsflotta p\u00e5 60 fordon och en personalstyrka p\u00e5 \u00f6ver 150 h\u00f6gutbildade personer.<\/p>\n<p>En f\u00f6rteckning \u00f6ver Robinsons anslutningar och ackrediteringar:<\/p>\n<ul>\n<li> <a href=\"https:\/\/moverdb.com\/sv\/british-association-of-removers\/\">Den brittiska sammanslutningen av flyttfirmor<\/a> (<a href=\"https:\/\/moverdb.com\/sv\/british-association-of-removers\/\" data-internallinksmanager029f6b8e52c=\"9\" title=\"British Association of Removers (BAR) f\u00f6rklaras\">BAR<\/a>)<\/li>\n<li> <a href=\"https:\/\/moverdb.com\/sv\/bar-overseas\/\">Den brittiska sammanslutningen av flyttfirmor utomlands<\/a><\/li>\n<li> British International Freight Association (BIFA)<\/li>\n<li> V\u00e4rldens trygghet<\/li>\n<li> <a href=\"https:\/\/moverdb.com\/sv\/fidi-faim\/\">Internationella federationen f\u00f6r internationella m\u00f6belflyttare<\/a> (<a href=\"https:\/\/moverdb.com\/sv\/fidi-faim\/\" data-internallinksmanager029f6b8e52c=\"16\" title=\"FIDI &amp; FAIM (FIDI Accredited International Mover) f\u00f6rklaras\">FIDI<\/a>)<\/li>\n<li> Overseas Moving Network Incorporated (OMNI)<\/li>\n<li> FAIM Plus<\/li>\n<li> <a href=\"https:\/\/moverdb.com\/sv\/eura\/\">EuRA<\/a><\/li>\n<li> ISO 9901:2008<\/li>\n<li> ISO 14001 :2004<\/li>\n<li> F\u00f6reningen f\u00f6r konst- och antikhandlare (LAPADA)<\/li>\n<li> British Furniture Manufacturers (BFM)<\/li>\n<\/ul>\n<h2>Recensioner av Robinsons Relocation<\/h2>\n<p><strong>Positivt:<\/strong><\/p>\n<ul>\n<li> <em>\"Robinsons var mycket t\u00e5lmodiga med v\u00e5r ibland \"sv\u00e5ra\" resa f\u00f6r att f\u00e5 fram ett faktiskt flyttdatum och koordinerade g\u00e4rna med mig sj\u00e4lv. Personalen p\u00e5 kontoret var hj\u00e4lpsam, sympatisk och v\u00e4nlig. N\u00e4r dagen sedan kom var det killarna som kom f\u00f6r att packa huset f\u00f6r <a href=\"https:\/\/moverdb.com\/sv\/moving-to-the-united-states\/\" data-internallinksmanager029f6b8e52c=\"94\" title=\"Flyttar du till USA? 2026 Levnadskostnader och flyttningstips\">oss<\/a> De var v\u00e4nliga, professionella och framf\u00f6r allt samvetsgranna.\"<\/em> - Charlie K Brisker via <a href=\"https:\/\/uk.trustpilot.com\/reviews\/57c6b04b0000ff000982140f\" target=\"_blank\" rel=\"noopener\">Trustpilot<\/a><\/li>\n<li> <em>\"Vi hade en utm\u00e4rkt erfarenhet av Robinsons och blev d\u00e4rf\u00f6r ganska f\u00f6rv\u00e5nade n\u00e4r jag s\u00e5g en tidigare recension om motsatsen. Av egen erfarenhet har vi flyttat flera g\u00e5nger till olika delar av v\u00e4rlden och vi har litat p\u00e5 Robinsons f\u00f6r v\u00e5r flytt varje g\u00e5ng sedan vi f\u00f6rst anv\u00e4nde dem p\u00e5 90-talet.\"<\/em> - Aiden Roberts via <a href=\"http:\/\/www.removalreviews.co.uk\/movingreviews\/really-great-service-thank-you-robinsons-6974\" target=\"_blank\" rel=\"noopener\">Omd\u00f6men om flyttning<\/a> <\/li>\n<\/ul>\n<p><strong>Negativt:<\/strong><\/p>\n<ul>\n<li> <em>\"De tv\u00e5 f\u00f6rsta killarna som kom var fantastiska. Sedan kom ytterligare tre! De kopplade in sina mobiltelefoner i v\u00e5ra uttag f\u00f6r att spela musik!!!! Packningen av mindre f\u00f6rem\u00e5l var fantastisk! Inga skador! Men bristen p\u00e5 omsorg och respekt f\u00f6r st\u00f6rre f\u00f6rem\u00e5l var chockerande! \"<\/em> - Sharon Card via <a href=\"https:\/\/www.trustpilot.com\/users\/55ed817e0000ff0001d9df65\" target=\"_blank\" rel=\"noopener\">Trustpilot<\/a> <\/li>\n<li> \"<em>Efter lite forskning trodde jag att jag hade valt ett v\u00e4lrenommerat f\u00f6retag som skulle sk\u00f6ta min internationella flytt. Jag kunde inte ha haft mer fel.\" <\/em>Eric via <a href=\"http:\/\/www.removalreviews.co.uk\/movingreviews\/absolute-disgrace-2741\" target=\"_blank\" rel=\"noopener\">Omd\u00f6men om flyttning<\/a> <\/li>\n<\/ul>\n<div itemprop=\"review\" itemscope itemtype=\"http:\/\/schema.org\/Review\">\n<span itemprop=\"author\" itemscope=\"\" itemtype=\"http:\/\/schema.org\/Organization\"><span itemprop=\"name\">MoverDB.com<\/span><\/span> Webbplatsgranskning p\u00e5 n\u00e4tet f\u00f6r <span itemprop=\"itemreviewed\" itemscope=\"\" itemtype=\"http:\/\/schema.org\/Brand\"><span itemprop=\"name\">Robinsons flyttning<\/span><\/span>:<\/p>\n<ol>\n<li> Tydliga kontaktuppgifter p\u00e5 webbplatsen (inklusive telefonnummer): <strong>Ja<\/strong><\/li>\n<li> L\u00e4tt att f\u00e5 <a href=\"https:\/\/moverdb.com\/sv\/citat\/\">offerter f\u00f6r internationella flyttningar<\/a>? (Formul\u00e4r f\u00f6r beg\u00e4ran om uppskattning online): <strong>Ja<\/strong><\/li>\n<li> Tydlig information p\u00e5 webbplatsen: <strong>Ja,<\/strong> bra information om alla tj\u00e4nster som de erbjuder.<\/li>\n<li> Medlemskap i internationellt erk\u00e4nda flyttorganisationer: <strong>Ja<\/strong>, m\u00e5nga se ovan.<\/li>\n<li> F\u00f6rteckning \u00f6ver kunder och\/eller tidigare kundreferenser: <strong>Ja,<\/strong> men inte p\u00e5 deras webbplats, utan kunderna l\u00e4mnar recensioner p\u00e5 TrustPilot, d\u00e4r de har ett mycket positivt betyg.<\/li>\n<\/ol>\n<div itemprop=\"reviewRating\" itemscope itemtype=\"http:\/\/schema.org\/Rating\"><meta itemprop=\"worstRating\" content = \"0\" \/><meta itemprop=\"bestRating\" content=\"5\" \/><meta itemprop=\"ratingValue\" content=\"5\"><\/div>\n<p><strong>Sammanfattande betyg: 5\/5<\/strong><br \/>\n<strong>Datum f\u00f6r granskning:<\/strong> <span itemprop=\"datePublished\" content=\"2016-09-03\">03\/09\/2016<\/span>\n<\/div>\n<p>L\u00e4s mer om <a href=\"https:\/\/moverdb.com\/sv\/internationella-flyttar\/\">internationella flyttfirmor<\/a> och v\u00e5r <a href=\"https:\/\/moverdb.com\/sv\/recensioner\/\">granskningsprocess.<\/a>.<\/p>\n<p><strong>Webbplats:<\/strong> <a href=\"http:\/\/www.robinsonsrelo.com\" target=\"_blank\" rel=\"noopener\">http:\/\/www.robinsonsrelo.com<\/a><\/p>","protected":false},"excerpt":{"rendered":"<p>Robinsons Relocation are an international removal company which offer their clients many services to assist them in relocating abroad. The services are listed below together with a company profile and reviews. International Removals Dedicated move manager Door to door Self-packing or professionally packed Air freight or sea freight international container shipping full load and part [&hellip;]<\/p>\n","protected":false},"author":1,"featured_media":0,"parent":0,"menu_order":0,"comment_status":"closed","ping_status":"closed","template":"","meta":{"_genesis_hide_title":false,"_genesis_hide_breadcrumbs":false,"_genesis_hide_singular_image":false,"_genesis_hide_footer_widgets":false,"_genesis_custom_body_class":"","_genesis_custom_post_class":"","_genesis_layout":"","footnotes":""},"class_list":{"0":"post-943","1":"page","2":"type-page","3":"status-publish","5":"entry"},"_links":{"self":[{"href":"https:\/\/moverdb.com\/sv\/wp-json\/wp\/v2\/pages\/943","targetHints":{"allow":["GET"]}}],"collection":[{"href":"https:\/\/moverdb.com\/sv\/wp-json\/wp\/v2\/pages"}],"about":[{"href":"https:\/\/moverdb.com\/sv\/wp-json\/wp\/v2\/types\/page"}],"author":[{"embeddable":true,"href":"https:\/\/moverdb.com\/sv\/wp-json\/wp\/v2\/users\/1"}],"replies":[{"embeddable":true,"href":"https:\/\/moverdb.com\/sv\/wp-json\/wp\/v2\/comments?post=943"}],"version-history":[{"count":5,"href":"https:\/\/moverdb.com\/sv\/wp-json\/wp\/v2\/pages\/943\/revisions"}],"predecessor-version":[{"id":6233,"href":"https:\/\/moverdb.com\/sv\/wp-json\/wp\/v2\/pages\/943\/revisions\/6233"}],"wp:attachment":[{"href":"https:\/\/moverdb.com\/sv\/wp-json\/wp\/v2\/media?parent=943"}],"curies":[{"name":"wp","href":"https:\/\/api.w.org\/{rel}","templated":true}]}}