{"id":942,"date":"2016-09-04T17:22:17","date_gmt":"2016-09-04T17:22:17","guid":{"rendered":"http:\/\/moverdb.com\/?page_id=942"},"modified":"2026-01-08T14:47:57","modified_gmt":"2026-01-08T14:47:57","slug":"city-moving-storage","status":"publish","type":"page","link":"https:\/\/moverdb.com\/sv\/city-moving-storage\/","title":{"rendered":"City Moving and Storage: Internationell flyttning: Recensioner"},"content":{"rendered":"<p>City Moving and Storage erbjuder b\u00e5de utlands- och lokalflyttar till b\u00e5de f\u00f6retag och privatpersoner. Nedan f\u00f6ljer en f\u00f6rteckning \u00f6ver dessa tj\u00e4nster, tillsammans med en f\u00f6retagsprofil och recensioner.<\/p>\n<p><strong>Observera:<\/strong> City Moving and Storage f\u00e5r inte f\u00f6rv\u00e4xlas med City Removals, som \u00e4r ett separat f\u00f6retag som ocks\u00e5 erbjuder <a href=\"https:\/\/moverdb.com\/sv\/internationella-flyttar\/\">internationella flyttningar<\/a>.<\/p>\n<p><strong>Flyttj\u00e4nster<\/strong><\/p>\n<ul>\n<li> Uppackning och bortforsling av skr\u00e4p Fullst\u00e4ndig packningstj\u00e4nst<\/li>\n<li> F\u00f6rvaring av antikviteter och konst<\/li>\n<li> Sj\u00f6transporttj\u00e4nster med LCL (less than container load) eller FCL (full container load). <a href=\"https:\/\/moverdb.com\/sv\/container-transport\/\">containertransporter<\/a>.<\/li>\n<li> Veckovisa flyttbilstj\u00e4nster till Europa<\/li>\n<li> Tullklarering och formaliteter<\/li>\n<li> Uppackning och borttagning av skr\u00e4p<\/li>\n<\/ul>\n<p><strong>Lagringstj\u00e4nster<\/strong><\/p>\n<ul>\n<li> Lastningscontainrar<\/li>\n<li> F\u00f6rpackningsbeh\u00e5llare<\/li>\n<li> F\u00f6rsegling av beh\u00e5llare<\/li>\n<li> F\u00f6rvaring av containrar<\/li>\n<\/ul>\n<h2>City Moving and Storage F\u00f6retagsprofil<\/h2>\n<p>City Moving and Storage \u00e4r ett privat aktiebolag som startade sin verksamhet 1986. Huvudkontoret ligger i <a href=\"https:\/\/moverdb.com\/sv\/moving-to-london\/\">London<\/a> med globala aff\u00e4rspartner runt om i v\u00e4rlden. F\u00f6retaget skickar personliga och aff\u00e4rsm\u00e4ssiga effekter \u00f6ver hela v\u00e4rlden och \u00e4r stolt \u00f6ver att ha professionell och v\u00e4lutbildad personal som f\u00f6ljer processen fr\u00e5n d\u00f6rr till d\u00f6rr.<\/p>\n<p>F\u00f6retaget \u00e4r specialiserat p\u00e5 att transportera antikviteter, konstverk, pianon och bilar \u00f6ver hela v\u00e4rlden. De har en specialavdelning f\u00f6r Skandinavien med avg\u00e5ngar varje vecka fr\u00e5n London. Kunderna h\u00e5lls helt uppdaterade om sina f\u00f6rs\u00e4ndelser, med meddelanden i varje skede av resan. <\/p>\n<p>City Moving and Storage har ackrediteringar fr\u00e5n:<\/p>\n<ul>\n<li> <a href=\"https:\/\/moverdb.com\/sv\/british-association-of-removers\/\">Den brittiska sammanslutningen av flyttfirmor<\/a> (<a href=\"https:\/\/moverdb.com\/sv\/british-association-of-removers\/\" data-internallinksmanager029f6b8e52c=\"9\" title=\"British Association of Removers (BAR) f\u00f6rklaras\">BAR<\/a>)<\/li>\n<li> <a href=\"https:\/\/moverdb.com\/sv\/fidi-faim\/\">Federation of International Movers (federationen f\u00f6r internationella flyttfirmor)<\/a> (<a href=\"https:\/\/moverdb.com\/sv\/fidi-faim\/\" data-internallinksmanager029f6b8e52c=\"16\" title=\"FIDI &amp; FAIM (FIDI Accredited International Mover) f\u00f6rklaras\">FIDI<\/a>)<\/li>\n<li> Standard f\u00f6r kvalitetss\u00e4krad service - BS EN 12522<\/li>\n<\/ul>\n<p><strong>Recensioner av City Moving and Storage<\/strong><\/p>\n<p>Vi kunde inte hitta n\u00e5gra positiva eller negativa omd\u00f6men p\u00e5 n\u00e4tet om City Moving and Storage.<\/p>\n<div itemprop=\"review\" itemscope itemtype=\"http:\/\/schema.org\/Review\">\n<span itemprop=\"author\" itemscope=\"\" itemtype=\"http:\/\/schema.org\/Organization\"><span itemprop=\"name\">MoverDB.com<\/span><\/span> Webbplatsgranskning p\u00e5 n\u00e4tet f\u00f6r <span itemprop=\"itemreviewed\" itemscope=\"\" itemtype=\"http:\/\/schema.org\/Brand\"><span itemprop=\"name\">City Moving and Storage<\/span><\/span>:<\/p>\n<ol>\n<li> Tydliga kontaktuppgifter p\u00e5 webbplatsen (inklusive telefonnummer): <strong>Ja<\/strong><\/li>\n<li> L\u00e4tt att f\u00e5 <a href=\"https:\/\/moverdb.com\/sv\/citat\/\">offerter f\u00f6r internationella flyttningar<\/a>? (Formul\u00e4r f\u00f6r beg\u00e4ran om uppskattning online): <strong>Grundl\u00e4ggande<\/strong>De har ett kontaktformul\u00e4r p\u00e5 sin hemsida men anger inte om de erbjuder offerter.<\/li>\n<li> Tydlig information p\u00e5 webbplatsen: <strong>Nej,<\/strong> Webbplatsen skapades 2008 och ber\u00e4ttar v\u00e4ldigt lite om f\u00f6retaget och vad de erbjuder.<\/li>\n<li> Medlemskap i internationellt erk\u00e4nda flyttorganisationer: <strong>Ja<\/strong>, se ovan.<\/li>\n<li> F\u00f6rteckning \u00f6ver kunder och\/eller tidigare kundreferenser: <strong>Nej,<\/strong> Webbplatsens inneh\u00e5ll \u00e4r minimalt och inneh\u00e5ller inga kundreferenser eller kundlistor, och det verkar inte finnas n\u00e5gra recensioner p\u00e5 n\u00e4tet.<\/li>\n<\/ol>\n<div itemprop=\"reviewRating\" itemscope itemtype=\"http:\/\/schema.org\/Rating\"><meta itemprop=\"worstRating\" content = \"0\" \/><meta itemprop=\"bestRating\" content=\"5\" \/><meta itemprop=\"ratingValue\" content=\"2.5\"><\/div>\n<p><strong>Sammanfattande betyg: 2.5\/5<\/strong><br \/>\n<strong>Datum f\u00f6r granskning:<\/strong> <span itemprop=\"datePublished\" content=\"2016-09-04\">04\/09\/2016<\/span>\n<\/div>\n<p>Mer om <a href=\"https:\/\/moverdb.com\/sv\/flyttfirmor\/\">internationella flyttfirmor<\/a> och v\u00e5r <a href=\"https:\/\/moverdb.com\/sv\/recensioner\/\">granskningsprocess.<\/a>.<\/p>\n<p><strong>Webbplats:<\/strong> <a href=\"http:\/\/www.citymoving.co.uk\" target=\"_blank\" rel=\"noopener\">http:\/\/www.citymoving.co.uk<\/a><\/p>","protected":false},"excerpt":{"rendered":"<p>City Moving and Storage offer both overseas and local moves to both business and private clients. There follows a list of these services, together with a company profile and reviews. Note: City Moving and Storage, should not be confused with City Removals, which is a separate company that also confusingly offers international removals. Moving Services [&hellip;]<\/p>\n","protected":false},"author":1,"featured_media":0,"parent":0,"menu_order":0,"comment_status":"closed","ping_status":"closed","template":"","meta":{"_genesis_hide_title":false,"_genesis_hide_breadcrumbs":false,"_genesis_hide_singular_image":false,"_genesis_hide_footer_widgets":false,"_genesis_custom_body_class":"","_genesis_custom_post_class":"","_genesis_layout":"","footnotes":""},"class_list":{"0":"post-942","1":"page","2":"type-page","3":"status-publish","5":"entry"},"_links":{"self":[{"href":"https:\/\/moverdb.com\/sv\/wp-json\/wp\/v2\/pages\/942","targetHints":{"allow":["GET"]}}],"collection":[{"href":"https:\/\/moverdb.com\/sv\/wp-json\/wp\/v2\/pages"}],"about":[{"href":"https:\/\/moverdb.com\/sv\/wp-json\/wp\/v2\/types\/page"}],"author":[{"embeddable":true,"href":"https:\/\/moverdb.com\/sv\/wp-json\/wp\/v2\/users\/1"}],"replies":[{"embeddable":true,"href":"https:\/\/moverdb.com\/sv\/wp-json\/wp\/v2\/comments?post=942"}],"version-history":[{"count":5,"href":"https:\/\/moverdb.com\/sv\/wp-json\/wp\/v2\/pages\/942\/revisions"}],"predecessor-version":[{"id":6191,"href":"https:\/\/moverdb.com\/sv\/wp-json\/wp\/v2\/pages\/942\/revisions\/6191"}],"wp:attachment":[{"href":"https:\/\/moverdb.com\/sv\/wp-json\/wp\/v2\/media?parent=942"}],"curies":[{"name":"wp","href":"https:\/\/api.w.org\/{rel}","templated":true}]}}