{"id":940,"date":"2016-09-04T19:16:26","date_gmt":"2016-09-04T19:16:26","guid":{"rendered":"http:\/\/moverdb.com\/?page_id=940"},"modified":"2026-01-08T14:47:53","modified_gmt":"2026-01-08T14:47:53","slug":"btr-international","status":"publish","type":"page","link":"https:\/\/moverdb.com\/sv\/btr-international\/","title":{"rendered":"BTR International: Arbetskraftens r\u00f6rlighet: Omd\u00f6men om flyttning och omplacering"},"content":{"rendered":"<p>BTR International erbjuder f\u00f6retagsv\u00e4rlden m\u00e5nga tj\u00e4nster f\u00f6r att de ska kunna flytta sin personal eller sin verksamhet utomlands.<\/p>\n<p><strong>Internationella flyttj\u00e4nster<\/strong><\/p>\n<ul type=\"circle\">\n<li class=\"m_7262227758002368167MsoListParagraph\"><b>Konsulttj\u00e4nster<\/b><u><\/u><u><\/u>\n<ul type=\"square\">\n<li class=\"m_7262227758002368167MsoListParagraph\">Utformning och utveckling av politik<u><\/u><u><\/u><\/li>\n<li class=\"m_7262227758002368167MsoListParagraph\">Benchmarking<u><\/u><u><\/u><\/li>\n<li class=\"m_7262227758002368167MsoListParagraph\">R\u00e5dgivning<u><\/u><u><\/u><\/li>\n<\/ul>\n<\/li>\n<li class=\"m_7262227758002368167MsoListParagraph\"><b>Tj\u00e4nster f\u00f6re uppdrag<u><\/u><u><\/u><\/b>\n<ul type=\"square\">\n<li class=\"m_7262227758002368167MsoListParagraph\">R\u00e5dgivning f\u00f6re uppgiften<u><\/u><u><\/u><\/li>\n<li class=\"m_7262227758002368167MsoListParagraph\">Planering av ers\u00e4ttning<u><\/u><u><\/u><\/li>\n<li class=\"m_7262227758002368167MsoListParagraph\">Uppdrag Kostnadsprognoser<u><\/u><u><\/u><\/li>\n<li class=\"m_7262227758002368167MsoListParagraph\">F\u00f6rberedelse av uppdragsbrev<u><\/u><u><\/u><\/li>\n<li class=\"m_7262227758002368167MsoListParagraph\">Skatteplanering och strategi<u><\/u><u><\/u><\/li>\n<li class=\"m_7262227758002368167MsoListParagraph\">Ber\u00e4kning av den ursprungliga ers\u00e4ttningen i arbetsbladet<u><\/u><u><\/u><\/li>\n<li class=\"m_7262227758002368167MsoListParagraph\">Samordning av visum\/immigration<u><\/u><u><\/u><\/li>\n<li class=\"m_7262227758002368167MsoListParagraph\">Rapportering av levnadskostnadstill\u00e4gg<u><\/u><u><\/u><\/li>\n<li class=\"m_7262227758002368167MsoListParagraph\">Utbildning i kultur och spr\u00e5k<u><\/u><u><\/u><\/li>\n<li class=\"m_7262227758002368167MsoListParagraph\">Utbildningsr\u00e5dgivning och praktik<u><\/u><u><\/u><\/li>\n<li class=\"m_7262227758002368167MsoListParagraph\">St\u00f6d f\u00f6r marknadsf\u00f6ring av hem<u><\/u><u><\/u><\/li>\n<\/ul>\n<\/li>\n<li class=\"m_7262227758002368167MsoListParagraph\"><b>Kostnadshantering<\/b><u><\/u><u><\/u>\n<ul type=\"square\">\n<li class=\"m_7262227758002368167MsoListParagraph\">Granskning och utbetalning av utgifter<u><\/u><u><\/u><\/li>\n<li class=\"m_7262227758002368167MsoListParagraph\">Direkt utbetalning av kostnader<u><\/u><u><\/u><\/li>\n<li class=\"m_7262227758002368167MsoListParagraph\">Detaljerad avst\u00e4mning och rapportering<u><\/u><u><\/u><\/li>\n<li class=\"m_7262227758002368167MsoListParagraph\">Efterlevnad av policyn f\u00f6r global r\u00f6rlighet<u><\/u><u><\/u><\/li>\n<li class=\"m_7262227758002368167MsoListParagraph\">Undantag fr\u00e5n policyn Kostnadsrapportering<u><\/u><u><\/u><\/li>\n<\/ul>\n<\/li>\n<li class=\"m_7262227758002368167MsoListParagraph\"><b>F\u00f6rflyttning av f\u00f6rvaltningen<\/b><u><\/u><u><\/u>\n<ul type=\"square\">\n<li class=\"m_7262227758002368167MsoListParagraph\">F\u00f6rvaltning av gruppf\u00f6rflyttningar<u><\/u><u><\/u><\/li>\n<li class=\"m_7262227758002368167MsoListParagraph\">L\u00f6sning med klumpsumma<u><\/u><u><\/u><\/li>\n<li class=\"m_7262227758002368167MsoListParagraph\">Lagringstj\u00e4nster<u><\/u><u><\/u><\/li>\n<li class=\"m_7262227758002368167MsoListParagraph\">Program f\u00f6r global r\u00f6rlighet<u><\/u><u><\/u><\/li>\n<li class=\"m_7262227758002368167MsoListParagraph\">Internationell spedition<u><\/u><u><\/u><\/li>\n<li class=\"m_7262227758002368167MsoListParagraph\">F\u00f6rs\u00e4kringsprogram<u><\/u><u><\/u><\/li>\n<li class=\"m_7262227758002368167MsoListParagraph\">VIP-tj\u00e4nster<u><\/u><u><\/u><\/li>\n<li class=\"m_7262227758002368167MsoListParagraph\">F\u00f6rvaltning av inventarier<u><\/u><u><\/u><\/li>\n<li class=\"m_7262227758002368167MsoListParagraph\">Kommersiell flyttning<u><\/u><u><\/u><\/li>\n<li class=\"m_7262227758002368167MsoListParagraph\">Flyttj\u00e4nster f\u00f6r husdjur<u><\/u><u><\/u><\/li>\n<\/ul>\n<\/li>\n<li class=\"m_7262227758002368167MsoListParagraph\"><b>Tj\u00e4nster p\u00e5 destinationen<\/b><u><\/u><u><\/u>\n<ul type=\"square\">\n<li class=\"m_7262227758002368167MsoListParagraph\">Hj\u00e4lp med att s\u00f6ka hem<u><\/u><u><\/u><\/li>\n<li class=\"m_7262227758002368167MsoListParagraph\">St\u00f6d f\u00f6r att hitta en hyresg\u00e4st<u><\/u><u><\/u><\/li>\n<li class=\"m_7262227758002368167MsoListParagraph\">Hj\u00e4lp med att s\u00f6ka skola<u><\/u><u><\/u><\/li>\n<li class=\"m_7262227758002368167MsoListParagraph\">Tillf\u00e4lligt boende<u><\/u><u><\/u><\/li>\n<li class=\"m_7262227758002368167MsoListParagraph\">Karri\u00e4rr\u00e5dgivning f\u00f6r makar<u><\/u><u><\/u><\/li>\n<li class=\"m_7262227758002368167MsoListParagraph\">Hyresf\u00f6rvaltning<u><\/u><u><\/u><\/li>\n<li class=\"m_7262227758002368167MsoListParagraph\">Fastighetsf\u00f6rvaltning<u><\/u><u><\/u><\/li>\n<li class=\"m_7262227758002368167MsoListParagraph\">Tj\u00e4nster f\u00f6r etablering<u><\/u><u><\/u><\/li>\n<\/ul>\n<\/li>\n<li class=\"m_7262227758002368167MsoListParagraph\"><b>Rapporteringstj\u00e4nster<\/b><u><\/u><u><\/u>\n<ul type=\"square\">\n<li class=\"m_7262227758002368167MsoListParagraph\">Skr\u00e4ddarsydd rapportering av uppdrag<u><\/u><u><\/u><\/li>\n<li class=\"m_7262227758002368167MsoListParagraph\">Kostnadsf\u00f6rvaltning och skatt i slutet av det finansiella \u00e5ret<u><\/u><u><\/u><\/li>\n<li class=\"m_7262227758002368167MsoListParagraph\">Undantag fr\u00e5n policy f\u00f6r sp\u00e5rning<u><\/u><u><\/u><\/li>\n<li class=\"m_7262227758002368167MsoListParagraph\">Sp\u00e5rning och rapportering av aff\u00e4rsresen\u00e4rer<u><\/u><u><\/u><\/li>\n<li class=\"m_7262227758002368167MsoListParagraph\">Kvartalsvisa och \u00e5rliga kundgranskningar<\/li>\n<\/ul>\n<\/li>\n<\/ul>\n<h2>BTR International F\u00f6retagsprofil<\/h2>\n<p>BTR International \u00e4r ett prisbel\u00f6nt f\u00f6retag som hanterar internationella flyttningar och har mer \u00e4n 35 \u00e5rs erfarenhet av personalr\u00f6rlighet. BTR International str\u00e4var efter att avlasta ett f\u00f6retags personalavdelning genom att ordna s\u00e5 mycket som m\u00f6jligt av flytten och st\u00f6dja b\u00e5de f\u00f6retaget och personalen som flyttar.<\/p>\n<p>BTR f\u00f6rv\u00e4rvades 2019 av Writer Corporation, en global organisation med \u00f6ver 60 \u00e5rs erfarenhet inom flyttbranschen. Samarbetet har st\u00e4rkt deras globala n\u00e4tverk och tj\u00e4nstekvalitet.<\/p>\n<p>H\u00e4r \u00e4r en lista \u00f6ver BTR:s internationella ackrediteringar och anslutningar:<\/p>\n<ul>\n<li><a href=\"https:\/\/moverdb.com\/sv\/british-association-of-removers\/\">Den brittiska sammanslutningen av flyttfirmor<\/a> (<a href=\"https:\/\/moverdb.com\/sv\/british-association-of-removers\/\" data-internallinksmanager029f6b8e52c=\"9\" title=\"British Association of Removers (BAR) f\u00f6rklaras\">BAR<\/a>)<\/li>\n<li><a href=\"https:\/\/moverdb.com\/sv\/bar-overseas\/\">Den brittiska sammanslutningen av flyttfirmor utomlands<\/a><\/li>\n<li><a href=\"https:\/\/moverdb.com\/sv\/fidi-faim\/\">Federation of International Movers (federationen f\u00f6r internationella flyttfirmor)<\/a> (<a href=\"https:\/\/moverdb.com\/sv\/fidi-faim\/\" data-internallinksmanager029f6b8e52c=\"16\" title=\"FIDI &amp; FAIM (FIDI Accredited International Mover) f\u00f6rklaras\">FIDI<\/a>)<\/li>\n<li><a href=\"https:\/\/moverdb.com\/sv\/fidi-faim\/\">FAIM Plus<\/a><\/li>\n<li><a href=\"https:\/\/moverdb.com\/sv\/jag-ar\/\">Internationella sammanslutningen av flyttfirmor<\/a> (<a href=\"https:\/\/moverdb.com\/sv\/iam\/\" data-internallinksmanager029f6b8e52c=\"23\" title=\"International Association of Movers (IAM) f\u00f6rklaras\">IAM<\/a>)<\/li>\n<li><a href=\"https:\/\/moverdb.com\/sv\/fedemac\/\">FEDEMAC<\/a><\/li>\n<li><a href=\"https:\/\/moverdb.com\/sv\/lacma\/\">LACMA<\/a><\/li>\n<li><a href=\"https:\/\/moverdb.com\/sv\/mtc\/\">The Movers Trading Club<\/a> (<a href=\"https:\/\/moverdb.com\/sv\/mtc\/\" data-internallinksmanager029f6b8e52c=\"30\" title=\"Movers Trading Club (MTC) f\u00f6rklaras\">MTC<\/a>)<\/li>\n<li><a href=\"https:\/\/moverdb.com\/sv\/radet-for-omplacering-av-arbetstagare\/\">ERC i hela v\u00e4rlden<\/a><\/li>\n<li><a href=\"https:\/\/moverdb.com\/sv\/forening-for-yrkesverksamma-flyttare\/\">F\u00f6reningen f\u00f6r yrkesverksamma inom flyttning<\/a> (<a href=\"https:\/\/moverdb.com\/sv\/association-relocation-professionals\/\" data-internallinksmanager029f6b8e52c=\"6\" title=\"F\u00f6rklaring av Association of Relocation Professionals (ARP)\">ARP<\/a>)<\/li>\n<li><a href=\"https:\/\/moverdb.com\/sv\/eura\/\">Europeiska sammanslutningen f\u00f6r omlokalisering<\/a> (<a href=\"https:\/\/moverdb.com\/sv\/eura\/\" data-internallinksmanager029f6b8e52c=\"13\" title=\"European Relocation Association (EuRA) f\u00f6rklaras\">EuRA<\/a>)<\/li>\n<li>Forumet f\u00f6r f\u00f6rvaltning av utlandsstationerade<\/li>\n<li>ISO 9001<\/li>\n<li>ISO 14001<\/li>\n<\/ul>\n<p><strong>Recensioner av BTR International<\/strong><\/p>\n<p>F\u00f6retaget har flera positiva recensioner <a href=\"https:\/\/www.google.com\/search?q=btr+international&#038;rlz=1C1GCEU_en-GBGB955GB973&#038;oq=btr+international&#038;aqs=chrome.0.0i355i512j46i175i199i512j69i59l3j69i60l3.8906j0j7&#038;sourceid=chrome&#038;ie=UTF-8#lrd=0x48764eb31a41d6d7:0xb3d5c304f795d7ad,1,,,\" target=\"_blank\" rel=\"noopener\">du kan se h\u00e4r<\/a>.<\/p>\n<p><strong>Positivt<\/strong><\/p>\n<p><em>\"Vi kunde inte ha \u00f6nskat oss en b\u00e4ttre erfarenhet av v\u00e5r internationella flytt med BTR. Flyttpersonal p\u00e5 b\u00e5da sidor var noggranna, trevliga och mycket skickliga. Alla f\u00f6rem\u00e5l packades omsorgsfullt, f\u00f6rvarades och packades upp\/monterades p\u00e5 destinationen enligt tidtabell som utlovat. V\u00e5r flyttkoordinator Sarah var extremt proaktiv, lyh\u00f6rd och omt\u00e4nksam. Rekommenderas varmt!\"<\/em> - Tina Cachules<\/p>\n<p><em>\"Vi har anv\u00e4nt det h\u00e4r f\u00f6retaget f\u00f6r b\u00e5da v\u00e5ra flyttar genom \u00e5ren. Vi har funnit att deras service \u00e4r utm\u00e4rkt. Konkurrenskraftiga priser b\u00e5da g\u00e5ngerna. Deras kundtj\u00e4nst \u00e4r mycket tillg\u00e4nglig och deras flyttpersonal \u00e4r mycket flexibel och effektiv. Jag tvekar inte att rekommendera BTR.\"<\/em> - Geoff White<\/p>\n<p><em>\"Eftersom min flytt skedde med ganska kort varsel och p\u00e5 specifika datum kunde jag inte boka den med BTR. Men agenten var s\u00e5 hj\u00e4lpsam och full av information och r\u00e5d. Skulle definitivt anv\u00e4nda mig av dem i framtiden.\"<\/em> - Rachael<\/p>\n<p><strong>Negativt:<\/strong><\/p>\n<ul>\n<li><em>\"Vi hade en bra f\u00f6rsta erfarenhet av BTR som leveransagent f\u00f6r v\u00e5r leverans av hush\u00e5llsartiklar fr\u00e5n <a href=\"https:\/\/moverdb.com\/sv\/moving-to-the-united-states\/\" data-internallinksmanager029f6b8e52c=\"94\" title=\"Flyttar du till USA? 2026 Levnadskostnader och flyttningstips\">USA<\/a> i maj 2011, men de var en mardr\u00f6m vid en lokal flytt i december 2012.\"<\/em> - Tim Emrich via <a href=\"http:\/\/www.removalreviews.co.uk\/movingreviews\/avoid-these-movers-1874\" target=\"_blank\" rel=\"noopener\">Omd\u00f6men om flyttning<\/a><\/li>\n<\/ul>\n<div>\n<p>MoverDB.com Online Website Review f\u00f6r BTR International:<\/p>\n<ol>\n<li>Tydliga kontaktuppgifter p\u00e5 webbplatsen (inklusive telefonnummer): <strong>Ja<\/strong><\/li>\n<li>L\u00e4tt att f\u00e5 <a href=\"https:\/\/moverdb.com\/sv\/citat\/\">offerter f\u00f6r internationella flyttningar<\/a>? (Formul\u00e4r f\u00f6r beg\u00e4ran om uppskattning online): <strong>Ja<\/strong><\/li>\n<li>Tydlig information p\u00e5 webbplatsen: <strong>N\u00e5gra,<\/strong> Webbplatsen inneh\u00e5ller inte mycket detaljerad information och \u00e4r lite sv\u00e5r att navigera p\u00e5, men de grundl\u00e4ggande uppgifterna \u00e4r tydligt presenterade.<\/li>\n<li>Medlemskap i internationellt erk\u00e4nda flyttorganisationer: <strong>Ja<\/strong>, se ovan.<\/li>\n<li>F\u00f6rteckning \u00f6ver kunder och\/eller tidigare kundreferenser: <strong>Ja,<\/strong> Webbplatsen inneh\u00e5ller vittnesm\u00e5l<\/li>\n<\/ol>\n<div>&nbsp;<\/div>\n<p><strong>Sammanfattande betyg: 4.5\/5<\/strong><br \/>\n<strong>Datum f\u00f6r granskning:<\/strong>03\/04\/2023<\/p>\n<\/div>\n<p>Mer om <a href=\"https:\/\/moverdb.com\/sv\/internationella-flyttar\/\">internationella flyttfirmor<\/a> och v\u00e5r <a href=\"https:\/\/moverdb.com\/sv\/recensioner\/\">granskningsprocess.<\/a>.<\/p>\n<p><strong>Webbplats:<\/strong> <a href=\"https:\/\/www.btrinternational.com\/\" target=\"_blank\" rel=\"noopener\">https:\/\/www.btrinternational.com\/<\/a><\/p>","protected":false},"excerpt":{"rendered":"<p>BTR International offers the corporate world many services in order for them to relocate their staff or their business abroad. International Moving Services Consulting Services Policy Design &amp; Development Benchmarking Counselling Pre-Assignment Services Pre-Assignment Counselling Compensation Planning Assignment Cost Projections Assignment Letter Preparation Tax Planning &amp; Strategy Initial Compensation Worksheet Calculation Visa\/Immigration Co-ordination Cost Of [&hellip;]<\/p>\n","protected":false},"author":1,"featured_media":0,"parent":0,"menu_order":0,"comment_status":"closed","ping_status":"closed","template":"","meta":{"_genesis_hide_title":false,"_genesis_hide_breadcrumbs":false,"_genesis_hide_singular_image":false,"_genesis_hide_footer_widgets":false,"_genesis_custom_body_class":"","_genesis_custom_post_class":"","_genesis_layout":"","footnotes":""},"class_list":{"0":"post-940","1":"page","2":"type-page","3":"status-publish","5":"entry"},"_links":{"self":[{"href":"https:\/\/moverdb.com\/sv\/wp-json\/wp\/v2\/pages\/940","targetHints":{"allow":["GET"]}}],"collection":[{"href":"https:\/\/moverdb.com\/sv\/wp-json\/wp\/v2\/pages"}],"about":[{"href":"https:\/\/moverdb.com\/sv\/wp-json\/wp\/v2\/types\/page"}],"author":[{"embeddable":true,"href":"https:\/\/moverdb.com\/sv\/wp-json\/wp\/v2\/users\/1"}],"replies":[{"embeddable":true,"href":"https:\/\/moverdb.com\/sv\/wp-json\/wp\/v2\/comments?post=940"}],"version-history":[{"count":8,"href":"https:\/\/moverdb.com\/sv\/wp-json\/wp\/v2\/pages\/940\/revisions"}],"predecessor-version":[{"id":8598,"href":"https:\/\/moverdb.com\/sv\/wp-json\/wp\/v2\/pages\/940\/revisions\/8598"}],"wp:attachment":[{"href":"https:\/\/moverdb.com\/sv\/wp-json\/wp\/v2\/media?parent=940"}],"curies":[{"name":"wp","href":"https:\/\/api.w.org\/{rel}","templated":true}]}}