{"id":939,"date":"2016-09-23T06:49:42","date_gmt":"2016-09-23T06:49:42","guid":{"rendered":"http:\/\/moverdb.com\/?page_id=939"},"modified":"2026-01-08T13:18:21","modified_gmt":"2026-01-08T13:18:21","slug":"gerson-relocation","status":"publish","type":"page","link":"https:\/\/moverdb.com\/sv\/gerson-relocation\/","title":{"rendered":"Gerson Flyttning: Internationell flyttning: Recensioner"},"content":{"rendered":"<p>Gerson Relocation erbjuder sina kunder en m\u00e4ngd olika tj\u00e4nster, oavsett om de flyttar utomlands eller lokalt. En f\u00f6retagsprofil och recensioner f\u00f6ljer efter listan \u00f6ver erbjudna tj\u00e4nster.<\/p>\n<p><strong>F\u00f6retagstj\u00e4nster\/Support<\/strong><\/p>\n<ul>\n<li> En dedikerad flyttledare som samordnar flytten<\/li>\n<li> Professionell unders\u00f6kning<\/li>\n<li> F\u00f6rpackning<\/li>\n<li> <a href=\"https:\/\/moverdb.com\/sv\/container-transport\/\">Frakt till sj\u00f6ss, med flyg eller p\u00e5 v\u00e4g<\/a><\/li>\n<li> Uppackning om det beh\u00f6vs<\/li>\n<li> Rensa bort f\u00f6rpackningsmaterial f\u00f6r \u00e5tervinning<\/li>\n<li> F\u00f6rvaring om s\u00e5 kr\u00e4vs<\/li>\n<li> F\u00f6rs\u00e4kring<\/li>\n<\/ul>\n<p><strong>Skr\u00e4ddarsydda flyttl\u00f6sningar<\/strong><\/p>\n<ul>\n<li> Informationspaket<\/li>\n<li> Kulturell utbildning<\/li>\n<li> Orientering\/syn Se Bes\u00f6k<\/li>\n<li> Utbildningsr\u00e5dgivning<\/li>\n<li> Tillf\u00e4lligt boende<\/li>\n<li> S\u00f6kning p\u00e5 hemsidan<\/li>\n<li> F\u00f6rhandling av hyresavtal<\/li>\n<li> Incheckning\/utcheckning av fastigheter<\/li>\n<li> Uthyrning av m\u00f6bler<\/li>\n<li> Att bos\u00e4tta sig<\/li>\n<li> St\u00f6d till partner<\/li>\n<li> Spr\u00e5kutbildning<\/li>\n<\/ul>\n<p><strong>Privat flyttning<\/strong><\/p>\n<ul>\n<li> En dedikerad flyttledare<\/li>\n<li> Unders\u00f6kning<\/li>\n<li> Professionell f\u00f6rpackning<\/li>\n<li> Transport av tillh\u00f6righeter till sj\u00f6ss, i luften eller p\u00e5 v\u00e4g<\/li>\n<li> Tullklarering<\/li>\n<li> Uppackning av tillh\u00f6righeter<\/li>\n<li> \u00c5tervinning av f\u00f6rpackningsmaterial<\/li>\n<li> Lagring, om n\u00f6dv\u00e4ndigt<\/li>\n<li> F\u00f6rs\u00e4kring som ordnas<\/li>\n<\/ul>\n<p><strong>Lagringstj\u00e4nster<\/strong><\/p>\n<ul>\n<li> Fullst\u00e4ndig lagringstj\u00e4nst<\/li>\n<li> Sj\u00e4lvf\u00f6rvaring<\/li>\n<li> F\u00f6rvaring f\u00f6r studenter<\/li>\n<li> Kommersiell lagring<\/li>\n<li> Kort eller l\u00e5ng sikt<\/li>\n<li> 24-timmars kamera\u00f6vervakning<\/li>\n<\/ul>\n<h2>Gerson Relocation F\u00f6retagsprofil<\/h2>\n<p>Gerson Relocation grundades 1961 och har som m\u00e5l att ge sina kunder en mycket personlig service som inte kan hittas hos andra organisationer. F\u00f6retaget uppn\u00e5r detta genom str\u00e4ng kvalitetskontroll och professionell, v\u00e4lutbildad personal, varav vissa har varit anst\u00e4llda i f\u00f6retaget i flera decennier.<\/p>\n<p>Gerson Relocation \u00e4r ocks\u00e5 fast besluten att driva sin verksamhet p\u00e5 ett rent och milj\u00f6m\u00e4ssigt ansvarsfullt s\u00e4tt. De st\u00f6der tre v\u00e4lg\u00f6renhetsorganisationer och ger sin personal tv\u00e5 dagars betald ledighet s\u00e5 att de ocks\u00e5 kan bidra till dessa \u00e4ndam\u00e5l.<\/p>\n<p>Idag \u00e4r Gerson Relocation ett dotterbolag till <a href=\"https:\/\/moverdb.com\/sv\/abels-removals\/\">Abels flyttj\u00e4nster<\/a> Ltd, som \u00e4r ett mycket framg\u00e5ngsrikt familje\u00e4gt och drivet f\u00f6retag, som tilldelades en kunglig fullmakt av H.M. Drottningen 1988. P\u00e5 grundval av fr\u00e5geformul\u00e4r som skickats ut till kunderna har f\u00f6retaget uppn\u00e5tt ett 98%-betyg f\u00f6r kundn\u00f6jdhet f\u00f6r 2015 och 2016.<\/p>\n<p>Gerson Relocation ackrediteringar och anslutningar: <\/p>\n<ul>\n<li> <a href=\"https:\/\/moverdb.com\/sv\/british-association-of-removers\/\">Den brittiska sammanslutningen av flyttfirmor<\/a> (<a href=\"https:\/\/moverdb.com\/sv\/british-association-of-removers\/\" data-internallinksmanager029f6b8e52c=\"9\" title=\"British Association of Removers (BAR) f\u00f6rklaras\">BAR<\/a>)<\/li>\n<li> <a href=\"https:\/\/moverdb.com\/sv\/harmony-relocation-network\/\">Harmony Relocation Network<\/a> (<a href=\"https:\/\/moverdb.com\/sv\/harmony-relocation-network\/\" data-internallinksmanager029f6b8e52c=\"20\" title=\"F\u00f6rklaring av Harmony Relocation Network (HRN)\">HRN<\/a>)<\/li>\n<li> <a href=\"https:\/\/moverdb.com\/sv\/eura\/\">Europeiska sammanslutningen f\u00f6r omlokalisering<\/a> (<a href=\"https:\/\/moverdb.com\/sv\/eura\/\" data-internallinksmanager029f6b8e52c=\"13\" title=\"European Relocation Association (EuRA) f\u00f6rklaras\">EuRA<\/a>)<\/li>\n<li> <a href=\"https:\/\/moverdb.com\/sv\/fidi-faim\/\">FIDI<\/a><\/li>\n<li> <a href=\"https:\/\/moverdb.com\/sv\/fidi-faim\/\" data-internallinksmanager029f6b8e52c=\"16\" title=\"FIDI &amp; FAIM (FIDI Accredited International Mover) f\u00f6rklaras\">FAIM<\/a><\/li>\n<li> <a href=\"https:\/\/moverdb.com\/sv\/mtc\/\">The Movers Trading Club<\/a> (<a href=\"https:\/\/moverdb.com\/sv\/mtc\/\" data-internallinksmanager029f6b8e52c=\"30\" title=\"Movers Trading Club (MTC) f\u00f6rklaras\">MTC<\/a>)<\/li>\n<\/ul>\n<h2>Recensioner av Gerson Relocation<\/h2>\n<p><strong>Positivt<\/strong><\/p>\n<ul>\n<li>  \"<em>Vi kunde inte ha bett om b\u00e4ttre service fr\u00e5n v\u00e5rt flyttteam.\"<\/em> - K. L. via <a href=\"http:\/\/www.gersonrelocation.com\/voice-of-the-customer\/\" target=\"_blank\" rel=\"noopener\">Sidan med n\u00f6jda kunder<\/a> <\/li>\n<\/ul>\n<p><strong>Negativ<\/strong><\/p>\n<p>Vi kunde inte hitta n\u00e5gra negativa recensioner om Gerson Relocation p\u00e5 n\u00e4tet.<\/p>\n<div itemprop=\"review\" itemscope itemtype=\"http:\/\/schema.org\/Review\">\n<span itemprop=\"author\" itemscope=\"\" itemtype=\"http:\/\/schema.org\/Organization\"><span itemprop=\"name\">MoverDB.com<\/span><\/span> Webbplatsgranskning p\u00e5 n\u00e4tet f\u00f6r <span itemprop=\"itemreviewed\" itemscope=\"\" itemtype=\"http:\/\/schema.org\/Brand\"><span itemprop=\"name\">Gerson flyttning<\/span><\/span>:<\/p>\n<ol>\n<li> Tydliga kontaktuppgifter p\u00e5 webbplatsen (inklusive telefonnummer): <strong>Ja<\/strong><\/li>\n<li> L\u00e4tt att f\u00e5 <a href=\"https:\/\/moverdb.com\/sv\/citat\/\">offerter f\u00f6r internationella flyttningar<\/a>? (Formul\u00e4r f\u00f6r beg\u00e4ran om uppskattning online): <strong>Ja<\/strong><\/li>\n<li> Tydlig information p\u00e5 webbplatsen: <strong>Ja,<\/strong> Webbplatsen \u00e4r ganska detaljerad, vilket ger potentiella kunder en god uppfattning om vilka tj\u00e4nster de kan f\u00f6rv\u00e4nta sig.<\/li>\n<li> Medlemskap i internationellt erk\u00e4nda flyttorganisationer: <strong>Ja<\/strong><\/li>\n<li> F\u00f6rteckning \u00f6ver kunder och\/eller tidigare kundreferenser: <strong>Ja<\/strong>, Det finns m\u00e5nga positiva kundomd\u00f6men p\u00e5 webbplatsen.<\/li>\n<\/ol>\n<div itemprop=\"reviewRating\" itemscope itemtype=\"http:\/\/schema.org\/Rating\"><meta itemprop=\"worstRating\" content = \"0\" \/><meta itemprop=\"bestRating\" content=\"5\" \/><meta itemprop=\"ratingValue\" content=\"5\"><\/div>\n<p><strong>Sammanfattande betyg: 5\/5<\/strong><br \/>\n<strong>Datum f\u00f6r granskning:<\/strong> <span itemprop=\"datePublished\" content=\"2016-09-23\">23\/09\/16<\/span>\n<\/div>\n<p>Mer om <a href=\"https:\/\/moverdb.com\/sv\/internationella-flyttar\/\">internationella flyttningar<\/a> och v\u00e5r <a href=\"https:\/\/moverdb.com\/sv\/recensioner\/\">f\u00f6rklaring av granskningsf\u00f6rfarandet<\/a>.<\/p>\n<p><strong>Webbplats:<\/strong> <a href=\"http:\/\/www.gersonrelocation.com\" target=\"_blank\" rel=\"noopener\">http:\/\/www.gersonrelocation.com<\/a><\/p>","protected":false},"excerpt":{"rendered":"<p>Gerson Relocation offer their clients a variety of services, whether they are relocating abroad or locally. A company profile and reviews follow the list of services on offer. Corporate Services\/Support Dedicated move manager to coordinate the move Professional survey Packing Shipping by sea, air or road Unpacking if required Clear away packing material for recycling [&hellip;]<\/p>\n","protected":false},"author":1,"featured_media":0,"parent":0,"menu_order":0,"comment_status":"closed","ping_status":"closed","template":"","meta":{"_genesis_hide_title":false,"_genesis_hide_breadcrumbs":false,"_genesis_hide_singular_image":false,"_genesis_hide_footer_widgets":false,"_genesis_custom_body_class":"","_genesis_custom_post_class":"","_genesis_layout":"","footnotes":""},"class_list":{"0":"post-939","1":"page","2":"type-page","3":"status-publish","5":"entry"},"_links":{"self":[{"href":"https:\/\/moverdb.com\/sv\/wp-json\/wp\/v2\/pages\/939","targetHints":{"allow":["GET"]}}],"collection":[{"href":"https:\/\/moverdb.com\/sv\/wp-json\/wp\/v2\/pages"}],"about":[{"href":"https:\/\/moverdb.com\/sv\/wp-json\/wp\/v2\/types\/page"}],"author":[{"embeddable":true,"href":"https:\/\/moverdb.com\/sv\/wp-json\/wp\/v2\/users\/1"}],"replies":[{"embeddable":true,"href":"https:\/\/moverdb.com\/sv\/wp-json\/wp\/v2\/comments?post=939"}],"version-history":[{"count":3,"href":"https:\/\/moverdb.com\/sv\/wp-json\/wp\/v2\/pages\/939\/revisions"}],"predecessor-version":[{"id":6214,"href":"https:\/\/moverdb.com\/sv\/wp-json\/wp\/v2\/pages\/939\/revisions\/6214"}],"wp:attachment":[{"href":"https:\/\/moverdb.com\/sv\/wp-json\/wp\/v2\/media?parent=939"}],"curies":[{"name":"wp","href":"https:\/\/api.w.org\/{rel}","templated":true}]}}