{"id":938,"date":"2016-09-23T07:14:51","date_gmt":"2016-09-23T07:14:51","guid":{"rendered":"http:\/\/moverdb.com\/?page_id=938"},"modified":"2026-01-08T14:40:14","modified_gmt":"2026-01-08T14:40:14","slug":"tillfallig-flyttning","status":"publish","type":"page","link":"https:\/\/moverdb.com\/sv\/momentous-relocation\/","title":{"rendered":"En betydelsefull flyttning: Internationell flyttning: Internationell flyttning och flyttning Recensioner"},"content":{"rendered":"<p>Momentous Relocation \u00e4r ett f\u00f6retag som specialiserar sig p\u00e5 internationella flyttningar och omplaceringar och \u00e4r baserat i <a href=\"https:\/\/moverdb.com\/sv\/moving-to-london\/\">London<\/a>. F\u00f6retaget erbjuder sina kunder m\u00e5nga tj\u00e4nster som listas nedan, tillsammans med en f\u00f6retagsprofil och recensioner.<\/p>\n<p><strong>Flyttj\u00e4nster<\/strong><\/p>\n<ul>\n<li> Unders\u00f6kning f\u00f6re flytt<\/li>\n<li> <a href=\"https:\/\/moverdb.com\/sv\/container-transport\/\">Frakt och luftfrakt<\/a><\/li>\n<li> Tj\u00e4nster p\u00e5 destinationen<\/li>\n<li> F\u00f6rs\u00e4kringstj\u00e4nster<\/li>\n<li> Flyttning inom landet<\/li>\n<li> Frakt av fin konst<\/li>\n<li> Flyttning av husdjur<\/li>\n<li> Guider om att flytta hemlandet<\/li>\n<\/ul>\n<p><strong>Flyttj\u00e4nster<\/strong><\/p>\n<ul>\n<li> Global flyttning och f\u00f6rvaring<\/li>\n<li> Visum och invandring<\/li>\n<li> Spr\u00e5kligt och kulturellt st\u00f6d<\/li>\n<li> <a href=\"https:\/\/moverdb.com\/sv\/flyttkostnader\/\">Levnadskostnader<\/a> analys<\/li>\n<li> St\u00f6d till omlokalisering av partner<\/li>\n<li> Omr\u00e5desorientering<\/li>\n<li> S\u00f6kning av skola<\/li>\n<li> Tillf\u00e4lliga bost\u00e4der<\/li>\n<li> Hj\u00e4lplinjen<\/li>\n<li> Hems\u00f6kning<\/li>\n<li> St\u00f6d till bos\u00e4ttning<\/li>\n<li> F\u00f6rvaltning av flyttning<\/li>\n<li> Tj\u00e4nster vid avresa<\/li>\n<\/ul>\n<p><strong>Lagringstj\u00e4nster<\/strong><\/p>\n<ul>\n<li> Kort- och l\u00e5ngtidsf\u00f6rvaring<\/li>\n<li> Internationell lagring<\/li>\n<li> F\u00f6rvaring i <a href=\"https:\/\/moverdb.com\/sv\/moving-to-the-uk\/\" data-internallinksmanager029f6b8e52c=\"93\" title=\"Flyttar du till Storbritannien? 2026 Levnadskostnader och flyttningstips\">STORBRITANNIEN<\/a><\/li>\n<li> F\u00f6retagsf\u00f6rvaring<\/li>\n<li> 24-timmars kamera\u00f6vervakning<\/li>\n<\/ul>\n<p><strong>Flyttning av kontor och flyttning<\/strong><\/p>\n<ul>\n<li> Projektledning<\/li>\n<li> Hyra av l\u00e5dor<\/li>\n<li> Porterage<\/li>\n<li> Planering och logistik<\/li>\n<li> Skr\u00e4ddarsydda f\u00f6rs\u00e4kringspaket<\/li>\n<li> F\u00f6rvaring av kontorsm\u00f6bler<\/li>\n<li> F\u00f6rvaring av dokument<\/li>\n<li> F\u00f6rvaring av arkivmaterial<\/li>\n<li> Specialiserad lagring<\/li>\n<li> F\u00f6retagens sociala ansvar<\/li>\n<li> Tj\u00e4nster f\u00f6r bortskaffande<\/li>\n<li> S\u00e4ker dokumentf\u00f6rst\u00f6ring<\/li>\n<li> Reng\u00f6ringstj\u00e4nster<\/li>\n<li> Kontorskontroller<\/li>\n<\/ul>\n<p><strong>F\u00f6rpackning och frakt av fin konst<\/strong><\/p>\n<ul>\n<li> Tillverkning och f\u00f6rpackning av l\u00e5dor<\/li>\n<li> Frakt p\u00e5 v\u00e4g, med flyg eller till sj\u00f6ss<\/li>\n<li> Lagring<\/li>\n<li> F\u00f6rpackning med vita handskar<\/li>\n<li> Utst\u00e4llningstj\u00e4nster<\/li>\n<\/ul>\n<p><strong>S\u00e4rskilda projekt<\/strong><\/p>\n<ul>\n<li> Transport av servrar<\/li>\n<li> Flyttning av internationella kontor<\/li>\n<li> Specialiserade r\u00f6relser<\/li>\n<li> Skr\u00e4ddarsydd f\u00f6rs\u00e4kring<\/li>\n<\/ul>\n<h2>Momentous Relocation F\u00f6retagsprofil<\/h2>\n<p>Momentous Relocation inledde sin internationella verksamhet 1978. F\u00f6retaget har sitt s\u00e4te p\u00e5 Baker Street i London och har tv\u00e5 lager- och kontorsanl\u00e4ggningar i nordv\u00e4stra London (huvudkontoret) och Aylesbury. <\/p>\n<p>F\u00f6retaget och dess personal s\u00e4ger att de alltid s\u00e4tter sina kunder i f\u00f6rsta rummet och str\u00e4var efter att varje flytt ska fungera snabbt och sm\u00e4rtfritt f\u00f6r kunden.<\/p>\n<p>Momentous Relocation har ett omfattande program f\u00f6r socialt ansvarstagande som omfattar personal, kunder, milj\u00f6 och samh\u00e4lle.<\/p>\n<p>Momentous Relocation's medlemskap och ackrediteringar:<\/p>\n<ul>\n<li> <a href=\"https:\/\/moverdb.com\/sv\/fidi-faim\/\">FIDI<\/a><\/li>\n<li> <a href=\"https:\/\/moverdb.com\/sv\/fidi-faim\/\">FAIM Plus<\/a><\/li>\n<li> <a href=\"https:\/\/moverdb.com\/sv\/british-association-of-removers\/\">Den brittiska sammanslutningen av flyttfirmor<\/a> (<a href=\"https:\/\/moverdb.com\/sv\/british-association-of-removers\/\" data-internallinksmanager029f6b8e52c=\"9\" title=\"British Association of Removers (BAR) f\u00f6rklaras\">BAR<\/a>)<\/li>\n<li> <a href=\"https:\/\/moverdb.com\/sv\/bar-overseas\/\">British Association of Removers utlandsgrupp<\/a><\/li>\n<li> <a href=\"https:\/\/moverdb.com\/sv\/mtc\/\">The Movers Trading Club<\/a> (<a href=\"https:\/\/moverdb.com\/sv\/mtc\/\" data-internallinksmanager029f6b8e52c=\"30\" title=\"Movers Trading Club (MTC) f\u00f6rklaras\">MTC<\/a>)<\/li>\n<li> <a href=\"https:\/\/moverdb.com\/sv\/eura\/\">EuRA<\/a><\/li>\n<li> ISO-ackrediteringar<\/li>\n<\/ul>\n<h2>Omd\u00f6men om Momentous Relocation<\/h2>\n<p><strong>Positivt:<\/strong><\/p>\n<ul>\n<li> \"<em>Enast\u00e5ende flytt i alla avseenden, jag kan inte tala nog om tj\u00e4nsten. Kommer att rekommendera till alla som fr\u00e5gar i framtiden. Cikis och Scott var lysande!\"<\/em> via <a href=\"http:\/\/www.momentousrelocation.com\/about-us\/what-our-customers-say-momentous-relocation-reviews\/\" target=\"_blank\" rel=\"noopener\">Momentous Vad v\u00e5ra kunder s\u00e4ger<\/a><\/li>\n<li> <em>\"Det \u00e4r andra g\u00e5ngen som Momentous har flyttat mig, jag kan inte rekommendera dem nog.\"<\/em> - via <a href=\"http:\/\/moveaide.com\/movers\/momentous-relocation-london-uk-mover-review\" target=\"_blank\" rel=\"noopener\">MoveAid.com<\/a><\/li>\n<li> <em>\"Jag flyttade fr\u00e5n Storbritannien till <a href=\"https:\/\/moverdb.com\/sv\/moving-to-germany\/\" data-internallinksmanager029f6b8e52c=\"321\" title=\"Flyttar du till Tyskland? 2026 Levnadskostnader och flyttningstips\">Tyskland<\/a>. Tj\u00e4nsten var mycket professionell och arrang\u00f6rsteamet i Storbritannien var tillm\u00f6tesg\u00e5ende och flexibelt.\"<\/em> - Ursula via <a href=\"https:\/\/www.facebook.com\/pg\/momentousltd\/reviews\/\" target=\"_blank\" rel=\"noopener\">Facebook<\/a><\/li>\n<li> <em>\"Fantastisk service! Bes\u00e4ttningen, Scott och Darren var artiga och mycket professionella, de packade ihop allting mycket effektivt och anv\u00e4nde till och med golvskydd s\u00e5 att mina mattor var helt skyddade.\"<\/em> - Evelynn via <a href=\"http:\/\/www.removalreviews.co.uk\/movers\/momentous-relocation-215#8293\" target=\"_blank\" rel=\"noopener\">RemovalReviews.com<\/a><\/li>\n<\/ul>\n<p><strong>Negativ<\/strong><\/p>\n<ul>\n<li> <em>\"Hade en fruktansv\u00e4rd upplevelse med detta f\u00f6retag som tog mina pengar och sedan tillhandah\u00f6ll en fruktansv\u00e4rd tj\u00e4nst (varav en del var deras partners fel) men de v\u00e4grade att ta ansvar eller \u00e4gande eller h\u00e4ndelser som inkluderade en allvarlig olycka som intr\u00e4ffade f\u00f6r en familjemedlem fr\u00e5n m\u00f6bler som installerats felaktigt.\"<\/em> - James via <a href=\"http:\/\/moveaide.com\/movers\/momentous-relocation-london-uk-mover-review\" target=\"_blank\" rel=\"noopener\">MoveAid.com<\/a><\/li>\n<li> <em>De viktigaste flyttningarna \u00e4r de v\u00e4rsta <a href=\"https:\/\/moverdb.com\/sv\/international-removals\/\" data-internallinksmanager029f6b8e52c=\"27\" title=\"36 b\u00e4sta internationella flyttfirmor i Storbritannien\">flyttfirman<\/a> i det h\u00e4r landet. Jag har flyttat sex g\u00e5nger p\u00e5 mindre \u00e4n \u00e5tta \u00e5r, s\u00e5 jag tror att jag har erfarenhet av detta nu.<\/em> via <a href=\"http:\/\/www.removalreviews.co.uk\/movers\/momentous-relocation-215#714\" target=\"_blank\" rel=\"noopener\">RemovalReviews.com<\/a><\/li>\n<\/ul>\n<div itemprop=\"review\" itemscope itemtype=\"http:\/\/schema.org\/Review\">\n<span itemprop=\"author\" itemscope=\"\" itemtype=\"http:\/\/schema.org\/Organization\"><span itemprop=\"name\">MoverDB.com<\/span><\/span> Webbplatsgranskning p\u00e5 n\u00e4tet f\u00f6r <span itemprop=\"itemreviewed\" itemscope=\"\" itemtype=\"http:\/\/schema.org\/Brand\"><span itemprop=\"name\">Omfattande flyttning<\/span><\/span>:<\/p>\n<ol>\n<li> Tydliga kontaktuppgifter p\u00e5 webbplatsen (inklusive telefonnummer): <strong>Ja<\/strong><\/li>\n<li> L\u00e4tt att f\u00e5 <a href=\"https:\/\/moverdb.com\/sv\/citat\/\">offerter f\u00f6r internationella flyttningar<\/a>? (Formul\u00e4r f\u00f6r beg\u00e4ran om uppskattning online): <strong>Ja<\/strong><\/li>\n<li> Tydlig information p\u00e5 webbplatsen: <strong>Ja<\/strong>, Webbplatsen beskriver de tj\u00e4nster som erbjuds men ger inte mycket detaljerad information.<\/li>\n<li> Medlemskap i internationellt erk\u00e4nda flyttorganisationer: <strong>Ja<\/strong><\/li>\n<li> F\u00f6rteckning \u00f6ver kunder och\/eller tidigare kundreferenser: <strong>Ja,<\/strong> Det finns flera positiva vittnesm\u00e5l fr\u00e5n kunder men ingen kundlista. F\u00f6retaget f\u00e5r ocks\u00e5 i allm\u00e4nhet mestadels positiva recensioner p\u00e5 n\u00e4tet.<\/li>\n<\/ol>\n<div itemprop=\"reviewRating\" itemscope itemtype=\"http:\/\/schema.org\/Rating\"><meta itemprop=\"worstRating\" content = \"0\" \/><meta itemprop=\"bestRating\" content=\"5\" \/><meta itemprop=\"ratingValue\" content=\"4.5\"><\/div>\n<p><strong>Sammanfattande betyg: 4.5\/5<\/strong><br \/>\n<strong>Datum f\u00f6r granskning:<\/strong> <span itemprop=\"datePublished\" content=\"2016-09-23\">23\/09\/16<\/span>\n<\/div>\n<p>Mer om <a href=\"https:\/\/moverdb.com\/sv\/internationella-flyttar\/\">flyttfirmor<\/a> och v\u00e5r <a href=\"https:\/\/moverdb.com\/sv\/recensioner\/\">granskningsprocess.<\/a>.<\/p>\n<p><strong>Webbplats:<\/strong> <a href=\"http:\/\/www.momentousrelocation.com\/\" target=\"_blank\" rel=\"noopener\">http:\/\/www.momentousrelocation.com<\/a><\/p>","protected":false},"excerpt":{"rendered":"<p>Momentous Relocation is an international removal and relocation specialist company based in London. It offers its clients many services which are listed below, together with a company profile and reviews. Moving Services Pre move survey Shipping and airfreight Destination services Insurance services Domestic moving Fine art shipping Pet moving service Moving home country guides Relocation [&hellip;]<\/p>\n","protected":false},"author":1,"featured_media":0,"parent":0,"menu_order":0,"comment_status":"closed","ping_status":"closed","template":"","meta":{"_genesis_hide_title":false,"_genesis_hide_breadcrumbs":false,"_genesis_hide_singular_image":false,"_genesis_hide_footer_widgets":false,"_genesis_custom_body_class":"","_genesis_custom_post_class":"","_genesis_layout":"","footnotes":""},"class_list":{"0":"post-938","1":"page","2":"type-page","3":"status-publish","5":"entry"},"_links":{"self":[{"href":"https:\/\/moverdb.com\/sv\/wp-json\/wp\/v2\/pages\/938","targetHints":{"allow":["GET"]}}],"collection":[{"href":"https:\/\/moverdb.com\/sv\/wp-json\/wp\/v2\/pages"}],"about":[{"href":"https:\/\/moverdb.com\/sv\/wp-json\/wp\/v2\/types\/page"}],"author":[{"embeddable":true,"href":"https:\/\/moverdb.com\/sv\/wp-json\/wp\/v2\/users\/1"}],"replies":[{"embeddable":true,"href":"https:\/\/moverdb.com\/sv\/wp-json\/wp\/v2\/comments?post=938"}],"version-history":[{"count":6,"href":"https:\/\/moverdb.com\/sv\/wp-json\/wp\/v2\/pages\/938\/revisions"}],"predecessor-version":[{"id":13178,"href":"https:\/\/moverdb.com\/sv\/wp-json\/wp\/v2\/pages\/938\/revisions\/13178"}],"wp:attachment":[{"href":"https:\/\/moverdb.com\/sv\/wp-json\/wp\/v2\/media?parent=938"}],"curies":[{"name":"wp","href":"https:\/\/api.w.org\/{rel}","templated":true}]}}