{"id":927,"date":"2016-09-23T21:57:09","date_gmt":"2016-09-23T21:57:09","guid":{"rendered":"http:\/\/moverdb.com\/?page_id=927"},"modified":"2026-01-08T13:19:00","modified_gmt":"2026-01-08T13:19:00","slug":"imove-international","status":"publish","type":"page","link":"https:\/\/moverdb.com\/sv\/imove-international\/","title":{"rendered":"IMove International: Flyttning och flyttning: Recensioner"},"content":{"rendered":"<p>IMove International har sitt s\u00e4te i Surrey. F\u00f6retaget erbjuder sina kunder en rad olika tj\u00e4nster f\u00f6r att hj\u00e4lpa dem att flytta utomlands. Nedan finns en f\u00f6rteckning \u00f6ver dessa tj\u00e4nster, tillsammans med en f\u00f6retagsprofil och recensioner.<\/p>\n<p><strong><a href=\"https:\/\/moverdb.com\/sv\/international-removals\/\" data-internallinksmanager029f6b8e52c=\"27\" title=\"36 b\u00e4sta internationella flyttfirmor i Storbritannien\">Internationella flyttar<\/a><\/strong><\/p>\n<ul>\n<li> Personlig flyttsamordnare<\/li>\n<li> D\u00f6rr till d\u00f6rr<\/li>\n<li> D\u00f6rr till <a href=\"https:\/\/moverdb.com\/sv\/top-49-container-ports\/\" data-internallinksmanager029f6b8e52c=\"80\" title=\"Topp 49 st\u00f6rsta och mest trafikerade containerhamnar 2025\">port<\/a><\/li>\n<li> Luft, sj\u00f6 eller v\u00e4g<\/li>\n<li> Flyttning av f\u00f6retag<\/li>\n<li> <a href=\"https:\/\/moverdb.com\/sv\/biltransport-frakt\/\">Motorfordon<\/a><\/li>\n<li> Fullst\u00e4ndig f\u00f6rpackningstj\u00e4nst<\/li>\n<li> Sj\u00e4lvpackande<\/li>\n<li> Br\u00e4cklig f\u00f6rpackning<\/li>\n<li> Gratis kartonger, tejp och f\u00f6rpackning.<\/li>\n<li> Uppackningstj\u00e4nst<\/li>\n<li> L\u00e5ng- och korttidsf\u00f6rvaring <\/li>\n<li> <a href=\"https:\/\/moverdb.com\/sv\/container-transport\/\">Containersj\u00f6fart<\/a><\/li>\n<li> Transport av \u00f6verdrivet bagage<\/li>\n<li> F\u00f6rs\u00e4kring som tillhandah\u00e5lls<\/li>\n<li> Hj\u00e4lp med tull och dokumentation<\/li>\n<\/ul>\n<p><strong>Andra tj\u00e4nster<\/strong><\/p>\n<ul>\n<li> L\u00e5ng- och korttidsf\u00f6rvaring<\/li>\n<li> Transport och f\u00f6rvaring av studenter<\/li>\n<li> <a href=\"https:\/\/moverdb.com\/sv\/car-transport-shipping\/\" data-internallinksmanager029f6b8e52c=\"2\" title=\"2026 Internationella offerter f\u00f6r biltransport och fordonsfrakt\">Biltransporter<\/a><\/li>\n<li> Delad beh\u00e5llare<\/li>\n<li> F\u00f6rpackningstj\u00e4nst f\u00f6r export<\/li>\n<li> Kasserar och g\u00f6r l\u00e5dor<\/li>\n<\/ul>\n<h2>IMove International F\u00f6retagsprofil<\/h2>\n<p>IMove International \u00e4r ett ungt, privat\u00e4gt f\u00f6retag som grundades i maj 2011. Det \u00e4r ett specialiserat f\u00f6retag <a href=\"https:\/\/moverdb.com\/sv\/internationella-flyttar\/\">internationell flyttning<\/a>, frakt- och flyttf\u00f6retag. <\/p>\n<p>IMove organiserar flyttar f\u00f6r familjer, f\u00f6retagskunder och privatpersoner fr\u00e5n <a href=\"https:\/\/moverdb.com\/sv\/moving-to-the-uk\/\" data-internallinksmanager029f6b8e52c=\"93\" title=\"Flyttar du till Storbritannien? 2026 Levnadskostnader och flyttningstips\">STORBRITANNIEN<\/a> till de flesta destinationer runt om i v\u00e4rlden.<\/p>\n<p>IMove transporterar allt fr\u00e5n det minsta paketet till en hel m\u00f6bel. F\u00f6retaget ger varje kund en personlig flyttkoordinator som \u00e4r deras kontaktperson under hela flyttprocessen.<\/p>\n<p>IMove International har f\u00f6ljande ackrediteringar och anslutningar:<\/p>\n<ul>\n<li> ISO 9001<\/li>\n<\/ul>\n<h2>Recensioner av IMove International<\/h2>\n<p><strong>Positivt:<\/strong><\/p>\n<ul>\n<li> <em>\"Allt gick smidigt och effektivt. Jag skulle verkligen rekommendera f\u00f6retaget f\u00f6r dess service och v\u00e4rde f\u00f6r pengarna.\"<\/em> - H Fowler via <a href=\"http:\/\/www.imoveintl.com\/testimonials.htm\" target=\"_blank\" rel=\"noopener\">Sidan med kundomd\u00f6men<\/a><\/li>\n<li> \"<em>Jag vill gratulera IMove f\u00f6r den punktlighet, snabbhet och professionalism med vilken min flytt fr\u00e5n Orlando <a href=\"https:\/\/moverdb.com\/sv\/moving-to-the-united-states\/moving-to-florida\/\" data-internallinksmanager029f6b8e52c=\"331\" title=\"Flytta till Florida? 2026 Levnadskostnader &amp; Flytttips\">Florida<\/a> till Kent, genomf\u00f6rdes.<\/em> - Annette <a href=\"http:\/\/www.removalreviews.co.uk\/movers\/imove-international-191#11473\" target=\"_blank\" rel=\"noopener\">RemovalReviews.com<\/a> <\/li>\n<li> \"<em>Vi rekommenderar det h\u00e4r f\u00f6retaget varmt - mycket rimlig kostnad, extremt snabb flytt och bra service.\"<\/em> - Johathan via <a href=\"http:\/\/www.reviews.co.uk\/company-reviews\/store\/imove-international-removals-ltd\" target=\"_blank\" rel=\"noopener\">Recensioner.co.uk<\/a> <\/li>\n<\/ul>\n<p><strong>Negativ<\/strong><\/p>\n<ul>\n<li> \"<em>\u00c4ven om leveranstiden fr\u00e5n <a href=\"https:\/\/moverdb.com\/sv\/moving-to-london\/\">London<\/a> till <a href=\"https:\/\/moverdb.com\/sv\/moving-to-switzerland\/\" data-internallinksmanager029f6b8e52c=\"327\" title=\"Flyttar du till Schweiz? 2026 Levnadskostnader och flyttningstips\">Schweiz<\/a> var snabb, jag skulle starkt avr\u00e5da n\u00e5gon fr\u00e5n att anv\u00e4nda detta f\u00f6retag eftersom en av de mer v\u00e4rdefulla f\u00f6rem\u00e5len aldrig levererades och \"f\u00f6rlorades\". Det verkade inte finnas n\u00e5gon verklig \u00f6verraskning, oro eller urs\u00e4kter f\u00f6r f\u00f6rlusten av denna artikel.\"<\/em> - Laurens via <a href=\"http:\/\/www.removalreviews.co.uk\/movingreviews\/stolen-item-1264\" target=\"_blank\" rel=\"noopener\">RemovalReviews.co.uk<\/a> <\/li>\n<li> \"<em>V\u00e5ra varor samlades in enligt insamlingsdatumet (02.11.2015), vilket var bra, men nu \u00e4r det mars och vi har fortfarande inte f\u00e5tt v\u00e5ra l\u00e5dor.\"<\/em> - Samantha via <a href=\"http:\/\/www.reviews.co.uk\/company-reviews\/store\/imove-international-removals-ltd\" target=\"_blank\" rel=\"noopener\">Recensioner.co.uk<\/a> <\/li>\n<\/ul>\n<div itemprop=\"review\" itemscope itemtype=\"http:\/\/schema.org\/Review\">\n<span itemprop=\"author\" itemscope=\"\" itemtype=\"http:\/\/schema.org\/Organization\"><span itemprop=\"name\">MoverDB.com<\/span><\/span> Webbplatsgranskning p\u00e5 n\u00e4tet f\u00f6r <span itemprop=\"itemreviewed\" itemscope=\"\" itemtype=\"http:\/\/schema.org\/Brand\"><span itemprop=\"name\">IMove International<\/span><\/span>:<\/p>\n<ol>\n<li> Tydliga kontaktuppgifter p\u00e5 webbplatsen (inklusive telefonnummer): <strong>Ja<\/strong><\/li>\n<li> L\u00e4tt att f\u00e5 <a href=\"https:\/\/moverdb.com\/sv\/citat\/\">offerter f\u00f6r internationella flyttningar<\/a>? (Formul\u00e4r f\u00f6r beg\u00e4ran om uppskattning online): <strong>Ja<\/strong><\/li>\n<li> Tydlig information p\u00e5 webbplatsen: <strong>Ja<\/strong>, Webbplatsen inneh\u00e5ller mycket information om att flytta till olika l\u00e4nder runt om i v\u00e4rlden, inklusive vilka dokument som beh\u00f6vs.<\/li>\n<li> Medlemskap i internationellt erk\u00e4nda flyttorganisationer: <strong>Delvis<\/strong>, \u00e4ven om de \u00e4r ISO-registrerade verkar de sakna annan ackreditering.<\/li>\n<li> F\u00f6rteckning \u00f6ver kunder och\/eller tidigare kundreferenser: <strong>Ja,<\/strong> Det finns m\u00e5nga positiva kundomd\u00f6men p\u00e5 webbplatsen.<\/li>\n<\/ol>\n<div itemprop=\"reviewRating\" itemscope itemtype=\"http:\/\/schema.org\/Rating\"><meta itemprop=\"worstRating\" content = \"0\" \/><meta itemprop=\"bestRating\" content=\"5\" \/><meta itemprop=\"ratingValue\" content=\"4\"><\/div>\n<p><strong>Sammanfattande betyg: 4\/5<\/strong><br \/>\n<strong>Datum f\u00f6r granskning:<\/strong> <span itemprop=\"datePublished\" content=\"2016-09-23\">23\/09\/16<\/span>\n<\/div>\n<p>L\u00e4s mer om <a href=\"https:\/\/moverdb.com\/sv\/internationella-flyttar\/\">flyttfirmor<\/a> och v\u00e5r <a href=\"https:\/\/moverdb.com\/sv\/recensioner\/\">granskningsprocess.<\/a>.<\/p>\n<p><strong>Webbplats:<\/strong> <a href=\"http:\/\/www.imoveintl.com\/\" target=\"_blank\" rel=\"noopener\">http:\/\/www.imoveintl.com\/<\/a><\/p>","protected":false},"excerpt":{"rendered":"<p>IMove International is based in Surrey. It offers its customers a range of services to assist with their move abroad. These are listed below, together with a company profile and reviews. International Removals Personal move coordinator Door to door Door to port Air, sea or road Company relocations Motor vehicles Full packing service Self-packing Fragile [&hellip;]<\/p>\n","protected":false},"author":1,"featured_media":0,"parent":0,"menu_order":0,"comment_status":"closed","ping_status":"closed","template":"","meta":{"_genesis_hide_title":false,"_genesis_hide_breadcrumbs":false,"_genesis_hide_singular_image":false,"_genesis_hide_footer_widgets":false,"_genesis_custom_body_class":"","_genesis_custom_post_class":"","_genesis_layout":"","footnotes":""},"class_list":{"0":"post-927","1":"page","2":"type-page","3":"status-publish","5":"entry"},"_links":{"self":[{"href":"https:\/\/moverdb.com\/sv\/wp-json\/wp\/v2\/pages\/927","targetHints":{"allow":["GET"]}}],"collection":[{"href":"https:\/\/moverdb.com\/sv\/wp-json\/wp\/v2\/pages"}],"about":[{"href":"https:\/\/moverdb.com\/sv\/wp-json\/wp\/v2\/types\/page"}],"author":[{"embeddable":true,"href":"https:\/\/moverdb.com\/sv\/wp-json\/wp\/v2\/users\/1"}],"replies":[{"embeddable":true,"href":"https:\/\/moverdb.com\/sv\/wp-json\/wp\/v2\/comments?post=927"}],"version-history":[{"count":6,"href":"https:\/\/moverdb.com\/sv\/wp-json\/wp\/v2\/pages\/927\/revisions"}],"predecessor-version":[{"id":13160,"href":"https:\/\/moverdb.com\/sv\/wp-json\/wp\/v2\/pages\/927\/revisions\/13160"}],"wp:attachment":[{"href":"https:\/\/moverdb.com\/sv\/wp-json\/wp\/v2\/media?parent=927"}],"curies":[{"name":"wp","href":"https:\/\/api.w.org\/{rel}","templated":true}]}}