{"id":926,"date":"2017-07-04T15:15:07","date_gmt":"2017-07-04T15:15:07","guid":{"rendered":"http:\/\/moverdb.com\/?page_id=926"},"modified":"2026-01-08T14:47:30","modified_gmt":"2026-01-08T14:47:30","slug":"american-red-ball-transit","status":"publish","type":"page","link":"https:\/\/moverdb.com\/sv\/american-red-ball-transit\/","title":{"rendered":"American Red Ball Transit: Internationell flyttning Recensioner"},"content":{"rendered":"<p>American Red Ball Transit erbjuder sina kunder m\u00e5nga inrikes tj\u00e4nster inom <a href=\"https:\/\/moverdb.com\/sv\/moving-to-the-united-states\/\" data-internallinksmanager029f6b8e52c=\"94\" title=\"Flyttar du till USA? 2026 Levnadskostnader och flyttningstips\">USA<\/a>Nedan f\u00f6ljer en f\u00f6rteckning \u00f6ver dessa, tillsammans med en f\u00f6retagsprofil och recensioner.<\/p>\n<p><strong>Flyttning av f\u00f6retag<\/strong><\/p>\n<ul>\n<li> Personlig flyttplan<\/li>\n<li> Hj\u00e4lp med personal- och kontorsflyttar<\/li>\n<li> Fullst\u00e4ndig f\u00f6rpackningstj\u00e4nst<\/li>\n<li> Demontering och \u00e5termontering av m\u00f6bler<\/li>\n<li> IT som flyttar<\/li>\n<li> Uppackningstj\u00e4nst<\/li>\n<li> L\u00e5ng- och korttidsf\u00f6rvaring<\/li>\n<\/ul>\n<p><strong>Inrikes flyttar<\/strong><\/p>\n<ul>\n<li> Interaktiv flyttkalender<\/li>\n<li> D\u00f6rr till d\u00f6rr<\/li>\n<li> Fullst\u00e4ndig f\u00f6rpackningstj\u00e4nst, \u00f6mt\u00e5liga f\u00f6rem\u00e5l eller g\u00f6r det sj\u00e4lv<\/li>\n<li> Demontering och \u00e5termontering av m\u00f6bler.<\/li>\n<li> F\u00f6rs\u00e4kring tillg\u00e4nglig<\/li>\n<li> Uppackningstj\u00e4nst erbjuds<\/li>\n<li> L\u00e5ng- och korttidsf\u00f6rvaring finns tillg\u00e4nglig<\/li>\n<\/ul>\n<h2>American Red Ball Transit F\u00f6retagsprofil<\/h2>\n<p>American Red Ball Transit, som grundades 1919, \u00e4r det \u00e4ldsta mellanstatliga transportf\u00f6retaget. <a href=\"https:\/\/moverdb.com\/sv\/international-removals\/\" data-internallinksmanager029f6b8e52c=\"27\" title=\"36 b\u00e4sta internationella flyttfirmor i Storbritannien\">flyttfirma<\/a> i USA och har sitt s\u00e4te i Indianapolis. F\u00f6retaget \u00e4r k\u00e4nt f\u00f6r sin expertis inom milit\u00e4ra flyttningar och har utf\u00f6rt m\u00e5nga flyttar s\u00e5 l\u00e5ngt tillbaka som till andra v\u00e4rldskriget. 1996 s\u00e5ldes American Red Ball Transit till <a href=\"https:\/\/moverdb.com\/sv\/atlas-van-lines-international\/\">Atlas World Group<\/a>. Denna grupp flyttar \u00f6ver 13 000 milit\u00e4rfamiljer per \u00e5r.<\/p>\n<p>\u00c5r 2001 s\u00e5ldes American Red Ball Transit, som \u00e4r det inhemska dotterbolaget till American Red Ball International, till ledningen. American Red Ball International forts\u00e4tter med den internationella delen av verksamheten.<\/p>\n<p>American Red Ball Transit har f\u00f6ljande anslutningar och ackrediteringar:<\/p>\n<ul>\n<li> Better Business Bureau (BBB)<\/li>\n<li> <a href=\"https:\/\/moverdb.com\/sv\/amsa\/\">Amerikansk f\u00f6rening f\u00f6r flyttning och lagring<\/a> (<a href=\"https:\/\/moverdb.com\/sv\/amsa\/\" data-internallinksmanager029f6b8e52c=\"5\" title=\"American Moving &amp; Storage Association (AMSA) f\u00f6rklaras\">AMSA<\/a>)<\/li>\n<li> <a href=\"https:\/\/moverdb.com\/sv\/falg-promover\/\">ProMover<\/a><\/li>\n<\/ul>\n<h2>American Red Ball Transit Company Recensioner<\/h2>\n<p><strong>Positivt:<\/strong><\/p>\n<ul>\n<li> <em>\"American Red Ball \u00e4r en av v\u00e5ra b\u00e4sta samarbetspartners, en kvalitetsorganisation med kvalitetsm\u00e4nniskor. Rekommenderas varmt.\"<\/em> - John via <a href=\"https:\/\/www.yelp.co.uk\/biz\/american-red-ball-transit-company-indianapolis?hrid=mQPsd2n9lj4MbWXdnRerwA&#038;utm_campaign=www_review_share_popup&#038;utm_medium=copy_link&#038;utm_source=(direct)\" target=\"_blank\" rel=\"noopener\">Yelp<\/a><\/li>\n<\/ul>\n<p><strong>Negativt:<\/strong><\/p>\n<ul>\n<li> <em>\"Jag hade en helt f\u00f6rf\u00e4rlig upplevelse med detta f\u00f6retag.\"<\/em> - R.R. via <a href=\"https:\/\/www.bbb.org\/indy\/business-reviews\/movers\/american-red-ball-transit-company-inc-in-indianapolis-in-753\/reviews-and-complaints?section=reviews&#038;reviewtype=negative\" target=\"_blank\" rel=\"noopener\">BBB.org<\/a><\/li>\n<\/ul>\n<div itemprop=\"review\" itemscope itemtype=\"http:\/\/schema.org\/Review\">\n<span itemprop=\"author\" itemscope=\"\" itemtype=\"http:\/\/schema.org\/Organization\"><span itemprop=\"name\">MoverDB.com<\/span><\/span> Webbplatsgranskning p\u00e5 n\u00e4tet f\u00f6r <span itemprop=\"itemreviewed\" itemscope=\"\" itemtype=\"http:\/\/schema.org\/Brand\"><span itemprop=\"name\">American Red Ball Transit<\/span><\/span>:<\/p>\n<ol>\n<li> Tydliga kontaktuppgifter p\u00e5 webbplatsen (inklusive telefonnummer): <strong>Ja<\/strong><\/li>\n<li> L\u00e4tt att f\u00e5 <a href=\"https:\/\/moverdb.com\/sv\/citat\/\">offerter f\u00f6r internationella flyttningar<\/a>? (Formul\u00e4r f\u00f6r beg\u00e4ran om uppskattning online): <strong>Ja<\/strong><\/li>\n<li> Tydlig information p\u00e5 webbplatsen: <strong>Begr\u00e4nsad,<\/strong> Webbplatsen ber\u00e4ttar v\u00e4ldigt lite.<\/li>\n<li> Medlemskap i internationellt erk\u00e4nda flyttorganisationer: <strong>Ja<\/strong><\/li>\n<li> F\u00f6rteckning \u00f6ver kunder och\/eller tidigare kundreferenser: <strong>Ingen<\/strong>, och recensionerna p\u00e5 n\u00e4tet \u00e4r blandade.<\/li>\n<\/ol>\n<div itemprop=\"reviewRating\" itemscope itemtype=\"http:\/\/schema.org\/Rating\"><meta itemprop=\"worstRating\" content = \"0\" \/><meta itemprop=\"bestRating\" content=\"5\" \/><meta itemprop=\"ratingValue\" content=\"3\"><\/div>\n<p><strong>Sammanfattande betyg: 3\/5<\/strong><br \/>\n<strong>Datum f\u00f6r granskning:<\/strong> <span itemprop=\"datePublished\" content=\"2017-07-04\">04\/07\/2016<\/span>\n<\/div>\n<p>L\u00e4s mer om <a href=\"https:\/\/moverdb.com\/sv\/flyttfirmor\/\">internationella flyttfirmor<\/a>, <a href=\"https:\/\/moverdb.com\/sv\/us-canada-movers\/\">Inhemska flyttare i USA<\/a> och f\u00e5 mer information om v\u00e5r <a href=\"https:\/\/moverdb.com\/sv\/recensioner\/\">granskningsprocess.<\/a>.<\/p>\n<p><strong>Webbplats:<\/strong> <a href=\"http:\/\/www.redball.com\/\" target=\"_blank\" rel=\"noopener\">http:\/\/www.redball.com\/<\/a><\/p>","protected":false},"excerpt":{"rendered":"<p>American Red Ball Transit offers its customers many domestic services within the US, these are listed below, together with a company profile and reviews. Corporate Relocation Personalised relocation plan Assistance with personnel and office moves Full packing service Disassembly and reassembly of furniture IT moving Unpacking service Long and short term storage Domestic Moves Interactive [&hellip;]<\/p>\n","protected":false},"author":1,"featured_media":0,"parent":0,"menu_order":0,"comment_status":"closed","ping_status":"closed","template":"","meta":{"_genesis_hide_title":false,"_genesis_hide_breadcrumbs":false,"_genesis_hide_singular_image":false,"_genesis_hide_footer_widgets":false,"_genesis_custom_body_class":"","_genesis_custom_post_class":"","_genesis_layout":"","footnotes":""},"class_list":{"0":"post-926","1":"page","2":"type-page","3":"status-publish","5":"entry"},"_links":{"self":[{"href":"https:\/\/moverdb.com\/sv\/wp-json\/wp\/v2\/pages\/926","targetHints":{"allow":["GET"]}}],"collection":[{"href":"https:\/\/moverdb.com\/sv\/wp-json\/wp\/v2\/pages"}],"about":[{"href":"https:\/\/moverdb.com\/sv\/wp-json\/wp\/v2\/types\/page"}],"author":[{"embeddable":true,"href":"https:\/\/moverdb.com\/sv\/wp-json\/wp\/v2\/users\/1"}],"replies":[{"embeddable":true,"href":"https:\/\/moverdb.com\/sv\/wp-json\/wp\/v2\/comments?post=926"}],"version-history":[{"count":4,"href":"https:\/\/moverdb.com\/sv\/wp-json\/wp\/v2\/pages\/926\/revisions"}],"predecessor-version":[{"id":6171,"href":"https:\/\/moverdb.com\/sv\/wp-json\/wp\/v2\/pages\/926\/revisions\/6171"}],"wp:attachment":[{"href":"https:\/\/moverdb.com\/sv\/wp-json\/wp\/v2\/media?parent=926"}],"curies":[{"name":"wp","href":"https:\/\/api.w.org\/{rel}","templated":true}]}}