{"id":924,"date":"2016-09-03T21:30:31","date_gmt":"2016-09-03T21:30:31","guid":{"rendered":"http:\/\/moverdb.com\/?page_id=924"},"modified":"2026-01-08T14:48:13","modified_gmt":"2026-01-08T14:48:13","slug":"eagle-relocations","status":"publish","type":"page","link":"https:\/\/moverdb.com\/sv\/eagle-relocations\/","title":{"rendered":"Eagle Relocations: Internationell flyttning och flyttning: Recensioner"},"content":{"rendered":"<p>Eagle Relocations \u00e4r ett <a href=\"https:\/\/moverdb.com\/sv\/international-removals\/\" data-internallinksmanager029f6b8e52c=\"27\" title=\"36 b\u00e4sta internationella flyttfirmor i Storbritannien\">flyttfirman<\/a> med s\u00e4te i Watford, <a href=\"https:\/\/moverdb.com\/sv\/moving-to-the-uk\/\" data-internallinksmanager029f6b8e52c=\"93\" title=\"Flyttar du till Storbritannien? 2026 Levnadskostnader och flyttningstips\">STORBRITANNIEN<\/a>. F\u00f6retaget erbjuder sina kunder en rad olika flyttj\u00e4nster som listas nedan, tillsammans med en f\u00f6retagsprofil och recensioner.<\/p>\n<p><strong>Internationella flyttar<\/strong><\/p>\n<ul>\n<li> D\u00f6rr till d\u00f6rr service<\/li>\n<li> Service fr\u00e5n d\u00f6rr till kantsten<\/li>\n<li> D\u00f6rr till <a href=\"https:\/\/moverdb.com\/sv\/top-49-container-ports\/\" data-internallinksmanager029f6b8e52c=\"80\" title=\"Topp 49 st\u00f6rsta och mest trafikerade containerhamnar 2025\">port<\/a> service<\/li>\n<li> Fullst\u00e4ndig f\u00f6rpackningstj\u00e4nst<\/li>\n<li> Fragilitet eller delf\u00f6rpackning<\/li>\n<li> \u00c4garens packade tj\u00e4nst<\/li>\n<li> Demontering och \u00e5termontering av m\u00f6bler<\/li>\n<li> Medf\u00f6ljande f\u00f6rpackningsmaterial<\/li>\n<li> Transitering p\u00e5 v\u00e4g, i luften och till sj\u00f6ss<\/li>\n<li> Tullklarering<\/li>\n<li> Borttagning av skr\u00e4p<\/li>\n<li> Conciergetj\u00e4nst<\/li>\n<li> St\u00e4dservice<\/li>\n<\/ul>\n<p><strong>F\u00f6retagsflyttar<\/strong><\/p>\n<ul>\n<li> Personlig flyttledare f\u00f6r f\u00f6retag<\/li>\n<li> Unders\u00f6kning av befintliga och nya lokaler<\/li>\n<li> Demontering och \u00e5termontering av m\u00f6bler<\/li>\n<li> IT-specialister f\u00f6r datorflyttning<\/li>\n<li> Flyttl\u00e5dor avsedda f\u00f6r kontor<\/li>\n<li> L\u00e5dor m\u00e4rkta<\/li>\n<li> Flyttansvarig finns st\u00e4ndigt p\u00e5 plats under flytten<\/li>\n<li> F\u00f6rs\u00e4kring som ordnas<\/li>\n<\/ul>\n<p><strong>Flyttningar till hemmet i Storbritannien<\/strong><\/p>\n<ul>\n<li> Samverka med flyttadministrat\u00f6ren.<\/li>\n<li> Unders\u00f6kning f\u00f6re flytten<\/li>\n<li> En dedikerad flyttkoordinator<\/li>\n<li> D\u00f6rr till d\u00f6rr<\/li>\n<li> Fullst\u00e4ndig packning, delpackning eller g\u00f6r det sj\u00e4lv<\/li>\n<li> Demontering och \u00e5termontering av m\u00f6bler<\/li>\n<li> F\u00f6rs\u00e4kring som ordnas<\/li>\n<li> Borttagning av skr\u00e4p<\/li>\n<\/ul>\n<h2>Eagle Relocations f\u00f6retagsprofil<\/h2>\n<p>Eagle Relocations grundades som ett familjef\u00f6retag 1967 och hette d\u00e5 Eagle Shipping. Det blev ett aktiebolag 2002 och bytte namn till Eagle Relocations. F\u00f6retaget erbjuder sina kunder en komplett flyttservice lokalt, nationellt och internationellt.<\/p>\n<p>Eagle Relocations flyttade \u00f6ver 3 500 personer under 2015. De erbjuder en m\u00e4ngd olika paket som passar m\u00e4nniskors behov och pl\u00e5nb\u00f6cker. De tror p\u00e5 stark kundservice och engagemang.<\/p>\n<p>Eagle Relocations har f\u00f6ljande ackrediteringar och anslutningar:<\/p>\n<ul>\n<li> <a href=\"https:\/\/moverdb.com\/sv\/british-association-of-removers\/\">British Association of Removers (brittisk sammanslutning av flyttfirmor)<\/a> (<a href=\"https:\/\/moverdb.com\/sv\/british-association-of-removers\/\" data-internallinksmanager029f6b8e52c=\"9\" title=\"British Association of Removers (BAR) f\u00f6rklaras\">BAR<\/a>)<\/li>\n<li> <a href=\"https:\/\/moverdb.com\/sv\/fedemac\/\">Federation of European Movers Association (sammanslutning av europeiska flyttfirmor)<\/a> (<a href=\"https:\/\/moverdb.com\/sv\/fedemac\/\" data-internallinksmanager029f6b8e52c=\"15\" title=\"Federation of European Movers Association (FEDEMAC) f\u00f6rklaras\">FEDEMAC<\/a>)<\/li>\n<li> <a href=\"https:\/\/moverdb.com\/sv\/jag-ar\/\">Internationella sammanslutningen av flyttfirmor<\/a> (<a href=\"https:\/\/moverdb.com\/sv\/iam\/\" data-internallinksmanager029f6b8e52c=\"23\" title=\"International Association of Movers (IAM) f\u00f6rklaras\">IAM<\/a>)<\/li>\n<li> <a href=\"https:\/\/moverdb.com\/sv\/hgfaa\/\">Household Goods Forwarders Association of America (f\u00f6reningen f\u00f6r spedit\u00f6rer av hush\u00e5llsvaror)<\/a><\/li>\n<li> British International Freight Association (BIFA)<\/li>\n<li> <a href=\"https:\/\/moverdb.com\/sv\/bar-overseas\/\">British Association of Removers (BAR) Utomlands<\/a><\/li>\n<\/ul>\n<h2>Recensioner av Eagle Relocations<\/h2>\n<p><strong>Positivt:<\/strong><\/p>\n<ul>\n<li> <em>Pojkarna var fantastiska... Super hj\u00e4lpsamma, effektiva, professionella och alla med stora leenden p\u00e5 sina ansikten...<\/em> - Ross via <a href=\"http:\/\/www.eaglerelocations.com\/testimonials\/\" target=\"_blank\" rel=\"noopener\">sida med kundreferat<\/a><\/li>\n<li> <em>\"De var p\u00e5litliga, professionella, trevliga, arbetsamma och noggranna och gjorde en extremt stressig period till en l\u00e4tt tid. De ger utm\u00e4rkt valuta f\u00f6r pengarna och jag \u00e4r glad att jag inte valde ett f\u00f6retag som erbj\u00f6d mig en \"f\u00f6r bra f\u00f6r att vara sann\" flyttkostnad via e-post, utan att ens ha bes\u00f6kt v\u00e5rt hem. De \u00e4r marknadsledande, enligt min mening, och jag kommer f\u00f6r alltid att vara Eagle Relocations tacksam.\"<\/em> - Karen via <a href=\"https:\/\/www.trustpilot.com\/reviews\/56fe57450000ff00094ba791\" target=\"_blank\" rel=\"noopener\">TrustPilot<\/a> <\/li>\n<li> <em>\"Jag har bara Eagle Relocations vid tre olika tillf\u00e4llen. Jag flyttade fr\u00e5n Hendon till Borhamwood, Borhamwood till Storage och sedan till Bali. Vid varje tillf\u00e4lle tyckte jag att de var extremt professionella.\"<\/em> - Pankesh P via <a href=\"https:\/\/www.yell.com\/reviews\/user\/PankeshP\" target=\"_blank\" rel=\"noopener\">Skrik<\/a><\/li>\n<\/ul>\n<p><strong>Negativt:<\/strong><\/p>\n<ul>\n<li> <em>\"Anv\u00e4nd inte det h\u00e4r f\u00f6retaget, de har f\u00f6rlorat alla mina v\u00e4rldsliga \u00e4godelar.\"<\/em> - Adrienne via <a href=\"https:\/\/www.trustpilot.com\/reviews\/587ecbbc0dc2f609f06be069\" target=\"_blank\" rel=\"noopener\">Trustpilot<\/a><\/li>\n<\/ul>\n<div itemprop=\"review\" itemscope itemtype=\"http:\/\/schema.org\/Review\">\n<span itemprop=\"author\" itemscope=\"\" itemtype=\"http:\/\/schema.org\/Organization\"><span itemprop=\"name\">MoverDB.com<\/span><\/span> Webbplatsgranskning p\u00e5 n\u00e4tet f\u00f6r <span itemprop=\"itemreviewed\" itemscope=\"\" itemtype=\"http:\/\/schema.org\/Brand\"><span itemprop=\"name\">Flyttningar i Eagle<\/span><\/span>:<\/p>\n<ol>\n<li> Tydliga kontaktuppgifter p\u00e5 webbplatsen (inklusive telefonnummer): <strong>Ja<\/strong><\/li>\n<li> L\u00e4tt att f\u00e5 <a href=\"https:\/\/moverdb.com\/sv\/citat\/\">offerter f\u00f6r internationella flyttningar<\/a>? (Formul\u00e4r f\u00f6r beg\u00e4ran om uppskattning online): <strong>Ja<\/strong><\/li>\n<li> Tydlig information p\u00e5 webbplatsen: <strong>Ja,<\/strong> inneh\u00e5ller landeguider och en blogg med nyttig information om att flytta utomlands.<\/li>\n<li> Medlemskap i internationellt erk\u00e4nda flyttorganisationer: <strong>Ja<\/strong>, se ovan.<\/li>\n<li> F\u00f6rteckning \u00f6ver kunder och\/eller tidigare kundreferenser: <strong>N\u00e5gra,<\/strong> Det finns kundunders\u00f6kningar p\u00e5 webbplatsen, men m\u00e5nga av dem \u00e4r ganska lika, och det finns f\u00e5 recensioner p\u00e5 andra st\u00e4llen p\u00e5 n\u00e4tet. De recensioner som finns tillg\u00e4ngliga \u00e4r dock mestadels positiva.<\/li>\n<\/ol>\n<div itemprop=\"reviewRating\" itemscope itemtype=\"http:\/\/schema.org\/Rating\"><meta itemprop=\"worstRating\" content = \"0\" \/><meta itemprop=\"bestRating\" content=\"5\" \/><meta itemprop=\"ratingValue\" content=\"4.5\"><\/div>\n<p><strong>Sammanfattande betyg: 4.5\/5<\/strong><br \/>\n<strong>Datum f\u00f6r granskning:<\/strong> <span itemprop=\"datePublished\" content=\"2016-09-03\">03\/09\/2016<\/span>\n<\/div>\n<p>L\u00e4r dig mer om mer om mer om <a href=\"https:\/\/moverdb.com\/sv\/internationella-flyttar\/\">internationella flyttningar<\/a> och v\u00e5r <a href=\"https:\/\/moverdb.com\/sv\/recensioner\/\">granskningsprocess.<\/a>.<\/p>\n<p><strong>Webbplats:<\/strong> <a href=\"http:\/\/www.eaglerelocations.com\" target=\"_blank\" rel=\"noopener\">http:\/\/www.eaglerelocations.com<\/a><\/p>","protected":false},"excerpt":{"rendered":"<p>Eagle Relocations is a removals company based in Watford, UK. It offers its clients a range of removals services which are listed below, together with a company profile and reviews. International Removals Door to door service Door to kerbside service Door to port service Full packing service Fragile or part pack service Owner packed service [&hellip;]<\/p>\n","protected":false},"author":1,"featured_media":0,"parent":0,"menu_order":0,"comment_status":"closed","ping_status":"closed","template":"","meta":{"_genesis_hide_title":false,"_genesis_hide_breadcrumbs":false,"_genesis_hide_singular_image":false,"_genesis_hide_footer_widgets":false,"_genesis_custom_body_class":"","_genesis_custom_post_class":"","_genesis_layout":"","footnotes":""},"class_list":{"0":"post-924","1":"page","2":"type-page","3":"status-publish","5":"entry"},"_links":{"self":[{"href":"https:\/\/moverdb.com\/sv\/wp-json\/wp\/v2\/pages\/924","targetHints":{"allow":["GET"]}}],"collection":[{"href":"https:\/\/moverdb.com\/sv\/wp-json\/wp\/v2\/pages"}],"about":[{"href":"https:\/\/moverdb.com\/sv\/wp-json\/wp\/v2\/types\/page"}],"author":[{"embeddable":true,"href":"https:\/\/moverdb.com\/sv\/wp-json\/wp\/v2\/users\/1"}],"replies":[{"embeddable":true,"href":"https:\/\/moverdb.com\/sv\/wp-json\/wp\/v2\/comments?post=924"}],"version-history":[{"count":6,"href":"https:\/\/moverdb.com\/sv\/wp-json\/wp\/v2\/pages\/924\/revisions"}],"predecessor-version":[{"id":6202,"href":"https:\/\/moverdb.com\/sv\/wp-json\/wp\/v2\/pages\/924\/revisions\/6202"}],"wp:attachment":[{"href":"https:\/\/moverdb.com\/sv\/wp-json\/wp\/v2\/media?parent=924"}],"curies":[{"name":"wp","href":"https:\/\/api.w.org\/{rel}","templated":true}]}}