{"id":923,"date":"2016-08-25T14:59:50","date_gmt":"2016-08-25T14:59:50","guid":{"rendered":"http:\/\/moverdb.com\/?page_id=923"},"modified":"2026-01-08T14:40:15","modified_gmt":"2026-01-08T14:40:15","slug":"movecorp","status":"publish","type":"page","link":"https:\/\/moverdb.com\/sv\/movecorp\/","title":{"rendered":"Movecorp: Internationell flyttning och flyttj\u00e4nster Recensioner"},"content":{"rendered":"<p>Movecorp har sitt s\u00e4te i West Midlands och erbjuder sina kunder olika <a href=\"https:\/\/moverdb.com\/sv\/international-removals\/\" data-internallinksmanager029f6b8e52c=\"27\" title=\"36 b\u00e4sta internationella flyttfirmor i Storbritannien\">internationella flyttningar<\/a> tj\u00e4nster som listas nedan, tillsammans med en f\u00f6retagsprofil och recensioner.<\/p>\n<p><strong>Internationella flyttar<\/strong><\/p>\n<ul>\n<li> En dedikerad flyttkoordinator<\/li>\n<li> D\u00f6rr till d\u00f6rr<\/li>\n<li> Packning - full service, \u00f6mt\u00e5liga f\u00f6rem\u00e5l eller g\u00f6r det sj\u00e4lv<\/li>\n<li> Medf\u00f6ljande f\u00f6rpackningsmaterial<\/li>\n<li> Hj\u00e4lp med pappersarbete<\/li>\n<li> Frakt med delad last - delad container<\/li>\n<li> S\u00e4rskilt inriktad <a href=\"https:\/\/moverdb.com\/sv\/container-transport\/\">internationell containertransport<\/a><\/li>\n<li> Gratis lagring i upp till en m\u00e5nad<\/li>\n<li> Uppackning av<\/li>\n<li> F\u00f6rs\u00e4kring som ordnas<\/li>\n<li> Tj\u00e4nster f\u00f6r omplacering av personal<\/li>\n<\/ul>\n<p><strong>Europeiska flyttar<\/strong><\/p>\n<ul>\n<li> D\u00f6rr till d\u00f6rr service<\/li>\n<li> En dedikerad flyttkoordinator<\/li>\n<li> Fullst\u00e4ndig f\u00f6rpackningstj\u00e4nst finns tillg\u00e4nglig<\/li>\n<li> Medf\u00f6ljande f\u00f6rpackningsmaterial<\/li>\n<li> Hj\u00e4lp med pappersarbete<\/li>\n<li> Frakt med delad last (LCL)<\/li>\n<li> S\u00e4rskild transportcontainer<\/li>\n<li> Gratis lagring i upp till en m\u00e5nad<\/li>\n<li> Full service f\u00f6r uppackning finns tillg\u00e4nglig<\/li>\n<li> F\u00f6rs\u00e4kring som ordnas<\/li>\n<\/ul>\n<p><strong>Flyttning av hus<\/strong><\/p>\n<ul>\n<li> D\u00f6rr till d\u00f6rr service<\/li>\n<li> Fullst\u00e4ndig f\u00f6rpackning och packning <\/li>\n<li> Lagring - f\u00f6rsta m\u00e5naden gratis<\/li>\n<li> F\u00f6rs\u00e4kring som ordnas<\/li>\n<li> Delvis last (LCL)<\/li>\n<li> Full belastning (FCL)<\/li>\n<li> Uppackningstj\u00e4nst vid leverans<\/li>\n<\/ul>\n<h2>Movecorp F\u00f6retagsprofil<\/h2>\n<p>Movecorp \u00e4r en <a href=\"https:\/\/moverdb.com\/sv\/moving-to-the-uk\/\" data-internallinksmanager029f6b8e52c=\"93\" title=\"Flyttar du till Storbritannien? 2026 Levnadskostnader och flyttningstips\">STORBRITANNIEN<\/a> ett flyttf\u00f6retag som specialiserar sig p\u00e5 internationella och europeiska flyttar. Huvudkontoret ligger i West Midlands, vilket g\u00f6r att f\u00f6retaget har goda m\u00f6jligheter att betj\u00e4na hela Storbritannien. <\/p>\n<p>Movecorp flyttar m\u00e4nniskor inom Storbritannien varje dag i veckan och har veckolivsleveranser till alla st\u00f6rre europeiska destinationer.<\/p>\n<p>Movecorp erbjuder en personlig service till alla sina kunder och h\u00e5ller dem informerade om varje steg som tas. De \u00e4r stolta \u00f6ver sitt v\u00e4nliga och effektiva tillv\u00e4gag\u00e5ngss\u00e4tt vid varje flytt som de utf\u00f6r.<\/p>\n<p>Movecorp har f\u00f6ljande anslutningar och ackrediteringar:<\/p>\n<ul>\n<li> <a href=\"https:\/\/moverdb.com\/sv\/jag-ar\/\">Internationella sammanslutningen av flyttfirmor<\/a> (<a href=\"https:\/\/moverdb.com\/sv\/iam\/\" data-internallinksmanager029f6b8e52c=\"23\" title=\"International Association of Movers (IAM) f\u00f6rklaras\">IAM<\/a>)<\/li>\n<li> <a href=\"https:\/\/moverdb.com\/sv\/rios\/\">Ombudsmannen f\u00f6r flyttningsbranschen<\/a><\/li>\n<li> <a href=\"https:\/\/moverdb.com\/sv\/fedemac\/\">Federation of European Movers Association (sammanslutning av europeiska flyttfirmor)<\/a> (<a href=\"https:\/\/moverdb.com\/sv\/fedemac\/\" data-internallinksmanager029f6b8e52c=\"15\" title=\"Federation of European Movers Association (FEDEMAC) f\u00f6rklaras\">FEDEMAC<\/a>)<\/li>\n<li> <a href=\"https:\/\/moverdb.com\/sv\/frakt-transport-sammanslutning\/\">F\u00f6reningen f\u00f6r godstransporter<\/a> (<a href=\"https:\/\/moverdb.com\/sv\/freight-transport-association\/\" data-internallinksmanager029f6b8e52c=\"18\" title=\"F\u00f6rklaring av Freight Transport Association (FTA)\">FTA<\/a>)<\/li>\n<li> <a href=\"https:\/\/moverdb.com\/sv\/mtc\/\">Movers Trading Club<\/a> (<a href=\"https:\/\/moverdb.com\/sv\/mtc\/\" data-internallinksmanager029f6b8e52c=\"30\" title=\"Movers Trading Club (MTC) f\u00f6rklaras\">MTC<\/a>)<\/li>\n<li> <a href=\"https:\/\/moverdb.com\/sv\/eurovan-movers\/\">Eurovan<\/a><\/li>\n<li> <a href=\"https:\/\/moverdb.com\/sv\/ngrs\/\">National Guild of Removers and Storers<\/a> (<a href=\"https:\/\/moverdb.com\/sv\/ngrs\/\" data-internallinksmanager029f6b8e52c=\"74\" title=\"National Guild of Removers and Storers (NGRS) f\u00f6rklarat\">NGRS<\/a>)<\/li>\n<li> Vilka? F\u00f6rtroendevald n\u00e4ringsidkare<\/li>\n<li> Standarder f\u00f6r kvalitetstj\u00e4nster - BS 8564<\/li>\n<li> CHAS<\/li>\n<\/ul>\n<h2>Recensioner av MoveCorp<\/h2>\n<p><strong>Positivt:<\/strong><\/p>\n<ul>\n<li> <em>\"Jag kan varmt rekommendera Movecorp. Servicen var enast\u00e5ende och v\u00e4nlig.\"<\/em> - Ella Dennett via Movecorp <a href=\"http:\/\/www.movecorp.co.uk\/reviews\/\" target=\"_blank\" rel=\"noopener\">sidan med recensioner och kundrapporter<\/a>.<\/li>\n<li> <em>\"Mycket effektivt, allt var utm\u00e4rkt f\u00f6rpackat och kom fram i gott skick.\"<\/em> - Stan via <a href=\"https:\/\/www.trustpilot.com\/reviews\/579606ae0000ff00097414e9\" target=\"_blank\" rel=\"noopener\">TrustPilot<\/a> <\/li>\n<li> <em>\"V\u00e5r upplevelse var fantastisk. V\u00e5r flyttkoordinator Emma var mycket hj\u00e4lpsam och besvarade v\u00e5ra fr\u00e5gor i god tid. Ett stort tack f\u00f6r hennes hj\u00e4lp!\"<\/em> Andrea via <a href=\"http:\/\/www.removalreviews.co.uk\/movingreviews\/great-service-11241\" target=\"_blank\" rel=\"noopener\">Omd\u00f6men om flyttning<\/a><\/li>\n<li> <em>\"Det var l\u00e4tt att navigera p\u00e5 Movecorps webbplats och jag hittade nyttig information som hj\u00e4lpte mig att organisera min flytt.\"<\/em> - LisaM1983 via <a href=\"http:\/\/www.reviewcentre.com\/Removal-Companies\/MoveCorp-International-Removals-www-movecorp-co-uk-review_2305958\" target=\"_blank\" rel=\"noopener\">Granskningscentrum<\/a><\/li>\n<li> <em>\"Teamet p\u00e5 Movecorp var fantastiskt fr\u00e5n b\u00f6rjan till slut.\"<\/em> - via <a href=\"http:\/\/www.referenceline.com\/removers_removals-in-walsall-movecorpcouk-21956#GOTO178308\" target=\"_blank\" rel=\"noopener\">Referenslinje<\/a><\/li>\n<\/ul>\n<p><strong>Negativt:<\/strong><\/p>\n<ul>\n<li> <em>\"De har haft inneh\u00e5llet i min flytt i mer \u00e4n tre m\u00e5nader och den l\u00e4mnade Storbritannien f\u00f6rst f\u00f6rra veckan.\"<\/em> - Chuck via <a href=\"https:\/\/www.trustpilot.com\/reviews\/55f4a26f0000ff000907c3df\" target=\"_blank\" rel=\"noopener\">TrustPilot<\/a><\/li>\n<li> <em>\"\u00c4ven om jag s\u00e5g en del bra recensioner p\u00e5 n\u00e4tet var min upplevelse tyv\u00e4rr ganska d\u00e5lig.\"<\/em> - Steven Johnson via <a href=\"http:\/\/www.removalreviews.co.uk\/movingreviews\/use-at-own-risk-11126\" target=\"_blank\" rel=\"noopener\">Omd\u00f6men om flyttning<\/a> <\/li>\n<li> <em>\"V\u00e4rsta flyttupplevelsen - k\u00e4nde mig lurad och lurad\"<\/em> - MayVisR42 via <a href=\"http:\/\/www.reviewcentre.com\/Removal-Companies\/MoveCorp-International-Removals-www-movecorp-co-uk-review_3464277\" target=\"_blank\" rel=\"noopener\">Granskningscentrum<\/a> <\/li>\n<\/ul>\n<div itemprop=\"review\" itemscope itemtype=\"http:\/\/schema.org\/Review\">\n<span itemprop=\"author\" itemscope=\"\" itemtype=\"http:\/\/schema.org\/Organization\"><span itemprop=\"name\">MoverDB.com<\/span><\/span> Webbplatsgranskning p\u00e5 n\u00e4tet f\u00f6r <span itemprop=\"itemreviewed\" itemscope=\"\" itemtype=\"http:\/\/schema.org\/Brand\"><span itemprop=\"name\">MoveCorp<\/span><\/span>:<\/p>\n<ol>\n<li> Tydliga kontaktuppgifter p\u00e5 webbplatsen (inklusive telefonnummer)? <strong>Ja<\/strong><\/li>\n<li> L\u00e4tt att f\u00e5 <a href=\"https:\/\/moverdb.com\/sv\/citat\/\">offerter f\u00f6r internationella flyttningar<\/a>? (Formul\u00e4r f\u00f6r beg\u00e4ran om uppskattning online): <strong>Ja<\/strong><\/li>\n<li> Tydlig information p\u00e5 webbplatsen: <strong>Nej,<\/strong> Webbplatsen inneh\u00e5ller mycket lite information om hur man f\u00e5r en offert och vilka destinationer som trafikeras.<\/li>\n<li> Medlemskap i internationellt erk\u00e4nda flyttorganisationer: <strong>Ja,<\/strong> m\u00e5nga - se ovan<\/li>\n<li> F\u00f6rteckning \u00f6ver kunder och\/eller tidigare kundreferenser: <strong>Ja,<\/strong> Det finns m\u00e5nga positiva kundomd\u00f6men p\u00e5 webbplatsen.<\/li>\n<\/ol>\n<div itemprop=\"reviewRating\" itemscope itemtype=\"http:\/\/schema.org\/Rating\"><meta itemprop=\"worstRating\" content = \"0\" \/><meta itemprop=\"bestRating\" content=\"5\" \/><meta itemprop=\"ratingValue\" content=\"4.5\"><\/div>\n<p><strong>Sammanfattande betyg: 4.5\/5<\/strong><br \/>\n<strong>Datum f\u00f6r granskning:<\/strong> <span itemprop=\"datePublished\" content=\"2016-08-25\">25\/08\/2016<\/span>\n<\/div>\n<p>Ta reda p\u00e5 mer om <a href=\"https:\/\/moverdb.com\/sv\/internationella-flyttar\/\">internationella flyttningar<\/a> och v\u00e5r <a href=\"https:\/\/moverdb.com\/sv\/recensioner\/\">granskningsprocess.<\/a>.<\/p>\n<p><strong>Webbplats:<\/strong> <a href=\"http:\/\/www.movecorp.co.uk\" target=\"_blank\" rel=\"noopener\">http:\/\/www.movecorp.co.uk<\/a><\/p>","protected":false},"excerpt":{"rendered":"<p>Movecorp is based in the West Midlands and offers its customers various international removals services which are listed below, together with a company profile and reviews. International Removals Dedicated move coordinator Door to door Packing &#8211; full service, fragile items or do it yourself Packing materials supplied Assistance with paperwork Part load shipping &#8211; shared [&hellip;]<\/p>\n","protected":false},"author":1,"featured_media":0,"parent":0,"menu_order":0,"comment_status":"closed","ping_status":"closed","template":"","meta":{"_genesis_hide_title":false,"_genesis_hide_breadcrumbs":false,"_genesis_hide_singular_image":false,"_genesis_hide_footer_widgets":false,"_genesis_custom_body_class":"","_genesis_custom_post_class":"","_genesis_layout":"","footnotes":""},"class_list":{"0":"post-923","1":"page","2":"type-page","3":"status-publish","5":"entry"},"_links":{"self":[{"href":"https:\/\/moverdb.com\/sv\/wp-json\/wp\/v2\/pages\/923","targetHints":{"allow":["GET"]}}],"collection":[{"href":"https:\/\/moverdb.com\/sv\/wp-json\/wp\/v2\/pages"}],"about":[{"href":"https:\/\/moverdb.com\/sv\/wp-json\/wp\/v2\/types\/page"}],"author":[{"embeddable":true,"href":"https:\/\/moverdb.com\/sv\/wp-json\/wp\/v2\/users\/1"}],"replies":[{"embeddable":true,"href":"https:\/\/moverdb.com\/sv\/wp-json\/wp\/v2\/comments?post=923"}],"version-history":[{"count":8,"href":"https:\/\/moverdb.com\/sv\/wp-json\/wp\/v2\/pages\/923\/revisions"}],"predecessor-version":[{"id":13179,"href":"https:\/\/moverdb.com\/sv\/wp-json\/wp\/v2\/pages\/923\/revisions\/13179"}],"wp:attachment":[{"href":"https:\/\/moverdb.com\/sv\/wp-json\/wp\/v2\/media?parent=923"}],"curies":[{"name":"wp","href":"https:\/\/api.w.org\/{rel}","templated":true}]}}