{"id":921,"date":"2016-08-29T20:53:00","date_gmt":"2016-08-29T20:53:00","guid":{"rendered":"http:\/\/moverdb.com\/?page_id=921"},"modified":"2026-01-08T15:20:42","modified_gmt":"2026-01-08T15:20:42","slug":"simpsons-removals","status":"publish","type":"page","link":"https:\/\/moverdb.com\/sv\/simpsons-removals\/","title":{"rendered":"Simpsons flyttar och lagring: Internationell flyttning Recensioner"},"content":{"rendered":"<p>Simpsons Removals and Storage Ltd har sitt s\u00e4te i Kent och erbjuder sina kunder en rad olika <a href=\"https:\/\/moverdb.com\/sv\/international-removals\/\" data-internallinksmanager029f6b8e52c=\"27\" title=\"36 b\u00e4sta internationella flyttfirmor i Storbritannien\">internationella flyttningar<\/a> tj\u00e4nster som anges nedan. H\u00e4r finns ocks\u00e5 en f\u00f6retagsprofil och recensioner.<\/p>\n<p><strong>Internationella flyttar<\/strong><\/p>\n<ul>\n<li> D\u00f6rr till d\u00f6rr eller flygplats p\u00e5 destinationen<\/li>\n<li> Full service, sk\u00f6ra f\u00f6rem\u00e5l eller g\u00f6r-det-sj\u00e4lv-f\u00f6rpackning<\/li>\n<li> F\u00f6rpackningsmaterial kan tillhandah\u00e5llas<\/li>\n<li> Flygfrakt eller sj\u00f6frakt - <a href=\"https:\/\/moverdb.com\/sv\/container-transport\/\">internationell containertransport<\/a><\/li>\n<li> \u00d6verviktsbagage f\u00f6r sm\u00e5 laster<\/li>\n<li> F\u00f6rs\u00e4kring som ordnas<\/li>\n<li> Terminalhantering\/<a href=\"https:\/\/moverdb.com\/sv\/top-49-container-ports\/\" data-internallinksmanager029f6b8e52c=\"80\" title=\"Topp 49 st\u00f6rsta och mest trafikerade containerhamnar 2025\">port<\/a> avgifter<\/li>\n<li> Tullklarering<\/li>\n<li> Leverans och uppackning<\/li>\n<li> Borttagning av skr\u00e4p<\/li>\n<li> Tj\u00e4nster f\u00f6r hantverkare<\/li>\n<li> St\u00e4dservice<\/li>\n<\/ul>\n<p><strong>F\u00f6rpackningsmaterial<\/strong><\/p>\n<ul>\n<li> F\u00f6rpackningskartonger i olika storlekar<\/li>\n<li> H\u00e4ngande garderobskartonger<\/li>\n<li> F\u00f6rpackningstejp<\/li>\n<li> F\u00f6rpackningspapper<\/li>\n<li> Pappersfiltar<\/li>\n<li> Transitt\u00e4cken av tyg<\/li>\n<li> Madrassp\u00e5sar<\/li>\n<li> Arkivl\u00e5dor<\/li>\n<li> Skr\u00e4ddarsydda tr\u00e4l\u00e5dor kan f\u00e5s p\u00e5 beg\u00e4ran - 7 dagars varsel kr\u00e4vs.<\/li>\n<\/ul>\n<p><strong>Europeiska flyttar<\/strong><\/p>\n<ul>\n<li> Luft, sj\u00f6 eller v\u00e4g<\/li>\n<li> S\u00e4rskild belastningstj\u00e4nst<\/li>\n<li> Delar av lasten finns tillg\u00e4ngliga<\/li>\n<li> D\u00f6rr till d\u00f6rr service tillg\u00e4nglig<\/li>\n<li> Full service, sk\u00f6ra f\u00f6rem\u00e5l eller g\u00f6r-det-sj\u00e4lv-f\u00f6rpackning<\/li>\n<li> F\u00f6rpackningsmaterial kan tillhandah\u00e5llas<\/li>\n<li> F\u00f6rs\u00e4kring som ordnas<\/li>\n<li> Uppackningstj\u00e4nst tillg\u00e4nglig<\/li>\n<li> Borttagning av skr\u00e4p<\/li>\n<\/ul>\n<p><strong><a href=\"https:\/\/moverdb.com\/sv\/moving-to-the-uk\/\" data-internallinksmanager029f6b8e52c=\"93\" title=\"Flyttar du till Storbritannien? 2026 Levnadskostnader och flyttningstips\">STORBRITANNIEN<\/a> Flyttar<\/strong><\/p>\n<ul>\n<li> D\u00f6rr till d\u00f6rr<\/li>\n<li> Personliga flyttningar<\/li>\n<li> F\u00f6retagsflyttar<\/li>\n<li> Full service, sk\u00f6ra f\u00f6rem\u00e5l eller g\u00f6r-det-sj\u00e4lv-f\u00f6rpackning<\/li>\n<li> F\u00f6rpackningsmaterial kan tillhandah\u00e5llas<\/li>\n<li> F\u00f6rs\u00e4kring som ordnas<\/li>\n<li> Uppackningstj\u00e4nst tillg\u00e4nglig<\/li>\n<li> Borttagning av skr\u00e4p<\/li>\n<\/ul>\n<p><strong>F\u00f6retagsflyttar<\/strong><\/p>\n<ul>\n<li> Flyttning av kontor<\/li>\n<li> F\u00f6retagsflyttar \u00f6ver hela v\u00e4rlden<\/li>\n<li> Exklusiv hemflyttning \u00f6ver hela v\u00e4rlden<\/li>\n<li> L\u00f6sningar f\u00f6r flyttning av IT<\/li>\n<li> Flyttning av fabriker och laboratorier<\/li>\n<li> Detaljhandel med kontorsm\u00f6bler<\/li>\n<\/ul>\n<p><strong>Lagring<\/strong><\/p>\n<ul>\n<li> Sj\u00e4lvf\u00f6rvaring<\/li>\n<li> F\u00f6rvaring av hush\u00e5llsprodukter<\/li>\n<li> F\u00f6rvaring av arkivmaterial<\/li>\n<li> Extern lagring<\/li>\n<li> \u00d6VERVAKNINGSKAMERA DYGNET RUNT<\/li>\n<\/ul>\n<h2>Simpsons flyttar och lagring<\/h2>\n<p>Simpsons Removals and Storage Ltd grundades 1979 av Barry Simpson. I dag \u00e4r detta Kent-baserade flyttf\u00f6retag fortfarande familje\u00e4gt och drivs av Barry Simpsons son och dotter. <\/p>\n<p>F\u00f6retagets m\u00e5l \u00e4r att erbjuda professionell och effektiv service till privatpersoner, f\u00f6retag och handelskunder som flyttar lokalt eller internationellt. <\/p>\n<p>Simpsons har en flotta p\u00e5 20 fordon som passar alla behov vid varje flytt. De har ocks\u00e5 100 000 kvadratfot lagerutrymme och ytterligare 20 000 kvadratfot utrymme som kan anv\u00e4ndas f\u00f6r containerf\u00f6rvaring. <\/p>\n<p>F\u00f6retaget har nu 36 \u00e5rs erfarenhet inom flyttbranschen och k\u00e4nner sig rustade att genomf\u00f6ra alla flyttar, oavsett hur stora eller sm\u00e5 de \u00e4r, var som helst i v\u00e4rlden.<\/p>\n<p>Simpsons Removals and Storage har f\u00f6ljande ackrediteringar och anslutningar:<\/p>\n<ul>\n<li> <a href=\"https:\/\/moverdb.com\/sv\/british-association-of-removers\/\">British Association of Removers (brittisk sammanslutning av flyttfirmor)<\/a> (<a href=\"https:\/\/moverdb.com\/sv\/british-association-of-removers\/\" data-internallinksmanager029f6b8e52c=\"9\" title=\"British Association of Removers (BAR) f\u00f6rklaras\">BAR<\/a>)<\/li>\n<li> <a href=\"https:\/\/moverdb.com\/sv\/bar-overseas\/\">British Association of Removers - Utomeuropeiska flyttfirmor<\/a><\/li>\n<li> British Association of Removers - gruppen f\u00f6r kommersiella flyttningar<\/li>\n<li> <a href=\"https:\/\/moverdb.com\/sv\/jag-ar\/\">Internationella sammanslutningen av flyttfirmor<\/a> - <a href=\"https:\/\/moverdb.com\/sv\/iam\/\" data-internallinksmanager029f6b8e52c=\"23\" title=\"International Association of Movers (IAM) f\u00f6rklaras\">IAM<\/a><\/li>\n<li> <a href=\"https:\/\/moverdb.com\/sv\/fedemac\/\">Federation of European Movers Association (sammanslutning av europeiska flyttfirmor)<\/a> - <a href=\"https:\/\/moverdb.com\/sv\/fedemac\/\" data-internallinksmanager029f6b8e52c=\"15\" title=\"Federation of European Movers Association (FEDEMAC) f\u00f6rklaras\">FEDEMAC<\/a><\/li>\n<li> Kvalitetss\u00e4krad servicestandard BS8564<\/li>\n<li> Kvalitetss\u00e4krad servicestandard BS8522 - kommersiell flyttning<\/li>\n<li> F\u00f6reningen f\u00f6r konst- och antikhandlare - LAPADA<\/li>\n<li> Movers Traders Club (<a href=\"https:\/\/moverdb.com\/sv\/mtc\/\" data-internallinksmanager029f6b8e52c=\"30\" title=\"Movers Trading Club (MTC) f\u00f6rklaras\">MTC<\/a>)<\/li>\n<\/ul>\n<h2>Recensioner av Simpsons flytt och lagring<\/h2>\n<p><strong>Positivt:<\/strong><\/p>\n<ul>\n<li> <em>\"Jag ville bara s\u00e4ga att jag var s\u00e5 n\u00f6jd med den service som Simpsons tillhandah\u00f6ll n\u00e4r de levererade mina skatter i g\u00e5r! Hela f\u00f6rflyttningen av mina tillh\u00f6righeter fr\u00e5n <a href=\"https:\/\/moverdb.com\/sv\/moving-to-canada\/\" data-internallinksmanager029f6b8e52c=\"265\" title=\"Flytta till Kanada? 2026 Levnadskostnader och flyttningstips\">Kanada<\/a> till Storbritannien har varit fantastiskt.\"<\/em> - Jane via<a href=\"http:\/\/www.simpsons-uk.com\/testimonials\" target=\"_blank\" rel=\"noopener\"> Simpsons vittnesm\u00e5l<\/a><\/li>\n<li> <em>\"Efter att ha f\u00f6rlorat v\u00e5r plats med v\u00e5rt ursprungliga flyttf\u00f6retag letade vi efter ett annat. Simpsons var det mest uppm\u00e4rksamma och skickade ut \u00e4garen f\u00f6r att se till att <a href=\"https:\/\/moverdb.com\/sv\/moving-to-the-united-states\/\" data-internallinksmanager029f6b8e52c=\"94\" title=\"Flyttar du till USA? 2026 Levnadskostnader och flyttningstips\">oss<\/a> och priss\u00e4tta jobbet.\"<\/em> - Dan via <a href=\"http:\/\/www.removalreviews.co.uk\/movingreviews\/surprisingly-good-2361\" target=\"_blank\" rel=\"noopener\">Omd\u00f6men om flyttning<\/a><\/li>\n<li> <em>\"Mycket professionell och mycket v\u00e4nlig personal hj\u00e4lpsam.\"<\/em> - Eros via <a href=\"https:\/\/www.reallymoving.com\/international-removals\/directory\/216\/simpsons-removals-limited\" target=\"_blank\" rel=\"noopener\">ReallyMoving.com<\/a><\/li>\n<li> <em>\"Jag var mycket n\u00f6jd med hela processen. Personalen var v\u00e4nlig och hj\u00e4lpsam och jag h\u00f6lls v\u00e4l informerad om statusen f\u00f6r min f\u00f6rs\u00e4ndelse under hela tiden.\"<\/em> - K Pryce via <a href=\"http:\/\/www.reviewcentre.com\/Removal-Companies\/Simpsons-Removals-and-Storage-Ltd-www-simpsons-uk-com-review_2646331\" target=\"_blank\" rel=\"noopener\">Granskningscentrum<\/a> <\/li>\n<\/ul>\n<p><strong>Negativt:<\/strong><\/p>\n<ul>\n<li> \"<em>Anv\u00e4nd aldrig, jag upprepar ALDRIG, Simpsons flyttfirmor.\"<\/em> - Ruth via <a href=\"http:\/\/www.removalreviews.co.uk\/movingreviews\/poor-delivery-men-and-customer-service-2658\" target=\"_blank\" rel=\"noopener\">Omd\u00f6men om flyttning<\/a> <\/li>\n<li> \"<em>F\u00f6retaget misslyckades med att utf\u00f6ra borttagningen och \u00f6verl\u00e4mnade kontraktet till ett annat f\u00f6retag.\"<\/em> - Mistral via <a href=\"https:\/\/www.reallymoving.com\/international-removals\/directory\/216\/simpsons-removals-limited\" target=\"_blank\" rel=\"noopener\">ReallyMoving.com<\/a> <\/li>\n<li> <em>\"Det h\u00e4r f\u00f6retaget \u00e4r en skam.\"<\/em> - via <a href=\"http:\/\/www.reviewcentre.com\/Removal-Companies\/Simpsons-Removals-and-Storage-Ltd-www-simpsons-uk-com-review_4006517\" target=\"_blank\" rel=\"noopener\">Granskningscentrum<\/a> <\/li>\n<\/ul>\n<div itemprop=\"review\" itemscope itemtype=\"http:\/\/schema.org\/Review\">\n<span itemprop=\"author\" itemscope=\"\" itemtype=\"http:\/\/schema.org\/Organization\"><span itemprop=\"name\">MoverDB.com<\/span><\/span> Webbplatsgranskning p\u00e5 n\u00e4tet f\u00f6r <span itemprop=\"itemreviewed\" itemscope=\"\" itemtype=\"http:\/\/schema.org\/Brand\"><span itemprop=\"name\">Simpsons flyttar och lagring<\/span><\/span>:<\/p>\n<ol>\n<li> Tydliga kontaktuppgifter p\u00e5 webbplatsen (inklusive telefonnummer): <strong>Ja<\/strong><\/li>\n<li> L\u00e4tt att f\u00e5 <a href=\"https:\/\/moverdb.com\/sv\/citat\/\">offerter f\u00f6r internationella flyttningar<\/a>? (Formul\u00e4r f\u00f6r beg\u00e4ran om uppskattning online): <strong>Ja<\/strong><\/li>\n<li> Tydlig information p\u00e5 webbplatsen: <strong>Ja<\/strong>, kontaktinformation och grundl\u00e4ggande guider som tillhandah\u00e5lls online.<\/li>\n<li> Medlemskap i internationellt erk\u00e4nda flyttorganisationer: <strong>Ja<\/strong>, se ovan.<\/li>\n<li> F\u00f6rteckning \u00f6ver kunder och\/eller tidigare kundreferenser: <strong>Ja<\/strong>Det finns positiva kundomd\u00f6men p\u00e5 webbplatsen.<\/li>\n<\/ol>\n<div itemprop=\"reviewRating\" itemscope itemtype=\"http:\/\/schema.org\/Rating\"><meta itemprop=\"worstRating\" content = \"0\" \/><meta itemprop=\"bestRating\" content=\"5\" \/><meta itemprop=\"ratingValue\" content=\"4.5\"><\/div>\n<p><strong>Sammanfattande betyg: 4.5\/5<\/strong><br \/>\n<strong>Datum f\u00f6r granskning:<\/strong> <span itemprop=\"datePublished\" content=\"2016-08-29\">29\/08\/2016<\/span>\n<\/div>\n<p>Mer om <a href=\"https:\/\/moverdb.com\/sv\/internationella-flyttar\/\">internationella flyttningar<\/a> och v\u00e5r <a href=\"https:\/\/moverdb.com\/sv\/recensioner\/\">granskningsprocess.<\/a>.<\/p>\n<p><strong>Webbplats:<\/strong> <a href=\"http:\/\/www.simpsons-uk.com\/\" target=\"_blank\" rel=\"noopener\">http:\/\/www.simpsons-uk.com<\/a><\/p>","protected":false},"excerpt":{"rendered":"<p>Simpsons Removals and Storage Ltd is based in Kent and offers its customers a range of international removals services which are listed below. There also follows a company profile and reviews. International Removals Door to door or airport at destination Full service, fragile items or do-it-yourself packing Packing materials can be provided Air freight or [&hellip;]<\/p>\n","protected":false},"author":1,"featured_media":0,"parent":0,"menu_order":0,"comment_status":"closed","ping_status":"closed","template":"","meta":{"_genesis_hide_title":false,"_genesis_hide_breadcrumbs":false,"_genesis_hide_singular_image":false,"_genesis_hide_footer_widgets":false,"_genesis_custom_body_class":"","_genesis_custom_post_class":"","_genesis_layout":"","footnotes":""},"class_list":{"0":"post-921","1":"page","2":"type-page","3":"status-publish","5":"entry"},"_links":{"self":[{"href":"https:\/\/moverdb.com\/sv\/wp-json\/wp\/v2\/pages\/921","targetHints":{"allow":["GET"]}}],"collection":[{"href":"https:\/\/moverdb.com\/sv\/wp-json\/wp\/v2\/pages"}],"about":[{"href":"https:\/\/moverdb.com\/sv\/wp-json\/wp\/v2\/types\/page"}],"author":[{"embeddable":true,"href":"https:\/\/moverdb.com\/sv\/wp-json\/wp\/v2\/users\/1"}],"replies":[{"embeddable":true,"href":"https:\/\/moverdb.com\/sv\/wp-json\/wp\/v2\/comments?post=921"}],"version-history":[{"count":5,"href":"https:\/\/moverdb.com\/sv\/wp-json\/wp\/v2\/pages\/921\/revisions"}],"predecessor-version":[{"id":6238,"href":"https:\/\/moverdb.com\/sv\/wp-json\/wp\/v2\/pages\/921\/revisions\/6238"}],"wp:attachment":[{"href":"https:\/\/moverdb.com\/sv\/wp-json\/wp\/v2\/media?parent=921"}],"curies":[{"name":"wp","href":"https:\/\/api.w.org\/{rel}","templated":true}]}}