{"id":920,"date":"2016-09-03T16:04:22","date_gmt":"2016-09-03T16:04:22","guid":{"rendered":"http:\/\/moverdb.com\/?page_id=920"},"modified":"2026-01-08T14:47:54","modified_gmt":"2026-01-08T14:47:54","slug":"burke-bros","status":"publish","type":"page","link":"https:\/\/moverdb.com\/sv\/burke-bros\/","title":{"rendered":"Burke Bros Moving Group: Internationell flyttning Recensioner"},"content":{"rendered":"<p>Burke Bros \u00e4r v\u00e4rldsomsp\u00e4nnande flyttare, lagerh\u00e5llare, spedit\u00f6rer och experter p\u00e5 globala flyttningar. Nedan listas de tj\u00e4nster som de erbjuder, f\u00f6ljt av en f\u00f6retagsprofil och olika recensioner.<\/p>\n<p><strong>F\u00f6retag och privatpersoner <a href=\"https:\/\/moverdb.com\/sv\/international-removals\/\" data-internallinksmanager029f6b8e52c=\"27\" title=\"36 b\u00e4sta internationella flyttfirmor i Storbritannien\">Internationella flyttar<\/a><\/strong><\/p>\n<ul>\n<li> Engagerat f\u00f6retagsteam<\/li>\n<li> Omfattande d\u00f6rr-till-d\u00f6rr-tj\u00e4nster<\/li>\n<li> Gratis flyttunders\u00f6kning<\/li>\n<li> N\u00e4tverk av v\u00e4lrenommerade flyttningsexperter \u00f6ver hela v\u00e4rlden<\/li>\n<li> Ett dedikerat team f\u00f6r exportf\u00f6rpackning<\/li>\n<li> R\u00e5d om internationell karant\u00e4n<\/li>\n<li> Information om internationella tullar och punktskatter<\/li>\n<li> <a href=\"https:\/\/moverdb.com\/sv\/moving-to-the-uk\/\" data-internallinksmanager029f6b8e52c=\"93\" title=\"Flyttar du till Storbritannien? 2026 Levnadskostnader och flyttningstips\">STORBRITANNIEN<\/a> lagring - f\u00f6re leverans<\/li>\n<li> F\u00f6rs\u00e4kring som ordnas<\/li>\n<li> Hj\u00e4lp med tullklarering<\/li>\n<\/ul>\n<p><strong>Europeiska flyttar<\/strong><\/p>\n<ul>\n<li> Omfattande d\u00f6rr-till-d\u00f6rr-tj\u00e4nster<\/li>\n<li> Engagerat packningsteam<\/li>\n<li> F\u00f6rs\u00e4kring som ordnas<\/li>\n<li> Veckovisa avg\u00e5ngar<\/li>\n<li> Eventuellt bist\u00e5nd i fr\u00e5ga om tullar och punktskatter<\/li>\n<\/ul>\n<p><strong>Flyttar inrikes flyttar i Storbritannien - f\u00f6retag och privatpersoner<\/strong><\/p>\n<ul>\n<li> Personligt bes\u00f6k av en konsult<\/li>\n<li> Projektledningstj\u00e4nst f\u00f6r f\u00f6retag<\/li>\n<li> Omfattande d\u00f6rr-till-d\u00f6rr-tj\u00e4nster<\/li>\n<li> Engagerat packningsteam<\/li>\n<li> F\u00f6rs\u00e4kring som ordnas<\/li>\n<li> Specialiserade f\u00f6rpackningar<\/li>\n<li> Hyra av kontorsl\u00e5dor<\/li>\n<\/ul>\n<p><strong>Lagring<\/strong><\/p>\n<ul>\n<li> Sj\u00e4lvf\u00f6rvaring - Wolverhampton <\/li>\n<li> Obegr\u00e4nsad tillg\u00e5ng under \u00f6ppettiderna<\/li>\n<li> Flera l\u00e5dor kan k\u00f6pas<\/li>\n<li> 24-timmars kamera\u00f6vervakning<\/li>\n<li> F\u00f6rvaring av dokument och arkiv<\/li>\n<\/ul>\n<p><strong>S\u00e4rskilda tj\u00e4nster under flyttningen<\/strong><\/p>\n<ul>\n<li> Dokumentf\u00f6rst\u00f6ring<\/li>\n<li> F\u00f6rvaring av dokument<\/li>\n<li> \u00c5tervinning av gamla m\u00f6bler och IT-utrustning<\/li>\n<li> Nedmontering och installation av datorsystem.<\/li>\n<li> Specialf\u00f6rpackningsmaterial f\u00f6r IT-utrustning<\/li>\n<\/ul>\n<h2>Burke Bros Moving Group F\u00f6retagsprofil<\/h2>\n<p>Burke Bros grundades 1982 och har flyttat \u00f6ver 49 000 kunder under den tiden. De har lagt ner n\u00e4stan en halv miljon timmar p\u00e5 att packa, flytta och packa upp. F\u00f6retaget \u00e4r bel\u00e4get i centrala England och har sju kontor och en s\u00e4ker lageryta p\u00e5 52 000 kvadratmeter.<\/p>\n<p>Burke Bros \u00e4r ett familjef\u00f6retag som drivs av br\u00f6derna Burke, Gary och Chris. M\u00e5nga av deras anst\u00e4llda har varit anst\u00e4llda i \u00f6ver 20 \u00e5r. F\u00f6retaget s\u00e4ger sig vara stolt \u00f6ver sin omsorgsfulla inst\u00e4llning till varje enskild flytt.<\/p>\n<p>Gr\u00f6na fr\u00e5gor \u00e4r en stor del av f\u00f6retaget och Burke Bros har inf\u00f6rt \u00e5tervinning och avfallshantering f\u00f6r kunderna f\u00f6r att minska deras koldioxidavtryck.<\/p>\n<p>Burke Bros Anslutningar och ackrediteringar:<\/p>\n<ul>\n<li> <a href=\"https:\/\/moverdb.com\/sv\/british-association-of-removers\/\">British Association of Removers (brittisk sammanslutning av flyttfirmor)<\/a> (<a href=\"https:\/\/moverdb.com\/sv\/british-association-of-removers\/\" data-internallinksmanager029f6b8e52c=\"9\" title=\"British Association of Removers (BAR) f\u00f6rklaras\">BAR<\/a>)<\/li>\n<li> <a href=\"https:\/\/moverdb.com\/sv\/fidi-faim\/\">F\u00e9d\u00e9ration Internationale des D\u00e9m\u00e9nageurs Internationaux (Internationella federationen f\u00f6r internationella transportf\u00f6retag)<\/a> (<a href=\"https:\/\/moverdb.com\/sv\/fidi-faim\/\" data-internallinksmanager029f6b8e52c=\"16\" title=\"FIDI &amp; FAIM (FIDI Accredited International Mover) f\u00f6rklaras\">FIDI<\/a>)<\/li>\n<li> <a href=\"https:\/\/moverdb.com\/sv\/jag-ar\/\">Internationella sammanslutningen av flyttfirmor<\/a> (<a href=\"https:\/\/moverdb.com\/sv\/iam\/\" data-internallinksmanager029f6b8e52c=\"23\" title=\"International Association of Movers (IAM) f\u00f6rklaras\">IAM<\/a>)<\/li>\n<li> Pan American International Movers Association (PAIMA)<\/li>\n<li> The <a href=\"https:\/\/moverdb.com\/sv\/bar-overseas\/\">British Removals Association utomlands<\/a><\/li>\n<li> BS5750<\/li>\n<li> TSD<\/li>\n<\/ul>\n<p><strong>Burke Bros Recensioner<\/strong><\/p>\n<p><strong>Positivt<\/strong><\/p>\n<ul>\n<li> <em>\"Vi ville skicka ett tack f\u00f6r den fantastiska service som vi just upplevde under v\u00e5r flytt fr\u00e5n England till <a href=\"https:\/\/moverdb.com\/sv\/moving-to-france\/\" data-internallinksmanager029f6b8e52c=\"315\" title=\"Flyttar du till Frankrike? 2026 Levnadskostnader och flyttningstips\">Frankrike<\/a>. Vi kunde inte ha \u00f6nskat oss en b\u00e4ttre grupp killar f\u00f6r att packa, lasta och lossa f\u00f6r oss. <a href=\"https:\/\/moverdb.com\/sv\/moving-to-the-united-states\/\" data-internallinksmanager029f6b8e52c=\"94\" title=\"Flyttar du till USA? 2026 Levnadskostnader och flyttningstips\">oss<\/a>.\"<\/em> - Sue &amp; David via Burke Bros <a href=\"http:\/\/burkebros.co.uk\/about_us\/testimonials\/\" target=\"_blank\" rel=\"noopener\">sida med vittnesm\u00e5l<\/a><\/li>\n<li> <em>\"Vi anv\u00e4nde Burke Bros f\u00f6r att flytta oss fr\u00e5n Storbritannien till Dordogne i Frankrike, inte f\u00f6r att de var rimliga med sina avgifter, vilket de var, utan f\u00f6r det professionella s\u00e4tt de sk\u00f6tte jobbet fr\u00e5n b\u00f6rjan till slut.\"<\/em> - Malcolm via <a href=\"https:\/\/www.yell.com\/biz\/burke-bros-worldwide-moving-group-wolverhampton-900810900\/\" target=\"_blank\" rel=\"noopener\">Skrik<\/a><\/li>\n<\/ul>\n<p><strong>Negativ <\/strong><\/p>\n<ul>\n<li> <em>Den s\u00e4msta flyttupplevelsen p\u00e5 35 \u00e5r (8 flyttar)<\/em> - Mr D Neal via <a href=\"http:\/\/www.removalreviews.co.uk\/movingreviews\/appalling-12193\" target=\"_blank\" rel=\"noopener\">Omd\u00f6men om flyttning<\/a><\/li>\n<li> \"Sl\u00f6sa inte bort dina pengar.\" - Thibit via <a href=\"https:\/\/www.yell.com\/biz\/burke-bros-worldwide-moving-group-wolverhampton-900810900\/\" target=\"_blank\" rel=\"noopener\">Skrik<\/a><\/li>\n<\/li> <\/li>.\n<\/ul>\n<div itemprop=\"review\" itemscope itemtype=\"http:\/\/schema.org\/Review\">\n<span itemprop=\"author\" itemscope=\"\" itemtype=\"http:\/\/schema.org\/Organization\"><span itemprop=\"name\">MoverDB.com<\/span><\/span> Webbplatsgranskning p\u00e5 n\u00e4tet f\u00f6r <span itemprop=\"itemreviewed\" itemscope=\"\" itemtype=\"http:\/\/schema.org\/Brand\"><span itemprop=\"name\">Burke Bros Moving Group<\/span><\/span>:<\/p>\n<ol>\n<li> Tydliga kontaktuppgifter p\u00e5 webbplatsen (inklusive telefonnummer): <strong>Ja<\/strong><\/li>\n<li> L\u00e4tt att f\u00e5 <a href=\"https:\/\/moverdb.com\/sv\/citat\/\">offerter f\u00f6r internationella flyttningar<\/a>? (Formul\u00e4r f\u00f6r beg\u00e4ran om uppskattning online): <strong>Ja<\/strong><\/li>\n<li> Tydlig information p\u00e5 webbplatsen: <strong>Ja,<\/strong> inklusive guider till de olika l\u00e4nder som de betj\u00e4nar.<\/li>\n<li> Medlemskap i internationellt erk\u00e4nda flyttorganisationer: <strong>Ja<\/strong>, se ovan.<\/li>\n<li> F\u00f6rteckning \u00f6ver kunder och\/eller tidigare kundreferenser: <strong>N\u00e5gra,<\/strong> De har ett f\u00e5tal vittnesm\u00e5l p\u00e5 sin webbplats, med generellt sett positiva recensioner p\u00e5 andra webbplatser.<\/li>\n<\/ol>\n<div itemprop=\"reviewRating\" itemscope itemtype=\"http:\/\/schema.org\/Rating\"><meta itemprop=\"worstRating\" content = \"0\" \/><meta itemprop=\"bestRating\" content=\"5\" \/><meta itemprop=\"ratingValue\" content=\"4.5\"><\/div>\n<p><strong>Sammanfattande betyg: 4.5\/5<\/strong><br \/>\n<strong>Datum f\u00f6r granskning:<\/strong> <span itemprop=\"datePublished\" content=\"2016-09-03\">03\/09\/2016<\/span>\n<\/div>\n<p>L\u00e4s mer om <a href=\"https:\/\/moverdb.com\/sv\/internationella-flyttar\/\">internationella flyttningar<\/a> och v\u00e5r <a href=\"https:\/\/moverdb.com\/sv\/recensioner\/\">granskningsprocess.<\/a>.<\/p>\n<p><strong>Webbplats:<\/strong> <a href=\"http:\/\/burkebros.co.uk\/\" target=\"_blank\" rel=\"noopener\">http:\/\/burkebros.co.uk<\/a><\/p>","protected":false},"excerpt":{"rendered":"<p>Burke Bros are worldwide movers, storers, shippers and global relocation experts. Listed below are the services they offer, followed by a company profile and various reviews. Corporate and Personal International Removals Dedicated corporate team Comprehensive door to door service Free moving survey Network of reputable relocation experts world wide Dedicated export packing team International quarantine [&hellip;]<\/p>\n","protected":false},"author":1,"featured_media":0,"parent":0,"menu_order":0,"comment_status":"closed","ping_status":"closed","template":"","meta":{"_genesis_hide_title":false,"_genesis_hide_breadcrumbs":false,"_genesis_hide_singular_image":false,"_genesis_hide_footer_widgets":false,"_genesis_custom_body_class":"","_genesis_custom_post_class":"","_genesis_layout":"","footnotes":""},"class_list":{"0":"post-920","1":"page","2":"type-page","3":"status-publish","5":"entry"},"_links":{"self":[{"href":"https:\/\/moverdb.com\/sv\/wp-json\/wp\/v2\/pages\/920","targetHints":{"allow":["GET"]}}],"collection":[{"href":"https:\/\/moverdb.com\/sv\/wp-json\/wp\/v2\/pages"}],"about":[{"href":"https:\/\/moverdb.com\/sv\/wp-json\/wp\/v2\/types\/page"}],"author":[{"embeddable":true,"href":"https:\/\/moverdb.com\/sv\/wp-json\/wp\/v2\/users\/1"}],"replies":[{"embeddable":true,"href":"https:\/\/moverdb.com\/sv\/wp-json\/wp\/v2\/comments?post=920"}],"version-history":[{"count":5,"href":"https:\/\/moverdb.com\/sv\/wp-json\/wp\/v2\/pages\/920\/revisions"}],"predecessor-version":[{"id":6189,"href":"https:\/\/moverdb.com\/sv\/wp-json\/wp\/v2\/pages\/920\/revisions\/6189"}],"wp:attachment":[{"href":"https:\/\/moverdb.com\/sv\/wp-json\/wp\/v2\/media?parent=920"}],"curies":[{"name":"wp","href":"https:\/\/api.w.org\/{rel}","templated":true}]}}