{"id":908,"date":"2016-10-12T05:28:52","date_gmt":"2016-10-12T05:28:52","guid":{"rendered":"http:\/\/moverdb.com\/?page_id=908"},"modified":"2026-01-08T14:47:34","modified_gmt":"2026-01-08T14:47:34","slug":"arpin-international","status":"publish","type":"page","link":"https:\/\/moverdb.com\/sv\/arpin-international\/","title":{"rendered":"Arpin International: Flyttning och flyttning: Recensioner"},"content":{"rendered":"<p>Arpin International \u00e4r ett globalt <a href=\"https:\/\/moverdb.com\/sv\/international-removals\/\" data-internallinksmanager029f6b8e52c=\"27\" title=\"36 b\u00e4sta internationella flyttfirmor i Storbritannien\">flyttfirman<\/a> och med m\u00e5nga tj\u00e4nster som listas nedan. L\u00e4s ocks\u00e5 deras f\u00f6retagsprofil och recensioner. Observera att det \u00e4r den internationella filialen av American <a href=\"https:\/\/moverdb.com\/sv\/moving-companies\/\" data-internallinksmanager029f6b8e52c=\"79\" title=\"Topp 25 internationella flyttfirmor p\u00e5 n\u00e4tet\">flyttfirma<\/a> <a href=\"https:\/\/moverdb.com\/sv\/arpin-van-lines\/\">Arpin Van Lines<\/a>.<\/p>\n<p><strong>Internationella flyttar<\/strong><\/p>\n<ul>\n<li> D\u00f6rr till d\u00f6rr service<\/li>\n<li> Packning och uppackning<\/li>\n<li> S\u00e4rskild koordinator f\u00f6r internationella flyttar (IMC)<\/li>\n<li> IMC \u00e4r alltid tillg\u00e4nglig via telefon, fax eller e-post.<\/li>\n<li> IMC:s \u00e4r alla <a href=\"https:\/\/moverdb.com\/sv\/fidi-faim\/\" data-internallinksmanager029f6b8e52c=\"16\" title=\"FIDI &amp; FAIM (FIDI Accredited International Mover) f\u00f6rklaras\">FIDI<\/a> utbildad<\/li>\n<li> ArpinTRAC g\u00f6r det m\u00f6jligt f\u00f6r kunderna att sp\u00e5ra sina f\u00f6rs\u00e4ndelser dygnet runt.<\/li>\n<li> F\u00f6retags-, privat-, myndighets- och milit\u00e4rf\u00f6rflyttningar<\/li>\n<li> Tullklarering<\/li>\n<li> Flyttning av husdjur<\/li>\n<li> Biltransporter<\/li>\n<li> Hj\u00e4lp med att hitta en bostad<\/li>\n<li> St\u00f6d till skolor<\/li>\n<li> Hj\u00e4lp med medicinska hj\u00e4lpmedel<\/li>\n<\/ul>\n<p><strong>Lagring<\/strong><\/p>\n<ul>\n<li> L\u00e5ngsiktig eller kortsiktig lagring ordnas \u00f6ver hela v\u00e4rlden<\/li>\n<li> \u00d6vervakning av \u00f6vervakningskameror<\/li>\n<\/ul>\n<h2>Arpin International F\u00f6retagsprofil<\/h2>\n<p>Arpin International \u00e4r en del av Arpin International-koncernen som grundades \u00e5r 1900. Dagens Executive Vice-President, Peter Arpin, \u00e4r den fj\u00e4rde generationen som leder detta f\u00f6retag. Arpin International grundades 1989 och har sitt huvudkontor i <a href=\"https:\/\/moverdb.com\/sv\/moving-to-the-united-states\/moving-to-rhode-island\/\" data-internallinksmanager029f6b8e52c=\"450\" title=\"Flyttar du till Rhode Island? 2024 Levnadskostnader &amp; tips f\u00f6r flytt\">Rhode Island<\/a>, <a href=\"https:\/\/moverdb.com\/sv\/moving-to-the-united-states\/\" data-internallinksmanager029f6b8e52c=\"94\" title=\"Flyttar du till USA? 2026 Levnadskostnader och flyttningstips\">USA<\/a>. <\/p>\n<p>F\u00f6retaget har 385 agenter i USA och kontor i EMEA och APAC. F\u00f6retagets ledning har \u00f6ver 25 \u00e5rs erfarenhet av att flytta m\u00e4nniskor runt om i v\u00e4rlden.<\/p>\n<p>Arpin Internationals vision \u00e4r att ge sina kunder den b\u00e4sta kombinationen av service och pris. M\u00e5nga av deras anst\u00e4llda har varit utflyttade n\u00e5gon g\u00e5ng under sitt liv och f\u00f6rst\u00e5r d\u00e4rf\u00f6r de utmaningar som familjer st\u00e4lls inf\u00f6r n\u00e4r de flyttar till ett annat land. <\/p>\n<p>Arpin Internationals medarbetare f\u00f6rs\u00f6ker g\u00f6ra flytten s\u00e5 sm\u00e4rtfri som m\u00f6jligt genom att ta hand om de sm\u00e5 och stora problem som kan uppst\u00e5.<\/p>\n<p>F\u00f6retaget har bildat en h\u00e5llbarhetskommitt\u00e9 i ett f\u00f6rs\u00f6k att \"bygga en gr\u00f6nare framtid\" f\u00f6r kommande generationer. De vill ge tillbaka till lokalsamh\u00e4llet, industrin och v\u00e4rlden mycket mer \u00e4n vad de har tagit emot.<\/p>\n<p>Arpin International har f\u00f6ljande ackrediteringar och anslutningar:<\/p>\n<ul>\n<li> <a href=\"https:\/\/moverdb.com\/sv\/fidi-faim\/\">FIDI<\/a><\/li>\n<li> <a href=\"https:\/\/moverdb.com\/sv\/fidi-faim\/\">FAIM<\/a><\/li>\n<li> <a href=\"https:\/\/moverdb.com\/sv\/british-association-of-removers\/\">Den brittiska sammanslutningen f\u00f6r flyttfirmor<\/a> (<a href=\"https:\/\/moverdb.com\/sv\/british-association-of-removers\/\" data-internallinksmanager029f6b8e52c=\"9\" title=\"British Association of Removers (BAR) f\u00f6rklaras\">BAR<\/a>)<\/li>\n<li> <a href=\"https:\/\/moverdb.com\/sv\/jag-ar\/\">F\u00f6reningen f\u00f6r internationella flyttfirmor<\/a> (IMA)<\/li>\n<li> Partnerskap mellan tull och handel mot terrorism<\/li>\n<li> <a href=\"https:\/\/moverdb.com\/sv\/lacma\/\">LACMA<\/a><\/li>\n<li> <a href=\"https:\/\/moverdb.com\/sv\/radet-for-omplacering-av-arbetstagare\/\">ERC i hela v\u00e4rlden<\/a><\/li>\n<li> <a href=\"https:\/\/moverdb.com\/sv\/eura\/\">EuRA<\/a><\/li>\n<\/ul>\n<h2>Recensioner av Arpin International<\/h2>\n<p><em>Det finns inga recensioner f\u00f6r Arpin International p\u00e5 n\u00e4tet, men du kan l\u00e4sa <a href=\"https:\/\/moverdb.com\/sv\/arpin-van-lines\/\">recensioner av Arpin Van Lines h\u00e4r<\/a>.<\/em><\/p>\n<div itemprop=\"review\" itemscope itemtype=\"http:\/\/schema.org\/Review\">\n<span itemprop=\"author\" itemscope=\"\" itemtype=\"http:\/\/schema.org\/Organization\"><span itemprop=\"name\">MoverDB.com<\/span><\/span> Webbplatsgranskning p\u00e5 n\u00e4tet f\u00f6r <span itemprop=\"itemreviewed\" itemscope=\"\" itemtype=\"http:\/\/schema.org\/Brand\"><span itemprop=\"name\">Arpin International<\/span><\/span>:<\/p>\n<ol>\n<li> Tydliga kontaktuppgifter p\u00e5 webbplatsen (inklusive telefonnummer): <strong>Ja<\/strong><\/li>\n<li> L\u00e4tt att f\u00e5 <a href=\"https:\/\/moverdb.com\/sv\/citat\/\">offerter f\u00f6r internationella flyttningar<\/a>? (Formul\u00e4r f\u00f6r beg\u00e4ran om uppskattning online): <strong>Ingen<\/strong><\/li>\n<li> Tydlig information p\u00e5 webbplatsen: <strong>Egentligen inte<\/strong>webbplatsen \u00e4r l\u00e5ngsam och inneh\u00e5ller lite information.<\/li>\n<li> Medlemskap i internationellt erk\u00e4nda flyttorganisationer: <strong>Ja<\/strong><\/li>\n<li> F\u00f6rteckning \u00f6ver kunder och\/eller tidigare kundreferenser: <strong>Nej,<\/strong> och vi kunde inte hitta n\u00e5gra recensioner p\u00e5 n\u00e4tet.<\/li>\n<\/ol>\n<div itemprop=\"reviewRating\" itemscope itemtype=\"http:\/\/schema.org\/Rating\"><meta itemprop=\"worstRating\" content = \"0\" \/><meta itemprop=\"bestRating\" content=\"5\" \/><meta itemprop=\"ratingValue\" content=\"4\"><\/div>\n<p><strong>Sammanfattande betyg: 4\/5<\/strong> - <em>Observera att detta betyg g\u00e4ller Arpin Van Lines eftersom det finns f\u00f6r lite information f\u00f6r att g\u00f6ra ett separat omd\u00f6me f\u00f6r Arpin International. <\/em><br \/>\n<strong>Datum f\u00f6r granskning:<\/strong> <span itemprop=\"datePublished\" content=\"2016-10-12\">12\/10\/16<\/span>\n<\/div>\n<p>L\u00e4s mer om <a href=\"https:\/\/moverdb.com\/sv\/flyttfirmor\/\" target=\"_blank\" rel=\"noopener\">internationella flyttfirmor<\/a>, <a href=\"https:\/\/moverdb.com\/sv\/internationella-flyttar\/\">flyttfirmor<\/a> och v\u00e5r <a href=\"https:\/\/moverdb.com\/sv\/recensioner\/\">granskningsprocess.<\/a>.<\/p>\n<p><strong>Webbplats:<\/strong> <a href=\"http:\/\/www.arpinintl.com\/\" target=\"_blank\" rel=\"noopener\">http:\/\/www.arpinintl.com\/<\/a><\/p>","protected":false},"excerpt":{"rendered":"<p>Arpin International is a global removals company and with many services which are listed below. Also read their company profile and reviews. Please note that it&#8217;s the international branch of American moving company Arpin Van Lines. International Moves Door to door service Packing and unpacking Dedicated International Move Coordinator (IMC) IMC available by telephone, fax [&hellip;]<\/p>\n","protected":false},"author":1,"featured_media":0,"parent":0,"menu_order":0,"comment_status":"closed","ping_status":"closed","template":"","meta":{"_genesis_hide_title":false,"_genesis_hide_breadcrumbs":false,"_genesis_hide_singular_image":false,"_genesis_hide_footer_widgets":false,"_genesis_custom_body_class":"","_genesis_custom_post_class":"","_genesis_layout":"","footnotes":""},"class_list":{"0":"post-908","1":"page","2":"type-page","3":"status-publish","5":"entry"},"_links":{"self":[{"href":"https:\/\/moverdb.com\/sv\/wp-json\/wp\/v2\/pages\/908","targetHints":{"allow":["GET"]}}],"collection":[{"href":"https:\/\/moverdb.com\/sv\/wp-json\/wp\/v2\/pages"}],"about":[{"href":"https:\/\/moverdb.com\/sv\/wp-json\/wp\/v2\/types\/page"}],"author":[{"embeddable":true,"href":"https:\/\/moverdb.com\/sv\/wp-json\/wp\/v2\/users\/1"}],"replies":[{"embeddable":true,"href":"https:\/\/moverdb.com\/sv\/wp-json\/wp\/v2\/comments?post=908"}],"version-history":[{"count":4,"href":"https:\/\/moverdb.com\/sv\/wp-json\/wp\/v2\/pages\/908\/revisions"}],"predecessor-version":[{"id":6175,"href":"https:\/\/moverdb.com\/sv\/wp-json\/wp\/v2\/pages\/908\/revisions\/6175"}],"wp:attachment":[{"href":"https:\/\/moverdb.com\/sv\/wp-json\/wp\/v2\/media?parent=908"}],"curies":[{"name":"wp","href":"https:\/\/api.w.org\/{rel}","templated":true}]}}