{"id":906,"date":"2018-01-30T05:37:29","date_gmt":"2018-01-30T05:37:29","guid":{"rendered":"http:\/\/moverdb.com\/?page_id=906"},"modified":"2026-01-08T14:48:24","modified_gmt":"2026-01-08T14:48:24","slug":"ravflyttning","status":"publish","type":"page","link":"https:\/\/moverdb.com\/sv\/fox-moving\/","title":{"rendered":"Fox Moving &amp; Storage: Internationell flyttning Recensioner"},"content":{"rendered":"<p>Fox Moving &amp; Storage \u00e4r baserat i Cwmbran, Wales. Nedan hittar du en lista \u00f6ver deras tj\u00e4nster b\u00e5de internationellt och lokalt, tillsammans med en f\u00f6retagsprofil och recensioner.<\/p>\n<p><strong>Flytta internationellt - f\u00f6retag och privatpersoner<\/strong><\/p>\n<ul>\n<li> Personligt <a href=\"https:\/\/moverdb.com\/sv\/international-removals\/\" data-internallinksmanager029f6b8e52c=\"27\" title=\"36 b\u00e4sta internationella flyttfirmor i Storbritannien\">internationella flyttningar<\/a> agent<\/li>\n<li> Omfattande offert, flyttschema och tidsramar<\/li>\n<li> Expertteam f\u00f6r packning<\/li>\n<li> Tillhandah\u00e5ller dokumentation om tullar och punktskatter<\/li>\n<li> Lokala agenter finns till hands f\u00f6r att hj\u00e4lpa till i destinationslandet<\/li>\n<\/ul>\n<p><strong>Flytta till Europa - f\u00f6retag och privatpersoner<\/strong><\/p>\n<ul>\n<li> Personligt europeiskt flyttteam<\/li>\n<li> Omfattande offert och flyttschema<\/li>\n<li> Expertteam f\u00f6r packning<\/li>\n<li> Sm\u00e5 laster accepteras <\/li>\n<li> Leveranser p\u00e5 v\u00e4g till det europeiska fastlandet<\/li>\n<li> Leveranser till offshore-\u00f6ar med f\u00e4rja eller sj\u00f6container<\/li>\n<li> Leveranser till \u00d6steuropa med sj\u00f6container och\/eller v\u00e4gtransport<\/li>\n<li> Import- och tullinformation i f\u00f6rekommande fall.<\/li>\n<\/ul>\n<p><strong>Internationella och lokala specialister p\u00e5 flyttning av f\u00f6retag och kontor<\/strong><\/p>\n<ul>\n<li> En ledande handelsrepresentant tilldelas<\/li>\n<li> Detaljerad offert och tidsplan f\u00f6r arbetet<\/li>\n<li> Specialutformade l\u00e5dor f\u00f6r pappersarbete och flyttning av sm\u00e5 f\u00f6rem\u00e5l<\/li>\n<li> Fullst\u00e4ndigt sortiment av l\u00e5dor (f\u00f6rseglade och med lock), f\u00f6rpackningsmaterial, vagnar, skyddsk\u00e5por och vagnar.<\/li>\n<li> IT-utrustning \u00e4r helt skyddad<\/li>\n<li> IT-personal finns p\u00e5 plats f\u00f6r att demontera och \u00e5termontera datorer.<\/li>\n<li> Arkiv- och dokumentf\u00f6rvaringsanl\u00e4ggning<\/li>\n<li> Demontering och \u00e5termontering av skrivbord, arbetsstationer och hyllor.<\/li>\n<li> Komplett v\u00e4rldsomsp\u00e4nnande och europeisk frakttj\u00e4nst samt IT- och kommunikationstj\u00e4nster.<\/li>\n<\/ul>\n<p><strong>F\u00f6rflyttning inom <a href=\"https:\/\/moverdb.com\/sv\/moving-to-the-uk\/\" data-internallinksmanager029f6b8e52c=\"93\" title=\"Flyttar du till Storbritannien? 2026 Levnadskostnader och flyttningstips\">STORBRITANNIEN<\/a><\/strong><\/p>\n<ul>\n<li> Tilldelas en personlig brittisk flyttagent<\/li>\n<li> Detaljerad skriftlig offert tillhandah\u00e5lls<\/li>\n<li> D\u00f6rr till d\u00f6rr service<\/li>\n<li> Expert packers<\/li>\n<li> F\u00f6rpackningsmaterial kan tillhandah\u00e5llas<\/li>\n<li> F\u00f6rs\u00e4kring som ordnas<\/li>\n<li> F\u00f6rvaring arrangerad<\/li>\n<\/ul>\n<p><strong>F\u00f6rvaringsl\u00f6sningar<\/strong><\/p>\n<ul>\n<li> F\u00f6retags-, kommersiella och privata sj\u00e4lvf\u00f6rvaringsutrymmen<\/li>\n<li> F\u00f6rvaring av containrar<\/li>\n<li> F\u00f6rvaring f\u00f6r studenter<\/li>\n<li> F\u00f6retagsf\u00f6rvaring<\/li>\n<li> F\u00f6rvaring av arkivmaterial<\/li>\n<li> \u00d6vervakning med CCTV dygnet runt<\/li>\n<li> Tilltr\u00e4de under arbetstid<\/li>\n<\/ul>\n<p>De \u00e4r ocks\u00e5 <a href=\"https:\/\/moverdb.com\/sv\/atlas-van-lines-international\/\" rel=\"noopener\" target=\"_blank\">Atlas Van Lines<\/a> agent i Storbritannien.<\/p>\n<h2>Fox Moving &amp; Storage<\/h2>\n<p>Fox Moving &amp; Storage grundades av Roy Fox 1971. Hans familj hade varit verksam inom flytt- och f\u00f6rvaringsbranschen sedan 1920-talet. Sedan starten har f\u00f6retaget vuxit fr\u00e5n ett litet familjef\u00f6retag med service i s\u00f6dra Wales till ett f\u00f6retag som nu tillgodoser behoven hos internationella och lokala f\u00f6retags- och privatkunder. F\u00f6retaget drivs nu av Roy Fox son och tv\u00e5 barnbarn. <\/p>\n<p>Fox Moving &amp; Storage lovar att bedriva sin verksamhet p\u00e5 ett s\u00e4tt som visar full respekt f\u00f6r milj\u00f6n, sina anst\u00e4llda och framf\u00f6r allt sina kunder. De lovar ocks\u00e5 att tillhandah\u00e5lla en s\u00e4ker och effektiv arbetsmilj\u00f6 som inte bara kommer att gynna deras personal utan \u00e4ven deras kunder.<\/p>\n<p>Fox Movings anslutningar och ackrediteringar:<\/p>\n<ul>\n<li> <a href=\"https:\/\/moverdb.com\/sv\/british-association-of-removers\/\">Den brittiska sammanslutningen av flyttfirmor<\/a> (<a href=\"https:\/\/moverdb.com\/sv\/british-association-of-removers\/\" data-internallinksmanager029f6b8e52c=\"9\" title=\"British Association of Removers (BAR) f\u00f6rklaras\">BAR<\/a>)<\/li>\n<li> Institutet f\u00f6r handelsnormer (TSI)<\/li>\n<li> <a href=\"https:\/\/moverdb.com\/sv\/bar-overseas\/\">British Association of Removers utlandsgrupp<\/a><\/li>\n<li> <a href=\"https:\/\/moverdb.com\/sv\/fidi-faim\/\">F\u00e9d\u00e9ration Internationale des D\u00e9m\u00e9nageurs Internationaux (Internationella federationen f\u00f6r internationella transportf\u00f6retag)<\/a> (<a href=\"https:\/\/moverdb.com\/sv\/fidi-faim\/\" data-internallinksmanager029f6b8e52c=\"16\" title=\"FIDI &amp; FAIM (FIDI Accredited International Mover) f\u00f6rklaras\">FIDI<\/a>)<\/li>\n<li> <a href=\"https:\/\/moverdb.com\/sv\/fidi-faim\/\">FIDI-ackrediterad internationell flyttfirma<\/a> (FAIM)<\/li>\n<li> Standard f\u00f6r kvalitetss\u00e4krad service - kommersiell flyttning<\/li>\n<li> Standard f\u00f6r kvalitetss\u00e4krade tj\u00e4nster - kvalitetsledningssystem<\/li>\n<li> Standard f\u00f6r kvalitetss\u00e4krade tj\u00e4nster - Milj\u00f6ledningssystem<\/li>\n<\/ul>\n<h2>Recensioner av Fox Moving &amp; Storage<\/h2>\n<p><strong>Positivt<\/strong><\/p>\n<ul>\n<li> <em>\"V\u00e4nlig och effektiv flyttpersonal.\"<\/em> - Mr Hamer via <a href=\"http:\/\/www.fox-moving.com\/reviews\/\" target=\"_blank\" rel=\"noopener\">Fox Moving recensioner sida<\/a><\/li>\n<li> <em>\"Utm\u00e4rkt, professionell och tillm\u00f6tesg\u00e5ende service. Inga klagom\u00e5l alls, allt gick enligt en effektiv plan. Foxes \u00e4r inte \"billigast\", men man f\u00e5r vad man betalar f\u00f6r - kvalitet!\"<\/em> - Patricia via <a href=\"http:\/\/ww2.feefo.com\/en-us\/reviews\/fox-moving\/571f3e07498e08d16aafb163\/customer-review-top-notch-service\" target=\"_blank\" rel=\"noopener\">Feefo<\/a><\/li>\n<li> <em>\"Den service jag fick av Fox var o\u00f6vertr\u00e4ffad - fr\u00e5n min f\u00f6rsta f\u00f6rfr\u00e5gan till slutf\u00f6randet. Jag m\u00e5ste ocks\u00e5 rikta ett s\u00e4rskilt tack till mina flyttarbetare p\u00e5 dagen.\"<\/em> - Beverley via <a href=\"http:\/\/trustedtraders.which.co.uk\/businesses\/fox-moving-storage-cwmbran\/\" target=\"_blank\" rel=\"noopener\">F\u00f6rtroendevalda handlare<\/a><\/li>\n<li> <em>\"Vi har flyttat l\u00e4nder sex g\u00e5nger p\u00e5 lika m\u00e5nga \u00e5r. V\u00e5r senaste flytt var fr\u00e5n Wien till <a href=\"https:\/\/moverdb.com\/sv\/moving-to-london\/\">London<\/a> Det var den b\u00e4sta flytt vi n\u00e5gonsin har upplevt och vi kan inte tacka Fox nog.\"<\/em> - Sarah via Facebook.<\/li>\n<\/ul>\n<p><strong>Negativ<\/strong><\/p>\n<ul>\n<li> <em>\"Min fru och jag blev chockade \u00f6ver hur d\u00e5lig servicen vi fick var. Bes\u00e4ttningen var slarvig med v\u00e5ra tillh\u00f6righeter och gjorde ingenting f\u00f6r att skydda oss mot det f\u00f6rf\u00e4rliga v\u00e4dret de aktuella dagarna.\"<\/em> - Anthony via  <a href=\"http:\/\/ww2.feefo.com\/en-us\/reviews\/fox-moving\/571f3e07498e08d16aafb1a9\/customer-review-a-shockingly-bad-service\" target=\"_blank\" rel=\"noopener\">Feefo<\/a><\/li>\n<li> <em>\"Flyttfirman orsakade mycket skador p\u00e5 varorna. Inte mycket omsorg. F\u00f6rem\u00e5len l\u00e4mnades \u00f6verallt, \u00e4ven utanf\u00f6r.\"<\/em> - Paul via <a href=\"http:\/\/trustedtraders.which.co.uk\/businesses\/fox-moving-storage-cwmbran\/\" target=\"_blank\" rel=\"noopener\">F\u00f6rtroendevalda handlare<\/a><\/li>\n<li> <em>\"Chockande f\u00f6retag. Flyttgubbarna br\u00e5kade hela dagen, gr\u00e4lade och svor \u00e5t varandra och gjorde hela den redan stressiga flytten till en mardr\u00f6m.\"<\/em> - Mike via <a href=\"https:\/\/www.yell.com\/biz\/fox-moving-and-storage-ltd-cwmbran-6113370\/\" target=\"_blank\" rel=\"noopener\">Skrik<\/a><\/li>\n<\/ul>\n<div itemprop=\"review\" itemscope itemtype=\"http:\/\/schema.org\/Review\">\n<span itemprop=\"author\" itemscope=\"\" itemtype=\"http:\/\/schema.org\/Organization\"><span itemprop=\"name\">MoverDB.com<\/span><\/span> Webbplatsgranskning p\u00e5 n\u00e4tet f\u00f6r <span itemprop=\"itemreviewed\" itemscope=\"\" itemtype=\"http:\/\/schema.org\/Brand\"><span itemprop=\"name\">Fox Moving &amp; Storage<\/span><\/span>:<\/p>\n<ol>\n<li> Tydliga kontaktuppgifter p\u00e5 webbplatsen (inklusive telefonnummer): <strong>Ja<\/strong><\/li>\n<li> L\u00e4tt att f\u00e5 <a href=\"https:\/\/moverdb.com\/sv\/citat\/\">offerter f\u00f6r internationella flyttningar<\/a>? (Formul\u00e4r f\u00f6r beg\u00e4ran om uppskattning online): <strong>Ja<\/strong><\/li>\n<li> Tydlig information p\u00e5 webbplatsen: <strong>Ja<\/strong>, Webbplatsen \u00e4r full av anv\u00e4ndbar information och har en informativ blogg.<\/li>\n<li> Medlemskap i internationellt erk\u00e4nda flyttorganisationer: <strong>Ja<\/strong>, se ovan.<\/li>\n<li> F\u00f6rteckning \u00f6ver kunder och\/eller tidigare kundreferenser: <strong>Ja<\/strong>, Det finns en sida som \u00e4r till\u00e4gnad kundernas vittnesm\u00e5l p\u00e5 webbplatsen och recensioner fr\u00e5n hela webben \u00e4r i allm\u00e4nhet mycket positiva med endast n\u00e5gra f\u00e5 negativa recensioner.<\/li>\n<\/ol>\n<div itemprop=\"reviewRating\" itemscope itemtype=\"http:\/\/schema.org\/Rating\"><meta itemprop=\"worstRating\" content = \"0\" \/><meta itemprop=\"bestRating\" content=\"5\" \/><meta itemprop=\"ratingValue\" content=\"5\"><\/div>\n<p><strong>Sammanfattande betyg: 5\/5<\/strong><br \/>\n<strong>Datum f\u00f6r granskning:<\/strong> <span itemprop=\"datePublished\" content=\"2018-01-30\">30\/01\/18<\/span>\n<\/div>\n<p>L\u00e4s mer om <a href=\"https:\/\/moverdb.com\/sv\/internationella-flyttar\/\">internationella flyttningar<\/a> och v\u00e5r <a href=\"https:\/\/moverdb.com\/sv\/recensioner\/\">granskningsprocess.<\/a>.<\/p>\n<p><strong>Webbplats:<\/strong> <a href=\"http:\/\/www.fox-moving.com\/\" target=\"_blank\" rel=\"noopener\">http:\/\/www.fox-moving.com\/<\/a><\/p>","protected":false},"excerpt":{"rendered":"<p>Fox Moving &#038; Storage is based in Cwmbran, Wales. Below you will find a list of their services both internationally and locally, together with a company profile and reviews. Moving Internationally &#8211; Corporate and Individual Personal international removals agent Comprehensive quotation, moving schedule and timescale Expert packing team Provides customs and excise documentation Local agents [&hellip;]<\/p>\n","protected":false},"author":1,"featured_media":0,"parent":0,"menu_order":0,"comment_status":"closed","ping_status":"closed","template":"","meta":{"_genesis_hide_title":false,"_genesis_hide_breadcrumbs":false,"_genesis_hide_singular_image":false,"_genesis_hide_footer_widgets":false,"_genesis_custom_body_class":"","_genesis_custom_post_class":"","_genesis_layout":"","footnotes":""},"class_list":{"0":"post-906","1":"page","2":"type-page","3":"status-publish","5":"entry"},"_links":{"self":[{"href":"https:\/\/moverdb.com\/sv\/wp-json\/wp\/v2\/pages\/906","targetHints":{"allow":["GET"]}}],"collection":[{"href":"https:\/\/moverdb.com\/sv\/wp-json\/wp\/v2\/pages"}],"about":[{"href":"https:\/\/moverdb.com\/sv\/wp-json\/wp\/v2\/types\/page"}],"author":[{"embeddable":true,"href":"https:\/\/moverdb.com\/sv\/wp-json\/wp\/v2\/users\/1"}],"replies":[{"embeddable":true,"href":"https:\/\/moverdb.com\/sv\/wp-json\/wp\/v2\/comments?post=906"}],"version-history":[{"count":9,"href":"https:\/\/moverdb.com\/sv\/wp-json\/wp\/v2\/pages\/906\/revisions"}],"predecessor-version":[{"id":6211,"href":"https:\/\/moverdb.com\/sv\/wp-json\/wp\/v2\/pages\/906\/revisions\/6211"}],"wp:attachment":[{"href":"https:\/\/moverdb.com\/sv\/wp-json\/wp\/v2\/media?parent=906"}],"curies":[{"name":"wp","href":"https:\/\/api.w.org\/{rel}","templated":true}]}}