{"id":895,"date":"2016-10-11T05:16:54","date_gmt":"2016-10-11T05:16:54","guid":{"rendered":"http:\/\/moverdb.com\/?page_id=895"},"modified":"2026-01-08T14:48:03","modified_gmt":"2026-01-08T14:48:03","slug":"konstantin-flyttning","status":"publish","type":"page","link":"https:\/\/moverdb.com\/sv\/constantine-moving\/","title":{"rendered":"Constantine Moving: Internationell flyttning: Recensioner"},"content":{"rendered":"<p>Constantine Movings tj\u00e4nster listas nedan, f\u00f6ljt av en f\u00f6retagsprofil och recensioner.<\/p>\n<p><strong>Internationell hemflyttning<\/strong><\/p>\n<ul>\n<li> M\u00f6te f\u00f6re flytten<\/li>\n<li> Gratis offert, flyttplan och tidtabell<\/li>\n<li> H\u00f6gkvalificerad, professionellt utbildad packningsbes\u00e4ttning med stor erfarenhet<\/li>\n<li> Lagring tillg\u00e4nglig<\/li>\n<li> Sj\u00f6transporter<\/li>\n<li> Lufttransport<\/li>\n<li> V\u00e4gtransporter<\/li>\n<li> Tullklarering<\/li>\n<li> Leverans till det nya hemmet<\/li>\n<li> Uppackning och \u00e5termontering av m\u00f6bler.<\/li>\n<li> Borttagning av alla f\u00f6rpackningar f\u00f6r \u00e5tervinning<\/li>\n<\/ul>\n<p><strong>Fine Art Moving<\/strong><\/p>\n<ul>\n<li> Design och tygv\u00e4skor f\u00f6r alla typer av f\u00f6rem\u00e5l<\/li>\n<li> S\u00e4rskild projektsamordnare<\/li>\n<li> Specialiserat f\u00f6rpackningsmaterial<\/li>\n<li> Professionellt utbildade, mycket erfarna f\u00f6rpackningstekniker<\/li>\n<li> Transporter p\u00e5 v\u00e4g, i luften eller till sj\u00f6ss<\/li>\n<li> Installera allt fr\u00e5n sm\u00e5, \u00f6mt\u00e5liga f\u00f6rem\u00e5l till stora museif\u00f6rem\u00e5l.<\/li>\n<li> Teknikerna b\u00e4r hanteringsutrustning som st\u00e4llningar, stegar osv.<\/li>\n<li> F\u00f6rvaring i en fuktkontrollerad milj\u00f6 med 24 timmars \u00f6vervakningskameror.<\/li>\n<li> Dekanter fr\u00e5n museet<\/li>\n<li> Installationer i galleriet<\/li>\n<li> Flyttning av hela samlingar<\/li>\n<\/ul>\n<p><strong>Lagring<\/strong><\/p>\n<ul>\n<li> Lagringsutrymmen som skyddas av omfattande s\u00e4kerhets\u00e5tg\u00e4rder<\/li>\n<li> Fuktighetskontrollerad milj\u00f6 f\u00f6r att skydda f\u00f6rvarade skatter.<\/li>\n<\/ul>\n<p><strong>Kompletterande tj\u00e4nster<\/strong><\/p>\n<ul>\n<li> <a href=\"https:\/\/moverdb.com\/sv\/car-transport-shipping\/\" data-internallinksmanager029f6b8e52c=\"2\" title=\"2026 Internationella offerter f\u00f6r biltransport och fordonsfrakt\">Biltransporter<\/a> &amp; lagring<\/li>\n<li> Transport av s\u00e4llskapsdjur<\/li>\n<li> Handyman (demontering och \u00e5termontering av specialm\u00f6bler, utrustning etc.)<\/li>\n<li> H\u00e4ngning av tavlor\/installation av konst<\/li>\n<li> Specialf\u00f6rpackningar (f\u00f6r \u00f6mt\u00e5liga eller v\u00e4rdefulla f\u00f6rem\u00e5l)<\/li>\n<li> St\u00e4dning av hus<\/li>\n<li> St\u00e4dservice (tv\u00e4tt, undanr\u00f6jning av <a href=\"https:\/\/moverdb.com\/sv\/moving-to-china\/\" data-internallinksmanager029f6b8e52c=\"357\" title=\"Flytta till Kina? 2026 Levnadskostnader och tips om omlokalisering\">Kina<\/a>, glasvaror, kl\u00e4der etc.)<\/li>\n<li> Elektriker eller r\u00f6rmokare<\/li>\n<li> Avkoppling och \u00e5terinstallation av satellit-TV-antenn<\/li>\n<li> Specialiserad \"s\u00e4ker\" flyttning<\/li>\n<li> F\u00f6nster och d\u00f6rrkarmar avl\u00e4gsnas och \u00e5terinstalleras<\/li>\n<li> Utomhushiss (specialhiss) f\u00f6r att komma in i bostaden via de \u00f6vre v\u00e5ningarna.<\/li>\n<li> Uthyrning av m\u00f6bler<\/li>\n<li> Restaurering och reparation av m\u00f6bler<\/li>\n<\/ul>\n<h2>Constantine Moving Company Profil<\/h2>\n<p>Constantine-koncernen startade i mitten av 1800-talet n\u00e4r Joseph Constantine och andra familjemedlemmar k\u00f6pte in sig i ett f\u00f6retag som \u00e4gde segelfartyg. N\u00e4r \u00e5ngan tog \u00f6ver seglet hade Constantine-koncernen expanderat till att bli en av de st\u00f6rsta redarna i v\u00e4rlden. <a href=\"https:\/\/moverdb.com\/sv\/moving-to-the-uk\/\" data-internallinksmanager029f6b8e52c=\"93\" title=\"Flyttar du till Storbritannien? 2026 Levnadskostnader och flyttningstips\">STORBRITANNIEN<\/a>.<\/p>\n<p>F\u00f6rsta och andra v\u00e4rldskriget tog tyv\u00e4rr deras fartyg, s\u00e5 gruppen b\u00f6rjade resa, <a href=\"https:\/\/moverdb.com\/sv\/speditor\/\">spedition.<\/a> och fastighetsinvesteringar. Idag koncentrerar sig Constantine Moving p\u00e5 att flytta m\u00e4nniskor och konst runt om i v\u00e4rlden. De \u00e4r stolta \u00f6ver att ha en kunglig utn\u00e4mningsgaranti som ett erk\u00e4nnande av sina tj\u00e4nster till drottning Elizabeth II.<\/p>\n<p>Constantine Moving medlemskap och ackrediteringar:<\/p>\n<ul>\n<li> <a href=\"https:\/\/moverdb.com\/sv\/british-association-of-removers\/\">Den brittiska sammanslutningen av flyttfirmor<\/a> (<a href=\"https:\/\/moverdb.com\/sv\/british-association-of-removers\/\" data-internallinksmanager029f6b8e52c=\"9\" title=\"British Association of Removers (BAR) f\u00f6rklaras\">BAR<\/a>)<\/li>\n<li> <a href=\"https:\/\/moverdb.com\/sv\/fidi-faim\/\">FIDI<\/a><\/li>\n<li> <a href=\"https:\/\/moverdb.com\/sv\/fidi-faim\/\">FAIM<\/a><\/li>\n<li> Institutet f\u00f6r handelsnormer (TSI)<\/li>\n<li> <a href=\"https:\/\/moverdb.com\/sv\/jag-ar\/\">Internationella sammanslutningen av flyttfirmor<\/a> (<a href=\"https:\/\/moverdb.com\/sv\/iam\/\" data-internallinksmanager029f6b8e52c=\"23\" title=\"International Association of Movers (IAM) f\u00f6rklaras\">IAM<\/a>)<\/li>\n<li> Internationellt m\u00f6te f\u00f6r konsttransport\u00f6rer (ARTIM)<\/li>\n<li> P\u00e5 uppdrag av Hennes Majest\u00e4t drottningen<\/li>\n<\/ul>\n<h2>Constantine flyttning Recensioner<\/h2>\n<p><em>Det finns f\u00f6r n\u00e4rvarande inga positiva eller negativa recensioner av Constantine Moving online.<\/em><\/p>\n<div itemprop=\"review\" itemscope itemtype=\"http:\/\/schema.org\/Review\">\n<span itemprop=\"author\" itemscope=\"\" itemtype=\"http:\/\/schema.org\/Organization\"><span itemprop=\"name\">MoverDB.com<\/span><\/span> Webbplatsgranskning p\u00e5 n\u00e4tet f\u00f6r <span itemprop=\"itemreviewed\" itemscope=\"\" itemtype=\"http:\/\/schema.org\/Brand\"><span itemprop=\"name\">Constantine flyttar<\/span><\/span>:<\/p>\n<ol>\n<li> Tydliga kontaktuppgifter p\u00e5 webbplatsen (inklusive telefonnummer): <strong>Ja<\/strong><\/li>\n<li> L\u00e4tt att f\u00e5 <a href=\"https:\/\/moverdb.com\/sv\/citat\/\">offerter f\u00f6r internationella flyttningar<\/a>? (Formul\u00e4r f\u00f6r beg\u00e4ran om uppskattning online): <strong>Ingen<\/strong><\/li>\n<li> Tydlig information p\u00e5 webbplatsen: <strong>N\u00e5gra,<\/strong> Webbplatsen inneh\u00e5ller inte mycket detaljerad information. Den tillhandah\u00e5lls p\u00e5 planeringsstadiet.<\/li>\n<li> Medlemskap i internationellt erk\u00e4nda flyttorganisationer: <strong>Ja<\/strong>, se ovan.<\/li>\n<li> F\u00f6rteckning \u00f6ver kunder och\/eller tidigare kundreferenser: <strong>Ingen<\/strong>\u00c4ven om drottning Elizabeth II och den kungliga familjen \u00e4r bland deras kunder.<\/li>\n<\/ol>\n<div itemprop=\"reviewRating\" itemscope itemtype=\"http:\/\/schema.org\/Rating\"><meta itemprop=\"worstRating\" content = \"0\" \/><meta itemprop=\"bestRating\" content=\"5\" \/><meta itemprop=\"ratingValue\" content=\"4\"><\/div>\n<p><strong>Sammanfattande betyg: 4\/5<\/strong><br \/>\n<strong>Datum f\u00f6r granskning:<\/strong> <span itemprop=\"datePublished\" content=\"2016-10-11\">11\/10\/16<\/span>\n<\/div>\n<p>L\u00e4s mer om <a href=\"https:\/\/moverdb.com\/sv\/internationella-flyttar\/\">internationella flyttfirmor<\/a> och v\u00e5r <a href=\"https:\/\/moverdb.com\/sv\/recensioner\/\">granskningsprocess.<\/a>.<\/p>\n<p><strong>Webbplats:<\/strong> <a href=\"http:\/\/www.constantinemoving.com\/\" target=\"_blank\" rel=\"noopener\">http:\/\/www.constantinemoving.com\/<\/a><\/p>","protected":false},"excerpt":{"rendered":"<p>The services of Constantine Moving are listed below, following by a company profile and reviews. International Home Moving Pre-move appointment Free quote, move plan and timetable Highly experienced professionally trained packing crew Storage available Sea shipment Air shipment Road transportation Customs clearance Delivery to new home Unpacking and reassembling of furniture Removal of all packing [&hellip;]<\/p>\n","protected":false},"author":1,"featured_media":0,"parent":0,"menu_order":0,"comment_status":"closed","ping_status":"closed","template":"","meta":{"_genesis_hide_title":false,"_genesis_hide_breadcrumbs":false,"_genesis_hide_singular_image":false,"_genesis_hide_footer_widgets":false,"_genesis_custom_body_class":"","_genesis_custom_post_class":"","_genesis_layout":"","footnotes":""},"class_list":{"0":"post-895","1":"page","2":"type-page","3":"status-publish","5":"entry"},"_links":{"self":[{"href":"https:\/\/moverdb.com\/sv\/wp-json\/wp\/v2\/pages\/895","targetHints":{"allow":["GET"]}}],"collection":[{"href":"https:\/\/moverdb.com\/sv\/wp-json\/wp\/v2\/pages"}],"about":[{"href":"https:\/\/moverdb.com\/sv\/wp-json\/wp\/v2\/types\/page"}],"author":[{"embeddable":true,"href":"https:\/\/moverdb.com\/sv\/wp-json\/wp\/v2\/users\/1"}],"replies":[{"embeddable":true,"href":"https:\/\/moverdb.com\/sv\/wp-json\/wp\/v2\/comments?post=895"}],"version-history":[{"count":3,"href":"https:\/\/moverdb.com\/sv\/wp-json\/wp\/v2\/pages\/895\/revisions"}],"predecessor-version":[{"id":6195,"href":"https:\/\/moverdb.com\/sv\/wp-json\/wp\/v2\/pages\/895\/revisions\/6195"}],"wp:attachment":[{"href":"https:\/\/moverdb.com\/sv\/wp-json\/wp\/v2\/media?parent=895"}],"curies":[{"name":"wp","href":"https:\/\/api.w.org\/{rel}","templated":true}]}}