{"id":893,"date":"2016-09-28T05:29:53","date_gmt":"2016-09-28T05:29:53","guid":{"rendered":"http:\/\/moverdb.com\/?page_id=893"},"modified":"2026-01-08T14:40:01","modified_gmt":"2026-01-08T14:40:01","slug":"john-mason","status":"publish","type":"page","link":"https:\/\/moverdb.com\/sv\/john-mason\/","title":{"rendered":"John Mason International Movers: Recensioner av flyttningar"},"content":{"rendered":"<p>John Mason International Movers erbjuder sina kunder olika flyttj\u00e4nster som listas nedan. H\u00e4r finns ocks\u00e5 en f\u00f6retagsprofil och recensioner.<\/p>\n<p><strong><a href=\"https:\/\/moverdb.com\/sv\/container-shipping\/\" data-internallinksmanager029f6b8e52c=\"3\" title=\"Diagram \u00f6ver internationella containerfraktpriser: April 2026\">Internationell frakt<\/a> Tj\u00e4nster - till och fr\u00e5n <a href=\"https:\/\/moverdb.com\/sv\/moving-to-the-uk\/\" data-internallinksmanager029f6b8e52c=\"93\" title=\"Flyttar du till Storbritannien? 2026 Levnadskostnader och flyttningstips\">STORBRITANNIEN<\/a><\/strong><\/p>\n<ul>\n<li> D\u00f6rr till d\u00f6rr service<\/li>\n<li> En dedikerad flyttledare<\/li>\n<li> Professionell exportf\u00f6rpackning i hemmet<\/li>\n<li> Frakt med flyg eller b\u00e5t<\/li>\n<li> <a href=\"https:\/\/moverdb.com\/sv\/container-transport\/\">Full beh\u00e5llarlast eller delad beh\u00e5llare<\/a><\/li>\n<li> Bagageservice f\u00f6r enstaka f\u00f6rem\u00e5l<\/li>\n<li> N\u00e4tverk av professionella agenter \u00f6ver hela v\u00e4rlden<\/li>\n<li> Tullklarering<\/li>\n<li> Leverans och uppackning i det nya hemmet<\/li>\n<li> Lagring vid ursprung och destination<\/li>\n<li> Allriskf\u00f6rs\u00e4kring f\u00f6r sj\u00f6farten<\/li>\n<li> St\u00e4derska och hantverkare<\/li>\n<\/ul>\n<p><strong>Internationella flyttj\u00e4nster<\/strong><\/p>\n<ul>\n<li> Hj\u00e4lp med f\u00f6rs\u00e4ljning av bostaden<\/li>\n<li> Avf\u00e4rdsservice - att reda ut alla l\u00f6sa tr\u00e5dar, t.ex. mindre reparationer och st\u00e4dning.<\/li>\n<li> F\u00f6rflyttningshantering<\/li>\n<li> Orienteringsturer - inklusive visning av fastigheter och skolor<\/li>\n<li> Kulturell och spr\u00e5klig utbildning<\/li>\n<li> Att bos\u00e4tta sig - \u00f6ppna bankkonton, registrera sig hos l\u00e4kare och tandl\u00e4kare och en m\u00e4ngd andra uppgifter f\u00f6r att g\u00f6ra livet enkelt.<\/li>\n<li> Flyttning av husdjur<\/li>\n<\/ul>\n<p><strong>Europeisk frakt och flyttning<\/strong><\/p>\n<ul>\n<li> En specialbyggd europeisk fordonsflotta<\/li>\n<li> Engagerade flyttledare<\/li>\n<li> D\u00f6rr till d\u00f6rr service<\/li>\n<li> Dedikerad tj\u00e4nst - fordonet inneh\u00e5ller en persons\/ett f\u00f6retags varor.<\/li>\n<li> Delvis belastning<\/li>\n<li> F\u00f6rpackningsalternativ - \u00e4garen packar, utvalda f\u00f6rem\u00e5l packas professionellt, fullst\u00e4ndig professionell packning.<\/li>\n<li> Eventuellt bist\u00e5nd i fr\u00e5ga om tullar och punktskatter<\/li>\n<li> Lagring <\/li>\n<li> F\u00f6rs\u00e4kring<\/li>\n<li> Luftfrakt kan ordnas<\/li>\n<\/ul>\n<p><strong>Tj\u00e4nster f\u00f6r handelstransporter<\/strong><\/p>\n<ul>\n<li> Luftfrakt<\/li>\n<li> FCL<\/li>\n<li> LCL<\/li>\n<li> Gruppering<\/li>\n<li> Europeiska v\u00e4gtrafiktj\u00e4nster<\/li>\n<\/ul>\n<p><strong>Lagringstj\u00e4nster<\/strong><\/p>\n<ul>\n<li> F\u00f6rvaring av arkivmaterial<\/li>\n<li> F\u00f6rvaring av b\u00e5tar<\/li>\n<li> F\u00f6rvaring av husvagnar<\/li>\n<li> Kommersiell lagring<\/li>\n<li> F\u00f6rvaring av hush\u00e5llsprodukter<\/li>\n<li> F\u00f6rvaring av motorcyklar<\/li>\n<li> Sj\u00e4lvf\u00f6rvaring<\/li>\n<li> F\u00f6rvaring f\u00f6r studenter<\/li>\n<li> F\u00f6rvaring av fordon<\/li>\n<\/ul>\n<h2>John Mason International Movers F\u00f6retagsprofil<\/h2>\n<p>John Mason International Movers startades av Mary Mason 1884. Hennes son John Mason ansl\u00f6t sig till henne 1887, d\u00e5 deras huvudsakliga verksamhet var att flytta kol. John Mason tog \u00f6ver verksamheten fr\u00e5n sin mor 1890 och startade en allm\u00e4n transportverksamhet. <a href=\"https:\/\/moverdb.com\/sv\/moving-companies\/\" data-internallinksmanager029f6b8e52c=\"79\" title=\"Topp 25 internationella flyttfirmor p\u00e5 n\u00e4tet\">flyttfirma<\/a>. F\u00f6retaget fortsatte att expandera och blomstra och 1955 startade det en daglig flyttservice till <a href=\"https:\/\/moverdb.com\/sv\/moving-to-ireland\/\" data-internallinksmanager029f6b8e52c=\"320\" title=\"Flyttar du till Irland? 2026 Levnadskostnader och flyttningstips\">Irland<\/a>. <\/p>\n<p>John Mason har fortsatt att v\u00e4xa och utf\u00f6r nu i genomsnitt 8 000 flyttningar runt om i v\u00e4rlden varje \u00e5r. Internationella flyttar, f\u00f6retags- och kommersiella flyttar samt hush\u00e5llsflyttar och lagring \u00e4r grunden f\u00f6r detta familjef\u00f6retag. Deras vision \u00e4r att ha en helt flexibel flyttj\u00e4nst med tonvikt p\u00e5 familjev\u00e4rden och integritet.<\/p>\n<p>John Masons medlemskap och ackrediteringar:<\/p>\n<ul>\n<li> <a href=\"https:\/\/moverdb.com\/sv\/british-association-of-removers\/\">Den brittiska sammanslutningen av flyttfirmor<\/a> (<a href=\"https:\/\/moverdb.com\/sv\/british-association-of-removers\/\" data-internallinksmanager029f6b8e52c=\"9\" title=\"British Association of Removers (BAR) f\u00f6rklaras\">BAR<\/a>)<\/li>\n<li> <a href=\"https:\/\/moverdb.com\/sv\/bar-overseas\/\">British Association of Removers Utomeuropeiska flyttfirmor<\/a><\/li>\n<li> Internationellt n\u00e4tverk f\u00f6r utlandsflyttning (OMNI)<\/li>\n<li> <a href=\"https:\/\/moverdb.com\/sv\/fidi-faim\/\">Internationella federationen f\u00f6r internationella flyttfirmor<\/a> (<a href=\"https:\/\/moverdb.com\/sv\/fidi-faim\/\" data-internallinksmanager029f6b8e52c=\"16\" title=\"FIDI &amp; FAIM (FIDI Accredited International Mover) f\u00f6rklaras\">FIDI<\/a>)<\/li>\n<li> <a href=\"https:\/\/moverdb.com\/sv\/fidi-faim\/\">FAIM<\/a><\/li>\n<li> <a href=\"https:\/\/moverdb.com\/sv\/mtc\/\">The Movers Trading Club<\/a> (<a href=\"https:\/\/moverdb.com\/sv\/mtc\/\" data-internallinksmanager029f6b8e52c=\"30\" title=\"Movers Trading Club (MTC) f\u00f6rklaras\">MTC<\/a>)<\/li>\n<li> Institutet f\u00f6r handelsnormer<\/li>\n<li> <a href=\"https:\/\/moverdb.com\/sv\/lacma\/\">F\u00f6reningen f\u00f6r internationella flyttfirmor i Latinamerika och V\u00e4stindien<\/a> (<a href=\"https:\/\/moverdb.com\/sv\/lacma\/\" data-internallinksmanager029f6b8e52c=\"28\" title=\"Latinamerikanska och karibiska internationella flyttf\u00f6reningen (LACMA)\">LACMA<\/a>)<\/li>\n<\/ul>\n<h2>John Mason International Movers Recensioner<\/h2>\n<p><strong>Positivt<\/strong><\/p>\n<ul>\n<li> <em>\"Hela min erfarenhet av John Mason har varit mycket bra, fr\u00e5n Tony som gjorde en besiktning till idag n\u00e4r containern packades, jag kommer definitivt att rekommendera John Mason f\u00f6r flyttj\u00e4nster.\"<\/em> - M.H. South Shields fr\u00e5n <a href=\"http:\/\/www.johnmason.com\/about-us\/\" target=\"_blank\" rel=\"noopener\">Webbplats f\u00f6r John Mason<\/a>.<\/li>\n<li> <em>\"Teamet p\u00e5 John Masons var enast\u00e5ende. Fr\u00e5n hembes\u00f6ket, deras frekventa uppdateringar, flyttgubbarna, allt var fantastiskt.\"<\/em> - Jaclyn via <a href=\"https:\/\/www.facebook.com\/johnmasoninternational\/reviews\/\" target=\"_blank\" rel=\"noopener\">Facebook-omd\u00f6me<\/a><\/li>\n<li><em>\"Vi gjorde samma flytt f\u00f6r tre m\u00e5nader sedan och anv\u00e4nde John Masons internationella flyttfirmor. De sk\u00f6tte \u00e4ven packningen och uppackningen. Jag kan inte rekommendera dem nog, inte en enda sak gick s\u00f6nder eller f\u00f6rlorades.\"<\/em> - via <a href=\"http:\/\/www.mumsnet.com\/Talk\/living_overseas\/1535416-Shipping-to-Australia\" target=\"_blank\" rel=\"noopener\">Mumsnet<\/a><\/li>\n<\/ul>\n<p><strong>Negativ<\/strong><\/p>\n<p>Endast <strong>6%<\/strong> av deras recensioner p\u00e5 Trustpilot \u00e4r 1 eller 2 stj\u00e4rnor j\u00e4mf\u00f6rt med <strong>93%<\/strong> som har 4 eller 5 stj\u00e4rnor. Du kan l\u00e4sa alla dessa recensioner <a href=\"https:\/\/uk.trustpilot.com\/review\/www.johnmason.com\" rel=\"noopener\" target=\"_blank\">h\u00e4r<\/a>.  <\/p>\n<div itemprop=\"review\" itemscope itemtype=\"http:\/\/schema.org\/Review\">\n<span itemprop=\"author\" itemscope=\"\" itemtype=\"http:\/\/schema.org\/Organization\"><span itemprop=\"name\">MoverDB.com<\/span><\/span> Webbplatsgranskning p\u00e5 n\u00e4tet f\u00f6r <span itemprop=\"itemreviewed\" itemscope=\"\" itemtype=\"http:\/\/schema.org\/Brand\"><span itemprop=\"name\">John Mason International Movers<\/span><\/span>:<\/p>\n<ol>\n<li> Tydliga kontaktuppgifter p\u00e5 webbplatsen (inklusive telefonnummer): <strong>Ja<\/strong><\/li>\n<li> L\u00e4tt att f\u00e5 <a href=\"https:\/\/moverdb.com\/sv\/citat\/\">offerter f\u00f6r internationella flyttningar<\/a>? (Formul\u00e4r f\u00f6r beg\u00e4ran om uppskattning online): <strong>Ja<\/strong><\/li>\n<li> Tydlig information p\u00e5 webbplatsen: <strong>Ja,<\/strong> Webbplatsen \u00e4r ganska omfattande, men mer detaljerad information kan tillhandah\u00e5llas p\u00e5 beg\u00e4ran.<\/li>\n<li> Medlemskap i internationellt erk\u00e4nda flyttorganisationer: <strong>Ja<\/strong>, se ovan.<\/li>\n<li> F\u00f6rteckning \u00f6ver kunder och\/eller tidigare kundreferenser: <strong>N\u00e5gra,<\/strong> Det finns kundomd\u00f6men l\u00e4ngst ner p\u00e5 varje sida, men ingen s\u00e4rskild sida f\u00f6r dem. Dessutom har de mestadels positiva recensioner p\u00e5 n\u00e4tet, men det finns ocks\u00e5 n\u00e5gra f\u00e5 negativa.<\/li>\n<\/ol>\n<div itemprop=\"reviewRating\" itemscope itemtype=\"http:\/\/schema.org\/Rating\"><meta itemprop=\"worstRating\" content = \"0\" \/><meta itemprop=\"bestRating\" content=\"5\" \/><meta itemprop=\"ratingValue\" content=\"4\"><\/div>\n<p><strong>Sammanfattande betyg: 4\/5<\/strong><br \/>\n<strong>Datum f\u00f6r granskning:<\/strong> <span itemprop=\"datePublished\" content=\"2019-01-18\">18\/01\/2019<\/span>\n<\/div>\n<p>L\u00e4s mer om <a href=\"https:\/\/moverdb.com\/sv\/internationella-flyttar\/\">internationella flyttfirmor<\/a> och v\u00e5r <a href=\"https:\/\/moverdb.com\/sv\/recensioner\/\">granskningsprocess.<\/a>.<\/p>\n<p><strong>Webbplats:<\/strong> <a href=\"http:\/\/www.johnmason.com\/\" target=\"_blank\" rel=\"noopener\">http:\/\/www.johnmason.com\/<\/a><\/p>","protected":false},"excerpt":{"rendered":"<p>John Mason International Movers offers clients various removal services which are listed below. There also follows a company profile and reviews. International Shipping Services &#8211; To and From the UK Door to door service Dedicated move manager Professional export packing at home Shipping by air or sea Full container load or shared container Baggage service [&hellip;]<\/p>\n","protected":false},"author":1,"featured_media":0,"parent":0,"menu_order":0,"comment_status":"closed","ping_status":"closed","template":"","meta":{"_genesis_hide_title":false,"_genesis_hide_breadcrumbs":false,"_genesis_hide_singular_image":false,"_genesis_hide_footer_widgets":false,"_genesis_custom_body_class":"","_genesis_custom_post_class":"","_genesis_layout":"","footnotes":""},"class_list":{"0":"post-893","1":"page","2":"type-page","3":"status-publish","5":"entry"},"_links":{"self":[{"href":"https:\/\/moverdb.com\/sv\/wp-json\/wp\/v2\/pages\/893","targetHints":{"allow":["GET"]}}],"collection":[{"href":"https:\/\/moverdb.com\/sv\/wp-json\/wp\/v2\/pages"}],"about":[{"href":"https:\/\/moverdb.com\/sv\/wp-json\/wp\/v2\/types\/page"}],"author":[{"embeddable":true,"href":"https:\/\/moverdb.com\/sv\/wp-json\/wp\/v2\/users\/1"}],"replies":[{"embeddable":true,"href":"https:\/\/moverdb.com\/sv\/wp-json\/wp\/v2\/comments?post=893"}],"version-history":[{"count":8,"href":"https:\/\/moverdb.com\/sv\/wp-json\/wp\/v2\/pages\/893\/revisions"}],"predecessor-version":[{"id":13168,"href":"https:\/\/moverdb.com\/sv\/wp-json\/wp\/v2\/pages\/893\/revisions\/13168"}],"wp:attachment":[{"href":"https:\/\/moverdb.com\/sv\/wp-json\/wp\/v2\/media?parent=893"}],"curies":[{"name":"wp","href":"https:\/\/api.w.org\/{rel}","templated":true}]}}