{"id":8912,"date":"2023-04-27T14:28:23","date_gmt":"2023-04-27T14:28:23","guid":{"rendered":"https:\/\/moverdb.com\/?page_id=8912"},"modified":"2026-01-08T15:29:31","modified_gmt":"2026-01-08T15:29:31","slug":"moving-companies-philippines","status":"publish","type":"page","link":"https:\/\/moverdb.com\/sv\/moving-companies\/moving-companies-philippines\/","title":{"rendered":"7 b\u00e4sta internationella flyttfirmor i Filippinerna"},"content":{"rendered":"<p>Om du flyttar bostad eller verksamhet inom, till eller fr\u00e5n <a href=\"https:\/\/moverdb.com\/sv\/moving-to-the-philippines\/\" data-internallinksmanager029f6b8e52c=\"376\" title=\"Flytta till Filippinerna? 2026 Levnadskostnader och tips om omlokalisering\">Filippinerna<\/a>kanske du beh\u00f6ver lite st\u00f6d f\u00f6r att l\u00e4tta p\u00e5 b\u00f6rdan. <a href=\"https:\/\/moverdb.com\/sv\/moving-companies\/\" data-internallinksmanager029f6b8e52c=\"79\" title=\"Topp 25 internationella flyttfirmor p\u00e5 n\u00e4tet\">Flyttfirmor<\/a> kan hj\u00e4lpa till med packning, transport och dokumentation. Nedan har vi sammanst\u00e4llt en lista \u00f6ver Filippinerna-baserade <a href=\"https:\/\/moverdb.com\/sv\/international-removals\/\" data-internallinksmanager029f6b8e52c=\"27\" title=\"36 b\u00e4sta internationella flyttfirmor i Storbritannien\">flyttfirmor<\/a> som \u00e4r medlemmar i <a href=\"https:\/\/moverdb.com\/sv\/iam\/\" data-internallinksmanager029f6b8e52c=\"23\" title=\"International Association of Movers (IAM) f\u00f6rklaras\">Internationella sammanslutningen av flyttfirmor<\/a> (IAM) och\/eller <a href=\"https:\/\/moverdb.com\/sv\/fidi-faim\/\" data-internallinksmanager029f6b8e52c=\"16\" title=\"FIDI &amp; FAIM (FIDI Accredited International Mover) f\u00f6rklaras\">FIDI<\/a> Accredited International Mover (FAIM) som kan hj\u00e4lpa dig med din flytt.<\/p>\n<div id=\"ez-toc-container\" class=\"ez-toc-v2_0_83 ez-toc-wrap-left counter-hierarchy ez-toc-counter ez-toc-transparent ez-toc-container-direction\">\n<div class=\"ez-toc-title-container\">\n<p class=\"ez-toc-title\" style=\"cursor:inherit\">Avsnitt<\/p>\n<span class=\"ez-toc-title-toggle\"><a href=\"#\" class=\"ez-toc-pull-right ez-toc-btn ez-toc-btn-xs ez-toc-btn-default ez-toc-toggle\" aria-label=\"V\u00e4xla till inneh\u00e5llsf\u00f6rteckning\"><span class=\"ez-toc-js-icon-con\"><span class=\"\"><span class=\"eztoc-hide\" style=\"display:none;\">V\u00e4xel<\/span><span class=\"ez-toc-icon-toggle-span\"><svg style=\"fill: #999;color:#999\" xmlns=\"http:\/\/www.w3.org\/2000\/svg\" class=\"list-377408\" width=\"20px\" height=\"20px\" viewbox=\"0 0 24 24\" fill=\"none\"><path d=\"M6 6H4v2h2V6zm14 0H8v2h12V6zM4 11h2v2H4v-2zm16 0H8v2h12v-2zM4 16h2v2H4v-2zm16 0H8v2h12v-2z\" fill=\"currentColor\"><\/path><\/svg><svg style=\"fill: #999;color:#999\" class=\"arrow-unsorted-368013\" xmlns=\"http:\/\/www.w3.org\/2000\/svg\" width=\"10px\" height=\"10px\" viewbox=\"0 0 24 24\" version=\"1.2\" baseprofile=\"tiny\"><path d=\"M18.2 9.3l-6.2-6.3-6.2 6.3c-.2.2-.3.4-.3.7s.1.5.3.7c.2.2.4.3.7.3h11c.3 0 .5-.1.7-.3.2-.2.3-.5.3-.7s-.1-.5-.3-.7zM5.8 14.7l6.2 6.3 6.2-6.3c.2-.2.3-.5.3-.7s-.1-.5-.3-.7c-.2-.2-.4-.3-.7-.3h-11c-.3 0-.5.1-.7.3-.2.2-.3.5-.3.7s.1.5.3.7z\"\/><\/svg><\/span><\/span><\/span><\/a><\/span><\/div>\n<nav><ul class='ez-toc-list ez-toc-list-level-1 eztoc-toggle-hide-by-default' ><li class='ez-toc-page-1 ez-toc-heading-level-2'><a class=\"ez-toc-link ez-toc-heading-1\" href=\"https:\/\/moverdb.com\/sv\/moving-companies\/moving-companies-philippines\/#1_Asia_Relocation\" >1. Flyttning till Asien<\/a><\/li><li class='ez-toc-page-1 ez-toc-heading-level-2'><a class=\"ez-toc-link ez-toc-heading-2\" href=\"https:\/\/moverdb.com\/sv\/moving-companies\/moving-companies-philippines\/#2_Consolidated_Strategies_Solutions\" >2. Konsoliderade strategier och l\u00f6sningar<\/a><\/li><li class='ez-toc-page-1 ez-toc-heading-level-2'><a class=\"ez-toc-link ez-toc-heading-3\" href=\"https:\/\/moverdb.com\/sv\/moving-companies\/moving-companies-philippines\/#3_Dads_Moving_Storage\" >3. Pappas flytt och lagring<\/a><\/li><li class='ez-toc-page-1 ez-toc-heading-level-2'><a class=\"ez-toc-link ez-toc-heading-4\" href=\"https:\/\/moverdb.com\/sv\/moving-companies\/moving-companies-philippines\/#4_Global_Logistics_Services\" >4. Globala logistiktj\u00e4nster<\/a><\/li><li class='ez-toc-page-1 ez-toc-heading-level-2'><a class=\"ez-toc-link ez-toc-heading-5\" href=\"https:\/\/moverdb.com\/sv\/moving-companies\/moving-companies-philippines\/#5_Goetz_Moving_Storage\" >5. Goetz Moving &amp; Storage<\/a><\/li><li class='ez-toc-page-1 ez-toc-heading-level-2'><a class=\"ez-toc-link ez-toc-heading-6\" href=\"https:\/\/moverdb.com\/sv\/moving-companies\/moving-companies-philippines\/#6_Melcon_Worldwide_Logistics\" >6. Melcon Worldwide Logistics<\/a><\/li><li class='ez-toc-page-1 ez-toc-heading-level-2'><a class=\"ez-toc-link ez-toc-heading-7\" href=\"https:\/\/moverdb.com\/sv\/moving-companies\/moving-companies-philippines\/#7_Santa_Fe_Relocation\" >7. Flyttning av Santa Fe<\/a><\/li><li class='ez-toc-page-1 ez-toc-heading-level-2'><a class=\"ez-toc-link ez-toc-heading-8\" href=\"https:\/\/moverdb.com\/sv\/moving-companies\/moving-companies-philippines\/#Other_Useful_Guides_to_the_Philippines\" >Andra anv\u00e4ndbara guider till Filippinerna<\/a><\/li><\/ul><\/nav><\/div>\n<h2><span class=\"ez-toc-section\" id=\"1_Asia_Relocation\"><\/span><strong>1. Flyttning till Asien<\/strong><span class=\"ez-toc-section-end\"><\/span><\/h2>\n<p><img loading=\"lazy\" decoding=\"async\" class=\"alignnone size-full wp-image-8759\" src=\"https:\/\/moverdb.com\/wp-content\/uploads\/Asia-Relocation-international-moving-company.png\" alt=\"Asia Relocation internationell flyttfirma\" width=\"1440\" height=\"677\" data-wp-pid=\"8759\" srcset=\"https:\/\/moverdb.com\/wp-content\/uploads\/Asia-Relocation-international-moving-company.png 1440w, https:\/\/moverdb.com\/wp-content\/uploads\/Asia-Relocation-international-moving-company-300x141.png 300w, https:\/\/moverdb.com\/wp-content\/uploads\/Asia-Relocation-international-moving-company-1024x481.png 1024w, https:\/\/moverdb.com\/wp-content\/uploads\/Asia-Relocation-international-moving-company-18x8.png 18w, https:\/\/moverdb.com\/wp-content\/uploads\/Asia-Relocation-international-moving-company-600x282.png 600w\" sizes=\"auto, (max-width: 1440px) 100vw, 1440px\" \/><\/p>\n<ul>\n<li>Lokala flyttningar<\/li>\n<li>Internationella flyttar<\/li>\n<li>Hush\u00e5llsflyttar<\/li>\n<li>Flyttning av kontor<\/li>\n<li>F\u00f6rpackningstj\u00e4nst<\/li>\n<li>Transportarrangemang<\/li>\n<li>Visum och invandring<\/li>\n<li>Transport av fordon och husdjur<\/li>\n<li>F\u00f6rs\u00e4kring<\/li>\n<li>Kort- och l\u00e5ngtidsf\u00f6rvaring<\/li>\n<\/ul>\n<p>Asia Relocation erbjuder internationella flyttl\u00f6sningar och har sitt s\u00e4te i Makati City. De arbetar med leverant\u00f6rer och agenter som motsvarar deras kvalitetsstandarder f\u00f6r att hj\u00e4lpa dem att leverera internationella tj\u00e4nster. De \u00e4r medlemmar i IAM med 12 \u00e5rs erfarenhet.<\/p>\n<p>Asia Relocation erbjuder en rad olika flytt- och omlokaliseringstj\u00e4nster som omfattar nationella och internationella flyttar, visum- och invandringstj\u00e4nster, <a href=\"https:\/\/moverdb.com\/sv\/car-transport-shipping\/\" data-internallinksmanager029f6b8e52c=\"2\" title=\"2026 Internationella offerter f\u00f6r biltransport och fordonsfrakt\">transport av fordon<\/a>alternativ f\u00f6r flyttning av husdjur och f\u00f6rvaring. De tillhandah\u00e5ller en personlig flyttplan, en komplett packningstj\u00e4nst och ordnar transporter. De erbjuder flyttj\u00e4nster som omfattar hem- och skols\u00f6kning, tillf\u00e4lligt boende, orientering och fordonsleasing.<\/p>\n<p>Webbplats: <a href=\"https:\/\/asia-relocation.com\/\" target=\"_blank\" rel=\"noopener\">https:\/\/asia-relocation.com\/<\/a><\/p>\n<h2><span class=\"ez-toc-section\" id=\"2_Consolidated_Strategies_Solutions\"><\/span><strong>2. Konsoliderade strategier och l\u00f6sningar<\/strong><span class=\"ez-toc-section-end\"><\/span><\/h2>\n<p><img loading=\"lazy\" decoding=\"async\" class=\"alignnone size-full wp-image-8778\" src=\"https:\/\/moverdb.com\/wp-content\/uploads\/Consolidated-Strategies-Solutions-international-moving-company.png\" alt=\"Consolidated Strategies &amp; Solutions internationell flyttfirma\" width=\"1440\" height=\"679\" data-wp-pid=\"8778\" srcset=\"https:\/\/moverdb.com\/wp-content\/uploads\/Consolidated-Strategies-Solutions-international-moving-company.png 1440w, https:\/\/moverdb.com\/wp-content\/uploads\/Consolidated-Strategies-Solutions-international-moving-company-300x141.png 300w, https:\/\/moverdb.com\/wp-content\/uploads\/Consolidated-Strategies-Solutions-international-moving-company-1024x483.png 1024w, https:\/\/moverdb.com\/wp-content\/uploads\/Consolidated-Strategies-Solutions-international-moving-company-18x8.png 18w, https:\/\/moverdb.com\/wp-content\/uploads\/Consolidated-Strategies-Solutions-international-moving-company-600x283.png 600w\" sizes=\"auto, (max-width: 1440px) 100vw, 1440px\" \/><\/p>\n<ul>\n<li>Lokala flyttningar<\/li>\n<li>Internationella flyttar<\/li>\n<li>Hush\u00e5llsflyttar<\/li>\n<li>Flyttj\u00e4nster<\/li>\n<li>Konsultationer tillg\u00e4ngliga<\/li>\n<li>Personlig service<\/li>\n<li>F\u00f6rpackningstj\u00e4nst<\/li>\n<li>L\u00e5dor f\u00f6rseglade p\u00e5 ett s\u00e4kert s\u00e4tt<\/li>\n<li>Arrangemang av transporter<\/li>\n<li>S\u00e4kra f\u00f6rvaringsutrymmen<\/li>\n<\/ul>\n<p>Consolidated Strategies &amp; Solutions \u00e4r ett internationellt flyttf\u00f6retag med \u00f6ver 15 \u00e5rs erfarenhet och \u00e4r baserat i Quezon City. De \u00e4r medlemmar i IAM, vilket ger dem tillg\u00e5ng till ett internationellt n\u00e4tverk av flyttfirmor som st\u00f6der dem med tj\u00e4nster \u00f6ver hela v\u00e4rlden.<\/p>\n<p>Consolidated Strategies &amp; Solutions erbjuder lokala och nationella flyttar i Filippinerna och internationella flyttar till och fr\u00e5n Filippinerna. De erbjuder f\u00f6rpackningstj\u00e4nster f\u00f6r att skydda dina tillh\u00f6righeter under transport och lagring. De erbjuder s\u00e4kra f\u00f6rvaringsutrymmen d\u00e4r dina l\u00e5dor kan f\u00f6rseglas i ditt hem och sedan transporteras till deras f\u00f6rvaringsutrymmen.<\/p>\n<p>Webbplats: <a href=\"http:\/\/www.csandsolutions.com\" target=\"_blank\" rel=\"noopener\">http:\/\/www.csandsolutions.com<\/a><\/p>\n<h2><span class=\"ez-toc-section\" id=\"3_Dads_Moving_Storage\"><\/span><strong>3. Pappas flytt och lagring<\/strong><span class=\"ez-toc-section-end\"><\/span><\/h2>\n<p><img loading=\"lazy\" decoding=\"async\" class=\"alignnone size-full wp-image-8782\" src=\"https:\/\/moverdb.com\/wp-content\/uploads\/Dads-Moving-Storage-international-moving-company.png\" alt=\"\" width=\"1440\" height=\"683\" data-wp-pid=\"8782\" srcset=\"https:\/\/moverdb.com\/wp-content\/uploads\/Dads-Moving-Storage-international-moving-company.png 1440w, https:\/\/moverdb.com\/wp-content\/uploads\/Dads-Moving-Storage-international-moving-company-300x142.png 300w, https:\/\/moverdb.com\/wp-content\/uploads\/Dads-Moving-Storage-international-moving-company-1024x486.png 1024w, https:\/\/moverdb.com\/wp-content\/uploads\/Dads-Moving-Storage-international-moving-company-18x9.png 18w, https:\/\/moverdb.com\/wp-content\/uploads\/Dads-Moving-Storage-international-moving-company-600x285.png 600w\" sizes=\"auto, (max-width: 1440px) 100vw, 1440px\" \/><\/p>\n<ul>\n<li>Nationella flyttningar<\/li>\n<li>Internationella flyttar<\/li>\n<li>Hush\u00e5llsflyttar<\/li>\n<li>F\u00f6rflyttningar av organisationen<\/li>\n<li>Priss\u00e4ttning med all-inclusive<\/li>\n<li>F\u00f6rpackningstj\u00e4nst<\/li>\n<li>Milj\u00f6v\u00e4nliga material<\/li>\n<li>Arrangemang av transporter<\/li>\n<li>R\u00e5d och v\u00e4gledning<\/li>\n<li>F\u00f6rvaringsutrymmen<\/li>\n<\/ul>\n<p>Dad's Moving &amp; Storage \u00e4r ett flytt- och f\u00f6rvaringsf\u00f6retag som har startats av n\u00e5gra erfarna flyttveteraner och \u00e4r baserat i Muntinlupa City. De samarbetar med flyttfirmor runt om i v\u00e4rlden i 196 l\u00e4nder f\u00f6r att hj\u00e4lpa dem att leverera sina tj\u00e4nster utanf\u00f6r Filippinerna. De \u00e4r medlemmar i IAM med sex \u00e5rs erfarenhet.<\/p>\n<p>Dad's Moving &amp; Storage erbjuder flyttj\u00e4nster inom, till och fr\u00e5n Filippinerna f\u00f6r hush\u00e5ll och anst\u00e4llda inom organisationer som flyttar. De st\u00f6djer och v\u00e4gleder dig genom din flytt och hj\u00e4lper dig att packa dina tillh\u00f6righeter p\u00e5 ett s\u00e4kert s\u00e4tt med hj\u00e4lp av l\u00e4mpligaste material och kartonger f\u00f6r att skydda dem.<\/p>\n<p>Webbplats: <a href=\"http:\/\/dadsmoving.com\" target=\"_blank\" rel=\"noopener\">http:\/\/dadsmoving.com<\/a><\/p>\n<h2><span class=\"ez-toc-section\" id=\"4_Global_Logistics_Services\"><\/span><strong>4. Globala logistiktj\u00e4nster<\/strong><span class=\"ez-toc-section-end\"><\/span><\/h2>\n<p><img loading=\"lazy\" decoding=\"async\" class=\"alignnone size-full wp-image-8805\" src=\"https:\/\/moverdb.com\/wp-content\/uploads\/Global-Logistics-Services-international-moving-company.png\" alt=\"Global Logistics Services internationell flyttfirma\" width=\"1440\" height=\"680\" data-wp-pid=\"8805\" srcset=\"https:\/\/moverdb.com\/wp-content\/uploads\/Global-Logistics-Services-international-moving-company.png 1440w, https:\/\/moverdb.com\/wp-content\/uploads\/Global-Logistics-Services-international-moving-company-300x142.png 300w, https:\/\/moverdb.com\/wp-content\/uploads\/Global-Logistics-Services-international-moving-company-1024x484.png 1024w, https:\/\/moverdb.com\/wp-content\/uploads\/Global-Logistics-Services-international-moving-company-18x9.png 18w, https:\/\/moverdb.com\/wp-content\/uploads\/Global-Logistics-Services-international-moving-company-600x283.png 600w\" sizes=\"auto, (max-width: 1440px) 100vw, 1440px\" \/><\/p>\n<ul>\n<li>Nationella flyttningar<\/li>\n<li>Internationella flyttningar<\/li>\n<li>Flyttning av bost\u00e4der<\/li>\n<li>Flyttning av kontor<\/li>\n<li>F\u00f6rpackningstj\u00e4nst<\/li>\n<li>Arrangemang av transporter<\/li>\n<li>Sp\u00e5rning av f\u00f6rs\u00e4ndelser<\/li>\n<li>Transport av fordon<\/li>\n<li>Flyttning av husdjur<\/li>\n<li>Lagringstj\u00e4nster<\/li>\n<\/ul>\n<p>Global Logistics Services \u00e4r ett internationellt flyttf\u00f6retag som grundades 2013 och \u00e4r baserat i Paranaque med kontor \u00e4ven i <a href=\"https:\/\/moverdb.com\/sv\/moving-to-the-united-states\/moving-to-new-york\/\" data-internallinksmanager029f6b8e52c=\"332\" title=\"Flyttar du till New York (State)? 2026 Levnadskostnader &amp; Tips om flyttning\">New York<\/a> och Marshall\u00f6arna. De har ett omfattande globalt n\u00e4tverk av partners som hj\u00e4lper dem att leverera sina internationella tj\u00e4nster. De \u00e4r medlemmar i IAM med 16 \u00e5rs tj\u00e4nstg\u00f6ring.<\/p>\n<p>Global Logistics Services erbjuder en enda l\u00f6sning f\u00f6r flyttningar, oavsett om det g\u00e4ller hem eller kontor. De tillhandah\u00e5ller en packningstj\u00e4nst med h\u00e5llbara l\u00e5dor f\u00f6r att skydda dina tillh\u00f6righeter och ordnar s\u00e4ker transport till din destination. De erbjuder specialtj\u00e4nster f\u00f6r flyttning av pianon, bilar och husdjur.<\/p>\n<p>Webbplats: <a href=\"http:\/\/www.a1global-logistics.com\" target=\"_blank\" rel=\"noopener\">http:\/\/www.a1global-logistics.com<\/a><\/p>\n<h2><span class=\"ez-toc-section\" id=\"5_Goetz_Moving_Storage\"><\/span><strong>5. Goetz Moving &amp; Storage<\/strong><span class=\"ez-toc-section-end\"><\/span><\/h2>\n<p><img loading=\"lazy\" decoding=\"async\" class=\"alignnone size-full wp-image-8809\" src=\"https:\/\/moverdb.com\/wp-content\/uploads\/Goetz-Moving-Storage-international-moving-company.png\" alt=\"Goetz Moving &amp; Storage internationell flyttfirma\" width=\"1440\" height=\"680\" data-wp-pid=\"8809\" srcset=\"https:\/\/moverdb.com\/wp-content\/uploads\/Goetz-Moving-Storage-international-moving-company.png 1440w, https:\/\/moverdb.com\/wp-content\/uploads\/Goetz-Moving-Storage-international-moving-company-300x142.png 300w, https:\/\/moverdb.com\/wp-content\/uploads\/Goetz-Moving-Storage-international-moving-company-1024x484.png 1024w, https:\/\/moverdb.com\/wp-content\/uploads\/Goetz-Moving-Storage-international-moving-company-18x9.png 18w, https:\/\/moverdb.com\/wp-content\/uploads\/Goetz-Moving-Storage-international-moving-company-600x283.png 600w\" sizes=\"auto, (max-width: 1440px) 100vw, 1440px\" \/><\/p>\n<ul>\n<li>Lokala flyttningar<\/li>\n<li>Internationella flyttar<\/li>\n<li>Flyttning av bost\u00e4der<\/li>\n<li>Flyttning av kontor<\/li>\n<li>D\u00f6rr-till-d\u00f6rr-tj\u00e4nster<\/li>\n<li>Luft- och sj\u00f6frakt<\/li>\n<li>Tullklarering<\/li>\n<li>Visum- och invandringstj\u00e4nster<\/li>\n<li>F\u00f6rs\u00e4kring<\/li>\n<li>F\u00f6rvaringsutrymmen<\/li>\n<\/ul>\n<p>Goetz Moving &amp; Storage erbjuder internationella flyttj\u00e4nster fr\u00e5n d\u00f6rr till d\u00f6rr och grundades 1984 och \u00e4r baserat i Paranaque. De har ett n\u00e4tverk av lokala och internationella flyttagenter p\u00e5 strategiska platser runt om i v\u00e4rlden f\u00f6r att st\u00f6dja dem. De \u00e4r medlemmar i IAM med 39 \u00e5rs erfarenhet.<\/p>\n<p>Goetz Moving &amp; Storage erbjuder d\u00f6rr-till-d\u00f6rr flytt- och f\u00f6rflyttningstj\u00e4nster som inkluderar arrangemang av transport och tullklarering samt f\u00f6rs\u00e4kringsskydd. De erbjuder flyttj\u00e4nster som omfattar orientering i omr\u00e5det, hem- och skols\u00f6kning, inflyttningstj\u00e4nster, avresetj\u00e4nster, kulturell utbildning samt st\u00f6d f\u00f6r visum och invandring.<\/p>\n<p>Webbplats: <a href=\"http:\/\/www.goetzmoving.com\" target=\"_blank\" rel=\"noopener\">http:\/\/www.goetzmoving.com<\/a><\/p>\n<h2><span class=\"ez-toc-section\" id=\"6_Melcon_Worldwide_Logistics\"><\/span><strong>6. Melcon Worldwide Logistics<\/strong><span class=\"ez-toc-section-end\"><\/span><\/h2>\n<p><img loading=\"lazy\" decoding=\"async\" class=\"alignnone size-full wp-image-8824\" src=\"https:\/\/moverdb.com\/wp-content\/uploads\/Melcon-Worldwide-Logistics-international-moving-company.png\" alt=\"Melcon Worldwide Logistics internationell flyttfirma\" width=\"1440\" height=\"678\" data-wp-pid=\"8824\" srcset=\"https:\/\/moverdb.com\/wp-content\/uploads\/Melcon-Worldwide-Logistics-international-moving-company.png 1440w, https:\/\/moverdb.com\/wp-content\/uploads\/Melcon-Worldwide-Logistics-international-moving-company-300x141.png 300w, https:\/\/moverdb.com\/wp-content\/uploads\/Melcon-Worldwide-Logistics-international-moving-company-1024x482.png 1024w, https:\/\/moverdb.com\/wp-content\/uploads\/Melcon-Worldwide-Logistics-international-moving-company-18x8.png 18w, https:\/\/moverdb.com\/wp-content\/uploads\/Melcon-Worldwide-Logistics-international-moving-company-600x283.png 600w\" sizes=\"auto, (max-width: 1440px) 100vw, 1440px\" \/><\/p>\n<ul>\n<li>Lokala flyttningar<\/li>\n<li>Internationella flyttar<\/li>\n<li>Flyttning av bost\u00e4der<\/li>\n<li>Kontors- och fabriksflyttar<\/li>\n<li>D\u00f6rr-till-d\u00f6rr-tj\u00e4nster<\/li>\n<li>Luft- och sj\u00f6frakt<\/li>\n<li>M\u00e4kleritj\u00e4nster<\/li>\n<li>Transport av s\u00e4llskapsdjur<\/li>\n<li>F\u00f6rs\u00e4kring f\u00f6r transitering<\/li>\n<li>F\u00f6rvaringsutrymmen<\/li>\n<\/ul>\n<p>Melcon Worldwide Logistics \u00e4r ett logistikf\u00f6retag som erbjuder spedition, distribution och lagerh\u00e5llning. De har kontor i Taguig City och Davao City. De \u00e4r medlemmar i IAM och har 20 \u00e5rs erfarenhet, vilket ger dem tillg\u00e5ng till ett internationellt n\u00e4tverk av flyttfirmor som st\u00f6der dem.<\/p>\n<p>Melcon Worldwide Logistics erbjuder personliga logistiktj\u00e4nster som omfattar flyttj\u00e4nster fr\u00e5n d\u00f6rr till d\u00f6rr och lokala transporter. De skyddar dina personliga tillh\u00f6righeter och ordnar transport med flyg- eller sj\u00f6frakt med transportf\u00f6rs\u00e4kring. De erbjuder en flytttj\u00e4nst f\u00f6r husdjur f\u00f6r att hj\u00e4lpa dig att ta med dig dina husdjur. De erbjuder \u00e4ven fuktkontrollf\u00f6rvaring och kylf\u00f6rvaring.<\/p>\n<p>Webbplats: <a href=\"http:\/\/www.melconlogistics.com\" target=\"_blank\" rel=\"noopener\">http:\/\/www.melconlogistics.com<\/a><\/p>\n<h2><span class=\"ez-toc-section\" id=\"7_Santa_Fe_Relocation\"><\/span><strong>7. Flyttning av Santa Fe<\/strong><span class=\"ez-toc-section-end\"><\/span><\/h2>\n<p><img loading=\"lazy\" decoding=\"async\" class=\"alignnone size-full wp-image-8850\" src=\"https:\/\/moverdb.com\/wp-content\/uploads\/Santa-Fe-Relocation-Philippines-international-moving-company.png\" alt=\"Santa Fe Relocation Filippinerna internationell flyttfirma\" width=\"1440\" height=\"676\" data-wp-pid=\"8850\" srcset=\"https:\/\/moverdb.com\/wp-content\/uploads\/Santa-Fe-Relocation-Philippines-international-moving-company.png 1440w, https:\/\/moverdb.com\/wp-content\/uploads\/Santa-Fe-Relocation-Philippines-international-moving-company-300x141.png 300w, https:\/\/moverdb.com\/wp-content\/uploads\/Santa-Fe-Relocation-Philippines-international-moving-company-1024x481.png 1024w, https:\/\/moverdb.com\/wp-content\/uploads\/Santa-Fe-Relocation-Philippines-international-moving-company-18x8.png 18w, https:\/\/moverdb.com\/wp-content\/uploads\/Santa-Fe-Relocation-Philippines-international-moving-company-600x282.png 600w\" sizes=\"auto, (max-width: 1440px) 100vw, 1440px\" \/><\/p>\n<ul>\n<li>Nationella flyttningar<\/li>\n<li>Internationella flyttar<\/li>\n<li>Flyttning av bost\u00e4der<\/li>\n<li>Samr\u00e5d f\u00f6re flytten<\/li>\n<li>F\u00f6rpackningstj\u00e4nst<\/li>\n<li>Transporter p\u00e5 land, i luften och till sj\u00f6ss<\/li>\n<li>Tullklarering<\/li>\n<li>Transport av fordon<\/li>\n<li>Flyttning av husdjur<\/li>\n<li>Kort- och l\u00e5ngtidsf\u00f6rvaring<\/li>\n<\/ul>\n<p>Santa Fe Relocation \u00e4r ett internationellt flyttf\u00f6retag med 96 kontor i 47 l\u00e4nder och deras filial i Filippinerna ligger i Calamba City. De har hj\u00e4lpt m\u00e4nniskor att flytta i \u00f6ver 120 \u00e5r. De \u00e4r medlemmar i IAM och \u00e4r ackrediterade av FIDI.<\/p>\n<p>Santa Fe Relocation erbjuder en flyttkonsult som hj\u00e4lper dig med din flytt. De ordnar packning av dina tillh\u00f6righeter och transport p\u00e5 land, i luften eller till sj\u00f6ss med tullklarering. De erbjuder en rad till\u00e4ggs- och flyttj\u00e4nster, bland annat st\u00e4dning, korttidsuthyrning, fordonstransporter, flyttning av husdjur, visum och invandring, avresetj\u00e4nster, kulturell utbildning, orientering samt hem- och skols\u00f6kning.<\/p>\n<p>Webbplats: <a href=\"https:\/\/www.santaferelo.com\/en\/contact\/our-offices\/philippines-manila\/\" target=\"_blank\" rel=\"noopener\">https:\/\/www.santaferelo.com\/en\/contact\/our-offices\/philippines-manila\/<\/a><\/p>\n<h2><span class=\"ez-toc-section\" id=\"Other_Useful_Guides_to_the_Philippines\"><\/span>Andra anv\u00e4ndbara guider till Filippinerna<span class=\"ez-toc-section-end\"><\/span><\/h2>\n<ul>\n<li> <a href=\"https:\/\/moverdb.com\/sv\/container-transport\/filippinerna\/\">2024 Sj\u00f6frakt Containerfraktpriser till och fr\u00e5n Filippinerna<\/a><\/li>\n<li> <a href=\"https:\/\/moverdb.com\/sv\/moving-to-the-philippines\/\">Flytta till Filippinerna? 2026 Levnadskostnader och tips om omlokalisering<\/a><\/li>\n<li> <a href=\"https:\/\/moverdb.com\/sv\/moving-to-the-philippines\/best-places-to-live-philippines\/\">12 b\u00e4sta platserna att bo p\u00e5 Filippinerna<\/a><\/li>\n<li> <a href=\"https:\/\/moverdb.com\/sv\/moving-to-the-philippines\/living-in-the-philippines\/\">21 hemligheter om att bo i Filippinerna att veta innan du flyttar<\/a><\/li>\n<li> <a href=\"https:\/\/moverdb.com\/sv\/moving-to-the-philippines\/philippines-from-us\/\">Flytta till Filippinerna fr\u00e5n USA<\/a><\/li>\n<\/ul>","protected":false},"excerpt":{"rendered":"<p>If you are moving home or business within, to or from the Philippines, you may be looking for some support to help lighten the load. Moving companies can assist with packing, organising transportation and documentation support. Below we have compiled a list of Philippines based removal companies that are members of the International Association of [&hellip;]<\/p>\n","protected":false},"author":4,"featured_media":0,"parent":190,"menu_order":0,"comment_status":"closed","ping_status":"closed","template":"","meta":{"_genesis_hide_title":false,"_genesis_hide_breadcrumbs":false,"_genesis_hide_singular_image":false,"_genesis_hide_footer_widgets":false,"_genesis_custom_body_class":"","_genesis_custom_post_class":"","_genesis_layout":"","footnotes":""},"class_list":{"0":"post-8912","1":"page","2":"type-page","3":"status-publish","5":"entry","6":"has-post-thumbnail"},"_links":{"self":[{"href":"https:\/\/moverdb.com\/sv\/wp-json\/wp\/v2\/pages\/8912","targetHints":{"allow":["GET"]}}],"collection":[{"href":"https:\/\/moverdb.com\/sv\/wp-json\/wp\/v2\/pages"}],"about":[{"href":"https:\/\/moverdb.com\/sv\/wp-json\/wp\/v2\/types\/page"}],"author":[{"embeddable":true,"href":"https:\/\/moverdb.com\/sv\/wp-json\/wp\/v2\/users\/4"}],"replies":[{"embeddable":true,"href":"https:\/\/moverdb.com\/sv\/wp-json\/wp\/v2\/comments?post=8912"}],"version-history":[{"count":4,"href":"https:\/\/moverdb.com\/sv\/wp-json\/wp\/v2\/pages\/8912\/revisions"}],"predecessor-version":[{"id":16985,"href":"https:\/\/moverdb.com\/sv\/wp-json\/wp\/v2\/pages\/8912\/revisions\/16985"}],"up":[{"embeddable":true,"href":"https:\/\/moverdb.com\/sv\/wp-json\/wp\/v2\/pages\/190"}],"wp:attachment":[{"href":"https:\/\/moverdb.com\/sv\/wp-json\/wp\/v2\/media?parent=8912"}],"curies":[{"name":"wp","href":"https:\/\/api.w.org\/{rel}","templated":true}]}}