{"id":891,"date":"2016-09-03T21:06:56","date_gmt":"2016-09-03T21:06:56","guid":{"rendered":"http:\/\/moverdb.com\/?page_id=891"},"modified":"2026-01-08T14:47:50","modified_gmt":"2026-01-08T14:47:50","slug":"bournes","status":"publish","type":"page","link":"https:\/\/moverdb.com\/sv\/bournes\/","title":{"rendered":"Bournes flyttar: Internationell flyttning och flyttning Recensioner"},"content":{"rendered":"<p>Bournes erbjuder sina kunder ett urval av <a href=\"https:\/\/moverdb.com\/sv\/international-removals\/\" data-internallinksmanager029f6b8e52c=\"27\" title=\"36 b\u00e4sta internationella flyttfirmor i Storbritannien\">internationella flyttningar<\/a> tj\u00e4nster f\u00f6r flyttning utomlands som anges nedan. H\u00e4r finns ocks\u00e5 en f\u00f6retagsprofil och recensioner.<\/p>\n<p><strong>Internationell flyttning<\/strong><\/p>\n<ul>\n<li> Fullst\u00e4ndig f\u00f6rpackningstj\u00e4nst<\/li>\n<li> Delf\u00f6rpackningstj\u00e4nst<\/li>\n<li> Sj\u00e4lvpackande<\/li>\n<li> F\u00f6rpackning f\u00f6r export av m\u00f6bler med s\u00e4rskild omsorg<\/li>\n<li> Hj\u00e4lp med dokumentation<\/li>\n<li> Samling<\/li>\n<li> Transport med fartyg - <a href=\"https:\/\/moverdb.com\/sv\/container-transport\/\">frakt av hela containrar<\/a>, dellast, tr\u00e4container<\/li>\n<li> Luftfrakt<\/li>\n<li> Flyttning av husdjur<\/li>\n<li> <a href=\"https:\/\/moverdb.com\/sv\/biltransport-frakt\/\">Flyttning av fordon<\/a><\/li>\n<li> St\u00e4dservice<\/li>\n<li> Handyman service<\/li>\n<li> F\u00f6rs\u00e4kring som ordnas<\/li>\n<\/ul>\n<p><strong>St\u00f6d till flyttning<\/strong><\/p>\n<ul>\n<li> Planeringen f\u00f6re avresan omfattar en behovsbed\u00f6mning (skolor etc.).<\/li>\n<li> Interkulturell utbildning\".<\/li>\n<li> Programmet \"Look-see\".<\/li>\n<li> Tj\u00e4nst f\u00f6r att hitta och orientera sig i hemmet<\/li>\n<li> S\u00f6kning av skola<\/li>\n<li> Inskolning i tj\u00e4nsten<\/li>\n<li> Aff\u00e4rsmetoder<\/li>\n<li> St\u00f6d till hemtransport<\/li>\n<\/ul>\n<p><strong>Kommersiella flyttar<\/strong><\/p>\n<ul>\n<li> Projektledning<\/li>\n<li> Planering f\u00f6re flytten<\/li>\n<li> Tj\u00e4nster f\u00f6r packning och uppackning<\/li>\n<li> Lagerh\u00e5llning<\/li>\n<li> Transporter i hela v\u00e4rlden<\/li>\n<li> Leverans inomhus<\/li>\n<li> Installation och montering<\/li>\n<li> Omv\u00e4nd logistik och avveckling<\/li>\n<\/ul>\n<p><strong>Lagring<\/strong><\/p>\n<ul>\n<li> \u00d6ver 1200 platser p\u00e5 6 kontinenter<\/li>\n<li> L\u00e5ngsiktigt och kortsiktigt<\/li>\n<li> \u00d6vervakningskamera dygnet runt eller s\u00e4kerhetsteam<\/li>\n<li> Alla s\u00e4kra platser<\/li>\n<\/ul>\n<h2>Bournes f\u00f6retagsprofil<\/h2>\n<p>Bournes grundades 1875 av Thomas Bourne som ett allm\u00e4nt transportf\u00f6retag som levererade varor och kol. Efter andra v\u00e4rldskriget expanderade f\u00f6retaget till flytt- och lagringsverksamhet. Under 1960- och 70-talen v\u00e4xte f\u00f6retaget kraftigt och k\u00f6pte upp mindre f\u00f6retag och byggde s\u00e4rskilda lagerlokaler.<\/p>\n<p>Bournes b\u00f6rjade flytta till Europa 1993 och 2001 startade de <a href=\"https:\/\/moverdb.com\/sv\/flyttfirmor\/\">Flytta internationellt<\/a>. De kunde nu flytta m\u00e4nniskor och f\u00f6retag till 1500 platser i \u00f6ver 120 l\u00e4nder.<\/p>\n<p>F\u00f6retaget \u00e4r fortfarande familje\u00e4gt i dag och drivs av den femte generationen Bournes vars familje- och aff\u00e4rsv\u00e4rderingar \u00e4r \u00e4rlighet, integritet och \u00f6ppenhet. Bournes har engagerad och v\u00e4lutbildad personal som samarbetar med hundratals experter p\u00e5 globala flyttningar och flyttningar runt om i v\u00e4rlden.<\/p>\n<p>Bournes har f\u00f6ljande ackrediteringar och anslutningar:<\/p>\n<ul>\n<li> <a href=\"https:\/\/moverdb.com\/sv\/harmony-relocation-network\/\">Harmony Relocation Network<\/a><\/li>\n<li> Ett flyttf\u00f6retag enligt brittisk standard ISO 9001:2008<\/li>\n<li> <a href=\"https:\/\/moverdb.com\/sv\/british-association-of-removers\/\">Den brittiska sammanslutningen av flyttfirmor<\/a> (<a href=\"https:\/\/moverdb.com\/sv\/british-association-of-removers\/\" data-internallinksmanager029f6b8e52c=\"9\" title=\"British Association of Removers (BAR) f\u00f6rklaras\">BAR<\/a>)<\/li>\n<li> <a href=\"https:\/\/moverdb.com\/sv\/bar-overseas\/\">British Association of Removers utlandsgrupp<\/a><\/li>\n<li> Vilka? F\u00f6rtroendevald n\u00e4ringsidkare<\/li>\n<li> <a href=\"https:\/\/moverdb.com\/sv\/fidi-faim\/\">FIDI<\/a><\/li>\n<li> <a href=\"https:\/\/moverdb.com\/sv\/fidi-faim\/\" data-internallinksmanager029f6b8e52c=\"16\" title=\"FIDI &amp; FAIM (FIDI Accredited International Mover) f\u00f6rklaras\">FAIM<\/a><\/li>\n<li> The <a href=\"https:\/\/moverdb.com\/sv\/jag-ar\/\">Internationella sammanslutningen av flyttfirmor<\/a> (<a href=\"https:\/\/moverdb.com\/sv\/iam\/\" data-internallinksmanager029f6b8e52c=\"23\" title=\"International Association of Movers (IAM) f\u00f6rklaras\">IAM<\/a>)<\/li>\n<li> <a href=\"https:\/\/moverdb.com\/sv\/eura\/\">Europeiska sammanslutningen f\u00f6r omlokalisering<\/a> (<a href=\"https:\/\/moverdb.com\/sv\/eura\/\" data-internallinksmanager029f6b8e52c=\"13\" title=\"European Relocation Association (EuRA) f\u00f6rklaras\">EuRA<\/a>)<\/li>\n<li> <a href=\"https:\/\/moverdb.com\/sv\/mtc\/\">The Movers Trading Club<\/a> (<a href=\"https:\/\/moverdb.com\/sv\/mtc\/\" data-internallinksmanager029f6b8e52c=\"30\" title=\"Movers Trading Club (MTC) f\u00f6rklaras\">MTC<\/a>)<\/li>\n<\/ul>\n<h2>Bournes flyttar recensioner<\/h2>\n<p><strong>Positivt<\/strong><\/p>\n<ul>\n<li> <em>\"Bournes var fantastiska fr\u00e5n den ursprungliga bed\u00f6mningen av vad jag borde och inte borde skicka till <a href=\"https:\/\/moverdb.com\/sv\/moving-to-australia\/living-in-australia\/\" data-internallinksmanager029f6b8e52c=\"240\" title=\"21 hemligheter om att bo i Australien som du b\u00f6r k\u00e4nna till innan du flyttar\">Australien<\/a>, packning och uppackning i Australien. Tj\u00e4nsten gjorde flytten s\u00e5 stressfri som en s\u00e5dan flytt kan vara och jag kan inte rekommendera dem nog.\"<\/em> - via <a href=\"http:\/\/bournesmoves.com\/international-removals\/international-customer-reviews.htm\" target=\"_blank\" rel=\"noopener\">Bournes granskningssida<\/a><\/li>\n<li> <em>\"Snabb service med konkurrenskraftiga priser. Teamet var mycket artigt och hj\u00e4lpsamt och hanterade \u00e4ndringarna av v\u00e5ra slutdatum v\u00e4l. Extra f\u00f6rvaring tillhandah\u00f6lls enkelt \u00f6ver natten s\u00e5 att vi kunde st\u00e4da den nya fastigheten innan vi flyttade in. Bra service i alla avseenden.\"<\/em> - via <a href=\"https:\/\/www.trustedmover.org\/questionnaire\/4587\" target=\"_blank\" rel=\"noopener\">Sidan f\u00f6r granskning av BAR<\/a><\/li>\n<li> <em>\"Utm\u00e4rkt service fr\u00e5n kunnig och lugnande offert till ett hj\u00e4lpsamt och v\u00e4nligt team som hj\u00e4lpte till. <a href=\"https:\/\/moverdb.com\/sv\/moving-to-the-united-states\/\" data-internallinksmanager029f6b8e52c=\"94\" title=\"Flyttar du till USA? 2026 Levnadskostnader och flyttningstips\">oss<\/a> med flytten\"<\/em> - Susanna via <a href=\"http:\/\/trustedtraders.which.co.uk\/businesses\/bournes-moves\/#reviews\" target=\"_blank\" rel=\"noopener\">Vilka?<\/a><\/li>\n<li> <em>\"Jag var mycket n\u00f6jd. S\u00e4rskilt n\u00e4r min f\u00f6rs\u00e4ndelse anl\u00e4nde s\u00e4kert till mitt hem i <a href=\"https:\/\/moverdb.com\/sv\/moving-to-the-uk\/\" data-internallinksmanager029f6b8e52c=\"93\" title=\"Flyttar du till Storbritannien? 2026 Levnadskostnader och flyttningstips\">STORBRITANNIEN<\/a> bes\u00e4ttningen var extremt artiga och mycket hj\u00e4lpsamma.\"<\/em> - Susan via <a href=\"https:\/\/www.facebook.com\/BournesRemovals\/reviews\/\" target=\"_blank\" rel=\"noopener\">Facebook<\/a><\/li>\n<\/ul>\n<p><strong>Negativ<\/strong><\/p>\n<ul>\n<li> \"Vi hade oturen att v\u00e4lja Bournes, vilket var v\u00e5r f\u00f6rsta flytt p\u00e5 19 \u00e5r, s\u00e5 det var en stor sak f\u00f6r hela familjen. Var mycket uppm\u00e4rksam n\u00e4r du v\u00e4ljer detta f\u00f6retag.\" - Ali via <a href=\"http:\/\/www.removalreviews.co.uk\/movingreviews\/miserable-move-12090\" target=\"_blank\" rel=\"noopener\">Omd\u00f6men om flyttning<\/a><\/li>\n<\/ul>\n<div itemprop=\"review\" itemscope itemtype=\"http:\/\/schema.org\/Review\">\n<span itemprop=\"author\" itemscope=\"\" itemtype=\"http:\/\/schema.org\/Organization\"><span itemprop=\"name\">MoverDB.com<\/span><\/span> Webbplatsgranskning p\u00e5 n\u00e4tet f\u00f6r <span itemprop=\"itemreviewed\" itemscope=\"\" itemtype=\"http:\/\/schema.org\/Brand\"><span itemprop=\"name\">Bournes flyttar<\/span><\/span>:<\/p>\n<ol>\n<li> Tydliga kontaktuppgifter p\u00e5 webbplatsen (inklusive telefonnummer): <strong>Ja<\/strong><\/li>\n<li> L\u00e4tt att f\u00e5 <a href=\"https:\/\/moverdb.com\/sv\/citat\/\">offerter f\u00f6r internationella flyttningar<\/a>? (Formul\u00e4r f\u00f6r beg\u00e4ran om uppskattning online): <strong>Ja<\/strong><\/li>\n<li> Tydlig information p\u00e5 webbplatsen: <strong>Ja,<\/strong> Webbplatsen inneh\u00e5ller en hel del anv\u00e4ndbar information.<\/li>\n<li> Medlemskap i internationellt erk\u00e4nda flyttorganisationer: <strong>Ja<\/strong>, se ovan.<\/li>\n<li> F\u00f6rteckning \u00f6ver kunder och\/eller tidigare kundreferenser: <strong>N\u00e5gra,<\/strong> Det finns kundomd\u00f6men p\u00e5 webbplatsen, men de \u00e4r inte l\u00e4ttast att hitta, vilket \u00e4r konstigt eftersom de \u00e4r mycket positiva.<\/li>\n<\/ol>\n<div itemprop=\"reviewRating\" itemscope itemtype=\"http:\/\/schema.org\/Rating\"><meta itemprop=\"worstRating\" content = \"0\" \/><meta itemprop=\"bestRating\" content=\"5\" \/><meta itemprop=\"ratingValue\" content=\"4.5\"><\/div>\n<p><strong>Sammanfattande betyg: 4.5\/5<\/strong><br \/>\n<strong>Datum f\u00f6r granskning:<\/strong> <span itemprop=\"datePublished\" content=\"2016-09-03\">03\/09\/2016<\/span>\n<\/div>\n<p>L\u00e4s om andra <a href=\"https:\/\/moverdb.com\/sv\/internationella-flyttar\/\">flyttfirmor<\/a> och mer p\u00e5 v\u00e5r <a href=\"https:\/\/moverdb.com\/sv\/recensioner\/\">granskningsprocess.<\/a>.<\/p>\n<p><strong>Webbplats:<\/strong> <a href=\"http:\/\/bournesmoves.com\" target=\"_blank\" rel=\"noopener\">http:\/\/bournesmoves.com<\/a><\/p>","protected":false},"excerpt":{"rendered":"<p>Bournes offers its clients a selection of international removals services for moving overseas which are listed below. There also follows a company profile and reviews. International Moving Full packing service Part packing service Self-packing Special care furniture export wrapping Assistance with documentation Collection Transport by ship &#8211; full container shipping, part load, wooden container Airfreight [&hellip;]<\/p>\n","protected":false},"author":1,"featured_media":0,"parent":0,"menu_order":0,"comment_status":"closed","ping_status":"closed","template":"","meta":{"_genesis_hide_title":false,"_genesis_hide_breadcrumbs":false,"_genesis_hide_singular_image":false,"_genesis_hide_footer_widgets":false,"_genesis_custom_body_class":"","_genesis_custom_post_class":"","_genesis_layout":"","footnotes":""},"class_list":{"0":"post-891","1":"page","2":"type-page","3":"status-publish","5":"entry"},"_links":{"self":[{"href":"https:\/\/moverdb.com\/sv\/wp-json\/wp\/v2\/pages\/891","targetHints":{"allow":["GET"]}}],"collection":[{"href":"https:\/\/moverdb.com\/sv\/wp-json\/wp\/v2\/pages"}],"about":[{"href":"https:\/\/moverdb.com\/sv\/wp-json\/wp\/v2\/types\/page"}],"author":[{"embeddable":true,"href":"https:\/\/moverdb.com\/sv\/wp-json\/wp\/v2\/users\/1"}],"replies":[{"embeddable":true,"href":"https:\/\/moverdb.com\/sv\/wp-json\/wp\/v2\/comments?post=891"}],"version-history":[{"count":6,"href":"https:\/\/moverdb.com\/sv\/wp-json\/wp\/v2\/pages\/891\/revisions"}],"predecessor-version":[{"id":6185,"href":"https:\/\/moverdb.com\/sv\/wp-json\/wp\/v2\/pages\/891\/revisions\/6185"}],"wp:attachment":[{"href":"https:\/\/moverdb.com\/sv\/wp-json\/wp\/v2\/media?parent=891"}],"curies":[{"name":"wp","href":"https:\/\/api.w.org\/{rel}","templated":true}]}}