{"id":8906,"date":"2023-04-27T14:30:32","date_gmt":"2023-04-27T14:30:32","guid":{"rendered":"https:\/\/moverdb.com\/?page_id=8906"},"modified":"2026-01-08T15:24:24","modified_gmt":"2026-01-08T15:24:24","slug":"moving-companies-paraguay","status":"publish","type":"page","link":"https:\/\/moverdb.com\/sv\/moving-companies\/moving-companies-paraguay\/","title":{"rendered":"3 b\u00e4sta internationella flyttfirmor i Paraguay"},"content":{"rendered":"<p>Planerar du en flytt inom, till eller fr\u00e5n Paraguay? Om du beh\u00f6ver hj\u00e4lp med att packa och organisera din flytt, s\u00e4rskilt om du flyttar till ett annat land och beh\u00f6ver fylla i import- och exporthandlingar. Nedan har vi sammanst\u00e4llt en lista \u00f6ver Paraguay-baserade <a href=\"https:\/\/moverdb.com\/sv\/international-removals\/\" data-internallinksmanager029f6b8e52c=\"27\" title=\"36 b\u00e4sta internationella flyttfirmor i Storbritannien\">flyttfirmor<\/a> som \u00e4r medlemmar i <a href=\"https:\/\/moverdb.com\/sv\/iam\/\" data-internallinksmanager029f6b8e52c=\"23\" title=\"International Association of Movers (IAM) f\u00f6rklaras\">Internationella sammanslutningen av flyttfirmor<\/a> (IAM) och\/eller <a href=\"https:\/\/moverdb.com\/sv\/fidi-faim\/\" data-internallinksmanager029f6b8e52c=\"16\" title=\"FIDI &amp; FAIM (FIDI Accredited International Mover) f\u00f6rklaras\">FIDI<\/a> Accredited International Mover (FAIM) som kan hj\u00e4lpa dig med din flytt.<\/p>\n<h2><strong>1. Servimex<\/strong><\/h2>\n<p><img loading=\"lazy\" decoding=\"async\" class=\"alignnone size-full wp-image-8856\" src=\"https:\/\/moverdb.com\/wp-content\/uploads\/Servimex-international-moving-company.png\" alt=\"Servimex internationellt flyttf\u00f6retag\" width=\"1440\" height=\"674\" data-wp-pid=\"8856\" srcset=\"https:\/\/moverdb.com\/wp-content\/uploads\/Servimex-international-moving-company.png 1440w, https:\/\/moverdb.com\/wp-content\/uploads\/Servimex-international-moving-company-300x140.png 300w, https:\/\/moverdb.com\/wp-content\/uploads\/Servimex-international-moving-company-1024x479.png 1024w, https:\/\/moverdb.com\/wp-content\/uploads\/Servimex-international-moving-company-18x8.png 18w, https:\/\/moverdb.com\/wp-content\/uploads\/Servimex-international-moving-company-600x281.png 600w\" sizes=\"auto, (max-width: 1440px) 100vw, 1440px\" \/><\/p>\n<ul>\n<li>Lokala nationella flyttningar<\/li>\n<li>Internationella flyttningar<\/li>\n<li>Flyttning av bost\u00e4der<\/li>\n<li>Flyttning av kontor<\/li>\n<li>Tj\u00e4nster fr\u00e5n d\u00f6rr till d\u00f6rr<\/li>\n<li>F\u00f6rpackningstj\u00e4nst<\/li>\n<li>V\u00e4g-, sj\u00f6- och lufttransport<\/li>\n<li>Tullklarering<\/li>\n<li>F\u00f6rs\u00e4kring<\/li>\n<li>F\u00f6rvaringsutrymmen<\/li>\n<\/ul>\n<p>Servimex \u00e4r en <a href=\"https:\/\/moverdb.com\/sv\/moving-companies\/\" data-internallinksmanager029f6b8e52c=\"79\" title=\"Topp 25 internationella flyttfirmor p\u00e5 n\u00e4tet\">flyttfirma<\/a> som grundades 1979 och har sitt s\u00e4te i Asuncion. De \u00e4r medlemmar i IAM med 44 \u00e5rs erfarenhet och \u00e4r ackrediterade av FIDI, vilket ger dem tillg\u00e5ng till ett internationellt n\u00e4tverk av flyttfirmor.<\/p>\n<p>Servimex erbjuder en f\u00f6rpackningstj\u00e4nst f\u00f6r hush\u00e5llsvaror och konstverk som f\u00f6rpackas i industriella f\u00f6rpackningar f\u00f6r att skydda dem under transporten. De erbjuder multimodala transportl\u00f6sningar, inklusive v\u00e4g-, sj\u00f6- och lufttransport med hj\u00e4lp av containrar, och de hj\u00e4lper till med tullklarering av export och import. De erbjuder flyttj\u00e4nster som inkluderar invandring, orientering, hj\u00e4lp med bos\u00e4ttning, hus- och skols\u00f6kning och hj\u00e4lp vid avresa.<\/p>\n<p>Webbplats: <a href=\"http:\/\/www.servimex.com.py\" target=\"_blank\" rel=\"noopener\">http:\/\/www.servimex.com.py<\/a><\/p>\n<h2><strong>2. Benkovics<\/strong><\/h2>\n<p><img loading=\"lazy\" decoding=\"async\" class=\"alignnone size-full wp-image-8766\" src=\"https:\/\/moverdb.com\/wp-content\/uploads\/Benkovics-international-moving-company.png\" alt=\"Benkovics internationella flyttfirma\" width=\"1440\" height=\"679\" data-wp-pid=\"8766\" srcset=\"https:\/\/moverdb.com\/wp-content\/uploads\/Benkovics-international-moving-company.png 1440w, https:\/\/moverdb.com\/wp-content\/uploads\/Benkovics-international-moving-company-300x141.png 300w, https:\/\/moverdb.com\/wp-content\/uploads\/Benkovics-international-moving-company-1024x483.png 1024w, https:\/\/moverdb.com\/wp-content\/uploads\/Benkovics-international-moving-company-18x8.png 18w, https:\/\/moverdb.com\/wp-content\/uploads\/Benkovics-international-moving-company-600x283.png 600w\" sizes=\"auto, (max-width: 1440px) 100vw, 1440px\" \/><\/p>\n<ul>\n<li>Nationella flyttningar<\/li>\n<li>Internationella flyttningar<\/li>\n<li>Flyttning av hush\u00e5ll<\/li>\n<li>Unders\u00f6kning f\u00f6re flytten<\/li>\n<li>V\u00e4gledning f\u00f6r flyttning<\/li>\n<li>F\u00f6rpackningstj\u00e4nst<\/li>\n<li>Land-, luft- och sj\u00f6transporter<\/li>\n<li>Exportklarering<\/li>\n<li>F\u00f6rs\u00e4kring<\/li>\n<li>Kort- och l\u00e5ngtidsf\u00f6rvaring<\/li>\n<\/ul>\n<p>Benkovics \u00e4r en flyttfirma med s\u00e4te i Asuncion. De samarbetar med internationellt ackrediterade flyttfirmor \u00f6ver hela v\u00e4rlden f\u00f6r att leverera sina tj\u00e4nster internationellt. De \u00e4r medlemmar i IAM med 64 \u00e5rs erfarenhet.<\/p>\n<p>Benkovics erbjuder en unders\u00f6kning f\u00f6re flytten f\u00f6r att bed\u00f6ma omfattningen av dina flyttbehov och ge dig en uppskattning. De tillhandah\u00e5ller en f\u00f6rpackningstj\u00e4nst som anv\u00e4nder f\u00f6rpackningsmaterial av b\u00e4sta kvalitet, inklusive tr\u00e4skelett och starka l\u00e5dor f\u00f6r att skydda dina tillh\u00f6righeter. Deras logistikexperter ordnar transport p\u00e5 v\u00e4g, med flyg eller till sj\u00f6ss och hj\u00e4lper till med exportklarering. Vid ankomsten packar de upp och tar bort allt avfallsmaterial.<\/p>\n<p>Webbplats: <a href=\"http:\/\/www.benkovics.com.py\" target=\"_blank\" rel=\"noopener\">http:\/\/www.benkovics.com.py<\/a><\/p>\n<h2><strong>3. Asuncion Vanpack<\/strong><\/h2>\n<p><img loading=\"lazy\" decoding=\"async\" class=\"alignnone size-full wp-image-8761\" src=\"https:\/\/moverdb.com\/wp-content\/uploads\/Asuncion-Vanpack-international-moving-company.png\" alt=\"Asuncion Vanpack internationell flyttfirma\" width=\"1440\" height=\"677\" data-wp-pid=\"8761\" srcset=\"https:\/\/moverdb.com\/wp-content\/uploads\/Asuncion-Vanpack-international-moving-company.png 1440w, https:\/\/moverdb.com\/wp-content\/uploads\/Asuncion-Vanpack-international-moving-company-300x141.png 300w, https:\/\/moverdb.com\/wp-content\/uploads\/Asuncion-Vanpack-international-moving-company-1024x481.png 1024w, https:\/\/moverdb.com\/wp-content\/uploads\/Asuncion-Vanpack-international-moving-company-18x8.png 18w, https:\/\/moverdb.com\/wp-content\/uploads\/Asuncion-Vanpack-international-moving-company-600x282.png 600w\" sizes=\"auto, (max-width: 1440px) 100vw, 1440px\" \/><\/p>\n<ul>\n<li>Nationella flyttningar<\/li>\n<li>Internationella flyttar<\/li>\n<li>Hush\u00e5llsflyttar<\/li>\n<li>Unders\u00f6kning i hemmet<\/li>\n<li>F\u00f6rpackningstj\u00e4nst<\/li>\n<li>Specialiserade f\u00f6rpackningar<\/li>\n<li>Arrangemang av transporter<\/li>\n<li>F\u00f6rs\u00e4kring<\/li>\n<li>Hantering av filer<\/li>\n<li>F\u00f6rvaringsutrymmen<\/li>\n<\/ul>\n<p>Asuncion Vanpack \u00e4r ett transport- och logistikf\u00f6retag med mer \u00e4n 30 \u00e5rs erfarenhet och \u00e4r baserat i Asuncion. De \u00e4r medlemmar i IAM med 35 \u00e5rs erfarenhet, vilket ger dem tillg\u00e5ng till ett internationellt n\u00e4tverk av flyttfirmor f\u00f6r att st\u00f6dja dem utanf\u00f6r Paraguay.<\/p>\n<p>Asuncion Vanpack genomf\u00f6r en unders\u00f6kning f\u00f6r att fastst\u00e4lla volymen av din flytt f\u00f6r att rekommendera de b\u00e4sta alternativen f\u00f6r din flytt och sammanst\u00e4lla en offert. De erbjuder en f\u00f6rpackningstj\u00e4nst som tillhandah\u00e5ller det b\u00e4sta f\u00f6rpackningsmaterialet f\u00f6r att skydda dina f\u00f6rem\u00e5l under transporten och de anv\u00e4nder specifik f\u00f6rpackningsdesign f\u00f6r varje f\u00f6rem\u00e5l och har snickeri f\u00f6r specialiserade behov.<\/p>\n<p>Webbplats: <a href=\"http:\/\/www.asuncionvanpack.com\" target=\"_blank\" rel=\"noopener\">http:\/\/www.asuncionvanpack.com<\/a><\/p>","protected":false},"excerpt":{"rendered":"<p>Are you planning a move within, to or from Paraguay? If you need help with packing and organising your move especially if you are moving countries and need to complete import\/export paperwork. Below we have compiled a list of Paraguay based removal companies that are members of the International Association of Movers (IAM) and\/or FIDI [&hellip;]<\/p>\n","protected":false},"author":4,"featured_media":0,"parent":190,"menu_order":0,"comment_status":"closed","ping_status":"closed","template":"","meta":{"_genesis_hide_title":false,"_genesis_hide_breadcrumbs":false,"_genesis_hide_singular_image":false,"_genesis_hide_footer_widgets":false,"_genesis_custom_body_class":"","_genesis_custom_post_class":"","_genesis_layout":"","footnotes":""},"class_list":{"0":"post-8906","1":"page","2":"type-page","3":"status-publish","5":"entry","6":"has-post-thumbnail"},"_links":{"self":[{"href":"https:\/\/moverdb.com\/sv\/wp-json\/wp\/v2\/pages\/8906","targetHints":{"allow":["GET"]}}],"collection":[{"href":"https:\/\/moverdb.com\/sv\/wp-json\/wp\/v2\/pages"}],"about":[{"href":"https:\/\/moverdb.com\/sv\/wp-json\/wp\/v2\/types\/page"}],"author":[{"embeddable":true,"href":"https:\/\/moverdb.com\/sv\/wp-json\/wp\/v2\/users\/4"}],"replies":[{"embeddable":true,"href":"https:\/\/moverdb.com\/sv\/wp-json\/wp\/v2\/comments?post=8906"}],"version-history":[{"count":1,"href":"https:\/\/moverdb.com\/sv\/wp-json\/wp\/v2\/pages\/8906\/revisions"}],"predecessor-version":[{"id":8907,"href":"https:\/\/moverdb.com\/sv\/wp-json\/wp\/v2\/pages\/8906\/revisions\/8907"}],"up":[{"embeddable":true,"href":"https:\/\/moverdb.com\/sv\/wp-json\/wp\/v2\/pages\/190"}],"wp:attachment":[{"href":"https:\/\/moverdb.com\/sv\/wp-json\/wp\/v2\/media?parent=8906"}],"curies":[{"name":"wp","href":"https:\/\/api.w.org\/{rel}","templated":true}]}}